{"id":5815,"date":"2025-03-24T03:18:04","date_gmt":"2025-03-24T03:18:04","guid":{"rendered":"https:\/\/vapingnet.de\/?post_type=product&#038;p=5815"},"modified":"2026-01-25T09:13:37","modified_gmt":"2026-01-25T09:13:37","slug":"geniessen-sie-bang-king-50000-puffs-red-bull-and-strawberry-banana-doppelt-fruchtig-fuer-intensiven-geschmack","status":"publish","type":"product","link":"https:\/\/vapingnet.de\/fr\/vape\/geniessen-sie-bang-king-50000-puffs-red-bull-and-strawberry-banana-doppelt-fruchtig-fuer-intensiven-geschmack\/","title":{"rendered":"Profitez de Bang King 50000 Bouff\u00e9es Red Bull et Fraise Banane, doublement fruit\u00e9 pour un go\u00fbt intense"},"content":{"rendered":"<h2 data-start=\"0\" data-end=\"62\">D\u00e9couvrez la cigarette \u00e9lectronique jetable Bang King 50000 bouff\u00e9es<\/h2>\n<p class=\"\" data-start=\"64\" data-end=\"398\">Le Bang King 50000 bouff\u00e9es est une cigarette \u00e9lectronique jetable de haute qualit\u00e9, sp\u00e9cialement con\u00e7ue pour les amateurs de e-cigarettes. Avec un nombre de bouff\u00e9es extr\u00eamement \u00e9lev\u00e9, une longue dur\u00e9e de batterie et des saveurs riches, cet appareil offre une exp\u00e9rience in\u00e9gal\u00e9e. Tant le go\u00fbt que l'exp\u00e9rience utilisateur d\u00e9passent vos attentes.<\/p>\n<h4 data-start=\"405\" data-end=\"448\">Dur\u00e9e d'utilisation in\u00e9gal\u00e9e et longue<\/h4>\n<ul data-start=\"450\" data-end=\"811\">\n<li class=\"\" data-start=\"450\" data-end=\"631\">\n<p class=\"\" data-start=\"452\" data-end=\"631\">Jusqu'\u00e0 50000 bouff\u00e9es : vous n'avez pas besoin de changer fr\u00e9quemment l'appareil, car le Bang King 50000 bouff\u00e9es est con\u00e7u pour une utilisation prolong\u00e9e \u2013 parfait pour les utilisateurs \u00e0 forte consommation.<\/p>\n<\/li>\n<li class=\"\" data-start=\"633\" data-end=\"811\">\n<p class=\"\" data-start=\"635\" data-end=\"811\">Volume de e-liquide de 50 ml : chaque bouff\u00e9e est savoureuse, avec une capacit\u00e9 de 50 ml de e-liquide, ce qui prolonge consid\u00e9rablement l'utilisation et r\u00e9duit la besoin de recharges fr\u00e9quentes.<\/p>\n<\/li>\n<\/ul>\n<h4 data-start=\"818\" data-end=\"874\">Technologie de vaporisation haut de gamme et saveurs doubles<\/h4>\n<ul data-start=\"876\" data-end=\"1289\">\n<li class=\"\" data-start=\"876\" data-end=\"1042\">\n<p class=\"\" data-start=\"878\" data-end=\"1042\">R\u00e9sistance Mesh 1,0\u03a9 : avec la technologie Mesh, la r\u00e9sistance en mesh 1,0\u03a9 assure une vapeur uniforme et un go\u00fbt plus intense, rendant chaque bouff\u00e9e plus douce et aromatique.<\/p>\n<\/li>\n<li class=\"\" data-start=\"1044\" data-end=\"1289\">\n<p class=\"\" data-start=\"1046\" data-end=\"1289\">Saveurs doubles Red Bull et Banane Fraise : une combinaison unique du go\u00fbt rafra\u00eechissant de Red Bull et du go\u00fbt sucr\u00e9 de la banane fraise, offrant une exp\u00e9rience gustative in\u00e9gal\u00e9e et une fra\u00eecheur vari\u00e9e.<\/p>\n<\/li>\n<\/ul>\n<h4 data-start=\"1296\" data-end=\"1334\">Fonctionnalit\u00e9s compl\u00e8tes<\/h4>\n<ul data-start=\"1336\" data-end=\"1887\">\n<li class=\"\" data-start=\"1336\" data-end=\"1528\">\n<p class=\"\" data-start=\"1338\" data-end=\"1528\">\u00c9cran LCD : suivez en temps r\u00e9el la capacit\u00e9 restante de la batterie et le nombre de bouff\u00e9es. Ainsi, vous gardez toujours le contr\u00f4le de l'\u00e9tat de l'appareil et \u00e9vitez les pannes soudaines.<\/p>\n<\/li>\n<li class=\"\" data-start=\"1530\" data-end=\"1724\">\n<p class=\"\" data-start=\"1532\" data-end=\"1724\">Batterie rechargeable de 850mAh : la batterie supporte une charge rapide via le port Type-C et garantit une longue dur\u00e9e de vie. Id\u00e9al pour les utilisateurs qui utilisent leur appareil r\u00e9guli\u00e8rement.<\/p>\n<\/li>\n<li class=\"\" data-start=\"1726\" data-end=\"1887\">\n<p class=\"\" data-start=\"1728\" data-end=\"1887\">Diff\u00e9rentes concentrations de nicotine : choisissez entre les concentrations 0%, 2%, 3% et 5% pour trouver l'intensit\u00e9 qui vous convient \u2013 de l\u00e9ger \u00e0 fort.<\/p>\n<\/li>\n<\/ul>\n<h3>Informations d'achat<\/h3>\n<ul data-start=\"1919\" data-end=\"2316\">\n<li class=\"\" data-start=\"1919\" data-end=\"2027\">\n<p class=\"\" data-start=\"1921\" data-end=\"2027\">Sans douane : toutes les commandes sont exemptes de frais de douane, sans co\u00fbts suppl\u00e9mentaires.<\/p>\n<\/li>\n<li class=\"\" data-start=\"2028\" data-end=\"2182\">\n<p class=\"\" data-start=\"2030\" data-end=\"2182\">D\u00e9lai d'exp\u00e9dition : le d\u00e9lai d'exp\u00e9dition estim\u00e9 est de 7 \u00e0 15 jours ouvrables, l'exp\u00e9dition se fait par fret a\u00e9rien, pour que votre commande vous parvienne rapidement.<\/p>\n<\/li>\n<li class=\"\" data-start=\"2183\" data-end=\"2316\">\n<p class=\"\" data-start=\"2185\" data-end=\"2316\">Acheter maintenant : <a href=\"https:\/\/vapingnet.de\/fr\/\" target=\"_new\" rel=\"noopener\" data-start=\"2203\" data-end=\"2273\">Cliquez ici pour visiter vapingnet.fr<\/a> et acheter votre Bang King 50000 bouff\u00e9es.<\/p>\n<\/li>\n<\/ul>\n<p class=\"\" data-start=\"2323\" data-end=\"2536\">Le Bang King 50000 bouff\u00e9es est plus qu'une simple cigarette \u00e9lectronique jetable \u2013 il offre une nouvelle exp\u00e9rience pour les utilisateurs de e-cigarettes. Choisissez ce produit et profitez de vos sessions de vapotage plus longues et plus intenses !<\/p>","protected":false},"excerpt":{"rendered":"<p>Entdecken Sie den Bang King 50000 Puffs Einweg E-Zigarette Der Bang King 50000 Puffs ist eine hochwertige Einweg-E-Zigarette, die speziell f\u00fcr E-Zigaretten-Liebhaber entwickelt wurde. Mit&#8230;<\/p>","protected":false},"featured_media":5822,"template":"","meta":[],"etheme_brands":[],"product_brand":[101],"product_cat":[67,49,61,87],"product_tag":[],"class_list":{"0":"post-5815","1":"product","2":"type-product","3":"status-publish","4":"has-post-thumbnail","6":"product_brand-bang-king-vape","7":"product_cat-50k-vape","8":"product_cat-einweg-e-zigarette","9":"product_cat-f","10":"product_cat-v","12":"first","13":"instock","14":"shipping-taxable","15":"purchasable","16":"product-type-simple"},"yoast_head":"<!-- This site is optimized with the Yoast SEO plugin v26.5 - https:\/\/yoast.com\/wordpress\/plugins\/seo\/ -->\n<title>Genie\u00dfen Sie Bang King 50000 Puffs Red Bull and Strawberry Banana doppelt fruchtig f\u00fcr intensiven Geschmack | Vapingnet.de<\/title>\n<meta name=\"description\" content=\"Entdecke Genie\u00dfen Sie Bang King 50000 Puffs Red Bull and Strawberry Banana doppelt fruchtig f\u00fcr intensiven Geschmack bei vapingnet.de, \u25ba Gro\u00dfe Auswahl an Geschmacksrichtungen &amp; super g\u00fcnstig!\" \/>\n<meta name=\"robots\" content=\"index, follow, max-snippet:-1, max-image-preview:large, max-video-preview:-1\" \/>\n<link rel=\"canonical\" href=\"https:\/\/vapingnet.de\/fr\/vape\/geniessen-sie-bang-king-50000-puffs-red-bull-and-strawberry-banana-doppelt-fruchtig-fuer-intensiven-geschmack\/\" \/>\n<meta property=\"og:locale\" content=\"fr_FR\" \/>\n<meta property=\"og:type\" content=\"article\" \/>\n<meta property=\"og:title\" content=\"Genie\u00dfen Sie Bang King 50000 Puffs Red Bull and Strawberry Banana doppelt fruchtig f\u00fcr intensiven Geschmack | Vapingnet.de\" \/>\n<meta property=\"og:description\" content=\"Entdecke Genie\u00dfen Sie Bang King 50000 Puffs Red Bull and Strawberry Banana doppelt fruchtig f\u00fcr intensiven Geschmack bei vapingnet.de, \u25ba Gro\u00dfe Auswahl an Geschmacksrichtungen &amp; super g\u00fcnstig!\" \/>\n<meta property=\"og:url\" content=\"https:\/\/vapingnet.de\/fr\/vape\/geniessen-sie-bang-king-50000-puffs-red-bull-and-strawberry-banana-doppelt-fruchtig-fuer-intensiven-geschmack\/\" \/>\n<meta property=\"og:site_name\" content=\"Vapingnet.de\" \/>\n<meta property=\"article:publisher\" content=\"https:\/\/www.facebook.com\/vapingnetde\/\" \/>\n<meta property=\"article:modified_time\" content=\"2026-01-25T09:13:37+00:00\" \/>\n<meta property=\"og:image\" content=\"https:\/\/vapingnet.de\/wp-content\/uploads\/2025\/03\/bang50k-red-bull-und-strawberry-banana.png\" \/>\n\t<meta property=\"og:image:width\" content=\"1000\" \/>\n\t<meta property=\"og:image:height\" content=\"1000\" \/>\n\t<meta property=\"og:image:type\" content=\"image\/png\" \/>\n<meta name=\"twitter:card\" content=\"summary_large_image\" \/>\n<meta name=\"twitter:label1\" content=\"Dur\u00e9e de lecture estim\u00e9e\" \/>\n\t<meta name=\"twitter:data1\" content=\"2 minutes\" \/>\n<script type=\"application\/ld+json\" class=\"yoast-schema-graph\">{\"@context\":\"https:\/\/schema.org\",\"@graph\":[{\"@type\":\"WebPage\",\"@id\":\"https:\/\/vapingnet.de\/vape\/geniessen-sie-bang-king-50000-puffs-red-bull-and-strawberry-banana-doppelt-fruchtig-fuer-intensiven-geschmack\/\",\"url\":\"https:\/\/vapingnet.de\/vape\/geniessen-sie-bang-king-50000-puffs-red-bull-and-strawberry-banana-doppelt-fruchtig-fuer-intensiven-geschmack\/\",\"name\":\"Genie\u00dfen Sie Bang King 50000 Puffs Red Bull and Strawberry Banana doppelt fruchtig f\u00fcr intensiven Geschmack | Vapingnet.de\",\"isPartOf\":{\"@id\":\"https:\/\/vapingnet.de\/#website\"},\"primaryImageOfPage\":{\"@id\":\"https:\/\/vapingnet.de\/vape\/geniessen-sie-bang-king-50000-puffs-red-bull-and-strawberry-banana-doppelt-fruchtig-fuer-intensiven-geschmack\/#primaryimage\"},\"image\":{\"@id\":\"https:\/\/vapingnet.de\/vape\/geniessen-sie-bang-king-50000-puffs-red-bull-and-strawberry-banana-doppelt-fruchtig-fuer-intensiven-geschmack\/#primaryimage\"},\"thumbnailUrl\":\"https:\/\/vapingnet.de\/wp-content\/uploads\/2025\/03\/bang50k-red-bull-und-strawberry-banana.png\",\"datePublished\":\"2025-03-24T03:18:04+00:00\",\"dateModified\":\"2026-01-25T09:13:37+00:00\",\"description\":\"Entdecke Genie\u00dfen Sie Bang King 50000 Puffs Red Bull and Strawberry Banana doppelt fruchtig f\u00fcr intensiven Geschmack bei vapingnet.de, \u25ba Gro\u00dfe Auswahl an Geschmacksrichtungen & super g\u00fcnstig!\",\"breadcrumb\":{\"@id\":\"https:\/\/vapingnet.de\/vape\/geniessen-sie-bang-king-50000-puffs-red-bull-and-strawberry-banana-doppelt-fruchtig-fuer-intensiven-geschmack\/#breadcrumb\"},\"inLanguage\":\"fr-FR\",\"potentialAction\":[{\"@type\":\"ReadAction\",\"target\":[\"https:\/\/vapingnet.de\/vape\/geniessen-sie-bang-king-50000-puffs-red-bull-and-strawberry-banana-doppelt-fruchtig-fuer-intensiven-geschmack\/\"]}]},{\"@type\":\"ImageObject\",\"inLanguage\":\"fr-FR\",\"@id\":\"https:\/\/vapingnet.de\/vape\/geniessen-sie-bang-king-50000-puffs-red-bull-and-strawberry-banana-doppelt-fruchtig-fuer-intensiven-geschmack\/#primaryimage\",\"url\":\"https:\/\/vapingnet.de\/wp-content\/uploads\/2025\/03\/bang50k-red-bull-und-strawberry-banana.png\",\"contentUrl\":\"https:\/\/vapingnet.de\/wp-content\/uploads\/2025\/03\/bang50k-red-bull-und-strawberry-banana.png\",\"width\":1000,\"height\":1000,\"caption\":\"bang50k-red bull und strawberry banana\"},{\"@type\":\"BreadcrumbList\",\"@id\":\"https:\/\/vapingnet.de\/vape\/geniessen-sie-bang-king-50000-puffs-red-bull-and-strawberry-banana-doppelt-fruchtig-fuer-intensiven-geschmack\/#breadcrumb\",\"itemListElement\":[{\"@type\":\"ListItem\",\"position\":1,\"name\":\"Home\",\"item\":\"https:\/\/vapingnet.de\/\"},{\"@type\":\"ListItem\",\"position\":2,\"name\":\"Shop\",\"item\":\"https:\/\/vapingnet.de\/vape\/\"},{\"@type\":\"ListItem\",\"position\":3,\"name\":\"Genie\u00dfen Sie Bang King 50000 Puffs Red Bull and Strawberry Banana doppelt fruchtig f\u00fcr intensiven Geschmack\"}]},{\"@type\":\"WebSite\",\"@id\":\"https:\/\/vapingnet.de\/#website\",\"url\":\"https:\/\/vapingnet.de\/\",\"name\":\"Vapingnet.de\",\"description\":\"\",\"publisher\":{\"@id\":\"https:\/\/vapingnet.de\/#organization\"},\"potentialAction\":[{\"@type\":\"SearchAction\",\"target\":{\"@type\":\"EntryPoint\",\"urlTemplate\":\"https:\/\/vapingnet.de\/?s={search_term_string}\"},\"query-input\":{\"@type\":\"PropertyValueSpecification\",\"valueRequired\":true,\"valueName\":\"search_term_string\"}}],\"inLanguage\":\"fr-FR\"},{\"@type\":\"Organization\",\"@id\":\"https:\/\/vapingnet.de\/#organization\",\"name\":\"Vapingnet.de\",\"url\":\"https:\/\/vapingnet.de\/\",\"logo\":{\"@type\":\"ImageObject\",\"inLanguage\":\"fr-FR\",\"@id\":\"https:\/\/vapingnet.de\/#\/schema\/logo\/image\/\",\"url\":\"https:\/\/vapingnet.de\/wp-content\/uploads\/2025\/03\/cropped-vapingnet.de_.jpg\",\"contentUrl\":\"https:\/\/vapingnet.de\/wp-content\/uploads\/2025\/03\/cropped-vapingnet.de_.jpg\",\"width\":512,\"height\":512,\"caption\":\"Vapingnet.de\"},\"image\":{\"@id\":\"https:\/\/vapingnet.de\/#\/schema\/logo\/image\/\"},\"sameAs\":[\"https:\/\/www.facebook.com\/vapingnetde\/\"]}]}<\/script>\n<!-- \/ Yoast SEO plugin. -->","yoast_head_json":{"title":"Genie\u00dfen Sie Bang King 50000 Puffs Red Bull and Strawberry Banana doppelt fruchtig f\u00fcr intensiven Geschmack | Vapingnet.de","description":"Entdecke Genie\u00dfen Sie Bang King 50000 Puffs Red Bull and Strawberry Banana doppelt fruchtig f\u00fcr intensiven Geschmack bei vapingnet.de, \u25ba Gro\u00dfe Auswahl an Geschmacksrichtungen & super g\u00fcnstig!","robots":{"index":"index","follow":"follow","max-snippet":"max-snippet:-1","max-image-preview":"max-image-preview:large","max-video-preview":"max-video-preview:-1"},"canonical":"https:\/\/vapingnet.de\/fr\/vape\/geniessen-sie-bang-king-50000-puffs-red-bull-and-strawberry-banana-doppelt-fruchtig-fuer-intensiven-geschmack\/","og_locale":"fr_FR","og_type":"article","og_title":"Genie\u00dfen Sie Bang King 50000 Puffs Red Bull and Strawberry Banana doppelt fruchtig f\u00fcr intensiven Geschmack | Vapingnet.de","og_description":"Entdecke Genie\u00dfen Sie Bang King 50000 Puffs Red Bull and Strawberry Banana doppelt fruchtig f\u00fcr intensiven Geschmack bei vapingnet.de, \u25ba Gro\u00dfe Auswahl an Geschmacksrichtungen & super g\u00fcnstig!","og_url":"https:\/\/vapingnet.de\/fr\/vape\/geniessen-sie-bang-king-50000-puffs-red-bull-and-strawberry-banana-doppelt-fruchtig-fuer-intensiven-geschmack\/","og_site_name":"Vapingnet.de","article_publisher":"https:\/\/www.facebook.com\/vapingnetde\/","article_modified_time":"2026-01-25T09:13:37+00:00","og_image":[{"width":1000,"height":1000,"url":"https:\/\/vapingnet.de\/wp-content\/uploads\/2025\/03\/bang50k-red-bull-und-strawberry-banana.png","type":"image\/png"}],"twitter_card":"summary_large_image","twitter_misc":{"Dur\u00e9e de lecture estim\u00e9e":"2 minutes"},"schema":{"@context":"https:\/\/schema.org","@graph":[{"@type":"WebPage","@id":"https:\/\/vapingnet.de\/vape\/geniessen-sie-bang-king-50000-puffs-red-bull-and-strawberry-banana-doppelt-fruchtig-fuer-intensiven-geschmack\/","url":"https:\/\/vapingnet.de\/vape\/geniessen-sie-bang-king-50000-puffs-red-bull-and-strawberry-banana-doppelt-fruchtig-fuer-intensiven-geschmack\/","name":"Genie\u00dfen Sie Bang King 50000 Puffs Red Bull and Strawberry Banana doppelt fruchtig f\u00fcr intensiven Geschmack | Vapingnet.de","isPartOf":{"@id":"https:\/\/vapingnet.de\/#website"},"primaryImageOfPage":{"@id":"https:\/\/vapingnet.de\/vape\/geniessen-sie-bang-king-50000-puffs-red-bull-and-strawberry-banana-doppelt-fruchtig-fuer-intensiven-geschmack\/#primaryimage"},"image":{"@id":"https:\/\/vapingnet.de\/vape\/geniessen-sie-bang-king-50000-puffs-red-bull-and-strawberry-banana-doppelt-fruchtig-fuer-intensiven-geschmack\/#primaryimage"},"thumbnailUrl":"https:\/\/vapingnet.de\/wp-content\/uploads\/2025\/03\/bang50k-red-bull-und-strawberry-banana.png","datePublished":"2025-03-24T03:18:04+00:00","dateModified":"2026-01-25T09:13:37+00:00","description":"Entdecke Genie\u00dfen Sie Bang King 50000 Puffs Red Bull and Strawberry Banana doppelt fruchtig f\u00fcr intensiven Geschmack bei vapingnet.de, \u25ba Gro\u00dfe Auswahl an Geschmacksrichtungen & super g\u00fcnstig!","breadcrumb":{"@id":"https:\/\/vapingnet.de\/vape\/geniessen-sie-bang-king-50000-puffs-red-bull-and-strawberry-banana-doppelt-fruchtig-fuer-intensiven-geschmack\/#breadcrumb"},"inLanguage":"fr-FR","potentialAction":[{"@type":"ReadAction","target":["https:\/\/vapingnet.de\/vape\/geniessen-sie-bang-king-50000-puffs-red-bull-and-strawberry-banana-doppelt-fruchtig-fuer-intensiven-geschmack\/"]}]},{"@type":"ImageObject","inLanguage":"fr-FR","@id":"https:\/\/vapingnet.de\/vape\/geniessen-sie-bang-king-50000-puffs-red-bull-and-strawberry-banana-doppelt-fruchtig-fuer-intensiven-geschmack\/#primaryimage","url":"https:\/\/vapingnet.de\/wp-content\/uploads\/2025\/03\/bang50k-red-bull-und-strawberry-banana.png","contentUrl":"https:\/\/vapingnet.de\/wp-content\/uploads\/2025\/03\/bang50k-red-bull-und-strawberry-banana.png","width":1000,"height":1000,"caption":"bang50k-red bull und strawberry banana"},{"@type":"BreadcrumbList","@id":"https:\/\/vapingnet.de\/vape\/geniessen-sie-bang-king-50000-puffs-red-bull-and-strawberry-banana-doppelt-fruchtig-fuer-intensiven-geschmack\/#breadcrumb","itemListElement":[{"@type":"ListItem","position":1,"name":"Home","item":"https:\/\/vapingnet.de\/"},{"@type":"ListItem","position":2,"name":"Shop","item":"https:\/\/vapingnet.de\/vape\/"},{"@type":"ListItem","position":3,"name":"Genie\u00dfen Sie Bang King 50000 Puffs Red Bull and Strawberry Banana doppelt fruchtig f\u00fcr intensiven Geschmack"}]},{"@type":"WebSite","@id":"https:\/\/vapingnet.de\/#website","url":"https:\/\/vapingnet.de\/","name":"Vapingnet.de","description":"","publisher":{"@id":"https:\/\/vapingnet.de\/#organization"},"potentialAction":[{"@type":"SearchAction","target":{"@type":"EntryPoint","urlTemplate":"https:\/\/vapingnet.de\/?s={search_term_string}"},"query-input":{"@type":"PropertyValueSpecification","valueRequired":true,"valueName":"search_term_string"}}],"inLanguage":"fr-FR"},{"@type":"Organization","@id":"https:\/\/vapingnet.de\/#organization","name":"Vapingnet.de","url":"https:\/\/vapingnet.de\/","logo":{"@type":"ImageObject","inLanguage":"fr-FR","@id":"https:\/\/vapingnet.de\/#\/schema\/logo\/image\/","url":"https:\/\/vapingnet.de\/wp-content\/uploads\/2025\/03\/cropped-vapingnet.de_.jpg","contentUrl":"https:\/\/vapingnet.de\/wp-content\/uploads\/2025\/03\/cropped-vapingnet.de_.jpg","width":512,"height":512,"caption":"Vapingnet.de"},"image":{"@id":"https:\/\/vapingnet.de\/#\/schema\/logo\/image\/"},"sameAs":["https:\/\/www.facebook.com\/vapingnetde\/"]}]}},"tiered_pricing_type":"fixed","tiered_pricing_fixed_rules":{"10":"12.44","60":"11.96","110":"10.63","200":"9.3"},"tiered_pricing_product_settings":{"layout":"default","base_unit_name":{"singular":null,"plural":null},"default_variation":null},"tiered_pricing_minimum_quantity":null,"tiered_pricing_roles_data":[],"tiered_pricing_percentage_rules":[],"_links":{"self":[{"href":"https:\/\/vapingnet.de\/fr\/wp-json\/wp\/v2\/product\/5815","targetHints":{"allow":["GET"]}}],"collection":[{"href":"https:\/\/vapingnet.de\/fr\/wp-json\/wp\/v2\/product"}],"about":[{"href":"https:\/\/vapingnet.de\/fr\/wp-json\/wp\/v2\/types\/product"}],"version-history":[{"count":3,"href":"https:\/\/vapingnet.de\/fr\/wp-json\/wp\/v2\/product\/5815\/revisions"}],"predecessor-version":[{"id":7543,"href":"https:\/\/vapingnet.de\/fr\/wp-json\/wp\/v2\/product\/5815\/revisions\/7543"}],"wp:featuredmedia":[{"embeddable":true,"href":"https:\/\/vapingnet.de\/fr\/wp-json\/wp\/v2\/media\/5822"}],"wp:attachment":[{"href":"https:\/\/vapingnet.de\/fr\/wp-json\/wp\/v2\/media?parent=5815"}],"wp:term":[{"taxonomy":"brand","embeddable":true,"href":"https:\/\/vapingnet.de\/fr\/wp-json\/wp\/v2\/etheme_brands?post=5815"},{"taxonomy":"product_brand","embeddable":true,"href":"https:\/\/vapingnet.de\/fr\/wp-json\/wp\/v2\/product_brand?post=5815"},{"taxonomy":"product_cat","embeddable":true,"href":"https:\/\/vapingnet.de\/fr\/wp-json\/wp\/v2\/product_cat?post=5815"},{"taxonomy":"product_tag","embeddable":true,"href":"https:\/\/vapingnet.de\/fr\/wp-json\/wp\/v2\/product_tag?post=5815"}],"curies":[{"name":"wp","href":"https:\/\/api.w.org\/{rel}","templated":true}]}}