{"id":5840,"date":"2025-03-24T06:01:04","date_gmt":"2025-03-24T06:01:04","guid":{"rendered":"https:\/\/vapingnet.de\/?post_type=product&#038;p=5840"},"modified":"2026-01-25T09:10:59","modified_gmt":"2026-01-25T09:10:59","slug":"bang-king-50000-puffs-doppelte-geschmackskraft-aus-strawberry-watermelon-und-black-dragon-ice-spare-jetzt-bei-deinem-kauf","status":"publish","type":"product","link":"https:\/\/vapingnet.de\/fr\/vape\/bang-king-50000-puffs-doppelte-geschmackskraft-aus-strawberry-watermelon-und-black-dragon-ice-spare-jetzt-bei-deinem-kauf\/","title":{"rendered":"Bang King 50000 Bouff\u00e9es Double puissance de saveur de Fraise Past\u00e8que et Dragon Noir Glac\u00e9. \u00c9conomisez maintenant lors de votre achat"},"content":{"rendered":"<h2 data-start=\"56\" data-end=\"103\">Bang King 50000 bouff\u00e9es Cigarette \u00c9lectronique Jetable<\/h2>\n<p class=\"\" data-start=\"105\" data-end=\"425\">Dans le monde des cigarettes \u00e9lectroniques, la Bang King 50000 bouff\u00e9es Cigarette \u00c9lectronique Jetable s'est impos\u00e9e comme un choix privil\u00e9gi\u00e9 pour de nombreux vapoteurs gr\u00e2ce \u00e0 sa technologie exceptionnelle et \u00e0 sa dur\u00e9e de vie extraordinairement longue. Son design unique allie haute performance et style, offrant une exp\u00e9rience de vapotage in\u00e9gal\u00e9e.<\/p>\n<h4 class=\"\" data-start=\"432\" data-end=\"453\">Avantages principaux<\/h4>\n<ol data-start=\"455\" data-end=\"1455\">\n<li class=\"\" data-start=\"455\" data-end=\"859\">\n<p class=\"\" data-start=\"458\" data-end=\"497\">Tr\u00e8s longue dur\u00e9e de vie : 50000 bouff\u00e9es<\/p>\n<p class=\"\" data-start=\"502\" data-end=\"859\">Profitez d'un plaisir durable avec la cigarette \u00e9lectronique jetable Bang King, offrant jusqu'\u00e0 50000 bouff\u00e9es \u2013 bien au-del\u00e0 de ce que proposent de nombreuses autres cigarettes \u00e9lectroniques jetables sur le march\u00e9. Cela signifie que vous pouvez profiter d'une exp\u00e9rience de vapotage prolong\u00e9e sans avoir \u00e0 changer constamment de cigarette, tout en continuant \u00e0 b\u00e9n\u00e9ficier d'une exp\u00e9rience de vapotage de premier ordre.<\/p>\n<\/li>\n<li class=\"\" data-start=\"861\" data-end=\"1156\">\n<p class=\"\" data-start=\"864\" data-end=\"906\">Technologie avanc\u00e9e de coil en mesh<\/p>\n<p class=\"\" data-start=\"911\" data-end=\"1156\">\u00c9quip\u00e9e d'un coil en mesh de 1.0\u03a9, cette technologie garantit que chaque bouff\u00e9e se d\u00e9roule de mani\u00e8re uniforme et sans la chaleur in\u00e9gale des coils traditionnels. Cela assure une saveur excellente \u00e0 chaque inhalation.<\/p>\n<\/li>\n<li class=\"\" data-start=\"1158\" data-end=\"1455\">\n<p class=\"\" data-start=\"1161\" data-end=\"1211\">Grande capacit\u00e9 de batterie et charge rapide<\/p>\n<p class=\"\" data-start=\"1216\" data-end=\"1455\">Avec une batterie de 850mAh, la cigarette \u00e9lectronique Bang King offre une performance puissante. La connexion Type-C permet une charge rapide, vous permettant de remettre rapidement votre cigarette \u00e9lectronique en service sans interrompre votre vapotage.<\/p>\n<\/li>\n<\/ol>\n<h4 class=\"\" data-start=\"1462\" data-end=\"1507\">Exp\u00e9riences gustatives : deux fois mieux<\/h4>\n<p class=\"\" data-start=\"1509\" data-end=\"1754\">La cigarette \u00e9lectronique jetable Bang King 50000 bouff\u00e9es vous propose des combinaisons de saveurs uniques : Strawberry Watermelon et Black Dragon Ice. Chaque bouff\u00e9e est un m\u00e9lange rafra\u00eechissant d'ar\u00f4mes fruit\u00e9s d\u00e9licieux et d'une touche rafra\u00eechissante :<\/p>\n<ul data-start=\"1756\" data-end=\"2096\">\n<li class=\"\" data-start=\"1756\" data-end=\"1922\">\n<p class=\"\" data-start=\"1758\" data-end=\"1922\">Strawberry Watermelon : une combinaison parfaite de la douceur des fraises et de la fra\u00eecheur de la past\u00e8que \u2013 id\u00e9ale pour l'\u00e9t\u00e9 et une pause rafra\u00eechissante.<\/p>\n<\/li>\n<li class=\"\" data-start=\"1926\" data-end=\"2096\">\n<p class=\"\" data-start=\"1928\" data-end=\"2096\">Black Dragon Ice : un go\u00fbt glac\u00e9 unique, associ\u00e9 \u00e0 une note fruit\u00e9e profonde, id\u00e9al pour ceux qui recherchent une sensation puissante et rafra\u00eechissante.<\/p>\n<\/li>\n<\/ul>\n<h4>D\u00e9tails du produit<\/h4>\n<div class=\"overflow-x-auto contain-inline-size\">\n<table data-start=\"2128\" data-end=\"2922\">\n<thead data-start=\"2128\" data-end=\"2210\">\n<tr data-start=\"2128\" data-end=\"2210\">\n<th data-start=\"2128\" data-end=\"2156\">Caract\u00e9ristiques du produit<\/th>\n<th data-start=\"2156\" data-end=\"2210\">Description<\/th>\n<\/tr>\n<\/thead>\n<tbody data-start=\"2294\" data-end=\"2922\">\n<tr data-start=\"2294\" data-end=\"2376\">\n<td>Bouff\u00e9es<\/td>\n<td>50000 bouff\u00e9es<\/td>\n<\/tr>\n<tr data-start=\"2377\" data-end=\"2469\">\n<td>R\u00e9sistance<\/td>\n<td>Coil en mesh, 1,0\u03a9 pour une inhalation r\u00e9guli\u00e8re et douce.<\/td>\n<\/tr>\n<tr data-start=\"2470\" data-end=\"2564\">\n<td>Capacit\u00e9 de e-liquide<\/td>\n<td>50 ml, suffisant pour une exp\u00e9rience de vapotage prolong\u00e9e.<\/td>\n<\/tr>\n<tr data-start=\"2565\" data-end=\"2661\">\n<td>Nicotine<\/td>\n<td>Disponible en concentrations 0% \/ 2% \/ 3% \/ 5%.<\/td>\n<\/tr>\n<tr data-start=\"2662\" data-end=\"2744\">\n<td>Capacit\u00e9 de la batterie<\/td>\n<td>850mAh, pour une utilisation longue dur\u00e9e.<\/td>\n<\/tr>\n<tr data-start=\"2745\" data-end=\"2827\">\n<td>Port de charge<\/td>\n<td>Type-C, pour une charge rapide.<\/td>\n<\/tr>\n<tr data-start=\"2828\" data-end=\"2922\">\n<td>Affichage<\/td>\n<td>Affichage num\u00e9rique LCD, indique le niveau de batterie et le nombre de tirages.<\/td>\n<\/tr>\n<\/tbody>\n<\/table>\n<\/div>\n<h3 data-start=\"2929\" data-end=\"2983\">Avantages d'achat : sans douane et livraison rapide<\/h3>\n<ul data-start=\"2985\" data-end=\"3436\">\n<li class=\"\" data-start=\"2985\" data-end=\"3116\">\n<p class=\"\" data-start=\"2987\" data-end=\"3116\">Sans douane : Lors de l'achat sur vapingnet.fr, profitez des avantages sans douane et obtenez le produit \u00e0 un prix plus avantageux.<\/p>\n<\/li>\n<li class=\"\" data-start=\"3117\" data-end=\"3249\">\n<p class=\"\" data-start=\"3119\" data-end=\"3249\">Livraison rapide : Avec une livraison a\u00e9rienne rapide en 7-15 jours ouvrables, vous pouvez recevoir votre commande rapidement.<\/p>\n<\/li>\n<li class=\"\" data-start=\"3250\" data-end=\"3436\">\n<p class=\"\" data-start=\"3252\" data-end=\"3436\">Qualit\u00e9 sup\u00e9rieure : Chaque cigarette \u00e9lectronique jetable Bang King 50000 tirages est soumise \u00e0 des contr\u00f4les de qualit\u00e9 stricts pour garantir s\u00e9curit\u00e9 et stabilit\u00e9 lors de l'utilisation.<\/p>\n<\/li>\n<\/ul>\n<h4 data-start=\"3443\" data-end=\"3495\">Achetez maintenant et profitez d'une saveur fra\u00eeche<\/h4>\n<p class=\"\" data-start=\"3497\" data-end=\"3777\">Choisissez la cigarette \u00e9lectronique jetable Bang King 50000 tirages et profitez d'une vapeur durable avec une vari\u00e9t\u00e9 d'exp\u00e9riences gustatives. Visitez maintenant vapingnet.fr, choisissez votre saveur pr\u00e9f\u00e9r\u00e9e et d\u00e9couvrez le nouveau monde de la vape.<\/p>","protected":false},"excerpt":{"rendered":"<p>Bang King 50000 Bouff\u00e9es Cigarette \u00e9lectronique jetable Dans le monde des cigarettes \u00e9lectroniques, la Bang King 50000 Bouff\u00e9es s'est distingu\u00e9e par sa technologie exceptionnelle et...<\/p>","protected":false},"featured_media":5843,"template":"","meta":[],"etheme_brands":[],"product_brand":[101],"product_cat":[67,49,61,87],"product_tag":[],"class_list":{"0":"post-5840","1":"product","2":"type-product","3":"status-publish","4":"has-post-thumbnail","6":"product_brand-bang-king-vape","7":"product_cat-50k-vape","8":"product_cat-einweg-e-zigarette","9":"product_cat-f","10":"product_cat-v","12":"first","13":"instock","14":"shipping-taxable","15":"purchasable","16":"product-type-simple"},"yoast_head":"<!-- This site is optimized with the Yoast SEO plugin v26.5 - https:\/\/yoast.com\/wordpress\/plugins\/seo\/ -->\n<title>Bang King 50000 Puffs Doppelte Geschmackskraft aus Strawberry Watermelon und Black Dragon Ice Spare jetzt bei deinem Kauf | Vapingnet.de<\/title>\n<meta name=\"description\" content=\"Entdecke Bang King 50000 Puffs Doppelte Geschmackskraft aus Strawberry Watermelon und Black Dragon Ice Spare jetzt bei deinem Kauf bei vapingnet.de, \u25ba Gro\u00dfe Auswahl an Geschmacksrichtungen &amp; super g\u00fcnstig!\" \/>\n<meta name=\"robots\" content=\"index, follow, max-snippet:-1, max-image-preview:large, max-video-preview:-1\" \/>\n<link rel=\"canonical\" href=\"https:\/\/vapingnet.de\/fr\/vape\/bang-king-50000-puffs-doppelte-geschmackskraft-aus-strawberry-watermelon-und-black-dragon-ice-spare-jetzt-bei-deinem-kauf\/\" \/>\n<meta property=\"og:locale\" content=\"fr_FR\" \/>\n<meta property=\"og:type\" content=\"article\" \/>\n<meta property=\"og:title\" content=\"Bang King 50000 Puffs Doppelte Geschmackskraft aus Strawberry Watermelon und Black Dragon Ice Spare jetzt bei deinem Kauf | Vapingnet.de\" \/>\n<meta property=\"og:description\" content=\"Entdecke Bang King 50000 Puffs Doppelte Geschmackskraft aus Strawberry Watermelon und Black Dragon Ice Spare jetzt bei deinem Kauf bei vapingnet.de, \u25ba Gro\u00dfe Auswahl an Geschmacksrichtungen &amp; super g\u00fcnstig!\" \/>\n<meta property=\"og:url\" content=\"https:\/\/vapingnet.de\/fr\/vape\/bang-king-50000-puffs-doppelte-geschmackskraft-aus-strawberry-watermelon-und-black-dragon-ice-spare-jetzt-bei-deinem-kauf\/\" \/>\n<meta property=\"og:site_name\" content=\"Vapingnet.de\" \/>\n<meta property=\"article:publisher\" content=\"https:\/\/www.facebook.com\/vapingnetde\/\" \/>\n<meta property=\"article:modified_time\" content=\"2026-01-25T09:10:59+00:00\" \/>\n<meta property=\"og:image\" content=\"https:\/\/vapingnet.de\/wp-content\/uploads\/2025\/03\/bang50k-strawberry-watermelon-und-black-dragon-ice.png\" \/>\n\t<meta property=\"og:image:width\" content=\"1000\" \/>\n\t<meta property=\"og:image:height\" content=\"1000\" \/>\n\t<meta property=\"og:image:type\" content=\"image\/png\" \/>\n<meta name=\"twitter:card\" content=\"summary_large_image\" \/>\n<meta name=\"twitter:label1\" content=\"Dur\u00e9e de lecture estim\u00e9e\" \/>\n\t<meta name=\"twitter:data1\" content=\"3 minutes\" \/>\n<script type=\"application\/ld+json\" class=\"yoast-schema-graph\">{\"@context\":\"https:\/\/schema.org\",\"@graph\":[{\"@type\":\"WebPage\",\"@id\":\"https:\/\/vapingnet.de\/vape\/bang-king-50000-puffs-doppelte-geschmackskraft-aus-strawberry-watermelon-und-black-dragon-ice-spare-jetzt-bei-deinem-kauf\/\",\"url\":\"https:\/\/vapingnet.de\/vape\/bang-king-50000-puffs-doppelte-geschmackskraft-aus-strawberry-watermelon-und-black-dragon-ice-spare-jetzt-bei-deinem-kauf\/\",\"name\":\"Bang King 50000 Puffs Doppelte Geschmackskraft aus Strawberry Watermelon und Black Dragon Ice Spare jetzt bei deinem Kauf | Vapingnet.de\",\"isPartOf\":{\"@id\":\"https:\/\/vapingnet.de\/#website\"},\"primaryImageOfPage\":{\"@id\":\"https:\/\/vapingnet.de\/vape\/bang-king-50000-puffs-doppelte-geschmackskraft-aus-strawberry-watermelon-und-black-dragon-ice-spare-jetzt-bei-deinem-kauf\/#primaryimage\"},\"image\":{\"@id\":\"https:\/\/vapingnet.de\/vape\/bang-king-50000-puffs-doppelte-geschmackskraft-aus-strawberry-watermelon-und-black-dragon-ice-spare-jetzt-bei-deinem-kauf\/#primaryimage\"},\"thumbnailUrl\":\"https:\/\/vapingnet.de\/wp-content\/uploads\/2025\/03\/bang50k-strawberry-watermelon-und-black-dragon-ice.png\",\"datePublished\":\"2025-03-24T06:01:04+00:00\",\"dateModified\":\"2026-01-25T09:10:59+00:00\",\"description\":\"Entdecke Bang King 50000 Puffs Doppelte Geschmackskraft aus Strawberry Watermelon und Black Dragon Ice Spare jetzt bei deinem Kauf bei vapingnet.de, \u25ba Gro\u00dfe Auswahl an Geschmacksrichtungen & super g\u00fcnstig!\",\"breadcrumb\":{\"@id\":\"https:\/\/vapingnet.de\/vape\/bang-king-50000-puffs-doppelte-geschmackskraft-aus-strawberry-watermelon-und-black-dragon-ice-spare-jetzt-bei-deinem-kauf\/#breadcrumb\"},\"inLanguage\":\"fr-FR\",\"potentialAction\":[{\"@type\":\"ReadAction\",\"target\":[\"https:\/\/vapingnet.de\/vape\/bang-king-50000-puffs-doppelte-geschmackskraft-aus-strawberry-watermelon-und-black-dragon-ice-spare-jetzt-bei-deinem-kauf\/\"]}]},{\"@type\":\"ImageObject\",\"inLanguage\":\"fr-FR\",\"@id\":\"https:\/\/vapingnet.de\/vape\/bang-king-50000-puffs-doppelte-geschmackskraft-aus-strawberry-watermelon-und-black-dragon-ice-spare-jetzt-bei-deinem-kauf\/#primaryimage\",\"url\":\"https:\/\/vapingnet.de\/wp-content\/uploads\/2025\/03\/bang50k-strawberry-watermelon-und-black-dragon-ice.png\",\"contentUrl\":\"https:\/\/vapingnet.de\/wp-content\/uploads\/2025\/03\/bang50k-strawberry-watermelon-und-black-dragon-ice.png\",\"width\":1000,\"height\":1000,\"caption\":\"bang50k-strawberry watermelon und black dragon ice\"},{\"@type\":\"BreadcrumbList\",\"@id\":\"https:\/\/vapingnet.de\/vape\/bang-king-50000-puffs-doppelte-geschmackskraft-aus-strawberry-watermelon-und-black-dragon-ice-spare-jetzt-bei-deinem-kauf\/#breadcrumb\",\"itemListElement\":[{\"@type\":\"ListItem\",\"position\":1,\"name\":\"Home\",\"item\":\"https:\/\/vapingnet.de\/\"},{\"@type\":\"ListItem\",\"position\":2,\"name\":\"Shop\",\"item\":\"https:\/\/vapingnet.de\/vape\/\"},{\"@type\":\"ListItem\",\"position\":3,\"name\":\"Bang King 50000 Puffs Doppelte Geschmackskraft aus Strawberry Watermelon und Black Dragon Ice Spare jetzt bei deinem Kauf\"}]},{\"@type\":\"WebSite\",\"@id\":\"https:\/\/vapingnet.de\/#website\",\"url\":\"https:\/\/vapingnet.de\/\",\"name\":\"Vapingnet.de\",\"description\":\"\",\"publisher\":{\"@id\":\"https:\/\/vapingnet.de\/#organization\"},\"potentialAction\":[{\"@type\":\"SearchAction\",\"target\":{\"@type\":\"EntryPoint\",\"urlTemplate\":\"https:\/\/vapingnet.de\/?s={search_term_string}\"},\"query-input\":{\"@type\":\"PropertyValueSpecification\",\"valueRequired\":true,\"valueName\":\"search_term_string\"}}],\"inLanguage\":\"fr-FR\"},{\"@type\":\"Organization\",\"@id\":\"https:\/\/vapingnet.de\/#organization\",\"name\":\"Vapingnet.de\",\"url\":\"https:\/\/vapingnet.de\/\",\"logo\":{\"@type\":\"ImageObject\",\"inLanguage\":\"fr-FR\",\"@id\":\"https:\/\/vapingnet.de\/#\/schema\/logo\/image\/\",\"url\":\"https:\/\/vapingnet.de\/wp-content\/uploads\/2025\/03\/cropped-vapingnet.de_.jpg\",\"contentUrl\":\"https:\/\/vapingnet.de\/wp-content\/uploads\/2025\/03\/cropped-vapingnet.de_.jpg\",\"width\":512,\"height\":512,\"caption\":\"Vapingnet.de\"},\"image\":{\"@id\":\"https:\/\/vapingnet.de\/#\/schema\/logo\/image\/\"},\"sameAs\":[\"https:\/\/www.facebook.com\/vapingnetde\/\"]}]}<\/script>\n<!-- \/ Yoast SEO plugin. -->","yoast_head_json":{"title":"Bang King 50000 Puffs Doppelte Geschmackskraft aus Strawberry Watermelon und Black Dragon Ice Spare jetzt bei deinem Kauf | Vapingnet.de","description":"Entdecke Bang King 50000 Puffs Doppelte Geschmackskraft aus Strawberry Watermelon und Black Dragon Ice Spare jetzt bei deinem Kauf bei vapingnet.de, \u25ba Gro\u00dfe Auswahl an Geschmacksrichtungen & super g\u00fcnstig!","robots":{"index":"index","follow":"follow","max-snippet":"max-snippet:-1","max-image-preview":"max-image-preview:large","max-video-preview":"max-video-preview:-1"},"canonical":"https:\/\/vapingnet.de\/fr\/vape\/bang-king-50000-puffs-doppelte-geschmackskraft-aus-strawberry-watermelon-und-black-dragon-ice-spare-jetzt-bei-deinem-kauf\/","og_locale":"fr_FR","og_type":"article","og_title":"Bang King 50000 Puffs Doppelte Geschmackskraft aus Strawberry Watermelon und Black Dragon Ice Spare jetzt bei deinem Kauf | Vapingnet.de","og_description":"Entdecke Bang King 50000 Puffs Doppelte Geschmackskraft aus Strawberry Watermelon und Black Dragon Ice Spare jetzt bei deinem Kauf bei vapingnet.de, \u25ba Gro\u00dfe Auswahl an Geschmacksrichtungen & super g\u00fcnstig!","og_url":"https:\/\/vapingnet.de\/fr\/vape\/bang-king-50000-puffs-doppelte-geschmackskraft-aus-strawberry-watermelon-und-black-dragon-ice-spare-jetzt-bei-deinem-kauf\/","og_site_name":"Vapingnet.de","article_publisher":"https:\/\/www.facebook.com\/vapingnetde\/","article_modified_time":"2026-01-25T09:10:59+00:00","og_image":[{"width":1000,"height":1000,"url":"https:\/\/vapingnet.de\/wp-content\/uploads\/2025\/03\/bang50k-strawberry-watermelon-und-black-dragon-ice.png","type":"image\/png"}],"twitter_card":"summary_large_image","twitter_misc":{"Dur\u00e9e de lecture estim\u00e9e":"3 minutes"},"schema":{"@context":"https:\/\/schema.org","@graph":[{"@type":"WebPage","@id":"https:\/\/vapingnet.de\/vape\/bang-king-50000-puffs-doppelte-geschmackskraft-aus-strawberry-watermelon-und-black-dragon-ice-spare-jetzt-bei-deinem-kauf\/","url":"https:\/\/vapingnet.de\/vape\/bang-king-50000-puffs-doppelte-geschmackskraft-aus-strawberry-watermelon-und-black-dragon-ice-spare-jetzt-bei-deinem-kauf\/","name":"Bang King 50000 Puffs Doppelte Geschmackskraft aus Strawberry Watermelon und Black Dragon Ice Spare jetzt bei deinem Kauf | Vapingnet.de","isPartOf":{"@id":"https:\/\/vapingnet.de\/#website"},"primaryImageOfPage":{"@id":"https:\/\/vapingnet.de\/vape\/bang-king-50000-puffs-doppelte-geschmackskraft-aus-strawberry-watermelon-und-black-dragon-ice-spare-jetzt-bei-deinem-kauf\/#primaryimage"},"image":{"@id":"https:\/\/vapingnet.de\/vape\/bang-king-50000-puffs-doppelte-geschmackskraft-aus-strawberry-watermelon-und-black-dragon-ice-spare-jetzt-bei-deinem-kauf\/#primaryimage"},"thumbnailUrl":"https:\/\/vapingnet.de\/wp-content\/uploads\/2025\/03\/bang50k-strawberry-watermelon-und-black-dragon-ice.png","datePublished":"2025-03-24T06:01:04+00:00","dateModified":"2026-01-25T09:10:59+00:00","description":"Entdecke Bang King 50000 Puffs Doppelte Geschmackskraft aus Strawberry Watermelon und Black Dragon Ice Spare jetzt bei deinem Kauf bei vapingnet.de, \u25ba Gro\u00dfe Auswahl an Geschmacksrichtungen & super g\u00fcnstig!","breadcrumb":{"@id":"https:\/\/vapingnet.de\/vape\/bang-king-50000-puffs-doppelte-geschmackskraft-aus-strawberry-watermelon-und-black-dragon-ice-spare-jetzt-bei-deinem-kauf\/#breadcrumb"},"inLanguage":"fr-FR","potentialAction":[{"@type":"ReadAction","target":["https:\/\/vapingnet.de\/vape\/bang-king-50000-puffs-doppelte-geschmackskraft-aus-strawberry-watermelon-und-black-dragon-ice-spare-jetzt-bei-deinem-kauf\/"]}]},{"@type":"ImageObject","inLanguage":"fr-FR","@id":"https:\/\/vapingnet.de\/vape\/bang-king-50000-puffs-doppelte-geschmackskraft-aus-strawberry-watermelon-und-black-dragon-ice-spare-jetzt-bei-deinem-kauf\/#primaryimage","url":"https:\/\/vapingnet.de\/wp-content\/uploads\/2025\/03\/bang50k-strawberry-watermelon-und-black-dragon-ice.png","contentUrl":"https:\/\/vapingnet.de\/wp-content\/uploads\/2025\/03\/bang50k-strawberry-watermelon-und-black-dragon-ice.png","width":1000,"height":1000,"caption":"bang50k-strawberry watermelon und black dragon ice"},{"@type":"BreadcrumbList","@id":"https:\/\/vapingnet.de\/vape\/bang-king-50000-puffs-doppelte-geschmackskraft-aus-strawberry-watermelon-und-black-dragon-ice-spare-jetzt-bei-deinem-kauf\/#breadcrumb","itemListElement":[{"@type":"ListItem","position":1,"name":"Home","item":"https:\/\/vapingnet.de\/"},{"@type":"ListItem","position":2,"name":"Shop","item":"https:\/\/vapingnet.de\/vape\/"},{"@type":"ListItem","position":3,"name":"Bang King 50000 Puffs Doppelte Geschmackskraft aus Strawberry Watermelon und Black Dragon Ice Spare jetzt bei deinem Kauf"}]},{"@type":"WebSite","@id":"https:\/\/vapingnet.de\/#website","url":"https:\/\/vapingnet.de\/","name":"Vapingnet.de","description":"","publisher":{"@id":"https:\/\/vapingnet.de\/#organization"},"potentialAction":[{"@type":"SearchAction","target":{"@type":"EntryPoint","urlTemplate":"https:\/\/vapingnet.de\/?s={search_term_string}"},"query-input":{"@type":"PropertyValueSpecification","valueRequired":true,"valueName":"search_term_string"}}],"inLanguage":"fr-FR"},{"@type":"Organization","@id":"https:\/\/vapingnet.de\/#organization","name":"Vapingnet.de","url":"https:\/\/vapingnet.de\/","logo":{"@type":"ImageObject","inLanguage":"fr-FR","@id":"https:\/\/vapingnet.de\/#\/schema\/logo\/image\/","url":"https:\/\/vapingnet.de\/wp-content\/uploads\/2025\/03\/cropped-vapingnet.de_.jpg","contentUrl":"https:\/\/vapingnet.de\/wp-content\/uploads\/2025\/03\/cropped-vapingnet.de_.jpg","width":512,"height":512,"caption":"Vapingnet.de"},"image":{"@id":"https:\/\/vapingnet.de\/#\/schema\/logo\/image\/"},"sameAs":["https:\/\/www.facebook.com\/vapingnetde\/"]}]}},"tiered_pricing_type":"fixed","tiered_pricing_fixed_rules":{"10":"12.44","60":"11.96","110":"10.63","200":"9.3"},"tiered_pricing_product_settings":{"layout":"default","base_unit_name":{"singular":null,"plural":null},"default_variation":null},"tiered_pricing_minimum_quantity":null,"tiered_pricing_roles_data":[],"tiered_pricing_percentage_rules":[],"_links":{"self":[{"href":"https:\/\/vapingnet.de\/fr\/wp-json\/wp\/v2\/product\/5840","targetHints":{"allow":["GET"]}}],"collection":[{"href":"https:\/\/vapingnet.de\/fr\/wp-json\/wp\/v2\/product"}],"about":[{"href":"https:\/\/vapingnet.de\/fr\/wp-json\/wp\/v2\/types\/product"}],"version-history":[{"count":4,"href":"https:\/\/vapingnet.de\/fr\/wp-json\/wp\/v2\/product\/5840\/revisions"}],"predecessor-version":[{"id":7539,"href":"https:\/\/vapingnet.de\/fr\/wp-json\/wp\/v2\/product\/5840\/revisions\/7539"}],"wp:featuredmedia":[{"embeddable":true,"href":"https:\/\/vapingnet.de\/fr\/wp-json\/wp\/v2\/media\/5843"}],"wp:attachment":[{"href":"https:\/\/vapingnet.de\/fr\/wp-json\/wp\/v2\/media?parent=5840"}],"wp:term":[{"taxonomy":"brand","embeddable":true,"href":"https:\/\/vapingnet.de\/fr\/wp-json\/wp\/v2\/etheme_brands?post=5840"},{"taxonomy":"product_brand","embeddable":true,"href":"https:\/\/vapingnet.de\/fr\/wp-json\/wp\/v2\/product_brand?post=5840"},{"taxonomy":"product_cat","embeddable":true,"href":"https:\/\/vapingnet.de\/fr\/wp-json\/wp\/v2\/product_cat?post=5840"},{"taxonomy":"product_tag","embeddable":true,"href":"https:\/\/vapingnet.de\/fr\/wp-json\/wp\/v2\/product_tag?post=5840"}],"curies":[{"name":"wp","href":"https:\/\/api.w.org\/{rel}","templated":true}]}}