{"id":5841,"date":"2025-03-24T06:01:06","date_gmt":"2025-03-24T06:01:06","guid":{"rendered":"https:\/\/vapingnet.de\/?post_type=product&#038;p=5841"},"modified":"2026-01-25T09:09:25","modified_gmt":"2026-01-25T09:09:25","slug":"bang-king-50000-puffs-strawberry-watermelon-und-kiwi-passion-fruit-guava-hoechste-qualitaet-und-jetzt-zollfrei-erhaeltlich","status":"publish","type":"product","link":"https:\/\/vapingnet.de\/fr\/vape\/bang-king-50000-puffs-strawberry-watermelon-und-kiwi-passion-fruit-guava-hoechste-qualitaet-und-jetzt-zollfrei-erhaeltlich\/","title":{"rendered":"Bang King 50000 Bouff\u00e9es Fraise Past\u00e8que et Kiwi Fruit de la Passion Goyave Qualit\u00e9 Sup\u00e9rieure et Maintenant Disponible Sans Douane"},"content":{"rendered":"<h2 data-start=\"0\" data-end=\"82\">Bang King 50000 Puffs Cigarette \u00c9lectronique Jetable \u2013 Exp\u00e9rience de vapotage in\u00e9gal\u00e9e<\/h2>\n<p class=\"\" data-start=\"84\" data-end=\"478\">La cigarette \u00e9lectronique jetable Bang King 50000 Puffs est un nouvel appareil tr\u00e8s remarqu\u00e9 sur le march\u00e9, qui, gr\u00e2ce \u00e0 sa dur\u00e9e de vie exceptionnelle, ses options de saveurs doubles et sa technologie avanc\u00e9e, est devenue un choix privil\u00e9gi\u00e9 pour les vapoteurs. Que vous soyez d\u00e9butant ou vapoteur exp\u00e9riment\u00e9, le Bang King 50000 Puffs r\u00e9pondra \u00e0 tous vos besoins.<\/p>\n<h4 class=\"\" data-start=\"480\" data-end=\"503\">Caract\u00e9ristiques principales :<\/h4>\n<ul data-start=\"505\" data-end=\"2076\">\n<li class=\"\" data-start=\"505\" data-end=\"726\">\n<p class=\"\" data-start=\"507\" data-end=\"726\">Utilisation extr\u00eamement longue : Le principal avantage de la cigarette \u00e9lectronique jetable Bang King 50000 Puffs est sa dur\u00e9e de vie de 50 000 bouff\u00e9es. Vous n'avez pas besoin de changer l'appareil constamment et pouvez vapoter longtemps sans interruption.<\/p>\n<\/li>\n<li class=\"\" data-start=\"728\" data-end=\"1004\">\n<p class=\"\" data-start=\"730\" data-end=\"1004\">Technologie Mesh-Coil : \u00c9quip\u00e9e d'une r\u00e9sistance Mesh de 1,0\u03a9, cette cigarette \u00e9lectronique offre un chauffage uniforme, garantissant une vapeur douce et r\u00e9guli\u00e8re. Chaque bouff\u00e9e est aussi lisse et savoureuse, bien meilleure que les r\u00e9sistances traditionnelles.<\/p>\n<\/li>\n<li class=\"\" data-start=\"1006\" data-end=\"1371\">\n<p class=\"\" data-start=\"1008\" data-end=\"1371\">Options de saveurs doubles pour tous les go\u00fbts : Le Bang King 50000 Puffs propose deux saveurs d\u00e9licieuses : Fraise Watermelon et Kiwi Passion Fruit Guava. La premi\u00e8re combinaison offre une fraise sucr\u00e9e et une past\u00e8que rafra\u00eechissante, tandis que la seconde propose un go\u00fbt exotique tropical rappelant les vacances.<\/p>\n<\/li>\n<li class=\"\" data-start=\"1373\" data-end=\"1610\">\n<p class=\"\" data-start=\"1375\" data-end=\"1610\">Diff\u00e9rentes concentrations de nicotine : Le Bang King 50000 Puffs offre un choix entre 0%, 2%, 3% et 5% de nicotine. Selon votre pr\u00e9f\u00e9rence, vous pouvez r\u00e9gler la concentration de nicotine pour une exp\u00e9rience de vapotage parfaite.<\/p>\n<\/li>\n<li class=\"\" data-start=\"1612\" data-end=\"1865\">\n<p class=\"\" data-start=\"1614\" data-end=\"1865\">\u00c9cran LCD intelligent : Avec un \u00e9cran LCD, vous gardez un \u0153il sur le niveau de charge de l'appareil ainsi que sur le nombre de bouff\u00e9es restantes. Vous \u00eates ainsi toujours inform\u00e9 et \u00e9vitez toute interruption due \u00e0 une batterie vide.<\/p>\n<\/li>\n<li class=\"\" data-start=\"1867\" data-end=\"2076\">\n<p class=\"\" data-start=\"1869\" data-end=\"2076\">Charge rapide Type-C : La batterie de 850mAh supporte la charge rapide Type-C, permettant \u00e0 l'appareil d'\u00eatre pr\u00eat \u00e0 l'emploi en un rien de temps. Vous pouvez le recharger rapidement et continuer \u00e0 vapoter.<\/p>\n<\/li>\n<\/ul>\n<h3 data-start=\"2083\" data-end=\"2162\">Pourquoi choisir la cigarette \u00e9lectronique jetable Bang King 50000 Puffs ?<\/h3>\n<ul data-start=\"2164\" data-end=\"2741\">\n<li class=\"\" data-start=\"2164\" data-end=\"2455\">\n<p class=\"\" data-start=\"2166\" data-end=\"2455\">Frais de douane nuls et livraison rapide : Lors de l'achat du Bang King 50000 Puffs, vous ne payez pas de frais de douane et pouvez le commander facilement via le site vapingnet.de. La livraison ne prend que 7-15 jours ouvrables, ce qui en fait un choix id\u00e9al pour un remplacement rapide d'appareils.<\/p>\n<\/li>\n<li class=\"\" data-start=\"2457\" data-end=\"2741\">\n<p class=\"\" data-start=\"2459\" data-end=\"2741\">Design jetable, simple et pratique : Contrairement aux appareils avec pods interchangeables, le Bang King 50000 Puffs est con\u00e7u en jetable pratique. Vous n'avez pas \u00e0 vous soucier du nettoyage ou du remplacement des pods, vous pouvez simplement jeter l'appareil apr\u00e8s utilisation.<\/p>\n<\/li>\n<\/ul>\n<p class=\"\" data-start=\"2763\" data-end=\"3161\">La cigarette \u00e9lectronique jetable Bang King 50000 Puffs n'est pas seulement une innovation esth\u00e9tique, mais aussi une avanc\u00e9e technologique. Sa longue dur\u00e9e d'utilisation, ses options de saveurs riches et son exp\u00e9rience de vapotage de haute qualit\u00e9 en font un compagnon indispensable pour les vapoteurs. Si vous recherchez une exp\u00e9rience de vapotage de premier ordre, le Bang King 50000 Puffs est d\u00e9finitivement le bon choix.<\/p>","protected":false},"excerpt":{"rendered":"<p>Bang King 50000 Puffs Einweg-E-Zigarette &#8211; Unvergleichliches Raucherlebnis Bang King 50000 Puffs Einweg-E-Zigarette ist ein auf dem Markt viel beachtetes, neues E-Zigaretten-Ger\u00e4t, das durch seine&#8230;<\/p>","protected":false},"featured_media":5842,"template":"","meta":[],"etheme_brands":[],"product_brand":[101],"product_cat":[67,49,61,87],"product_tag":[],"class_list":{"0":"post-5841","1":"product","2":"type-product","3":"status-publish","4":"has-post-thumbnail","6":"product_brand-bang-king-vape","7":"product_cat-50k-vape","8":"product_cat-einweg-e-zigarette","9":"product_cat-f","10":"product_cat-v","12":"first","13":"instock","14":"shipping-taxable","15":"purchasable","16":"product-type-simple"},"yoast_head":"<!-- This site is optimized with the Yoast SEO plugin v26.5 - https:\/\/yoast.com\/wordpress\/plugins\/seo\/ -->\n<title>Bang King 50000 Puffs Strawberry Watermelon und Kiwi Passion Fruit Guava h\u00f6chste Qualit\u00e4t und jetzt zollfrei erh\u00e4ltlich | Vapingnet.de<\/title>\n<meta name=\"description\" content=\"Entdecke Bang King 50000 Puffs Strawberry Watermelon und Kiwi Passion Fruit Guava h\u00f6chste Qualit\u00e4t und jetzt zollfrei erh\u00e4ltlich bei vapingnet.de, \u25ba Gro\u00dfe Auswahl an Geschmacksrichtungen &amp; super g\u00fcnstig!\" \/>\n<meta name=\"robots\" content=\"index, follow, max-snippet:-1, max-image-preview:large, max-video-preview:-1\" \/>\n<link rel=\"canonical\" href=\"https:\/\/vapingnet.de\/fr\/vape\/bang-king-50000-puffs-strawberry-watermelon-und-kiwi-passion-fruit-guava-hoechste-qualitaet-und-jetzt-zollfrei-erhaeltlich\/\" \/>\n<meta property=\"og:locale\" content=\"fr_FR\" \/>\n<meta property=\"og:type\" content=\"article\" \/>\n<meta property=\"og:title\" content=\"Bang King 50000 Puffs Strawberry Watermelon und Kiwi Passion Fruit Guava h\u00f6chste Qualit\u00e4t und jetzt zollfrei erh\u00e4ltlich | Vapingnet.de\" \/>\n<meta property=\"og:description\" content=\"Entdecke Bang King 50000 Puffs Strawberry Watermelon und Kiwi Passion Fruit Guava h\u00f6chste Qualit\u00e4t und jetzt zollfrei erh\u00e4ltlich bei vapingnet.de, \u25ba Gro\u00dfe Auswahl an Geschmacksrichtungen &amp; super g\u00fcnstig!\" \/>\n<meta property=\"og:url\" content=\"https:\/\/vapingnet.de\/fr\/vape\/bang-king-50000-puffs-strawberry-watermelon-und-kiwi-passion-fruit-guava-hoechste-qualitaet-und-jetzt-zollfrei-erhaeltlich\/\" \/>\n<meta property=\"og:site_name\" content=\"Vapingnet.de\" \/>\n<meta property=\"article:publisher\" content=\"https:\/\/www.facebook.com\/vapingnetde\/\" \/>\n<meta property=\"article:modified_time\" content=\"2026-01-25T09:09:25+00:00\" \/>\n<meta property=\"og:image\" content=\"https:\/\/vapingnet.de\/wp-content\/uploads\/2025\/03\/bang50k-strawberry-watermelon-und-kiwi-passion-fruit-guava.png\" \/>\n\t<meta property=\"og:image:width\" content=\"1000\" \/>\n\t<meta property=\"og:image:height\" content=\"1000\" \/>\n\t<meta property=\"og:image:type\" content=\"image\/png\" \/>\n<meta name=\"twitter:card\" content=\"summary_large_image\" \/>\n<meta name=\"twitter:label1\" content=\"Dur\u00e9e de lecture estim\u00e9e\" \/>\n\t<meta name=\"twitter:data1\" content=\"3 minutes\" \/>\n<script type=\"application\/ld+json\" class=\"yoast-schema-graph\">{\"@context\":\"https:\/\/schema.org\",\"@graph\":[{\"@type\":\"WebPage\",\"@id\":\"https:\/\/vapingnet.de\/vape\/bang-king-50000-puffs-strawberry-watermelon-und-kiwi-passion-fruit-guava-hoechste-qualitaet-und-jetzt-zollfrei-erhaeltlich\/\",\"url\":\"https:\/\/vapingnet.de\/vape\/bang-king-50000-puffs-strawberry-watermelon-und-kiwi-passion-fruit-guava-hoechste-qualitaet-und-jetzt-zollfrei-erhaeltlich\/\",\"name\":\"Bang King 50000 Puffs Strawberry Watermelon und Kiwi Passion Fruit Guava h\u00f6chste Qualit\u00e4t und jetzt zollfrei erh\u00e4ltlich | Vapingnet.de\",\"isPartOf\":{\"@id\":\"https:\/\/vapingnet.de\/#website\"},\"primaryImageOfPage\":{\"@id\":\"https:\/\/vapingnet.de\/vape\/bang-king-50000-puffs-strawberry-watermelon-und-kiwi-passion-fruit-guava-hoechste-qualitaet-und-jetzt-zollfrei-erhaeltlich\/#primaryimage\"},\"image\":{\"@id\":\"https:\/\/vapingnet.de\/vape\/bang-king-50000-puffs-strawberry-watermelon-und-kiwi-passion-fruit-guava-hoechste-qualitaet-und-jetzt-zollfrei-erhaeltlich\/#primaryimage\"},\"thumbnailUrl\":\"https:\/\/vapingnet.de\/wp-content\/uploads\/2025\/03\/bang50k-strawberry-watermelon-und-kiwi-passion-fruit-guava.png\",\"datePublished\":\"2025-03-24T06:01:06+00:00\",\"dateModified\":\"2026-01-25T09:09:25+00:00\",\"description\":\"Entdecke Bang King 50000 Puffs Strawberry Watermelon und Kiwi Passion Fruit Guava h\u00f6chste Qualit\u00e4t und jetzt zollfrei erh\u00e4ltlich bei vapingnet.de, \u25ba Gro\u00dfe Auswahl an Geschmacksrichtungen & super g\u00fcnstig!\",\"breadcrumb\":{\"@id\":\"https:\/\/vapingnet.de\/vape\/bang-king-50000-puffs-strawberry-watermelon-und-kiwi-passion-fruit-guava-hoechste-qualitaet-und-jetzt-zollfrei-erhaeltlich\/#breadcrumb\"},\"inLanguage\":\"fr-FR\",\"potentialAction\":[{\"@type\":\"ReadAction\",\"target\":[\"https:\/\/vapingnet.de\/vape\/bang-king-50000-puffs-strawberry-watermelon-und-kiwi-passion-fruit-guava-hoechste-qualitaet-und-jetzt-zollfrei-erhaeltlich\/\"]}]},{\"@type\":\"ImageObject\",\"inLanguage\":\"fr-FR\",\"@id\":\"https:\/\/vapingnet.de\/vape\/bang-king-50000-puffs-strawberry-watermelon-und-kiwi-passion-fruit-guava-hoechste-qualitaet-und-jetzt-zollfrei-erhaeltlich\/#primaryimage\",\"url\":\"https:\/\/vapingnet.de\/wp-content\/uploads\/2025\/03\/bang50k-strawberry-watermelon-und-kiwi-passion-fruit-guava.png\",\"contentUrl\":\"https:\/\/vapingnet.de\/wp-content\/uploads\/2025\/03\/bang50k-strawberry-watermelon-und-kiwi-passion-fruit-guava.png\",\"width\":1000,\"height\":1000,\"caption\":\"bang50k-strawberry watermelon und kiwi passion fruit guava\"},{\"@type\":\"BreadcrumbList\",\"@id\":\"https:\/\/vapingnet.de\/vape\/bang-king-50000-puffs-strawberry-watermelon-und-kiwi-passion-fruit-guava-hoechste-qualitaet-und-jetzt-zollfrei-erhaeltlich\/#breadcrumb\",\"itemListElement\":[{\"@type\":\"ListItem\",\"position\":1,\"name\":\"Home\",\"item\":\"https:\/\/vapingnet.de\/\"},{\"@type\":\"ListItem\",\"position\":2,\"name\":\"Shop\",\"item\":\"https:\/\/vapingnet.de\/vape\/\"},{\"@type\":\"ListItem\",\"position\":3,\"name\":\"Bang King 50000 Puffs Strawberry Watermelon und Kiwi Passion Fruit Guava h\u00f6chste Qualit\u00e4t und jetzt zollfrei erh\u00e4ltlich\"}]},{\"@type\":\"WebSite\",\"@id\":\"https:\/\/vapingnet.de\/#website\",\"url\":\"https:\/\/vapingnet.de\/\",\"name\":\"Vapingnet.de\",\"description\":\"\",\"publisher\":{\"@id\":\"https:\/\/vapingnet.de\/#organization\"},\"potentialAction\":[{\"@type\":\"SearchAction\",\"target\":{\"@type\":\"EntryPoint\",\"urlTemplate\":\"https:\/\/vapingnet.de\/?s={search_term_string}\"},\"query-input\":{\"@type\":\"PropertyValueSpecification\",\"valueRequired\":true,\"valueName\":\"search_term_string\"}}],\"inLanguage\":\"fr-FR\"},{\"@type\":\"Organization\",\"@id\":\"https:\/\/vapingnet.de\/#organization\",\"name\":\"Vapingnet.de\",\"url\":\"https:\/\/vapingnet.de\/\",\"logo\":{\"@type\":\"ImageObject\",\"inLanguage\":\"fr-FR\",\"@id\":\"https:\/\/vapingnet.de\/#\/schema\/logo\/image\/\",\"url\":\"https:\/\/vapingnet.de\/wp-content\/uploads\/2025\/03\/cropped-vapingnet.de_.jpg\",\"contentUrl\":\"https:\/\/vapingnet.de\/wp-content\/uploads\/2025\/03\/cropped-vapingnet.de_.jpg\",\"width\":512,\"height\":512,\"caption\":\"Vapingnet.de\"},\"image\":{\"@id\":\"https:\/\/vapingnet.de\/#\/schema\/logo\/image\/\"},\"sameAs\":[\"https:\/\/www.facebook.com\/vapingnetde\/\"]}]}<\/script>\n<!-- \/ Yoast SEO plugin. -->","yoast_head_json":{"title":"Bang King 50000 Puffs Strawberry Watermelon und Kiwi Passion Fruit Guava h\u00f6chste Qualit\u00e4t und jetzt zollfrei erh\u00e4ltlich | Vapingnet.de","description":"Entdecke Bang King 50000 Puffs Strawberry Watermelon und Kiwi Passion Fruit Guava h\u00f6chste Qualit\u00e4t und jetzt zollfrei erh\u00e4ltlich bei vapingnet.de, \u25ba Gro\u00dfe Auswahl an Geschmacksrichtungen & super g\u00fcnstig!","robots":{"index":"index","follow":"follow","max-snippet":"max-snippet:-1","max-image-preview":"max-image-preview:large","max-video-preview":"max-video-preview:-1"},"canonical":"https:\/\/vapingnet.de\/fr\/vape\/bang-king-50000-puffs-strawberry-watermelon-und-kiwi-passion-fruit-guava-hoechste-qualitaet-und-jetzt-zollfrei-erhaeltlich\/","og_locale":"fr_FR","og_type":"article","og_title":"Bang King 50000 Puffs Strawberry Watermelon und Kiwi Passion Fruit Guava h\u00f6chste Qualit\u00e4t und jetzt zollfrei erh\u00e4ltlich | Vapingnet.de","og_description":"Entdecke Bang King 50000 Puffs Strawberry Watermelon und Kiwi Passion Fruit Guava h\u00f6chste Qualit\u00e4t und jetzt zollfrei erh\u00e4ltlich bei vapingnet.de, \u25ba Gro\u00dfe Auswahl an Geschmacksrichtungen & super g\u00fcnstig!","og_url":"https:\/\/vapingnet.de\/fr\/vape\/bang-king-50000-puffs-strawberry-watermelon-und-kiwi-passion-fruit-guava-hoechste-qualitaet-und-jetzt-zollfrei-erhaeltlich\/","og_site_name":"Vapingnet.de","article_publisher":"https:\/\/www.facebook.com\/vapingnetde\/","article_modified_time":"2026-01-25T09:09:25+00:00","og_image":[{"width":1000,"height":1000,"url":"https:\/\/vapingnet.de\/wp-content\/uploads\/2025\/03\/bang50k-strawberry-watermelon-und-kiwi-passion-fruit-guava.png","type":"image\/png"}],"twitter_card":"summary_large_image","twitter_misc":{"Dur\u00e9e de lecture estim\u00e9e":"3 minutes"},"schema":{"@context":"https:\/\/schema.org","@graph":[{"@type":"WebPage","@id":"https:\/\/vapingnet.de\/vape\/bang-king-50000-puffs-strawberry-watermelon-und-kiwi-passion-fruit-guava-hoechste-qualitaet-und-jetzt-zollfrei-erhaeltlich\/","url":"https:\/\/vapingnet.de\/vape\/bang-king-50000-puffs-strawberry-watermelon-und-kiwi-passion-fruit-guava-hoechste-qualitaet-und-jetzt-zollfrei-erhaeltlich\/","name":"Bang King 50000 Puffs Strawberry Watermelon und Kiwi Passion Fruit Guava h\u00f6chste Qualit\u00e4t und jetzt zollfrei erh\u00e4ltlich | Vapingnet.de","isPartOf":{"@id":"https:\/\/vapingnet.de\/#website"},"primaryImageOfPage":{"@id":"https:\/\/vapingnet.de\/vape\/bang-king-50000-puffs-strawberry-watermelon-und-kiwi-passion-fruit-guava-hoechste-qualitaet-und-jetzt-zollfrei-erhaeltlich\/#primaryimage"},"image":{"@id":"https:\/\/vapingnet.de\/vape\/bang-king-50000-puffs-strawberry-watermelon-und-kiwi-passion-fruit-guava-hoechste-qualitaet-und-jetzt-zollfrei-erhaeltlich\/#primaryimage"},"thumbnailUrl":"https:\/\/vapingnet.de\/wp-content\/uploads\/2025\/03\/bang50k-strawberry-watermelon-und-kiwi-passion-fruit-guava.png","datePublished":"2025-03-24T06:01:06+00:00","dateModified":"2026-01-25T09:09:25+00:00","description":"Entdecke Bang King 50000 Puffs Strawberry Watermelon und Kiwi Passion Fruit Guava h\u00f6chste Qualit\u00e4t und jetzt zollfrei erh\u00e4ltlich bei vapingnet.de, \u25ba Gro\u00dfe Auswahl an Geschmacksrichtungen & super g\u00fcnstig!","breadcrumb":{"@id":"https:\/\/vapingnet.de\/vape\/bang-king-50000-puffs-strawberry-watermelon-und-kiwi-passion-fruit-guava-hoechste-qualitaet-und-jetzt-zollfrei-erhaeltlich\/#breadcrumb"},"inLanguage":"fr-FR","potentialAction":[{"@type":"ReadAction","target":["https:\/\/vapingnet.de\/vape\/bang-king-50000-puffs-strawberry-watermelon-und-kiwi-passion-fruit-guava-hoechste-qualitaet-und-jetzt-zollfrei-erhaeltlich\/"]}]},{"@type":"ImageObject","inLanguage":"fr-FR","@id":"https:\/\/vapingnet.de\/vape\/bang-king-50000-puffs-strawberry-watermelon-und-kiwi-passion-fruit-guava-hoechste-qualitaet-und-jetzt-zollfrei-erhaeltlich\/#primaryimage","url":"https:\/\/vapingnet.de\/wp-content\/uploads\/2025\/03\/bang50k-strawberry-watermelon-und-kiwi-passion-fruit-guava.png","contentUrl":"https:\/\/vapingnet.de\/wp-content\/uploads\/2025\/03\/bang50k-strawberry-watermelon-und-kiwi-passion-fruit-guava.png","width":1000,"height":1000,"caption":"bang50k-strawberry watermelon und kiwi passion fruit guava"},{"@type":"BreadcrumbList","@id":"https:\/\/vapingnet.de\/vape\/bang-king-50000-puffs-strawberry-watermelon-und-kiwi-passion-fruit-guava-hoechste-qualitaet-und-jetzt-zollfrei-erhaeltlich\/#breadcrumb","itemListElement":[{"@type":"ListItem","position":1,"name":"Home","item":"https:\/\/vapingnet.de\/"},{"@type":"ListItem","position":2,"name":"Shop","item":"https:\/\/vapingnet.de\/vape\/"},{"@type":"ListItem","position":3,"name":"Bang King 50000 Puffs Strawberry Watermelon und Kiwi Passion Fruit Guava h\u00f6chste Qualit\u00e4t und jetzt zollfrei erh\u00e4ltlich"}]},{"@type":"WebSite","@id":"https:\/\/vapingnet.de\/#website","url":"https:\/\/vapingnet.de\/","name":"Vapingnet.de","description":"","publisher":{"@id":"https:\/\/vapingnet.de\/#organization"},"potentialAction":[{"@type":"SearchAction","target":{"@type":"EntryPoint","urlTemplate":"https:\/\/vapingnet.de\/?s={search_term_string}"},"query-input":{"@type":"PropertyValueSpecification","valueRequired":true,"valueName":"search_term_string"}}],"inLanguage":"fr-FR"},{"@type":"Organization","@id":"https:\/\/vapingnet.de\/#organization","name":"Vapingnet.de","url":"https:\/\/vapingnet.de\/","logo":{"@type":"ImageObject","inLanguage":"fr-FR","@id":"https:\/\/vapingnet.de\/#\/schema\/logo\/image\/","url":"https:\/\/vapingnet.de\/wp-content\/uploads\/2025\/03\/cropped-vapingnet.de_.jpg","contentUrl":"https:\/\/vapingnet.de\/wp-content\/uploads\/2025\/03\/cropped-vapingnet.de_.jpg","width":512,"height":512,"caption":"Vapingnet.de"},"image":{"@id":"https:\/\/vapingnet.de\/#\/schema\/logo\/image\/"},"sameAs":["https:\/\/www.facebook.com\/vapingnetde\/"]}]}},"tiered_pricing_type":"fixed","tiered_pricing_fixed_rules":{"10":"12.44","60":"11.96","110":"10.63","200":"9.3"},"tiered_pricing_product_settings":{"layout":"default","base_unit_name":{"singular":null,"plural":null},"default_variation":null},"tiered_pricing_minimum_quantity":null,"tiered_pricing_roles_data":[],"tiered_pricing_percentage_rules":[],"_links":{"self":[{"href":"https:\/\/vapingnet.de\/fr\/wp-json\/wp\/v2\/product\/5841","targetHints":{"allow":["GET"]}}],"collection":[{"href":"https:\/\/vapingnet.de\/fr\/wp-json\/wp\/v2\/product"}],"about":[{"href":"https:\/\/vapingnet.de\/fr\/wp-json\/wp\/v2\/types\/product"}],"version-history":[{"count":3,"href":"https:\/\/vapingnet.de\/fr\/wp-json\/wp\/v2\/product\/5841\/revisions"}],"predecessor-version":[{"id":7537,"href":"https:\/\/vapingnet.de\/fr\/wp-json\/wp\/v2\/product\/5841\/revisions\/7537"}],"wp:featuredmedia":[{"embeddable":true,"href":"https:\/\/vapingnet.de\/fr\/wp-json\/wp\/v2\/media\/5842"}],"wp:attachment":[{"href":"https:\/\/vapingnet.de\/fr\/wp-json\/wp\/v2\/media?parent=5841"}],"wp:term":[{"taxonomy":"brand","embeddable":true,"href":"https:\/\/vapingnet.de\/fr\/wp-json\/wp\/v2\/etheme_brands?post=5841"},{"taxonomy":"product_brand","embeddable":true,"href":"https:\/\/vapingnet.de\/fr\/wp-json\/wp\/v2\/product_brand?post=5841"},{"taxonomy":"product_cat","embeddable":true,"href":"https:\/\/vapingnet.de\/fr\/wp-json\/wp\/v2\/product_cat?post=5841"},{"taxonomy":"product_tag","embeddable":true,"href":"https:\/\/vapingnet.de\/fr\/wp-json\/wp\/v2\/product_tag?post=5841"}],"curies":[{"name":"wp","href":"https:\/\/api.w.org\/{rel}","templated":true}]}}