{"id":5871,"date":"2025-03-25T06:36:10","date_gmt":"2025-03-25T06:36:10","guid":{"rendered":"https:\/\/vapingnet.de\/?post_type=product&#038;p=5871"},"modified":"2025-06-19T03:40:10","modified_gmt":"2025-06-19T03:40:10","slug":"15000-zuege-purer-geschmack-bang-king-digital-strawberry-watermelon","status":"publish","type":"product","link":"https:\/\/vapingnet.de\/fr\/vape\/15000-zuege-purer-geschmack-bang-king-digital-strawberry-watermelon\/","title":{"rendered":"15000 bouff\u00e9es de saveur pure Bang King Digital Strawberry Watermelon"},"content":{"rendered":"<h2 data-start=\"0\" data-end=\"100\" data-immersive-translate-walked=\"be435e60-77a0-46e9-a6da-6d61292a5e22\">Bang King Digital 15000 Puffs Cigarette \u00c9lectronique Jetable \u2013 Profitez d'une exp\u00e9rience gustative in\u00e9gal\u00e9e<\/h2>\n<p class=\"\" data-start=\"102\" data-end=\"355\" data-immersive-translate-walked=\"be435e60-77a0-46e9-a6da-6d61292a5e22\">Dans le monde des cigarettes \u00e9lectroniques, la Bang King Digital 15000 Puffs est sans aucun doute un point culminant. En tant qu'appareil innovant et puissant, elle r\u00e9pond non seulement \u00e0 tous les besoins des utilisateurs, mais constitue \u00e9galement le choix id\u00e9al pour les amateurs de cigarettes \u00e9lectroniques.<\/p>\n<h3 class=\"\" data-start=\"357\" data-end=\"374\" data-immersive-translate-walked=\"be435e60-77a0-46e9-a6da-6d61292a5e22\">Caract\u00e9ristiques principales<\/h3>\n<ul data-start=\"376\" data-end=\"1778\" data-immersive-translate-walked=\"be435e60-77a0-46e9-a6da-6d61292a5e22\">\n<li class=\"\" data-start=\"376\" data-end=\"586\" data-immersive-translate-walked=\"be435e60-77a0-46e9-a6da-6d61292a5e22\">\n<p class=\"\" data-start=\"378\" data-end=\"586\" data-immersive-translate-walked=\"be435e60-77a0-46e9-a6da-6d61292a5e22\">Grande quantit\u00e9 de vapeur : cette cigarette \u00e9lectronique offre impressionnante 15000 puffs, ce qui signifie que vous pouvez profiter d'une exp\u00e9rience gustative continue pendant longtemps, sans changer fr\u00e9quemment de cartouches ou recharger.<\/p>\n<\/li>\n<li class=\"\" data-start=\"590\" data-end=\"786\" data-immersive-translate-walked=\"be435e60-77a0-46e9-a6da-6d61292a5e22\">\n<p class=\"\" data-start=\"592\" data-end=\"786\" data-immersive-translate-walked=\"be435e60-77a0-46e9-a6da-6d61292a5e22\">Batterie puissante : \u00e9quip\u00e9e d'une batterie de 650mAh, rechargeable et offrant de longues dur\u00e9es d'utilisation. La connexion de charge rapide USB-C permet une recharge encore plus pratique.<\/p>\n<\/li>\n<li class=\"\" data-start=\"788\" data-end=\"1053\" data-immersive-translate-walked=\"be435e60-77a0-46e9-a6da-6d61292a5e22\">\n<p class=\"\" data-start=\"790\" data-end=\"1053\" data-immersive-translate-walked=\"be435e60-77a0-46e9-a6da-6d61292a5e22\">Go\u00fbt s\u00e9duisant : avec le go\u00fbt rafra\u00eechissant et sucr\u00e9 de fraise past\u00e8que, qui combine des ar\u00f4mes fruit\u00e9s et une l\u00e9g\u00e8re douceur. Que ce soit en \u00e9t\u00e9 chaud ou lors de moments de d\u00e9tente, elle vous procure un plaisir durable.<\/p>\n<\/li>\n<li class=\"\" data-start=\"1055\" data-end=\"1282\" data-immersive-translate-walked=\"be435e60-77a0-46e9-a6da-6d61292a5e22\">\n<p class=\"\" data-start=\"1057\" data-end=\"1282\" data-immersive-translate-walked=\"be435e60-77a0-46e9-a6da-6d61292a5e22\">Diff\u00e9rentes concentrations de nicotine : disponibles en 0%, 2%, 3%, 5%, pour r\u00e9pondre aux besoins vari\u00e9s des utilisateurs de cigarettes \u00e9lectroniques. Pour les concentrations de 0% et 3%, une commande en gros est requise.<\/p>\n<\/li>\n<li class=\"\" data-start=\"1284\" data-end=\"1466\" data-immersive-translate-walked=\"be435e60-77a0-46e9-a6da-6d61292a5e22\">\n<p class=\"\" data-start=\"1286\" data-end=\"1466\" data-immersive-translate-walked=\"be435e60-77a0-46e9-a6da-6d61292a5e22\">Indicateur lumineux LED : avec des effets d'\u00e9clairage RGB, chaque tirage devient encore plus divertissant et visuellement attrayant, id\u00e9al pour ceux qui recherchent une touche d'individualit\u00e9 et de style.<\/p>\n<\/li>\n<li class=\"\" data-start=\"1468\" data-end=\"1609\" data-immersive-translate-walked=\"be435e60-77a0-46e9-a6da-6d61292a5e22\">\n<p class=\"\" data-start=\"1470\" data-end=\"1609\" data-immersive-translate-walked=\"be435e60-77a0-46e9-a6da-6d61292a5e22\">Grand volume de e-liquide : le r\u00e9servoir int\u00e9gr\u00e9 de 25 ml garantit une longue exp\u00e9rience avec un go\u00fbt riche et complet.<\/p>\n<\/li>\n<li class=\"\" data-start=\"1611\" data-end=\"1778\" data-immersive-translate-walked=\"be435e60-77a0-46e9-a6da-6d61292a5e22\">\n<p class=\"\" data-start=\"1613\" data-end=\"1778\" data-immersive-translate-walked=\"be435e60-77a0-46e9-a6da-6d61292a5e22\">Design l\u00e9ger : avec seulement 90 g, la cigarette \u00e9lectronique est facile \u00e0 transporter et vous permet de profiter de votre plaisir \u00e0 tout moment et en tout lieu.<\/p>\n<\/li>\n<\/ul>\n<h3>Avantages uniques<\/h3>\n<ul data-start=\"1807\" data-end=\"2331\" data-immersive-translate-walked=\"be435e60-77a0-46e9-a6da-6d61292a5e22\">\n<li class=\"\" data-start=\"1807\" data-end=\"1962\" data-immersive-translate-walked=\"be435e60-77a0-46e9-a6da-6d61292a5e22\">\n<p class=\"\" data-start=\"1809\" data-end=\"1962\" data-immersive-translate-walked=\"be435e60-77a0-46e9-a6da-6d61292a5e22\">Pas de frais de douane : vous n'avez pas \u00e0 vous soucier de frais de douane suppl\u00e9mentaires \u2013 profitez d'une livraison sans souci et d'un processus d'achat pratique.<\/p>\n<\/li>\n<li class=\"\" data-start=\"1964\" data-end=\"2078\" data-immersive-translate-walked=\"be435e60-77a0-46e9-a6da-6d61292a5e22\">\n<p class=\"\" data-start=\"1966\" data-end=\"2078\" data-immersive-translate-walked=\"be435e60-77a0-46e9-a6da-6d61292a5e22\">Design jetable : pas besoin de nettoyage ou d'entretien. Il suffit de le jeter apr\u00e8s utilisation \u2013 \u00e9conomise du temps et des efforts.<\/p>\n<\/li>\n<li class=\"\" data-start=\"2080\" data-end=\"2331\" data-immersive-translate-walked=\"be435e60-77a0-46e9-a6da-6d61292a5e22\">\n<p class=\"\" data-start=\"2082\" data-end=\"2331\" data-immersive-translate-walked=\"be435e60-77a0-46e9-a6da-6d61292a5e22\">Parfait pour une utilisation individuelle et les commandes en gros : que ce soit pour un usage personnel ou en gros, ce produit r\u00e9pond \u00e0 vos exigences. Achetez-le sur vapingnet.fr et profitez de prix avantageux et d'une livraison rapide.<\/p>\n<\/li>\n<\/ul>\n<h4 data-start=\"2333\" data-end=\"2354\" data-immersive-translate-walked=\"be435e60-77a0-46e9-a6da-6d61292a5e22\">Pour qui est-il adapt\u00e9 ?<\/h4>\n<p class=\"\" data-start=\"2356\" data-end=\"2686\" data-immersive-translate-walked=\"be435e60-77a0-46e9-a6da-6d61292a5e22\">Que vous soyez d\u00e9butant ou utilisateur exp\u00e9riment\u00e9 de cigarettes \u00e9lectroniques, la Bang King Digital 15000 Puffs vous offre une exp\u00e9rience de vapotage exceptionnelle. Particuli\u00e8rement adapt\u00e9e aux utilisateurs appr\u00e9ciant un plaisir prolong\u00e9 et une vari\u00e9t\u00e9 d'ar\u00f4mes, et gr\u00e2ce \u00e0 ses diff\u00e9rentes concentrations de nicotine, elle convient \u00e0 tous les besoins et pr\u00e9f\u00e9rences.<\/p>\n<h4 data-start=\"2688\" data-end=\"2739\" data-immersive-translate-walked=\"be435e60-77a0-46e9-a6da-6d61292a5e22\">D\u00e9couvre d\u00e8s maintenant la Bang King Digital 15000 Bouff\u00e9es !<\/h4>\n<p class=\"\" data-start=\"2741\" data-end=\"2898\" data-immersive-translate-walked=\"be435e60-77a0-46e9-a6da-6d61292a5e22\">Ne tardez plus, visitez vapingnet.fr d\u00e8s maintenant, procurez-vous cette cigarette \u00e9lectronique de haute qualit\u00e9 et vivez une exp\u00e9rience de vapotage totalement nouvelle !<\/p>","protected":false},"excerpt":{"rendered":"<p>Bang King Digital 15000 Puffs Einweg E-Zigarette \u2013 Unvergleichliches Geschmackserlebnis genie\u00dfen In der Welt der E-Zigaretten ist die Bang King Digital 15000 Puffs zweifellos ein&#8230;<\/p>","protected":false},"featured_media":5876,"template":"","meta":[],"etheme_brands":[],"product_brand":[101],"product_cat":[53,49,61],"product_tag":[],"class_list":{"0":"post-5871","1":"product","2":"type-product","3":"status-publish","4":"has-post-thumbnail","6":"product_brand-bang-king-vape","7":"product_cat-vape-15000-zuege","8":"product_cat-einweg-e-zigarette","9":"product_cat-f","11":"first","12":"instock","13":"shipping-taxable","14":"purchasable","15":"product-type-simple"},"yoast_head":"<!-- This site is optimized with the Yoast SEO plugin v26.5 - https:\/\/yoast.com\/wordpress\/plugins\/seo\/ -->\n<title>15000 Z\u00fcge purer Geschmack Bang King Digital Strawberry Watermelon | Vapingnet.de<\/title>\n<meta name=\"description\" content=\"Entdecke 15000 Z\u00fcge purer Geschmack Bang King Digital Strawberry Watermelon bei vapingnet.de, \u25ba Gro\u00dfe Auswahl an Geschmacksrichtungen &amp; super g\u00fcnstig!\" \/>\n<meta name=\"robots\" content=\"index, follow, max-snippet:-1, max-image-preview:large, max-video-preview:-1\" \/>\n<link rel=\"canonical\" href=\"https:\/\/vapingnet.de\/fr\/vape\/15000-zuege-purer-geschmack-bang-king-digital-strawberry-watermelon\/\" \/>\n<meta property=\"og:locale\" content=\"fr_FR\" \/>\n<meta property=\"og:type\" content=\"article\" \/>\n<meta property=\"og:title\" content=\"15000 Z\u00fcge purer Geschmack Bang King Digital Strawberry Watermelon | Vapingnet.de\" \/>\n<meta property=\"og:description\" content=\"Entdecke 15000 Z\u00fcge purer Geschmack Bang King Digital Strawberry Watermelon bei vapingnet.de, \u25ba Gro\u00dfe Auswahl an Geschmacksrichtungen &amp; super g\u00fcnstig!\" \/>\n<meta property=\"og:url\" content=\"https:\/\/vapingnet.de\/fr\/vape\/15000-zuege-purer-geschmack-bang-king-digital-strawberry-watermelon\/\" \/>\n<meta property=\"og:site_name\" content=\"Vapingnet.de\" \/>\n<meta property=\"article:publisher\" content=\"https:\/\/www.facebook.com\/vapingnetde\/\" \/>\n<meta property=\"article:modified_time\" content=\"2025-06-19T03:40:10+00:00\" \/>\n<meta property=\"og:image\" content=\"https:\/\/vapingnet.de\/wp-content\/uploads\/2025\/03\/Strawberry-Watermelon-4.png\" \/>\n\t<meta property=\"og:image:width\" content=\"900\" \/>\n\t<meta property=\"og:image:height\" content=\"600\" \/>\n\t<meta property=\"og:image:type\" content=\"image\/png\" \/>\n<meta name=\"twitter:card\" content=\"summary_large_image\" \/>\n<meta name=\"twitter:label1\" content=\"Dur\u00e9e de lecture estim\u00e9e\" \/>\n\t<meta name=\"twitter:data1\" content=\"3 minutes\" \/>\n<script type=\"application\/ld+json\" class=\"yoast-schema-graph\">{\"@context\":\"https:\/\/schema.org\",\"@graph\":[{\"@type\":\"WebPage\",\"@id\":\"https:\/\/vapingnet.de\/vape\/15000-zuege-purer-geschmack-bang-king-digital-strawberry-watermelon\/\",\"url\":\"https:\/\/vapingnet.de\/vape\/15000-zuege-purer-geschmack-bang-king-digital-strawberry-watermelon\/\",\"name\":\"15000 Z\u00fcge purer Geschmack Bang King Digital Strawberry Watermelon | Vapingnet.de\",\"isPartOf\":{\"@id\":\"https:\/\/vapingnet.de\/#website\"},\"primaryImageOfPage\":{\"@id\":\"https:\/\/vapingnet.de\/vape\/15000-zuege-purer-geschmack-bang-king-digital-strawberry-watermelon\/#primaryimage\"},\"image\":{\"@id\":\"https:\/\/vapingnet.de\/vape\/15000-zuege-purer-geschmack-bang-king-digital-strawberry-watermelon\/#primaryimage\"},\"thumbnailUrl\":\"https:\/\/vapingnet.de\/wp-content\/uploads\/2025\/03\/Strawberry-Watermelon-4.png\",\"datePublished\":\"2025-03-25T06:36:10+00:00\",\"dateModified\":\"2025-06-19T03:40:10+00:00\",\"description\":\"Entdecke 15000 Z\u00fcge purer Geschmack Bang King Digital Strawberry Watermelon bei vapingnet.de, \u25ba Gro\u00dfe Auswahl an Geschmacksrichtungen & super g\u00fcnstig!\",\"breadcrumb\":{\"@id\":\"https:\/\/vapingnet.de\/vape\/15000-zuege-purer-geschmack-bang-king-digital-strawberry-watermelon\/#breadcrumb\"},\"inLanguage\":\"fr-FR\",\"potentialAction\":[{\"@type\":\"ReadAction\",\"target\":[\"https:\/\/vapingnet.de\/vape\/15000-zuege-purer-geschmack-bang-king-digital-strawberry-watermelon\/\"]}]},{\"@type\":\"ImageObject\",\"inLanguage\":\"fr-FR\",\"@id\":\"https:\/\/vapingnet.de\/vape\/15000-zuege-purer-geschmack-bang-king-digital-strawberry-watermelon\/#primaryimage\",\"url\":\"https:\/\/vapingnet.de\/wp-content\/uploads\/2025\/03\/Strawberry-Watermelon-4.png\",\"contentUrl\":\"https:\/\/vapingnet.de\/wp-content\/uploads\/2025\/03\/Strawberry-Watermelon-4.png\",\"width\":900,\"height\":600,\"caption\":\"Strawberry Watermelon\"},{\"@type\":\"BreadcrumbList\",\"@id\":\"https:\/\/vapingnet.de\/vape\/15000-zuege-purer-geschmack-bang-king-digital-strawberry-watermelon\/#breadcrumb\",\"itemListElement\":[{\"@type\":\"ListItem\",\"position\":1,\"name\":\"Home\",\"item\":\"https:\/\/vapingnet.de\/\"},{\"@type\":\"ListItem\",\"position\":2,\"name\":\"Shop\",\"item\":\"https:\/\/vapingnet.de\/vape\/\"},{\"@type\":\"ListItem\",\"position\":3,\"name\":\"15000 Z\u00fcge purer Geschmack Bang King Digital Strawberry Watermelon\"}]},{\"@type\":\"WebSite\",\"@id\":\"https:\/\/vapingnet.de\/#website\",\"url\":\"https:\/\/vapingnet.de\/\",\"name\":\"Vapingnet.de\",\"description\":\"\",\"publisher\":{\"@id\":\"https:\/\/vapingnet.de\/#organization\"},\"potentialAction\":[{\"@type\":\"SearchAction\",\"target\":{\"@type\":\"EntryPoint\",\"urlTemplate\":\"https:\/\/vapingnet.de\/?s={search_term_string}\"},\"query-input\":{\"@type\":\"PropertyValueSpecification\",\"valueRequired\":true,\"valueName\":\"search_term_string\"}}],\"inLanguage\":\"fr-FR\"},{\"@type\":\"Organization\",\"@id\":\"https:\/\/vapingnet.de\/#organization\",\"name\":\"Vapingnet.de\",\"url\":\"https:\/\/vapingnet.de\/\",\"logo\":{\"@type\":\"ImageObject\",\"inLanguage\":\"fr-FR\",\"@id\":\"https:\/\/vapingnet.de\/#\/schema\/logo\/image\/\",\"url\":\"https:\/\/vapingnet.de\/wp-content\/uploads\/2025\/03\/cropped-vapingnet.de_.jpg\",\"contentUrl\":\"https:\/\/vapingnet.de\/wp-content\/uploads\/2025\/03\/cropped-vapingnet.de_.jpg\",\"width\":512,\"height\":512,\"caption\":\"Vapingnet.de\"},\"image\":{\"@id\":\"https:\/\/vapingnet.de\/#\/schema\/logo\/image\/\"},\"sameAs\":[\"https:\/\/www.facebook.com\/vapingnetde\/\"]}]}<\/script>\n<!-- \/ Yoast SEO plugin. -->","yoast_head_json":{"title":"15000 Z\u00fcge purer Geschmack Bang King Digital Strawberry Watermelon | Vapingnet.de","description":"Entdecke 15000 Z\u00fcge purer Geschmack Bang King Digital Strawberry Watermelon bei vapingnet.de, \u25ba Gro\u00dfe Auswahl an Geschmacksrichtungen & super g\u00fcnstig!","robots":{"index":"index","follow":"follow","max-snippet":"max-snippet:-1","max-image-preview":"max-image-preview:large","max-video-preview":"max-video-preview:-1"},"canonical":"https:\/\/vapingnet.de\/fr\/vape\/15000-zuege-purer-geschmack-bang-king-digital-strawberry-watermelon\/","og_locale":"fr_FR","og_type":"article","og_title":"15000 Z\u00fcge purer Geschmack Bang King Digital Strawberry Watermelon | Vapingnet.de","og_description":"Entdecke 15000 Z\u00fcge purer Geschmack Bang King Digital Strawberry Watermelon bei vapingnet.de, \u25ba Gro\u00dfe Auswahl an Geschmacksrichtungen & super g\u00fcnstig!","og_url":"https:\/\/vapingnet.de\/fr\/vape\/15000-zuege-purer-geschmack-bang-king-digital-strawberry-watermelon\/","og_site_name":"Vapingnet.de","article_publisher":"https:\/\/www.facebook.com\/vapingnetde\/","article_modified_time":"2025-06-19T03:40:10+00:00","og_image":[{"width":900,"height":600,"url":"https:\/\/vapingnet.de\/wp-content\/uploads\/2025\/03\/Strawberry-Watermelon-4.png","type":"image\/png"}],"twitter_card":"summary_large_image","twitter_misc":{"Dur\u00e9e de lecture estim\u00e9e":"3 minutes"},"schema":{"@context":"https:\/\/schema.org","@graph":[{"@type":"WebPage","@id":"https:\/\/vapingnet.de\/vape\/15000-zuege-purer-geschmack-bang-king-digital-strawberry-watermelon\/","url":"https:\/\/vapingnet.de\/vape\/15000-zuege-purer-geschmack-bang-king-digital-strawberry-watermelon\/","name":"15000 Z\u00fcge purer Geschmack Bang King Digital Strawberry Watermelon | Vapingnet.de","isPartOf":{"@id":"https:\/\/vapingnet.de\/#website"},"primaryImageOfPage":{"@id":"https:\/\/vapingnet.de\/vape\/15000-zuege-purer-geschmack-bang-king-digital-strawberry-watermelon\/#primaryimage"},"image":{"@id":"https:\/\/vapingnet.de\/vape\/15000-zuege-purer-geschmack-bang-king-digital-strawberry-watermelon\/#primaryimage"},"thumbnailUrl":"https:\/\/vapingnet.de\/wp-content\/uploads\/2025\/03\/Strawberry-Watermelon-4.png","datePublished":"2025-03-25T06:36:10+00:00","dateModified":"2025-06-19T03:40:10+00:00","description":"Entdecke 15000 Z\u00fcge purer Geschmack Bang King Digital Strawberry Watermelon bei vapingnet.de, \u25ba Gro\u00dfe Auswahl an Geschmacksrichtungen & super g\u00fcnstig!","breadcrumb":{"@id":"https:\/\/vapingnet.de\/vape\/15000-zuege-purer-geschmack-bang-king-digital-strawberry-watermelon\/#breadcrumb"},"inLanguage":"fr-FR","potentialAction":[{"@type":"ReadAction","target":["https:\/\/vapingnet.de\/vape\/15000-zuege-purer-geschmack-bang-king-digital-strawberry-watermelon\/"]}]},{"@type":"ImageObject","inLanguage":"fr-FR","@id":"https:\/\/vapingnet.de\/vape\/15000-zuege-purer-geschmack-bang-king-digital-strawberry-watermelon\/#primaryimage","url":"https:\/\/vapingnet.de\/wp-content\/uploads\/2025\/03\/Strawberry-Watermelon-4.png","contentUrl":"https:\/\/vapingnet.de\/wp-content\/uploads\/2025\/03\/Strawberry-Watermelon-4.png","width":900,"height":600,"caption":"Strawberry Watermelon"},{"@type":"BreadcrumbList","@id":"https:\/\/vapingnet.de\/vape\/15000-zuege-purer-geschmack-bang-king-digital-strawberry-watermelon\/#breadcrumb","itemListElement":[{"@type":"ListItem","position":1,"name":"Home","item":"https:\/\/vapingnet.de\/"},{"@type":"ListItem","position":2,"name":"Shop","item":"https:\/\/vapingnet.de\/vape\/"},{"@type":"ListItem","position":3,"name":"15000 Z\u00fcge purer Geschmack Bang King Digital Strawberry Watermelon"}]},{"@type":"WebSite","@id":"https:\/\/vapingnet.de\/#website","url":"https:\/\/vapingnet.de\/","name":"Vapingnet.de","description":"","publisher":{"@id":"https:\/\/vapingnet.de\/#organization"},"potentialAction":[{"@type":"SearchAction","target":{"@type":"EntryPoint","urlTemplate":"https:\/\/vapingnet.de\/?s={search_term_string}"},"query-input":{"@type":"PropertyValueSpecification","valueRequired":true,"valueName":"search_term_string"}}],"inLanguage":"fr-FR"},{"@type":"Organization","@id":"https:\/\/vapingnet.de\/#organization","name":"Vapingnet.de","url":"https:\/\/vapingnet.de\/","logo":{"@type":"ImageObject","inLanguage":"fr-FR","@id":"https:\/\/vapingnet.de\/#\/schema\/logo\/image\/","url":"https:\/\/vapingnet.de\/wp-content\/uploads\/2025\/03\/cropped-vapingnet.de_.jpg","contentUrl":"https:\/\/vapingnet.de\/wp-content\/uploads\/2025\/03\/cropped-vapingnet.de_.jpg","width":512,"height":512,"caption":"Vapingnet.de"},"image":{"@id":"https:\/\/vapingnet.de\/#\/schema\/logo\/image\/"},"sameAs":["https:\/\/www.facebook.com\/vapingnetde\/"]}]}},"tiered_pricing_type":"fixed","tiered_pricing_fixed_rules":{"10":"6.83","60":"6.15","110":"5.46","200":"4.78"},"tiered_pricing_product_settings":{"layout":"default","base_unit_name":{"singular":null,"plural":null},"default_variation":null},"tiered_pricing_minimum_quantity":null,"tiered_pricing_roles_data":[],"tiered_pricing_percentage_rules":[],"_links":{"self":[{"href":"https:\/\/vapingnet.de\/fr\/wp-json\/wp\/v2\/product\/5871","targetHints":{"allow":["GET"]}}],"collection":[{"href":"https:\/\/vapingnet.de\/fr\/wp-json\/wp\/v2\/product"}],"about":[{"href":"https:\/\/vapingnet.de\/fr\/wp-json\/wp\/v2\/types\/product"}],"version-history":[{"count":1,"href":"https:\/\/vapingnet.de\/fr\/wp-json\/wp\/v2\/product\/5871\/revisions"}],"predecessor-version":[{"id":5883,"href":"https:\/\/vapingnet.de\/fr\/wp-json\/wp\/v2\/product\/5871\/revisions\/5883"}],"wp:featuredmedia":[{"embeddable":true,"href":"https:\/\/vapingnet.de\/fr\/wp-json\/wp\/v2\/media\/5876"}],"wp:attachment":[{"href":"https:\/\/vapingnet.de\/fr\/wp-json\/wp\/v2\/media?parent=5871"}],"wp:term":[{"taxonomy":"brand","embeddable":true,"href":"https:\/\/vapingnet.de\/fr\/wp-json\/wp\/v2\/etheme_brands?post=5871"},{"taxonomy":"product_brand","embeddable":true,"href":"https:\/\/vapingnet.de\/fr\/wp-json\/wp\/v2\/product_brand?post=5871"},{"taxonomy":"product_cat","embeddable":true,"href":"https:\/\/vapingnet.de\/fr\/wp-json\/wp\/v2\/product_cat?post=5871"},{"taxonomy":"product_tag","embeddable":true,"href":"https:\/\/vapingnet.de\/fr\/wp-json\/wp\/v2\/product_tag?post=5871"}],"curies":[{"name":"wp","href":"https:\/\/api.w.org\/{rel}","templated":true}]}}