{"id":5874,"date":"2025-03-25T06:36:14","date_gmt":"2025-03-25T06:36:14","guid":{"rendered":"https:\/\/vapingnet.de\/?post_type=product&#038;p=5874"},"modified":"2025-06-19T03:40:09","modified_gmt":"2025-06-19T03:40:09","slug":"15000-zuege-mit-aloe-grape-bang-king-digital-fuer-dich","status":"publish","type":"product","link":"https:\/\/vapingnet.de\/fr\/vape\/15000-zuege-mit-aloe-grape-bang-king-digital-fuer-dich\/","title":{"rendered":"15000 bouff\u00e9es avec Aloe Grape Bang King Digital pour vous"},"content":{"rendered":"<h2 data-start=\"0\" data-end=\"93\" data-immersive-translate-walked=\"be435e60-77a0-46e9-a6da-6d61292a5e22\">Bang King Digital 15000 Bouff\u00e9es Cigarette \u00c9lectronique Jetable \u2013 Saveur Fra\u00eeche, Plaisir Ultime<\/h2>\n<p class=\"\" data-start=\"95\" data-end=\"523\" data-immersive-translate-walked=\"be435e60-77a0-46e9-a6da-6d61292a5e22\">La Bang King Digital 15000 Bouff\u00e9es Cigarette \u00c9lectronique Jetable s'est impos\u00e9e sur le march\u00e9 comme l'une des meilleures options pour tous ceux qui recherchent une exp\u00e9rience de vapotage puissante, \u00e9l\u00e9gante et durable. Avec un nombre impressionnant de bouff\u00e9es, des ar\u00f4mes d\u00e9licieux et des effets lumineux RGB impressionnants, cette cigarette \u00e9lectronique est le compagnon parfait pour ceux qui souhaitent vivre une exp\u00e9rience de vapotage exceptionnelle.<\/p>\n<h5 data-start=\"525\" data-end=\"570\" data-immersive-translate-walked=\"be435e60-77a0-46e9-a6da-6d61292a5e22\">Utilisation extr\u00eamement longue, performance forte<\/h5>\n<ul data-start=\"572\" data-end=\"1111\" data-immersive-translate-walked=\"be435e60-77a0-46e9-a6da-6d61292a5e22\">\n<li class=\"\" data-start=\"572\" data-end=\"830\" data-immersive-translate-walked=\"be435e60-77a0-46e9-a6da-6d61292a5e22\">\n<p class=\"\" data-start=\"574\" data-end=\"830\" data-immersive-translate-walked=\"be435e60-77a0-46e9-a6da-6d61292a5e22\">15000 bouff\u00e9es : Chaque Bang King Digital 15000 Bouff\u00e9es cigarette \u00e9lectronique jetable offre jusqu'\u00e0 15000 bouff\u00e9es, ce qui signifie que vous n'avez pas besoin de changer fr\u00e9quemment. Cette longue dur\u00e9e de vie garantit un vapotage confortable sur une p\u00e9riode prolong\u00e9e.<\/p>\n<\/li>\n<li class=\"\" data-start=\"832\" data-end=\"1111\" data-immersive-translate-walked=\"be435e60-77a0-46e9-a6da-6d61292a5e22\">\n<p class=\"\" data-start=\"834\" data-end=\"1111\" data-immersive-translate-walked=\"be435e60-77a0-46e9-a6da-6d61292a5e22\">Batterie rechargeable de 650mAh : La batterie de 650mAh se recharge via le port USB-C rapide. Cela garantit que votre batterie se recharge rapidement et vous offre une performance durable, sans vous soucier d'une d\u00e9charge rapide.<\/p>\n<\/li>\n<\/ul>\n<h5 data-start=\"1113\" data-end=\"1155\" data-immersive-translate-walked=\"be435e60-77a0-46e9-a6da-6d61292a5e22\">Saveur fra\u00eeche, fra\u00eecheur glac\u00e9e<\/h5>\n<ul data-start=\"1157\" data-end=\"1494\" data-immersive-translate-walked=\"be435e60-77a0-46e9-a6da-6d61292a5e22\">\n<li class=\"\" data-start=\"1157\" data-end=\"1494\" data-immersive-translate-walked=\"be435e60-77a0-46e9-a6da-6d61292a5e22\">\n<p class=\"\" data-start=\"1159\" data-end=\"1494\" data-immersive-translate-walked=\"be435e60-77a0-46e9-a6da-6d61292a5e22\">Saveur Aloe Grape : La saveur de la combinaison Aloe Grape associe le go\u00fbt frais et vert de l'Aloe Vera \u00e0 l'ar\u00f4me sucr\u00e9 et fruit\u00e9 du raisin. Chaque bouff\u00e9e vous offre une exp\u00e9rience rafra\u00eechissante et rafra\u00eechissante qui stimule vos sens et vous rafra\u00eechit en toute situation \u2013 id\u00e9al pour les journ\u00e9es chaudes ou les moments de d\u00e9tente.<\/p>\n<\/li>\n<\/ul>\n<h5>Effets lumineux RGB impressionnants<\/h5>\n<ul data-start=\"1537\" data-end=\"1828\" data-immersive-translate-walked=\"be435e60-77a0-46e9-a6da-6d61292a5e22\">\n<li class=\"\" data-start=\"1537\" data-end=\"1828\" data-immersive-translate-walked=\"be435e60-77a0-46e9-a6da-6d61292a5e22\">\n<p class=\"\" data-start=\"1539\" data-end=\"1828\" data-immersive-translate-walked=\"be435e60-77a0-46e9-a6da-6d61292a5e22\">Indicateur lumineux RGB : Avec l'\u00e9clairage RGB, chaque vapotage devient une exp\u00e9rience visuelle. La lumi\u00e8re change en fonction de la bouff\u00e9e et offre une repr\u00e9sentation color\u00e9e vive et \u00e9poustouflante. Il apporte non seulement de la fonctionnalit\u00e9, mais aussi du style et de la personnalit\u00e9 \u00e0 votre exp\u00e9rience de vapotage.<\/p>\n<\/li>\n<\/ul>\n<h5 data-start=\"1830\" data-end=\"1885\" data-immersive-translate-walked=\"be435e60-77a0-46e9-a6da-6d61292a5e22\">Grande capacit\u00e9 de liquide, plaisir durable<\/h5>\n<ul data-start=\"1887\" data-end=\"2416\" data-immersive-translate-walked=\"be435e60-77a0-46e9-a6da-6d61292a5e22\">\n<li class=\"\" data-start=\"1887\" data-end=\"2128\" data-immersive-translate-walked=\"be435e60-77a0-46e9-a6da-6d61292a5e22\">\n<p class=\"\" data-start=\"1889\" data-end=\"2128\" data-immersive-translate-walked=\"be435e60-77a0-46e9-a6da-6d61292a5e22\">25ml de e-liquide : Avec une capacit\u00e9 de 25ml de liquide, vous pouvez profiter d'une exp\u00e9rience de vapotage prolong\u00e9e sans avoir \u00e0 remplir constamment. Chaque fois que vous aspirez, vous profitez d'une saveur uniforme et intense.<\/p>\n<\/li>\n<li class=\"\" data-start=\"2130\" data-end=\"2416\" data-immersive-translate-walked=\"be435e60-77a0-46e9-a6da-6d61292a5e22\">\n<p class=\"\" data-start=\"2132\" data-end=\"2416\" data-immersive-translate-walked=\"be435e60-77a0-46e9-a6da-6d61292a5e22\">L\u00e9g\u00e8re et portable : Avec seulement 90g, la cigarette \u00e9lectronique est incroyablement l\u00e9g\u00e8re et facile \u00e0 transporter. Elle se glisse facilement dans votre poche et vous permet de profiter d'une exp\u00e9rience de vapotage confortable \u00e0 tout moment \u2013 que ce soit en voyage ou lors de rencontres avec des amis.<\/p>\n<\/li>\n<\/ul>\n<h5 data-start=\"2418\" data-end=\"2470\" data-immersive-translate-walked=\"be435e60-77a0-46e9-a6da-6d61292a5e22\">Diff\u00e9rentes concentrations de nicotine pour tous les besoins<\/h5>\n<ul data-start=\"2472\" data-end=\"2799\" data-immersive-translate-walked=\"be435e60-77a0-46e9-a6da-6d61292a5e22\">\n<li class=\"\" data-start=\"2472\" data-end=\"2799\" data-immersive-translate-walked=\"be435e60-77a0-46e9-a6da-6d61292a5e22\">\n<p class=\"\" data-start=\"2474\" data-end=\"2799\" data-immersive-translate-walked=\"be435e60-77a0-46e9-a6da-6d61292a5e22\">La cigarette \u00e9lectronique jetable Bang King Digital 15000 Bouff\u00e9es est disponible en quatre niveaux de nicotine : 0%, 2%, 3%, 5%. Cette diversit\u00e9 garantit que vous trouverez exactement le niveau de nicotine qui correspond \u00e0 vos pr\u00e9f\u00e9rences. Si vous pr\u00e9f\u00e9rez 0% ou 3%, vous pouvez passer une commande en gros pour satisfaire vos besoins.<\/p>\n<\/li>\n<\/ul>\n<h5 data-start=\"2801\" data-end=\"2850\" data-immersive-translate-walked=\"be435e60-77a0-46e9-a6da-6d61292a5e22\">Achats sans douane, exp\u00e9rience sans souci<\/h5>\n<ul data-start=\"2852\" data-end=\"3050\" data-immersive-translate-walked=\"be435e60-77a0-46e9-a6da-6d61292a5e22\">\n<li class=\"\" data-start=\"2852\" data-end=\"3050\" data-immersive-translate-walked=\"be435e60-77a0-46e9-a6da-6d61292a5e22\">\n<p class=\"\" data-start=\"2854\" data-end=\"3050\" data-immersive-translate-walked=\"be435e60-77a0-46e9-a6da-6d61292a5e22\">Lors de l'achat sur vapingnet.fr, aucune taxe douani\u00e8re n'est appliqu\u00e9e. Vous pouvez ainsi profiter de votre cigarette \u00e9lectronique sans co\u00fbts suppl\u00e9mentaires et b\u00e9n\u00e9ficier d'une livraison simple \u2013 m\u00eame \u00e0 l'international.<\/p>\n<\/li>\n<\/ul>\n<h3>Pourquoi choisir la Bang King Digital 15000 Bouff\u00e9es ?<\/h3>\n<ul data-start=\"3121\" data-end=\"3650\" data-immersive-translate-walked=\"be435e60-77a0-46e9-a6da-6d61292a5e22\">\n<li class=\"\" data-start=\"3121\" data-end=\"3297\" data-immersive-translate-walked=\"be435e60-77a0-46e9-a6da-6d61292a5e22\">\n<p class=\"\" data-start=\"3123\" data-end=\"3297\" data-immersive-translate-walked=\"be435e60-77a0-46e9-a6da-6d61292a5e22\">Utilisation prolong\u00e9e : Avec 15000 bouff\u00e9es, cette cigarette \u00e9lectronique offre une dur\u00e9e d'utilisation exceptionnellement longue, vous \u00e9vitant de vous soucier du rechargement constant.<\/p>\n<\/li>\n<li class=\"\" data-start=\"3299\" data-end=\"3483\" data-immersive-translate-walked=\"be435e60-77a0-46e9-a6da-6d61292a5e22\">\n<p class=\"\" data-start=\"3301\" data-end=\"3483\" data-immersive-translate-walked=\"be435e60-77a0-46e9-a6da-6d61292a5e22\">Saveur fra\u00eeche : La saveur Aloe Grape est le m\u00e9lange parfait de douceur fruit\u00e9e et de fra\u00eecheur rafra\u00eechissante, rendant chaque vapotage agr\u00e9able.<\/p>\n<\/li>\n<li class=\"\" data-start=\"3485\" data-end=\"3650\" data-immersive-translate-walked=\"be435e60-77a0-46e9-a6da-6d61292a5e22\">\n<p class=\"\" data-start=\"3487\" data-end=\"3650\" data-immersive-translate-walked=\"be435e60-77a0-46e9-a6da-6d61292a5e22\">Effets lumineux RGB impressionnants : L'\u00e9clairage RGB ne se limite pas \u00e0 un point fort visuel, il donne \u00e9galement une touche personnelle \u00e0 votre exp\u00e9rience de vapotage.<\/p>\n<\/li>\n<\/ul>\n<h4 data-start=\"3652\" data-end=\"3707\" data-immersive-translate-walked=\"be435e60-77a0-46e9-a6da-6d61292a5e22\">D\u00e9couvre d\u00e8s maintenant la Bang King Digital 15000 Bouff\u00e9es !<\/h4>\n<p class=\"\" data-start=\"3709\" data-end=\"3982\" data-immersive-translate-walked=\"be435e60-77a0-46e9-a6da-6d61292a5e22\">Visitez vapingnet.fr et commandez d\u00e8s aujourd'hui votre cigarette \u00e9lectronique Bang King Digital 15000 Bouff\u00e9es. Profitez d'une longue utilisation, d'exp\u00e9riences gustatives excitantes et d'un design unique qui rend votre vapotage vraiment sp\u00e9cial !<\/p>","protected":false},"excerpt":{"rendered":"<p>Bang King Digital 15000 Puffs Einweg E-Zigarette \u2013 Frischer Geschmack, ultimativer Genuss Die Bang King Digital 15000 Puffs Einweg E-Zigarette hat sich auf dem Markt&#8230;<\/p>","protected":false},"featured_media":5879,"template":"","meta":[],"etheme_brands":[],"product_brand":[101],"product_cat":[53,49,61],"product_tag":[],"class_list":{"0":"post-5874","1":"product","2":"type-product","3":"status-publish","4":"has-post-thumbnail","6":"product_brand-bang-king-vape","7":"product_cat-vape-15000-zuege","8":"product_cat-einweg-e-zigarette","9":"product_cat-f","11":"first","12":"instock","13":"shipping-taxable","14":"purchasable","15":"product-type-simple"},"yoast_head":"<!-- This site is optimized with the Yoast SEO plugin v26.5 - https:\/\/yoast.com\/wordpress\/plugins\/seo\/ -->\n<title>15000 Z\u00fcge mit Aloe Grape Bang King Digital f\u00fcr Dich | Vapingnet.de<\/title>\n<meta name=\"description\" content=\"Entdecke 15000 Z\u00fcge mit Aloe Grape Bang King Digital f\u00fcr Dich bei vapingnet.de, \u25ba Gro\u00dfe Auswahl an Geschmacksrichtungen &amp; super g\u00fcnstig!\" \/>\n<meta name=\"robots\" content=\"index, follow, max-snippet:-1, max-image-preview:large, max-video-preview:-1\" \/>\n<link rel=\"canonical\" href=\"https:\/\/vapingnet.de\/fr\/vape\/15000-zuege-mit-aloe-grape-bang-king-digital-fuer-dich\/\" \/>\n<meta property=\"og:locale\" content=\"fr_FR\" \/>\n<meta property=\"og:type\" content=\"article\" \/>\n<meta property=\"og:title\" content=\"15000 Z\u00fcge mit Aloe Grape Bang King Digital f\u00fcr Dich | Vapingnet.de\" \/>\n<meta property=\"og:description\" content=\"Entdecke 15000 Z\u00fcge mit Aloe Grape Bang King Digital f\u00fcr Dich bei vapingnet.de, \u25ba Gro\u00dfe Auswahl an Geschmacksrichtungen &amp; super g\u00fcnstig!\" \/>\n<meta property=\"og:url\" content=\"https:\/\/vapingnet.de\/fr\/vape\/15000-zuege-mit-aloe-grape-bang-king-digital-fuer-dich\/\" \/>\n<meta property=\"og:site_name\" content=\"Vapingnet.de\" \/>\n<meta property=\"article:publisher\" content=\"https:\/\/www.facebook.com\/vapingnetde\/\" \/>\n<meta property=\"article:modified_time\" content=\"2025-06-19T03:40:09+00:00\" \/>\n<meta property=\"og:image\" content=\"https:\/\/vapingnet.de\/wp-content\/uploads\/2025\/03\/Aloe-Grape.png\" \/>\n\t<meta property=\"og:image:width\" content=\"900\" \/>\n\t<meta property=\"og:image:height\" content=\"600\" \/>\n\t<meta property=\"og:image:type\" content=\"image\/png\" \/>\n<meta name=\"twitter:card\" content=\"summary_large_image\" \/>\n<meta name=\"twitter:label1\" content=\"Dur\u00e9e de lecture estim\u00e9e\" \/>\n\t<meta name=\"twitter:data1\" content=\"3 minutes\" \/>\n<script type=\"application\/ld+json\" class=\"yoast-schema-graph\">{\"@context\":\"https:\/\/schema.org\",\"@graph\":[{\"@type\":\"WebPage\",\"@id\":\"https:\/\/vapingnet.de\/vape\/15000-zuege-mit-aloe-grape-bang-king-digital-fuer-dich\/\",\"url\":\"https:\/\/vapingnet.de\/vape\/15000-zuege-mit-aloe-grape-bang-king-digital-fuer-dich\/\",\"name\":\"15000 Z\u00fcge mit Aloe Grape Bang King Digital f\u00fcr Dich | Vapingnet.de\",\"isPartOf\":{\"@id\":\"https:\/\/vapingnet.de\/#website\"},\"primaryImageOfPage\":{\"@id\":\"https:\/\/vapingnet.de\/vape\/15000-zuege-mit-aloe-grape-bang-king-digital-fuer-dich\/#primaryimage\"},\"image\":{\"@id\":\"https:\/\/vapingnet.de\/vape\/15000-zuege-mit-aloe-grape-bang-king-digital-fuer-dich\/#primaryimage\"},\"thumbnailUrl\":\"https:\/\/vapingnet.de\/wp-content\/uploads\/2025\/03\/Aloe-Grape.png\",\"datePublished\":\"2025-03-25T06:36:14+00:00\",\"dateModified\":\"2025-06-19T03:40:09+00:00\",\"description\":\"Entdecke 15000 Z\u00fcge mit Aloe Grape Bang King Digital f\u00fcr Dich bei vapingnet.de, \u25ba Gro\u00dfe Auswahl an Geschmacksrichtungen & super g\u00fcnstig!\",\"breadcrumb\":{\"@id\":\"https:\/\/vapingnet.de\/vape\/15000-zuege-mit-aloe-grape-bang-king-digital-fuer-dich\/#breadcrumb\"},\"inLanguage\":\"fr-FR\",\"potentialAction\":[{\"@type\":\"ReadAction\",\"target\":[\"https:\/\/vapingnet.de\/vape\/15000-zuege-mit-aloe-grape-bang-king-digital-fuer-dich\/\"]}]},{\"@type\":\"ImageObject\",\"inLanguage\":\"fr-FR\",\"@id\":\"https:\/\/vapingnet.de\/vape\/15000-zuege-mit-aloe-grape-bang-king-digital-fuer-dich\/#primaryimage\",\"url\":\"https:\/\/vapingnet.de\/wp-content\/uploads\/2025\/03\/Aloe-Grape.png\",\"contentUrl\":\"https:\/\/vapingnet.de\/wp-content\/uploads\/2025\/03\/Aloe-Grape.png\",\"width\":900,\"height\":600,\"caption\":\"Aloe Grape\"},{\"@type\":\"BreadcrumbList\",\"@id\":\"https:\/\/vapingnet.de\/vape\/15000-zuege-mit-aloe-grape-bang-king-digital-fuer-dich\/#breadcrumb\",\"itemListElement\":[{\"@type\":\"ListItem\",\"position\":1,\"name\":\"Home\",\"item\":\"https:\/\/vapingnet.de\/\"},{\"@type\":\"ListItem\",\"position\":2,\"name\":\"Shop\",\"item\":\"https:\/\/vapingnet.de\/vape\/\"},{\"@type\":\"ListItem\",\"position\":3,\"name\":\"15000 Z\u00fcge mit Aloe Grape Bang King Digital f\u00fcr Dich\"}]},{\"@type\":\"WebSite\",\"@id\":\"https:\/\/vapingnet.de\/#website\",\"url\":\"https:\/\/vapingnet.de\/\",\"name\":\"Vapingnet.de\",\"description\":\"\",\"publisher\":{\"@id\":\"https:\/\/vapingnet.de\/#organization\"},\"potentialAction\":[{\"@type\":\"SearchAction\",\"target\":{\"@type\":\"EntryPoint\",\"urlTemplate\":\"https:\/\/vapingnet.de\/?s={search_term_string}\"},\"query-input\":{\"@type\":\"PropertyValueSpecification\",\"valueRequired\":true,\"valueName\":\"search_term_string\"}}],\"inLanguage\":\"fr-FR\"},{\"@type\":\"Organization\",\"@id\":\"https:\/\/vapingnet.de\/#organization\",\"name\":\"Vapingnet.de\",\"url\":\"https:\/\/vapingnet.de\/\",\"logo\":{\"@type\":\"ImageObject\",\"inLanguage\":\"fr-FR\",\"@id\":\"https:\/\/vapingnet.de\/#\/schema\/logo\/image\/\",\"url\":\"https:\/\/vapingnet.de\/wp-content\/uploads\/2025\/03\/cropped-vapingnet.de_.jpg\",\"contentUrl\":\"https:\/\/vapingnet.de\/wp-content\/uploads\/2025\/03\/cropped-vapingnet.de_.jpg\",\"width\":512,\"height\":512,\"caption\":\"Vapingnet.de\"},\"image\":{\"@id\":\"https:\/\/vapingnet.de\/#\/schema\/logo\/image\/\"},\"sameAs\":[\"https:\/\/www.facebook.com\/vapingnetde\/\"]}]}<\/script>\n<!-- \/ Yoast SEO plugin. -->","yoast_head_json":{"title":"15000 Z\u00fcge mit Aloe Grape Bang King Digital f\u00fcr Dich | Vapingnet.de","description":"Entdecke 15000 Z\u00fcge mit Aloe Grape Bang King Digital f\u00fcr Dich bei vapingnet.de, \u25ba Gro\u00dfe Auswahl an Geschmacksrichtungen & super g\u00fcnstig!","robots":{"index":"index","follow":"follow","max-snippet":"max-snippet:-1","max-image-preview":"max-image-preview:large","max-video-preview":"max-video-preview:-1"},"canonical":"https:\/\/vapingnet.de\/fr\/vape\/15000-zuege-mit-aloe-grape-bang-king-digital-fuer-dich\/","og_locale":"fr_FR","og_type":"article","og_title":"15000 Z\u00fcge mit Aloe Grape Bang King Digital f\u00fcr Dich | Vapingnet.de","og_description":"Entdecke 15000 Z\u00fcge mit Aloe Grape Bang King Digital f\u00fcr Dich bei vapingnet.de, \u25ba Gro\u00dfe Auswahl an Geschmacksrichtungen & super g\u00fcnstig!","og_url":"https:\/\/vapingnet.de\/fr\/vape\/15000-zuege-mit-aloe-grape-bang-king-digital-fuer-dich\/","og_site_name":"Vapingnet.de","article_publisher":"https:\/\/www.facebook.com\/vapingnetde\/","article_modified_time":"2025-06-19T03:40:09+00:00","og_image":[{"width":900,"height":600,"url":"https:\/\/vapingnet.de\/wp-content\/uploads\/2025\/03\/Aloe-Grape.png","type":"image\/png"}],"twitter_card":"summary_large_image","twitter_misc":{"Dur\u00e9e de lecture estim\u00e9e":"3 minutes"},"schema":{"@context":"https:\/\/schema.org","@graph":[{"@type":"WebPage","@id":"https:\/\/vapingnet.de\/vape\/15000-zuege-mit-aloe-grape-bang-king-digital-fuer-dich\/","url":"https:\/\/vapingnet.de\/vape\/15000-zuege-mit-aloe-grape-bang-king-digital-fuer-dich\/","name":"15000 Z\u00fcge mit Aloe Grape Bang King Digital f\u00fcr Dich | Vapingnet.de","isPartOf":{"@id":"https:\/\/vapingnet.de\/#website"},"primaryImageOfPage":{"@id":"https:\/\/vapingnet.de\/vape\/15000-zuege-mit-aloe-grape-bang-king-digital-fuer-dich\/#primaryimage"},"image":{"@id":"https:\/\/vapingnet.de\/vape\/15000-zuege-mit-aloe-grape-bang-king-digital-fuer-dich\/#primaryimage"},"thumbnailUrl":"https:\/\/vapingnet.de\/wp-content\/uploads\/2025\/03\/Aloe-Grape.png","datePublished":"2025-03-25T06:36:14+00:00","dateModified":"2025-06-19T03:40:09+00:00","description":"Entdecke 15000 Z\u00fcge mit Aloe Grape Bang King Digital f\u00fcr Dich bei vapingnet.de, \u25ba Gro\u00dfe Auswahl an Geschmacksrichtungen & super g\u00fcnstig!","breadcrumb":{"@id":"https:\/\/vapingnet.de\/vape\/15000-zuege-mit-aloe-grape-bang-king-digital-fuer-dich\/#breadcrumb"},"inLanguage":"fr-FR","potentialAction":[{"@type":"ReadAction","target":["https:\/\/vapingnet.de\/vape\/15000-zuege-mit-aloe-grape-bang-king-digital-fuer-dich\/"]}]},{"@type":"ImageObject","inLanguage":"fr-FR","@id":"https:\/\/vapingnet.de\/vape\/15000-zuege-mit-aloe-grape-bang-king-digital-fuer-dich\/#primaryimage","url":"https:\/\/vapingnet.de\/wp-content\/uploads\/2025\/03\/Aloe-Grape.png","contentUrl":"https:\/\/vapingnet.de\/wp-content\/uploads\/2025\/03\/Aloe-Grape.png","width":900,"height":600,"caption":"Aloe Grape"},{"@type":"BreadcrumbList","@id":"https:\/\/vapingnet.de\/vape\/15000-zuege-mit-aloe-grape-bang-king-digital-fuer-dich\/#breadcrumb","itemListElement":[{"@type":"ListItem","position":1,"name":"Home","item":"https:\/\/vapingnet.de\/"},{"@type":"ListItem","position":2,"name":"Shop","item":"https:\/\/vapingnet.de\/vape\/"},{"@type":"ListItem","position":3,"name":"15000 Z\u00fcge mit Aloe Grape Bang King Digital f\u00fcr Dich"}]},{"@type":"WebSite","@id":"https:\/\/vapingnet.de\/#website","url":"https:\/\/vapingnet.de\/","name":"Vapingnet.de","description":"","publisher":{"@id":"https:\/\/vapingnet.de\/#organization"},"potentialAction":[{"@type":"SearchAction","target":{"@type":"EntryPoint","urlTemplate":"https:\/\/vapingnet.de\/?s={search_term_string}"},"query-input":{"@type":"PropertyValueSpecification","valueRequired":true,"valueName":"search_term_string"}}],"inLanguage":"fr-FR"},{"@type":"Organization","@id":"https:\/\/vapingnet.de\/#organization","name":"Vapingnet.de","url":"https:\/\/vapingnet.de\/","logo":{"@type":"ImageObject","inLanguage":"fr-FR","@id":"https:\/\/vapingnet.de\/#\/schema\/logo\/image\/","url":"https:\/\/vapingnet.de\/wp-content\/uploads\/2025\/03\/cropped-vapingnet.de_.jpg","contentUrl":"https:\/\/vapingnet.de\/wp-content\/uploads\/2025\/03\/cropped-vapingnet.de_.jpg","width":512,"height":512,"caption":"Vapingnet.de"},"image":{"@id":"https:\/\/vapingnet.de\/#\/schema\/logo\/image\/"},"sameAs":["https:\/\/www.facebook.com\/vapingnetde\/"]}]}},"tiered_pricing_type":"fixed","tiered_pricing_fixed_rules":{"10":"6.83","60":"6.15","110":"5.46","200":"4.78"},"tiered_pricing_product_settings":{"layout":"default","base_unit_name":{"singular":null,"plural":null},"default_variation":null},"tiered_pricing_minimum_quantity":null,"tiered_pricing_roles_data":[],"tiered_pricing_percentage_rules":[],"_links":{"self":[{"href":"https:\/\/vapingnet.de\/fr\/wp-json\/wp\/v2\/product\/5874","targetHints":{"allow":["GET"]}}],"collection":[{"href":"https:\/\/vapingnet.de\/fr\/wp-json\/wp\/v2\/product"}],"about":[{"href":"https:\/\/vapingnet.de\/fr\/wp-json\/wp\/v2\/types\/product"}],"version-history":[{"count":1,"href":"https:\/\/vapingnet.de\/fr\/wp-json\/wp\/v2\/product\/5874\/revisions"}],"predecessor-version":[{"id":5886,"href":"https:\/\/vapingnet.de\/fr\/wp-json\/wp\/v2\/product\/5874\/revisions\/5886"}],"wp:featuredmedia":[{"embeddable":true,"href":"https:\/\/vapingnet.de\/fr\/wp-json\/wp\/v2\/media\/5879"}],"wp:attachment":[{"href":"https:\/\/vapingnet.de\/fr\/wp-json\/wp\/v2\/media?parent=5874"}],"wp:term":[{"taxonomy":"brand","embeddable":true,"href":"https:\/\/vapingnet.de\/fr\/wp-json\/wp\/v2\/etheme_brands?post=5874"},{"taxonomy":"product_brand","embeddable":true,"href":"https:\/\/vapingnet.de\/fr\/wp-json\/wp\/v2\/product_brand?post=5874"},{"taxonomy":"product_cat","embeddable":true,"href":"https:\/\/vapingnet.de\/fr\/wp-json\/wp\/v2\/product_cat?post=5874"},{"taxonomy":"product_tag","embeddable":true,"href":"https:\/\/vapingnet.de\/fr\/wp-json\/wp\/v2\/product_tag?post=5874"}],"curies":[{"name":"wp","href":"https:\/\/api.w.org\/{rel}","templated":true}]}}