{"id":5889,"date":"2025-03-25T07:00:54","date_gmt":"2025-03-25T07:00:54","guid":{"rendered":"https:\/\/vapingnet.de\/?post_type=product&#038;p=5889"},"modified":"2025-06-19T03:40:07","modified_gmt":"2025-06-19T03:40:07","slug":"jetzt-im-angebot-sour-apple-raspberry-bang-king-digital-15000-puffs","status":"publish","type":"product","link":"https:\/\/vapingnet.de\/fr\/vape\/jetzt-im-angebot-sour-apple-raspberry-bang-king-digital-15000-puffs\/","title":{"rendered":"Offre sp\u00e9ciale maintenant Sour Apple Raspberry Bang King Digital 15000 Puffs"},"content":{"rendered":"<h2 data-start=\"0\" data-end=\"84\">Bang King Digital 15000 Bouff\u00e9es \u2013 Exp\u00e9rience ultime, plaisir durable<\/h2>\n<p class=\"\" data-start=\"86\" data-end=\"530\">Dans le monde des cigarettes \u00e9lectroniques, la Bang King Digital 15000 Bouff\u00e9es est un incontournable. Avec sa dur\u00e9e de vie exceptionnelle et une vari\u00e9t\u00e9 de saveurs d\u00e9licieuses, elle est rapidement devenue la favorite de nombreux vapoteurs. Cette cigarette \u00e9lectronique offre 15000 bouff\u00e9es et garantit une exp\u00e9rience de vapotage longue et intense, id\u00e9ale aussi bien pour une utilisation quotidienne que pour de longues sessions de vapotage.<\/p>\n<h4>Performance puissante, longue endurance<\/h4>\n<ul data-start=\"575\" data-end=\"1151\">\n<li class=\"\" data-start=\"575\" data-end=\"781\">\n<p class=\"\" data-start=\"577\" data-end=\"781\">Batterie rechargeable de 650mAh : une batterie performante qui dure jusqu'\u00e0 15000 bouff\u00e9es, vous permettant de profiter toute la journ\u00e9e sans vous soucier de la recharge.<\/p>\n<\/li>\n<li class=\"\" data-start=\"782\" data-end=\"905\">\n<p class=\"\" data-start=\"784\" data-end=\"905\">Prise de charge rapide Type-C : recharge rapidement votre appareil et soyez pr\u00eat \u00e0 continuer votre exp\u00e9rience de vapotage \u00e0 tout moment.<\/p>\n<\/li>\n<li class=\"\" data-start=\"906\" data-end=\"1020\">\n<p class=\"\" data-start=\"908\" data-end=\"1020\">Capacit\u00e9 de liquide de 25ml : suffisamment de liquide pour une utilisation prolong\u00e9e sans avoir \u00e0 remplir constamment.<\/p>\n<\/li>\n<li class=\"\" data-start=\"1021\" data-end=\"1151\">\n<p class=\"\" data-start=\"1023\" data-end=\"1151\">\u00c9clairage LED RGB : chaque inhalation est accompagn\u00e9e d'effets lumineux spectaculaires, rendant l'exp\u00e9rience encore plus excitante.<\/p>\n<\/li>\n<\/ul>\n<h4>Niveau de nicotine pour tous les besoins<\/h4>\n<p class=\"\" data-start=\"1195\" data-end=\"1331\">Que vous soyez d\u00e9butant ou vapoteur exp\u00e9riment\u00e9, la Bang King Digital 15000 Bouff\u00e9es offre le bon niveau de nicotine pour vous :<\/p>\n<ul data-start=\"1332\" data-end=\"1755\">\n<li class=\"\" data-start=\"1332\" data-end=\"1462\">\n<p class=\"\" data-start=\"1334\" data-end=\"1462\">Nicotine 0% : id\u00e9ale pour ceux qui aiment vapoter sans nicotine. (disponible uniquement pour les commandes en gros)<\/p>\n<\/li>\n<li class=\"\" data-start=\"1463\" data-end=\"1559\">\n<p class=\"\" data-start=\"1465\" data-end=\"1559\">Nicotine 2% : pour une utilisation quotidienne, avec un niveau de nicotine doux et \u00e9quilibr\u00e9.<\/p>\n<\/li>\n<li class=\"\" data-start=\"1560\" data-end=\"1678\">\n<p class=\"\" data-start=\"1562\" data-end=\"1678\">Nicotine 3% : pour ceux qui pr\u00e9f\u00e8rent une sensation de gorge plus forte. (disponible uniquement pour les commandes en gros)<\/p>\n<\/li>\n<li class=\"\" data-start=\"1679\" data-end=\"1755\">\n<p class=\"\" data-start=\"1681\" data-end=\"1755\">Nicotine 5% : pour les vapoteurs recherchant une exp\u00e9rience de nicotine plus intense.<\/p>\n<\/li>\n<\/ul>\n<h4>Pomme acide Framboise \u2013 Une saveur rafra\u00eechissante<\/h4>\n<p class=\"\" data-start=\"1816\" data-end=\"2132\">Le go\u00fbt Pomme Acide Framboise combine la fra\u00eecheur acidul\u00e9e de la pomme verte avec la note fra\u00eeche des framboises, offrant une exp\u00e9rience gustative unique et rafra\u00eechissante. Chaque bouff\u00e9e est une explosion de saveurs fruit\u00e9es qui ravissent le palais et rendent le vapotage encore plus agr\u00e9able.<\/p>\n<h3>Caract\u00e9ristiques du produit<\/h3>\n<ul data-start=\"2161\" data-end=\"2462\">\n<li class=\"\" data-start=\"2161\" data-end=\"2264\">\n<p class=\"\" data-start=\"2163\" data-end=\"2264\">15000 bouff\u00e9es, endurance ultra-longue \u2013 Profitez du vapotage sur de longues p\u00e9riodes sans interruption.<\/p>\n<\/li>\n<li class=\"\" data-start=\"2265\" data-end=\"2362\">\n<p class=\"\" data-start=\"2267\" data-end=\"2362\">Pas de taxes douani\u00e8res \u2013 Vous ne payez pas de taxes suppl\u00e9mentaires, ce qui facilite le processus d'achat.<\/p>\n<\/li>\n<li class=\"\" data-start=\"2363\" data-end=\"2462\">\n<p class=\"\" data-start=\"2365\" data-end=\"2462\">Design jetable \u2013 Facile \u00e0 utiliser, sans souci d'entretien ou de remplissage.<\/p>\n<\/li>\n<\/ul>\n<h4>Achetez maintenant et profitez d'une exp\u00e9rience de vapotage in\u00e9gal\u00e9e<\/h4>\n<p class=\"\" data-start=\"2537\" data-end=\"2803\">Souhaitez-vous vivre la parfaite combinaison d'une longue dur\u00e9e de vie et d'une saveur unique ? Visitez vapingnet.fr et commandez d\u00e8s aujourd'hui votre Bang King Digital 15000 Bouff\u00e9es pour faire passer votre exp\u00e9rience de vapotage au niveau sup\u00e9rieur !<\/p>","protected":false},"excerpt":{"rendered":"<p>Bang King Digital 15000 Puffs \u2013 Exp\u00e9rience ultime, plaisir durable. Dans le monde des e-cigarettes, la Bang King Digital 15000 Puffs est un incontournable....<\/p>","protected":false},"featured_media":5899,"template":"","meta":[],"etheme_brands":[],"product_brand":[101],"product_cat":[53,49,61],"product_tag":[],"class_list":{"0":"post-5889","1":"product","2":"type-product","3":"status-publish","4":"has-post-thumbnail","6":"product_brand-bang-king-vape","7":"product_cat-vape-15000-zuege","8":"product_cat-einweg-e-zigarette","9":"product_cat-f","11":"first","12":"instock","13":"shipping-taxable","14":"purchasable","15":"product-type-simple"},"yoast_head":"<!-- This site is optimized with the Yoast SEO plugin v26.5 - https:\/\/yoast.com\/wordpress\/plugins\/seo\/ -->\n<title>Jetzt im Angebot Sour Apple Raspberry Bang King Digital 15000 Puffs | Vapingnet.de<\/title>\n<meta name=\"description\" content=\"Entdecke Jetzt im Angebot Sour Apple Raspberry Bang King Digital 15000 Puffs bei vapingnet.de, \u25ba Gro\u00dfe Auswahl an Geschmacksrichtungen &amp; super g\u00fcnstig!\" \/>\n<meta name=\"robots\" content=\"index, follow, max-snippet:-1, max-image-preview:large, max-video-preview:-1\" \/>\n<link rel=\"canonical\" href=\"https:\/\/vapingnet.de\/fr\/vape\/jetzt-im-angebot-sour-apple-raspberry-bang-king-digital-15000-puffs\/\" \/>\n<meta property=\"og:locale\" content=\"fr_FR\" \/>\n<meta property=\"og:type\" content=\"article\" \/>\n<meta property=\"og:title\" content=\"Jetzt im Angebot Sour Apple Raspberry Bang King Digital 15000 Puffs | Vapingnet.de\" \/>\n<meta property=\"og:description\" content=\"Entdecke Jetzt im Angebot Sour Apple Raspberry Bang King Digital 15000 Puffs bei vapingnet.de, \u25ba Gro\u00dfe Auswahl an Geschmacksrichtungen &amp; super g\u00fcnstig!\" \/>\n<meta property=\"og:url\" content=\"https:\/\/vapingnet.de\/fr\/vape\/jetzt-im-angebot-sour-apple-raspberry-bang-king-digital-15000-puffs\/\" \/>\n<meta property=\"og:site_name\" content=\"Vapingnet.de\" \/>\n<meta property=\"article:publisher\" content=\"https:\/\/www.facebook.com\/vapingnetde\/\" \/>\n<meta property=\"article:modified_time\" content=\"2025-06-19T03:40:07+00:00\" \/>\n<meta property=\"og:image\" content=\"https:\/\/vapingnet.de\/wp-content\/uploads\/2025\/03\/Sour-APPLE-Raspberry.png\" \/>\n\t<meta property=\"og:image:width\" content=\"900\" \/>\n\t<meta property=\"og:image:height\" content=\"600\" \/>\n\t<meta property=\"og:image:type\" content=\"image\/png\" \/>\n<meta name=\"twitter:card\" content=\"summary_large_image\" \/>\n<meta name=\"twitter:label1\" content=\"Dur\u00e9e de lecture estim\u00e9e\" \/>\n\t<meta name=\"twitter:data1\" content=\"3 minutes\" \/>\n<script type=\"application\/ld+json\" class=\"yoast-schema-graph\">{\"@context\":\"https:\/\/schema.org\",\"@graph\":[{\"@type\":\"WebPage\",\"@id\":\"https:\/\/vapingnet.de\/vape\/jetzt-im-angebot-sour-apple-raspberry-bang-king-digital-15000-puffs\/\",\"url\":\"https:\/\/vapingnet.de\/vape\/jetzt-im-angebot-sour-apple-raspberry-bang-king-digital-15000-puffs\/\",\"name\":\"Jetzt im Angebot Sour Apple Raspberry Bang King Digital 15000 Puffs | Vapingnet.de\",\"isPartOf\":{\"@id\":\"https:\/\/vapingnet.de\/#website\"},\"primaryImageOfPage\":{\"@id\":\"https:\/\/vapingnet.de\/vape\/jetzt-im-angebot-sour-apple-raspberry-bang-king-digital-15000-puffs\/#primaryimage\"},\"image\":{\"@id\":\"https:\/\/vapingnet.de\/vape\/jetzt-im-angebot-sour-apple-raspberry-bang-king-digital-15000-puffs\/#primaryimage\"},\"thumbnailUrl\":\"https:\/\/vapingnet.de\/wp-content\/uploads\/2025\/03\/Sour-APPLE-Raspberry.png\",\"datePublished\":\"2025-03-25T07:00:54+00:00\",\"dateModified\":\"2025-06-19T03:40:07+00:00\",\"description\":\"Entdecke Jetzt im Angebot Sour Apple Raspberry Bang King Digital 15000 Puffs bei vapingnet.de, \u25ba Gro\u00dfe Auswahl an Geschmacksrichtungen & super g\u00fcnstig!\",\"breadcrumb\":{\"@id\":\"https:\/\/vapingnet.de\/vape\/jetzt-im-angebot-sour-apple-raspberry-bang-king-digital-15000-puffs\/#breadcrumb\"},\"inLanguage\":\"fr-FR\",\"potentialAction\":[{\"@type\":\"ReadAction\",\"target\":[\"https:\/\/vapingnet.de\/vape\/jetzt-im-angebot-sour-apple-raspberry-bang-king-digital-15000-puffs\/\"]}]},{\"@type\":\"ImageObject\",\"inLanguage\":\"fr-FR\",\"@id\":\"https:\/\/vapingnet.de\/vape\/jetzt-im-angebot-sour-apple-raspberry-bang-king-digital-15000-puffs\/#primaryimage\",\"url\":\"https:\/\/vapingnet.de\/wp-content\/uploads\/2025\/03\/Sour-APPLE-Raspberry.png\",\"contentUrl\":\"https:\/\/vapingnet.de\/wp-content\/uploads\/2025\/03\/Sour-APPLE-Raspberry.png\",\"width\":900,\"height\":600,\"caption\":\"Sour Apple Raspberry\"},{\"@type\":\"BreadcrumbList\",\"@id\":\"https:\/\/vapingnet.de\/vape\/jetzt-im-angebot-sour-apple-raspberry-bang-king-digital-15000-puffs\/#breadcrumb\",\"itemListElement\":[{\"@type\":\"ListItem\",\"position\":1,\"name\":\"Home\",\"item\":\"https:\/\/vapingnet.de\/\"},{\"@type\":\"ListItem\",\"position\":2,\"name\":\"Shop\",\"item\":\"https:\/\/vapingnet.de\/vape\/\"},{\"@type\":\"ListItem\",\"position\":3,\"name\":\"Jetzt im Angebot Sour Apple Raspberry Bang King Digital 15000 Puffs\"}]},{\"@type\":\"WebSite\",\"@id\":\"https:\/\/vapingnet.de\/#website\",\"url\":\"https:\/\/vapingnet.de\/\",\"name\":\"Vapingnet.de\",\"description\":\"\",\"publisher\":{\"@id\":\"https:\/\/vapingnet.de\/#organization\"},\"potentialAction\":[{\"@type\":\"SearchAction\",\"target\":{\"@type\":\"EntryPoint\",\"urlTemplate\":\"https:\/\/vapingnet.de\/?s={search_term_string}\"},\"query-input\":{\"@type\":\"PropertyValueSpecification\",\"valueRequired\":true,\"valueName\":\"search_term_string\"}}],\"inLanguage\":\"fr-FR\"},{\"@type\":\"Organization\",\"@id\":\"https:\/\/vapingnet.de\/#organization\",\"name\":\"Vapingnet.de\",\"url\":\"https:\/\/vapingnet.de\/\",\"logo\":{\"@type\":\"ImageObject\",\"inLanguage\":\"fr-FR\",\"@id\":\"https:\/\/vapingnet.de\/#\/schema\/logo\/image\/\",\"url\":\"https:\/\/vapingnet.de\/wp-content\/uploads\/2025\/03\/cropped-vapingnet.de_.jpg\",\"contentUrl\":\"https:\/\/vapingnet.de\/wp-content\/uploads\/2025\/03\/cropped-vapingnet.de_.jpg\",\"width\":512,\"height\":512,\"caption\":\"Vapingnet.de\"},\"image\":{\"@id\":\"https:\/\/vapingnet.de\/#\/schema\/logo\/image\/\"},\"sameAs\":[\"https:\/\/www.facebook.com\/vapingnetde\/\"]}]}<\/script>\n<!-- \/ Yoast SEO plugin. -->","yoast_head_json":{"title":"Jetzt im Angebot Sour Apple Raspberry Bang King Digital 15000 Puffs | Vapingnet.de","description":"Entdecke Jetzt im Angebot Sour Apple Raspberry Bang King Digital 15000 Puffs bei vapingnet.de, \u25ba Gro\u00dfe Auswahl an Geschmacksrichtungen & super g\u00fcnstig!","robots":{"index":"index","follow":"follow","max-snippet":"max-snippet:-1","max-image-preview":"max-image-preview:large","max-video-preview":"max-video-preview:-1"},"canonical":"https:\/\/vapingnet.de\/fr\/vape\/jetzt-im-angebot-sour-apple-raspberry-bang-king-digital-15000-puffs\/","og_locale":"fr_FR","og_type":"article","og_title":"Jetzt im Angebot Sour Apple Raspberry Bang King Digital 15000 Puffs | Vapingnet.de","og_description":"Entdecke Jetzt im Angebot Sour Apple Raspberry Bang King Digital 15000 Puffs bei vapingnet.de, \u25ba Gro\u00dfe Auswahl an Geschmacksrichtungen & super g\u00fcnstig!","og_url":"https:\/\/vapingnet.de\/fr\/vape\/jetzt-im-angebot-sour-apple-raspberry-bang-king-digital-15000-puffs\/","og_site_name":"Vapingnet.de","article_publisher":"https:\/\/www.facebook.com\/vapingnetde\/","article_modified_time":"2025-06-19T03:40:07+00:00","og_image":[{"width":900,"height":600,"url":"https:\/\/vapingnet.de\/wp-content\/uploads\/2025\/03\/Sour-APPLE-Raspberry.png","type":"image\/png"}],"twitter_card":"summary_large_image","twitter_misc":{"Dur\u00e9e de lecture estim\u00e9e":"3 minutes"},"schema":{"@context":"https:\/\/schema.org","@graph":[{"@type":"WebPage","@id":"https:\/\/vapingnet.de\/vape\/jetzt-im-angebot-sour-apple-raspberry-bang-king-digital-15000-puffs\/","url":"https:\/\/vapingnet.de\/vape\/jetzt-im-angebot-sour-apple-raspberry-bang-king-digital-15000-puffs\/","name":"Jetzt im Angebot Sour Apple Raspberry Bang King Digital 15000 Puffs | Vapingnet.de","isPartOf":{"@id":"https:\/\/vapingnet.de\/#website"},"primaryImageOfPage":{"@id":"https:\/\/vapingnet.de\/vape\/jetzt-im-angebot-sour-apple-raspberry-bang-king-digital-15000-puffs\/#primaryimage"},"image":{"@id":"https:\/\/vapingnet.de\/vape\/jetzt-im-angebot-sour-apple-raspberry-bang-king-digital-15000-puffs\/#primaryimage"},"thumbnailUrl":"https:\/\/vapingnet.de\/wp-content\/uploads\/2025\/03\/Sour-APPLE-Raspberry.png","datePublished":"2025-03-25T07:00:54+00:00","dateModified":"2025-06-19T03:40:07+00:00","description":"Entdecke Jetzt im Angebot Sour Apple Raspberry Bang King Digital 15000 Puffs bei vapingnet.de, \u25ba Gro\u00dfe Auswahl an Geschmacksrichtungen & super g\u00fcnstig!","breadcrumb":{"@id":"https:\/\/vapingnet.de\/vape\/jetzt-im-angebot-sour-apple-raspberry-bang-king-digital-15000-puffs\/#breadcrumb"},"inLanguage":"fr-FR","potentialAction":[{"@type":"ReadAction","target":["https:\/\/vapingnet.de\/vape\/jetzt-im-angebot-sour-apple-raspberry-bang-king-digital-15000-puffs\/"]}]},{"@type":"ImageObject","inLanguage":"fr-FR","@id":"https:\/\/vapingnet.de\/vape\/jetzt-im-angebot-sour-apple-raspberry-bang-king-digital-15000-puffs\/#primaryimage","url":"https:\/\/vapingnet.de\/wp-content\/uploads\/2025\/03\/Sour-APPLE-Raspberry.png","contentUrl":"https:\/\/vapingnet.de\/wp-content\/uploads\/2025\/03\/Sour-APPLE-Raspberry.png","width":900,"height":600,"caption":"Sour Apple Raspberry"},{"@type":"BreadcrumbList","@id":"https:\/\/vapingnet.de\/vape\/jetzt-im-angebot-sour-apple-raspberry-bang-king-digital-15000-puffs\/#breadcrumb","itemListElement":[{"@type":"ListItem","position":1,"name":"Home","item":"https:\/\/vapingnet.de\/"},{"@type":"ListItem","position":2,"name":"Shop","item":"https:\/\/vapingnet.de\/vape\/"},{"@type":"ListItem","position":3,"name":"Jetzt im Angebot Sour Apple Raspberry Bang King Digital 15000 Puffs"}]},{"@type":"WebSite","@id":"https:\/\/vapingnet.de\/#website","url":"https:\/\/vapingnet.de\/","name":"Vapingnet.de","description":"","publisher":{"@id":"https:\/\/vapingnet.de\/#organization"},"potentialAction":[{"@type":"SearchAction","target":{"@type":"EntryPoint","urlTemplate":"https:\/\/vapingnet.de\/?s={search_term_string}"},"query-input":{"@type":"PropertyValueSpecification","valueRequired":true,"valueName":"search_term_string"}}],"inLanguage":"fr-FR"},{"@type":"Organization","@id":"https:\/\/vapingnet.de\/#organization","name":"Vapingnet.de","url":"https:\/\/vapingnet.de\/","logo":{"@type":"ImageObject","inLanguage":"fr-FR","@id":"https:\/\/vapingnet.de\/#\/schema\/logo\/image\/","url":"https:\/\/vapingnet.de\/wp-content\/uploads\/2025\/03\/cropped-vapingnet.de_.jpg","contentUrl":"https:\/\/vapingnet.de\/wp-content\/uploads\/2025\/03\/cropped-vapingnet.de_.jpg","width":512,"height":512,"caption":"Vapingnet.de"},"image":{"@id":"https:\/\/vapingnet.de\/#\/schema\/logo\/image\/"},"sameAs":["https:\/\/www.facebook.com\/vapingnetde\/"]}]}},"tiered_pricing_type":"fixed","tiered_pricing_fixed_rules":{"10":"6.83","60":"6.15","110":"5.46","200":"4.78"},"tiered_pricing_product_settings":{"layout":"default","base_unit_name":{"singular":null,"plural":null},"default_variation":null},"tiered_pricing_minimum_quantity":null,"tiered_pricing_roles_data":[],"tiered_pricing_percentage_rules":[],"_links":{"self":[{"href":"https:\/\/vapingnet.de\/fr\/wp-json\/wp\/v2\/product\/5889","targetHints":{"allow":["GET"]}}],"collection":[{"href":"https:\/\/vapingnet.de\/fr\/wp-json\/wp\/v2\/product"}],"about":[{"href":"https:\/\/vapingnet.de\/fr\/wp-json\/wp\/v2\/types\/product"}],"version-history":[{"count":1,"href":"https:\/\/vapingnet.de\/fr\/wp-json\/wp\/v2\/product\/5889\/revisions"}],"predecessor-version":[{"id":5907,"href":"https:\/\/vapingnet.de\/fr\/wp-json\/wp\/v2\/product\/5889\/revisions\/5907"}],"wp:featuredmedia":[{"embeddable":true,"href":"https:\/\/vapingnet.de\/fr\/wp-json\/wp\/v2\/media\/5899"}],"wp:attachment":[{"href":"https:\/\/vapingnet.de\/fr\/wp-json\/wp\/v2\/media?parent=5889"}],"wp:term":[{"taxonomy":"brand","embeddable":true,"href":"https:\/\/vapingnet.de\/fr\/wp-json\/wp\/v2\/etheme_brands?post=5889"},{"taxonomy":"product_brand","embeddable":true,"href":"https:\/\/vapingnet.de\/fr\/wp-json\/wp\/v2\/product_brand?post=5889"},{"taxonomy":"product_cat","embeddable":true,"href":"https:\/\/vapingnet.de\/fr\/wp-json\/wp\/v2\/product_cat?post=5889"},{"taxonomy":"product_tag","embeddable":true,"href":"https:\/\/vapingnet.de\/fr\/wp-json\/wp\/v2\/product_tag?post=5889"}],"curies":[{"name":"wp","href":"https:\/\/api.w.org\/{rel}","templated":true}]}}