{"id":5893,"date":"2025-03-25T07:01:01","date_gmt":"2025-03-25T07:01:01","guid":{"rendered":"https:\/\/vapingnet.de\/?post_type=product&#038;p=5893"},"modified":"2025-06-19T03:40:06","modified_gmt":"2025-06-19T03:40:06","slug":"limitierte-edition-bang-king-digital-15000-puffs-strawberry-yogurt","status":"publish","type":"product","link":"https:\/\/vapingnet.de\/fr\/vape\/limitierte-edition-bang-king-digital-15000-puffs-strawberry-yogurt\/","title":{"rendered":"\u00c9dition limit\u00e9e Bang King Digital 15000 Puffs Strawberry Yogurt"},"content":{"rendered":"<h2 data-start=\"0\" data-end=\"94\">Bang King Digital 15000 Puffs \u2013 Plaisir de vapeur durable avec un go\u00fbt doux<\/h2>\n<p class=\"\" data-start=\"96\" data-end=\"496\">Lorsqu'il s'agit de cigarettes \u00e9lectroniques jetables de haute qualit\u00e9, la Bang King Digital 15000 Puffs \u00e9tablit de nouvelles normes. Avec une dur\u00e9e de vie impressionnante de 15000 bouff\u00e9es, une batterie rechargeable de 650mAh et une connexion de charge Type-C, elle garantit une exp\u00e9rience de vapotage intense et longue. Que ce soit pour le go\u00fbt, la performance ou le design \u2013 ce mod\u00e8le r\u00e9pond \u00e0 toutes les attentes.<\/p>\n<h4>Performance durable pour un vapotage sans souci<\/h4>\n<p class=\"\" data-start=\"558\" data-end=\"1011\">\u2705 Batterie rechargeable de 650mAh pour vapoter longtemps sans interruption.<br data-start=\"640\" data-end=\"643\" \/>\u2705 Charge rapide Type-C, pour recharger facilement \u00e0 tout moment.<br data-start=\"718\" data-end=\"721\" \/>\u2705 Capacit\u00e9 de liquide de 25ml pour une exp\u00e9rience gustative prolong\u00e9e sans remplissage fr\u00e9quent.<br data-start=\"817\" data-end=\"820\" \/>\u2705 \u00c9clairage LED RGB, qui offre une exp\u00e9rience lumineuse cool \u00e0 chaque bouff\u00e9e.<br data-start=\"900\" data-end=\"903\" \/>\u2705 15000 bouff\u00e9es \u2013 dur\u00e9e de vie exceptionnellement longue, bien sup\u00e9rieure \u00e0 celle des cigarettes \u00e9lectroniques jetables classiques.<\/p>\n<h4>Quatre niveaux de nicotine pour r\u00e9pondre \u00e0 tous les besoins<\/h4>\n<p class=\"\" data-start=\"1073\" data-end=\"1208\">La Bang King Digital 15000 Puffs est disponible en 0%, 2%, 3% et 5% de nicotine \u2013 pour chaque style de vapotage, l'option adapt\u00e9e.<\/p>\n<ul data-start=\"1209\" data-end=\"1665\">\n<li class=\"\" data-start=\"1209\" data-end=\"1351\">\n<p class=\"\" data-start=\"1211\" data-end=\"1351\">0% Nicotine : Parfait pour ceux qui souhaitent profiter du vapotage sans absorber de nicotine. (Disponible uniquement pour les commandes en gros)<\/p>\n<\/li>\n<li class=\"\" data-start=\"1352\" data-end=\"1441\">\n<p class=\"\" data-start=\"1354\" data-end=\"1441\">2% Nicotine : Une concentration douce et \u00e9quilibr\u00e9e de nicotine pour une utilisation quotidienne.<\/p>\n<\/li>\n<li class=\"\" data-start=\"1442\" data-end=\"1571\">\n<p class=\"\" data-start=\"1444\" data-end=\"1571\">3% Nicotine : Intensit\u00e9 moyenne pour les vapoteurs pr\u00e9f\u00e9rant un effet plus fort. (Disponible uniquement pour les commandes en gros)<\/p>\n<\/li>\n<li class=\"\" data-start=\"1572\" data-end=\"1665\">\n<p class=\"\" data-start=\"1574\" data-end=\"1665\">5% Nicotine : Intensit\u00e9 maximale pour une exp\u00e9rience de vapotage puissante et satisfaisante.<\/p>\n<\/li>\n<\/ul>\n<h4>Go\u00fbt unique : Fraise Yogourt<\/h4>\n<p class=\"\" data-start=\"1721\" data-end=\"2045\">Les amateurs de saveurs sucr\u00e9es et cr\u00e9meuses seront enchant\u00e9s par Fraise Yogourt. Cette combinaison de fraises fruit\u00e9es-sucr\u00e9es et de yaourt cr\u00e9meux offre une exp\u00e9rience de vapotage onctueuse et riche. Chaque bouff\u00e9e \u00e9voque un yaourt \u00e0 la fraise fra\u00eechement pr\u00e9par\u00e9 \u2013 un go\u00fbt qui donne envie de plus.<\/p>\n<h3>Pourquoi choisir Bang King Digital 15000 Bouff\u00e9es ?<\/h3>\n<p class=\"\" data-start=\"2095\" data-end=\"2374\">\u2714 Sans douane, sans co\u00fbts suppl\u00e9mentaires \u2013 commandez simplement et profitez.<br data-start=\"2170\" data-end=\"2173\" \/>\u2714 Design jetable \u2013 pas besoin de nettoyage ou d'entretien, pour un confort maximal.<br data-start=\"2260\" data-end=\"2263\" \/>\u2714 Plaisir durable avec une qualit\u00e9 de go\u00fbt stable, pour une exp\u00e9rience de vapotage toujours parfaite.<\/p>\n<h4 data-start=\"2376\" data-end=\"2444\">Commandez d\u00e8s maintenant et vivez une exp\u00e9rience de vapeur in\u00e9gal\u00e9e !<\/h4>\n<p class=\"\" data-start=\"2445\" data-end=\"2666\">Vivez une exp\u00e9rience de vapotage exceptionnelle avec la Bang King Digital 15000 Puffs ! Commandez d\u00e8s maintenant sur vapingnet.fr et profitez d'une harmonie unique entre go\u00fbt, performance et style.<\/p>","protected":false},"excerpt":{"rendered":"<p>Bang King Digital 15000 Puffs \u2013 Plaisir de vape durable avec une saveur douce. En mati\u00e8re d\u2019e-cigarettes jetables de qualit\u00e9, la Bang King Digital 15000 Puffs \u00e9tablit de nouveaux standards...<\/p>","protected":false},"featured_media":5903,"template":"","meta":[],"etheme_brands":[],"product_brand":[101],"product_cat":[53,49,61],"product_tag":[],"class_list":{"0":"post-5893","1":"product","2":"type-product","3":"status-publish","4":"has-post-thumbnail","6":"product_brand-bang-king-vape","7":"product_cat-vape-15000-zuege","8":"product_cat-einweg-e-zigarette","9":"product_cat-f","11":"first","12":"instock","13":"shipping-taxable","14":"purchasable","15":"product-type-simple"},"yoast_head":"<!-- This site is optimized with the Yoast SEO plugin v26.5 - https:\/\/yoast.com\/wordpress\/plugins\/seo\/ -->\n<title>Limitierte Edition Bang King Digital 15000 Puffs Strawberry Yogurt | Vapingnet.de<\/title>\n<meta name=\"description\" content=\"Entdecke Limitierte Edition Bang King Digital 15000 Puffs Strawberry Yogurt bei vapingnet.de, \u25ba Gro\u00dfe Auswahl an Geschmacksrichtungen &amp; super g\u00fcnstig!\" \/>\n<meta name=\"robots\" content=\"index, follow, max-snippet:-1, max-image-preview:large, max-video-preview:-1\" \/>\n<link rel=\"canonical\" href=\"https:\/\/vapingnet.de\/fr\/vape\/limitierte-edition-bang-king-digital-15000-puffs-strawberry-yogurt\/\" \/>\n<meta property=\"og:locale\" content=\"fr_FR\" \/>\n<meta property=\"og:type\" content=\"article\" \/>\n<meta property=\"og:title\" content=\"Limitierte Edition Bang King Digital 15000 Puffs Strawberry Yogurt | Vapingnet.de\" \/>\n<meta property=\"og:description\" content=\"Entdecke Limitierte Edition Bang King Digital 15000 Puffs Strawberry Yogurt bei vapingnet.de, \u25ba Gro\u00dfe Auswahl an Geschmacksrichtungen &amp; super g\u00fcnstig!\" \/>\n<meta property=\"og:url\" content=\"https:\/\/vapingnet.de\/fr\/vape\/limitierte-edition-bang-king-digital-15000-puffs-strawberry-yogurt\/\" \/>\n<meta property=\"og:site_name\" content=\"Vapingnet.de\" \/>\n<meta property=\"article:publisher\" content=\"https:\/\/www.facebook.com\/vapingnetde\/\" \/>\n<meta property=\"article:modified_time\" content=\"2025-06-19T03:40:06+00:00\" \/>\n<meta property=\"og:image\" content=\"https:\/\/vapingnet.de\/wp-content\/uploads\/2025\/03\/Strawberry-Yogurt.png\" \/>\n\t<meta property=\"og:image:width\" content=\"900\" \/>\n\t<meta property=\"og:image:height\" content=\"600\" \/>\n\t<meta property=\"og:image:type\" content=\"image\/png\" \/>\n<meta name=\"twitter:card\" content=\"summary_large_image\" \/>\n<meta name=\"twitter:label1\" content=\"Dur\u00e9e de lecture estim\u00e9e\" \/>\n\t<meta name=\"twitter:data1\" content=\"2 minutes\" \/>\n<script type=\"application\/ld+json\" class=\"yoast-schema-graph\">{\"@context\":\"https:\/\/schema.org\",\"@graph\":[{\"@type\":\"WebPage\",\"@id\":\"https:\/\/vapingnet.de\/vape\/limitierte-edition-bang-king-digital-15000-puffs-strawberry-yogurt\/\",\"url\":\"https:\/\/vapingnet.de\/vape\/limitierte-edition-bang-king-digital-15000-puffs-strawberry-yogurt\/\",\"name\":\"Limitierte Edition Bang King Digital 15000 Puffs Strawberry Yogurt | Vapingnet.de\",\"isPartOf\":{\"@id\":\"https:\/\/vapingnet.de\/#website\"},\"primaryImageOfPage\":{\"@id\":\"https:\/\/vapingnet.de\/vape\/limitierte-edition-bang-king-digital-15000-puffs-strawberry-yogurt\/#primaryimage\"},\"image\":{\"@id\":\"https:\/\/vapingnet.de\/vape\/limitierte-edition-bang-king-digital-15000-puffs-strawberry-yogurt\/#primaryimage\"},\"thumbnailUrl\":\"https:\/\/vapingnet.de\/wp-content\/uploads\/2025\/03\/Strawberry-Yogurt.png\",\"datePublished\":\"2025-03-25T07:01:01+00:00\",\"dateModified\":\"2025-06-19T03:40:06+00:00\",\"description\":\"Entdecke Limitierte Edition Bang King Digital 15000 Puffs Strawberry Yogurt bei vapingnet.de, \u25ba Gro\u00dfe Auswahl an Geschmacksrichtungen & super g\u00fcnstig!\",\"breadcrumb\":{\"@id\":\"https:\/\/vapingnet.de\/vape\/limitierte-edition-bang-king-digital-15000-puffs-strawberry-yogurt\/#breadcrumb\"},\"inLanguage\":\"fr-FR\",\"potentialAction\":[{\"@type\":\"ReadAction\",\"target\":[\"https:\/\/vapingnet.de\/vape\/limitierte-edition-bang-king-digital-15000-puffs-strawberry-yogurt\/\"]}]},{\"@type\":\"ImageObject\",\"inLanguage\":\"fr-FR\",\"@id\":\"https:\/\/vapingnet.de\/vape\/limitierte-edition-bang-king-digital-15000-puffs-strawberry-yogurt\/#primaryimage\",\"url\":\"https:\/\/vapingnet.de\/wp-content\/uploads\/2025\/03\/Strawberry-Yogurt.png\",\"contentUrl\":\"https:\/\/vapingnet.de\/wp-content\/uploads\/2025\/03\/Strawberry-Yogurt.png\",\"width\":900,\"height\":600,\"caption\":\"Strawberry Yogurt\"},{\"@type\":\"BreadcrumbList\",\"@id\":\"https:\/\/vapingnet.de\/vape\/limitierte-edition-bang-king-digital-15000-puffs-strawberry-yogurt\/#breadcrumb\",\"itemListElement\":[{\"@type\":\"ListItem\",\"position\":1,\"name\":\"Home\",\"item\":\"https:\/\/vapingnet.de\/\"},{\"@type\":\"ListItem\",\"position\":2,\"name\":\"Shop\",\"item\":\"https:\/\/vapingnet.de\/vape\/\"},{\"@type\":\"ListItem\",\"position\":3,\"name\":\"Limitierte Edition Bang King Digital 15000 Puffs Strawberry Yogurt\"}]},{\"@type\":\"WebSite\",\"@id\":\"https:\/\/vapingnet.de\/#website\",\"url\":\"https:\/\/vapingnet.de\/\",\"name\":\"Vapingnet.de\",\"description\":\"\",\"publisher\":{\"@id\":\"https:\/\/vapingnet.de\/#organization\"},\"potentialAction\":[{\"@type\":\"SearchAction\",\"target\":{\"@type\":\"EntryPoint\",\"urlTemplate\":\"https:\/\/vapingnet.de\/?s={search_term_string}\"},\"query-input\":{\"@type\":\"PropertyValueSpecification\",\"valueRequired\":true,\"valueName\":\"search_term_string\"}}],\"inLanguage\":\"fr-FR\"},{\"@type\":\"Organization\",\"@id\":\"https:\/\/vapingnet.de\/#organization\",\"name\":\"Vapingnet.de\",\"url\":\"https:\/\/vapingnet.de\/\",\"logo\":{\"@type\":\"ImageObject\",\"inLanguage\":\"fr-FR\",\"@id\":\"https:\/\/vapingnet.de\/#\/schema\/logo\/image\/\",\"url\":\"https:\/\/vapingnet.de\/wp-content\/uploads\/2025\/03\/cropped-vapingnet.de_.jpg\",\"contentUrl\":\"https:\/\/vapingnet.de\/wp-content\/uploads\/2025\/03\/cropped-vapingnet.de_.jpg\",\"width\":512,\"height\":512,\"caption\":\"Vapingnet.de\"},\"image\":{\"@id\":\"https:\/\/vapingnet.de\/#\/schema\/logo\/image\/\"},\"sameAs\":[\"https:\/\/www.facebook.com\/vapingnetde\/\"]}]}<\/script>\n<!-- \/ Yoast SEO plugin. -->","yoast_head_json":{"title":"Limitierte Edition Bang King Digital 15000 Puffs Strawberry Yogurt | Vapingnet.de","description":"Entdecke Limitierte Edition Bang King Digital 15000 Puffs Strawberry Yogurt bei vapingnet.de, \u25ba Gro\u00dfe Auswahl an Geschmacksrichtungen & super g\u00fcnstig!","robots":{"index":"index","follow":"follow","max-snippet":"max-snippet:-1","max-image-preview":"max-image-preview:large","max-video-preview":"max-video-preview:-1"},"canonical":"https:\/\/vapingnet.de\/fr\/vape\/limitierte-edition-bang-king-digital-15000-puffs-strawberry-yogurt\/","og_locale":"fr_FR","og_type":"article","og_title":"Limitierte Edition Bang King Digital 15000 Puffs Strawberry Yogurt | Vapingnet.de","og_description":"Entdecke Limitierte Edition Bang King Digital 15000 Puffs Strawberry Yogurt bei vapingnet.de, \u25ba Gro\u00dfe Auswahl an Geschmacksrichtungen & super g\u00fcnstig!","og_url":"https:\/\/vapingnet.de\/fr\/vape\/limitierte-edition-bang-king-digital-15000-puffs-strawberry-yogurt\/","og_site_name":"Vapingnet.de","article_publisher":"https:\/\/www.facebook.com\/vapingnetde\/","article_modified_time":"2025-06-19T03:40:06+00:00","og_image":[{"width":900,"height":600,"url":"https:\/\/vapingnet.de\/wp-content\/uploads\/2025\/03\/Strawberry-Yogurt.png","type":"image\/png"}],"twitter_card":"summary_large_image","twitter_misc":{"Dur\u00e9e de lecture estim\u00e9e":"2 minutes"},"schema":{"@context":"https:\/\/schema.org","@graph":[{"@type":"WebPage","@id":"https:\/\/vapingnet.de\/vape\/limitierte-edition-bang-king-digital-15000-puffs-strawberry-yogurt\/","url":"https:\/\/vapingnet.de\/vape\/limitierte-edition-bang-king-digital-15000-puffs-strawberry-yogurt\/","name":"Limitierte Edition Bang King Digital 15000 Puffs Strawberry Yogurt | Vapingnet.de","isPartOf":{"@id":"https:\/\/vapingnet.de\/#website"},"primaryImageOfPage":{"@id":"https:\/\/vapingnet.de\/vape\/limitierte-edition-bang-king-digital-15000-puffs-strawberry-yogurt\/#primaryimage"},"image":{"@id":"https:\/\/vapingnet.de\/vape\/limitierte-edition-bang-king-digital-15000-puffs-strawberry-yogurt\/#primaryimage"},"thumbnailUrl":"https:\/\/vapingnet.de\/wp-content\/uploads\/2025\/03\/Strawberry-Yogurt.png","datePublished":"2025-03-25T07:01:01+00:00","dateModified":"2025-06-19T03:40:06+00:00","description":"Entdecke Limitierte Edition Bang King Digital 15000 Puffs Strawberry Yogurt bei vapingnet.de, \u25ba Gro\u00dfe Auswahl an Geschmacksrichtungen & super g\u00fcnstig!","breadcrumb":{"@id":"https:\/\/vapingnet.de\/vape\/limitierte-edition-bang-king-digital-15000-puffs-strawberry-yogurt\/#breadcrumb"},"inLanguage":"fr-FR","potentialAction":[{"@type":"ReadAction","target":["https:\/\/vapingnet.de\/vape\/limitierte-edition-bang-king-digital-15000-puffs-strawberry-yogurt\/"]}]},{"@type":"ImageObject","inLanguage":"fr-FR","@id":"https:\/\/vapingnet.de\/vape\/limitierte-edition-bang-king-digital-15000-puffs-strawberry-yogurt\/#primaryimage","url":"https:\/\/vapingnet.de\/wp-content\/uploads\/2025\/03\/Strawberry-Yogurt.png","contentUrl":"https:\/\/vapingnet.de\/wp-content\/uploads\/2025\/03\/Strawberry-Yogurt.png","width":900,"height":600,"caption":"Strawberry Yogurt"},{"@type":"BreadcrumbList","@id":"https:\/\/vapingnet.de\/vape\/limitierte-edition-bang-king-digital-15000-puffs-strawberry-yogurt\/#breadcrumb","itemListElement":[{"@type":"ListItem","position":1,"name":"Home","item":"https:\/\/vapingnet.de\/"},{"@type":"ListItem","position":2,"name":"Shop","item":"https:\/\/vapingnet.de\/vape\/"},{"@type":"ListItem","position":3,"name":"Limitierte Edition Bang King Digital 15000 Puffs Strawberry Yogurt"}]},{"@type":"WebSite","@id":"https:\/\/vapingnet.de\/#website","url":"https:\/\/vapingnet.de\/","name":"Vapingnet.de","description":"","publisher":{"@id":"https:\/\/vapingnet.de\/#organization"},"potentialAction":[{"@type":"SearchAction","target":{"@type":"EntryPoint","urlTemplate":"https:\/\/vapingnet.de\/?s={search_term_string}"},"query-input":{"@type":"PropertyValueSpecification","valueRequired":true,"valueName":"search_term_string"}}],"inLanguage":"fr-FR"},{"@type":"Organization","@id":"https:\/\/vapingnet.de\/#organization","name":"Vapingnet.de","url":"https:\/\/vapingnet.de\/","logo":{"@type":"ImageObject","inLanguage":"fr-FR","@id":"https:\/\/vapingnet.de\/#\/schema\/logo\/image\/","url":"https:\/\/vapingnet.de\/wp-content\/uploads\/2025\/03\/cropped-vapingnet.de_.jpg","contentUrl":"https:\/\/vapingnet.de\/wp-content\/uploads\/2025\/03\/cropped-vapingnet.de_.jpg","width":512,"height":512,"caption":"Vapingnet.de"},"image":{"@id":"https:\/\/vapingnet.de\/#\/schema\/logo\/image\/"},"sameAs":["https:\/\/www.facebook.com\/vapingnetde\/"]}]}},"tiered_pricing_type":"fixed","tiered_pricing_fixed_rules":{"10":"6.83","60":"6.15","110":"5.46","200":"4.78"},"tiered_pricing_product_settings":{"layout":"default","base_unit_name":{"singular":null,"plural":null},"default_variation":null},"tiered_pricing_minimum_quantity":null,"tiered_pricing_roles_data":[],"tiered_pricing_percentage_rules":[],"_links":{"self":[{"href":"https:\/\/vapingnet.de\/fr\/wp-json\/wp\/v2\/product\/5893","targetHints":{"allow":["GET"]}}],"collection":[{"href":"https:\/\/vapingnet.de\/fr\/wp-json\/wp\/v2\/product"}],"about":[{"href":"https:\/\/vapingnet.de\/fr\/wp-json\/wp\/v2\/types\/product"}],"version-history":[{"count":1,"href":"https:\/\/vapingnet.de\/fr\/wp-json\/wp\/v2\/product\/5893\/revisions"}],"predecessor-version":[{"id":5910,"href":"https:\/\/vapingnet.de\/fr\/wp-json\/wp\/v2\/product\/5893\/revisions\/5910"}],"wp:featuredmedia":[{"embeddable":true,"href":"https:\/\/vapingnet.de\/fr\/wp-json\/wp\/v2\/media\/5903"}],"wp:attachment":[{"href":"https:\/\/vapingnet.de\/fr\/wp-json\/wp\/v2\/media?parent=5893"}],"wp:term":[{"taxonomy":"brand","embeddable":true,"href":"https:\/\/vapingnet.de\/fr\/wp-json\/wp\/v2\/etheme_brands?post=5893"},{"taxonomy":"product_brand","embeddable":true,"href":"https:\/\/vapingnet.de\/fr\/wp-json\/wp\/v2\/product_brand?post=5893"},{"taxonomy":"product_cat","embeddable":true,"href":"https:\/\/vapingnet.de\/fr\/wp-json\/wp\/v2\/product_cat?post=5893"},{"taxonomy":"product_tag","embeddable":true,"href":"https:\/\/vapingnet.de\/fr\/wp-json\/wp\/v2\/product_tag?post=5893"}],"curies":[{"name":"wp","href":"https:\/\/api.w.org\/{rel}","templated":true}]}}