{"id":5897,"date":"2025-03-25T07:03:23","date_gmt":"2025-03-25T07:03:23","guid":{"rendered":"https:\/\/vapingnet.de\/?post_type=product&#038;p=5897"},"modified":"2025-06-19T03:40:05","modified_gmt":"2025-06-19T03:40:05","slug":"kiwi-passion-fruit-guava-bang-king-digital-15000-puffs-riesige-dampfmenge","status":"publish","type":"product","link":"https:\/\/vapingnet.de\/fr\/vape\/kiwi-passion-fruit-guava-bang-king-digital-15000-puffs-riesige-dampfmenge\/","title":{"rendered":"Kiwi Passion Fruit Guava Bang King Digital 15000 Bouff\u00e9es quantit\u00e9 \u00e9norme de vapeur"},"content":{"rendered":"<h2 data-start=\"0\" data-end=\"78\" data-immersive-translate-walked=\"76b2339e-1350-40d0-97f8-d216f0187d1a\">Bang King Digital 15000 Bouff\u00e9es \u2013 Longue endurance, saveur intense<\/h2>\n<p class=\"\" data-start=\"80\" data-end=\"445\" data-immersive-translate-paragraph=\"1\" data-immersive-translate-walked=\"76b2339e-1350-40d0-97f8-d216f0187d1a\">\u00c0 la recherche d'une cigarette \u00e9lectronique avec une dur\u00e9e de vie extr\u00eamement longue et une exp\u00e9rience gustative de premier ordre ? La Bang King Digital 15000 Bouff\u00e9es r\u00e9pond pr\u00e9cis\u00e9ment \u00e0 ces exigences ! Avec sa batterie puissante, son \u00e9clairage RGB styl\u00e9 et une capacit\u00e9 impressionnante de 15000 bouff\u00e9es, elle est le choix parfait pour les vapoteurs exigeants.<\/p>\n<h4>Puissant et fiable<\/h4>\n<ul data-start=\"489\" data-end=\"842\">\n<li class=\"\" data-start=\"489\" data-end=\"582\">\n<p class=\"\" data-start=\"491\" data-end=\"582\" data-immersive-translate-paragraph=\"1\" data-immersive-translate-walked=\"76b2339e-1350-40d0-97f8-d216f0187d1a\">Batterie rechargeable de 650mAh \u2013 Puissance durable pour une utilisation sans souci.<\/p>\n<\/li>\n<li class=\"\" data-start=\"583\" data-end=\"666\">\n<p class=\"\" data-start=\"585\" data-end=\"666\" data-immersive-translate-paragraph=\"1\">Port de charge rapide Type-C \u2013 Charge efficace pour une disponibilit\u00e9 maximale.<\/p>\n<\/li>\n<li class=\"\" data-start=\"667\" data-end=\"751\">\n<p class=\"\" data-start=\"669\" data-end=\"751\" data-immersive-translate-walked=\"76b2339e-1350-40d0-97f8-d216f0187d1a\" data-immersive-translate-paragraph=\"1\">Effets LED RGB \u2013 Chaque bouff\u00e9e est accompagn\u00e9e d'effets lumineux futuristes.<\/p>\n<\/li>\n<li class=\"\" data-start=\"752\" data-end=\"842\" data-immersive-translate-walked=\"76b2339e-1350-40d0-97f8-d216f0187d1a\">\n<p class=\"\" data-start=\"754\" data-end=\"842\" data-immersive-translate-walked=\"76b2339e-1350-40d0-97f8-d216f0187d1a\" data-immersive-translate-paragraph=\"1\">Capacit\u00e9 de liquide de 25ml \u2013 Plus que suffisante pour une exp\u00e9rience de vapotage longue et intense.<\/p>\n<\/li>\n<\/ul>\n<h4>Niveaux de nicotine personnalis\u00e9s pour tous les go\u00fbts<\/h4>\n<p class=\"\" data-start=\"903\" data-end=\"1004\" data-immersive-translate-walked=\"76b2339e-1350-40d0-97f8-d216f0187d1a\" data-immersive-translate-paragraph=\"1\">La Bang King Digital 15000 Bouff\u00e9es est disponible en quatre niveaux de nicotine : 0%, 2%, 3% et 5%.<\/p>\n<ul data-start=\"1005\" data-end=\"1384\">\n<li class=\"\" data-start=\"1005\" data-end=\"1128\">\n<p class=\"\" data-start=\"1007\" data-end=\"1128\" data-immersive-translate-walked=\"76b2339e-1350-40d0-97f8-d216f0187d1a\">0% Nicotine \u2013 Id\u00e9al pour ceux qui souhaitent profiter du vapotage sans nicotine. (<em data-start=\"1088\" data-end=\"1125\">disponible uniquement pour les commandes en gros<\/em>)<\/p>\n<\/li>\n<li class=\"\" data-start=\"1129\" data-end=\"1200\">\n<p class=\"\" data-start=\"1131\" data-end=\"1200\" data-immersive-translate-walked=\"76b2339e-1350-40d0-97f8-d216f0187d1a\">2% Nicotine \u2013 Une option douce et \u00e9quilibr\u00e9e pour le quotidien.<\/p>\n<\/li>\n<li class=\"\" data-start=\"1201\" data-end=\"1318\">\n<p class=\"\" data-start=\"1203\" data-end=\"1318\" data-immersive-translate-walked=\"76b2339e-1350-40d0-97f8-d216f0187d1a\">3% Nicotine \u2013 Une gorge plus forte pour une exp\u00e9rience de vapotage plus intense. (<em data-start=\"1278\" data-end=\"1315\">disponible uniquement pour les commandes en gros<\/em>)<\/p>\n<\/li>\n<li class=\"\" data-start=\"1319\" data-end=\"1384\">\n<p class=\"\" data-start=\"1321\" data-end=\"1384\">5% Nicotine \u2013 Force maximale pour un effet puissant.<\/p>\n<\/li>\n<\/ul>\n<h4>Saveur populaire : Kiwi Passion Fruit Goyave<\/h4>\n<p class=\"\" data-start=\"1451\" data-end=\"1702\">Ce m\u00e9lange exotique combine la fra\u00eecheur acidul\u00e9e du kiwi, les notes sucr\u00e9es-am\u00e8res de la passion et l'ar\u00f4me aromatique de la goyave. Une exp\u00e9rience fruit\u00e9e avec des nuances parfaitement \u00e9quilibr\u00e9es, offrant une fra\u00eecheur pure.<\/p>\n<h3 data-start=\"1704\" data-end=\"1751\">Pourquoi choisir Bang King Digital 15000 Bouff\u00e9es ?<\/h3>\n<p class=\"\" data-start=\"1752\" data-end=\"2043\">\u2705 Design jetable \u2013 Pr\u00eat \u00e0 l'emploi imm\u00e9diat, sans entretien ni remplissage n\u00e9cessaire.<br data-start=\"1937\" data-end=\"1940\" \/>\u2705 15000 bouff\u00e9es \u2013 Endurance extr\u00eame \u2013 Un compagnon fiable pour de longues sessions de vapotage.<\/p>\n<p>Commandez d\u00e8s maintenant et profitez de l'exp\u00e9rience de vapotage ultime!<\/p>\n<p class=\"\" data-start=\"2115\" data-end=\"2296\">Le Bang King Digital 15000 Puffs est d\u00e9sormais disponible ! Visitez vapingnet.fr et assurez-vous votre mod\u00e8le pour une exp\u00e9rience de vapotage in\u00e9gal\u00e9e.<\/p>","protected":false},"excerpt":{"rendered":"<p>Bang King Digital 15000 Puffs \u2013 Lange Ausdauer, intensiver Geschmack Auf der Suche nach einer E-Zigarette mit extrem langer Lebensdauer und einem erstklassigen Geschmackserlebnis? Die&#8230;<\/p>","protected":false},"featured_media":5898,"template":"","meta":[],"etheme_brands":[],"product_brand":[101],"product_cat":[53,49,61],"product_tag":[],"class_list":{"0":"post-5897","1":"product","2":"type-product","3":"status-publish","4":"has-post-thumbnail","6":"product_brand-bang-king-vape","7":"product_cat-vape-15000-zuege","8":"product_cat-einweg-e-zigarette","9":"product_cat-f","11":"first","12":"instock","13":"shipping-taxable","14":"purchasable","15":"product-type-simple"},"yoast_head":"<!-- This site is optimized with the Yoast SEO plugin v26.5 - https:\/\/yoast.com\/wordpress\/plugins\/seo\/ -->\n<title>Kiwi Passion Fruit Guava Bang King Digital 15000 Puffs riesige Dampfmenge | Vapingnet.de<\/title>\n<meta name=\"description\" content=\"Entdecke Kiwi Passion Fruit Guava Bang King Digital 15000 Puffs riesige Dampfmenge bei vapingnet.de, \u25ba Gro\u00dfe Auswahl an Geschmacksrichtungen &amp; super g\u00fcnstig!\" \/>\n<meta name=\"robots\" content=\"index, follow, max-snippet:-1, max-image-preview:large, max-video-preview:-1\" \/>\n<link rel=\"canonical\" href=\"https:\/\/vapingnet.de\/fr\/vape\/kiwi-passion-fruit-guava-bang-king-digital-15000-puffs-riesige-dampfmenge\/\" \/>\n<meta property=\"og:locale\" content=\"fr_FR\" \/>\n<meta property=\"og:type\" content=\"article\" \/>\n<meta property=\"og:title\" content=\"Kiwi Passion Fruit Guava Bang King Digital 15000 Puffs riesige Dampfmenge | Vapingnet.de\" \/>\n<meta property=\"og:description\" content=\"Entdecke Kiwi Passion Fruit Guava Bang King Digital 15000 Puffs riesige Dampfmenge bei vapingnet.de, \u25ba Gro\u00dfe Auswahl an Geschmacksrichtungen &amp; super g\u00fcnstig!\" \/>\n<meta property=\"og:url\" content=\"https:\/\/vapingnet.de\/fr\/vape\/kiwi-passion-fruit-guava-bang-king-digital-15000-puffs-riesige-dampfmenge\/\" \/>\n<meta property=\"og:site_name\" content=\"Vapingnet.de\" \/>\n<meta property=\"article:publisher\" content=\"https:\/\/www.facebook.com\/vapingnetde\/\" \/>\n<meta property=\"article:modified_time\" content=\"2025-06-19T03:40:05+00:00\" \/>\n<meta property=\"og:image\" content=\"https:\/\/vapingnet.de\/wp-content\/uploads\/2025\/03\/KIWI-Passion-Fruit-Guava.png\" \/>\n\t<meta property=\"og:image:width\" content=\"900\" \/>\n\t<meta property=\"og:image:height\" content=\"600\" \/>\n\t<meta property=\"og:image:type\" content=\"image\/png\" \/>\n<meta name=\"twitter:card\" content=\"summary_large_image\" \/>\n<meta name=\"twitter:label1\" content=\"Dur\u00e9e de lecture estim\u00e9e\" \/>\n\t<meta name=\"twitter:data1\" content=\"2 minutes\" \/>\n<script type=\"application\/ld+json\" class=\"yoast-schema-graph\">{\"@context\":\"https:\/\/schema.org\",\"@graph\":[{\"@type\":\"WebPage\",\"@id\":\"https:\/\/vapingnet.de\/vape\/kiwi-passion-fruit-guava-bang-king-digital-15000-puffs-riesige-dampfmenge\/\",\"url\":\"https:\/\/vapingnet.de\/vape\/kiwi-passion-fruit-guava-bang-king-digital-15000-puffs-riesige-dampfmenge\/\",\"name\":\"Kiwi Passion Fruit Guava Bang King Digital 15000 Puffs riesige Dampfmenge | Vapingnet.de\",\"isPartOf\":{\"@id\":\"https:\/\/vapingnet.de\/#website\"},\"primaryImageOfPage\":{\"@id\":\"https:\/\/vapingnet.de\/vape\/kiwi-passion-fruit-guava-bang-king-digital-15000-puffs-riesige-dampfmenge\/#primaryimage\"},\"image\":{\"@id\":\"https:\/\/vapingnet.de\/vape\/kiwi-passion-fruit-guava-bang-king-digital-15000-puffs-riesige-dampfmenge\/#primaryimage\"},\"thumbnailUrl\":\"https:\/\/vapingnet.de\/wp-content\/uploads\/2025\/03\/KIWI-Passion-Fruit-Guava.png\",\"datePublished\":\"2025-03-25T07:03:23+00:00\",\"dateModified\":\"2025-06-19T03:40:05+00:00\",\"description\":\"Entdecke Kiwi Passion Fruit Guava Bang King Digital 15000 Puffs riesige Dampfmenge bei vapingnet.de, \u25ba Gro\u00dfe Auswahl an Geschmacksrichtungen & super g\u00fcnstig!\",\"breadcrumb\":{\"@id\":\"https:\/\/vapingnet.de\/vape\/kiwi-passion-fruit-guava-bang-king-digital-15000-puffs-riesige-dampfmenge\/#breadcrumb\"},\"inLanguage\":\"fr-FR\",\"potentialAction\":[{\"@type\":\"ReadAction\",\"target\":[\"https:\/\/vapingnet.de\/vape\/kiwi-passion-fruit-guava-bang-king-digital-15000-puffs-riesige-dampfmenge\/\"]}]},{\"@type\":\"ImageObject\",\"inLanguage\":\"fr-FR\",\"@id\":\"https:\/\/vapingnet.de\/vape\/kiwi-passion-fruit-guava-bang-king-digital-15000-puffs-riesige-dampfmenge\/#primaryimage\",\"url\":\"https:\/\/vapingnet.de\/wp-content\/uploads\/2025\/03\/KIWI-Passion-Fruit-Guava.png\",\"contentUrl\":\"https:\/\/vapingnet.de\/wp-content\/uploads\/2025\/03\/KIWI-Passion-Fruit-Guava.png\",\"width\":900,\"height\":600,\"caption\":\"Kiwi Passion Fruit Guava\"},{\"@type\":\"BreadcrumbList\",\"@id\":\"https:\/\/vapingnet.de\/vape\/kiwi-passion-fruit-guava-bang-king-digital-15000-puffs-riesige-dampfmenge\/#breadcrumb\",\"itemListElement\":[{\"@type\":\"ListItem\",\"position\":1,\"name\":\"Home\",\"item\":\"https:\/\/vapingnet.de\/\"},{\"@type\":\"ListItem\",\"position\":2,\"name\":\"Shop\",\"item\":\"https:\/\/vapingnet.de\/vape\/\"},{\"@type\":\"ListItem\",\"position\":3,\"name\":\"Kiwi Passion Fruit Guava Bang King Digital 15000 Puffs riesige Dampfmenge\"}]},{\"@type\":\"WebSite\",\"@id\":\"https:\/\/vapingnet.de\/#website\",\"url\":\"https:\/\/vapingnet.de\/\",\"name\":\"Vapingnet.de\",\"description\":\"\",\"publisher\":{\"@id\":\"https:\/\/vapingnet.de\/#organization\"},\"potentialAction\":[{\"@type\":\"SearchAction\",\"target\":{\"@type\":\"EntryPoint\",\"urlTemplate\":\"https:\/\/vapingnet.de\/?s={search_term_string}\"},\"query-input\":{\"@type\":\"PropertyValueSpecification\",\"valueRequired\":true,\"valueName\":\"search_term_string\"}}],\"inLanguage\":\"fr-FR\"},{\"@type\":\"Organization\",\"@id\":\"https:\/\/vapingnet.de\/#organization\",\"name\":\"Vapingnet.de\",\"url\":\"https:\/\/vapingnet.de\/\",\"logo\":{\"@type\":\"ImageObject\",\"inLanguage\":\"fr-FR\",\"@id\":\"https:\/\/vapingnet.de\/#\/schema\/logo\/image\/\",\"url\":\"https:\/\/vapingnet.de\/wp-content\/uploads\/2025\/03\/cropped-vapingnet.de_.jpg\",\"contentUrl\":\"https:\/\/vapingnet.de\/wp-content\/uploads\/2025\/03\/cropped-vapingnet.de_.jpg\",\"width\":512,\"height\":512,\"caption\":\"Vapingnet.de\"},\"image\":{\"@id\":\"https:\/\/vapingnet.de\/#\/schema\/logo\/image\/\"},\"sameAs\":[\"https:\/\/www.facebook.com\/vapingnetde\/\"]}]}<\/script>\n<!-- \/ Yoast SEO plugin. -->","yoast_head_json":{"title":"Kiwi Passion Fruit Guava Bang King Digital 15000 Puffs riesige Dampfmenge | Vapingnet.de","description":"Entdecke Kiwi Passion Fruit Guava Bang King Digital 15000 Puffs riesige Dampfmenge bei vapingnet.de, \u25ba Gro\u00dfe Auswahl an Geschmacksrichtungen & super g\u00fcnstig!","robots":{"index":"index","follow":"follow","max-snippet":"max-snippet:-1","max-image-preview":"max-image-preview:large","max-video-preview":"max-video-preview:-1"},"canonical":"https:\/\/vapingnet.de\/fr\/vape\/kiwi-passion-fruit-guava-bang-king-digital-15000-puffs-riesige-dampfmenge\/","og_locale":"fr_FR","og_type":"article","og_title":"Kiwi Passion Fruit Guava Bang King Digital 15000 Puffs riesige Dampfmenge | Vapingnet.de","og_description":"Entdecke Kiwi Passion Fruit Guava Bang King Digital 15000 Puffs riesige Dampfmenge bei vapingnet.de, \u25ba Gro\u00dfe Auswahl an Geschmacksrichtungen & super g\u00fcnstig!","og_url":"https:\/\/vapingnet.de\/fr\/vape\/kiwi-passion-fruit-guava-bang-king-digital-15000-puffs-riesige-dampfmenge\/","og_site_name":"Vapingnet.de","article_publisher":"https:\/\/www.facebook.com\/vapingnetde\/","article_modified_time":"2025-06-19T03:40:05+00:00","og_image":[{"width":900,"height":600,"url":"https:\/\/vapingnet.de\/wp-content\/uploads\/2025\/03\/KIWI-Passion-Fruit-Guava.png","type":"image\/png"}],"twitter_card":"summary_large_image","twitter_misc":{"Dur\u00e9e de lecture estim\u00e9e":"2 minutes"},"schema":{"@context":"https:\/\/schema.org","@graph":[{"@type":"WebPage","@id":"https:\/\/vapingnet.de\/vape\/kiwi-passion-fruit-guava-bang-king-digital-15000-puffs-riesige-dampfmenge\/","url":"https:\/\/vapingnet.de\/vape\/kiwi-passion-fruit-guava-bang-king-digital-15000-puffs-riesige-dampfmenge\/","name":"Kiwi Passion Fruit Guava Bang King Digital 15000 Puffs riesige Dampfmenge | Vapingnet.de","isPartOf":{"@id":"https:\/\/vapingnet.de\/#website"},"primaryImageOfPage":{"@id":"https:\/\/vapingnet.de\/vape\/kiwi-passion-fruit-guava-bang-king-digital-15000-puffs-riesige-dampfmenge\/#primaryimage"},"image":{"@id":"https:\/\/vapingnet.de\/vape\/kiwi-passion-fruit-guava-bang-king-digital-15000-puffs-riesige-dampfmenge\/#primaryimage"},"thumbnailUrl":"https:\/\/vapingnet.de\/wp-content\/uploads\/2025\/03\/KIWI-Passion-Fruit-Guava.png","datePublished":"2025-03-25T07:03:23+00:00","dateModified":"2025-06-19T03:40:05+00:00","description":"Entdecke Kiwi Passion Fruit Guava Bang King Digital 15000 Puffs riesige Dampfmenge bei vapingnet.de, \u25ba Gro\u00dfe Auswahl an Geschmacksrichtungen & super g\u00fcnstig!","breadcrumb":{"@id":"https:\/\/vapingnet.de\/vape\/kiwi-passion-fruit-guava-bang-king-digital-15000-puffs-riesige-dampfmenge\/#breadcrumb"},"inLanguage":"fr-FR","potentialAction":[{"@type":"ReadAction","target":["https:\/\/vapingnet.de\/vape\/kiwi-passion-fruit-guava-bang-king-digital-15000-puffs-riesige-dampfmenge\/"]}]},{"@type":"ImageObject","inLanguage":"fr-FR","@id":"https:\/\/vapingnet.de\/vape\/kiwi-passion-fruit-guava-bang-king-digital-15000-puffs-riesige-dampfmenge\/#primaryimage","url":"https:\/\/vapingnet.de\/wp-content\/uploads\/2025\/03\/KIWI-Passion-Fruit-Guava.png","contentUrl":"https:\/\/vapingnet.de\/wp-content\/uploads\/2025\/03\/KIWI-Passion-Fruit-Guava.png","width":900,"height":600,"caption":"Kiwi Passion Fruit Guava"},{"@type":"BreadcrumbList","@id":"https:\/\/vapingnet.de\/vape\/kiwi-passion-fruit-guava-bang-king-digital-15000-puffs-riesige-dampfmenge\/#breadcrumb","itemListElement":[{"@type":"ListItem","position":1,"name":"Home","item":"https:\/\/vapingnet.de\/"},{"@type":"ListItem","position":2,"name":"Shop","item":"https:\/\/vapingnet.de\/vape\/"},{"@type":"ListItem","position":3,"name":"Kiwi Passion Fruit Guava Bang King Digital 15000 Puffs riesige Dampfmenge"}]},{"@type":"WebSite","@id":"https:\/\/vapingnet.de\/#website","url":"https:\/\/vapingnet.de\/","name":"Vapingnet.de","description":"","publisher":{"@id":"https:\/\/vapingnet.de\/#organization"},"potentialAction":[{"@type":"SearchAction","target":{"@type":"EntryPoint","urlTemplate":"https:\/\/vapingnet.de\/?s={search_term_string}"},"query-input":{"@type":"PropertyValueSpecification","valueRequired":true,"valueName":"search_term_string"}}],"inLanguage":"fr-FR"},{"@type":"Organization","@id":"https:\/\/vapingnet.de\/#organization","name":"Vapingnet.de","url":"https:\/\/vapingnet.de\/","logo":{"@type":"ImageObject","inLanguage":"fr-FR","@id":"https:\/\/vapingnet.de\/#\/schema\/logo\/image\/","url":"https:\/\/vapingnet.de\/wp-content\/uploads\/2025\/03\/cropped-vapingnet.de_.jpg","contentUrl":"https:\/\/vapingnet.de\/wp-content\/uploads\/2025\/03\/cropped-vapingnet.de_.jpg","width":512,"height":512,"caption":"Vapingnet.de"},"image":{"@id":"https:\/\/vapingnet.de\/#\/schema\/logo\/image\/"},"sameAs":["https:\/\/www.facebook.com\/vapingnetde\/"]}]}},"tiered_pricing_type":"fixed","tiered_pricing_fixed_rules":{"10":"6.83","60":"6.15","110":"5.46","200":"4.78"},"tiered_pricing_product_settings":{"layout":"default","base_unit_name":{"singular":null,"plural":null},"default_variation":null},"tiered_pricing_minimum_quantity":null,"tiered_pricing_roles_data":[],"tiered_pricing_percentage_rules":[],"_links":{"self":[{"href":"https:\/\/vapingnet.de\/fr\/wp-json\/wp\/v2\/product\/5897","targetHints":{"allow":["GET"]}}],"collection":[{"href":"https:\/\/vapingnet.de\/fr\/wp-json\/wp\/v2\/product"}],"about":[{"href":"https:\/\/vapingnet.de\/fr\/wp-json\/wp\/v2\/types\/product"}],"version-history":[{"count":2,"href":"https:\/\/vapingnet.de\/fr\/wp-json\/wp\/v2\/product\/5897\/revisions"}],"predecessor-version":[{"id":5906,"href":"https:\/\/vapingnet.de\/fr\/wp-json\/wp\/v2\/product\/5897\/revisions\/5906"}],"wp:featuredmedia":[{"embeddable":true,"href":"https:\/\/vapingnet.de\/fr\/wp-json\/wp\/v2\/media\/5898"}],"wp:attachment":[{"href":"https:\/\/vapingnet.de\/fr\/wp-json\/wp\/v2\/media?parent=5897"}],"wp:term":[{"taxonomy":"brand","embeddable":true,"href":"https:\/\/vapingnet.de\/fr\/wp-json\/wp\/v2\/etheme_brands?post=5897"},{"taxonomy":"product_brand","embeddable":true,"href":"https:\/\/vapingnet.de\/fr\/wp-json\/wp\/v2\/product_brand?post=5897"},{"taxonomy":"product_cat","embeddable":true,"href":"https:\/\/vapingnet.de\/fr\/wp-json\/wp\/v2\/product_cat?post=5897"},{"taxonomy":"product_tag","embeddable":true,"href":"https:\/\/vapingnet.de\/fr\/wp-json\/wp\/v2\/product_tag?post=5897"}],"curies":[{"name":"wp","href":"https:\/\/api.w.org\/{rel}","templated":true}]}}