{"id":6127,"date":"2025-04-07T02:42:17","date_gmt":"2025-04-07T02:42:17","guid":{"rendered":"https:\/\/vapingnet.de\/?post_type=product&#038;p=6127"},"modified":"2025-06-19T03:40:03","modified_gmt":"2025-06-19T03:40:03","slug":"tropical-fruit-der-hit-bei-bang-king-25000-puffs-weltweit","status":"publish","type":"product","link":"https:\/\/vapingnet.de\/fr\/vape\/tropical-fruit-der-hit-bei-bang-king-25000-puffs-weltweit\/","title":{"rendered":"Tropical Fruit La star chez Bang King 25000 bouff\u00e9es dans le monde entier"},"content":{"rendered":"<h2 class=\"\" data-start=\"36\" data-end=\"119\">Bang King 25000 Bouff\u00e9es Cigarette \u00c9lectronique Jetable \u2013 L'exp\u00e9rience ultime de 25K bouff\u00e9es !<\/h2>\n<p class=\"\" data-start=\"121\" data-end=\"580\">La Bang King 25000 Puffs est l'une des cigarettes \u00e9lectroniques jetables les plus innovantes et puissantes sur le march\u00e9. Elle offre non seulement un incroyable 25 000 bouff\u00e9es, mais aussi une saveur exceptionnelle et une exp\u00e9rience d'utilisation durable. Cette cigarette \u00e9lectronique a \u00e9t\u00e9 sp\u00e9cialement con\u00e7ue pour tous ceux qui attachent de l'importance \u00e0 la qualit\u00e9 et \u00e0 la convivialit\u00e9 \u2013 que vous soyez d\u00e9butant ou vapoteur exp\u00e9riment\u00e9. Profitez de l'exp\u00e9rience ultime de vapotage \u00e0 chaque inhalation !<\/p>\n<h3 class=\"\" data-start=\"582\" data-end=\"618\">Caract\u00e9ristiques du produit en r\u00e9sum\u00e9<\/h3>\n<ol data-start=\"620\" data-end=\"2210\">\n<li class=\"\" data-start=\"620\" data-end=\"923\">\n<p class=\"\" data-start=\"623\" data-end=\"923\">Longue dur\u00e9e d'utilisation :<br data-start=\"647\" data-end=\"650\" \/>La Bang King 25000 Puffs est \u00e9quip\u00e9e d'un syst\u00e8me \u00e0 double pod, chaque pod contenant 23 ml. Au total, l'appareil offre une capacit\u00e9 de 46 ml, permettant 25 000 bouff\u00e9es. Cela garantit une utilisation bien plus longue que les cigarettes \u00e9lectroniques jetables classiques.<\/p>\n<\/li>\n<li class=\"\" data-start=\"925\" data-end=\"1168\">\n<p class=\"\" data-start=\"928\" data-end=\"1168\">Niveaux de nicotine vari\u00e9s :<br data-start=\"959\" data-end=\"962\" \/>Choisissez le niveau de nicotine qui vous convient : 0%, 2%, 3%, 5%. Que vous recherchiez une option sans nicotine ou une exp\u00e9rience de nicotine plus forte, vous trouverez ici le choix adapt\u00e9.<\/p>\n<\/li>\n<li class=\"\" data-start=\"1170\" data-end=\"1445\">\n<p class=\"\" data-start=\"1173\" data-end=\"1445\">Mesh-Coil pour une saveur optimale :<br data-start=\"1211\" data-end=\"1214\" \/>La Mesh-Coil 1.0\u03a9 assure une vaporisation uniforme et une saveur plus fine, rendant l'exp\u00e9rience de vapotage agr\u00e9able. La vapeur est produite de mani\u00e8re homog\u00e8ne et la saveur reste toujours fra\u00eeche.<\/p>\n<\/li>\n<li class=\"\" data-start=\"1447\" data-end=\"1713\">\n<p class=\"\" data-start=\"1450\" data-end=\"1713\">Batterie puissante &amp; charge rapide :<br data-start=\"1492\" data-end=\"1495\" \/>\u00c9quip\u00e9e d'une batterie de 650mAh, cette cigarette \u00e9lectronique offre une utilisation prolong\u00e9e. Avec le port de charge Type-C, la recharge est rapide et facile, pour que vous ne manquiez jamais de vapeur.<\/p>\n<\/li>\n<li class=\"\" data-start=\"1715\" data-end=\"2013\">\n<p class=\"\" data-start=\"1718\" data-end=\"2013\">Go\u00fbt de fruit tropical :<br data-start=\"1748\" data-end=\"1751\" \/>Le go\u00fbt Tropical Fruit est un m\u00e9lange d\u00e9licieux de diff\u00e9rents fruits tropicaux, offrant une exp\u00e9rience gustative rafra\u00eechissante et exotique. Id\u00e9al pour les vapoteurs qui aiment les saveurs fruit\u00e9es, sucr\u00e9es et rafra\u00eechissantes.<\/p>\n<\/li>\n<li class=\"\" data-start=\"2015\" data-end=\"2210\">\n<p class=\"\" data-start=\"2018\" data-end=\"2210\">Cigarette \u00e9lectronique jetable :<br data-start=\"2041\" data-end=\"2044\" \/>La Bang King 25000 est une cigarette \u00e9lectronique jetable qui ne n\u00e9cessite aucun entretien. Vous n'avez pas besoin de remplir ou de changer la coil. Il suffit de la sortir de l'emballage et de profiter !<\/p>\n<\/li>\n<\/ol>\n<h3 class=\"\" data-start=\"2212\" data-end=\"2250\">Informations sur l'exp\u00e9dition et l'achat<\/h3>\n<ul data-start=\"2252\" data-end=\"2694\">\n<li class=\"\" data-start=\"2252\" data-end=\"2389\">\n<p class=\"\" data-start=\"2254\" data-end=\"2389\">D\u00e9lai de livraison : Le d\u00e9lai de livraison estim\u00e9 est de 7 \u00e0 15 jours ouvrables, pour que vous puissiez profiter rapidement de la Bang King 25000.<\/p>\n<\/li>\n<li class=\"\" data-start=\"2390\" data-end=\"2505\">\n<p class=\"\" data-start=\"2392\" data-end=\"2505\">Livraison sans douane : Aucun frais de douane suppl\u00e9mentaire, vous pouvez profiter de votre produit sans co\u00fbts cach\u00e9s.<\/p>\n<\/li>\n<li class=\"\" data-start=\"2506\" data-end=\"2694\">\n<p class=\"\" data-start=\"2508\" data-end=\"2694\">Achat sur : Visitez vapingnet.fr pour une commande rapide et s\u00e9curis\u00e9e. La plateforme garantit une exp\u00e9rience d'achat conviviale et sans souci.<\/p>\n<\/li>\n<\/ul>\n<h3 class=\"\" data-start=\"2696\" data-end=\"2755\">Pourquoi devriez-vous choisir la Bang King 25000 Puffs ?<\/h3>\n<ul data-start=\"2757\" data-end=\"3379\">\n<li class=\"\" data-start=\"2757\" data-end=\"2923\">\n<p class=\"\" data-start=\"2759\" data-end=\"2923\">Longue dur\u00e9e de vie : Avec le syst\u00e8me \u00e0 double pod, vous pouvez profiter jusqu'\u00e0 25 000 bouff\u00e9es \u2013 ce qui fait de cette cigarette \u00e9lectronique l'une des plus durables sur le march\u00e9.<\/p>\n<\/li>\n<li class=\"\" data-start=\"2924\" data-end=\"3056\">\n<p class=\"\" data-start=\"2926\" data-end=\"3056\">Saveur intense : La Mesh-Coil 1.0\u03a9 assure une vapeur homog\u00e8ne et une saveur fine et intense \u00e0 chaque utilisation.<\/p>\n<\/li>\n<li class=\"\" data-start=\"3057\" data-end=\"3230\">\n<p class=\"\" data-start=\"3059\" data-end=\"3230\">Utilisation simple : Gr\u00e2ce au design jetable, vous n'avez \u00e0 vous soucier de rien. C'est le choix parfait pour tous ceux qui recherchent une exp\u00e9rience de vapotage simple et pratique.<\/p>\n<\/li>\n<li class=\"\" data-start=\"3231\" data-end=\"3379\">\n<p class=\"\" data-start=\"3233\" data-end=\"3379\">Performance puissante : La batterie de 650mAh et le port de charge Type-C vous offrent une performance durable et une recharge rapide pour plus de confort.<\/p>\n<\/li>\n<\/ul>\n<h4>Profitez d\u00e8s maintenant \u2013 votre exp\u00e9rience de vapotage vous attend !<\/h4>\n<p class=\"\" data-start=\"3434\" data-end=\"3728\">Es-tu pr\u00eat \u00e0 savourer des saveurs de fruits tropicaux pendant 25 000 bouff\u00e9es ? Choisis le Bang King 25000 Puffs pour une exp\u00e9rience de vapotage inoubliable ! Visite vapingnet.fr d\u00e8s aujourd'hui et procure-toi ton Bang King 25000 \u2013 le compagnon parfait pour un vapotage de premi\u00e8re classe !<\/p>","protected":false},"excerpt":{"rendered":"<p>Bang King 25000 Puff Cigarette \u00e9lectronique jetable \u2013 L'exp\u00e9rience ultime de 25K Puff ! Le Bang King 25000 Puff est l'une des cigarettes \u00e9lectroniques jetables les plus innovantes et puissantes sur...<\/p>","protected":false},"featured_media":6138,"template":"","meta":[],"etheme_brands":[],"product_brand":[101],"product_cat":[55,49,61],"product_tag":[],"class_list":{"0":"post-6127","1":"product","2":"type-product","3":"status-publish","4":"has-post-thumbnail","6":"product_brand-bang-king-vape","7":"product_cat-vape-25000-zuege","8":"product_cat-einweg-e-zigarette","9":"product_cat-f","11":"first","12":"instock","13":"shipping-taxable","14":"purchasable","15":"product-type-simple"},"yoast_head":"<!-- This site is optimized with the Yoast SEO plugin v26.5 - https:\/\/yoast.com\/wordpress\/plugins\/seo\/ -->\n<title>Tropical Fruit Der Hit Bei Bang King 25000 Puffs Weltweit | Vapingnet.de<\/title>\n<meta name=\"description\" content=\"Entdecke Tropical Fruit Der Hit Bei Bang King 25000 Puffs Weltweit bei vapingnet.de, \u25ba Gro\u00dfe Auswahl an Geschmacksrichtungen &amp; super g\u00fcnstig!\" \/>\n<meta name=\"robots\" content=\"index, follow, max-snippet:-1, max-image-preview:large, max-video-preview:-1\" \/>\n<link rel=\"canonical\" href=\"https:\/\/vapingnet.de\/fr\/vape\/tropical-fruit-der-hit-bei-bang-king-25000-puffs-weltweit\/\" \/>\n<meta property=\"og:locale\" content=\"fr_FR\" \/>\n<meta property=\"og:type\" content=\"article\" \/>\n<meta property=\"og:title\" content=\"Tropical Fruit Der Hit Bei Bang King 25000 Puffs Weltweit | Vapingnet.de\" \/>\n<meta property=\"og:description\" content=\"Entdecke Tropical Fruit Der Hit Bei Bang King 25000 Puffs Weltweit bei vapingnet.de, \u25ba Gro\u00dfe Auswahl an Geschmacksrichtungen &amp; super g\u00fcnstig!\" \/>\n<meta property=\"og:url\" content=\"https:\/\/vapingnet.de\/fr\/vape\/tropical-fruit-der-hit-bei-bang-king-25000-puffs-weltweit\/\" \/>\n<meta property=\"og:site_name\" content=\"Vapingnet.de\" \/>\n<meta property=\"article:publisher\" content=\"https:\/\/www.facebook.com\/vapingnetde\/\" \/>\n<meta property=\"article:modified_time\" content=\"2025-06-19T03:40:03+00:00\" \/>\n<meta property=\"og:image\" content=\"https:\/\/vapingnet.de\/wp-content\/uploads\/2025\/04\/bang-25k-vape-Tropical-Fruit.png\" \/>\n\t<meta property=\"og:image:width\" content=\"1000\" \/>\n\t<meta property=\"og:image:height\" content=\"1000\" \/>\n\t<meta property=\"og:image:type\" content=\"image\/png\" \/>\n<meta name=\"twitter:card\" content=\"summary_large_image\" \/>\n<meta name=\"twitter:label1\" content=\"Dur\u00e9e de lecture estim\u00e9e\" \/>\n\t<meta name=\"twitter:data1\" content=\"3 minutes\" \/>\n<script type=\"application\/ld+json\" class=\"yoast-schema-graph\">{\"@context\":\"https:\/\/schema.org\",\"@graph\":[{\"@type\":\"WebPage\",\"@id\":\"https:\/\/vapingnet.de\/vape\/tropical-fruit-der-hit-bei-bang-king-25000-puffs-weltweit\/\",\"url\":\"https:\/\/vapingnet.de\/vape\/tropical-fruit-der-hit-bei-bang-king-25000-puffs-weltweit\/\",\"name\":\"Tropical Fruit Der Hit Bei Bang King 25000 Puffs Weltweit | Vapingnet.de\",\"isPartOf\":{\"@id\":\"https:\/\/vapingnet.de\/#website\"},\"primaryImageOfPage\":{\"@id\":\"https:\/\/vapingnet.de\/vape\/tropical-fruit-der-hit-bei-bang-king-25000-puffs-weltweit\/#primaryimage\"},\"image\":{\"@id\":\"https:\/\/vapingnet.de\/vape\/tropical-fruit-der-hit-bei-bang-king-25000-puffs-weltweit\/#primaryimage\"},\"thumbnailUrl\":\"https:\/\/vapingnet.de\/wp-content\/uploads\/2025\/04\/bang-25k-vape-Tropical-Fruit.png\",\"datePublished\":\"2025-04-07T02:42:17+00:00\",\"dateModified\":\"2025-06-19T03:40:03+00:00\",\"description\":\"Entdecke Tropical Fruit Der Hit Bei Bang King 25000 Puffs Weltweit bei vapingnet.de, \u25ba Gro\u00dfe Auswahl an Geschmacksrichtungen & super g\u00fcnstig!\",\"breadcrumb\":{\"@id\":\"https:\/\/vapingnet.de\/vape\/tropical-fruit-der-hit-bei-bang-king-25000-puffs-weltweit\/#breadcrumb\"},\"inLanguage\":\"fr-FR\",\"potentialAction\":[{\"@type\":\"ReadAction\",\"target\":[\"https:\/\/vapingnet.de\/vape\/tropical-fruit-der-hit-bei-bang-king-25000-puffs-weltweit\/\"]}]},{\"@type\":\"ImageObject\",\"inLanguage\":\"fr-FR\",\"@id\":\"https:\/\/vapingnet.de\/vape\/tropical-fruit-der-hit-bei-bang-king-25000-puffs-weltweit\/#primaryimage\",\"url\":\"https:\/\/vapingnet.de\/wp-content\/uploads\/2025\/04\/bang-25k-vape-Tropical-Fruit.png\",\"contentUrl\":\"https:\/\/vapingnet.de\/wp-content\/uploads\/2025\/04\/bang-25k-vape-Tropical-Fruit.png\",\"width\":1000,\"height\":1000},{\"@type\":\"BreadcrumbList\",\"@id\":\"https:\/\/vapingnet.de\/vape\/tropical-fruit-der-hit-bei-bang-king-25000-puffs-weltweit\/#breadcrumb\",\"itemListElement\":[{\"@type\":\"ListItem\",\"position\":1,\"name\":\"Home\",\"item\":\"https:\/\/vapingnet.de\/\"},{\"@type\":\"ListItem\",\"position\":2,\"name\":\"Shop\",\"item\":\"https:\/\/vapingnet.de\/vape\/\"},{\"@type\":\"ListItem\",\"position\":3,\"name\":\"Tropical Fruit Der Hit Bei Bang King 25000 Puffs Weltweit\"}]},{\"@type\":\"WebSite\",\"@id\":\"https:\/\/vapingnet.de\/#website\",\"url\":\"https:\/\/vapingnet.de\/\",\"name\":\"Vapingnet.de\",\"description\":\"\",\"publisher\":{\"@id\":\"https:\/\/vapingnet.de\/#organization\"},\"potentialAction\":[{\"@type\":\"SearchAction\",\"target\":{\"@type\":\"EntryPoint\",\"urlTemplate\":\"https:\/\/vapingnet.de\/?s={search_term_string}\"},\"query-input\":{\"@type\":\"PropertyValueSpecification\",\"valueRequired\":true,\"valueName\":\"search_term_string\"}}],\"inLanguage\":\"fr-FR\"},{\"@type\":\"Organization\",\"@id\":\"https:\/\/vapingnet.de\/#organization\",\"name\":\"Vapingnet.de\",\"url\":\"https:\/\/vapingnet.de\/\",\"logo\":{\"@type\":\"ImageObject\",\"inLanguage\":\"fr-FR\",\"@id\":\"https:\/\/vapingnet.de\/#\/schema\/logo\/image\/\",\"url\":\"https:\/\/vapingnet.de\/wp-content\/uploads\/2025\/03\/cropped-vapingnet.de_.jpg\",\"contentUrl\":\"https:\/\/vapingnet.de\/wp-content\/uploads\/2025\/03\/cropped-vapingnet.de_.jpg\",\"width\":512,\"height\":512,\"caption\":\"Vapingnet.de\"},\"image\":{\"@id\":\"https:\/\/vapingnet.de\/#\/schema\/logo\/image\/\"},\"sameAs\":[\"https:\/\/www.facebook.com\/vapingnetde\/\"]}]}<\/script>\n<!-- \/ Yoast SEO plugin. -->","yoast_head_json":{"title":"Tropical Fruit Der Hit Bei Bang King 25000 Puffs Weltweit | Vapingnet.de","description":"Entdecke Tropical Fruit Der Hit Bei Bang King 25000 Puffs Weltweit bei vapingnet.de, \u25ba Gro\u00dfe Auswahl an Geschmacksrichtungen & super g\u00fcnstig!","robots":{"index":"index","follow":"follow","max-snippet":"max-snippet:-1","max-image-preview":"max-image-preview:large","max-video-preview":"max-video-preview:-1"},"canonical":"https:\/\/vapingnet.de\/fr\/vape\/tropical-fruit-der-hit-bei-bang-king-25000-puffs-weltweit\/","og_locale":"fr_FR","og_type":"article","og_title":"Tropical Fruit Der Hit Bei Bang King 25000 Puffs Weltweit | Vapingnet.de","og_description":"Entdecke Tropical Fruit Der Hit Bei Bang King 25000 Puffs Weltweit bei vapingnet.de, \u25ba Gro\u00dfe Auswahl an Geschmacksrichtungen & super g\u00fcnstig!","og_url":"https:\/\/vapingnet.de\/fr\/vape\/tropical-fruit-der-hit-bei-bang-king-25000-puffs-weltweit\/","og_site_name":"Vapingnet.de","article_publisher":"https:\/\/www.facebook.com\/vapingnetde\/","article_modified_time":"2025-06-19T03:40:03+00:00","og_image":[{"width":1000,"height":1000,"url":"https:\/\/vapingnet.de\/wp-content\/uploads\/2025\/04\/bang-25k-vape-Tropical-Fruit.png","type":"image\/png"}],"twitter_card":"summary_large_image","twitter_misc":{"Dur\u00e9e de lecture estim\u00e9e":"3 minutes"},"schema":{"@context":"https:\/\/schema.org","@graph":[{"@type":"WebPage","@id":"https:\/\/vapingnet.de\/vape\/tropical-fruit-der-hit-bei-bang-king-25000-puffs-weltweit\/","url":"https:\/\/vapingnet.de\/vape\/tropical-fruit-der-hit-bei-bang-king-25000-puffs-weltweit\/","name":"Tropical Fruit Der Hit Bei Bang King 25000 Puffs Weltweit | Vapingnet.de","isPartOf":{"@id":"https:\/\/vapingnet.de\/#website"},"primaryImageOfPage":{"@id":"https:\/\/vapingnet.de\/vape\/tropical-fruit-der-hit-bei-bang-king-25000-puffs-weltweit\/#primaryimage"},"image":{"@id":"https:\/\/vapingnet.de\/vape\/tropical-fruit-der-hit-bei-bang-king-25000-puffs-weltweit\/#primaryimage"},"thumbnailUrl":"https:\/\/vapingnet.de\/wp-content\/uploads\/2025\/04\/bang-25k-vape-Tropical-Fruit.png","datePublished":"2025-04-07T02:42:17+00:00","dateModified":"2025-06-19T03:40:03+00:00","description":"Entdecke Tropical Fruit Der Hit Bei Bang King 25000 Puffs Weltweit bei vapingnet.de, \u25ba Gro\u00dfe Auswahl an Geschmacksrichtungen & super g\u00fcnstig!","breadcrumb":{"@id":"https:\/\/vapingnet.de\/vape\/tropical-fruit-der-hit-bei-bang-king-25000-puffs-weltweit\/#breadcrumb"},"inLanguage":"fr-FR","potentialAction":[{"@type":"ReadAction","target":["https:\/\/vapingnet.de\/vape\/tropical-fruit-der-hit-bei-bang-king-25000-puffs-weltweit\/"]}]},{"@type":"ImageObject","inLanguage":"fr-FR","@id":"https:\/\/vapingnet.de\/vape\/tropical-fruit-der-hit-bei-bang-king-25000-puffs-weltweit\/#primaryimage","url":"https:\/\/vapingnet.de\/wp-content\/uploads\/2025\/04\/bang-25k-vape-Tropical-Fruit.png","contentUrl":"https:\/\/vapingnet.de\/wp-content\/uploads\/2025\/04\/bang-25k-vape-Tropical-Fruit.png","width":1000,"height":1000},{"@type":"BreadcrumbList","@id":"https:\/\/vapingnet.de\/vape\/tropical-fruit-der-hit-bei-bang-king-25000-puffs-weltweit\/#breadcrumb","itemListElement":[{"@type":"ListItem","position":1,"name":"Home","item":"https:\/\/vapingnet.de\/"},{"@type":"ListItem","position":2,"name":"Shop","item":"https:\/\/vapingnet.de\/vape\/"},{"@type":"ListItem","position":3,"name":"Tropical Fruit Der Hit Bei Bang King 25000 Puffs Weltweit"}]},{"@type":"WebSite","@id":"https:\/\/vapingnet.de\/#website","url":"https:\/\/vapingnet.de\/","name":"Vapingnet.de","description":"","publisher":{"@id":"https:\/\/vapingnet.de\/#organization"},"potentialAction":[{"@type":"SearchAction","target":{"@type":"EntryPoint","urlTemplate":"https:\/\/vapingnet.de\/?s={search_term_string}"},"query-input":{"@type":"PropertyValueSpecification","valueRequired":true,"valueName":"search_term_string"}}],"inLanguage":"fr-FR"},{"@type":"Organization","@id":"https:\/\/vapingnet.de\/#organization","name":"Vapingnet.de","url":"https:\/\/vapingnet.de\/","logo":{"@type":"ImageObject","inLanguage":"fr-FR","@id":"https:\/\/vapingnet.de\/#\/schema\/logo\/image\/","url":"https:\/\/vapingnet.de\/wp-content\/uploads\/2025\/03\/cropped-vapingnet.de_.jpg","contentUrl":"https:\/\/vapingnet.de\/wp-content\/uploads\/2025\/03\/cropped-vapingnet.de_.jpg","width":512,"height":512,"caption":"Vapingnet.de"},"image":{"@id":"https:\/\/vapingnet.de\/#\/schema\/logo\/image\/"},"sameAs":["https:\/\/www.facebook.com\/vapingnetde\/"]}]}},"tiered_pricing_type":"fixed","tiered_pricing_fixed_rules":{"10":"8.07","60":"7.26","110":"6.46","200":"5.65"},"tiered_pricing_product_settings":{"layout":"default","base_unit_name":{"singular":null,"plural":null},"default_variation":null},"tiered_pricing_minimum_quantity":null,"tiered_pricing_roles_data":[],"tiered_pricing_percentage_rules":[],"_links":{"self":[{"href":"https:\/\/vapingnet.de\/fr\/wp-json\/wp\/v2\/product\/6127","targetHints":{"allow":["GET"]}}],"collection":[{"href":"https:\/\/vapingnet.de\/fr\/wp-json\/wp\/v2\/product"}],"about":[{"href":"https:\/\/vapingnet.de\/fr\/wp-json\/wp\/v2\/types\/product"}],"version-history":[{"count":1,"href":"https:\/\/vapingnet.de\/fr\/wp-json\/wp\/v2\/product\/6127\/revisions"}],"predecessor-version":[{"id":6144,"href":"https:\/\/vapingnet.de\/fr\/wp-json\/wp\/v2\/product\/6127\/revisions\/6144"}],"wp:featuredmedia":[{"embeddable":true,"href":"https:\/\/vapingnet.de\/fr\/wp-json\/wp\/v2\/media\/6138"}],"wp:attachment":[{"href":"https:\/\/vapingnet.de\/fr\/wp-json\/wp\/v2\/media?parent=6127"}],"wp:term":[{"taxonomy":"brand","embeddable":true,"href":"https:\/\/vapingnet.de\/fr\/wp-json\/wp\/v2\/etheme_brands?post=6127"},{"taxonomy":"product_brand","embeddable":true,"href":"https:\/\/vapingnet.de\/fr\/wp-json\/wp\/v2\/product_brand?post=6127"},{"taxonomy":"product_cat","embeddable":true,"href":"https:\/\/vapingnet.de\/fr\/wp-json\/wp\/v2\/product_cat?post=6127"},{"taxonomy":"product_tag","embeddable":true,"href":"https:\/\/vapingnet.de\/fr\/wp-json\/wp\/v2\/product_tag?post=6127"}],"curies":[{"name":"wp","href":"https:\/\/api.w.org\/{rel}","templated":true}]}}