{"id":6147,"date":"2025-04-07T03:45:01","date_gmt":"2025-04-07T03:45:01","guid":{"rendered":"https:\/\/vapingnet.de\/?post_type=product&#038;p=6147"},"modified":"2025-06-19T03:40:02","modified_gmt":"2025-06-19T03:40:02","slug":"weltweit-beliebt-bang-king-25000-puffs-sour-apple-ice-direktversand","status":"publish","type":"product","link":"https:\/\/vapingnet.de\/fr\/vape\/weltweit-beliebt-bang-king-25000-puffs-sour-apple-ice-direktversand\/","title":{"rendered":"Partout dans le Monde Bang King 25000 Puffs Sour Apple Ice Livraison Directe"},"content":{"rendered":"<h2 data-start=\"0\" data-end=\"91\" data-immersive-translate-walked=\"6c7c9463-19a2-45fa-8faf-1486d4e3d75c\">Nouveau dans la gamme : Bang King 25000 bouff\u00e9es cigarette \u00e9lectronique jetable au go\u00fbt Pomme Acidul\u00e9e Glac\u00e9e<\/h2>\n<p class=\"\" data-start=\"93\" data-end=\"357\" data-immersive-translate-walked=\"6c7c9463-19a2-45fa-8faf-1486d4e3d75c\" data-immersive-translate-paragraph=\"1\">Vous cherchez une cigarette \u00e9lectronique jetable avec une dur\u00e9e d'utilisation particuli\u00e8rement longue, un go\u00fbt exceptionnel et un \u00e9quipement moderne ? Alors la nouvelle Bang King 25000 bouff\u00e9es est exactement ce qu'il vous faut \u2013 surtout dans la saveur rafra\u00eechissante Pomme Acidul\u00e9e Glac\u00e9e.<\/p>\n<h4 data-start=\"359\" data-end=\"387\" data-immersive-translate-walked=\"6c7c9463-19a2-45fa-8faf-1486d4e3d75c\" data-immersive-translate-paragraph=\"1\">D\u00e9tails du produit en r\u00e9sum\u00e9 :<\/h4>\n<ul data-start=\"389\" data-end=\"770\">\n<li class=\"\" data-start=\"389\" data-end=\"422\">\n<p class=\"\" data-start=\"391\" data-end=\"422\" data-immersive-translate-walked=\"6c7c9463-19a2-45fa-8faf-1486d4e3d75c\" data-immersive-translate-paragraph=\"1\">Mod\u00e8le : Bang King 25000 Bouff\u00e9es<\/p>\n<\/li>\n<li class=\"\" data-start=\"423\" data-end=\"452\">\n<p class=\"\" data-start=\"425\" data-end=\"452\" data-immersive-translate-walked=\"6c7c9463-19a2-45fa-8faf-1486d4e3d75c\" data-immersive-translate-paragraph=\"1\">Go\u00fbt : Pomme Acidul\u00e9e Glac\u00e9e<\/p>\n<\/li>\n<li class=\"\" data-start=\"453\" data-end=\"508\">\n<p class=\"\" data-start=\"455\" data-end=\"508\" data-immersive-translate-walked=\"6c7c9463-19a2-45fa-8faf-1486d4e3d75c\" data-immersive-translate-paragraph=\"1\">Sel de nicotine : choix entre 0,%, 2,%, 3,% et 5,%<\/p>\n<\/li>\n<li class=\"\" data-start=\"509\" data-end=\"546\">\n<p class=\"\" data-start=\"511\" data-end=\"546\" data-immersive-translate-walked=\"6c7c9463-19a2-45fa-8faf-1486d4e3d75c\" data-immersive-translate-paragraph=\"1\">T\u00eate de vapotage : Mesh Coil 1.0 Ohm<\/p>\n<\/li>\n<li class=\"\" data-start=\"547\" data-end=\"594\">\n<p class=\"\" data-start=\"549\" data-end=\"594\" data-immersive-translate-walked=\"6c7c9463-19a2-45fa-8faf-1486d4e3d75c\" data-immersive-translate-paragraph=\"1\">Capacit\u00e9 du liquide : Dual Pod avec 23 ml + 23 ml<\/p>\n<\/li>\n<li class=\"\" data-start=\"595\" data-end=\"629\">\n<p class=\"\" data-start=\"597\" data-end=\"629\" data-immersive-translate-walked=\"6c7c9463-19a2-45fa-8faf-1486d4e3d75c\" data-immersive-translate-paragraph=\"1\">Batterie : 650 mAh, rechargeable<\/p>\n<\/li>\n<li class=\"\" data-start=\"630\" data-end=\"654\">\n<p class=\"\" data-start=\"632\" data-end=\"654\" data-immersive-translate-walked=\"6c7c9463-19a2-45fa-8faf-1486d4e3d75c\" data-immersive-translate-paragraph=\"1\">Port de charge : Type-C<\/p>\n<\/li>\n<li class=\"\" data-start=\"655\" data-end=\"682\">\n<p class=\"\" data-start=\"657\" data-end=\"682\" data-immersive-translate-walked=\"6c7c9463-19a2-45fa-8faf-1486d4e3d75c\" data-immersive-translate-paragraph=\"1\">Type : Cigarette \u00e9lectronique jetable<\/p>\n<\/li>\n<li class=\"\" data-start=\"683\" data-end=\"712\">\n<p class=\"\" data-start=\"685\" data-end=\"712\" data-immersive-translate-walked=\"6c7c9463-19a2-45fa-8faf-1486d4e3d75c\" data-immersive-translate-paragraph=\"1\">D\u00e9lai de livraison : 7\u201315 jours ouvrables<\/p>\n<\/li>\n<li class=\"\" data-start=\"713\" data-end=\"745\">\n<p class=\"\" data-start=\"715\" data-end=\"745\" data-immersive-translate-walked=\"6c7c9463-19a2-45fa-8faf-1486d4e3d75c\" data-immersive-translate-paragraph=\"1\">Avantage : livraison sans taxe<\/p>\n<\/li>\n<li class=\"\" data-start=\"746\" data-end=\"770\">\n<p class=\"\" data-start=\"748\" data-end=\"770\" data-immersive-translate-walked=\"6c7c9463-19a2-45fa-8faf-1486d4e3d75c\" data-immersive-translate-paragraph=\"1\">Site web : vapingnet.fr<\/p>\n<\/li>\n<\/ul>\n<h3 data-start=\"772\" data-end=\"794\" data-immersive-translate-walked=\"6c7c9463-19a2-45fa-8faf-1486d4e3d75c\" data-immersive-translate-paragraph=\"1\">Pourquoi Bang King 25000 ?<\/h3>\n<ol data-start=\"796\" data-end=\"1880\">\n<li class=\"\" data-start=\"796\" data-end=\"1026\">\n<p class=\"\" data-start=\"799\" data-end=\"1026\" data-immersive-translate-walked=\"6c7c9463-19a2-45fa-8faf-1486d4e3d75c\">Dur\u00e9e d'utilisation particuli\u00e8rement longue<br data-start=\"828\" data-end=\"831\" \/>La Bang King est \u00e9quip\u00e9e de deux pods, chacun permettant jusqu'\u00e0 12 500 bouff\u00e9es. Au total, vous pouvez ainsi profiter de jusqu'\u00e0 <a href=\"https:\/\/vapingnet.de\/fr\/k\/vape-25000-zuege\/\" target=\"_blank\" rel=\"noopener\"><strong>25 000 bouff\u00e9es<\/strong> <\/a>\u2013 id\u00e9al pour les utilisateurs qui pr\u00e9f\u00e8rent une solution durable.<\/p>\n<\/li>\n<li class=\"\" data-start=\"1028\" data-end=\"1246\">\n<p class=\"\" data-start=\"1031\" data-end=\"1246\" data-immersive-translate-walked=\"6c7c9463-19a2-45fa-8faf-1486d4e3d75c\">Niveaux de nicotine flexibles<br data-start=\"1054\" data-end=\"1057\" \/>Avec quatre concentrations de nicotine diff\u00e9rentes de 0,% \u00e0 5,%, vous pouvez choisir exactement la force qui correspond \u00e0 votre consommation \u2013 que vous d\u00e9butiez ou que vous soyez d\u00e9j\u00e0 exp\u00e9riment\u00e9.<\/p>\n<\/li>\n<li class=\"\" data-start=\"1248\" data-end=\"1448\">\n<p class=\"\" data-start=\"1251\" data-end=\"1448\" data-immersive-translate-walked=\"6c7c9463-19a2-45fa-8faf-1486d4e3d75c\">Technologie Mesh Coil pour un go\u00fbt plus intense<br data-start=\"1299\" data-end=\"1302\" \/>La Mesh Coil 1.0 Ohm assure une vaporisation uniforme du liquide et une vapeur intense et douce. Chaque bouff\u00e9e est savoureuse et agr\u00e9able.<\/p>\n<\/li>\n<li class=\"\" data-start=\"1450\" data-end=\"1651\">\n<p class=\"\" data-start=\"1453\" data-end=\"1651\" data-immersive-translate-walked=\"6c7c9463-19a2-45fa-8faf-1486d4e3d75c\">Recharge rapide avec connecteur Type-C<br data-start=\"1491\" data-end=\"1494\" \/>Gr\u00e2ce \u00e0 la batterie int\u00e9gr\u00e9e de 650 mAh et \u00e0 la fonction de charge moderne Type-C, la cigarette \u00e9lectronique est rapidement pr\u00eate \u00e0 l'emploi \u2013 pratique pour la route et le quotidien.<\/p>\n<\/li>\n<li class=\"\" data-start=\"1653\" data-end=\"1880\">\n<p class=\"\" data-start=\"1656\" data-end=\"1880\">Exp\u00e9rience gustative Pomme Acidul\u00e9e Glac\u00e9e<br data-start=\"1689\" data-end=\"1692\" \/>Une combinaison rafra\u00eechissante de pomme acidul\u00e9e et de fra\u00eecheur glac\u00e9e. Ce go\u00fbt stimule les sens et offre une exp\u00e9rience de vapotage agr\u00e9able \u2013 id\u00e9al pour les amateurs de saveurs fruit\u00e9es.<\/p>\n<\/li>\n<\/ol>\n<h4 data-start=\"1882\" data-end=\"1902\">Exp\u00e9dition et avantages<\/h4>\n<p class=\"\" data-start=\"1904\" data-end=\"2046\">La commande est sans droits de douane et est exp\u00e9di\u00e9e directement depuis notre entrep\u00f4t en Allemagne. Le d\u00e9lai de livraison standard est de 7 \u00e0 15 jours ouvrables.<\/p>\n<p class=\"\" data-start=\"2048\" data-end=\"2063\">Commander maintenant<\/p>\n<p class=\"\" data-start=\"2065\" data-end=\"2181\">Si vous souhaitez d\u00e9couvrir cette cigarette \u00e9lectronique jetable puissante et savoureuse par vous-m\u00eame, visitez notre site Web :<\/p>\n<p class=\"\" data-start=\"2183\" data-end=\"2195\">vapingnet.de<\/p>\n<p class=\"\" data-start=\"2197\" data-end=\"2389\">La Bang King 25000 Puff allie performance puissante, haute qualit\u00e9 et go\u00fbt d\u00e9licieux dans un seul produit. Parfait pour tous ceux qui appr\u00e9cient une technologie fiable et une vapeur unique.<\/p>","protected":false},"excerpt":{"rendered":"<p>Nouveau dans la gamme : Bang King 25000 Puff Cigarette \u00e9lectronique jetable au go\u00fbt Pomme Acide Glac\u00e9e Vous recherchez une cigarette \u00e9lectronique jetable avec une dur\u00e9e d'utilisation particuli\u00e8rement longue, une saveur exceptionnelle...<\/p>","protected":false},"featured_media":6134,"template":"","meta":[],"etheme_brands":[],"product_brand":[101],"product_cat":[55,49,61],"product_tag":[],"class_list":{"0":"post-6147","1":"product","2":"type-product","3":"status-publish","4":"has-post-thumbnail","6":"product_brand-bang-king-vape","7":"product_cat-vape-25000-zuege","8":"product_cat-einweg-e-zigarette","9":"product_cat-f","11":"first","12":"instock","13":"shipping-taxable","14":"purchasable","15":"product-type-simple"},"yoast_head":"<!-- This site is optimized with the Yoast SEO plugin v26.5 - https:\/\/yoast.com\/wordpress\/plugins\/seo\/ -->\n<title>Weltweit Beliebt Bang King 25000 Puffs Sour Apple Ice Direktversand | Vapingnet.de<\/title>\n<meta name=\"description\" content=\"Entdecke Weltweit Beliebt Bang King 25000 Puffs Sour Apple Ice Direktversand bei vapingnet.de, \u25ba Gro\u00dfe Auswahl an Geschmacksrichtungen &amp; super g\u00fcnstig!\" \/>\n<meta name=\"robots\" content=\"index, follow, max-snippet:-1, max-image-preview:large, max-video-preview:-1\" \/>\n<link rel=\"canonical\" href=\"https:\/\/vapingnet.de\/fr\/vape\/weltweit-beliebt-bang-king-25000-puffs-sour-apple-ice-direktversand\/\" \/>\n<meta property=\"og:locale\" content=\"fr_FR\" \/>\n<meta property=\"og:type\" content=\"article\" \/>\n<meta property=\"og:title\" content=\"Weltweit Beliebt Bang King 25000 Puffs Sour Apple Ice Direktversand | Vapingnet.de\" \/>\n<meta property=\"og:description\" content=\"Entdecke Weltweit Beliebt Bang King 25000 Puffs Sour Apple Ice Direktversand bei vapingnet.de, \u25ba Gro\u00dfe Auswahl an Geschmacksrichtungen &amp; super g\u00fcnstig!\" \/>\n<meta property=\"og:url\" content=\"https:\/\/vapingnet.de\/fr\/vape\/weltweit-beliebt-bang-king-25000-puffs-sour-apple-ice-direktversand\/\" \/>\n<meta property=\"og:site_name\" content=\"Vapingnet.de\" \/>\n<meta property=\"article:publisher\" content=\"https:\/\/www.facebook.com\/vapingnetde\/\" \/>\n<meta property=\"article:modified_time\" content=\"2025-06-19T03:40:02+00:00\" \/>\n<meta property=\"og:image\" content=\"https:\/\/vapingnet.de\/wp-content\/uploads\/2025\/04\/bang-25k-vape-Sour-Apple-Ice.png\" \/>\n\t<meta property=\"og:image:width\" content=\"1000\" \/>\n\t<meta property=\"og:image:height\" content=\"1000\" \/>\n\t<meta property=\"og:image:type\" content=\"image\/png\" \/>\n<meta name=\"twitter:card\" content=\"summary_large_image\" \/>\n<meta name=\"twitter:label1\" content=\"Dur\u00e9e de lecture estim\u00e9e\" \/>\n\t<meta name=\"twitter:data1\" content=\"3 minutes\" \/>\n<script type=\"application\/ld+json\" class=\"yoast-schema-graph\">{\"@context\":\"https:\/\/schema.org\",\"@graph\":[{\"@type\":\"WebPage\",\"@id\":\"https:\/\/vapingnet.de\/vape\/weltweit-beliebt-bang-king-25000-puffs-sour-apple-ice-direktversand\/\",\"url\":\"https:\/\/vapingnet.de\/vape\/weltweit-beliebt-bang-king-25000-puffs-sour-apple-ice-direktversand\/\",\"name\":\"Weltweit Beliebt Bang King 25000 Puffs Sour Apple Ice Direktversand | Vapingnet.de\",\"isPartOf\":{\"@id\":\"https:\/\/vapingnet.de\/#website\"},\"primaryImageOfPage\":{\"@id\":\"https:\/\/vapingnet.de\/vape\/weltweit-beliebt-bang-king-25000-puffs-sour-apple-ice-direktversand\/#primaryimage\"},\"image\":{\"@id\":\"https:\/\/vapingnet.de\/vape\/weltweit-beliebt-bang-king-25000-puffs-sour-apple-ice-direktversand\/#primaryimage\"},\"thumbnailUrl\":\"https:\/\/vapingnet.de\/wp-content\/uploads\/2025\/04\/bang-25k-vape-Sour-Apple-Ice.png\",\"datePublished\":\"2025-04-07T03:45:01+00:00\",\"dateModified\":\"2025-06-19T03:40:02+00:00\",\"description\":\"Entdecke Weltweit Beliebt Bang King 25000 Puffs Sour Apple Ice Direktversand bei vapingnet.de, \u25ba Gro\u00dfe Auswahl an Geschmacksrichtungen & super g\u00fcnstig!\",\"breadcrumb\":{\"@id\":\"https:\/\/vapingnet.de\/vape\/weltweit-beliebt-bang-king-25000-puffs-sour-apple-ice-direktversand\/#breadcrumb\"},\"inLanguage\":\"fr-FR\",\"potentialAction\":[{\"@type\":\"ReadAction\",\"target\":[\"https:\/\/vapingnet.de\/vape\/weltweit-beliebt-bang-king-25000-puffs-sour-apple-ice-direktversand\/\"]}]},{\"@type\":\"ImageObject\",\"inLanguage\":\"fr-FR\",\"@id\":\"https:\/\/vapingnet.de\/vape\/weltweit-beliebt-bang-king-25000-puffs-sour-apple-ice-direktversand\/#primaryimage\",\"url\":\"https:\/\/vapingnet.de\/wp-content\/uploads\/2025\/04\/bang-25k-vape-Sour-Apple-Ice.png\",\"contentUrl\":\"https:\/\/vapingnet.de\/wp-content\/uploads\/2025\/04\/bang-25k-vape-Sour-Apple-Ice.png\",\"width\":1000,\"height\":1000},{\"@type\":\"BreadcrumbList\",\"@id\":\"https:\/\/vapingnet.de\/vape\/weltweit-beliebt-bang-king-25000-puffs-sour-apple-ice-direktversand\/#breadcrumb\",\"itemListElement\":[{\"@type\":\"ListItem\",\"position\":1,\"name\":\"Home\",\"item\":\"https:\/\/vapingnet.de\/\"},{\"@type\":\"ListItem\",\"position\":2,\"name\":\"Shop\",\"item\":\"https:\/\/vapingnet.de\/vape\/\"},{\"@type\":\"ListItem\",\"position\":3,\"name\":\"Weltweit Beliebt Bang King 25000 Puffs Sour Apple Ice Direktversand\"}]},{\"@type\":\"WebSite\",\"@id\":\"https:\/\/vapingnet.de\/#website\",\"url\":\"https:\/\/vapingnet.de\/\",\"name\":\"Vapingnet.de\",\"description\":\"\",\"publisher\":{\"@id\":\"https:\/\/vapingnet.de\/#organization\"},\"potentialAction\":[{\"@type\":\"SearchAction\",\"target\":{\"@type\":\"EntryPoint\",\"urlTemplate\":\"https:\/\/vapingnet.de\/?s={search_term_string}\"},\"query-input\":{\"@type\":\"PropertyValueSpecification\",\"valueRequired\":true,\"valueName\":\"search_term_string\"}}],\"inLanguage\":\"fr-FR\"},{\"@type\":\"Organization\",\"@id\":\"https:\/\/vapingnet.de\/#organization\",\"name\":\"Vapingnet.de\",\"url\":\"https:\/\/vapingnet.de\/\",\"logo\":{\"@type\":\"ImageObject\",\"inLanguage\":\"fr-FR\",\"@id\":\"https:\/\/vapingnet.de\/#\/schema\/logo\/image\/\",\"url\":\"https:\/\/vapingnet.de\/wp-content\/uploads\/2025\/03\/cropped-vapingnet.de_.jpg\",\"contentUrl\":\"https:\/\/vapingnet.de\/wp-content\/uploads\/2025\/03\/cropped-vapingnet.de_.jpg\",\"width\":512,\"height\":512,\"caption\":\"Vapingnet.de\"},\"image\":{\"@id\":\"https:\/\/vapingnet.de\/#\/schema\/logo\/image\/\"},\"sameAs\":[\"https:\/\/www.facebook.com\/vapingnetde\/\"]}]}<\/script>\n<!-- \/ Yoast SEO plugin. -->","yoast_head_json":{"title":"Weltweit Beliebt Bang King 25000 Puffs Sour Apple Ice Direktversand | Vapingnet.de","description":"Entdecke Weltweit Beliebt Bang King 25000 Puffs Sour Apple Ice Direktversand bei vapingnet.de, \u25ba Gro\u00dfe Auswahl an Geschmacksrichtungen & super g\u00fcnstig!","robots":{"index":"index","follow":"follow","max-snippet":"max-snippet:-1","max-image-preview":"max-image-preview:large","max-video-preview":"max-video-preview:-1"},"canonical":"https:\/\/vapingnet.de\/fr\/vape\/weltweit-beliebt-bang-king-25000-puffs-sour-apple-ice-direktversand\/","og_locale":"fr_FR","og_type":"article","og_title":"Weltweit Beliebt Bang King 25000 Puffs Sour Apple Ice Direktversand | Vapingnet.de","og_description":"Entdecke Weltweit Beliebt Bang King 25000 Puffs Sour Apple Ice Direktversand bei vapingnet.de, \u25ba Gro\u00dfe Auswahl an Geschmacksrichtungen & super g\u00fcnstig!","og_url":"https:\/\/vapingnet.de\/fr\/vape\/weltweit-beliebt-bang-king-25000-puffs-sour-apple-ice-direktversand\/","og_site_name":"Vapingnet.de","article_publisher":"https:\/\/www.facebook.com\/vapingnetde\/","article_modified_time":"2025-06-19T03:40:02+00:00","og_image":[{"width":1000,"height":1000,"url":"https:\/\/vapingnet.de\/wp-content\/uploads\/2025\/04\/bang-25k-vape-Sour-Apple-Ice.png","type":"image\/png"}],"twitter_card":"summary_large_image","twitter_misc":{"Dur\u00e9e de lecture estim\u00e9e":"3 minutes"},"schema":{"@context":"https:\/\/schema.org","@graph":[{"@type":"WebPage","@id":"https:\/\/vapingnet.de\/vape\/weltweit-beliebt-bang-king-25000-puffs-sour-apple-ice-direktversand\/","url":"https:\/\/vapingnet.de\/vape\/weltweit-beliebt-bang-king-25000-puffs-sour-apple-ice-direktversand\/","name":"Weltweit Beliebt Bang King 25000 Puffs Sour Apple Ice Direktversand | Vapingnet.de","isPartOf":{"@id":"https:\/\/vapingnet.de\/#website"},"primaryImageOfPage":{"@id":"https:\/\/vapingnet.de\/vape\/weltweit-beliebt-bang-king-25000-puffs-sour-apple-ice-direktversand\/#primaryimage"},"image":{"@id":"https:\/\/vapingnet.de\/vape\/weltweit-beliebt-bang-king-25000-puffs-sour-apple-ice-direktversand\/#primaryimage"},"thumbnailUrl":"https:\/\/vapingnet.de\/wp-content\/uploads\/2025\/04\/bang-25k-vape-Sour-Apple-Ice.png","datePublished":"2025-04-07T03:45:01+00:00","dateModified":"2025-06-19T03:40:02+00:00","description":"Entdecke Weltweit Beliebt Bang King 25000 Puffs Sour Apple Ice Direktversand bei vapingnet.de, \u25ba Gro\u00dfe Auswahl an Geschmacksrichtungen & super g\u00fcnstig!","breadcrumb":{"@id":"https:\/\/vapingnet.de\/vape\/weltweit-beliebt-bang-king-25000-puffs-sour-apple-ice-direktversand\/#breadcrumb"},"inLanguage":"fr-FR","potentialAction":[{"@type":"ReadAction","target":["https:\/\/vapingnet.de\/vape\/weltweit-beliebt-bang-king-25000-puffs-sour-apple-ice-direktversand\/"]}]},{"@type":"ImageObject","inLanguage":"fr-FR","@id":"https:\/\/vapingnet.de\/vape\/weltweit-beliebt-bang-king-25000-puffs-sour-apple-ice-direktversand\/#primaryimage","url":"https:\/\/vapingnet.de\/wp-content\/uploads\/2025\/04\/bang-25k-vape-Sour-Apple-Ice.png","contentUrl":"https:\/\/vapingnet.de\/wp-content\/uploads\/2025\/04\/bang-25k-vape-Sour-Apple-Ice.png","width":1000,"height":1000},{"@type":"BreadcrumbList","@id":"https:\/\/vapingnet.de\/vape\/weltweit-beliebt-bang-king-25000-puffs-sour-apple-ice-direktversand\/#breadcrumb","itemListElement":[{"@type":"ListItem","position":1,"name":"Home","item":"https:\/\/vapingnet.de\/"},{"@type":"ListItem","position":2,"name":"Shop","item":"https:\/\/vapingnet.de\/vape\/"},{"@type":"ListItem","position":3,"name":"Weltweit Beliebt Bang King 25000 Puffs Sour Apple Ice Direktversand"}]},{"@type":"WebSite","@id":"https:\/\/vapingnet.de\/#website","url":"https:\/\/vapingnet.de\/","name":"Vapingnet.de","description":"","publisher":{"@id":"https:\/\/vapingnet.de\/#organization"},"potentialAction":[{"@type":"SearchAction","target":{"@type":"EntryPoint","urlTemplate":"https:\/\/vapingnet.de\/?s={search_term_string}"},"query-input":{"@type":"PropertyValueSpecification","valueRequired":true,"valueName":"search_term_string"}}],"inLanguage":"fr-FR"},{"@type":"Organization","@id":"https:\/\/vapingnet.de\/#organization","name":"Vapingnet.de","url":"https:\/\/vapingnet.de\/","logo":{"@type":"ImageObject","inLanguage":"fr-FR","@id":"https:\/\/vapingnet.de\/#\/schema\/logo\/image\/","url":"https:\/\/vapingnet.de\/wp-content\/uploads\/2025\/03\/cropped-vapingnet.de_.jpg","contentUrl":"https:\/\/vapingnet.de\/wp-content\/uploads\/2025\/03\/cropped-vapingnet.de_.jpg","width":512,"height":512,"caption":"Vapingnet.de"},"image":{"@id":"https:\/\/vapingnet.de\/#\/schema\/logo\/image\/"},"sameAs":["https:\/\/www.facebook.com\/vapingnetde\/"]}]}},"tiered_pricing_type":"fixed","tiered_pricing_fixed_rules":{"10":"8.07","60":"7.26","110":"6.46","200":"5.65"},"tiered_pricing_product_settings":{"layout":"default","base_unit_name":{"singular":null,"plural":null},"default_variation":null},"tiered_pricing_minimum_quantity":null,"tiered_pricing_roles_data":[],"tiered_pricing_percentage_rules":[],"_links":{"self":[{"href":"https:\/\/vapingnet.de\/fr\/wp-json\/wp\/v2\/product\/6147","targetHints":{"allow":["GET"]}}],"collection":[{"href":"https:\/\/vapingnet.de\/fr\/wp-json\/wp\/v2\/product"}],"about":[{"href":"https:\/\/vapingnet.de\/fr\/wp-json\/wp\/v2\/types\/product"}],"version-history":[{"count":3,"href":"https:\/\/vapingnet.de\/fr\/wp-json\/wp\/v2\/product\/6147\/revisions"}],"predecessor-version":[{"id":6157,"href":"https:\/\/vapingnet.de\/fr\/wp-json\/wp\/v2\/product\/6147\/revisions\/6157"}],"wp:featuredmedia":[{"embeddable":true,"href":"https:\/\/vapingnet.de\/fr\/wp-json\/wp\/v2\/media\/6134"}],"wp:attachment":[{"href":"https:\/\/vapingnet.de\/fr\/wp-json\/wp\/v2\/media?parent=6147"}],"wp:term":[{"taxonomy":"brand","embeddable":true,"href":"https:\/\/vapingnet.de\/fr\/wp-json\/wp\/v2\/etheme_brands?post=6147"},{"taxonomy":"product_brand","embeddable":true,"href":"https:\/\/vapingnet.de\/fr\/wp-json\/wp\/v2\/product_brand?post=6147"},{"taxonomy":"product_cat","embeddable":true,"href":"https:\/\/vapingnet.de\/fr\/wp-json\/wp\/v2\/product_cat?post=6147"},{"taxonomy":"product_tag","embeddable":true,"href":"https:\/\/vapingnet.de\/fr\/wp-json\/wp\/v2\/product_tag?post=6147"}],"curies":[{"name":"wp","href":"https:\/\/api.w.org\/{rel}","templated":true}]}}