{"id":6224,"date":"2025-04-11T02:32:53","date_gmt":"2025-04-11T02:32:53","guid":{"rendered":"https:\/\/vapingnet.de\/?post_type=product&#038;p=6224"},"modified":"2025-12-30T08:41:52","modified_gmt":"2025-12-30T08:41:52","slug":"bang-tn-12000-puffs-in-der-koestlichen-sorte-strawberry-mango-top-qualitaet","status":"publish","type":"product","link":"https:\/\/vapingnet.de\/fr\/vape\/bang-tn-12000-puffs-in-der-koestlichen-sorte-strawberry-mango-top-qualitaet\/","title":{"rendered":"Bang Tn 12000 Bouff\u00e9es dans la saveur d\u00e9licieuse Strawberry Mango Qualit\u00e9 sup\u00e9rieure"},"content":{"rendered":"<h2 data-start=\"0\" data-end=\"84\" data-immersive-translate-walked=\"74d8ec64-4577-4774-9884-c22d87bece56\">Bang TN 12000 Bouff\u00e9es \u2013 La cigarette \u00e9lectronique jetable ultime pour un plaisir de vapeur durable<\/h2>\n<p class=\"\" data-start=\"86\" data-end=\"547\" data-immersive-translate-paragraph=\"1\" data-immersive-translate-walked=\"74d8ec64-4577-4774-9884-c22d87bece56\">Le Bang TN 12000 Bouff\u00e9es est un excellent choix pour tous les vapoteurs \u00e0 la recherche d'une cigarette \u00e9lectronique jetable puissante et durable. Avec une capacit\u00e9 allant jusqu'\u00e0 12 000 bouff\u00e9es, il offre une exp\u00e9rience de vapotage in\u00e9gal\u00e9e, qui n'est pas seulement longue-lasting, mais aussi tr\u00e8s intense. Dans cet article, nous examinons en d\u00e9tail les caract\u00e9ristiques remarquables de ce produit et pourquoi il est devenu un favori parmi les vapoteurs.<\/p>\n<ul>\n<li data-start=\"549\" data-end=\"589\" data-immersive-translate-walked=\"74d8ec64-4577-4774-9884-c22d87bece56\">Durabilit\u00e9 et grande capacit\u00e9<br \/>\nLe Bang TN 12000 Bouff\u00e9es se distingue par sa grande capacit\u00e9 par rapport \u00e0 d'autres cigarettes \u00e9lectroniques jetables. Avec 20 ml de liquide, vous pouvez profiter jusqu'\u00e0 12 000 bouff\u00e9es, ce qui en fait l'une des options les plus endurantes sur le march\u00e9. Cela signifie que vous n'avez pas \u00e0 vous soucier de remplir constamment ou de chercher une nouvelle cigarette \u00e9lectronique \u2013 vous pouvez simplement profiter jusqu'\u00e0 ce que l'appareil soit compl\u00e8tement \u00e9puis\u00e9.<\/li>\n<li data-start=\"1017\" data-end=\"1071\" data-immersive-translate-walked=\"74d8ec64-4577-4774-9884-c22d87bece56\">Niveaux de nicotine polyvalents pour tous les besoins<br \/>\nUn autre avantage du Bang TN 12000 Bouff\u00e9es est le choix des concentrations de nicotine. Vous pouvez choisir entre 0%, 2%, 3% et 5% de nicotine. Cela rend cette cigarette \u00e9lectronique id\u00e9ale pour diff\u00e9rents besoins de vapotage \u2013 que vous souhaitiez totalement arr\u00eater la nicotine ou pr\u00e9f\u00e9rer une dose plus forte. Cette flexibilit\u00e9 garantit que vous trouvez le taux de nicotine qui vous convient.<\/li>\n<li data-start=\"1470\" data-end=\"1518\" data-immersive-translate-walked=\"74d8ec64-4577-4774-9884-c22d87bece56\">Design compact et utilisation facile<br \/>\nMalgr\u00e9 sa grande capacit\u00e9 et sa puissance \u00e9lev\u00e9e, le Bang TN 12000 Bouff\u00e9es reste agr\u00e9ablement compact et l\u00e9ger. L'appareil est con\u00e7u pour \u00eatre facile \u00e0 transporter et parfait pour une utilisation quotidienne. Les mat\u00e9riaux robustes en PC assurent que l'appareil est r\u00e9sistant et durable. Un autre point fort est la connexion Type-C, qui permet une charge rapide et efficace. Ainsi, vous pouvez vous assurer que votre cigarette \u00e9lectronique est toujours pr\u00eate lorsque vous en avez besoin.<\/li>\n<li data-start=\"2048\" data-end=\"2095\" data-immersive-translate-walked=\"74d8ec64-4577-4774-9884-c22d87bece56\">Go\u00fbt intense \u2013 Fraise Mangue<br \/>\nLe Bang TN 12000 Bouff\u00e9es offre une exp\u00e9rience gustative fruit\u00e9e avec son ar\u00f4me Fraise Mangue. Cette combinaison de fraises sucr\u00e9es et de mangue tropicale est id\u00e9ale pour tous ceux qui pr\u00e9f\u00e8rent des saveurs fruit\u00e9es et exotiques. Le go\u00fbt reste intense et agr\u00e9able jusqu'\u00e0 la derni\u00e8re bouff\u00e9e, ce qui fait de cette cigarette \u00e9lectronique un vrai plaisir.<\/li>\n<li data-start=\"2439\" data-end=\"2493\" data-immersive-translate-walked=\"74d8ec64-4577-4774-9884-c22d87bece56\">Livraison sans taxes et d\u00e9lai d'exp\u00e9dition rapide<br \/>\nUn grand avantage lors de l'achat du Bang TN 12000 Bouff\u00e9es sur vapingnet.fr est la livraison sans taxes. Cela vous permet non seulement d'\u00e9conomiser de l'argent, mais aussi de recevoir un produit de haute qualit\u00e9 \u00e0 un prix \u00e9quitable. De plus, l'exp\u00e9dition est rapide \u2013 vous pouvez profiter de votre cigarette \u00e9lectronique en 7 \u00e0 15 jours ouvrables.<\/li>\n<\/ul>\n<h3>Pourquoi le Bang TN 12000 Bouff\u00e9es est la cigarette \u00e9lectronique jetable parfaite pour vous<\/h3>\n<p class=\"\" data-start=\"2829\" data-end=\"3271\" data-immersive-translate-walked=\"74d8ec64-4577-4774-9884-c22d87bece56\">Le Bang TN 12000 Bouff\u00e9es est la cigarette \u00e9lectronique jetable id\u00e9ale pour tous ceux qui recherchent un appareil puissant, durable et facile \u00e0 utiliser. Avec une grande capacit\u00e9, le choix de concentrations de nicotine et un go\u00fbt intense Fraise Mangue, cette cigarette \u00e9lectronique offre une exp\u00e9rience de vapotage compl\u00e8te et convaincante. Commandez d\u00e8s aujourd'hui sur vapingnet.fr et profitez de la livraison rapide et sans taxes.<\/p>","protected":false},"excerpt":{"rendered":"<p>Bang TN 12000 Puffs \u2013 Der ultimative Einweg-Vape f\u00fcr langanhaltenden Dampfgenuss Der Bang TN 12000 Puffs ist eine hervorragende Wahl f\u00fcr alle Dampfer, die nach&#8230;<\/p>","protected":false},"featured_media":6229,"template":"","meta":[],"etheme_brands":[],"product_brand":[101],"product_cat":[88,49,61],"product_tag":[],"class_list":{"0":"post-6224","1":"product","2":"type-product","3":"status-publish","4":"has-post-thumbnail","6":"product_brand-bang-king-vape","7":"product_cat-12k-vape","8":"product_cat-einweg-e-zigarette","9":"product_cat-f","11":"first","12":"instock","13":"shipping-taxable","14":"purchasable","15":"product-type-simple"},"yoast_head":"<!-- This site is optimized with the Yoast SEO plugin v26.5 - https:\/\/yoast.com\/wordpress\/plugins\/seo\/ -->\n<title>Bang Tn 12000 Puffs in der k\u00f6stlichen Sorte Strawberry Mango Top Qualit\u00e4t | Vapingnet.de<\/title>\n<meta name=\"description\" content=\"Entdecke Bang Tn 12000 Puffs in der k\u00f6stlichen Sorte Strawberry Mango Top Qualit\u00e4t bei vapingnet.de, \u25ba Gro\u00dfe Auswahl an Geschmacksrichtungen &amp; super g\u00fcnstig!\" \/>\n<meta name=\"robots\" content=\"index, follow, max-snippet:-1, max-image-preview:large, max-video-preview:-1\" \/>\n<link rel=\"canonical\" href=\"https:\/\/vapingnet.de\/fr\/vape\/bang-tn-12000-puffs-in-der-koestlichen-sorte-strawberry-mango-top-qualitaet\/\" \/>\n<meta property=\"og:locale\" content=\"fr_FR\" \/>\n<meta property=\"og:type\" content=\"article\" \/>\n<meta property=\"og:title\" content=\"Bang Tn 12000 Puffs in der k\u00f6stlichen Sorte Strawberry Mango Top Qualit\u00e4t | Vapingnet.de\" \/>\n<meta property=\"og:description\" content=\"Entdecke Bang Tn 12000 Puffs in der k\u00f6stlichen Sorte Strawberry Mango Top Qualit\u00e4t bei vapingnet.de, \u25ba Gro\u00dfe Auswahl an Geschmacksrichtungen &amp; super g\u00fcnstig!\" \/>\n<meta property=\"og:url\" content=\"https:\/\/vapingnet.de\/fr\/vape\/bang-tn-12000-puffs-in-der-koestlichen-sorte-strawberry-mango-top-qualitaet\/\" \/>\n<meta property=\"og:site_name\" content=\"Vapingnet.de\" \/>\n<meta property=\"article:publisher\" content=\"https:\/\/www.facebook.com\/vapingnetde\/\" \/>\n<meta property=\"article:modified_time\" content=\"2025-12-30T08:41:52+00:00\" \/>\n<meta property=\"og:image\" content=\"https:\/\/vapingnet.de\/wp-content\/uploads\/2025\/04\/Strawberry-Mango.png\" \/>\n\t<meta property=\"og:image:width\" content=\"1000\" \/>\n\t<meta property=\"og:image:height\" content=\"1000\" \/>\n\t<meta property=\"og:image:type\" content=\"image\/png\" \/>\n<meta name=\"twitter:card\" content=\"summary_large_image\" \/>\n<meta name=\"twitter:label1\" content=\"Dur\u00e9e de lecture estim\u00e9e\" \/>\n\t<meta name=\"twitter:data1\" content=\"3 minutes\" \/>\n<script type=\"application\/ld+json\" class=\"yoast-schema-graph\">{\"@context\":\"https:\/\/schema.org\",\"@graph\":[{\"@type\":\"WebPage\",\"@id\":\"https:\/\/vapingnet.de\/vape\/bang-tn-12000-puffs-in-der-koestlichen-sorte-strawberry-mango-top-qualitaet\/\",\"url\":\"https:\/\/vapingnet.de\/vape\/bang-tn-12000-puffs-in-der-koestlichen-sorte-strawberry-mango-top-qualitaet\/\",\"name\":\"Bang Tn 12000 Puffs in der k\u00f6stlichen Sorte Strawberry Mango Top Qualit\u00e4t | Vapingnet.de\",\"isPartOf\":{\"@id\":\"https:\/\/vapingnet.de\/#website\"},\"primaryImageOfPage\":{\"@id\":\"https:\/\/vapingnet.de\/vape\/bang-tn-12000-puffs-in-der-koestlichen-sorte-strawberry-mango-top-qualitaet\/#primaryimage\"},\"image\":{\"@id\":\"https:\/\/vapingnet.de\/vape\/bang-tn-12000-puffs-in-der-koestlichen-sorte-strawberry-mango-top-qualitaet\/#primaryimage\"},\"thumbnailUrl\":\"https:\/\/vapingnet.de\/wp-content\/uploads\/2025\/04\/Strawberry-Mango.png\",\"datePublished\":\"2025-04-11T02:32:53+00:00\",\"dateModified\":\"2025-12-30T08:41:52+00:00\",\"description\":\"Entdecke Bang Tn 12000 Puffs in der k\u00f6stlichen Sorte Strawberry Mango Top Qualit\u00e4t bei vapingnet.de, \u25ba Gro\u00dfe Auswahl an Geschmacksrichtungen & super g\u00fcnstig!\",\"breadcrumb\":{\"@id\":\"https:\/\/vapingnet.de\/vape\/bang-tn-12000-puffs-in-der-koestlichen-sorte-strawberry-mango-top-qualitaet\/#breadcrumb\"},\"inLanguage\":\"fr-FR\",\"potentialAction\":[{\"@type\":\"ReadAction\",\"target\":[\"https:\/\/vapingnet.de\/vape\/bang-tn-12000-puffs-in-der-koestlichen-sorte-strawberry-mango-top-qualitaet\/\"]}]},{\"@type\":\"ImageObject\",\"inLanguage\":\"fr-FR\",\"@id\":\"https:\/\/vapingnet.de\/vape\/bang-tn-12000-puffs-in-der-koestlichen-sorte-strawberry-mango-top-qualitaet\/#primaryimage\",\"url\":\"https:\/\/vapingnet.de\/wp-content\/uploads\/2025\/04\/Strawberry-Mango.png\",\"contentUrl\":\"https:\/\/vapingnet.de\/wp-content\/uploads\/2025\/04\/Strawberry-Mango.png\",\"width\":1000,\"height\":1000},{\"@type\":\"BreadcrumbList\",\"@id\":\"https:\/\/vapingnet.de\/vape\/bang-tn-12000-puffs-in-der-koestlichen-sorte-strawberry-mango-top-qualitaet\/#breadcrumb\",\"itemListElement\":[{\"@type\":\"ListItem\",\"position\":1,\"name\":\"Home\",\"item\":\"https:\/\/vapingnet.de\/\"},{\"@type\":\"ListItem\",\"position\":2,\"name\":\"Shop\",\"item\":\"https:\/\/vapingnet.de\/vape\/\"},{\"@type\":\"ListItem\",\"position\":3,\"name\":\"Bang Tn 12000 Puffs in der k\u00f6stlichen Sorte Strawberry Mango Top Qualit\u00e4t\"}]},{\"@type\":\"WebSite\",\"@id\":\"https:\/\/vapingnet.de\/#website\",\"url\":\"https:\/\/vapingnet.de\/\",\"name\":\"Vapingnet.de\",\"description\":\"\",\"publisher\":{\"@id\":\"https:\/\/vapingnet.de\/#organization\"},\"potentialAction\":[{\"@type\":\"SearchAction\",\"target\":{\"@type\":\"EntryPoint\",\"urlTemplate\":\"https:\/\/vapingnet.de\/?s={search_term_string}\"},\"query-input\":{\"@type\":\"PropertyValueSpecification\",\"valueRequired\":true,\"valueName\":\"search_term_string\"}}],\"inLanguage\":\"fr-FR\"},{\"@type\":\"Organization\",\"@id\":\"https:\/\/vapingnet.de\/#organization\",\"name\":\"Vapingnet.de\",\"url\":\"https:\/\/vapingnet.de\/\",\"logo\":{\"@type\":\"ImageObject\",\"inLanguage\":\"fr-FR\",\"@id\":\"https:\/\/vapingnet.de\/#\/schema\/logo\/image\/\",\"url\":\"https:\/\/vapingnet.de\/wp-content\/uploads\/2025\/03\/cropped-vapingnet.de_.jpg\",\"contentUrl\":\"https:\/\/vapingnet.de\/wp-content\/uploads\/2025\/03\/cropped-vapingnet.de_.jpg\",\"width\":512,\"height\":512,\"caption\":\"Vapingnet.de\"},\"image\":{\"@id\":\"https:\/\/vapingnet.de\/#\/schema\/logo\/image\/\"},\"sameAs\":[\"https:\/\/www.facebook.com\/vapingnetde\/\"]}]}<\/script>\n<!-- \/ Yoast SEO plugin. -->","yoast_head_json":{"title":"Bang Tn 12000 Puffs in der k\u00f6stlichen Sorte Strawberry Mango Top Qualit\u00e4t | Vapingnet.de","description":"Entdecke Bang Tn 12000 Puffs in der k\u00f6stlichen Sorte Strawberry Mango Top Qualit\u00e4t bei vapingnet.de, \u25ba Gro\u00dfe Auswahl an Geschmacksrichtungen & super g\u00fcnstig!","robots":{"index":"index","follow":"follow","max-snippet":"max-snippet:-1","max-image-preview":"max-image-preview:large","max-video-preview":"max-video-preview:-1"},"canonical":"https:\/\/vapingnet.de\/fr\/vape\/bang-tn-12000-puffs-in-der-koestlichen-sorte-strawberry-mango-top-qualitaet\/","og_locale":"fr_FR","og_type":"article","og_title":"Bang Tn 12000 Puffs in der k\u00f6stlichen Sorte Strawberry Mango Top Qualit\u00e4t | Vapingnet.de","og_description":"Entdecke Bang Tn 12000 Puffs in der k\u00f6stlichen Sorte Strawberry Mango Top Qualit\u00e4t bei vapingnet.de, \u25ba Gro\u00dfe Auswahl an Geschmacksrichtungen & super g\u00fcnstig!","og_url":"https:\/\/vapingnet.de\/fr\/vape\/bang-tn-12000-puffs-in-der-koestlichen-sorte-strawberry-mango-top-qualitaet\/","og_site_name":"Vapingnet.de","article_publisher":"https:\/\/www.facebook.com\/vapingnetde\/","article_modified_time":"2025-12-30T08:41:52+00:00","og_image":[{"width":1000,"height":1000,"url":"https:\/\/vapingnet.de\/wp-content\/uploads\/2025\/04\/Strawberry-Mango.png","type":"image\/png"}],"twitter_card":"summary_large_image","twitter_misc":{"Dur\u00e9e de lecture estim\u00e9e":"3 minutes"},"schema":{"@context":"https:\/\/schema.org","@graph":[{"@type":"WebPage","@id":"https:\/\/vapingnet.de\/vape\/bang-tn-12000-puffs-in-der-koestlichen-sorte-strawberry-mango-top-qualitaet\/","url":"https:\/\/vapingnet.de\/vape\/bang-tn-12000-puffs-in-der-koestlichen-sorte-strawberry-mango-top-qualitaet\/","name":"Bang Tn 12000 Puffs in der k\u00f6stlichen Sorte Strawberry Mango Top Qualit\u00e4t | Vapingnet.de","isPartOf":{"@id":"https:\/\/vapingnet.de\/#website"},"primaryImageOfPage":{"@id":"https:\/\/vapingnet.de\/vape\/bang-tn-12000-puffs-in-der-koestlichen-sorte-strawberry-mango-top-qualitaet\/#primaryimage"},"image":{"@id":"https:\/\/vapingnet.de\/vape\/bang-tn-12000-puffs-in-der-koestlichen-sorte-strawberry-mango-top-qualitaet\/#primaryimage"},"thumbnailUrl":"https:\/\/vapingnet.de\/wp-content\/uploads\/2025\/04\/Strawberry-Mango.png","datePublished":"2025-04-11T02:32:53+00:00","dateModified":"2025-12-30T08:41:52+00:00","description":"Entdecke Bang Tn 12000 Puffs in der k\u00f6stlichen Sorte Strawberry Mango Top Qualit\u00e4t bei vapingnet.de, \u25ba Gro\u00dfe Auswahl an Geschmacksrichtungen & super g\u00fcnstig!","breadcrumb":{"@id":"https:\/\/vapingnet.de\/vape\/bang-tn-12000-puffs-in-der-koestlichen-sorte-strawberry-mango-top-qualitaet\/#breadcrumb"},"inLanguage":"fr-FR","potentialAction":[{"@type":"ReadAction","target":["https:\/\/vapingnet.de\/vape\/bang-tn-12000-puffs-in-der-koestlichen-sorte-strawberry-mango-top-qualitaet\/"]}]},{"@type":"ImageObject","inLanguage":"fr-FR","@id":"https:\/\/vapingnet.de\/vape\/bang-tn-12000-puffs-in-der-koestlichen-sorte-strawberry-mango-top-qualitaet\/#primaryimage","url":"https:\/\/vapingnet.de\/wp-content\/uploads\/2025\/04\/Strawberry-Mango.png","contentUrl":"https:\/\/vapingnet.de\/wp-content\/uploads\/2025\/04\/Strawberry-Mango.png","width":1000,"height":1000},{"@type":"BreadcrumbList","@id":"https:\/\/vapingnet.de\/vape\/bang-tn-12000-puffs-in-der-koestlichen-sorte-strawberry-mango-top-qualitaet\/#breadcrumb","itemListElement":[{"@type":"ListItem","position":1,"name":"Home","item":"https:\/\/vapingnet.de\/"},{"@type":"ListItem","position":2,"name":"Shop","item":"https:\/\/vapingnet.de\/vape\/"},{"@type":"ListItem","position":3,"name":"Bang Tn 12000 Puffs in der k\u00f6stlichen Sorte Strawberry Mango Top Qualit\u00e4t"}]},{"@type":"WebSite","@id":"https:\/\/vapingnet.de\/#website","url":"https:\/\/vapingnet.de\/","name":"Vapingnet.de","description":"","publisher":{"@id":"https:\/\/vapingnet.de\/#organization"},"potentialAction":[{"@type":"SearchAction","target":{"@type":"EntryPoint","urlTemplate":"https:\/\/vapingnet.de\/?s={search_term_string}"},"query-input":{"@type":"PropertyValueSpecification","valueRequired":true,"valueName":"search_term_string"}}],"inLanguage":"fr-FR"},{"@type":"Organization","@id":"https:\/\/vapingnet.de\/#organization","name":"Vapingnet.de","url":"https:\/\/vapingnet.de\/","logo":{"@type":"ImageObject","inLanguage":"fr-FR","@id":"https:\/\/vapingnet.de\/#\/schema\/logo\/image\/","url":"https:\/\/vapingnet.de\/wp-content\/uploads\/2025\/03\/cropped-vapingnet.de_.jpg","contentUrl":"https:\/\/vapingnet.de\/wp-content\/uploads\/2025\/03\/cropped-vapingnet.de_.jpg","width":512,"height":512,"caption":"Vapingnet.de"},"image":{"@id":"https:\/\/vapingnet.de\/#\/schema\/logo\/image\/"},"sameAs":["https:\/\/www.facebook.com\/vapingnetde\/"]}]}},"tiered_pricing_type":"fixed","tiered_pricing_fixed_rules":{"10":"7.31","60":"6.58","110":"5.85","200":"5.12"},"tiered_pricing_product_settings":{"layout":"default","base_unit_name":{"singular":null,"plural":null},"default_variation":null},"tiered_pricing_minimum_quantity":null,"tiered_pricing_roles_data":[],"tiered_pricing_percentage_rules":[],"_links":{"self":[{"href":"https:\/\/vapingnet.de\/fr\/wp-json\/wp\/v2\/product\/6224","targetHints":{"allow":["GET"]}}],"collection":[{"href":"https:\/\/vapingnet.de\/fr\/wp-json\/wp\/v2\/product"}],"about":[{"href":"https:\/\/vapingnet.de\/fr\/wp-json\/wp\/v2\/types\/product"}],"version-history":[{"count":2,"href":"https:\/\/vapingnet.de\/fr\/wp-json\/wp\/v2\/product\/6224\/revisions"}],"predecessor-version":[{"id":7424,"href":"https:\/\/vapingnet.de\/fr\/wp-json\/wp\/v2\/product\/6224\/revisions\/7424"}],"wp:featuredmedia":[{"embeddable":true,"href":"https:\/\/vapingnet.de\/fr\/wp-json\/wp\/v2\/media\/6229"}],"wp:attachment":[{"href":"https:\/\/vapingnet.de\/fr\/wp-json\/wp\/v2\/media?parent=6224"}],"wp:term":[{"taxonomy":"brand","embeddable":true,"href":"https:\/\/vapingnet.de\/fr\/wp-json\/wp\/v2\/etheme_brands?post=6224"},{"taxonomy":"product_brand","embeddable":true,"href":"https:\/\/vapingnet.de\/fr\/wp-json\/wp\/v2\/product_brand?post=6224"},{"taxonomy":"product_cat","embeddable":true,"href":"https:\/\/vapingnet.de\/fr\/wp-json\/wp\/v2\/product_cat?post=6224"},{"taxonomy":"product_tag","embeddable":true,"href":"https:\/\/vapingnet.de\/fr\/wp-json\/wp\/v2\/product_tag?post=6224"}],"curies":[{"name":"wp","href":"https:\/\/api.w.org\/{rel}","templated":true}]}}