{"id":6228,"date":"2025-04-11T02:33:04","date_gmt":"2025-04-11T02:33:04","guid":{"rendered":"https:\/\/vapingnet.de\/?post_type=product&#038;p=6228"},"modified":"2025-12-30T08:41:18","modified_gmt":"2025-12-30T08:41:18","slug":"bang-tn-12000-puffs-strawberry-ice-fuer-den-besten-dampfgenuss","status":"publish","type":"product","link":"https:\/\/vapingnet.de\/fr\/vape\/bang-tn-12000-puffs-strawberry-ice-fuer-den-besten-dampfgenuss\/","title":{"rendered":"Bang Tn 12000 Puffs Strawberry Ice pour une exp\u00e9rience de vapeur optimale"},"content":{"rendered":"<h2 data-start=\"0\" data-end=\"88\">Bang Tn 12000 Puffs : une cigarette \u00e9lectronique jetable puissante et facile \u00e0 utiliser<\/h2>\n<p class=\"\" data-start=\"90\" data-end=\"466\">La Bang Tn 12000 Puffs est le choix id\u00e9al pour les vapoteurs \u00e0 la recherche d'une cigarette \u00e9lectronique jetable pratique et durable. Elle offre une exp\u00e9rience de vapotage longue et intense avec une capacit\u00e9 de 20 ml de liquide et la capacit\u00e9 de fournir jusqu'\u00e0 12 000 bouff\u00e9es. Cette cigarette \u00e9lectronique est adapt\u00e9e aussi bien aux d\u00e9butants qu'aux vapoteurs exp\u00e9riment\u00e9s.<\/p>\n<h3>Caract\u00e9ristiques importantes de la Bang Tn 12000 Puffs :<\/h3>\n<ol data-start=\"521\" data-end=\"1522\">\n<li class=\"\" data-start=\"521\" data-end=\"794\">\n<p class=\"\" data-start=\"524\" data-end=\"794\">Longue dur\u00e9e de vie et haute performance :<br data-start=\"564\" data-end=\"567\" \/>Avec une batterie de 650mAh, la Bang Tn 12000 Puffs assure une performance durable. En combinaison avec une bobine en mesh (1.2\u03a9), elle permet une vaporisation uniforme, garantissant une saveur intense.<\/p>\n<\/li>\n<li class=\"\" data-start=\"796\" data-end=\"971\">\n<p class=\"\" data-start=\"799\" data-end=\"971\">Recharge facile :<br data-start=\"822\" data-end=\"825\" \/>La connectivit\u00e9 USB-C garantit une recharge rapide et efficace de l'appareil, pour que vous puissiez vapoter \u00e0 nouveau en un rien de temps.<\/p>\n<\/li>\n<li class=\"\" data-start=\"973\" data-end=\"1235\">\n<p class=\"\" data-start=\"976\" data-end=\"1235\">Options de nicotine vari\u00e9es :<br data-start=\"1008\" data-end=\"1011\" \/>La Bang Tn 12000 Puffs est disponible en diff\u00e9rentes concentrations de nicotine : 0%, 2%, 3% et 5%. Ainsi, les vapoteurs peuvent choisir le niveau de nicotine qui leur convient, qu'ils souhaitent en consommer ou non.<\/p>\n<\/li>\n<li class=\"\" data-start=\"1237\" data-end=\"1522\">\n<p class=\"\" data-start=\"1240\" data-end=\"1522\">Go\u00fbt rafra\u00eechissant :<br data-start=\"1268\" data-end=\"1271\" \/>Le go\u00fbt de Strawberry Ice combine la douceur des fraises avec une note de menthol rafra\u00eechissante. Une exp\u00e9rience gustative parfaite pour les vapoteurs qui aiment les saveurs fruit\u00e9es tout en appr\u00e9ciant la fra\u00eecheur du menthol.<\/p>\n<\/li>\n<\/ol>\n<h4 data-start=\"1524\" data-end=\"1558\">Avantages pour les acheteurs en Europe :<\/h4>\n<ul data-start=\"1560\" data-end=\"1892\">\n<li class=\"\" data-start=\"1560\" data-end=\"1730\">\n<p class=\"\" data-start=\"1562\" data-end=\"1730\">Douane : Lors de l'achat de la Bang Tn 12000 Puffs dans l'UE, aucune taxe douani\u00e8re n'est appliqu\u00e9e, ce qui rend le processus d'achat simple et transparent.<\/p>\n<\/li>\n<li class=\"\" data-start=\"1731\" data-end=\"1892\">\n<p class=\"\" data-start=\"1733\" data-end=\"1892\">Livraison rapide :<\/p>\n<\/li>\n<\/ul>\n<h4 data-start=\"1894\" data-end=\"1917\">L'exp\u00e9dition se fait g\u00e9n\u00e9ralement en 7 \u00e0 15 jours ouvrables, vous n'aurez donc pas \u00e0 attendre longtemps pour profiter de votre nouvelle exp\u00e9rience de vapotage.<\/h4>\n<p class=\"\" data-start=\"1919\" data-end=\"2156\">Possibilit\u00e9 de commande :<\/p>\n<h4 data-start=\"2158\" data-end=\"2168\">La Bang Tn 12000 Puffs est disponible sur vapingnet.fr, un fournisseur fiable proposant une large gamme de produits pour vapoteurs. Vous pouvez y commander en toute s\u00e9curit\u00e9 et compter sur une livraison rapide.<\/h4>\n<p class=\"\" data-start=\"2170\" data-end=\"2711\">Pourquoi la Bang Tn 12000 Puffs est le choix id\u00e9al pour les vapoteurs exigeants<\/p>","protected":false},"excerpt":{"rendered":"<p>Bang Tn 12000 Puffs: Eine leistungsstarke und benutzerfreundliche Einweg-E-Zigarette Die Bang Tn 12000 Puffs ist die ideale Wahl f\u00fcr Dampfer, die nach einer praktischen und&#8230;<\/p>","protected":false},"featured_media":6233,"template":"","meta":[],"etheme_brands":[],"product_brand":[101],"product_cat":[88,49,61],"product_tag":[],"class_list":{"0":"post-6228","1":"product","2":"type-product","3":"status-publish","4":"has-post-thumbnail","6":"product_brand-bang-king-vape","7":"product_cat-12k-vape","8":"product_cat-einweg-e-zigarette","9":"product_cat-f","11":"first","12":"instock","13":"shipping-taxable","14":"purchasable","15":"product-type-simple"},"yoast_head":"<!-- This site is optimized with the Yoast SEO plugin v26.5 - https:\/\/yoast.com\/wordpress\/plugins\/seo\/ -->\n<title>Bang Tn 12000 Puffs Strawberry Ice f\u00fcr den besten Dampfgenuss | Vapingnet.de<\/title>\n<meta name=\"description\" content=\"Entdecke Bang Tn 12000 Puffs Strawberry Ice f\u00fcr den besten Dampfgenuss bei vapingnet.de, \u25ba Gro\u00dfe Auswahl an Geschmacksrichtungen &amp; super g\u00fcnstig!\" \/>\n<meta name=\"robots\" content=\"index, follow, max-snippet:-1, max-image-preview:large, max-video-preview:-1\" \/>\n<link rel=\"canonical\" href=\"https:\/\/vapingnet.de\/fr\/vape\/bang-tn-12000-puffs-strawberry-ice-fuer-den-besten-dampfgenuss\/\" \/>\n<meta property=\"og:locale\" content=\"fr_FR\" \/>\n<meta property=\"og:type\" content=\"article\" \/>\n<meta property=\"og:title\" content=\"Bang Tn 12000 Puffs Strawberry Ice f\u00fcr den besten Dampfgenuss | Vapingnet.de\" \/>\n<meta property=\"og:description\" content=\"Entdecke Bang Tn 12000 Puffs Strawberry Ice f\u00fcr den besten Dampfgenuss bei vapingnet.de, \u25ba Gro\u00dfe Auswahl an Geschmacksrichtungen &amp; super g\u00fcnstig!\" \/>\n<meta property=\"og:url\" content=\"https:\/\/vapingnet.de\/fr\/vape\/bang-tn-12000-puffs-strawberry-ice-fuer-den-besten-dampfgenuss\/\" \/>\n<meta property=\"og:site_name\" content=\"Vapingnet.de\" \/>\n<meta property=\"article:publisher\" content=\"https:\/\/www.facebook.com\/vapingnetde\/\" \/>\n<meta property=\"article:modified_time\" content=\"2025-12-30T08:41:18+00:00\" \/>\n<meta property=\"og:image\" content=\"https:\/\/vapingnet.de\/wp-content\/uploads\/2025\/04\/Watermelon-Strawberry-1.png\" \/>\n\t<meta property=\"og:image:width\" content=\"1000\" \/>\n\t<meta property=\"og:image:height\" content=\"1000\" \/>\n\t<meta property=\"og:image:type\" content=\"image\/png\" \/>\n<meta name=\"twitter:card\" content=\"summary_large_image\" \/>\n<meta name=\"twitter:label1\" content=\"Dur\u00e9e de lecture estim\u00e9e\" \/>\n\t<meta name=\"twitter:data1\" content=\"3 minutes\" \/>\n<script type=\"application\/ld+json\" class=\"yoast-schema-graph\">{\"@context\":\"https:\/\/schema.org\",\"@graph\":[{\"@type\":\"WebPage\",\"@id\":\"https:\/\/vapingnet.de\/vape\/bang-tn-12000-puffs-strawberry-ice-fuer-den-besten-dampfgenuss\/\",\"url\":\"https:\/\/vapingnet.de\/vape\/bang-tn-12000-puffs-strawberry-ice-fuer-den-besten-dampfgenuss\/\",\"name\":\"Bang Tn 12000 Puffs Strawberry Ice f\u00fcr den besten Dampfgenuss | Vapingnet.de\",\"isPartOf\":{\"@id\":\"https:\/\/vapingnet.de\/#website\"},\"primaryImageOfPage\":{\"@id\":\"https:\/\/vapingnet.de\/vape\/bang-tn-12000-puffs-strawberry-ice-fuer-den-besten-dampfgenuss\/#primaryimage\"},\"image\":{\"@id\":\"https:\/\/vapingnet.de\/vape\/bang-tn-12000-puffs-strawberry-ice-fuer-den-besten-dampfgenuss\/#primaryimage\"},\"thumbnailUrl\":\"https:\/\/vapingnet.de\/wp-content\/uploads\/2025\/04\/Watermelon-Strawberry-1.png\",\"datePublished\":\"2025-04-11T02:33:04+00:00\",\"dateModified\":\"2025-12-30T08:41:18+00:00\",\"description\":\"Entdecke Bang Tn 12000 Puffs Strawberry Ice f\u00fcr den besten Dampfgenuss bei vapingnet.de, \u25ba Gro\u00dfe Auswahl an Geschmacksrichtungen & super g\u00fcnstig!\",\"breadcrumb\":{\"@id\":\"https:\/\/vapingnet.de\/vape\/bang-tn-12000-puffs-strawberry-ice-fuer-den-besten-dampfgenuss\/#breadcrumb\"},\"inLanguage\":\"fr-FR\",\"potentialAction\":[{\"@type\":\"ReadAction\",\"target\":[\"https:\/\/vapingnet.de\/vape\/bang-tn-12000-puffs-strawberry-ice-fuer-den-besten-dampfgenuss\/\"]}]},{\"@type\":\"ImageObject\",\"inLanguage\":\"fr-FR\",\"@id\":\"https:\/\/vapingnet.de\/vape\/bang-tn-12000-puffs-strawberry-ice-fuer-den-besten-dampfgenuss\/#primaryimage\",\"url\":\"https:\/\/vapingnet.de\/wp-content\/uploads\/2025\/04\/Watermelon-Strawberry-1.png\",\"contentUrl\":\"https:\/\/vapingnet.de\/wp-content\/uploads\/2025\/04\/Watermelon-Strawberry-1.png\",\"width\":1000,\"height\":1000},{\"@type\":\"BreadcrumbList\",\"@id\":\"https:\/\/vapingnet.de\/vape\/bang-tn-12000-puffs-strawberry-ice-fuer-den-besten-dampfgenuss\/#breadcrumb\",\"itemListElement\":[{\"@type\":\"ListItem\",\"position\":1,\"name\":\"Home\",\"item\":\"https:\/\/vapingnet.de\/\"},{\"@type\":\"ListItem\",\"position\":2,\"name\":\"Shop\",\"item\":\"https:\/\/vapingnet.de\/vape\/\"},{\"@type\":\"ListItem\",\"position\":3,\"name\":\"Bang Tn 12000 Puffs Strawberry Ice f\u00fcr den besten Dampfgenuss\"}]},{\"@type\":\"WebSite\",\"@id\":\"https:\/\/vapingnet.de\/#website\",\"url\":\"https:\/\/vapingnet.de\/\",\"name\":\"Vapingnet.de\",\"description\":\"\",\"publisher\":{\"@id\":\"https:\/\/vapingnet.de\/#organization\"},\"potentialAction\":[{\"@type\":\"SearchAction\",\"target\":{\"@type\":\"EntryPoint\",\"urlTemplate\":\"https:\/\/vapingnet.de\/?s={search_term_string}\"},\"query-input\":{\"@type\":\"PropertyValueSpecification\",\"valueRequired\":true,\"valueName\":\"search_term_string\"}}],\"inLanguage\":\"fr-FR\"},{\"@type\":\"Organization\",\"@id\":\"https:\/\/vapingnet.de\/#organization\",\"name\":\"Vapingnet.de\",\"url\":\"https:\/\/vapingnet.de\/\",\"logo\":{\"@type\":\"ImageObject\",\"inLanguage\":\"fr-FR\",\"@id\":\"https:\/\/vapingnet.de\/#\/schema\/logo\/image\/\",\"url\":\"https:\/\/vapingnet.de\/wp-content\/uploads\/2025\/03\/cropped-vapingnet.de_.jpg\",\"contentUrl\":\"https:\/\/vapingnet.de\/wp-content\/uploads\/2025\/03\/cropped-vapingnet.de_.jpg\",\"width\":512,\"height\":512,\"caption\":\"Vapingnet.de\"},\"image\":{\"@id\":\"https:\/\/vapingnet.de\/#\/schema\/logo\/image\/\"},\"sameAs\":[\"https:\/\/www.facebook.com\/vapingnetde\/\"]}]}<\/script>\n<!-- \/ Yoast SEO plugin. -->","yoast_head_json":{"title":"Bang Tn 12000 Puffs Strawberry Ice f\u00fcr den besten Dampfgenuss | Vapingnet.de","description":"Entdecke Bang Tn 12000 Puffs Strawberry Ice f\u00fcr den besten Dampfgenuss bei vapingnet.de, \u25ba Gro\u00dfe Auswahl an Geschmacksrichtungen & super g\u00fcnstig!","robots":{"index":"index","follow":"follow","max-snippet":"max-snippet:-1","max-image-preview":"max-image-preview:large","max-video-preview":"max-video-preview:-1"},"canonical":"https:\/\/vapingnet.de\/fr\/vape\/bang-tn-12000-puffs-strawberry-ice-fuer-den-besten-dampfgenuss\/","og_locale":"fr_FR","og_type":"article","og_title":"Bang Tn 12000 Puffs Strawberry Ice f\u00fcr den besten Dampfgenuss | Vapingnet.de","og_description":"Entdecke Bang Tn 12000 Puffs Strawberry Ice f\u00fcr den besten Dampfgenuss bei vapingnet.de, \u25ba Gro\u00dfe Auswahl an Geschmacksrichtungen & super g\u00fcnstig!","og_url":"https:\/\/vapingnet.de\/fr\/vape\/bang-tn-12000-puffs-strawberry-ice-fuer-den-besten-dampfgenuss\/","og_site_name":"Vapingnet.de","article_publisher":"https:\/\/www.facebook.com\/vapingnetde\/","article_modified_time":"2025-12-30T08:41:18+00:00","og_image":[{"width":1000,"height":1000,"url":"https:\/\/vapingnet.de\/wp-content\/uploads\/2025\/04\/Watermelon-Strawberry-1.png","type":"image\/png"}],"twitter_card":"summary_large_image","twitter_misc":{"Dur\u00e9e de lecture estim\u00e9e":"3 minutes"},"schema":{"@context":"https:\/\/schema.org","@graph":[{"@type":"WebPage","@id":"https:\/\/vapingnet.de\/vape\/bang-tn-12000-puffs-strawberry-ice-fuer-den-besten-dampfgenuss\/","url":"https:\/\/vapingnet.de\/vape\/bang-tn-12000-puffs-strawberry-ice-fuer-den-besten-dampfgenuss\/","name":"Bang Tn 12000 Puffs Strawberry Ice f\u00fcr den besten Dampfgenuss | Vapingnet.de","isPartOf":{"@id":"https:\/\/vapingnet.de\/#website"},"primaryImageOfPage":{"@id":"https:\/\/vapingnet.de\/vape\/bang-tn-12000-puffs-strawberry-ice-fuer-den-besten-dampfgenuss\/#primaryimage"},"image":{"@id":"https:\/\/vapingnet.de\/vape\/bang-tn-12000-puffs-strawberry-ice-fuer-den-besten-dampfgenuss\/#primaryimage"},"thumbnailUrl":"https:\/\/vapingnet.de\/wp-content\/uploads\/2025\/04\/Watermelon-Strawberry-1.png","datePublished":"2025-04-11T02:33:04+00:00","dateModified":"2025-12-30T08:41:18+00:00","description":"Entdecke Bang Tn 12000 Puffs Strawberry Ice f\u00fcr den besten Dampfgenuss bei vapingnet.de, \u25ba Gro\u00dfe Auswahl an Geschmacksrichtungen & super g\u00fcnstig!","breadcrumb":{"@id":"https:\/\/vapingnet.de\/vape\/bang-tn-12000-puffs-strawberry-ice-fuer-den-besten-dampfgenuss\/#breadcrumb"},"inLanguage":"fr-FR","potentialAction":[{"@type":"ReadAction","target":["https:\/\/vapingnet.de\/vape\/bang-tn-12000-puffs-strawberry-ice-fuer-den-besten-dampfgenuss\/"]}]},{"@type":"ImageObject","inLanguage":"fr-FR","@id":"https:\/\/vapingnet.de\/vape\/bang-tn-12000-puffs-strawberry-ice-fuer-den-besten-dampfgenuss\/#primaryimage","url":"https:\/\/vapingnet.de\/wp-content\/uploads\/2025\/04\/Watermelon-Strawberry-1.png","contentUrl":"https:\/\/vapingnet.de\/wp-content\/uploads\/2025\/04\/Watermelon-Strawberry-1.png","width":1000,"height":1000},{"@type":"BreadcrumbList","@id":"https:\/\/vapingnet.de\/vape\/bang-tn-12000-puffs-strawberry-ice-fuer-den-besten-dampfgenuss\/#breadcrumb","itemListElement":[{"@type":"ListItem","position":1,"name":"Home","item":"https:\/\/vapingnet.de\/"},{"@type":"ListItem","position":2,"name":"Shop","item":"https:\/\/vapingnet.de\/vape\/"},{"@type":"ListItem","position":3,"name":"Bang Tn 12000 Puffs Strawberry Ice f\u00fcr den besten Dampfgenuss"}]},{"@type":"WebSite","@id":"https:\/\/vapingnet.de\/#website","url":"https:\/\/vapingnet.de\/","name":"Vapingnet.de","description":"","publisher":{"@id":"https:\/\/vapingnet.de\/#organization"},"potentialAction":[{"@type":"SearchAction","target":{"@type":"EntryPoint","urlTemplate":"https:\/\/vapingnet.de\/?s={search_term_string}"},"query-input":{"@type":"PropertyValueSpecification","valueRequired":true,"valueName":"search_term_string"}}],"inLanguage":"fr-FR"},{"@type":"Organization","@id":"https:\/\/vapingnet.de\/#organization","name":"Vapingnet.de","url":"https:\/\/vapingnet.de\/","logo":{"@type":"ImageObject","inLanguage":"fr-FR","@id":"https:\/\/vapingnet.de\/#\/schema\/logo\/image\/","url":"https:\/\/vapingnet.de\/wp-content\/uploads\/2025\/03\/cropped-vapingnet.de_.jpg","contentUrl":"https:\/\/vapingnet.de\/wp-content\/uploads\/2025\/03\/cropped-vapingnet.de_.jpg","width":512,"height":512,"caption":"Vapingnet.de"},"image":{"@id":"https:\/\/vapingnet.de\/#\/schema\/logo\/image\/"},"sameAs":["https:\/\/www.facebook.com\/vapingnetde\/"]}]}},"tiered_pricing_type":"fixed","tiered_pricing_fixed_rules":{"10":"7.31","60":"6.58","110":"5.85","200":"5.12"},"tiered_pricing_product_settings":{"layout":"default","base_unit_name":{"singular":null,"plural":null},"default_variation":null},"tiered_pricing_minimum_quantity":null,"tiered_pricing_roles_data":[],"tiered_pricing_percentage_rules":[],"_links":{"self":[{"href":"https:\/\/vapingnet.de\/fr\/wp-json\/wp\/v2\/product\/6228","targetHints":{"allow":["GET"]}}],"collection":[{"href":"https:\/\/vapingnet.de\/fr\/wp-json\/wp\/v2\/product"}],"about":[{"href":"https:\/\/vapingnet.de\/fr\/wp-json\/wp\/v2\/types\/product"}],"version-history":[{"count":3,"href":"https:\/\/vapingnet.de\/fr\/wp-json\/wp\/v2\/product\/6228\/revisions"}],"predecessor-version":[{"id":6240,"href":"https:\/\/vapingnet.de\/fr\/wp-json\/wp\/v2\/product\/6228\/revisions\/6240"}],"wp:featuredmedia":[{"embeddable":true,"href":"https:\/\/vapingnet.de\/fr\/wp-json\/wp\/v2\/media\/6233"}],"wp:attachment":[{"href":"https:\/\/vapingnet.de\/fr\/wp-json\/wp\/v2\/media?parent=6228"}],"wp:term":[{"taxonomy":"brand","embeddable":true,"href":"https:\/\/vapingnet.de\/fr\/wp-json\/wp\/v2\/etheme_brands?post=6228"},{"taxonomy":"product_brand","embeddable":true,"href":"https:\/\/vapingnet.de\/fr\/wp-json\/wp\/v2\/product_brand?post=6228"},{"taxonomy":"product_cat","embeddable":true,"href":"https:\/\/vapingnet.de\/fr\/wp-json\/wp\/v2\/product_cat?post=6228"},{"taxonomy":"product_tag","embeddable":true,"href":"https:\/\/vapingnet.de\/fr\/wp-json\/wp\/v2\/product_tag?post=6228"}],"curies":[{"name":"wp","href":"https:\/\/api.w.org\/{rel}","templated":true}]}}