{"id":6242,"date":"2025-04-11T05:55:19","date_gmt":"2025-04-11T05:55:19","guid":{"rendered":"https:\/\/vapingnet.de\/?post_type=product&#038;p=6242"},"modified":"2025-12-30T08:41:01","modified_gmt":"2025-12-30T08:41:01","slug":"bang-tn-12000-puffs-mixed-fruit-geschmack-jetzt-weltweit-erhaeltlich","status":"publish","type":"product","link":"https:\/\/vapingnet.de\/fr\/vape\/bang-tn-12000-puffs-mixed-fruit-geschmack-jetzt-weltweit-erhaeltlich\/","title":{"rendered":"Bang Tn 12000 Bouff\u00e9es Saveur Fruit M\u00e9lang\u00e9 Disponible Partout dans le Monde"},"content":{"rendered":"<h2 data-start=\"0\" data-end=\"68\" data-immersive-translate-walked=\"4098eeb9-b934-4946-a4a3-df91369970b7\">Bang Tn 12000 Puffs \u2013 L'appareil jetable pour un plaisir durable<\/h2>\n<p class=\"\" data-start=\"70\" data-end=\"460\" data-immersive-translate-paragraph=\"1\" data-immersive-translate-walked=\"4098eeb9-b934-4946-a4a3-df91369970b7\">La Bang Tn 12000 Puffs est une cigarette \u00e9lectronique jetable, sp\u00e9cialement con\u00e7ue pour les vapoteurs \u00e0 la recherche d'un produit pratique, puissant et durable. Avec sa capacit\u00e9 impressionnante de 20 ml de liquide et sa capacit\u00e9 \u00e0 fournir jusqu'\u00e0 12 000 bouff\u00e9es, elle offre une dur\u00e9e d'utilisation exceptionnellement longue et une exp\u00e9rience de vapotage intense.<\/p>\n<h4 data-start=\"462\" data-end=\"498\" data-immersive-translate-walked=\"4098eeb9-b934-4946-a4a3-df91369970b7\" data-immersive-translate-paragraph=\"1\">Puissance et caract\u00e9ristiques techniques<\/h4>\n<ul data-start=\"500\" data-end=\"1144\" data-immersive-translate-walked=\"4098eeb9-b934-4946-a4a3-df91369970b7\">\n<li class=\"\" data-start=\"500\" data-end=\"682\" data-immersive-translate-walked=\"4098eeb9-b934-4946-a4a3-df91369970b7\">\n<p class=\"\" data-start=\"502\" data-end=\"682\" data-immersive-translate-walked=\"4098eeb9-b934-4946-a4a3-df91369970b7\" data-immersive-translate-paragraph=\"1\">Batterie : La batterie de 650mAh garantit que la Bang Tn 12000 Puffs peut \u00eatre utilis\u00e9e sur une p\u00e9riode prolong\u00e9e sans n\u00e9cessiter de recharge.<\/p>\n<\/li>\n<li class=\"\" data-start=\"683\" data-end=\"855\" data-immersive-translate-walked=\"4098eeb9-b934-4946-a4a3-df91369970b7\">\n<p class=\"\" data-start=\"685\" data-end=\"855\" data-immersive-translate-walked=\"4098eeb9-b934-4946-a4a3-df91369970b7\" data-immersive-translate-paragraph=\"1\">R\u00e9sistance en mesh : Avec une r\u00e9sistance de 1.2\u03a9, la r\u00e9sistance en mesh assure une vaporisation uniforme, mettant en valeur la saveur \u00e0 chaque bouff\u00e9e.<\/p>\n<\/li>\n<li class=\"\" data-start=\"856\" data-end=\"1012\" data-immersive-translate-walked=\"4098eeb9-b934-4946-a4a3-df91369970b7\">\n<p class=\"\" data-start=\"858\" data-end=\"1012\" data-immersive-translate-walked=\"4098eeb9-b934-4946-a4a3-df91369970b7\" data-immersive-translate-paragraph=\"1\">Port USB-C : La connexion USB-C permet une recharge rapide et simple de l'appareil avec une puissance d'entr\u00e9e de 5 V, 1 A.<\/p>\n<\/li>\n<li class=\"\" data-start=\"1013\" data-end=\"1144\" data-immersive-translate-walked=\"4098eeb9-b934-4946-a4a3-df91369970b7\">\n<p class=\"\" data-start=\"1015\" data-end=\"1144\" data-immersive-translate-walked=\"4098eeb9-b934-4946-a4a3-df91369970b7\" data-immersive-translate-paragraph=\"1\">Mat\u00e9riau : Fabriqu\u00e9e en mat\u00e9riau PC robuste, la Bang Tn 12000 Puffs est particuli\u00e8rement r\u00e9sistante et durable.<\/p>\n<\/li>\n<\/ul>\n<h4 data-start=\"1146\" data-end=\"1182\" data-immersive-translate-walked=\"4098eeb9-b934-4946-a4a3-df91369970b7\" data-immersive-translate-paragraph=\"1\">Exp\u00e9rience gustative \u2013 Fruits M\u00e9lang\u00e9s<\/h4>\n<p class=\"\" data-start=\"1184\" data-end=\"1597\" data-immersive-translate-walked=\"4098eeb9-b934-4946-a4a3-df91369970b7\" data-immersive-translate-paragraph=\"1\">La saveur Fruits M\u00e9lang\u00e9s est un m\u00e9lange parfait de diff\u00e9rentes notes fruit\u00e9es, menant \u00e0 une exp\u00e9rience gustative fra\u00eeche, sucr\u00e9e et \u00e9quilibr\u00e9e. Cette saveur est particuli\u00e8rement adapt\u00e9e aux vapoteurs qui aiment les ar\u00f4mes fruit\u00e9s et pr\u00e9f\u00e8rent un m\u00e9lange de diff\u00e9rents fruits. Le go\u00fbt \u00e9quilibr\u00e9 assure un vapotage agr\u00e9able sur une longue p\u00e9riode.<\/p>\n<h4 data-start=\"1599\" data-end=\"1618\" data-immersive-translate-walked=\"4098eeb9-b934-4946-a4a3-df91369970b7\" data-immersive-translate-paragraph=\"1\">Options de nicotine<\/h4>\n<p class=\"\" data-start=\"1620\" data-end=\"1989\" data-immersive-translate-walked=\"4098eeb9-b934-4946-a4a3-df91369970b7\" data-immersive-translate-paragraph=\"1\">La Bang Tn 12000 Puffs propose diff\u00e9rentes concentrations de nicotine : 0%, 2%, 3% et 5%, permettant \u00e0 chaque vapoteur de choisir l'option qui lui convient. Que l'on souhaite vapoter sans nicotine ou rechercher une absorption de nicotine plus forte, la Bang Tn 12000 Puffs garantit une variante adapt\u00e9e \u00e0 tous les go\u00fbts et besoins.<\/p>\n<h4 data-start=\"1991\" data-end=\"2024\" data-immersive-translate-walked=\"4098eeb9-b934-4946-a4a3-df91369970b7\" data-immersive-translate-paragraph=\"1\">Avantages pour les acheteurs en Europe<\/h4>\n<ul data-start=\"2026\" data-end=\"2415\" data-immersive-translate-walked=\"4098eeb9-b934-4946-a4a3-df91369970b7\">\n<li class=\"\" data-start=\"2026\" data-end=\"2223\" data-immersive-translate-walked=\"4098eeb9-b934-4946-a4a3-df91369970b7\">\n<p class=\"\" data-start=\"2028\" data-end=\"2223\" data-immersive-translate-walked=\"4098eeb9-b934-4946-a4a3-df91369970b7\" data-immersive-translate-paragraph=\"1\">Sans douane : L'achat de la Bang Tn 12000 Puffs au sein de l'Union europ\u00e9enne est sans douane, ce qui signifie qu'aucuns co\u00fbts suppl\u00e9mentaires ne sont appliqu\u00e9s et que le processus d'achat reste transparent.<\/p>\n<\/li>\n<li class=\"\" data-start=\"2224\" data-end=\"2415\" data-immersive-translate-walked=\"4098eeb9-b934-4946-a4a3-df91369970b7\">\n<p class=\"\" data-start=\"2226\" data-end=\"2415\" data-immersive-translate-walked=\"4098eeb9-b934-4946-a4a3-df91369970b7\" data-immersive-translate-paragraph=\"1\">Livraison rapide : La Bang Tn 12000 Puffs est g\u00e9n\u00e9ralement livr\u00e9e en 7 \u00e0 15 jours ouvrables, permettant aux clients de b\u00e9n\u00e9ficier d'une livraison rapide et fiable.<\/p>\n<\/li>\n<\/ul>\n<h4 data-start=\"2417\" data-end=\"2441\" data-immersive-translate-walked=\"4098eeb9-b934-4946-a4a3-df91369970b7\" data-immersive-translate-paragraph=\"1\">Options de commande<\/h4>\n<p class=\"\" data-start=\"2443\" data-end=\"2698\" data-immersive-translate-walked=\"4098eeb9-b934-4946-a4a3-df91369970b7\" data-immersive-translate-paragraph=\"1\">La Bang Tn 12000 Puffs est disponible sur vapingnet.fr, une boutique en ligne \u00e9tablie qui propose une large gamme de produits pour vapoteurs. Les clients peuvent commander facilement en ligne et compter sur une livraison s\u00e9curis\u00e9e sans co\u00fbts cach\u00e9s.<\/p>\n<h3>Pourquoi la Bang Tn 12000 Puffs est le choix parfait<\/h3>\n<p class=\"\" data-start=\"2757\" data-end=\"3358\" data-immersive-translate-walked=\"4098eeb9-b934-4946-a4a3-df91369970b7\" data-immersive-translate-paragraph=\"1\">La Bang Tn 12000 Puffs est un excellent choix pour les vapoteurs recherchant une cigarette \u00e9lectronique jetable puissante, durable et facile \u00e0 utiliser. Sa capacit\u00e9 g\u00e9n\u00e9reuse en liquide, son nombre \u00e9lev\u00e9 de bouff\u00e9es, son go\u00fbt frais Fruits M\u00e9lang\u00e9s et ses diff\u00e9rentes concentrations de nicotine font de ce mod\u00e8le un produit indispensable pour tous ceux qui veulent profiter pleinement du vapotage. Avec une commande simple et une livraison rapide sur vapingnet.fr, vous pouvez \u00eatre s\u00fbr de recevoir un produit de haute qualit\u00e9 qui vous apportera longtemps satisfaction.<\/p>","protected":false},"excerpt":{"rendered":"<p>Bang Tn 12000 Puffs \u2013 Das Einwegger\u00e4t f\u00fcr langanhaltenden Genuss Die Bang Tn 12000 Puffs ist eine Einweg-E-Zigarette, die speziell f\u00fcr Dampfer entwickelt wurde, die&#8230;<\/p>","protected":false},"featured_media":6248,"template":"","meta":[],"etheme_brands":[],"product_brand":[101],"product_cat":[88,49,61],"product_tag":[],"class_list":{"0":"post-6242","1":"product","2":"type-product","3":"status-publish","4":"has-post-thumbnail","6":"product_brand-bang-king-vape","7":"product_cat-12k-vape","8":"product_cat-einweg-e-zigarette","9":"product_cat-f","11":"first","12":"instock","13":"shipping-taxable","14":"purchasable","15":"product-type-simple"},"yoast_head":"<!-- This site is optimized with the Yoast SEO plugin v26.5 - https:\/\/yoast.com\/wordpress\/plugins\/seo\/ -->\n<title>Bang Tn 12000 Puffs Mixed Fruit Geschmack jetzt weltweit erh\u00e4ltlich | Vapingnet.de<\/title>\n<meta name=\"description\" content=\"Entdecke Bang Tn 12000 Puffs Mixed Fruit Geschmack jetzt weltweit erh\u00e4ltlich bei vapingnet.de, \u25ba Gro\u00dfe Auswahl an Geschmacksrichtungen &amp; super g\u00fcnstig!\" \/>\n<meta name=\"robots\" content=\"index, follow, max-snippet:-1, max-image-preview:large, max-video-preview:-1\" \/>\n<link rel=\"canonical\" href=\"https:\/\/vapingnet.de\/fr\/vape\/bang-tn-12000-puffs-mixed-fruit-geschmack-jetzt-weltweit-erhaeltlich\/\" \/>\n<meta property=\"og:locale\" content=\"fr_FR\" \/>\n<meta property=\"og:type\" content=\"article\" \/>\n<meta property=\"og:title\" content=\"Bang Tn 12000 Puffs Mixed Fruit Geschmack jetzt weltweit erh\u00e4ltlich | Vapingnet.de\" \/>\n<meta property=\"og:description\" content=\"Entdecke Bang Tn 12000 Puffs Mixed Fruit Geschmack jetzt weltweit erh\u00e4ltlich bei vapingnet.de, \u25ba Gro\u00dfe Auswahl an Geschmacksrichtungen &amp; super g\u00fcnstig!\" \/>\n<meta property=\"og:url\" content=\"https:\/\/vapingnet.de\/fr\/vape\/bang-tn-12000-puffs-mixed-fruit-geschmack-jetzt-weltweit-erhaeltlich\/\" \/>\n<meta property=\"og:site_name\" content=\"Vapingnet.de\" \/>\n<meta property=\"article:publisher\" content=\"https:\/\/www.facebook.com\/vapingnetde\/\" \/>\n<meta property=\"article:modified_time\" content=\"2025-12-30T08:41:01+00:00\" \/>\n<meta property=\"og:image\" content=\"https:\/\/vapingnet.de\/wp-content\/uploads\/2025\/04\/Mixed-Fruit.png\" \/>\n\t<meta property=\"og:image:width\" content=\"1000\" \/>\n\t<meta property=\"og:image:height\" content=\"1000\" \/>\n\t<meta property=\"og:image:type\" content=\"image\/png\" \/>\n<meta name=\"twitter:card\" content=\"summary_large_image\" \/>\n<meta name=\"twitter:label1\" content=\"Dur\u00e9e de lecture estim\u00e9e\" \/>\n\t<meta name=\"twitter:data1\" content=\"3 minutes\" \/>\n<script type=\"application\/ld+json\" class=\"yoast-schema-graph\">{\"@context\":\"https:\/\/schema.org\",\"@graph\":[{\"@type\":\"WebPage\",\"@id\":\"https:\/\/vapingnet.de\/vape\/bang-tn-12000-puffs-mixed-fruit-geschmack-jetzt-weltweit-erhaeltlich\/\",\"url\":\"https:\/\/vapingnet.de\/vape\/bang-tn-12000-puffs-mixed-fruit-geschmack-jetzt-weltweit-erhaeltlich\/\",\"name\":\"Bang Tn 12000 Puffs Mixed Fruit Geschmack jetzt weltweit erh\u00e4ltlich | Vapingnet.de\",\"isPartOf\":{\"@id\":\"https:\/\/vapingnet.de\/#website\"},\"primaryImageOfPage\":{\"@id\":\"https:\/\/vapingnet.de\/vape\/bang-tn-12000-puffs-mixed-fruit-geschmack-jetzt-weltweit-erhaeltlich\/#primaryimage\"},\"image\":{\"@id\":\"https:\/\/vapingnet.de\/vape\/bang-tn-12000-puffs-mixed-fruit-geschmack-jetzt-weltweit-erhaeltlich\/#primaryimage\"},\"thumbnailUrl\":\"https:\/\/vapingnet.de\/wp-content\/uploads\/2025\/04\/Mixed-Fruit.png\",\"datePublished\":\"2025-04-11T05:55:19+00:00\",\"dateModified\":\"2025-12-30T08:41:01+00:00\",\"description\":\"Entdecke Bang Tn 12000 Puffs Mixed Fruit Geschmack jetzt weltweit erh\u00e4ltlich bei vapingnet.de, \u25ba Gro\u00dfe Auswahl an Geschmacksrichtungen & super g\u00fcnstig!\",\"breadcrumb\":{\"@id\":\"https:\/\/vapingnet.de\/vape\/bang-tn-12000-puffs-mixed-fruit-geschmack-jetzt-weltweit-erhaeltlich\/#breadcrumb\"},\"inLanguage\":\"fr-FR\",\"potentialAction\":[{\"@type\":\"ReadAction\",\"target\":[\"https:\/\/vapingnet.de\/vape\/bang-tn-12000-puffs-mixed-fruit-geschmack-jetzt-weltweit-erhaeltlich\/\"]}]},{\"@type\":\"ImageObject\",\"inLanguage\":\"fr-FR\",\"@id\":\"https:\/\/vapingnet.de\/vape\/bang-tn-12000-puffs-mixed-fruit-geschmack-jetzt-weltweit-erhaeltlich\/#primaryimage\",\"url\":\"https:\/\/vapingnet.de\/wp-content\/uploads\/2025\/04\/Mixed-Fruit.png\",\"contentUrl\":\"https:\/\/vapingnet.de\/wp-content\/uploads\/2025\/04\/Mixed-Fruit.png\",\"width\":1000,\"height\":1000},{\"@type\":\"BreadcrumbList\",\"@id\":\"https:\/\/vapingnet.de\/vape\/bang-tn-12000-puffs-mixed-fruit-geschmack-jetzt-weltweit-erhaeltlich\/#breadcrumb\",\"itemListElement\":[{\"@type\":\"ListItem\",\"position\":1,\"name\":\"Home\",\"item\":\"https:\/\/vapingnet.de\/\"},{\"@type\":\"ListItem\",\"position\":2,\"name\":\"Shop\",\"item\":\"https:\/\/vapingnet.de\/vape\/\"},{\"@type\":\"ListItem\",\"position\":3,\"name\":\"Bang Tn 12000 Puffs Mixed Fruit Geschmack jetzt weltweit erh\u00e4ltlich\"}]},{\"@type\":\"WebSite\",\"@id\":\"https:\/\/vapingnet.de\/#website\",\"url\":\"https:\/\/vapingnet.de\/\",\"name\":\"Vapingnet.de\",\"description\":\"\",\"publisher\":{\"@id\":\"https:\/\/vapingnet.de\/#organization\"},\"potentialAction\":[{\"@type\":\"SearchAction\",\"target\":{\"@type\":\"EntryPoint\",\"urlTemplate\":\"https:\/\/vapingnet.de\/?s={search_term_string}\"},\"query-input\":{\"@type\":\"PropertyValueSpecification\",\"valueRequired\":true,\"valueName\":\"search_term_string\"}}],\"inLanguage\":\"fr-FR\"},{\"@type\":\"Organization\",\"@id\":\"https:\/\/vapingnet.de\/#organization\",\"name\":\"Vapingnet.de\",\"url\":\"https:\/\/vapingnet.de\/\",\"logo\":{\"@type\":\"ImageObject\",\"inLanguage\":\"fr-FR\",\"@id\":\"https:\/\/vapingnet.de\/#\/schema\/logo\/image\/\",\"url\":\"https:\/\/vapingnet.de\/wp-content\/uploads\/2025\/03\/cropped-vapingnet.de_.jpg\",\"contentUrl\":\"https:\/\/vapingnet.de\/wp-content\/uploads\/2025\/03\/cropped-vapingnet.de_.jpg\",\"width\":512,\"height\":512,\"caption\":\"Vapingnet.de\"},\"image\":{\"@id\":\"https:\/\/vapingnet.de\/#\/schema\/logo\/image\/\"},\"sameAs\":[\"https:\/\/www.facebook.com\/vapingnetde\/\"]}]}<\/script>\n<!-- \/ Yoast SEO plugin. -->","yoast_head_json":{"title":"Bang Tn 12000 Puffs Mixed Fruit Geschmack jetzt weltweit erh\u00e4ltlich | Vapingnet.de","description":"Entdecke Bang Tn 12000 Puffs Mixed Fruit Geschmack jetzt weltweit erh\u00e4ltlich bei vapingnet.de, \u25ba Gro\u00dfe Auswahl an Geschmacksrichtungen & super g\u00fcnstig!","robots":{"index":"index","follow":"follow","max-snippet":"max-snippet:-1","max-image-preview":"max-image-preview:large","max-video-preview":"max-video-preview:-1"},"canonical":"https:\/\/vapingnet.de\/fr\/vape\/bang-tn-12000-puffs-mixed-fruit-geschmack-jetzt-weltweit-erhaeltlich\/","og_locale":"fr_FR","og_type":"article","og_title":"Bang Tn 12000 Puffs Mixed Fruit Geschmack jetzt weltweit erh\u00e4ltlich | Vapingnet.de","og_description":"Entdecke Bang Tn 12000 Puffs Mixed Fruit Geschmack jetzt weltweit erh\u00e4ltlich bei vapingnet.de, \u25ba Gro\u00dfe Auswahl an Geschmacksrichtungen & super g\u00fcnstig!","og_url":"https:\/\/vapingnet.de\/fr\/vape\/bang-tn-12000-puffs-mixed-fruit-geschmack-jetzt-weltweit-erhaeltlich\/","og_site_name":"Vapingnet.de","article_publisher":"https:\/\/www.facebook.com\/vapingnetde\/","article_modified_time":"2025-12-30T08:41:01+00:00","og_image":[{"width":1000,"height":1000,"url":"https:\/\/vapingnet.de\/wp-content\/uploads\/2025\/04\/Mixed-Fruit.png","type":"image\/png"}],"twitter_card":"summary_large_image","twitter_misc":{"Dur\u00e9e de lecture estim\u00e9e":"3 minutes"},"schema":{"@context":"https:\/\/schema.org","@graph":[{"@type":"WebPage","@id":"https:\/\/vapingnet.de\/vape\/bang-tn-12000-puffs-mixed-fruit-geschmack-jetzt-weltweit-erhaeltlich\/","url":"https:\/\/vapingnet.de\/vape\/bang-tn-12000-puffs-mixed-fruit-geschmack-jetzt-weltweit-erhaeltlich\/","name":"Bang Tn 12000 Puffs Mixed Fruit Geschmack jetzt weltweit erh\u00e4ltlich | Vapingnet.de","isPartOf":{"@id":"https:\/\/vapingnet.de\/#website"},"primaryImageOfPage":{"@id":"https:\/\/vapingnet.de\/vape\/bang-tn-12000-puffs-mixed-fruit-geschmack-jetzt-weltweit-erhaeltlich\/#primaryimage"},"image":{"@id":"https:\/\/vapingnet.de\/vape\/bang-tn-12000-puffs-mixed-fruit-geschmack-jetzt-weltweit-erhaeltlich\/#primaryimage"},"thumbnailUrl":"https:\/\/vapingnet.de\/wp-content\/uploads\/2025\/04\/Mixed-Fruit.png","datePublished":"2025-04-11T05:55:19+00:00","dateModified":"2025-12-30T08:41:01+00:00","description":"Entdecke Bang Tn 12000 Puffs Mixed Fruit Geschmack jetzt weltweit erh\u00e4ltlich bei vapingnet.de, \u25ba Gro\u00dfe Auswahl an Geschmacksrichtungen & super g\u00fcnstig!","breadcrumb":{"@id":"https:\/\/vapingnet.de\/vape\/bang-tn-12000-puffs-mixed-fruit-geschmack-jetzt-weltweit-erhaeltlich\/#breadcrumb"},"inLanguage":"fr-FR","potentialAction":[{"@type":"ReadAction","target":["https:\/\/vapingnet.de\/vape\/bang-tn-12000-puffs-mixed-fruit-geschmack-jetzt-weltweit-erhaeltlich\/"]}]},{"@type":"ImageObject","inLanguage":"fr-FR","@id":"https:\/\/vapingnet.de\/vape\/bang-tn-12000-puffs-mixed-fruit-geschmack-jetzt-weltweit-erhaeltlich\/#primaryimage","url":"https:\/\/vapingnet.de\/wp-content\/uploads\/2025\/04\/Mixed-Fruit.png","contentUrl":"https:\/\/vapingnet.de\/wp-content\/uploads\/2025\/04\/Mixed-Fruit.png","width":1000,"height":1000},{"@type":"BreadcrumbList","@id":"https:\/\/vapingnet.de\/vape\/bang-tn-12000-puffs-mixed-fruit-geschmack-jetzt-weltweit-erhaeltlich\/#breadcrumb","itemListElement":[{"@type":"ListItem","position":1,"name":"Home","item":"https:\/\/vapingnet.de\/"},{"@type":"ListItem","position":2,"name":"Shop","item":"https:\/\/vapingnet.de\/vape\/"},{"@type":"ListItem","position":3,"name":"Bang Tn 12000 Puffs Mixed Fruit Geschmack jetzt weltweit erh\u00e4ltlich"}]},{"@type":"WebSite","@id":"https:\/\/vapingnet.de\/#website","url":"https:\/\/vapingnet.de\/","name":"Vapingnet.de","description":"","publisher":{"@id":"https:\/\/vapingnet.de\/#organization"},"potentialAction":[{"@type":"SearchAction","target":{"@type":"EntryPoint","urlTemplate":"https:\/\/vapingnet.de\/?s={search_term_string}"},"query-input":{"@type":"PropertyValueSpecification","valueRequired":true,"valueName":"search_term_string"}}],"inLanguage":"fr-FR"},{"@type":"Organization","@id":"https:\/\/vapingnet.de\/#organization","name":"Vapingnet.de","url":"https:\/\/vapingnet.de\/","logo":{"@type":"ImageObject","inLanguage":"fr-FR","@id":"https:\/\/vapingnet.de\/#\/schema\/logo\/image\/","url":"https:\/\/vapingnet.de\/wp-content\/uploads\/2025\/03\/cropped-vapingnet.de_.jpg","contentUrl":"https:\/\/vapingnet.de\/wp-content\/uploads\/2025\/03\/cropped-vapingnet.de_.jpg","width":512,"height":512,"caption":"Vapingnet.de"},"image":{"@id":"https:\/\/vapingnet.de\/#\/schema\/logo\/image\/"},"sameAs":["https:\/\/www.facebook.com\/vapingnetde\/"]}]}},"tiered_pricing_type":"fixed","tiered_pricing_fixed_rules":{"10":"7.31","60":"6.58","110":"5.85","200":"5.12"},"tiered_pricing_product_settings":{"layout":"default","base_unit_name":{"singular":null,"plural":null},"default_variation":null},"tiered_pricing_minimum_quantity":null,"tiered_pricing_roles_data":[],"tiered_pricing_percentage_rules":[],"_links":{"self":[{"href":"https:\/\/vapingnet.de\/fr\/wp-json\/wp\/v2\/product\/6242","targetHints":{"allow":["GET"]}}],"collection":[{"href":"https:\/\/vapingnet.de\/fr\/wp-json\/wp\/v2\/product"}],"about":[{"href":"https:\/\/vapingnet.de\/fr\/wp-json\/wp\/v2\/types\/product"}],"version-history":[{"count":1,"href":"https:\/\/vapingnet.de\/fr\/wp-json\/wp\/v2\/product\/6242\/revisions"}],"predecessor-version":[{"id":6254,"href":"https:\/\/vapingnet.de\/fr\/wp-json\/wp\/v2\/product\/6242\/revisions\/6254"}],"wp:featuredmedia":[{"embeddable":true,"href":"https:\/\/vapingnet.de\/fr\/wp-json\/wp\/v2\/media\/6248"}],"wp:attachment":[{"href":"https:\/\/vapingnet.de\/fr\/wp-json\/wp\/v2\/media?parent=6242"}],"wp:term":[{"taxonomy":"brand","embeddable":true,"href":"https:\/\/vapingnet.de\/fr\/wp-json\/wp\/v2\/etheme_brands?post=6242"},{"taxonomy":"product_brand","embeddable":true,"href":"https:\/\/vapingnet.de\/fr\/wp-json\/wp\/v2\/product_brand?post=6242"},{"taxonomy":"product_cat","embeddable":true,"href":"https:\/\/vapingnet.de\/fr\/wp-json\/wp\/v2\/product_cat?post=6242"},{"taxonomy":"product_tag","embeddable":true,"href":"https:\/\/vapingnet.de\/fr\/wp-json\/wp\/v2\/product_tag?post=6242"}],"curies":[{"name":"wp","href":"https:\/\/api.w.org\/{rel}","templated":true}]}}