{"id":6246,"date":"2025-04-11T05:55:28","date_gmt":"2025-04-11T05:55:28","guid":{"rendered":"https:\/\/vapingnet.de\/?post_type=product&#038;p=6246"},"modified":"2025-12-30T08:40:23","modified_gmt":"2025-12-30T08:40:23","slug":"strawberry-banana-bang-tn-12000-puffs-der-weltweite-hit-in-top-qualitaet","status":"publish","type":"product","link":"https:\/\/vapingnet.de\/fr\/vape\/strawberry-banana-bang-tn-12000-puffs-der-weltweite-hit-in-top-qualitaet\/","title":{"rendered":"Fraise Banane Bang Tn 12000 Puffs Le succ\u00e8s mondial en qualit\u00e9 sup\u00e9rieure"},"content":{"rendered":"<h2 data-start=\"27\" data-end=\"102\" data-immersive-translate-walked=\"bca56ad2-5e60-4a94-aef0-9ddaf9a8caff\">Bang Tn 12000 Bouff\u00e9es : Confort parfait et plaisir durable<\/h2>\n<p class=\"\" data-start=\"104\" data-end=\"439\" data-immersive-translate-walked=\"bca56ad2-5e60-4a94-aef0-9ddaf9a8caff\" data-immersive-translate-paragraph=\"1\">Pour les vapoteurs \u00e0 la recherche d'une solution pratique et durable, la cigarette \u00e9lectronique jetable Bang Tn 12000 Bouff\u00e9es est un excellent choix. Elle offre non seulement une vari\u00e9t\u00e9 de saveurs, mais aussi un excellent rapport qualit\u00e9-prix et garantit que chaque inhalation devient une exp\u00e9rience agr\u00e9able constante.<\/p>\n<h3 class=\"\" data-start=\"441\" data-end=\"477\" data-immersive-translate-walked=\"bca56ad2-5e60-4a94-aef0-9ddaf9a8caff\">Caract\u00e9ristiques du produit et performance<\/h3>\n<ul data-start=\"479\" data-end=\"1059\" data-immersive-translate-walked=\"bca56ad2-5e60-4a94-aef0-9ddaf9a8caff\">\n<li class=\"\" data-start=\"479\" data-end=\"593\" data-immersive-translate-walked=\"bca56ad2-5e60-4a94-aef0-9ddaf9a8caff\">\n<p class=\"\" data-start=\"481\" data-end=\"593\" data-immersive-translate-walked=\"bca56ad2-5e60-4a94-aef0-9ddaf9a8caff\" data-immersive-translate-paragraph=\"1\">Options de nicotine : Choisissez parmi 0%, 2%, 3% et 5% de nicotine pour trouver la force qui vous convient.<\/p>\n<\/li>\n<li class=\"\" data-start=\"594\" data-end=\"723\" data-immersive-translate-walked=\"bca56ad2-5e60-4a94-aef0-9ddaf9a8caff\">\n<p class=\"\" data-start=\"596\" data-end=\"723\" data-immersive-translate-walked=\"bca56ad2-5e60-4a94-aef0-9ddaf9a8caff\" data-immersive-translate-paragraph=\"1\">Liquide : Avec 20 ml de liquide, cette cigarette \u00e9lectronique jetable offre une port\u00e9e impressionnante de 12 000 bouff\u00e9es.<\/p>\n<\/li>\n<li class=\"\" data-start=\"724\" data-end=\"836\" data-immersive-translate-walked=\"bca56ad2-5e60-4a94-aef0-9ddaf9a8caff\">\n<p class=\"\" data-start=\"726\" data-end=\"836\" data-immersive-translate-walked=\"bca56ad2-5e60-4a94-aef0-9ddaf9a8caff\" data-immersive-translate-paragraph=\"1\">Batterie : La batterie de 650mAh assure une utilisation prolong\u00e9e sans besoin de recharger constamment.<\/p>\n<\/li>\n<li class=\"\" data-start=\"837\" data-end=\"936\" data-immersive-translate-walked=\"bca56ad2-5e60-4a94-aef0-9ddaf9a8caff\">\n<p class=\"\" data-start=\"839\" data-end=\"936\" data-immersive-translate-walked=\"bca56ad2-5e60-4a94-aef0-9ddaf9a8caff\" data-immersive-translate-paragraph=\"1\">Port de charge : Avec le connecteur moderne Type-C, la recharge se fait rapidement et facilement.<\/p>\n<\/li>\n<li class=\"\" data-start=\"937\" data-end=\"1059\" data-immersive-translate-walked=\"bca56ad2-5e60-4a94-aef0-9ddaf9a8caff\">\n<p class=\"\" data-start=\"939\" data-end=\"1059\" data-immersive-translate-walked=\"bca56ad2-5e60-4a94-aef0-9ddaf9a8caff\" data-immersive-translate-paragraph=\"1\">Syst\u00e8me de chauffage : \u00c9quip\u00e9 d'une r\u00e9sistance Mesh de 1,2\u03a9, garantissant une \u00e9mission de vapeur uniforme et plus intense.<\/p>\n<\/li>\n<\/ul>\n<h5 data-start=\"1061\" data-end=\"1110\" data-immersive-translate-walked=\"bca56ad2-5e60-4a94-aef0-9ddaf9a8caff\">Saveur : Saveur fruit\u00e9e fra\u00eeche<\/h5>\n<p class=\"\" data-start=\"1112\" data-end=\"1394\" data-immersive-translate-walked=\"bca56ad2-5e60-4a94-aef0-9ddaf9a8caff\" data-immersive-translate-paragraph=\"1\">La Bang Tn 12000 Bouff\u00e9es offre, avec le go\u00fbt Watermelon Ice, une combinaison rafra\u00eechissante de past\u00e8que sucr\u00e9e et d'une note de glace fra\u00eeche. Cette saveur fruit\u00e9e est parfaitement mise en valeur par la r\u00e9sistance Mesh, faisant de chaque inhalation une v\u00e9ritable exp\u00e9rience de plaisir.<\/p>\n<h5 data-start=\"1396\" data-end=\"1437\" data-immersive-translate-walked=\"bca56ad2-5e60-4a94-aef0-9ddaf9a8caff\">Livraison rapide : 7-15 jours ouvrables<\/h5>\n<p class=\"\" data-start=\"1439\" data-end=\"1700\" data-immersive-translate-walked=\"bca56ad2-5e60-4a94-aef0-9ddaf9a8caff\" data-immersive-translate-paragraph=\"1\">En commandant la Bang Tn 12000 Bouff\u00e9es sur vapingnet.de, vous pouvez compter sur une livraison rapide de 7 \u00e0 15 jours ouvrables. Les produits sont exp\u00e9di\u00e9s rapidement, vous permettant de commencer \u00e0 vapoter bient\u00f4t sans attendre longtemps.<\/p>\n<h5 data-start=\"1702\" data-end=\"1744\" data-immersive-translate-walked=\"bca56ad2-5e60-4a94-aef0-9ddaf9a8caff\">Douane : Aucun co\u00fbt cach\u00e9<\/h5>\n<p class=\"\" data-start=\"1746\" data-end=\"2001\" data-immersive-translate-walked=\"bca56ad2-5e60-4a94-aef0-9ddaf9a8caff\" data-immersive-translate-paragraph=\"1\">Un autre grand avantage de l'achat de cette cigarette \u00e9lectronique est que l'exp\u00e9dition se fait sans droits de douane au sein de l'UE. Cela signifie qu'aucune taxe ou droit suppl\u00e9mentaire ne sera appliqu\u00e9. Vous ne payez que le prix du produit sans co\u00fbts additionnels inattendus.<\/p>\n<h3 class=\"\" data-start=\"2003\" data-end=\"2058\" data-immersive-translate-walked=\"bca56ad2-5e60-4a94-aef0-9ddaf9a8caff\">Id\u00e9al pour diff\u00e9rents besoins des utilisateurs<\/h3>\n<p class=\"\" data-start=\"2060\" data-end=\"2508\" data-immersive-translate-walked=\"bca56ad2-5e60-4a94-aef0-9ddaf9a8caff\" data-immersive-translate-paragraph=\"1\">La cigarette \u00e9lectronique jetable Bang Tn 12000 Bouff\u00e9es est un choix parfait pour les vapoteurs de tous niveaux d'exp\u00e9rience. Elle offre une grande capacit\u00e9 de liquide et une large gamme de forces de nicotine, r\u00e9pondant aux besoins de divers utilisateurs. L'exp\u00e9rience de vapotage agr\u00e9able, associ\u00e9e \u00e0 une utilisation simple et une livraison rapide, fait de cette cigarette \u00e9lectronique un excellent choix pour tous ceux qui recherchent une solution pratique et savoureuse.<\/p>\n<p class=\"\" data-start=\"2510\" data-end=\"2636\" data-immersive-translate-walked=\"bca56ad2-5e60-4a94-aef0-9ddaf9a8caff\" data-immersive-translate-paragraph=\"1\">Commandez d\u00e8s aujourd'hui sur vapingnet.de et d\u00e9couvrez le confort d'une livraison rapide sans frais suppl\u00e9mentaires !<\/p>","protected":false},"excerpt":{"rendered":"<p>Bang Tn 12000 Bouff\u00e9es : Confort parfait et plaisir durable Pour les vapoteurs \u00e0 la recherche d'une solution pratique et durable, la Bang Tn 12000 Bouff\u00e9es...<\/p>","protected":false},"featured_media":6252,"template":"","meta":[],"etheme_brands":[],"product_brand":[101],"product_cat":[88,49,61],"product_tag":[],"class_list":{"0":"post-6246","1":"product","2":"type-product","3":"status-publish","4":"has-post-thumbnail","6":"product_brand-bang-king-vape","7":"product_cat-12k-vape","8":"product_cat-einweg-e-zigarette","9":"product_cat-f","11":"first","12":"instock","13":"shipping-taxable","14":"purchasable","15":"product-type-simple"},"yoast_head":"<!-- This site is optimized with the Yoast SEO plugin v26.5 - https:\/\/yoast.com\/wordpress\/plugins\/seo\/ -->\n<title>Strawberry Banana Bang Tn 12000 Puffs Der weltweite Hit in Top Qualit\u00e4t | Vapingnet.de<\/title>\n<meta name=\"description\" content=\"Entdecke Strawberry Banana Bang Tn 12000 Puffs Der weltweite Hit in Top Qualit\u00e4t bei vapingnet.de, \u25ba Gro\u00dfe Auswahl an Geschmacksrichtungen &amp; super g\u00fcnstig!\" \/>\n<meta name=\"robots\" content=\"index, follow, max-snippet:-1, max-image-preview:large, max-video-preview:-1\" \/>\n<link rel=\"canonical\" href=\"https:\/\/vapingnet.de\/fr\/vape\/strawberry-banana-bang-tn-12000-puffs-der-weltweite-hit-in-top-qualitaet\/\" \/>\n<meta property=\"og:locale\" content=\"fr_FR\" \/>\n<meta property=\"og:type\" content=\"article\" \/>\n<meta property=\"og:title\" content=\"Strawberry Banana Bang Tn 12000 Puffs Der weltweite Hit in Top Qualit\u00e4t | Vapingnet.de\" \/>\n<meta property=\"og:description\" content=\"Entdecke Strawberry Banana Bang Tn 12000 Puffs Der weltweite Hit in Top Qualit\u00e4t bei vapingnet.de, \u25ba Gro\u00dfe Auswahl an Geschmacksrichtungen &amp; super g\u00fcnstig!\" \/>\n<meta property=\"og:url\" content=\"https:\/\/vapingnet.de\/fr\/vape\/strawberry-banana-bang-tn-12000-puffs-der-weltweite-hit-in-top-qualitaet\/\" \/>\n<meta property=\"og:site_name\" content=\"Vapingnet.de\" \/>\n<meta property=\"article:publisher\" content=\"https:\/\/www.facebook.com\/vapingnetde\/\" \/>\n<meta property=\"article:modified_time\" content=\"2025-12-30T08:40:23+00:00\" \/>\n<meta property=\"og:image\" content=\"https:\/\/vapingnet.de\/wp-content\/uploads\/2025\/04\/Strawberry-Banana.png\" \/>\n\t<meta property=\"og:image:width\" content=\"1000\" \/>\n\t<meta property=\"og:image:height\" content=\"1000\" \/>\n\t<meta property=\"og:image:type\" content=\"image\/png\" \/>\n<meta name=\"twitter:card\" content=\"summary_large_image\" \/>\n<meta name=\"twitter:label1\" content=\"Dur\u00e9e de lecture estim\u00e9e\" \/>\n\t<meta name=\"twitter:data1\" content=\"3 minutes\" \/>\n<script type=\"application\/ld+json\" class=\"yoast-schema-graph\">{\"@context\":\"https:\/\/schema.org\",\"@graph\":[{\"@type\":\"WebPage\",\"@id\":\"https:\/\/vapingnet.de\/vape\/strawberry-banana-bang-tn-12000-puffs-der-weltweite-hit-in-top-qualitaet\/\",\"url\":\"https:\/\/vapingnet.de\/vape\/strawberry-banana-bang-tn-12000-puffs-der-weltweite-hit-in-top-qualitaet\/\",\"name\":\"Strawberry Banana Bang Tn 12000 Puffs Der weltweite Hit in Top Qualit\u00e4t | Vapingnet.de\",\"isPartOf\":{\"@id\":\"https:\/\/vapingnet.de\/#website\"},\"primaryImageOfPage\":{\"@id\":\"https:\/\/vapingnet.de\/vape\/strawberry-banana-bang-tn-12000-puffs-der-weltweite-hit-in-top-qualitaet\/#primaryimage\"},\"image\":{\"@id\":\"https:\/\/vapingnet.de\/vape\/strawberry-banana-bang-tn-12000-puffs-der-weltweite-hit-in-top-qualitaet\/#primaryimage\"},\"thumbnailUrl\":\"https:\/\/vapingnet.de\/wp-content\/uploads\/2025\/04\/Strawberry-Banana.png\",\"datePublished\":\"2025-04-11T05:55:28+00:00\",\"dateModified\":\"2025-12-30T08:40:23+00:00\",\"description\":\"Entdecke Strawberry Banana Bang Tn 12000 Puffs Der weltweite Hit in Top Qualit\u00e4t bei vapingnet.de, \u25ba Gro\u00dfe Auswahl an Geschmacksrichtungen & super g\u00fcnstig!\",\"breadcrumb\":{\"@id\":\"https:\/\/vapingnet.de\/vape\/strawberry-banana-bang-tn-12000-puffs-der-weltweite-hit-in-top-qualitaet\/#breadcrumb\"},\"inLanguage\":\"fr-FR\",\"potentialAction\":[{\"@type\":\"ReadAction\",\"target\":[\"https:\/\/vapingnet.de\/vape\/strawberry-banana-bang-tn-12000-puffs-der-weltweite-hit-in-top-qualitaet\/\"]}]},{\"@type\":\"ImageObject\",\"inLanguage\":\"fr-FR\",\"@id\":\"https:\/\/vapingnet.de\/vape\/strawberry-banana-bang-tn-12000-puffs-der-weltweite-hit-in-top-qualitaet\/#primaryimage\",\"url\":\"https:\/\/vapingnet.de\/wp-content\/uploads\/2025\/04\/Strawberry-Banana.png\",\"contentUrl\":\"https:\/\/vapingnet.de\/wp-content\/uploads\/2025\/04\/Strawberry-Banana.png\",\"width\":1000,\"height\":1000},{\"@type\":\"BreadcrumbList\",\"@id\":\"https:\/\/vapingnet.de\/vape\/strawberry-banana-bang-tn-12000-puffs-der-weltweite-hit-in-top-qualitaet\/#breadcrumb\",\"itemListElement\":[{\"@type\":\"ListItem\",\"position\":1,\"name\":\"Home\",\"item\":\"https:\/\/vapingnet.de\/\"},{\"@type\":\"ListItem\",\"position\":2,\"name\":\"Shop\",\"item\":\"https:\/\/vapingnet.de\/vape\/\"},{\"@type\":\"ListItem\",\"position\":3,\"name\":\"Strawberry Banana Bang Tn 12000 Puffs Der weltweite Hit in Top Qualit\u00e4t\"}]},{\"@type\":\"WebSite\",\"@id\":\"https:\/\/vapingnet.de\/#website\",\"url\":\"https:\/\/vapingnet.de\/\",\"name\":\"Vapingnet.de\",\"description\":\"\",\"publisher\":{\"@id\":\"https:\/\/vapingnet.de\/#organization\"},\"potentialAction\":[{\"@type\":\"SearchAction\",\"target\":{\"@type\":\"EntryPoint\",\"urlTemplate\":\"https:\/\/vapingnet.de\/?s={search_term_string}\"},\"query-input\":{\"@type\":\"PropertyValueSpecification\",\"valueRequired\":true,\"valueName\":\"search_term_string\"}}],\"inLanguage\":\"fr-FR\"},{\"@type\":\"Organization\",\"@id\":\"https:\/\/vapingnet.de\/#organization\",\"name\":\"Vapingnet.de\",\"url\":\"https:\/\/vapingnet.de\/\",\"logo\":{\"@type\":\"ImageObject\",\"inLanguage\":\"fr-FR\",\"@id\":\"https:\/\/vapingnet.de\/#\/schema\/logo\/image\/\",\"url\":\"https:\/\/vapingnet.de\/wp-content\/uploads\/2025\/03\/cropped-vapingnet.de_.jpg\",\"contentUrl\":\"https:\/\/vapingnet.de\/wp-content\/uploads\/2025\/03\/cropped-vapingnet.de_.jpg\",\"width\":512,\"height\":512,\"caption\":\"Vapingnet.de\"},\"image\":{\"@id\":\"https:\/\/vapingnet.de\/#\/schema\/logo\/image\/\"},\"sameAs\":[\"https:\/\/www.facebook.com\/vapingnetde\/\"]}]}<\/script>\n<!-- \/ Yoast SEO plugin. -->","yoast_head_json":{"title":"Strawberry Banana Bang Tn 12000 Puffs Der weltweite Hit in Top Qualit\u00e4t | Vapingnet.de","description":"Entdecke Strawberry Banana Bang Tn 12000 Puffs Der weltweite Hit in Top Qualit\u00e4t bei vapingnet.de, \u25ba Gro\u00dfe Auswahl an Geschmacksrichtungen & super g\u00fcnstig!","robots":{"index":"index","follow":"follow","max-snippet":"max-snippet:-1","max-image-preview":"max-image-preview:large","max-video-preview":"max-video-preview:-1"},"canonical":"https:\/\/vapingnet.de\/fr\/vape\/strawberry-banana-bang-tn-12000-puffs-der-weltweite-hit-in-top-qualitaet\/","og_locale":"fr_FR","og_type":"article","og_title":"Strawberry Banana Bang Tn 12000 Puffs Der weltweite Hit in Top Qualit\u00e4t | Vapingnet.de","og_description":"Entdecke Strawberry Banana Bang Tn 12000 Puffs Der weltweite Hit in Top Qualit\u00e4t bei vapingnet.de, \u25ba Gro\u00dfe Auswahl an Geschmacksrichtungen & super g\u00fcnstig!","og_url":"https:\/\/vapingnet.de\/fr\/vape\/strawberry-banana-bang-tn-12000-puffs-der-weltweite-hit-in-top-qualitaet\/","og_site_name":"Vapingnet.de","article_publisher":"https:\/\/www.facebook.com\/vapingnetde\/","article_modified_time":"2025-12-30T08:40:23+00:00","og_image":[{"width":1000,"height":1000,"url":"https:\/\/vapingnet.de\/wp-content\/uploads\/2025\/04\/Strawberry-Banana.png","type":"image\/png"}],"twitter_card":"summary_large_image","twitter_misc":{"Dur\u00e9e de lecture estim\u00e9e":"3 minutes"},"schema":{"@context":"https:\/\/schema.org","@graph":[{"@type":"WebPage","@id":"https:\/\/vapingnet.de\/vape\/strawberry-banana-bang-tn-12000-puffs-der-weltweite-hit-in-top-qualitaet\/","url":"https:\/\/vapingnet.de\/vape\/strawberry-banana-bang-tn-12000-puffs-der-weltweite-hit-in-top-qualitaet\/","name":"Strawberry Banana Bang Tn 12000 Puffs Der weltweite Hit in Top Qualit\u00e4t | Vapingnet.de","isPartOf":{"@id":"https:\/\/vapingnet.de\/#website"},"primaryImageOfPage":{"@id":"https:\/\/vapingnet.de\/vape\/strawberry-banana-bang-tn-12000-puffs-der-weltweite-hit-in-top-qualitaet\/#primaryimage"},"image":{"@id":"https:\/\/vapingnet.de\/vape\/strawberry-banana-bang-tn-12000-puffs-der-weltweite-hit-in-top-qualitaet\/#primaryimage"},"thumbnailUrl":"https:\/\/vapingnet.de\/wp-content\/uploads\/2025\/04\/Strawberry-Banana.png","datePublished":"2025-04-11T05:55:28+00:00","dateModified":"2025-12-30T08:40:23+00:00","description":"Entdecke Strawberry Banana Bang Tn 12000 Puffs Der weltweite Hit in Top Qualit\u00e4t bei vapingnet.de, \u25ba Gro\u00dfe Auswahl an Geschmacksrichtungen & super g\u00fcnstig!","breadcrumb":{"@id":"https:\/\/vapingnet.de\/vape\/strawberry-banana-bang-tn-12000-puffs-der-weltweite-hit-in-top-qualitaet\/#breadcrumb"},"inLanguage":"fr-FR","potentialAction":[{"@type":"ReadAction","target":["https:\/\/vapingnet.de\/vape\/strawberry-banana-bang-tn-12000-puffs-der-weltweite-hit-in-top-qualitaet\/"]}]},{"@type":"ImageObject","inLanguage":"fr-FR","@id":"https:\/\/vapingnet.de\/vape\/strawberry-banana-bang-tn-12000-puffs-der-weltweite-hit-in-top-qualitaet\/#primaryimage","url":"https:\/\/vapingnet.de\/wp-content\/uploads\/2025\/04\/Strawberry-Banana.png","contentUrl":"https:\/\/vapingnet.de\/wp-content\/uploads\/2025\/04\/Strawberry-Banana.png","width":1000,"height":1000},{"@type":"BreadcrumbList","@id":"https:\/\/vapingnet.de\/vape\/strawberry-banana-bang-tn-12000-puffs-der-weltweite-hit-in-top-qualitaet\/#breadcrumb","itemListElement":[{"@type":"ListItem","position":1,"name":"Home","item":"https:\/\/vapingnet.de\/"},{"@type":"ListItem","position":2,"name":"Shop","item":"https:\/\/vapingnet.de\/vape\/"},{"@type":"ListItem","position":3,"name":"Strawberry Banana Bang Tn 12000 Puffs Der weltweite Hit in Top Qualit\u00e4t"}]},{"@type":"WebSite","@id":"https:\/\/vapingnet.de\/#website","url":"https:\/\/vapingnet.de\/","name":"Vapingnet.de","description":"","publisher":{"@id":"https:\/\/vapingnet.de\/#organization"},"potentialAction":[{"@type":"SearchAction","target":{"@type":"EntryPoint","urlTemplate":"https:\/\/vapingnet.de\/?s={search_term_string}"},"query-input":{"@type":"PropertyValueSpecification","valueRequired":true,"valueName":"search_term_string"}}],"inLanguage":"fr-FR"},{"@type":"Organization","@id":"https:\/\/vapingnet.de\/#organization","name":"Vapingnet.de","url":"https:\/\/vapingnet.de\/","logo":{"@type":"ImageObject","inLanguage":"fr-FR","@id":"https:\/\/vapingnet.de\/#\/schema\/logo\/image\/","url":"https:\/\/vapingnet.de\/wp-content\/uploads\/2025\/03\/cropped-vapingnet.de_.jpg","contentUrl":"https:\/\/vapingnet.de\/wp-content\/uploads\/2025\/03\/cropped-vapingnet.de_.jpg","width":512,"height":512,"caption":"Vapingnet.de"},"image":{"@id":"https:\/\/vapingnet.de\/#\/schema\/logo\/image\/"},"sameAs":["https:\/\/www.facebook.com\/vapingnetde\/"]}]}},"tiered_pricing_type":"fixed","tiered_pricing_fixed_rules":{"10":"7.31","60":"6.58","110":"5.85","200":"5.12"},"tiered_pricing_product_settings":{"layout":"default","base_unit_name":{"singular":null,"plural":null},"default_variation":null},"tiered_pricing_minimum_quantity":null,"tiered_pricing_roles_data":[],"tiered_pricing_percentage_rules":[],"_links":{"self":[{"href":"https:\/\/vapingnet.de\/fr\/wp-json\/wp\/v2\/product\/6246","targetHints":{"allow":["GET"]}}],"collection":[{"href":"https:\/\/vapingnet.de\/fr\/wp-json\/wp\/v2\/product"}],"about":[{"href":"https:\/\/vapingnet.de\/fr\/wp-json\/wp\/v2\/types\/product"}],"version-history":[{"count":1,"href":"https:\/\/vapingnet.de\/fr\/wp-json\/wp\/v2\/product\/6246\/revisions"}],"predecessor-version":[{"id":6258,"href":"https:\/\/vapingnet.de\/fr\/wp-json\/wp\/v2\/product\/6246\/revisions\/6258"}],"wp:featuredmedia":[{"embeddable":true,"href":"https:\/\/vapingnet.de\/fr\/wp-json\/wp\/v2\/media\/6252"}],"wp:attachment":[{"href":"https:\/\/vapingnet.de\/fr\/wp-json\/wp\/v2\/media?parent=6246"}],"wp:term":[{"taxonomy":"brand","embeddable":true,"href":"https:\/\/vapingnet.de\/fr\/wp-json\/wp\/v2\/etheme_brands?post=6246"},{"taxonomy":"product_brand","embeddable":true,"href":"https:\/\/vapingnet.de\/fr\/wp-json\/wp\/v2\/product_brand?post=6246"},{"taxonomy":"product_cat","embeddable":true,"href":"https:\/\/vapingnet.de\/fr\/wp-json\/wp\/v2\/product_cat?post=6246"},{"taxonomy":"product_tag","embeddable":true,"href":"https:\/\/vapingnet.de\/fr\/wp-json\/wp\/v2\/product_tag?post=6246"}],"curies":[{"name":"wp","href":"https:\/\/api.w.org\/{rel}","templated":true}]}}