{"id":6266,"date":"2025-04-11T07:13:17","date_gmt":"2025-04-11T07:13:17","guid":{"rendered":"https:\/\/vapingnet.de\/?post_type=product&#038;p=6266"},"modified":"2025-06-19T03:39:54","modified_gmt":"2025-06-19T03:39:54","slug":"erleben-sie-den-besten-geschmack-mit-bang-king-smart-screen-15000-puff-peach-blueraz","status":"publish","type":"product","link":"https:\/\/vapingnet.de\/fr\/vape\/erleben-sie-den-besten-geschmack-mit-bang-king-smart-screen-15000-puff-peach-blueraz\/","title":{"rendered":"D\u00e9couvrez le meilleur go\u00fbt avec Bang King Smart Screen 15000 Puff Peach Blue Raz"},"content":{"rendered":"<h2 data-start=\"0\" data-end=\"68\" data-immersive-translate-walked=\"58eea023-3156-4a14-8382-2c2758bc9c2b\">Bang King Smart Screen 15000 Puff \u2013 L'exp\u00e9rience de vapotage ultime<\/h2>\n<p class=\"\" data-start=\"70\" data-end=\"369\" data-immersive-translate-walked=\"58eea023-3156-4a14-8382-2c2758bc9c2b\" data-immersive-translate-paragraph=\"1\">La cigarette \u00e9lectronique jetable Bang King Smart Screen 15000 Puff offre une exp\u00e9rience de vapotage incomparable. Avec une multitude de fonctionnalit\u00e9s puissantes et un go\u00fbt d\u00e9licieux, elle est le choix parfait pour tous ceux qui recherchent un dispositif de vapotage de haute qualit\u00e9 et pratique.<\/p>\n<h4 data-start=\"371\" data-end=\"420\" data-immersive-translate-walked=\"58eea023-3156-4a14-8382-2c2758bc9c2b\">Performance et fonctionnalit\u00e9 exceptionnelles<\/h4>\n<p class=\"\" data-start=\"422\" data-end=\"912\" data-immersive-translate-walked=\"58eea023-3156-4a14-8382-2c2758bc9c2b\" data-immersive-translate-paragraph=\"1\">La Bang King Smart Screen 15000 Puff fonctionne avec une mesh-coil (1.0 Ohm), garantissant une vaporisation optimale. Cette technologie offre une vaporisation uniforme du e-liquide, assurant une exp\u00e9rience de vapotage plus intense et homog\u00e8ne. La batterie de 650mAh garantit une utilisation prolong\u00e9e et \u00e9vite de devoir la recharger constamment. Avec une capacit\u00e9 de 25ml de e-liquide, vous disposez de suffisamment de r\u00e9serve pour plusieurs heures de vapotage continu.<\/p>\n<h4 data-start=\"914\" data-end=\"948\" data-immersive-translate-walked=\"58eea023-3156-4a14-8382-2c2758bc9c2b\">Niveaux de nicotine polyvalents<\/h4>\n<p class=\"\" data-start=\"950\" data-end=\"1070\" data-immersive-translate-walked=\"58eea023-3156-4a14-8382-2c2758bc9c2b\" data-immersive-translate-paragraph=\"1\">La Bang King Smart Screen 15000 Puff vous permet de choisir parmi diff\u00e9rentes concentrations de nicotine :<\/p>\n<ul data-start=\"1071\" data-end=\"1311\" data-immersive-translate-walked=\"58eea023-3156-4a14-8382-2c2758bc9c2b\">\n<li class=\"\" data-start=\"1071\" data-end=\"1133\" data-immersive-translate-walked=\"58eea023-3156-4a14-8382-2c2758bc9c2b\">\n<p class=\"\" data-start=\"1073\" data-end=\"1133\" data-immersive-translate-walked=\"58eea023-3156-4a14-8382-2c2758bc9c2b\" data-immersive-translate-paragraph=\"1\">0% pour ceux qui souhaitent vapoter sans nicotine.<\/p>\n<\/li>\n<li class=\"\" data-start=\"1134\" data-end=\"1311\" data-immersive-translate-walked=\"58eea023-3156-4a14-8382-2c2758bc9c2b\">\n<p class=\"\" data-start=\"1136\" data-end=\"1311\" data-immersive-translate-walked=\"58eea023-3156-4a14-8382-2c2758bc9c2b\" data-immersive-translate-paragraph=\"1\">2%, 3% et 5% pour les vapoteurs pr\u00e9f\u00e9rant une exp\u00e9rience de nicotine plus forte.<br data-start=\"1221\" data-end=\"1224\" data-immersive-translate-walked=\"58eea023-3156-4a14-8382-2c2758bc9c2b\" \/>Gr\u00e2ce \u00e0 cette s\u00e9lection, vous pouvez personnaliser votre exp\u00e9rience de vapotage selon vos pr\u00e9f\u00e9rences.<\/p>\n<\/li>\n<\/ul>\n<h4 data-start=\"1313\" data-end=\"1363\" data-immersive-translate-walked=\"58eea023-3156-4a14-8382-2c2758bc9c2b\">Facilit\u00e9 d'utilisation et design moderne<\/h4>\n<p class=\"\" data-start=\"1365\" data-end=\"1648\" data-immersive-translate-walked=\"58eea023-3156-4a14-8382-2c2758bc9c2b\" data-immersive-translate-paragraph=\"1\">Gr\u00e2ce \u00e0 l'\u00e9cran LED int\u00e9gr\u00e9, vous avez toujours une vue d'ensemble du niveau de liquide et de l'\u00e9tat de charge de la batterie. La connexion de charge Type-C moderne permet une recharge rapide et confortable, vous assurant d'\u00eatre toujours pr\u00eat pour la prochaine utilisation.<\/p>\n<h4 data-start=\"1650\" data-end=\"1691\" data-immersive-translate-walked=\"58eea023-3156-4a14-8382-2c2758bc9c2b\">Exp\u00e9rience gustative : Peach Blueraz<\/h4>\n<p class=\"\" data-start=\"1693\" data-end=\"1975\" data-immersive-translate-walked=\"58eea023-3156-4a14-8382-2c2758bc9c2b\" data-immersive-translate-paragraph=\"1\">Le go\u00fbt Peach Blueraz de cette cigarette \u00e9lectronique est une combinaison rafra\u00eechissante de p\u00eaches juteuses et de saveur fruit\u00e9e de myrtille. Ce m\u00e9lange d\u00e9licieux offre une exp\u00e9rience gustative inoubliable, douce et acidul\u00e9e, id\u00e9ale pour une consommation quotidienne.<\/p>\n<h3>Avantages de la Bang King Smart Screen 15000 Puff<\/h3>\n<ul data-start=\"2033\" data-end=\"2681\" data-immersive-translate-walked=\"58eea023-3156-4a14-8382-2c2758bc9c2b\">\n<li class=\"\" data-start=\"2033\" data-end=\"2204\" data-immersive-translate-walked=\"58eea023-3156-4a14-8382-2c2758bc9c2b\">\n<p class=\"\" data-start=\"2035\" data-end=\"2204\" data-immersive-translate-walked=\"58eea023-3156-4a14-8382-2c2758bc9c2b\" data-immersive-translate-paragraph=\"1\">Longue dur\u00e9e : Avec une capacit\u00e9 de 25ml de e-liquide et une batterie durable, vous pouvez profiter longtemps sans avoir \u00e0 recharger ou remplir l'appareil.<\/p>\n<\/li>\n<li class=\"\" data-start=\"2205\" data-end=\"2337\" data-immersive-translate-walked=\"58eea023-3156-4a14-8382-2c2758bc9c2b\">\n<p class=\"\" data-start=\"2207\" data-end=\"2337\" data-immersive-translate-walked=\"58eea023-3156-4a14-8382-2c2758bc9c2b\" data-immersive-translate-paragraph=\"1\">Diff\u00e9rentes concentrations de nicotine : Vous pouvez choisir entre 0%, 2%, 3% et 5% selon l'intensit\u00e9 souhait\u00e9e.<\/p>\n<\/li>\n<li class=\"\" data-start=\"2338\" data-end=\"2454\" data-immersive-translate-walked=\"58eea023-3156-4a14-8382-2c2758bc9c2b\">\n<p class=\"\" data-start=\"2340\" data-end=\"2454\" data-immersive-translate-walked=\"58eea023-3156-4a14-8382-2c2758bc9c2b\" data-immersive-translate-paragraph=\"1\">\u00c9cran LED : Affiche l'\u00e9tat de charge et le niveau de liquide, pour que vous soyez toujours bien inform\u00e9.<\/p>\n<\/li>\n<li class=\"\" data-start=\"2455\" data-end=\"2564\" data-immersive-translate-walked=\"58eea023-3156-4a14-8382-2c2758bc9c2b\">\n<p class=\"\" data-start=\"2457\" data-end=\"2564\" data-immersive-translate-walked=\"58eea023-3156-4a14-8382-2c2758bc9c2b\" data-immersive-translate-paragraph=\"1\">Recharge rapide : La connexion de charge Type-C permet une recharge rapide et facile de l'appareil.<\/p>\n<\/li>\n<li class=\"\" data-start=\"2565\" data-end=\"2681\" data-immersive-translate-walked=\"58eea023-3156-4a14-8382-2c2758bc9c2b\">\n<p class=\"\" data-start=\"2567\" data-end=\"2681\" data-immersive-translate-walked=\"58eea023-3156-4a14-8382-2c2758bc9c2b\" data-immersive-translate-paragraph=\"1\">Go\u00fbt : La saveur rafra\u00eechissante Peach Blueraz offre une exp\u00e9rience de vapotage fruit\u00e9e et agr\u00e9able.<\/p>\n<\/li>\n<\/ul>\n<h4 data-start=\"2683\" data-end=\"2728\" data-immersive-translate-walked=\"58eea023-3156-4a14-8382-2c2758bc9c2b\">Livraison rapide et exon\u00e9ration de taxes<\/h4>\n<p class=\"\" data-start=\"2730\" data-end=\"3005\" data-immersive-translate-walked=\"58eea023-3156-4a14-8382-2c2758bc9c2b\" data-immersive-translate-paragraph=\"1\">La Bang King Smart Screen 15000 Puff est livr\u00e9e sans taxes, vous n'avez donc pas \u00e0 vous soucier de co\u00fbts suppl\u00e9mentaires. La livraison s'effectue en 7-15 jours ouvrables, ce qui vous permet de profiter rapidement de votre nouvelle exp\u00e9rience de vapotage.<\/p>\n<h4 data-start=\"3007\" data-end=\"3066\" data-immersive-translate-walked=\"58eea023-3156-4a14-8382-2c2758bc9c2b\">Votre nouveau compagnon pr\u00e9f\u00e9r\u00e9 pour le quotidien<\/h4>\n<p class=\"\" data-start=\"3068\" data-end=\"3547\" data-immersive-translate-walked=\"58eea023-3156-4a14-8382-2c2758bc9c2b\" data-immersive-translate-paragraph=\"1\">La Bang King Smart Screen 15000 Puff est un excellent choix pour tous ceux qui recherchent une cigarette \u00e9lectronique jetable fiable, performante et facile \u00e0 utiliser. Avec une grande capacit\u00e9 en e-liquide, une longue dur\u00e9e de vie de la batterie, diff\u00e9rentes concentrations de nicotine et un go\u00fbt d\u00e9licieux, elle offre une exp\u00e9rience de vapotage de premier ordre. Visitez vapingnet.fr et commandez d\u00e8s aujourd'hui votre Bang King Smart Screen 15000 Puff \u2013 pour une nouvelle dimension du vapotage !<\/p>","protected":false},"excerpt":{"rendered":"<p>Bang King Smart Screen 15000 Puff \u2013 Das ultimative Dampferlebnis Die Bang King Smart Screen 15000 Puff Einweg-E-Zigarette bietet ein unvergleichliches Dampferlebnis. Mit einer Vielzahl&#8230;<\/p>","protected":false},"featured_media":6852,"template":"","meta":[],"etheme_brands":[],"product_brand":[101],"product_cat":[53,49,61],"product_tag":[],"class_list":{"0":"post-6266","1":"product","2":"type-product","3":"status-publish","4":"has-post-thumbnail","6":"product_brand-bang-king-vape","7":"product_cat-vape-15000-zuege","8":"product_cat-einweg-e-zigarette","9":"product_cat-f","11":"first","12":"instock","13":"shipping-taxable","14":"purchasable","15":"product-type-simple"},"yoast_head":"<!-- This site is optimized with the Yoast SEO plugin v26.5 - https:\/\/yoast.com\/wordpress\/plugins\/seo\/ -->\n<title>Erleben Sie Den Besten Geschmack Mit Bang King Smart Screen 15000 Puff Peach Blueraz | Vapingnet.de<\/title>\n<meta name=\"description\" content=\"Entdecke Erleben Sie Den Besten Geschmack Mit Bang King Smart Screen 15000 Puff Peach Blueraz bei vapingnet.de, \u25ba Gro\u00dfe Auswahl an Geschmacksrichtungen &amp; super g\u00fcnstig!\" \/>\n<meta name=\"robots\" content=\"index, follow, max-snippet:-1, max-image-preview:large, max-video-preview:-1\" \/>\n<link rel=\"canonical\" href=\"https:\/\/vapingnet.de\/fr\/vape\/erleben-sie-den-besten-geschmack-mit-bang-king-smart-screen-15000-puff-peach-blueraz\/\" \/>\n<meta property=\"og:locale\" content=\"fr_FR\" \/>\n<meta property=\"og:type\" content=\"article\" \/>\n<meta property=\"og:title\" content=\"Erleben Sie Den Besten Geschmack Mit Bang King Smart Screen 15000 Puff Peach Blueraz | Vapingnet.de\" \/>\n<meta property=\"og:description\" content=\"Entdecke Erleben Sie Den Besten Geschmack Mit Bang King Smart Screen 15000 Puff Peach Blueraz bei vapingnet.de, \u25ba Gro\u00dfe Auswahl an Geschmacksrichtungen &amp; super g\u00fcnstig!\" \/>\n<meta property=\"og:url\" content=\"https:\/\/vapingnet.de\/fr\/vape\/erleben-sie-den-besten-geschmack-mit-bang-king-smart-screen-15000-puff-peach-blueraz\/\" \/>\n<meta property=\"og:site_name\" content=\"Vapingnet.de\" \/>\n<meta property=\"article:publisher\" content=\"https:\/\/www.facebook.com\/vapingnetde\/\" \/>\n<meta property=\"article:modified_time\" content=\"2025-06-19T03:39:54+00:00\" \/>\n<meta property=\"og:image\" content=\"https:\/\/vapingnet.de\/wp-content\/uploads\/2025\/04\/bang-Peach-Blueraz.webp\" \/>\n\t<meta property=\"og:image:width\" content=\"1000\" \/>\n\t<meta property=\"og:image:height\" content=\"1000\" \/>\n\t<meta property=\"og:image:type\" content=\"image\/webp\" \/>\n<meta name=\"twitter:card\" content=\"summary_large_image\" \/>\n<meta name=\"twitter:label1\" content=\"Dur\u00e9e de lecture estim\u00e9e\" \/>\n\t<meta name=\"twitter:data1\" content=\"3 minutes\" \/>\n<script type=\"application\/ld+json\" class=\"yoast-schema-graph\">{\"@context\":\"https:\/\/schema.org\",\"@graph\":[{\"@type\":\"WebPage\",\"@id\":\"https:\/\/vapingnet.de\/vape\/erleben-sie-den-besten-geschmack-mit-bang-king-smart-screen-15000-puff-peach-blueraz\/\",\"url\":\"https:\/\/vapingnet.de\/vape\/erleben-sie-den-besten-geschmack-mit-bang-king-smart-screen-15000-puff-peach-blueraz\/\",\"name\":\"Erleben Sie Den Besten Geschmack Mit Bang King Smart Screen 15000 Puff Peach Blueraz | Vapingnet.de\",\"isPartOf\":{\"@id\":\"https:\/\/vapingnet.de\/#website\"},\"primaryImageOfPage\":{\"@id\":\"https:\/\/vapingnet.de\/vape\/erleben-sie-den-besten-geschmack-mit-bang-king-smart-screen-15000-puff-peach-blueraz\/#primaryimage\"},\"image\":{\"@id\":\"https:\/\/vapingnet.de\/vape\/erleben-sie-den-besten-geschmack-mit-bang-king-smart-screen-15000-puff-peach-blueraz\/#primaryimage\"},\"thumbnailUrl\":\"https:\/\/vapingnet.de\/wp-content\/uploads\/2025\/04\/bang-Peach-Blueraz.webp\",\"datePublished\":\"2025-04-11T07:13:17+00:00\",\"dateModified\":\"2025-06-19T03:39:54+00:00\",\"description\":\"Entdecke Erleben Sie Den Besten Geschmack Mit Bang King Smart Screen 15000 Puff Peach Blueraz bei vapingnet.de, \u25ba Gro\u00dfe Auswahl an Geschmacksrichtungen & super g\u00fcnstig!\",\"breadcrumb\":{\"@id\":\"https:\/\/vapingnet.de\/vape\/erleben-sie-den-besten-geschmack-mit-bang-king-smart-screen-15000-puff-peach-blueraz\/#breadcrumb\"},\"inLanguage\":\"fr-FR\",\"potentialAction\":[{\"@type\":\"ReadAction\",\"target\":[\"https:\/\/vapingnet.de\/vape\/erleben-sie-den-besten-geschmack-mit-bang-king-smart-screen-15000-puff-peach-blueraz\/\"]}]},{\"@type\":\"ImageObject\",\"inLanguage\":\"fr-FR\",\"@id\":\"https:\/\/vapingnet.de\/vape\/erleben-sie-den-besten-geschmack-mit-bang-king-smart-screen-15000-puff-peach-blueraz\/#primaryimage\",\"url\":\"https:\/\/vapingnet.de\/wp-content\/uploads\/2025\/04\/bang-Peach-Blueraz.webp\",\"contentUrl\":\"https:\/\/vapingnet.de\/wp-content\/uploads\/2025\/04\/bang-Peach-Blueraz.webp\",\"width\":1000,\"height\":1000},{\"@type\":\"BreadcrumbList\",\"@id\":\"https:\/\/vapingnet.de\/vape\/erleben-sie-den-besten-geschmack-mit-bang-king-smart-screen-15000-puff-peach-blueraz\/#breadcrumb\",\"itemListElement\":[{\"@type\":\"ListItem\",\"position\":1,\"name\":\"Home\",\"item\":\"https:\/\/vapingnet.de\/\"},{\"@type\":\"ListItem\",\"position\":2,\"name\":\"Shop\",\"item\":\"https:\/\/vapingnet.de\/vape\/\"},{\"@type\":\"ListItem\",\"position\":3,\"name\":\"Erleben Sie Den Besten Geschmack Mit Bang King Smart Screen 15000 Puff Peach Blueraz\"}]},{\"@type\":\"WebSite\",\"@id\":\"https:\/\/vapingnet.de\/#website\",\"url\":\"https:\/\/vapingnet.de\/\",\"name\":\"Vapingnet.de\",\"description\":\"\",\"publisher\":{\"@id\":\"https:\/\/vapingnet.de\/#organization\"},\"potentialAction\":[{\"@type\":\"SearchAction\",\"target\":{\"@type\":\"EntryPoint\",\"urlTemplate\":\"https:\/\/vapingnet.de\/?s={search_term_string}\"},\"query-input\":{\"@type\":\"PropertyValueSpecification\",\"valueRequired\":true,\"valueName\":\"search_term_string\"}}],\"inLanguage\":\"fr-FR\"},{\"@type\":\"Organization\",\"@id\":\"https:\/\/vapingnet.de\/#organization\",\"name\":\"Vapingnet.de\",\"url\":\"https:\/\/vapingnet.de\/\",\"logo\":{\"@type\":\"ImageObject\",\"inLanguage\":\"fr-FR\",\"@id\":\"https:\/\/vapingnet.de\/#\/schema\/logo\/image\/\",\"url\":\"https:\/\/vapingnet.de\/wp-content\/uploads\/2025\/03\/cropped-vapingnet.de_.jpg\",\"contentUrl\":\"https:\/\/vapingnet.de\/wp-content\/uploads\/2025\/03\/cropped-vapingnet.de_.jpg\",\"width\":512,\"height\":512,\"caption\":\"Vapingnet.de\"},\"image\":{\"@id\":\"https:\/\/vapingnet.de\/#\/schema\/logo\/image\/\"},\"sameAs\":[\"https:\/\/www.facebook.com\/vapingnetde\/\"]}]}<\/script>\n<!-- \/ Yoast SEO plugin. -->","yoast_head_json":{"title":"Erleben Sie Den Besten Geschmack Mit Bang King Smart Screen 15000 Puff Peach Blueraz | Vapingnet.de","description":"Entdecke Erleben Sie Den Besten Geschmack Mit Bang King Smart Screen 15000 Puff Peach Blueraz bei vapingnet.de, \u25ba Gro\u00dfe Auswahl an Geschmacksrichtungen & super g\u00fcnstig!","robots":{"index":"index","follow":"follow","max-snippet":"max-snippet:-1","max-image-preview":"max-image-preview:large","max-video-preview":"max-video-preview:-1"},"canonical":"https:\/\/vapingnet.de\/fr\/vape\/erleben-sie-den-besten-geschmack-mit-bang-king-smart-screen-15000-puff-peach-blueraz\/","og_locale":"fr_FR","og_type":"article","og_title":"Erleben Sie Den Besten Geschmack Mit Bang King Smart Screen 15000 Puff Peach Blueraz | Vapingnet.de","og_description":"Entdecke Erleben Sie Den Besten Geschmack Mit Bang King Smart Screen 15000 Puff Peach Blueraz bei vapingnet.de, \u25ba Gro\u00dfe Auswahl an Geschmacksrichtungen & super g\u00fcnstig!","og_url":"https:\/\/vapingnet.de\/fr\/vape\/erleben-sie-den-besten-geschmack-mit-bang-king-smart-screen-15000-puff-peach-blueraz\/","og_site_name":"Vapingnet.de","article_publisher":"https:\/\/www.facebook.com\/vapingnetde\/","article_modified_time":"2025-06-19T03:39:54+00:00","og_image":[{"width":1000,"height":1000,"url":"https:\/\/vapingnet.de\/wp-content\/uploads\/2025\/04\/bang-Peach-Blueraz.webp","type":"image\/webp"}],"twitter_card":"summary_large_image","twitter_misc":{"Dur\u00e9e de lecture estim\u00e9e":"3 minutes"},"schema":{"@context":"https:\/\/schema.org","@graph":[{"@type":"WebPage","@id":"https:\/\/vapingnet.de\/vape\/erleben-sie-den-besten-geschmack-mit-bang-king-smart-screen-15000-puff-peach-blueraz\/","url":"https:\/\/vapingnet.de\/vape\/erleben-sie-den-besten-geschmack-mit-bang-king-smart-screen-15000-puff-peach-blueraz\/","name":"Erleben Sie Den Besten Geschmack Mit Bang King Smart Screen 15000 Puff Peach Blueraz | Vapingnet.de","isPartOf":{"@id":"https:\/\/vapingnet.de\/#website"},"primaryImageOfPage":{"@id":"https:\/\/vapingnet.de\/vape\/erleben-sie-den-besten-geschmack-mit-bang-king-smart-screen-15000-puff-peach-blueraz\/#primaryimage"},"image":{"@id":"https:\/\/vapingnet.de\/vape\/erleben-sie-den-besten-geschmack-mit-bang-king-smart-screen-15000-puff-peach-blueraz\/#primaryimage"},"thumbnailUrl":"https:\/\/vapingnet.de\/wp-content\/uploads\/2025\/04\/bang-Peach-Blueraz.webp","datePublished":"2025-04-11T07:13:17+00:00","dateModified":"2025-06-19T03:39:54+00:00","description":"Entdecke Erleben Sie Den Besten Geschmack Mit Bang King Smart Screen 15000 Puff Peach Blueraz bei vapingnet.de, \u25ba Gro\u00dfe Auswahl an Geschmacksrichtungen & super g\u00fcnstig!","breadcrumb":{"@id":"https:\/\/vapingnet.de\/vape\/erleben-sie-den-besten-geschmack-mit-bang-king-smart-screen-15000-puff-peach-blueraz\/#breadcrumb"},"inLanguage":"fr-FR","potentialAction":[{"@type":"ReadAction","target":["https:\/\/vapingnet.de\/vape\/erleben-sie-den-besten-geschmack-mit-bang-king-smart-screen-15000-puff-peach-blueraz\/"]}]},{"@type":"ImageObject","inLanguage":"fr-FR","@id":"https:\/\/vapingnet.de\/vape\/erleben-sie-den-besten-geschmack-mit-bang-king-smart-screen-15000-puff-peach-blueraz\/#primaryimage","url":"https:\/\/vapingnet.de\/wp-content\/uploads\/2025\/04\/bang-Peach-Blueraz.webp","contentUrl":"https:\/\/vapingnet.de\/wp-content\/uploads\/2025\/04\/bang-Peach-Blueraz.webp","width":1000,"height":1000},{"@type":"BreadcrumbList","@id":"https:\/\/vapingnet.de\/vape\/erleben-sie-den-besten-geschmack-mit-bang-king-smart-screen-15000-puff-peach-blueraz\/#breadcrumb","itemListElement":[{"@type":"ListItem","position":1,"name":"Home","item":"https:\/\/vapingnet.de\/"},{"@type":"ListItem","position":2,"name":"Shop","item":"https:\/\/vapingnet.de\/vape\/"},{"@type":"ListItem","position":3,"name":"Erleben Sie Den Besten Geschmack Mit Bang King Smart Screen 15000 Puff Peach Blueraz"}]},{"@type":"WebSite","@id":"https:\/\/vapingnet.de\/#website","url":"https:\/\/vapingnet.de\/","name":"Vapingnet.de","description":"","publisher":{"@id":"https:\/\/vapingnet.de\/#organization"},"potentialAction":[{"@type":"SearchAction","target":{"@type":"EntryPoint","urlTemplate":"https:\/\/vapingnet.de\/?s={search_term_string}"},"query-input":{"@type":"PropertyValueSpecification","valueRequired":true,"valueName":"search_term_string"}}],"inLanguage":"fr-FR"},{"@type":"Organization","@id":"https:\/\/vapingnet.de\/#organization","name":"Vapingnet.de","url":"https:\/\/vapingnet.de\/","logo":{"@type":"ImageObject","inLanguage":"fr-FR","@id":"https:\/\/vapingnet.de\/#\/schema\/logo\/image\/","url":"https:\/\/vapingnet.de\/wp-content\/uploads\/2025\/03\/cropped-vapingnet.de_.jpg","contentUrl":"https:\/\/vapingnet.de\/wp-content\/uploads\/2025\/03\/cropped-vapingnet.de_.jpg","width":512,"height":512,"caption":"Vapingnet.de"},"image":{"@id":"https:\/\/vapingnet.de\/#\/schema\/logo\/image\/"},"sameAs":["https:\/\/www.facebook.com\/vapingnetde\/"]}]}},"tiered_pricing_type":"fixed","tiered_pricing_fixed_rules":{"10":"8.35","60":"7.52","110":"6.68","200":"5.85"},"tiered_pricing_product_settings":{"layout":"default","base_unit_name":{"singular":null,"plural":null},"default_variation":null},"tiered_pricing_minimum_quantity":null,"tiered_pricing_roles_data":[],"tiered_pricing_percentage_rules":[],"_links":{"self":[{"href":"https:\/\/vapingnet.de\/fr\/wp-json\/wp\/v2\/product\/6266","targetHints":{"allow":["GET"]}}],"collection":[{"href":"https:\/\/vapingnet.de\/fr\/wp-json\/wp\/v2\/product"}],"about":[{"href":"https:\/\/vapingnet.de\/fr\/wp-json\/wp\/v2\/types\/product"}],"version-history":[{"count":1,"href":"https:\/\/vapingnet.de\/fr\/wp-json\/wp\/v2\/product\/6266\/revisions"}],"predecessor-version":[{"id":6272,"href":"https:\/\/vapingnet.de\/fr\/wp-json\/wp\/v2\/product\/6266\/revisions\/6272"}],"wp:featuredmedia":[{"embeddable":true,"href":"https:\/\/vapingnet.de\/fr\/wp-json\/wp\/v2\/media\/6852"}],"wp:attachment":[{"href":"https:\/\/vapingnet.de\/fr\/wp-json\/wp\/v2\/media?parent=6266"}],"wp:term":[{"taxonomy":"brand","embeddable":true,"href":"https:\/\/vapingnet.de\/fr\/wp-json\/wp\/v2\/etheme_brands?post=6266"},{"taxonomy":"product_brand","embeddable":true,"href":"https:\/\/vapingnet.de\/fr\/wp-json\/wp\/v2\/product_brand?post=6266"},{"taxonomy":"product_cat","embeddable":true,"href":"https:\/\/vapingnet.de\/fr\/wp-json\/wp\/v2\/product_cat?post=6266"},{"taxonomy":"product_tag","embeddable":true,"href":"https:\/\/vapingnet.de\/fr\/wp-json\/wp\/v2\/product_tag?post=6266"}],"curies":[{"name":"wp","href":"https:\/\/api.w.org\/{rel}","templated":true}]}}