{"id":6281,"date":"2025-04-11T08:03:06","date_gmt":"2025-04-11T08:03:06","guid":{"rendered":"https:\/\/vapingnet.de\/?post_type=product&#038;p=6281"},"modified":"2025-06-19T03:39:53","modified_gmt":"2025-06-19T03:39:53","slug":"tropical-fruit-bang-king-smart-screen-15000-puff-direkt-vom-hersteller-guenstig","status":"publish","type":"product","link":"https:\/\/vapingnet.de\/fr\/vape\/tropical-fruit-bang-king-smart-screen-15000-puff-direkt-vom-hersteller-guenstig\/","title":{"rendered":"Tropical Fruit Bang King \u00c9cran Intelligent 15000 Bouff\u00e9es Directement du Fabricant \u00e0 Prix Abordable"},"content":{"rendered":"<h2 data-start=\"0\" data-end=\"75\" data-immersive-translate-walked=\"0f364fe4-533d-4f50-ac6d-672a6b72990c\">Bang King Smart Screen 15000 Puff \u2013 Votre cigarette \u00e9lectronique jetable ultime<\/h2>\n<p class=\"\" data-start=\"77\" data-end=\"522\" data-immersive-translate-paragraph=\"1\" data-immersive-translate-walked=\"0f364fe4-533d-4f50-ac6d-672a6b72990c\">Si vous recherchez une cigarette \u00e9lectronique jetable puissante, facile \u00e0 utiliser et au go\u00fbt exceptionnel, alors la Bang King Smart Screen 15000 Puff est exactement ce dont vous avez besoin. Cette cigarette \u00e9lectronique offre non seulement des caract\u00e9ristiques techniques impressionnantes, mais aussi une exp\u00e9rience gustative unique qui vous enthousiasmera. D\u00e9couvrez toutes les informations importantes et les avantages de cet appareil de vapotage exceptionnel.<\/p>\n<h3>D\u00e9tails techniques de la Bang King Smart Screen 15000 Puff<\/h3>\n<p class=\"\" data-start=\"590\" data-end=\"781\" data-immersive-translate-walked=\"0f364fe4-533d-4f50-ac6d-672a6b72990c\" data-immersive-translate-paragraph=\"1\">La Bang King Smart Screen 15000 Puff se pr\u00e9sente avec une multitude de fonctionnalit\u00e9s innovantes qui rendent le vapotage encore plus agr\u00e9able. Voici les principales caract\u00e9ristiques en r\u00e9sum\u00e9 :<\/p>\n<ul data-start=\"783\" data-end=\"1634\" data-immersive-translate-walked=\"0f364fe4-533d-4f50-ac6d-672a6b72990c\">\n<li class=\"\" data-start=\"783\" data-end=\"927\" data-immersive-translate-walked=\"0f364fe4-533d-4f50-ac6d-672a6b72990c\">\n<p class=\"\" data-start=\"785\" data-end=\"927\" data-immersive-translate-walked=\"0f364fe4-533d-4f50-ac6d-672a6b72990c\" data-immersive-translate-paragraph=\"1\">Mesh Coil (1.0 Ohm) : Cette r\u00e9sistance en mesh assure une production de vapeur uniforme et dense, rendant le go\u00fbt intense et coh\u00e9rent.<\/p>\n<\/li>\n<li class=\"\" data-start=\"928\" data-end=\"1101\" data-immersive-translate-walked=\"0f364fe4-533d-4f50-ac6d-672a6b72990c\">\n<p class=\"\" data-start=\"930\" data-end=\"1101\" data-immersive-translate-walked=\"0f364fe4-533d-4f50-ac6d-672a6b72990c\" data-immersive-translate-paragraph=\"1\">Capacit\u00e9 de la batterie (650mAh) : Avec une puissance de batterie solide, suffisante pour une utilisation prolong\u00e9e, vous n'avez pas \u00e0 vous soucier d'une d\u00e9charge rapide.<\/p>\n<\/li>\n<li class=\"\" data-start=\"1102\" data-end=\"1257\" data-immersive-translate-walked=\"0f364fe4-533d-4f50-ac6d-672a6b72990c\">\n<p class=\"\" data-start=\"1104\" data-end=\"1257\" data-immersive-translate-walked=\"0f364fe4-533d-4f50-ac6d-672a6b72990c\" data-immersive-translate-paragraph=\"1\">Capacit\u00e9 de e-liquide (25ml) : Avec une capacit\u00e9 g\u00e9n\u00e9reuse de e-liquide, vous pouvez profiter jusqu'\u00e0 15 000 bouff\u00e9es avant de devoir remplacer la cigarette \u00e9lectronique.<\/p>\n<\/li>\n<li class=\"\" data-start=\"1258\" data-end=\"1415\" data-immersive-translate-walked=\"0f364fe4-533d-4f50-ac6d-672a6b72990c\">\n<p class=\"\" data-start=\"1260\" data-end=\"1415\" data-immersive-translate-walked=\"0f364fe4-533d-4f50-ac6d-672a6b72990c\" data-immersive-translate-paragraph=\"1\">Options de nicotine (0%, 2%, 3%, 5%) : Choisissez le niveau de nicotine qui correspond \u00e0 votre exp\u00e9rience de vapotage, que vous soyez d\u00e9butant ou exp\u00e9riment\u00e9.<\/p>\n<\/li>\n<li class=\"\" data-start=\"1416\" data-end=\"1512\" data-immersive-translate-walked=\"0f364fe4-533d-4f50-ac6d-672a6b72990c\">\n<p class=\"\" data-start=\"1418\" data-end=\"1512\" data-immersive-translate-walked=\"0f364fe4-533d-4f50-ac6d-672a6b72990c\" data-immersive-translate-paragraph=\"1\">Port de charge (Type-C) : La connexion moderne Type-C permet une charge rapide et pratique.<\/p>\n<\/li>\n<li class=\"\" data-start=\"1513\" data-end=\"1634\" data-immersive-translate-walked=\"0f364fe4-533d-4f50-ac6d-672a6b72990c\">\n<p class=\"\" data-start=\"1515\" data-end=\"1634\" data-immersive-translate-walked=\"0f364fe4-533d-4f50-ac6d-672a6b72990c\" data-immersive-translate-paragraph=\"1\">\u00c9cran LED : L'\u00e9cran LED vous indique le niveau de charge actuel et le niveau de liquide, pour que vous soyez toujours inform\u00e9.<\/p>\n<\/li>\n<\/ul>\n<h4 data-start=\"1636\" data-end=\"1678\" data-immersive-translate-walked=\"0f364fe4-533d-4f50-ac6d-672a6b72990c\">Exp\u00e9rience gustative : Fruit Tropical<\/h4>\n<p class=\"\" data-start=\"1680\" data-end=\"2043\" data-immersive-translate-walked=\"0f364fe4-533d-4f50-ac6d-672a6b72990c\" data-immersive-translate-paragraph=\"1\">Le go\u00fbt Fruit Tropical de cette cigarette \u00e9lectronique jetable vous emm\u00e8ne dans un voyage exotique. Des ar\u00f4mes frais et sucr\u00e9s de fruits tropicaux tels que la mangue, l'ananas et la papaye offrent un m\u00e9lange harmonieux, garantissant une exp\u00e9rience de vapotage fra\u00eeche et fruit\u00e9e inoubliable. Si vous pr\u00e9f\u00e9rez les saveurs fruit\u00e9es et sucr\u00e9es, vous allez adorer ce go\u00fbt.<\/p>\n<h3>Avantages de la Bang King Smart Screen 15000 Puff<\/h3>\n<p class=\"\" data-start=\"2101\" data-end=\"2264\" data-immersive-translate-walked=\"0f364fe4-533d-4f50-ac6d-672a6b72990c\" data-immersive-translate-paragraph=\"1\">Pourquoi choisir la Bang King Smart Screen 15000 Puff ? Il y a de nombreuses raisons convaincantes qui font de cette cigarette \u00e9lectronique le choix id\u00e9al :<\/p>\n<ul data-start=\"2266\" data-end=\"2653\" data-immersive-translate-walked=\"0f364fe4-533d-4f50-ac6d-672a6b72990c\">\n<li class=\"\" data-start=\"2266\" data-end=\"2387\" data-immersive-translate-walked=\"0f364fe4-533d-4f50-ac6d-672a6b72990c\">\n<p class=\"\" data-start=\"2268\" data-end=\"2387\" data-immersive-translate-walked=\"0f364fe4-533d-4f50-ac6d-672a6b72990c\" data-immersive-translate-paragraph=\"1\">Sans douane : Commandez sans souci de frais de douane suppl\u00e9mentaires. Votre commande arrive rapidement et confortablement directement chez vous.<\/p>\n<\/li>\n<li class=\"\" data-start=\"2388\" data-end=\"2517\" data-immersive-translate-walked=\"0f364fe4-533d-4f50-ac6d-672a6b72990c\">\n<p class=\"\" data-start=\"2390\" data-end=\"2517\" data-immersive-translate-walked=\"0f364fe4-533d-4f50-ac6d-672a6b72990c\" data-immersive-translate-paragraph=\"1\">Livraison rapide (7-15 jours ouvrables) : Vous n'avez pas \u00e0 attendre longtemps. Votre commande vous parviendra en 7 \u00e0 15 jours ouvrables.<\/p>\n<\/li>\n<li class=\"\" data-start=\"2518\" data-end=\"2653\" data-immersive-translate-walked=\"0f364fe4-533d-4f50-ac6d-672a6b72990c\">\n<p class=\"\" data-start=\"2520\" data-end=\"2653\" data-immersive-translate-walked=\"0f364fe4-533d-4f50-ac6d-672a6b72990c\" data-immersive-translate-paragraph=\"1\">Cigarette \u00e9lectronique jetable : Pas d'entretien compliqu\u00e9 \u2013 profitez simplement et confortablement jusqu'\u00e0 ce que votre cigarette \u00e9lectronique atteigne sa dur\u00e9e de vie.<\/p>\n<\/li>\n<\/ul>\n<h4 data-start=\"2655\" data-end=\"2725\" data-immersive-translate-walked=\"0f364fe4-533d-4f50-ac6d-672a6b72990c\">Pourquoi acheter la Bang King Smart Screen 15000 Puff<\/h4>\n<p class=\"\" data-start=\"2727\" data-end=\"3177\" data-immersive-translate-walked=\"0f364fe4-533d-4f50-ac6d-672a6b72990c\" data-immersive-translate-paragraph=\"1\">La Bang King Smart Screen 15000 Puff est le choix parfait pour les vapoteurs qui recherchent une cigarette \u00e9lectronique jetable performante, facile \u00e0 utiliser et au go\u00fbt exceptionnel. Que vous soyez un vapoteur exp\u00e9riment\u00e9 ou d\u00e9butant, cette cigarette \u00e9lectronique vous offre la meilleure performance possible. Procurez-vous d\u00e8s maintenant votre Bang King Smart Screen 15000 Puff sur vapingnet.fr et d\u00e9couvrez l'ar\u00f4me unique de fruit tropical !<\/p>","protected":false},"excerpt":{"rendered":"<p>Bang King Smart Screen 15000 Puff \u2013 Deine ultimative Einweg-E-Zigarette Wenn du auf der Suche nach einer leistungsstarken, benutzerfreundlichen und geschmacklich herausragenden Einweg-E-Zigarette bist, dann&#8230;<\/p>","protected":false},"featured_media":6858,"template":"","meta":[],"etheme_brands":[],"product_brand":[101],"product_cat":[53,49,61],"product_tag":[],"class_list":{"0":"post-6281","1":"product","2":"type-product","3":"status-publish","4":"has-post-thumbnail","6":"product_brand-bang-king-vape","7":"product_cat-vape-15000-zuege","8":"product_cat-einweg-e-zigarette","9":"product_cat-f","11":"first","12":"instock","13":"shipping-taxable","14":"purchasable","15":"product-type-simple"},"yoast_head":"<!-- This site is optimized with the Yoast SEO plugin v26.5 - https:\/\/yoast.com\/wordpress\/plugins\/seo\/ -->\n<title>Tropical Fruit Bang King Smart Screen 15000 Puff Direkt Vom Hersteller G\u00fcnstig | Vapingnet.de<\/title>\n<meta name=\"description\" content=\"Entdecke Tropical Fruit Bang King Smart Screen 15000 Puff Direkt Vom Hersteller G\u00fcnstig bei vapingnet.de, \u25ba Gro\u00dfe Auswahl an Geschmacksrichtungen &amp; super g\u00fcnstig!\" \/>\n<meta name=\"robots\" content=\"index, follow, max-snippet:-1, max-image-preview:large, max-video-preview:-1\" \/>\n<link rel=\"canonical\" href=\"https:\/\/vapingnet.de\/fr\/vape\/tropical-fruit-bang-king-smart-screen-15000-puff-direkt-vom-hersteller-guenstig\/\" \/>\n<meta property=\"og:locale\" content=\"fr_FR\" \/>\n<meta property=\"og:type\" content=\"article\" \/>\n<meta property=\"og:title\" content=\"Tropical Fruit Bang King Smart Screen 15000 Puff Direkt Vom Hersteller G\u00fcnstig | Vapingnet.de\" \/>\n<meta property=\"og:description\" content=\"Entdecke Tropical Fruit Bang King Smart Screen 15000 Puff Direkt Vom Hersteller G\u00fcnstig bei vapingnet.de, \u25ba Gro\u00dfe Auswahl an Geschmacksrichtungen &amp; super g\u00fcnstig!\" \/>\n<meta property=\"og:url\" content=\"https:\/\/vapingnet.de\/fr\/vape\/tropical-fruit-bang-king-smart-screen-15000-puff-direkt-vom-hersteller-guenstig\/\" \/>\n<meta property=\"og:site_name\" content=\"Vapingnet.de\" \/>\n<meta property=\"article:publisher\" content=\"https:\/\/www.facebook.com\/vapingnetde\/\" \/>\n<meta property=\"article:modified_time\" content=\"2025-06-19T03:39:53+00:00\" \/>\n<meta property=\"og:image\" content=\"https:\/\/vapingnet.de\/wp-content\/uploads\/2025\/04\/Bang-King-Smart-Screen.webp\" \/>\n\t<meta property=\"og:image:width\" content=\"1000\" \/>\n\t<meta property=\"og:image:height\" content=\"1000\" \/>\n\t<meta property=\"og:image:type\" content=\"image\/webp\" \/>\n<meta name=\"twitter:card\" content=\"summary_large_image\" \/>\n<meta name=\"twitter:label1\" content=\"Dur\u00e9e de lecture estim\u00e9e\" \/>\n\t<meta name=\"twitter:data1\" content=\"3 minutes\" \/>\n<script type=\"application\/ld+json\" class=\"yoast-schema-graph\">{\"@context\":\"https:\/\/schema.org\",\"@graph\":[{\"@type\":\"WebPage\",\"@id\":\"https:\/\/vapingnet.de\/vape\/tropical-fruit-bang-king-smart-screen-15000-puff-direkt-vom-hersteller-guenstig\/\",\"url\":\"https:\/\/vapingnet.de\/vape\/tropical-fruit-bang-king-smart-screen-15000-puff-direkt-vom-hersteller-guenstig\/\",\"name\":\"Tropical Fruit Bang King Smart Screen 15000 Puff Direkt Vom Hersteller G\u00fcnstig | Vapingnet.de\",\"isPartOf\":{\"@id\":\"https:\/\/vapingnet.de\/#website\"},\"primaryImageOfPage\":{\"@id\":\"https:\/\/vapingnet.de\/vape\/tropical-fruit-bang-king-smart-screen-15000-puff-direkt-vom-hersteller-guenstig\/#primaryimage\"},\"image\":{\"@id\":\"https:\/\/vapingnet.de\/vape\/tropical-fruit-bang-king-smart-screen-15000-puff-direkt-vom-hersteller-guenstig\/#primaryimage\"},\"thumbnailUrl\":\"https:\/\/vapingnet.de\/wp-content\/uploads\/2025\/04\/Bang-King-Smart-Screen.webp\",\"datePublished\":\"2025-04-11T08:03:06+00:00\",\"dateModified\":\"2025-06-19T03:39:53+00:00\",\"description\":\"Entdecke Tropical Fruit Bang King Smart Screen 15000 Puff Direkt Vom Hersteller G\u00fcnstig bei vapingnet.de, \u25ba Gro\u00dfe Auswahl an Geschmacksrichtungen & super g\u00fcnstig!\",\"breadcrumb\":{\"@id\":\"https:\/\/vapingnet.de\/vape\/tropical-fruit-bang-king-smart-screen-15000-puff-direkt-vom-hersteller-guenstig\/#breadcrumb\"},\"inLanguage\":\"fr-FR\",\"potentialAction\":[{\"@type\":\"ReadAction\",\"target\":[\"https:\/\/vapingnet.de\/vape\/tropical-fruit-bang-king-smart-screen-15000-puff-direkt-vom-hersteller-guenstig\/\"]}]},{\"@type\":\"ImageObject\",\"inLanguage\":\"fr-FR\",\"@id\":\"https:\/\/vapingnet.de\/vape\/tropical-fruit-bang-king-smart-screen-15000-puff-direkt-vom-hersteller-guenstig\/#primaryimage\",\"url\":\"https:\/\/vapingnet.de\/wp-content\/uploads\/2025\/04\/Bang-King-Smart-Screen.webp\",\"contentUrl\":\"https:\/\/vapingnet.de\/wp-content\/uploads\/2025\/04\/Bang-King-Smart-Screen.webp\",\"width\":1000,\"height\":1000},{\"@type\":\"BreadcrumbList\",\"@id\":\"https:\/\/vapingnet.de\/vape\/tropical-fruit-bang-king-smart-screen-15000-puff-direkt-vom-hersteller-guenstig\/#breadcrumb\",\"itemListElement\":[{\"@type\":\"ListItem\",\"position\":1,\"name\":\"Home\",\"item\":\"https:\/\/vapingnet.de\/\"},{\"@type\":\"ListItem\",\"position\":2,\"name\":\"Shop\",\"item\":\"https:\/\/vapingnet.de\/vape\/\"},{\"@type\":\"ListItem\",\"position\":3,\"name\":\"Tropical Fruit Bang King Smart Screen 15000 Puff Direkt Vom Hersteller G\u00fcnstig\"}]},{\"@type\":\"WebSite\",\"@id\":\"https:\/\/vapingnet.de\/#website\",\"url\":\"https:\/\/vapingnet.de\/\",\"name\":\"Vapingnet.de\",\"description\":\"\",\"publisher\":{\"@id\":\"https:\/\/vapingnet.de\/#organization\"},\"potentialAction\":[{\"@type\":\"SearchAction\",\"target\":{\"@type\":\"EntryPoint\",\"urlTemplate\":\"https:\/\/vapingnet.de\/?s={search_term_string}\"},\"query-input\":{\"@type\":\"PropertyValueSpecification\",\"valueRequired\":true,\"valueName\":\"search_term_string\"}}],\"inLanguage\":\"fr-FR\"},{\"@type\":\"Organization\",\"@id\":\"https:\/\/vapingnet.de\/#organization\",\"name\":\"Vapingnet.de\",\"url\":\"https:\/\/vapingnet.de\/\",\"logo\":{\"@type\":\"ImageObject\",\"inLanguage\":\"fr-FR\",\"@id\":\"https:\/\/vapingnet.de\/#\/schema\/logo\/image\/\",\"url\":\"https:\/\/vapingnet.de\/wp-content\/uploads\/2025\/03\/cropped-vapingnet.de_.jpg\",\"contentUrl\":\"https:\/\/vapingnet.de\/wp-content\/uploads\/2025\/03\/cropped-vapingnet.de_.jpg\",\"width\":512,\"height\":512,\"caption\":\"Vapingnet.de\"},\"image\":{\"@id\":\"https:\/\/vapingnet.de\/#\/schema\/logo\/image\/\"},\"sameAs\":[\"https:\/\/www.facebook.com\/vapingnetde\/\"]}]}<\/script>\n<!-- \/ Yoast SEO plugin. -->","yoast_head_json":{"title":"Tropical Fruit Bang King Smart Screen 15000 Puff Direkt Vom Hersteller G\u00fcnstig | Vapingnet.de","description":"Entdecke Tropical Fruit Bang King Smart Screen 15000 Puff Direkt Vom Hersteller G\u00fcnstig bei vapingnet.de, \u25ba Gro\u00dfe Auswahl an Geschmacksrichtungen & super g\u00fcnstig!","robots":{"index":"index","follow":"follow","max-snippet":"max-snippet:-1","max-image-preview":"max-image-preview:large","max-video-preview":"max-video-preview:-1"},"canonical":"https:\/\/vapingnet.de\/fr\/vape\/tropical-fruit-bang-king-smart-screen-15000-puff-direkt-vom-hersteller-guenstig\/","og_locale":"fr_FR","og_type":"article","og_title":"Tropical Fruit Bang King Smart Screen 15000 Puff Direkt Vom Hersteller G\u00fcnstig | Vapingnet.de","og_description":"Entdecke Tropical Fruit Bang King Smart Screen 15000 Puff Direkt Vom Hersteller G\u00fcnstig bei vapingnet.de, \u25ba Gro\u00dfe Auswahl an Geschmacksrichtungen & super g\u00fcnstig!","og_url":"https:\/\/vapingnet.de\/fr\/vape\/tropical-fruit-bang-king-smart-screen-15000-puff-direkt-vom-hersteller-guenstig\/","og_site_name":"Vapingnet.de","article_publisher":"https:\/\/www.facebook.com\/vapingnetde\/","article_modified_time":"2025-06-19T03:39:53+00:00","og_image":[{"width":1000,"height":1000,"url":"https:\/\/vapingnet.de\/wp-content\/uploads\/2025\/04\/Bang-King-Smart-Screen.webp","type":"image\/webp"}],"twitter_card":"summary_large_image","twitter_misc":{"Dur\u00e9e de lecture estim\u00e9e":"3 minutes"},"schema":{"@context":"https:\/\/schema.org","@graph":[{"@type":"WebPage","@id":"https:\/\/vapingnet.de\/vape\/tropical-fruit-bang-king-smart-screen-15000-puff-direkt-vom-hersteller-guenstig\/","url":"https:\/\/vapingnet.de\/vape\/tropical-fruit-bang-king-smart-screen-15000-puff-direkt-vom-hersteller-guenstig\/","name":"Tropical Fruit Bang King Smart Screen 15000 Puff Direkt Vom Hersteller G\u00fcnstig | Vapingnet.de","isPartOf":{"@id":"https:\/\/vapingnet.de\/#website"},"primaryImageOfPage":{"@id":"https:\/\/vapingnet.de\/vape\/tropical-fruit-bang-king-smart-screen-15000-puff-direkt-vom-hersteller-guenstig\/#primaryimage"},"image":{"@id":"https:\/\/vapingnet.de\/vape\/tropical-fruit-bang-king-smart-screen-15000-puff-direkt-vom-hersteller-guenstig\/#primaryimage"},"thumbnailUrl":"https:\/\/vapingnet.de\/wp-content\/uploads\/2025\/04\/Bang-King-Smart-Screen.webp","datePublished":"2025-04-11T08:03:06+00:00","dateModified":"2025-06-19T03:39:53+00:00","description":"Entdecke Tropical Fruit Bang King Smart Screen 15000 Puff Direkt Vom Hersteller G\u00fcnstig bei vapingnet.de, \u25ba Gro\u00dfe Auswahl an Geschmacksrichtungen & super g\u00fcnstig!","breadcrumb":{"@id":"https:\/\/vapingnet.de\/vape\/tropical-fruit-bang-king-smart-screen-15000-puff-direkt-vom-hersteller-guenstig\/#breadcrumb"},"inLanguage":"fr-FR","potentialAction":[{"@type":"ReadAction","target":["https:\/\/vapingnet.de\/vape\/tropical-fruit-bang-king-smart-screen-15000-puff-direkt-vom-hersteller-guenstig\/"]}]},{"@type":"ImageObject","inLanguage":"fr-FR","@id":"https:\/\/vapingnet.de\/vape\/tropical-fruit-bang-king-smart-screen-15000-puff-direkt-vom-hersteller-guenstig\/#primaryimage","url":"https:\/\/vapingnet.de\/wp-content\/uploads\/2025\/04\/Bang-King-Smart-Screen.webp","contentUrl":"https:\/\/vapingnet.de\/wp-content\/uploads\/2025\/04\/Bang-King-Smart-Screen.webp","width":1000,"height":1000},{"@type":"BreadcrumbList","@id":"https:\/\/vapingnet.de\/vape\/tropical-fruit-bang-king-smart-screen-15000-puff-direkt-vom-hersteller-guenstig\/#breadcrumb","itemListElement":[{"@type":"ListItem","position":1,"name":"Home","item":"https:\/\/vapingnet.de\/"},{"@type":"ListItem","position":2,"name":"Shop","item":"https:\/\/vapingnet.de\/vape\/"},{"@type":"ListItem","position":3,"name":"Tropical Fruit Bang King Smart Screen 15000 Puff Direkt Vom Hersteller G\u00fcnstig"}]},{"@type":"WebSite","@id":"https:\/\/vapingnet.de\/#website","url":"https:\/\/vapingnet.de\/","name":"Vapingnet.de","description":"","publisher":{"@id":"https:\/\/vapingnet.de\/#organization"},"potentialAction":[{"@type":"SearchAction","target":{"@type":"EntryPoint","urlTemplate":"https:\/\/vapingnet.de\/?s={search_term_string}"},"query-input":{"@type":"PropertyValueSpecification","valueRequired":true,"valueName":"search_term_string"}}],"inLanguage":"fr-FR"},{"@type":"Organization","@id":"https:\/\/vapingnet.de\/#organization","name":"Vapingnet.de","url":"https:\/\/vapingnet.de\/","logo":{"@type":"ImageObject","inLanguage":"fr-FR","@id":"https:\/\/vapingnet.de\/#\/schema\/logo\/image\/","url":"https:\/\/vapingnet.de\/wp-content\/uploads\/2025\/03\/cropped-vapingnet.de_.jpg","contentUrl":"https:\/\/vapingnet.de\/wp-content\/uploads\/2025\/03\/cropped-vapingnet.de_.jpg","width":512,"height":512,"caption":"Vapingnet.de"},"image":{"@id":"https:\/\/vapingnet.de\/#\/schema\/logo\/image\/"},"sameAs":["https:\/\/www.facebook.com\/vapingnetde\/"]}]}},"tiered_pricing_type":"fixed","tiered_pricing_fixed_rules":{"10":"8.35","60":"7.52","110":"6.68","200":"5.85"},"tiered_pricing_product_settings":{"layout":"default","base_unit_name":{"singular":null,"plural":null},"default_variation":null},"tiered_pricing_minimum_quantity":null,"tiered_pricing_roles_data":[],"tiered_pricing_percentage_rules":[],"_links":{"self":[{"href":"https:\/\/vapingnet.de\/fr\/wp-json\/wp\/v2\/product\/6281","targetHints":{"allow":["GET"]}}],"collection":[{"href":"https:\/\/vapingnet.de\/fr\/wp-json\/wp\/v2\/product"}],"about":[{"href":"https:\/\/vapingnet.de\/fr\/wp-json\/wp\/v2\/types\/product"}],"version-history":[{"count":1,"href":"https:\/\/vapingnet.de\/fr\/wp-json\/wp\/v2\/product\/6281\/revisions"}],"predecessor-version":[{"id":6291,"href":"https:\/\/vapingnet.de\/fr\/wp-json\/wp\/v2\/product\/6281\/revisions\/6291"}],"wp:featuredmedia":[{"embeddable":true,"href":"https:\/\/vapingnet.de\/fr\/wp-json\/wp\/v2\/media\/6858"}],"wp:attachment":[{"href":"https:\/\/vapingnet.de\/fr\/wp-json\/wp\/v2\/media?parent=6281"}],"wp:term":[{"taxonomy":"brand","embeddable":true,"href":"https:\/\/vapingnet.de\/fr\/wp-json\/wp\/v2\/etheme_brands?post=6281"},{"taxonomy":"product_brand","embeddable":true,"href":"https:\/\/vapingnet.de\/fr\/wp-json\/wp\/v2\/product_brand?post=6281"},{"taxonomy":"product_cat","embeddable":true,"href":"https:\/\/vapingnet.de\/fr\/wp-json\/wp\/v2\/product_cat?post=6281"},{"taxonomy":"product_tag","embeddable":true,"href":"https:\/\/vapingnet.de\/fr\/wp-json\/wp\/v2\/product_tag?post=6281"}],"curies":[{"name":"wp","href":"https:\/\/api.w.org\/{rel}","templated":true}]}}