{"id":6283,"date":"2025-04-11T08:03:11","date_gmt":"2025-04-11T08:03:11","guid":{"rendered":"https:\/\/vapingnet.de\/?post_type=product&#038;p=6283"},"modified":"2025-06-19T03:39:27","modified_gmt":"2025-06-19T03:39:27","slug":"exklusiv-bang-king-smart-screen-15000-puff-mit-lush-ice-weltweit-beliebt","status":"publish","type":"product","link":"https:\/\/vapingnet.de\/fr\/vape\/exklusiv-bang-king-smart-screen-15000-puff-mit-lush-ice-weltweit-beliebt\/","title":{"rendered":"Exclusif Bang King Smart Screen 15000 Puff Avec Lush Ice, Populaire dans le Monde Entier"},"content":{"rendered":"<h2 data-start=\"47\" data-end=\"137\">Bang King Smart Screen 15000 Puff \u2013 Cigarette \u00e9lectronique jetable pour le vapoteur exigeant<\/h2>\n<p class=\"\" data-start=\"139\" data-end=\"476\">Pour tous ceux qui recherchent une cigarette \u00e9lectronique jetable durable et puissante, la Bang King Smart Screen 15000 Puff constitue un excellent choix. Avec une combinaison de technologie avanc\u00e9e et une grande capacit\u00e9 de liquide, ce mod\u00e8le \u00e9tablit de nouvelles normes sur le march\u00e9 des cigarettes \u00e9lectroniques jetables.<\/p>\n<h3>Caract\u00e9ristiques du produit de la Bang King Smart Screen 15000 Puff<\/h3>\n<p class=\"\" data-start=\"541\" data-end=\"739\">La Bang King Smart Screen 15000 Puff est con\u00e7ue pour offrir une exp\u00e9rience de vapotage exceptionnelle. Examinons en d\u00e9tail les principales caract\u00e9ristiques et avantages de cette cigarette \u00e9lectronique :<\/p>\n<ul data-start=\"741\" data-end=\"1175\">\n<li class=\"\" data-start=\"741\" data-end=\"788\">\n<p class=\"\" data-start=\"743\" data-end=\"788\">Mod\u00e8le : Bang King Smart Screen 15000 Puff<\/p>\n<\/li>\n<li class=\"\" data-start=\"789\" data-end=\"813\">\n<p class=\"\" data-start=\"791\" data-end=\"813\">M\u00e8che en mesh : 1,0 Ohm<\/p>\n<\/li>\n<li class=\"\" data-start=\"814\" data-end=\"846\">\n<p class=\"\" data-start=\"816\" data-end=\"846\">Capacit\u00e9 de la batterie : 650 mAh<\/p>\n<\/li>\n<li class=\"\" data-start=\"847\" data-end=\"878\">\n<p class=\"\" data-start=\"849\" data-end=\"878\">Capacit\u00e9 de e-liquide : 25 ml<\/p>\n<\/li>\n<li class=\"\" data-start=\"879\" data-end=\"916\">\n<p class=\"\" data-start=\"881\" data-end=\"916\">Options de nicotine : 0%, 2%, 3%, 5%<\/p>\n<\/li>\n<li class=\"\" data-start=\"917\" data-end=\"943\">\n<p class=\"\" data-start=\"919\" data-end=\"943\">Port de charge : Type-C<\/p>\n<\/li>\n<li class=\"\" data-start=\"944\" data-end=\"970\">\n<p class=\"\" data-start=\"946\" data-end=\"970\">\u00c9cran : \u00c9cran LED<\/p>\n<\/li>\n<li class=\"\" data-start=\"971\" data-end=\"1053\">\n<p class=\"\" data-start=\"973\" data-end=\"1053\">Saveur : Lush Ice<\/p>\n<\/li>\n<li class=\"\" data-start=\"1054\" data-end=\"1088\">\n<p class=\"\" data-start=\"1056\" data-end=\"1088\">D\u00e9lai de livraison : 7-15 jours ouvrables<\/p>\n<\/li>\n<li class=\"\" data-start=\"1089\" data-end=\"1123\">\n<p class=\"\" data-start=\"1091\" data-end=\"1123\">Avantage : Livraison sans taxes<\/p>\n<\/li>\n<\/ul>\n<h5 data-start=\"1177\" data-end=\"1232\">Performance de haute qualit\u00e9 pour une utilisation quotidienne<\/h5>\n<p class=\"\" data-start=\"1234\" data-end=\"1532\">La Bang King Smart Screen 15000 Puff offre jusqu'\u00e0 15 000 bouff\u00e9es, ce qui en fait un compagnon durable pour les vapoteurs qui sont souvent en d\u00e9placement ou recherchent une solution \u00e0 long terme. La mesh coil garantit une exp\u00e9rience de vapotage uniforme avec un go\u00fbt constant et une vapeur douce.<\/p>\n<h5 data-start=\"1534\" data-end=\"1576\">Flexibilit\u00e9 dans la force de nicotine<\/h5>\n<p class=\"\" data-start=\"1578\" data-end=\"1896\">Un autre point fort de la Bang King Smart Screen est le choix du niveau de nicotine. Que vous pr\u00e9f\u00e9riez une exp\u00e9rience plus l\u00e9g\u00e8re avec 0% de nicotine ou une dose plus forte avec 5%, vous trouverez l'option adapt\u00e9e. Cette flexibilit\u00e9 rend cette cigarette \u00e9lectronique attrayante aussi bien pour les d\u00e9butants que pour les vapoteurs exp\u00e9riment\u00e9s.<\/p>\n<h5 data-start=\"1898\" data-end=\"1945\">Option de recharge pratique et utilisation prolong\u00e9e<\/h5>\n<p class=\"\" data-start=\"1947\" data-end=\"2320\">La batterie de 650 mAh offre suffisamment d'\u00e9nergie pour consommer le e-liquide de 25 ml sur une longue p\u00e9riode. La connexion de charge Type-C permet une recharge rapide et efficace \u2013 vous pouvez ainsi remettre la cigarette \u00e9lectronique en service \u00e0 tout moment. L'\u00e9cran LED vous informe \u00e9galement en permanence de l'\u00e9tat de charge actuel.<\/p>\n<h5 data-start=\"2322\" data-end=\"2364\">Saveur rafra\u00eechissante \u2013 Lush Ice<\/h5>\n<p class=\"\" data-start=\"2366\" data-end=\"2644\">Le go\u00fbt de Lush Ice combine past\u00e8que et une note de menthol rafra\u00eechissante, rendant l'exp\u00e9rience de vapotage particuli\u00e8rement rafra\u00eechissante. Cette saveur est id\u00e9ale pour les vapoteurs qui appr\u00e9cient \u00e0 la fois la fruit\u00e9 et la fra\u00eecheur menthol\u00e9e.<\/p>\n<h3>Avantages de la Bang King Smart Screen<\/h3>\n<ul data-start=\"2691\" data-end=\"3077\">\n<li class=\"\" data-start=\"2691\" data-end=\"2834\">\n<p class=\"\" data-start=\"2693\" data-end=\"2834\">Facilit\u00e9 d'utilisation : \u00e9tant une cigarette \u00e9lectronique jetable, vous n'avez pas \u00e0 vous soucier de remplir ou de nettoyer.<\/p>\n<\/li>\n<li class=\"\" data-start=\"2835\" data-end=\"2962\">\n<p class=\"\" data-start=\"2837\" data-end=\"2962\">Livraison sans droits de douane : commandez sans frais d'importation suppl\u00e9mentaires \u2013 votre commande est exp\u00e9di\u00e9e directement depuis l'entrep\u00f4t.<\/p>\n<\/li>\n<li class=\"\" data-start=\"2963\" data-end=\"3077\">\n<p class=\"\" data-start=\"2965\" data-end=\"3077\">Livraison rapide : avec un d\u00e9lai de seulement 7-15 jours ouvrables, votre nouvelle cigarette \u00e9lectronique vous parviendra rapidement.<\/p>\n<\/li>\n<\/ul>\n<h4 data-start=\"3079\" data-end=\"3138\">Pourquoi choisir la Bang King Smart Screen 15000 Puff ?<\/h4>\n<p class=\"\" data-start=\"3140\" data-end=\"3456\">Pour tous ceux qui recherchent une cigarette \u00e9lectronique puissante, durable et facile \u00e0 utiliser, la Bang King Smart Screen 15000 Puff est un choix parfait. Gr\u00e2ce \u00e0 sa grande capacit\u00e9 de liquide, ses options de nicotine flexibles et son go\u00fbt exceptionnel, ce mod\u00e8le s\u00e9duira s\u00fbrement de nombreux vapoteurs.<\/p>\n<p class=\"\" data-start=\"3458\" data-end=\"3680\">Si vous recherchez une exp\u00e9rience de vapotage simple et intense, vous devriez absolument essayer le Bang King Smart Screen 15000 Puff. Visitez vapingnet.fr et commandez d\u00e8s aujourd'hui votre nouvelle cigarette \u00e9lectronique.<\/p>","protected":false},"excerpt":{"rendered":"<p>Bang King Smart Screen 15000 Puff \u2013 Einweg-E-Zigarette f\u00fcr den anspruchsvollen Dampfer F\u00fcr alle, die auf der Suche nach einem langlebigen und leistungsstarken Einweg-Vape sind,&#8230;<\/p>","protected":false},"featured_media":6858,"template":"","meta":[],"etheme_brands":[],"product_brand":[101],"product_cat":[53,49,61],"product_tag":[],"class_list":{"0":"post-6283","1":"product","2":"type-product","3":"status-publish","4":"has-post-thumbnail","6":"product_brand-bang-king-vape","7":"product_cat-vape-15000-zuege","8":"product_cat-einweg-e-zigarette","9":"product_cat-f","11":"first","12":"instock","13":"shipping-taxable","14":"purchasable","15":"product-type-simple"},"yoast_head":"<!-- This site is optimized with the Yoast SEO plugin v26.5 - https:\/\/yoast.com\/wordpress\/plugins\/seo\/ -->\n<title>Exklusiv Bang King Smart Screen 15000 Puff Mit Lush Ice Weltweit Beliebt | Vapingnet.de<\/title>\n<meta name=\"description\" content=\"Entdecke Exklusiv Bang King Smart Screen 15000 Puff Mit Lush Ice Weltweit Beliebt bei vapingnet.de, \u25ba Gro\u00dfe Auswahl an Geschmacksrichtungen &amp; super g\u00fcnstig!\" \/>\n<meta name=\"robots\" content=\"index, follow, max-snippet:-1, max-image-preview:large, max-video-preview:-1\" \/>\n<link rel=\"canonical\" href=\"https:\/\/vapingnet.de\/fr\/vape\/exklusiv-bang-king-smart-screen-15000-puff-mit-lush-ice-weltweit-beliebt\/\" \/>\n<meta property=\"og:locale\" content=\"fr_FR\" \/>\n<meta property=\"og:type\" content=\"article\" \/>\n<meta property=\"og:title\" content=\"Exklusiv Bang King Smart Screen 15000 Puff Mit Lush Ice Weltweit Beliebt | Vapingnet.de\" \/>\n<meta property=\"og:description\" content=\"Entdecke Exklusiv Bang King Smart Screen 15000 Puff Mit Lush Ice Weltweit Beliebt bei vapingnet.de, \u25ba Gro\u00dfe Auswahl an Geschmacksrichtungen &amp; super g\u00fcnstig!\" \/>\n<meta property=\"og:url\" content=\"https:\/\/vapingnet.de\/fr\/vape\/exklusiv-bang-king-smart-screen-15000-puff-mit-lush-ice-weltweit-beliebt\/\" \/>\n<meta property=\"og:site_name\" content=\"Vapingnet.de\" \/>\n<meta property=\"article:publisher\" content=\"https:\/\/www.facebook.com\/vapingnetde\/\" \/>\n<meta property=\"article:modified_time\" content=\"2025-06-19T03:39:27+00:00\" \/>\n<meta property=\"og:image\" content=\"https:\/\/vapingnet.de\/wp-content\/uploads\/2025\/04\/Bang-King-Smart-Screen.webp\" \/>\n\t<meta property=\"og:image:width\" content=\"1000\" \/>\n\t<meta property=\"og:image:height\" content=\"1000\" \/>\n\t<meta property=\"og:image:type\" content=\"image\/webp\" \/>\n<meta name=\"twitter:card\" content=\"summary_large_image\" \/>\n<meta name=\"twitter:label1\" content=\"Dur\u00e9e de lecture estim\u00e9e\" \/>\n\t<meta name=\"twitter:data1\" content=\"3 minutes\" \/>\n<script type=\"application\/ld+json\" class=\"yoast-schema-graph\">{\"@context\":\"https:\/\/schema.org\",\"@graph\":[{\"@type\":\"WebPage\",\"@id\":\"https:\/\/vapingnet.de\/vape\/exklusiv-bang-king-smart-screen-15000-puff-mit-lush-ice-weltweit-beliebt\/\",\"url\":\"https:\/\/vapingnet.de\/vape\/exklusiv-bang-king-smart-screen-15000-puff-mit-lush-ice-weltweit-beliebt\/\",\"name\":\"Exklusiv Bang King Smart Screen 15000 Puff Mit Lush Ice Weltweit Beliebt | Vapingnet.de\",\"isPartOf\":{\"@id\":\"https:\/\/vapingnet.de\/#website\"},\"primaryImageOfPage\":{\"@id\":\"https:\/\/vapingnet.de\/vape\/exklusiv-bang-king-smart-screen-15000-puff-mit-lush-ice-weltweit-beliebt\/#primaryimage\"},\"image\":{\"@id\":\"https:\/\/vapingnet.de\/vape\/exklusiv-bang-king-smart-screen-15000-puff-mit-lush-ice-weltweit-beliebt\/#primaryimage\"},\"thumbnailUrl\":\"https:\/\/vapingnet.de\/wp-content\/uploads\/2025\/04\/Bang-King-Smart-Screen.webp\",\"datePublished\":\"2025-04-11T08:03:11+00:00\",\"dateModified\":\"2025-06-19T03:39:27+00:00\",\"description\":\"Entdecke Exklusiv Bang King Smart Screen 15000 Puff Mit Lush Ice Weltweit Beliebt bei vapingnet.de, \u25ba Gro\u00dfe Auswahl an Geschmacksrichtungen & super g\u00fcnstig!\",\"breadcrumb\":{\"@id\":\"https:\/\/vapingnet.de\/vape\/exklusiv-bang-king-smart-screen-15000-puff-mit-lush-ice-weltweit-beliebt\/#breadcrumb\"},\"inLanguage\":\"fr-FR\",\"potentialAction\":[{\"@type\":\"ReadAction\",\"target\":[\"https:\/\/vapingnet.de\/vape\/exklusiv-bang-king-smart-screen-15000-puff-mit-lush-ice-weltweit-beliebt\/\"]}]},{\"@type\":\"ImageObject\",\"inLanguage\":\"fr-FR\",\"@id\":\"https:\/\/vapingnet.de\/vape\/exklusiv-bang-king-smart-screen-15000-puff-mit-lush-ice-weltweit-beliebt\/#primaryimage\",\"url\":\"https:\/\/vapingnet.de\/wp-content\/uploads\/2025\/04\/Bang-King-Smart-Screen.webp\",\"contentUrl\":\"https:\/\/vapingnet.de\/wp-content\/uploads\/2025\/04\/Bang-King-Smart-Screen.webp\",\"width\":1000,\"height\":1000},{\"@type\":\"BreadcrumbList\",\"@id\":\"https:\/\/vapingnet.de\/vape\/exklusiv-bang-king-smart-screen-15000-puff-mit-lush-ice-weltweit-beliebt\/#breadcrumb\",\"itemListElement\":[{\"@type\":\"ListItem\",\"position\":1,\"name\":\"Home\",\"item\":\"https:\/\/vapingnet.de\/\"},{\"@type\":\"ListItem\",\"position\":2,\"name\":\"Shop\",\"item\":\"https:\/\/vapingnet.de\/vape\/\"},{\"@type\":\"ListItem\",\"position\":3,\"name\":\"Exklusiv Bang King Smart Screen 15000 Puff Mit Lush Ice Weltweit Beliebt\"}]},{\"@type\":\"WebSite\",\"@id\":\"https:\/\/vapingnet.de\/#website\",\"url\":\"https:\/\/vapingnet.de\/\",\"name\":\"Vapingnet.de\",\"description\":\"\",\"publisher\":{\"@id\":\"https:\/\/vapingnet.de\/#organization\"},\"potentialAction\":[{\"@type\":\"SearchAction\",\"target\":{\"@type\":\"EntryPoint\",\"urlTemplate\":\"https:\/\/vapingnet.de\/?s={search_term_string}\"},\"query-input\":{\"@type\":\"PropertyValueSpecification\",\"valueRequired\":true,\"valueName\":\"search_term_string\"}}],\"inLanguage\":\"fr-FR\"},{\"@type\":\"Organization\",\"@id\":\"https:\/\/vapingnet.de\/#organization\",\"name\":\"Vapingnet.de\",\"url\":\"https:\/\/vapingnet.de\/\",\"logo\":{\"@type\":\"ImageObject\",\"inLanguage\":\"fr-FR\",\"@id\":\"https:\/\/vapingnet.de\/#\/schema\/logo\/image\/\",\"url\":\"https:\/\/vapingnet.de\/wp-content\/uploads\/2025\/03\/cropped-vapingnet.de_.jpg\",\"contentUrl\":\"https:\/\/vapingnet.de\/wp-content\/uploads\/2025\/03\/cropped-vapingnet.de_.jpg\",\"width\":512,\"height\":512,\"caption\":\"Vapingnet.de\"},\"image\":{\"@id\":\"https:\/\/vapingnet.de\/#\/schema\/logo\/image\/\"},\"sameAs\":[\"https:\/\/www.facebook.com\/vapingnetde\/\"]}]}<\/script>\n<!-- \/ Yoast SEO plugin. -->","yoast_head_json":{"title":"Exklusiv Bang King Smart Screen 15000 Puff Mit Lush Ice Weltweit Beliebt | Vapingnet.de","description":"Entdecke Exklusiv Bang King Smart Screen 15000 Puff Mit Lush Ice Weltweit Beliebt bei vapingnet.de, \u25ba Gro\u00dfe Auswahl an Geschmacksrichtungen & super g\u00fcnstig!","robots":{"index":"index","follow":"follow","max-snippet":"max-snippet:-1","max-image-preview":"max-image-preview:large","max-video-preview":"max-video-preview:-1"},"canonical":"https:\/\/vapingnet.de\/fr\/vape\/exklusiv-bang-king-smart-screen-15000-puff-mit-lush-ice-weltweit-beliebt\/","og_locale":"fr_FR","og_type":"article","og_title":"Exklusiv Bang King Smart Screen 15000 Puff Mit Lush Ice Weltweit Beliebt | Vapingnet.de","og_description":"Entdecke Exklusiv Bang King Smart Screen 15000 Puff Mit Lush Ice Weltweit Beliebt bei vapingnet.de, \u25ba Gro\u00dfe Auswahl an Geschmacksrichtungen & super g\u00fcnstig!","og_url":"https:\/\/vapingnet.de\/fr\/vape\/exklusiv-bang-king-smart-screen-15000-puff-mit-lush-ice-weltweit-beliebt\/","og_site_name":"Vapingnet.de","article_publisher":"https:\/\/www.facebook.com\/vapingnetde\/","article_modified_time":"2025-06-19T03:39:27+00:00","og_image":[{"width":1000,"height":1000,"url":"https:\/\/vapingnet.de\/wp-content\/uploads\/2025\/04\/Bang-King-Smart-Screen.webp","type":"image\/webp"}],"twitter_card":"summary_large_image","twitter_misc":{"Dur\u00e9e de lecture estim\u00e9e":"3 minutes"},"schema":{"@context":"https:\/\/schema.org","@graph":[{"@type":"WebPage","@id":"https:\/\/vapingnet.de\/vape\/exklusiv-bang-king-smart-screen-15000-puff-mit-lush-ice-weltweit-beliebt\/","url":"https:\/\/vapingnet.de\/vape\/exklusiv-bang-king-smart-screen-15000-puff-mit-lush-ice-weltweit-beliebt\/","name":"Exklusiv Bang King Smart Screen 15000 Puff Mit Lush Ice Weltweit Beliebt | Vapingnet.de","isPartOf":{"@id":"https:\/\/vapingnet.de\/#website"},"primaryImageOfPage":{"@id":"https:\/\/vapingnet.de\/vape\/exklusiv-bang-king-smart-screen-15000-puff-mit-lush-ice-weltweit-beliebt\/#primaryimage"},"image":{"@id":"https:\/\/vapingnet.de\/vape\/exklusiv-bang-king-smart-screen-15000-puff-mit-lush-ice-weltweit-beliebt\/#primaryimage"},"thumbnailUrl":"https:\/\/vapingnet.de\/wp-content\/uploads\/2025\/04\/Bang-King-Smart-Screen.webp","datePublished":"2025-04-11T08:03:11+00:00","dateModified":"2025-06-19T03:39:27+00:00","description":"Entdecke Exklusiv Bang King Smart Screen 15000 Puff Mit Lush Ice Weltweit Beliebt bei vapingnet.de, \u25ba Gro\u00dfe Auswahl an Geschmacksrichtungen & super g\u00fcnstig!","breadcrumb":{"@id":"https:\/\/vapingnet.de\/vape\/exklusiv-bang-king-smart-screen-15000-puff-mit-lush-ice-weltweit-beliebt\/#breadcrumb"},"inLanguage":"fr-FR","potentialAction":[{"@type":"ReadAction","target":["https:\/\/vapingnet.de\/vape\/exklusiv-bang-king-smart-screen-15000-puff-mit-lush-ice-weltweit-beliebt\/"]}]},{"@type":"ImageObject","inLanguage":"fr-FR","@id":"https:\/\/vapingnet.de\/vape\/exklusiv-bang-king-smart-screen-15000-puff-mit-lush-ice-weltweit-beliebt\/#primaryimage","url":"https:\/\/vapingnet.de\/wp-content\/uploads\/2025\/04\/Bang-King-Smart-Screen.webp","contentUrl":"https:\/\/vapingnet.de\/wp-content\/uploads\/2025\/04\/Bang-King-Smart-Screen.webp","width":1000,"height":1000},{"@type":"BreadcrumbList","@id":"https:\/\/vapingnet.de\/vape\/exklusiv-bang-king-smart-screen-15000-puff-mit-lush-ice-weltweit-beliebt\/#breadcrumb","itemListElement":[{"@type":"ListItem","position":1,"name":"Home","item":"https:\/\/vapingnet.de\/"},{"@type":"ListItem","position":2,"name":"Shop","item":"https:\/\/vapingnet.de\/vape\/"},{"@type":"ListItem","position":3,"name":"Exklusiv Bang King Smart Screen 15000 Puff Mit Lush Ice Weltweit Beliebt"}]},{"@type":"WebSite","@id":"https:\/\/vapingnet.de\/#website","url":"https:\/\/vapingnet.de\/","name":"Vapingnet.de","description":"","publisher":{"@id":"https:\/\/vapingnet.de\/#organization"},"potentialAction":[{"@type":"SearchAction","target":{"@type":"EntryPoint","urlTemplate":"https:\/\/vapingnet.de\/?s={search_term_string}"},"query-input":{"@type":"PropertyValueSpecification","valueRequired":true,"valueName":"search_term_string"}}],"inLanguage":"fr-FR"},{"@type":"Organization","@id":"https:\/\/vapingnet.de\/#organization","name":"Vapingnet.de","url":"https:\/\/vapingnet.de\/","logo":{"@type":"ImageObject","inLanguage":"fr-FR","@id":"https:\/\/vapingnet.de\/#\/schema\/logo\/image\/","url":"https:\/\/vapingnet.de\/wp-content\/uploads\/2025\/03\/cropped-vapingnet.de_.jpg","contentUrl":"https:\/\/vapingnet.de\/wp-content\/uploads\/2025\/03\/cropped-vapingnet.de_.jpg","width":512,"height":512,"caption":"Vapingnet.de"},"image":{"@id":"https:\/\/vapingnet.de\/#\/schema\/logo\/image\/"},"sameAs":["https:\/\/www.facebook.com\/vapingnetde\/"]}]}},"tiered_pricing_type":"fixed","tiered_pricing_fixed_rules":{"10":"8.35","60":"7.52","110":"6.68","200":"5.85"},"tiered_pricing_product_settings":{"layout":"default","base_unit_name":{"singular":null,"plural":null},"default_variation":null},"tiered_pricing_minimum_quantity":null,"tiered_pricing_roles_data":[],"tiered_pricing_percentage_rules":[],"_links":{"self":[{"href":"https:\/\/vapingnet.de\/fr\/wp-json\/wp\/v2\/product\/6283","targetHints":{"allow":["GET"]}}],"collection":[{"href":"https:\/\/vapingnet.de\/fr\/wp-json\/wp\/v2\/product"}],"about":[{"href":"https:\/\/vapingnet.de\/fr\/wp-json\/wp\/v2\/types\/product"}],"version-history":[{"count":2,"href":"https:\/\/vapingnet.de\/fr\/wp-json\/wp\/v2\/product\/6283\/revisions"}],"predecessor-version":[{"id":6294,"href":"https:\/\/vapingnet.de\/fr\/wp-json\/wp\/v2\/product\/6283\/revisions\/6294"}],"wp:featuredmedia":[{"embeddable":true,"href":"https:\/\/vapingnet.de\/fr\/wp-json\/wp\/v2\/media\/6858"}],"wp:attachment":[{"href":"https:\/\/vapingnet.de\/fr\/wp-json\/wp\/v2\/media?parent=6283"}],"wp:term":[{"taxonomy":"brand","embeddable":true,"href":"https:\/\/vapingnet.de\/fr\/wp-json\/wp\/v2\/etheme_brands?post=6283"},{"taxonomy":"product_brand","embeddable":true,"href":"https:\/\/vapingnet.de\/fr\/wp-json\/wp\/v2\/product_brand?post=6283"},{"taxonomy":"product_cat","embeddable":true,"href":"https:\/\/vapingnet.de\/fr\/wp-json\/wp\/v2\/product_cat?post=6283"},{"taxonomy":"product_tag","embeddable":true,"href":"https:\/\/vapingnet.de\/fr\/wp-json\/wp\/v2\/product_tag?post=6283"}],"curies":[{"name":"wp","href":"https:\/\/api.w.org\/{rel}","templated":true}]}}