{"id":6323,"date":"2025-04-15T03:24:10","date_gmt":"2025-04-15T03:24:10","guid":{"rendered":"https:\/\/vapingnet.de\/?post_type=product&#038;p=6323"},"modified":"2025-06-19T03:43:03","modified_gmt":"2025-06-19T03:43:03","slug":"fuer-kiwi-passion-fruit-fans-jetzt-elf-box-pulse-x-25000-testen","status":"publish","type":"product","link":"https:\/\/vapingnet.de\/fr\/vape\/fuer-kiwi-passion-fruit-fans-jetzt-elf-box-pulse-x-25000-testen\/","title":{"rendered":"Pour les fans de Kiwi Passion Fruit Maintenant essayez Elf Box Pulse X 25000"},"content":{"rendered":"<h2 data-start=\"0\" data-end=\"57\" data-immersive-translate-walked=\"9bdcfe29-76bc-4d9f-b122-29ad65900c0b\">Elf Box Pulse X 25000 \u2013 Le choix parfait pour les vapoteurs<\/h2>\n<p class=\"\" data-start=\"59\" data-end=\"359\" data-immersive-translate-walked=\"9bdcfe29-76bc-4d9f-b122-29ad65900c0b\" data-immersive-translate-paragraph=\"1\">L'Elf Box Pulse X 25000 est l'une des cigarettes \u00e9lectroniques jetables les plus avanc\u00e9es sur le march\u00e9 et offre une combinaison impressionnante de performance, de technologie et de saveur. Elle s'adresse aux vapoteurs qui privil\u00e9gient la qualit\u00e9, la convivialit\u00e9 et une exp\u00e9rience de vapotage inoubliable.<\/p>\n<h3 class=\"\" data-start=\"361\" data-end=\"421\" data-immersive-translate-walked=\"9bdcfe29-76bc-4d9f-b122-29ad65900c0b\">Sp\u00e9cifications techniques de l'Elf Box Pulse X 25000<\/h3>\n<div class=\"pointer-events-none relative left-[50%]! flex w-[100cqw] translate-x-[-50%] justify-center *:pointer-events-auto\" data-immersive-translate-walked=\"9bdcfe29-76bc-4d9f-b122-29ad65900c0b\">\n<div class=\"tableContainer horzScrollShadows\" data-immersive-translate-walked=\"9bdcfe29-76bc-4d9f-b122-29ad65900c0b\">\n<table class=\"min-w-full\" data-start=\"423\" data-end=\"1523\" data-immersive-translate-walked=\"9bdcfe29-76bc-4d9f-b122-29ad65900c0b\">\n<thead data-start=\"423\" data-end=\"506\" data-immersive-translate-walked=\"9bdcfe29-76bc-4d9f-b122-29ad65900c0b\">\n<tr data-start=\"423\" data-end=\"506\" data-immersive-translate-walked=\"9bdcfe29-76bc-4d9f-b122-29ad65900c0b\">\n<th data-start=\"423\" data-end=\"457\" data-immersive-translate-walked=\"9bdcfe29-76bc-4d9f-b122-29ad65900c0b\">Caract\u00e9ristique<\/th>\n<th data-start=\"457\" data-end=\"506\" data-immersive-translate-walked=\"9bdcfe29-76bc-4d9f-b122-29ad65900c0b\">D\u00e9tails<\/th>\n<\/tr>\n<\/thead>\n<tbody data-start=\"592\" data-end=\"1523\" data-immersive-translate-walked=\"9bdcfe29-76bc-4d9f-b122-29ad65900c0b\">\n<tr data-start=\"592\" data-end=\"676\" data-immersive-translate-walked=\"9bdcfe29-76bc-4d9f-b122-29ad65900c0b\">\n<td class=\"max-w-[calc(var(--thread-content-max-width)*2\/3)]\" data-start=\"592\" data-end=\"627\" data-immersive-translate-walked=\"9bdcfe29-76bc-4d9f-b122-29ad65900c0b\">Dual Mesh Coil<\/td>\n<td class=\"max-w-[calc(var(--thread-content-max-width)*2\/3)]\" data-start=\"627\" data-end=\"676\" data-immersive-translate-walked=\"9bdcfe29-76bc-4d9f-b122-29ad65900c0b\" data-immersive-translate-paragraph=\"1\">0,8 Ohm + 0,8 Ohm<\/td>\n<\/tr>\n<tr data-start=\"677\" data-end=\"761\" data-immersive-translate-walked=\"9bdcfe29-76bc-4d9f-b122-29ad65900c0b\">\n<td class=\"max-w-[calc(var(--thread-content-max-width)*2\/3)]\" data-start=\"677\" data-end=\"712\" data-immersive-translate-walked=\"9bdcfe29-76bc-4d9f-b122-29ad65900c0b\">Capacit\u00e9 du e-liquide<\/td>\n<td class=\"max-w-[calc(var(--thread-content-max-width)*2\/3)]\" data-start=\"712\" data-end=\"761\" data-immersive-translate-walked=\"9bdcfe29-76bc-4d9f-b122-29ad65900c0b\" data-immersive-translate-paragraph=\"1\">18 ml<\/td>\n<\/tr>\n<tr data-start=\"762\" data-end=\"846\" data-immersive-translate-walked=\"9bdcfe29-76bc-4d9f-b122-29ad65900c0b\">\n<td class=\"max-w-[calc(var(--thread-content-max-width)*2\/3)]\" data-start=\"762\" data-end=\"797\" data-immersive-translate-walked=\"9bdcfe29-76bc-4d9f-b122-29ad65900c0b\">Nicotine<\/td>\n<td class=\"max-w-[calc(var(--thread-content-max-width)*2\/3)]\" data-start=\"797\" data-end=\"846\" data-immersive-translate-walked=\"9bdcfe29-76bc-4d9f-b122-29ad65900c0b\">0%, 2%, 3%, 5%<\/td>\n<\/tr>\n<tr data-start=\"847\" data-end=\"931\" data-immersive-translate-walked=\"9bdcfe29-76bc-4d9f-b122-29ad65900c0b\">\n<td class=\"max-w-[calc(var(--thread-content-max-width)*2\/3)]\" data-start=\"847\" data-end=\"882\" data-immersive-translate-walked=\"9bdcfe29-76bc-4d9f-b122-29ad65900c0b\">Batterie<\/td>\n<td class=\"max-w-[calc(var(--thread-content-max-width)*2\/3)]\" data-start=\"882\" data-end=\"931\" data-immersive-translate-walked=\"9bdcfe29-76bc-4d9f-b122-29ad65900c0b\" data-immersive-translate-paragraph=\"1\">13 500 mAh<\/td>\n<\/tr>\n<tr data-start=\"932\" data-end=\"1015\" data-immersive-translate-walked=\"9bdcfe29-76bc-4d9f-b122-29ad65900c0b\">\n<td class=\"max-w-[calc(var(--thread-content-max-width)*2\/3)]\" data-start=\"932\" data-end=\"967\" data-immersive-translate-walked=\"9bdcfe29-76bc-4d9f-b122-29ad65900c0b\">Dur\u00e9e de vapotage (mode normal)<\/td>\n<td class=\"max-w-[calc(var(--thread-content-max-width)*2\/3)]\" data-start=\"967\" data-end=\"1015\" data-immersive-translate-walked=\"9bdcfe29-76bc-4d9f-b122-29ad65900c0b\" data-immersive-translate-paragraph=\"1\">Jusqu'\u00e0 25 000 bouff\u00e9es<\/td>\n<\/tr>\n<tr data-start=\"1016\" data-end=\"1099\" data-immersive-translate-walked=\"9bdcfe29-76bc-4d9f-b122-29ad65900c0b\">\n<td class=\"max-w-[calc(var(--thread-content-max-width)*2\/3)]\" data-start=\"1016\" data-end=\"1051\" data-immersive-translate-walked=\"9bdcfe29-76bc-4d9f-b122-29ad65900c0b\">Dur\u00e9e de vapotage (mode pulse)<\/td>\n<td class=\"max-w-[calc(var(--thread-content-max-width)*2\/3)]\" data-start=\"1051\" data-end=\"1099\" data-immersive-translate-walked=\"9bdcfe29-76bc-4d9f-b122-29ad65900c0b\" data-immersive-translate-paragraph=\"1\">Jusqu'\u00e0 15 000 bouff\u00e9es<\/td>\n<\/tr>\n<tr data-start=\"1100\" data-end=\"1184\" data-immersive-translate-walked=\"9bdcfe29-76bc-4d9f-b122-29ad65900c0b\">\n<td class=\"max-w-[calc(var(--thread-content-max-width)*2\/3)]\" data-start=\"1100\" data-end=\"1135\" data-immersive-translate-walked=\"9bdcfe29-76bc-4d9f-b122-29ad65900c0b\">Recharge<\/td>\n<td class=\"max-w-[calc(var(--thread-content-max-width)*2\/3)]\" data-start=\"1135\" data-end=\"1184\" data-immersive-translate-walked=\"9bdcfe29-76bc-4d9f-b122-29ad65900c0b\" data-immersive-translate-paragraph=\"1\">Prise Type-C (charge rapide)<\/td>\n<\/tr>\n<tr data-start=\"1185\" data-end=\"1269\" data-immersive-translate-walked=\"9bdcfe29-76bc-4d9f-b122-29ad65900c0b\">\n<td class=\"max-w-[calc(var(--thread-content-max-width)*2\/3)]\" data-start=\"1185\" data-end=\"1220\" data-immersive-translate-walked=\"9bdcfe29-76bc-4d9f-b122-29ad65900c0b\">Saveur<\/td>\n<td class=\"max-w-[calc(var(--thread-content-max-width)*2\/3)]\" data-start=\"1220\" data-end=\"1269\" data-immersive-translate-walked=\"9bdcfe29-76bc-4d9f-b122-29ad65900c0b\" data-immersive-translate-paragraph=\"1\">Passion Kiwi Fruit<\/td>\n<\/tr>\n<tr data-start=\"1270\" data-end=\"1353\" data-immersive-translate-walked=\"9bdcfe29-76bc-4d9f-b122-29ad65900c0b\">\n<td class=\"max-w-[calc(var(--thread-content-max-width)*2\/3)]\" data-start=\"1270\" data-end=\"1305\" data-immersive-translate-walked=\"9bdcfe29-76bc-4d9f-b122-29ad65900c0b\">S\u00e9lection du mode<\/td>\n<td class=\"max-w-[calc(var(--thread-content-max-width)*2\/3)]\" data-start=\"1305\" data-end=\"1353\" data-immersive-translate-walked=\"9bdcfe29-76bc-4d9f-b122-29ad65900c0b\" data-immersive-translate-paragraph=\"1\">Mode normal et mode pulse<\/td>\n<\/tr>\n<tr data-start=\"1354\" data-end=\"1438\" data-immersive-translate-walked=\"9bdcfe29-76bc-4d9f-b122-29ad65900c0b\">\n<td class=\"max-w-[calc(var(--thread-content-max-width)*2\/3)]\" data-start=\"1354\" data-end=\"1389\" data-immersive-translate-walked=\"9bdcfe29-76bc-4d9f-b122-29ad65900c0b\">D\u00e9lai de livraison<\/td>\n<td class=\"max-w-[calc(var(--thread-content-max-width)*2\/3)]\" data-start=\"1389\" data-end=\"1438\" data-immersive-translate-walked=\"9bdcfe29-76bc-4d9f-b122-29ad65900c0b\" data-immersive-translate-paragraph=\"1\">7-15 jours ouvrables<\/td>\n<\/tr>\n<tr data-start=\"1439\" data-end=\"1523\" data-immersive-translate-walked=\"9bdcfe29-76bc-4d9f-b122-29ad65900c0b\">\n<td class=\"max-w-[calc(var(--thread-content-max-width)*2\/3)]\" data-start=\"1439\" data-end=\"1474\" data-immersive-translate-walked=\"9bdcfe29-76bc-4d9f-b122-29ad65900c0b\">Avantage<\/td>\n<td class=\"max-w-[calc(var(--thread-content-max-width)*2\/3)]\" data-start=\"1474\" data-end=\"1523\" data-immersive-translate-walked=\"9bdcfe29-76bc-4d9f-b122-29ad65900c0b\" data-immersive-translate-paragraph=\"1\">Livraison sans droits de douane<\/td>\n<\/tr>\n<\/tbody>\n<\/table>\n<\/div>\n<\/div>\n<h4 data-start=\"1525\" data-end=\"1562\" data-immersive-translate-walked=\"9bdcfe29-76bc-4d9f-b122-29ad65900c0b\">Technologie de vapotage de premi\u00e8re classe<\/h4>\n<p class=\"\" data-start=\"1564\" data-end=\"1951\" data-immersive-translate-walked=\"9bdcfe29-76bc-4d9f-b122-29ad65900c0b\" data-immersive-translate-paragraph=\"1\">L'Elf Box Pulse X 25000 utilise des technologies de pointe pour assurer un vapotage intense et uniforme. Les Dual Mesh Coils (0,8 Ohm + 0,8 Ohm) offrent une excellente production de vapeur et garantissent une saveur compl\u00e8te \u00e0 chaque bouff\u00e9e. Le r\u00e9servoir de 18 ml d'e-liquide permet une longue dur\u00e9e de vapotage, pour que vous puissiez profiter plus longtemps sans avoir \u00e0 remplir constamment.<\/p>\n<p class=\"\" data-start=\"1953\" data-end=\"2181\" data-immersive-translate-walked=\"9bdcfe29-76bc-4d9f-b122-29ad65900c0b\" data-immersive-translate-paragraph=\"1\">La fonction d'ajustement de la puissance AI \u00e0 \u00e9cran incurv\u00e9 3D ajuste automatiquement la puissance selon vos besoins en vapeur. Gr\u00e2ce au Super Boost VPU Inside, la vapeur est produite de mani\u00e8re uniforme et vous pouvez profiter pleinement de l'ar\u00f4me.<\/p>\n<h4 data-start=\"2183\" data-end=\"2226\" data-immersive-translate-walked=\"9bdcfe29-76bc-4d9f-b122-29ad65900c0b\">Deux modes de vapotage pour toutes les occasions<\/h4>\n<p class=\"\" data-start=\"2228\" data-end=\"2368\" data-immersive-translate-walked=\"9bdcfe29-76bc-4d9f-b122-29ad65900c0b\" data-immersive-translate-paragraph=\"1\">L'Elf Box Pulse X 25000 propose deux modes de vapotage diff\u00e9rents, vous permettant de choisir entre des sessions plus longues ou plus intenses :<\/p>\n<ul data-start=\"2370\" data-end=\"2554\" data-immersive-translate-walked=\"9bdcfe29-76bc-4d9f-b122-29ad65900c0b\">\n<li class=\"\" data-start=\"2370\" data-end=\"2452\" data-immersive-translate-walked=\"9bdcfe29-76bc-4d9f-b122-29ad65900c0b\">\n<p class=\"\" data-start=\"2372\" data-end=\"2452\" data-immersive-translate-walked=\"9bdcfe29-76bc-4d9f-b122-29ad65900c0b\" data-immersive-translate-paragraph=\"1\">Mode normal : Jusqu'\u00e0 25 000 bouff\u00e9es \u2013 id\u00e9al pour des exp\u00e9riences de vapotage prolong\u00e9es.<\/p>\n<\/li>\n<li class=\"\" data-start=\"2453\" data-end=\"2554\" data-immersive-translate-walked=\"9bdcfe29-76bc-4d9f-b122-29ad65900c0b\">\n<p class=\"\" data-start=\"2455\" data-end=\"2554\" data-immersive-translate-walked=\"9bdcfe29-76bc-4d9f-b122-29ad65900c0b\" data-immersive-translate-paragraph=\"1\">Mode Pulse : Jusqu'\u00e0 15 000 bouff\u00e9es \u2013 une vapeur plus rapide et plus intense pour des sessions plus courtes.<\/p>\n<\/li>\n<\/ul>\n<h4 data-start=\"2556\" data-end=\"2607\" data-immersive-translate-walked=\"9bdcfe29-76bc-4d9f-b122-29ad65900c0b\">Go\u00fbt rafra\u00eechissant : Kiwi Fruit de la Passion<\/h4>\n<p class=\"\" data-start=\"2609\" data-end=\"2896\" data-immersive-translate-walked=\"9bdcfe29-76bc-4d9f-b122-29ad65900c0b\" data-immersive-translate-paragraph=\"1\">Le go\u00fbt Kiwi Fruit de la Passion offre une combinaison fruit\u00e9e de la passion sucr\u00e9e et de la kiwi juteuse. Ce m\u00e9lange exotique procure une exp\u00e9rience de vapotage rafra\u00eechissante, caract\u00e9ris\u00e9e par une saveur intense et agr\u00e9able qui ravit le palais \u00e0 chaque bouff\u00e9e.<\/p>\n<h3>Avantages de l'Elf Box Pulse X 25000<\/h3>\n<ul data-start=\"2942\" data-end=\"3346\" data-immersive-translate-walked=\"9bdcfe29-76bc-4d9f-b122-29ad65900c0b\">\n<li class=\"\" data-start=\"2942\" data-end=\"3042\" data-immersive-translate-walked=\"9bdcfe29-76bc-4d9f-b122-29ad65900c0b\">\n<p class=\"\" data-start=\"2944\" data-end=\"3042\" data-immersive-translate-walked=\"9bdcfe29-76bc-4d9f-b122-29ad65900c0b\" data-immersive-translate-paragraph=\"1\">Longue dur\u00e9e d'utilisation : Jusqu'\u00e0 25 000 bouff\u00e9es en mode normal et 15 000 bouff\u00e9es en mode pulse.<\/p>\n<\/li>\n<li class=\"\" data-start=\"3043\" data-end=\"3168\" data-immersive-translate-walked=\"9bdcfe29-76bc-4d9f-b122-29ad65900c0b\">\n<p class=\"\" data-start=\"3045\" data-end=\"3168\" data-immersive-translate-walked=\"9bdcfe29-76bc-4d9f-b122-29ad65900c0b\" data-immersive-translate-paragraph=\"1\">Options de nicotine polyvalentes : Choisissez entre 0%, 2%, 3% ou 5% de nicotine et adaptez votre vapotage \u00e0 vos pr\u00e9f\u00e9rences.<\/p>\n<\/li>\n<li class=\"\" data-start=\"3169\" data-end=\"3253\" data-immersive-translate-walked=\"9bdcfe29-76bc-4d9f-b122-29ad65900c0b\">\n<p class=\"\" data-start=\"3171\" data-end=\"3253\" data-immersive-translate-walked=\"9bdcfe29-76bc-4d9f-b122-29ad65900c0b\" data-immersive-translate-paragraph=\"1\">Facilit\u00e9 d'utilisation : Connexion Type-C pour une recharge rapide et pratique.<\/p>\n<\/li>\n<li class=\"\" data-start=\"3254\" data-end=\"3346\" data-immersive-translate-walked=\"9bdcfe29-76bc-4d9f-b122-29ad65900c0b\">\n<p class=\"\" data-start=\"3256\" data-end=\"3346\" data-immersive-translate-walked=\"9bdcfe29-76bc-4d9f-b122-29ad65900c0b\" data-immersive-translate-paragraph=\"1\">Livraison sans douane : Aucune taxe suppl\u00e9mentaire, ce qui simplifie le processus d'achat.<\/p>\n<\/li>\n<\/ul>\n<h4 data-start=\"3348\" data-end=\"3380\" data-immersive-translate-walked=\"9bdcfe29-76bc-4d9f-b122-29ad65900c0b\">Commande et livraison<\/h4>\n<p class=\"\" data-start=\"3382\" data-end=\"3645\" data-immersive-translate-walked=\"9bdcfe29-76bc-4d9f-b122-29ad65900c0b\" data-immersive-translate-paragraph=\"1\">La Elf Box Pulse X 25000 est disponible sur vapingnet.fr. Commandez l'appareil facilement en ligne et profitez d'une livraison rapide en 7-15 jours ouvrables. La livraison est sans douane, vous n'avez donc pas de co\u00fbts cach\u00e9s \u00e0 pr\u00e9voir.<\/p>\n<p class=\"\" data-start=\"3662\" data-end=\"4050\" data-immersive-translate-walked=\"9bdcfe29-76bc-4d9f-b122-29ad65900c0b\" data-immersive-translate-paragraph=\"1\">La Elf Box Pulse X 25000 est un choix exceptionnel pour tous les vapoteurs qui privil\u00e9gient la performance, le go\u00fbt et la convivialit\u00e9. Avec une longue dur\u00e9e de vie, une technologie innovante et une saveur unique, c'est la solution id\u00e9ale pour une exp\u00e9rience de vapotage r\u00e9ussie. Obtenez d\u00e8s maintenant votre Elf Box Pulse X 25000 sur vapingnet.fr et red\u00e9couvrez le vapotage.<\/p>","protected":false},"excerpt":{"rendered":"<p>Elf Box Pulse X 25000 \u2013 Die perfekte Wahl f\u00fcr Dampfer Die Elf Box Pulse X 25000 ist eine der fortschrittlichsten Einweg-E-Zigaretten auf dem Markt&#8230;<\/p>","protected":false},"featured_media":6872,"template":"","meta":[],"etheme_brands":[],"product_brand":[100],"product_cat":[55,49,61],"product_tag":[],"class_list":{"0":"post-6323","1":"product","2":"type-product","3":"status-publish","4":"has-post-thumbnail","6":"product_brand-elf-box-vape","7":"product_cat-vape-25000-zuege","8":"product_cat-einweg-e-zigarette","9":"product_cat-f","11":"first","12":"instock","13":"shipping-taxable","14":"purchasable","15":"product-type-simple"},"yoast_head":"<!-- This site is optimized with the Yoast SEO plugin v26.5 - https:\/\/yoast.com\/wordpress\/plugins\/seo\/ -->\n<title>F\u00fcr Kiwi Passion Fruit Fans Jetzt Elf Box Pulse X 25000 Testen | Vapingnet.de<\/title>\n<meta name=\"description\" content=\"Entdecke F\u00fcr Kiwi Passion Fruit Fans Jetzt Elf Box Pulse X 25000 Testen bei vapingnet.de, \u25ba Gro\u00dfe Auswahl an Geschmacksrichtungen &amp; super g\u00fcnstig!\" \/>\n<meta name=\"robots\" content=\"index, follow, max-snippet:-1, max-image-preview:large, max-video-preview:-1\" \/>\n<link rel=\"canonical\" href=\"https:\/\/vapingnet.de\/fr\/vape\/fuer-kiwi-passion-fruit-fans-jetzt-elf-box-pulse-x-25000-testen\/\" \/>\n<meta property=\"og:locale\" content=\"fr_FR\" \/>\n<meta property=\"og:type\" content=\"article\" \/>\n<meta property=\"og:title\" content=\"F\u00fcr Kiwi Passion Fruit Fans Jetzt Elf Box Pulse X 25000 Testen | Vapingnet.de\" \/>\n<meta property=\"og:description\" content=\"Entdecke F\u00fcr Kiwi Passion Fruit Fans Jetzt Elf Box Pulse X 25000 Testen bei vapingnet.de, \u25ba Gro\u00dfe Auswahl an Geschmacksrichtungen &amp; super g\u00fcnstig!\" \/>\n<meta property=\"og:url\" content=\"https:\/\/vapingnet.de\/fr\/vape\/fuer-kiwi-passion-fruit-fans-jetzt-elf-box-pulse-x-25000-testen\/\" \/>\n<meta property=\"og:site_name\" content=\"Vapingnet.de\" \/>\n<meta property=\"article:publisher\" content=\"https:\/\/www.facebook.com\/vapingnetde\/\" \/>\n<meta property=\"article:modified_time\" content=\"2025-06-19T03:43:03+00:00\" \/>\n<meta property=\"og:image\" content=\"https:\/\/vapingnet.de\/wp-content\/uploads\/2025\/04\/KIWI-PASSION-FRUIT-4.webp\" \/>\n\t<meta property=\"og:image:width\" content=\"1000\" \/>\n\t<meta property=\"og:image:height\" content=\"1000\" \/>\n\t<meta property=\"og:image:type\" content=\"image\/webp\" \/>\n<meta name=\"twitter:card\" content=\"summary_large_image\" \/>\n<meta name=\"twitter:label1\" content=\"Dur\u00e9e de lecture estim\u00e9e\" \/>\n\t<meta name=\"twitter:data1\" content=\"3 minutes\" \/>\n<script type=\"application\/ld+json\" class=\"yoast-schema-graph\">{\"@context\":\"https:\/\/schema.org\",\"@graph\":[{\"@type\":\"WebPage\",\"@id\":\"https:\/\/vapingnet.de\/vape\/fuer-kiwi-passion-fruit-fans-jetzt-elf-box-pulse-x-25000-testen\/\",\"url\":\"https:\/\/vapingnet.de\/vape\/fuer-kiwi-passion-fruit-fans-jetzt-elf-box-pulse-x-25000-testen\/\",\"name\":\"F\u00fcr Kiwi Passion Fruit Fans Jetzt Elf Box Pulse X 25000 Testen | Vapingnet.de\",\"isPartOf\":{\"@id\":\"https:\/\/vapingnet.de\/#website\"},\"primaryImageOfPage\":{\"@id\":\"https:\/\/vapingnet.de\/vape\/fuer-kiwi-passion-fruit-fans-jetzt-elf-box-pulse-x-25000-testen\/#primaryimage\"},\"image\":{\"@id\":\"https:\/\/vapingnet.de\/vape\/fuer-kiwi-passion-fruit-fans-jetzt-elf-box-pulse-x-25000-testen\/#primaryimage\"},\"thumbnailUrl\":\"https:\/\/vapingnet.de\/wp-content\/uploads\/2025\/04\/KIWI-PASSION-FRUIT-4.webp\",\"datePublished\":\"2025-04-15T03:24:10+00:00\",\"dateModified\":\"2025-06-19T03:43:03+00:00\",\"description\":\"Entdecke F\u00fcr Kiwi Passion Fruit Fans Jetzt Elf Box Pulse X 25000 Testen bei vapingnet.de, \u25ba Gro\u00dfe Auswahl an Geschmacksrichtungen & super g\u00fcnstig!\",\"breadcrumb\":{\"@id\":\"https:\/\/vapingnet.de\/vape\/fuer-kiwi-passion-fruit-fans-jetzt-elf-box-pulse-x-25000-testen\/#breadcrumb\"},\"inLanguage\":\"fr-FR\",\"potentialAction\":[{\"@type\":\"ReadAction\",\"target\":[\"https:\/\/vapingnet.de\/vape\/fuer-kiwi-passion-fruit-fans-jetzt-elf-box-pulse-x-25000-testen\/\"]}]},{\"@type\":\"ImageObject\",\"inLanguage\":\"fr-FR\",\"@id\":\"https:\/\/vapingnet.de\/vape\/fuer-kiwi-passion-fruit-fans-jetzt-elf-box-pulse-x-25000-testen\/#primaryimage\",\"url\":\"https:\/\/vapingnet.de\/wp-content\/uploads\/2025\/04\/KIWI-PASSION-FRUIT-4.webp\",\"contentUrl\":\"https:\/\/vapingnet.de\/wp-content\/uploads\/2025\/04\/KIWI-PASSION-FRUIT-4.webp\",\"width\":1000,\"height\":1000},{\"@type\":\"BreadcrumbList\",\"@id\":\"https:\/\/vapingnet.de\/vape\/fuer-kiwi-passion-fruit-fans-jetzt-elf-box-pulse-x-25000-testen\/#breadcrumb\",\"itemListElement\":[{\"@type\":\"ListItem\",\"position\":1,\"name\":\"Home\",\"item\":\"https:\/\/vapingnet.de\/\"},{\"@type\":\"ListItem\",\"position\":2,\"name\":\"Shop\",\"item\":\"https:\/\/vapingnet.de\/vape\/\"},{\"@type\":\"ListItem\",\"position\":3,\"name\":\"F\u00fcr Kiwi Passion Fruit Fans Jetzt Elf Box Pulse X 25000 Testen\"}]},{\"@type\":\"WebSite\",\"@id\":\"https:\/\/vapingnet.de\/#website\",\"url\":\"https:\/\/vapingnet.de\/\",\"name\":\"Vapingnet.de\",\"description\":\"\",\"publisher\":{\"@id\":\"https:\/\/vapingnet.de\/#organization\"},\"potentialAction\":[{\"@type\":\"SearchAction\",\"target\":{\"@type\":\"EntryPoint\",\"urlTemplate\":\"https:\/\/vapingnet.de\/?s={search_term_string}\"},\"query-input\":{\"@type\":\"PropertyValueSpecification\",\"valueRequired\":true,\"valueName\":\"search_term_string\"}}],\"inLanguage\":\"fr-FR\"},{\"@type\":\"Organization\",\"@id\":\"https:\/\/vapingnet.de\/#organization\",\"name\":\"Vapingnet.de\",\"url\":\"https:\/\/vapingnet.de\/\",\"logo\":{\"@type\":\"ImageObject\",\"inLanguage\":\"fr-FR\",\"@id\":\"https:\/\/vapingnet.de\/#\/schema\/logo\/image\/\",\"url\":\"https:\/\/vapingnet.de\/wp-content\/uploads\/2025\/03\/cropped-vapingnet.de_.jpg\",\"contentUrl\":\"https:\/\/vapingnet.de\/wp-content\/uploads\/2025\/03\/cropped-vapingnet.de_.jpg\",\"width\":512,\"height\":512,\"caption\":\"Vapingnet.de\"},\"image\":{\"@id\":\"https:\/\/vapingnet.de\/#\/schema\/logo\/image\/\"},\"sameAs\":[\"https:\/\/www.facebook.com\/vapingnetde\/\"]}]}<\/script>\n<!-- \/ Yoast SEO plugin. -->","yoast_head_json":{"title":"F\u00fcr Kiwi Passion Fruit Fans Jetzt Elf Box Pulse X 25000 Testen | Vapingnet.de","description":"Entdecke F\u00fcr Kiwi Passion Fruit Fans Jetzt Elf Box Pulse X 25000 Testen bei vapingnet.de, \u25ba Gro\u00dfe Auswahl an Geschmacksrichtungen & super g\u00fcnstig!","robots":{"index":"index","follow":"follow","max-snippet":"max-snippet:-1","max-image-preview":"max-image-preview:large","max-video-preview":"max-video-preview:-1"},"canonical":"https:\/\/vapingnet.de\/fr\/vape\/fuer-kiwi-passion-fruit-fans-jetzt-elf-box-pulse-x-25000-testen\/","og_locale":"fr_FR","og_type":"article","og_title":"F\u00fcr Kiwi Passion Fruit Fans Jetzt Elf Box Pulse X 25000 Testen | Vapingnet.de","og_description":"Entdecke F\u00fcr Kiwi Passion Fruit Fans Jetzt Elf Box Pulse X 25000 Testen bei vapingnet.de, \u25ba Gro\u00dfe Auswahl an Geschmacksrichtungen & super g\u00fcnstig!","og_url":"https:\/\/vapingnet.de\/fr\/vape\/fuer-kiwi-passion-fruit-fans-jetzt-elf-box-pulse-x-25000-testen\/","og_site_name":"Vapingnet.de","article_publisher":"https:\/\/www.facebook.com\/vapingnetde\/","article_modified_time":"2025-06-19T03:43:03+00:00","og_image":[{"width":1000,"height":1000,"url":"https:\/\/vapingnet.de\/wp-content\/uploads\/2025\/04\/KIWI-PASSION-FRUIT-4.webp","type":"image\/webp"}],"twitter_card":"summary_large_image","twitter_misc":{"Dur\u00e9e de lecture estim\u00e9e":"3 minutes"},"schema":{"@context":"https:\/\/schema.org","@graph":[{"@type":"WebPage","@id":"https:\/\/vapingnet.de\/vape\/fuer-kiwi-passion-fruit-fans-jetzt-elf-box-pulse-x-25000-testen\/","url":"https:\/\/vapingnet.de\/vape\/fuer-kiwi-passion-fruit-fans-jetzt-elf-box-pulse-x-25000-testen\/","name":"F\u00fcr Kiwi Passion Fruit Fans Jetzt Elf Box Pulse X 25000 Testen | Vapingnet.de","isPartOf":{"@id":"https:\/\/vapingnet.de\/#website"},"primaryImageOfPage":{"@id":"https:\/\/vapingnet.de\/vape\/fuer-kiwi-passion-fruit-fans-jetzt-elf-box-pulse-x-25000-testen\/#primaryimage"},"image":{"@id":"https:\/\/vapingnet.de\/vape\/fuer-kiwi-passion-fruit-fans-jetzt-elf-box-pulse-x-25000-testen\/#primaryimage"},"thumbnailUrl":"https:\/\/vapingnet.de\/wp-content\/uploads\/2025\/04\/KIWI-PASSION-FRUIT-4.webp","datePublished":"2025-04-15T03:24:10+00:00","dateModified":"2025-06-19T03:43:03+00:00","description":"Entdecke F\u00fcr Kiwi Passion Fruit Fans Jetzt Elf Box Pulse X 25000 Testen bei vapingnet.de, \u25ba Gro\u00dfe Auswahl an Geschmacksrichtungen & super g\u00fcnstig!","breadcrumb":{"@id":"https:\/\/vapingnet.de\/vape\/fuer-kiwi-passion-fruit-fans-jetzt-elf-box-pulse-x-25000-testen\/#breadcrumb"},"inLanguage":"fr-FR","potentialAction":[{"@type":"ReadAction","target":["https:\/\/vapingnet.de\/vape\/fuer-kiwi-passion-fruit-fans-jetzt-elf-box-pulse-x-25000-testen\/"]}]},{"@type":"ImageObject","inLanguage":"fr-FR","@id":"https:\/\/vapingnet.de\/vape\/fuer-kiwi-passion-fruit-fans-jetzt-elf-box-pulse-x-25000-testen\/#primaryimage","url":"https:\/\/vapingnet.de\/wp-content\/uploads\/2025\/04\/KIWI-PASSION-FRUIT-4.webp","contentUrl":"https:\/\/vapingnet.de\/wp-content\/uploads\/2025\/04\/KIWI-PASSION-FRUIT-4.webp","width":1000,"height":1000},{"@type":"BreadcrumbList","@id":"https:\/\/vapingnet.de\/vape\/fuer-kiwi-passion-fruit-fans-jetzt-elf-box-pulse-x-25000-testen\/#breadcrumb","itemListElement":[{"@type":"ListItem","position":1,"name":"Home","item":"https:\/\/vapingnet.de\/"},{"@type":"ListItem","position":2,"name":"Shop","item":"https:\/\/vapingnet.de\/vape\/"},{"@type":"ListItem","position":3,"name":"F\u00fcr Kiwi Passion Fruit Fans Jetzt Elf Box Pulse X 25000 Testen"}]},{"@type":"WebSite","@id":"https:\/\/vapingnet.de\/#website","url":"https:\/\/vapingnet.de\/","name":"Vapingnet.de","description":"","publisher":{"@id":"https:\/\/vapingnet.de\/#organization"},"potentialAction":[{"@type":"SearchAction","target":{"@type":"EntryPoint","urlTemplate":"https:\/\/vapingnet.de\/?s={search_term_string}"},"query-input":{"@type":"PropertyValueSpecification","valueRequired":true,"valueName":"search_term_string"}}],"inLanguage":"fr-FR"},{"@type":"Organization","@id":"https:\/\/vapingnet.de\/#organization","name":"Vapingnet.de","url":"https:\/\/vapingnet.de\/","logo":{"@type":"ImageObject","inLanguage":"fr-FR","@id":"https:\/\/vapingnet.de\/#\/schema\/logo\/image\/","url":"https:\/\/vapingnet.de\/wp-content\/uploads\/2025\/03\/cropped-vapingnet.de_.jpg","contentUrl":"https:\/\/vapingnet.de\/wp-content\/uploads\/2025\/03\/cropped-vapingnet.de_.jpg","width":512,"height":512,"caption":"Vapingnet.de"},"image":{"@id":"https:\/\/vapingnet.de\/#\/schema\/logo\/image\/"},"sameAs":["https:\/\/www.facebook.com\/vapingnetde\/"]}]}},"tiered_pricing_type":"fixed","tiered_pricing_fixed_rules":{"10":"13.77","60":"12.39","110":"11.02","200":"9.64"},"tiered_pricing_product_settings":{"layout":"default","base_unit_name":{"singular":null,"plural":null},"default_variation":null},"tiered_pricing_minimum_quantity":null,"tiered_pricing_roles_data":[],"tiered_pricing_percentage_rules":[],"_links":{"self":[{"href":"https:\/\/vapingnet.de\/fr\/wp-json\/wp\/v2\/product\/6323","targetHints":{"allow":["GET"]}}],"collection":[{"href":"https:\/\/vapingnet.de\/fr\/wp-json\/wp\/v2\/product"}],"about":[{"href":"https:\/\/vapingnet.de\/fr\/wp-json\/wp\/v2\/types\/product"}],"version-history":[{"count":1,"href":"https:\/\/vapingnet.de\/fr\/wp-json\/wp\/v2\/product\/6323\/revisions"}],"predecessor-version":[{"id":6333,"href":"https:\/\/vapingnet.de\/fr\/wp-json\/wp\/v2\/product\/6323\/revisions\/6333"}],"wp:featuredmedia":[{"embeddable":true,"href":"https:\/\/vapingnet.de\/fr\/wp-json\/wp\/v2\/media\/6872"}],"wp:attachment":[{"href":"https:\/\/vapingnet.de\/fr\/wp-json\/wp\/v2\/media?parent=6323"}],"wp:term":[{"taxonomy":"brand","embeddable":true,"href":"https:\/\/vapingnet.de\/fr\/wp-json\/wp\/v2\/etheme_brands?post=6323"},{"taxonomy":"product_brand","embeddable":true,"href":"https:\/\/vapingnet.de\/fr\/wp-json\/wp\/v2\/product_brand?post=6323"},{"taxonomy":"product_cat","embeddable":true,"href":"https:\/\/vapingnet.de\/fr\/wp-json\/wp\/v2\/product_cat?post=6323"},{"taxonomy":"product_tag","embeddable":true,"href":"https:\/\/vapingnet.de\/fr\/wp-json\/wp\/v2\/product_tag?post=6323"}],"curies":[{"name":"wp","href":"https:\/\/api.w.org\/{rel}","templated":true}]}}