{"id":6358,"date":"2025-04-15T06:36:58","date_gmt":"2025-04-15T06:36:58","guid":{"rendered":"https:\/\/vapingnet.de\/?post_type=product&#038;p=6358"},"modified":"2025-06-19T03:42:59","modified_gmt":"2025-06-19T03:42:59","slug":"elf-box-digital-12000-mixed-fruit-die-beste-wahl-fuer-neueinsteiger","status":"publish","type":"product","link":"https:\/\/vapingnet.de\/fr\/vape\/elf-box-digital-12000-mixed-fruit-die-beste-wahl-fuer-neueinsteiger\/","title":{"rendered":"ELF BOX Digital 12000 Fruits m\u00e9lang\u00e9s Le meilleur choix pour les d\u00e9butants"},"content":{"rendered":"<p class=\"\" data-start=\"0\" data-end=\"337\" data-immersive-translate-paragraph=\"1\" data-immersive-translate-walked=\"660b04b8-1dd5-4258-bfbb-26f6954581e1\">La ELF BOX Digital 12000 est le choix id\u00e9al pour tous les vapoteurs \u00e0 la recherche d'une exp\u00e9rience de cigarette \u00e9lectronique jetable puissante, savoureuse et pratique. Avec une capacit\u00e9 allant jusqu'\u00e0 12 000 bouff\u00e9es, elle offre une endurance exceptionnelle et un plaisir intense, ce qui en fait le choix parfait pour la mobilit\u00e9.<\/p>\n<h2 data-start=\"339\" data-end=\"388\" data-immersive-translate-walked=\"660b04b8-1dd5-4258-bfbb-26f6954581e1\" data-immersive-translate-paragraph=\"1\">D\u00e9tails techniques de la ELF BOX Digital 12000 :<\/h2>\n<ul data-start=\"390\" data-end=\"1288\" data-immersive-translate-walked=\"660b04b8-1dd5-4258-bfbb-26f6954581e1\">\n<li class=\"\" data-start=\"390\" data-end=\"427\" data-immersive-translate-walked=\"660b04b8-1dd5-4258-bfbb-26f6954581e1\">\n<p class=\"\" data-start=\"392\" data-end=\"427\" data-immersive-translate-walked=\"660b04b8-1dd5-4258-bfbb-26f6954581e1\" data-immersive-translate-paragraph=\"1\">Bouff\u00e9es : Jusqu'\u00e0 12 000 puffs<\/p>\n<\/li>\n<li class=\"\" data-start=\"428\" data-end=\"512\" data-immersive-translate-walked=\"660b04b8-1dd5-4258-bfbb-26f6954581e1\">\n<p class=\"\" data-start=\"430\" data-end=\"512\" data-immersive-translate-walked=\"660b04b8-1dd5-4258-bfbb-26f6954581e1\" data-immersive-translate-paragraph=\"1\">R\u00e9sistance : Mesh Coil 0,8 Ohm pour une vapeur uniforme et une saveur intense<\/p>\n<\/li>\n<li class=\"\" data-start=\"513\" data-end=\"558\" data-immersive-translate-walked=\"660b04b8-1dd5-4258-bfbb-26f6954581e1\">\n<p class=\"\" data-start=\"515\" data-end=\"558\" data-immersive-translate-walked=\"660b04b8-1dd5-4258-bfbb-26f6954581e1\" data-immersive-translate-paragraph=\"1\">E-liquide : 25 ml pour une utilisation prolong\u00e9e<\/p>\n<\/li>\n<li class=\"\" data-start=\"559\" data-end=\"641\" data-immersive-translate-walked=\"660b04b8-1dd5-4258-bfbb-26f6954581e1\">\n<p class=\"\" data-start=\"561\" data-end=\"641\" data-immersive-translate-walked=\"660b04b8-1dd5-4258-bfbb-26f6954581e1\" data-immersive-translate-paragraph=\"1\">Teneur en nicotine : 0%, 2%, 3%, 5% \u2013 pour une s\u00e9lection flexible selon les pr\u00e9f\u00e9rences<\/p>\n<\/li>\n<li class=\"\" data-start=\"642\" data-end=\"735\" data-immersive-translate-walked=\"660b04b8-1dd5-4258-bfbb-26f6954581e1\">\n<p class=\"\" data-start=\"644\" data-end=\"735\" data-immersive-translate-walked=\"660b04b8-1dd5-4258-bfbb-26f6954581e1\" data-immersive-translate-paragraph=\"1\">Batterie : 500 mAh avec une longue dur\u00e9e de vie et une recharge rapide via USB-C<\/p>\n<\/li>\n<li class=\"\" data-start=\"736\" data-end=\"903\" data-immersive-translate-walked=\"660b04b8-1dd5-4258-bfbb-26f6954581e1\">\n<p class=\"\" data-start=\"738\" data-end=\"903\" data-immersive-translate-walked=\"660b04b8-1dd5-4258-bfbb-26f6954581e1\" data-immersive-translate-paragraph=\"1\">\u00c9cran : Affichage num\u00e9rique pour le niveau de batterie et de liquide \u2013 une fonction pratique pour savoir quand recharger ou remplir<\/p>\n<\/li>\n<li class=\"\" data-start=\"904\" data-end=\"987\" data-immersive-translate-walked=\"660b04b8-1dd5-4258-bfbb-26f6954581e1\">\n<p class=\"\" data-start=\"906\" data-end=\"987\" data-immersive-translate-walked=\"660b04b8-1dd5-4258-bfbb-26f6954581e1\" data-immersive-translate-paragraph=\"1\">Poids du produit : Seulement 82g, id\u00e9al pour une utilisation quotidienne et en d\u00e9placement<\/p>\n<\/li>\n<li class=\"\" data-start=\"988\" data-end=\"1086\" data-immersive-translate-walked=\"660b04b8-1dd5-4258-bfbb-26f6954581e1\">\n<p class=\"\" data-start=\"990\" data-end=\"1086\" data-immersive-translate-walked=\"660b04b8-1dd5-4258-bfbb-26f6954581e1\" data-immersive-translate-paragraph=\"1\">Saveur : Fruits M\u00e9lang\u00e9s \u2013 un m\u00e9lange harmonieux de diff\u00e9rentes saveurs fruit\u00e9es<\/p>\n<\/li>\n<li class=\"\" data-start=\"1087\" data-end=\"1160\" data-immersive-translate-walked=\"660b04b8-1dd5-4258-bfbb-26f6954581e1\">\n<p class=\"\" data-start=\"1089\" data-end=\"1160\" data-immersive-translate-walked=\"660b04b8-1dd5-4258-bfbb-26f6954581e1\" data-immersive-translate-paragraph=\"1\">Cigarette \u00e9lectronique jetable : Aucun souci de remplissage ou de pi\u00e8ces de rechange<\/p>\n<\/li>\n<li class=\"\" data-start=\"1161\" data-end=\"1221\" data-immersive-translate-walked=\"660b04b8-1dd5-4258-bfbb-26f6954581e1\">\n<p class=\"\" data-start=\"1163\" data-end=\"1221\" data-immersive-translate-walked=\"660b04b8-1dd5-4258-bfbb-26f6954581e1\" data-immersive-translate-paragraph=\"1\">D\u00e9lai de livraison : 7-15 jours ouvrables, livraison rapide<\/p>\n<\/li>\n<li class=\"\" data-start=\"1222\" data-end=\"1288\" data-immersive-translate-walked=\"660b04b8-1dd5-4258-bfbb-26f6954581e1\">\n<p class=\"\" data-start=\"1224\" data-end=\"1288\" data-immersive-translate-walked=\"660b04b8-1dd5-4258-bfbb-26f6954581e1\" data-immersive-translate-paragraph=\"1\">Avantage : Livraison sans douane directement depuis vapingnet.fr<\/p>\n<\/li>\n<\/ul>\n<h3>Confort et performance dans un seul appareil :<\/h3>\n<p class=\"\" data-start=\"1332\" data-end=\"1652\" data-immersive-translate-walked=\"660b04b8-1dd5-4258-bfbb-26f6954581e1\" data-immersive-translate-paragraph=\"1\">La ELF BOX Digital 12000 est le choix parfait pour les vapoteurs qui privil\u00e9gient un appareil puissant et durable, capable de les accompagner dans leur quotidien tr\u00e9pidant. Que ce soit dans la poche lors des d\u00e9placements ou en voyage, cette cigarette \u00e9lectronique fournit \u00e0 tout moment le plaisir de vapeur souhait\u00e9 \u2013 fiable et sans compromis.<\/p>\n<p class=\"\" data-start=\"1654\" data-end=\"2077\" data-immersive-translate-walked=\"660b04b8-1dd5-4258-bfbb-26f6954581e1\" data-immersive-translate-paragraph=\"1\">Gr\u00e2ce \u00e0 la technologie Mesh Coil 0,8 Ohm, les utilisateurs peuvent s\u2019attendre \u00e0 une qualit\u00e9 de vapeur constante et un go\u00fbt exceptionnel. Avec la capacit\u00e9 de 25 ml d\u2019e-liquide, la ELF BOX Digital 12000 est pr\u00eate pour des sessions prolong\u00e9es, rendant le remplissage ou le remplacement du produit longuement inutiles. De plus, l\u2019\u00e9cran num\u00e9rique permet \u00e0 l\u2019utilisateur de conna\u00eetre pr\u00e9cis\u00e9ment le niveau de liquide et de batterie.<\/p>\n<p class=\"\" data-start=\"2079\" data-end=\"2320\" data-immersive-translate-walked=\"660b04b8-1dd5-4258-bfbb-26f6954581e1\" data-immersive-translate-paragraph=\"1\">Que l\u2019on opte pour la teneur en nicotine 0%, 2%, 3% ou 5%, la ELF BOX Digital 12000 offre la flexibilit\u00e9 dont chaque vapoteur a besoin, le tout dans un design pratique et compact ne pesant que 82g.<\/p>\n<h4 data-start=\"2322\" data-end=\"2333\" data-immersive-translate-walked=\"660b04b8-1dd5-4258-bfbb-26f6954581e1\" data-immersive-translate-paragraph=\"1\">Votre choix parfait pour un plaisir de vapeur intense<\/h4>\n<p class=\"\" data-start=\"2335\" data-end=\"2828\" data-immersive-translate-walked=\"660b04b8-1dd5-4258-bfbb-26f6954581e1\" data-immersive-translate-paragraph=\"1\">Avec la ELF BOX Digital 12000, vous obtenez un produit de haute qualit\u00e9, qui s\u00e9duit autant par ses performances que par sa convivialit\u00e9 et son confort. Que vous soyez un vapoteur exp\u00e9riment\u00e9 ou un d\u00e9butant, cette cigarette \u00e9lectronique jetable est un excellent choix, garantissant \u00e0 tout moment un plaisir de vapeur parfait. Commandez-la simplement sur vapingnet.fr et profitez de la livraison rapide et de l\u2019importation sans douane.<\/p>","protected":false},"excerpt":{"rendered":"<p>Die ELF BOX Digital 12000 ist die ideale Wahl f\u00fcr alle Dampfer, die auf der Suche nach einem leistungsstarken, geschmackvollen und praktischen Einweg-E-Zigaretten-Erlebnis sind. Mit&#8230;<\/p>","protected":false},"featured_media":6363,"template":"","meta":[],"etheme_brands":[],"product_brand":[100],"product_cat":[88,49,61],"product_tag":[],"class_list":{"0":"post-6358","1":"product","2":"type-product","3":"status-publish","4":"has-post-thumbnail","6":"product_brand-elf-box-vape","7":"product_cat-12k-vape","8":"product_cat-einweg-e-zigarette","9":"product_cat-f","11":"first","12":"instock","13":"shipping-taxable","14":"purchasable","15":"product-type-simple"},"yoast_head":"<!-- This site is optimized with the Yoast SEO plugin v26.5 - https:\/\/yoast.com\/wordpress\/plugins\/seo\/ -->\n<title>ELF BOX Digital 12000 Mixed Fruit Die Beste Wahl F\u00fcr Neueinsteiger | Vapingnet.de<\/title>\n<meta name=\"description\" content=\"Entdecke ELF BOX Digital 12000 Mixed Fruit Die Beste Wahl F\u00fcr Neueinsteiger bei vapingnet.de, \u25ba Gro\u00dfe Auswahl an Geschmacksrichtungen &amp; super g\u00fcnstig!\" \/>\n<meta name=\"robots\" content=\"index, follow, max-snippet:-1, max-image-preview:large, max-video-preview:-1\" \/>\n<link rel=\"canonical\" href=\"https:\/\/vapingnet.de\/fr\/vape\/elf-box-digital-12000-mixed-fruit-die-beste-wahl-fuer-neueinsteiger\/\" \/>\n<meta property=\"og:locale\" content=\"fr_FR\" \/>\n<meta property=\"og:type\" content=\"article\" \/>\n<meta property=\"og:title\" content=\"ELF BOX Digital 12000 Mixed Fruit Die Beste Wahl F\u00fcr Neueinsteiger | Vapingnet.de\" \/>\n<meta property=\"og:description\" content=\"Entdecke ELF BOX Digital 12000 Mixed Fruit Die Beste Wahl F\u00fcr Neueinsteiger bei vapingnet.de, \u25ba Gro\u00dfe Auswahl an Geschmacksrichtungen &amp; super g\u00fcnstig!\" \/>\n<meta property=\"og:url\" content=\"https:\/\/vapingnet.de\/fr\/vape\/elf-box-digital-12000-mixed-fruit-die-beste-wahl-fuer-neueinsteiger\/\" \/>\n<meta property=\"og:site_name\" content=\"Vapingnet.de\" \/>\n<meta property=\"article:publisher\" content=\"https:\/\/www.facebook.com\/vapingnetde\/\" \/>\n<meta property=\"article:modified_time\" content=\"2025-06-19T03:42:59+00:00\" \/>\n<meta property=\"og:image\" content=\"https:\/\/vapingnet.de\/wp-content\/uploads\/2025\/04\/Mixed-Fruit.webp\" \/>\n\t<meta property=\"og:image:width\" content=\"1000\" \/>\n\t<meta property=\"og:image:height\" content=\"1000\" \/>\n\t<meta property=\"og:image:type\" content=\"image\/webp\" \/>\n<meta name=\"twitter:card\" content=\"summary_large_image\" \/>\n<meta name=\"twitter:label1\" content=\"Dur\u00e9e de lecture estim\u00e9e\" \/>\n\t<meta name=\"twitter:data1\" content=\"3 minutes\" \/>\n<script type=\"application\/ld+json\" class=\"yoast-schema-graph\">{\"@context\":\"https:\/\/schema.org\",\"@graph\":[{\"@type\":\"WebPage\",\"@id\":\"https:\/\/vapingnet.de\/vape\/elf-box-digital-12000-mixed-fruit-die-beste-wahl-fuer-neueinsteiger\/\",\"url\":\"https:\/\/vapingnet.de\/vape\/elf-box-digital-12000-mixed-fruit-die-beste-wahl-fuer-neueinsteiger\/\",\"name\":\"ELF BOX Digital 12000 Mixed Fruit Die Beste Wahl F\u00fcr Neueinsteiger | Vapingnet.de\",\"isPartOf\":{\"@id\":\"https:\/\/vapingnet.de\/#website\"},\"primaryImageOfPage\":{\"@id\":\"https:\/\/vapingnet.de\/vape\/elf-box-digital-12000-mixed-fruit-die-beste-wahl-fuer-neueinsteiger\/#primaryimage\"},\"image\":{\"@id\":\"https:\/\/vapingnet.de\/vape\/elf-box-digital-12000-mixed-fruit-die-beste-wahl-fuer-neueinsteiger\/#primaryimage\"},\"thumbnailUrl\":\"https:\/\/vapingnet.de\/wp-content\/uploads\/2025\/04\/Mixed-Fruit.webp\",\"datePublished\":\"2025-04-15T06:36:58+00:00\",\"dateModified\":\"2025-06-19T03:42:59+00:00\",\"description\":\"Entdecke ELF BOX Digital 12000 Mixed Fruit Die Beste Wahl F\u00fcr Neueinsteiger bei vapingnet.de, \u25ba Gro\u00dfe Auswahl an Geschmacksrichtungen & super g\u00fcnstig!\",\"breadcrumb\":{\"@id\":\"https:\/\/vapingnet.de\/vape\/elf-box-digital-12000-mixed-fruit-die-beste-wahl-fuer-neueinsteiger\/#breadcrumb\"},\"inLanguage\":\"fr-FR\",\"potentialAction\":[{\"@type\":\"ReadAction\",\"target\":[\"https:\/\/vapingnet.de\/vape\/elf-box-digital-12000-mixed-fruit-die-beste-wahl-fuer-neueinsteiger\/\"]}]},{\"@type\":\"ImageObject\",\"inLanguage\":\"fr-FR\",\"@id\":\"https:\/\/vapingnet.de\/vape\/elf-box-digital-12000-mixed-fruit-die-beste-wahl-fuer-neueinsteiger\/#primaryimage\",\"url\":\"https:\/\/vapingnet.de\/wp-content\/uploads\/2025\/04\/Mixed-Fruit.webp\",\"contentUrl\":\"https:\/\/vapingnet.de\/wp-content\/uploads\/2025\/04\/Mixed-Fruit.webp\",\"width\":1000,\"height\":1000},{\"@type\":\"BreadcrumbList\",\"@id\":\"https:\/\/vapingnet.de\/vape\/elf-box-digital-12000-mixed-fruit-die-beste-wahl-fuer-neueinsteiger\/#breadcrumb\",\"itemListElement\":[{\"@type\":\"ListItem\",\"position\":1,\"name\":\"Home\",\"item\":\"https:\/\/vapingnet.de\/\"},{\"@type\":\"ListItem\",\"position\":2,\"name\":\"Shop\",\"item\":\"https:\/\/vapingnet.de\/vape\/\"},{\"@type\":\"ListItem\",\"position\":3,\"name\":\"ELF BOX Digital 12000 Mixed Fruit Die Beste Wahl F\u00fcr Neueinsteiger\"}]},{\"@type\":\"WebSite\",\"@id\":\"https:\/\/vapingnet.de\/#website\",\"url\":\"https:\/\/vapingnet.de\/\",\"name\":\"Vapingnet.de\",\"description\":\"\",\"publisher\":{\"@id\":\"https:\/\/vapingnet.de\/#organization\"},\"potentialAction\":[{\"@type\":\"SearchAction\",\"target\":{\"@type\":\"EntryPoint\",\"urlTemplate\":\"https:\/\/vapingnet.de\/?s={search_term_string}\"},\"query-input\":{\"@type\":\"PropertyValueSpecification\",\"valueRequired\":true,\"valueName\":\"search_term_string\"}}],\"inLanguage\":\"fr-FR\"},{\"@type\":\"Organization\",\"@id\":\"https:\/\/vapingnet.de\/#organization\",\"name\":\"Vapingnet.de\",\"url\":\"https:\/\/vapingnet.de\/\",\"logo\":{\"@type\":\"ImageObject\",\"inLanguage\":\"fr-FR\",\"@id\":\"https:\/\/vapingnet.de\/#\/schema\/logo\/image\/\",\"url\":\"https:\/\/vapingnet.de\/wp-content\/uploads\/2025\/03\/cropped-vapingnet.de_.jpg\",\"contentUrl\":\"https:\/\/vapingnet.de\/wp-content\/uploads\/2025\/03\/cropped-vapingnet.de_.jpg\",\"width\":512,\"height\":512,\"caption\":\"Vapingnet.de\"},\"image\":{\"@id\":\"https:\/\/vapingnet.de\/#\/schema\/logo\/image\/\"},\"sameAs\":[\"https:\/\/www.facebook.com\/vapingnetde\/\"]}]}<\/script>\n<!-- \/ Yoast SEO plugin. -->","yoast_head_json":{"title":"ELF BOX Digital 12000 Mixed Fruit Die Beste Wahl F\u00fcr Neueinsteiger | Vapingnet.de","description":"Entdecke ELF BOX Digital 12000 Mixed Fruit Die Beste Wahl F\u00fcr Neueinsteiger bei vapingnet.de, \u25ba Gro\u00dfe Auswahl an Geschmacksrichtungen & super g\u00fcnstig!","robots":{"index":"index","follow":"follow","max-snippet":"max-snippet:-1","max-image-preview":"max-image-preview:large","max-video-preview":"max-video-preview:-1"},"canonical":"https:\/\/vapingnet.de\/fr\/vape\/elf-box-digital-12000-mixed-fruit-die-beste-wahl-fuer-neueinsteiger\/","og_locale":"fr_FR","og_type":"article","og_title":"ELF BOX Digital 12000 Mixed Fruit Die Beste Wahl F\u00fcr Neueinsteiger | Vapingnet.de","og_description":"Entdecke ELF BOX Digital 12000 Mixed Fruit Die Beste Wahl F\u00fcr Neueinsteiger bei vapingnet.de, \u25ba Gro\u00dfe Auswahl an Geschmacksrichtungen & super g\u00fcnstig!","og_url":"https:\/\/vapingnet.de\/fr\/vape\/elf-box-digital-12000-mixed-fruit-die-beste-wahl-fuer-neueinsteiger\/","og_site_name":"Vapingnet.de","article_publisher":"https:\/\/www.facebook.com\/vapingnetde\/","article_modified_time":"2025-06-19T03:42:59+00:00","og_image":[{"width":1000,"height":1000,"url":"https:\/\/vapingnet.de\/wp-content\/uploads\/2025\/04\/Mixed-Fruit.webp","type":"image\/webp"}],"twitter_card":"summary_large_image","twitter_misc":{"Dur\u00e9e de lecture estim\u00e9e":"3 minutes"},"schema":{"@context":"https:\/\/schema.org","@graph":[{"@type":"WebPage","@id":"https:\/\/vapingnet.de\/vape\/elf-box-digital-12000-mixed-fruit-die-beste-wahl-fuer-neueinsteiger\/","url":"https:\/\/vapingnet.de\/vape\/elf-box-digital-12000-mixed-fruit-die-beste-wahl-fuer-neueinsteiger\/","name":"ELF BOX Digital 12000 Mixed Fruit Die Beste Wahl F\u00fcr Neueinsteiger | Vapingnet.de","isPartOf":{"@id":"https:\/\/vapingnet.de\/#website"},"primaryImageOfPage":{"@id":"https:\/\/vapingnet.de\/vape\/elf-box-digital-12000-mixed-fruit-die-beste-wahl-fuer-neueinsteiger\/#primaryimage"},"image":{"@id":"https:\/\/vapingnet.de\/vape\/elf-box-digital-12000-mixed-fruit-die-beste-wahl-fuer-neueinsteiger\/#primaryimage"},"thumbnailUrl":"https:\/\/vapingnet.de\/wp-content\/uploads\/2025\/04\/Mixed-Fruit.webp","datePublished":"2025-04-15T06:36:58+00:00","dateModified":"2025-06-19T03:42:59+00:00","description":"Entdecke ELF BOX Digital 12000 Mixed Fruit Die Beste Wahl F\u00fcr Neueinsteiger bei vapingnet.de, \u25ba Gro\u00dfe Auswahl an Geschmacksrichtungen & super g\u00fcnstig!","breadcrumb":{"@id":"https:\/\/vapingnet.de\/vape\/elf-box-digital-12000-mixed-fruit-die-beste-wahl-fuer-neueinsteiger\/#breadcrumb"},"inLanguage":"fr-FR","potentialAction":[{"@type":"ReadAction","target":["https:\/\/vapingnet.de\/vape\/elf-box-digital-12000-mixed-fruit-die-beste-wahl-fuer-neueinsteiger\/"]}]},{"@type":"ImageObject","inLanguage":"fr-FR","@id":"https:\/\/vapingnet.de\/vape\/elf-box-digital-12000-mixed-fruit-die-beste-wahl-fuer-neueinsteiger\/#primaryimage","url":"https:\/\/vapingnet.de\/wp-content\/uploads\/2025\/04\/Mixed-Fruit.webp","contentUrl":"https:\/\/vapingnet.de\/wp-content\/uploads\/2025\/04\/Mixed-Fruit.webp","width":1000,"height":1000},{"@type":"BreadcrumbList","@id":"https:\/\/vapingnet.de\/vape\/elf-box-digital-12000-mixed-fruit-die-beste-wahl-fuer-neueinsteiger\/#breadcrumb","itemListElement":[{"@type":"ListItem","position":1,"name":"Home","item":"https:\/\/vapingnet.de\/"},{"@type":"ListItem","position":2,"name":"Shop","item":"https:\/\/vapingnet.de\/vape\/"},{"@type":"ListItem","position":3,"name":"ELF BOX Digital 12000 Mixed Fruit Die Beste Wahl F\u00fcr Neueinsteiger"}]},{"@type":"WebSite","@id":"https:\/\/vapingnet.de\/#website","url":"https:\/\/vapingnet.de\/","name":"Vapingnet.de","description":"","publisher":{"@id":"https:\/\/vapingnet.de\/#organization"},"potentialAction":[{"@type":"SearchAction","target":{"@type":"EntryPoint","urlTemplate":"https:\/\/vapingnet.de\/?s={search_term_string}"},"query-input":{"@type":"PropertyValueSpecification","valueRequired":true,"valueName":"search_term_string"}}],"inLanguage":"fr-FR"},{"@type":"Organization","@id":"https:\/\/vapingnet.de\/#organization","name":"Vapingnet.de","url":"https:\/\/vapingnet.de\/","logo":{"@type":"ImageObject","inLanguage":"fr-FR","@id":"https:\/\/vapingnet.de\/#\/schema\/logo\/image\/","url":"https:\/\/vapingnet.de\/wp-content\/uploads\/2025\/03\/cropped-vapingnet.de_.jpg","contentUrl":"https:\/\/vapingnet.de\/wp-content\/uploads\/2025\/03\/cropped-vapingnet.de_.jpg","width":512,"height":512,"caption":"Vapingnet.de"},"image":{"@id":"https:\/\/vapingnet.de\/#\/schema\/logo\/image\/"},"sameAs":["https:\/\/www.facebook.com\/vapingnetde\/"]}]}},"tiered_pricing_type":"fixed","tiered_pricing_fixed_rules":{"10":"7.78","60":"7.00","110":"6.22","200":"5.45"},"tiered_pricing_product_settings":{"layout":"default","base_unit_name":{"singular":null,"plural":null},"default_variation":null},"tiered_pricing_minimum_quantity":null,"tiered_pricing_roles_data":[],"tiered_pricing_percentage_rules":[],"_links":{"self":[{"href":"https:\/\/vapingnet.de\/fr\/wp-json\/wp\/v2\/product\/6358","targetHints":{"allow":["GET"]}}],"collection":[{"href":"https:\/\/vapingnet.de\/fr\/wp-json\/wp\/v2\/product"}],"about":[{"href":"https:\/\/vapingnet.de\/fr\/wp-json\/wp\/v2\/types\/product"}],"version-history":[{"count":1,"href":"https:\/\/vapingnet.de\/fr\/wp-json\/wp\/v2\/product\/6358\/revisions"}],"predecessor-version":[{"id":6370,"href":"https:\/\/vapingnet.de\/fr\/wp-json\/wp\/v2\/product\/6358\/revisions\/6370"}],"wp:featuredmedia":[{"embeddable":true,"href":"https:\/\/vapingnet.de\/fr\/wp-json\/wp\/v2\/media\/6363"}],"wp:attachment":[{"href":"https:\/\/vapingnet.de\/fr\/wp-json\/wp\/v2\/media?parent=6358"}],"wp:term":[{"taxonomy":"brand","embeddable":true,"href":"https:\/\/vapingnet.de\/fr\/wp-json\/wp\/v2\/etheme_brands?post=6358"},{"taxonomy":"product_brand","embeddable":true,"href":"https:\/\/vapingnet.de\/fr\/wp-json\/wp\/v2\/product_brand?post=6358"},{"taxonomy":"product_cat","embeddable":true,"href":"https:\/\/vapingnet.de\/fr\/wp-json\/wp\/v2\/product_cat?post=6358"},{"taxonomy":"product_tag","embeddable":true,"href":"https:\/\/vapingnet.de\/fr\/wp-json\/wp\/v2\/product_tag?post=6358"}],"curies":[{"name":"wp","href":"https:\/\/api.w.org\/{rel}","templated":true}]}}