{"id":6360,"date":"2025-04-15T06:37:12","date_gmt":"2025-04-15T06:37:12","guid":{"rendered":"https:\/\/vapingnet.de\/?post_type=product&#038;p=6360"},"modified":"2025-06-19T03:42:58","modified_gmt":"2025-06-19T03:42:58","slug":"elf-box-digital-12000-blueberry-sour-raspberry-einfache-anwendung-fruchtiger","status":"publish","type":"product","link":"https:\/\/vapingnet.de\/fr\/vape\/elf-box-digital-12000-blueberry-sour-raspberry-einfache-anwendung-fruchtiger\/","title":{"rendered":"ELF BOX Digital 12000 Myrtille Raspberries acides Facile \u00e0 utiliser Fruit\u00e9"},"content":{"rendered":"<h2 data-start=\"0\" data-end=\"84\" data-immersive-translate-walked=\"6449fb85-98d9-4236-aea1-550e579cc31c\">ELF BOX Digital 12000 \u2013 La cigarette \u00e9lectronique jetable id\u00e9ale pour les vapoteurs exigeants<\/h2>\n<p class=\"\" data-start=\"86\" data-end=\"384\" data-immersive-translate-walked=\"6449fb85-98d9-4236-aea1-550e579cc31c\" data-immersive-translate-paragraph=\"1\">L'ELF BOX Digital 12000 est une cigarette \u00e9lectronique jetable ultramoderne, con\u00e7ue sp\u00e9cialement pour les vapoteurs recherchant une exp\u00e9rience de vapotage longue dur\u00e9e et confortable. Elle combine des technologies innovantes avec une utilisation conviviale et garantit des performances exceptionnelles.<\/p>\n<h4>Caract\u00e9ristiques techniques<\/h4>\n<div class=\"pointer-events-none relative left-[50%]! flex w-[100cqw] translate-x-[-50%] justify-center *:pointer-events-auto\">\n<table class=\"min-w-full\" style=\"height: 409px;\" width=\"724\" data-start=\"45\" data-end=\"1069\">\n<thead data-start=\"45\" data-end=\"123\">\n<tr data-start=\"45\" data-end=\"123\">\n<th data-start=\"45\" data-end=\"68\"><strong data-start=\"47\" data-end=\"58\">Caract\u00e9ristique<\/strong><\/th>\n<th data-start=\"68\" data-end=\"123\"><strong data-start=\"70\" data-end=\"81\">D\u00e9tails<\/strong><\/th>\n<\/tr>\n<\/thead>\n<tbody data-start=\"203\" data-end=\"1069\">\n<tr data-start=\"203\" data-end=\"281\">\n<td class=\"max-w-[calc(var(--thread-content-max-width)*2\/3)]\" data-start=\"203\" data-end=\"226\"><strong data-start=\"205\" data-end=\"214\">Bouff\u00e9es<\/strong><\/td>\n<td class=\"max-w-[calc(var(--thread-content-max-width)*2\/3)]\" data-start=\"226\" data-end=\"281\">12 000 bouff\u00e9es<\/td>\n<\/tr>\n<tr data-start=\"282\" data-end=\"360\">\n<td class=\"max-w-[calc(var(--thread-content-max-width)*2\/3)]\" data-start=\"282\" data-end=\"305\"><strong data-start=\"284\" data-end=\"292\">R\u00e9sistance<\/strong><\/td>\n<td class=\"max-w-[calc(var(--thread-content-max-width)*2\/3)]\" data-start=\"305\" data-end=\"360\">R\u00e9pulseur en mesh (0,8 Ohm)<\/td>\n<\/tr>\n<tr data-start=\"361\" data-end=\"439\">\n<td class=\"max-w-[calc(var(--thread-content-max-width)*2\/3)]\" data-start=\"361\" data-end=\"384\"><strong data-start=\"363\" data-end=\"375\">E-liquide<\/strong><\/td>\n<td class=\"max-w-[calc(var(--thread-content-max-width)*2\/3)]\" data-start=\"384\" data-end=\"439\">25 ml<\/td>\n<\/tr>\n<tr data-start=\"440\" data-end=\"518\">\n<td class=\"max-w-[calc(var(--thread-content-max-width)*2\/3)]\" data-start=\"440\" data-end=\"463\"><strong data-start=\"442\" data-end=\"453\">Nicotine<\/strong><\/td>\n<td class=\"max-w-[calc(var(--thread-content-max-width)*2\/3)]\" data-start=\"463\" data-end=\"518\">0%, 2%, 3%, 5%<\/td>\n<\/tr>\n<tr data-start=\"519\" data-end=\"597\">\n<td class=\"max-w-[calc(var(--thread-content-max-width)*2\/3)]\" data-start=\"519\" data-end=\"542\"><strong data-start=\"521\" data-end=\"529\">Batterie<\/strong><\/td>\n<td class=\"max-w-[calc(var(--thread-content-max-width)*2\/3)]\" data-start=\"542\" data-end=\"597\">500 mAh<\/td>\n<\/tr>\n<tr data-start=\"598\" data-end=\"676\">\n<td class=\"max-w-[calc(var(--thread-content-max-width)*2\/3)]\" data-start=\"598\" data-end=\"621\"><strong data-start=\"600\" data-end=\"619\">Technologie de charge<\/strong><\/td>\n<td class=\"max-w-[calc(var(--thread-content-max-width)*2\/3)]\" data-start=\"621\" data-end=\"676\">USB-C<\/td>\n<\/tr>\n<tr data-start=\"677\" data-end=\"754\">\n<td class=\"max-w-[calc(var(--thread-content-max-width)*2\/3)]\" data-start=\"677\" data-end=\"700\"><strong data-start=\"679\" data-end=\"699\">Affichage num\u00e9rique<\/strong><\/td>\n<td class=\"max-w-[calc(var(--thread-content-max-width)*2\/3)]\" data-start=\"700\" data-end=\"754\">Indicateur de niveau de liquide et de batterie<\/td>\n<\/tr>\n<tr data-start=\"755\" data-end=\"833\">\n<td class=\"max-w-[calc(var(--thread-content-max-width)*2\/3)]\" data-start=\"755\" data-end=\"778\"><strong data-start=\"757\" data-end=\"768\">Poids<\/strong><\/td>\n<td class=\"max-w-[calc(var(--thread-content-max-width)*2\/3)]\" data-start=\"778\" data-end=\"833\">82 g<\/td>\n<\/tr>\n<tr data-start=\"834\" data-end=\"911\">\n<td class=\"max-w-[calc(var(--thread-content-max-width)*2\/3)]\" data-start=\"834\" data-end=\"857\"><strong data-start=\"836\" data-end=\"849\">Saveur<\/strong><\/td>\n<td class=\"max-w-[calc(var(--thread-content-max-width)*2\/3)]\" data-start=\"857\" data-end=\"911\">Myrtille Sour Raspberry<\/td>\n<\/tr>\n<tr data-start=\"912\" data-end=\"990\">\n<td class=\"max-w-[calc(var(--thread-content-max-width)*2\/3)]\" data-start=\"912\" data-end=\"935\"><strong data-start=\"914\" data-end=\"931\">Temps de transport<\/strong><\/td>\n<td class=\"max-w-[calc(var(--thread-content-max-width)*2\/3)]\" data-start=\"935\" data-end=\"990\">7-15 jours ouvrables<\/td>\n<\/tr>\n<tr data-start=\"991\" data-end=\"1069\">\n<td class=\"max-w-[calc(var(--thread-content-max-width)*2\/3)]\" data-start=\"991\" data-end=\"1014\"><strong data-start=\"993\" data-end=\"1004\">Avantage<\/strong><\/td>\n<td class=\"max-w-[calc(var(--thread-content-max-width)*2\/3)]\" data-start=\"1014\" data-end=\"1069\">Douane gratuite<\/td>\n<\/tr>\n<\/tbody>\n<\/table>\n<\/div>\n<h3>Caract\u00e9ristiques principales de l'ELF BOX Digital 12000<\/h3>\n<p>1. Grande capacit\u00e9 pour une vapotage prolong\u00e9<\/p>\n<p>Avec jusqu'\u00e0 12 000 bouff\u00e9es, l'ELF BOX Digital 12000 est con\u00e7ue pour une utilisation plus longue que beaucoup d'autres cigarettes \u00e9lectroniques jetables. Cela signifie que vous pouvez profiter plus longtemps sans vous soucier de recharger ou de remplacer fr\u00e9quemment.<\/p>\n<p>2. R\u00e9pulseur en mesh pour un go\u00fbt intense<\/p>\n<p>Le mesh coil (0,8 Ohm) assure une vaporisation uniforme et efficace du e-liquide. Cette technologie optimise l'exp\u00e9rience gustative en r\u00e9partissant uniform\u00e9ment la vapeur et en offrant une perception aromatique plus intense.<\/p>\n<p>3. Grande capacit\u00e9 de e-liquide<\/p>\n<p>Avec une capacit\u00e9 de e-liquide de 25 ml, vous n'avez pas \u00e0 vous soucier de la consommation rapide du liquide. Cela permet une dur\u00e9e de vapotage plus longue et r\u00e9duit la n\u00e9cessit\u00e9 de recharges fr\u00e9quentes.<\/p>\n<p>4. Affichage num\u00e9rique convivial<\/p>\n<p>L'affichage num\u00e9rique offre une pr\u00e9sentation claire du niveau de liquide et de la batterie. Vous pouvez v\u00e9rifier \u00e0 tout moment la quantit\u00e9 de liquide restante et l'autonomie de la batterie, ce qui est particuli\u00e8rement pratique pour une utilisation quotidienne.<\/p>\n<p>5. Charge rapide avec USB-C<\/p>\n<p>La batterie int\u00e9gr\u00e9e de 500 mAh se recharge facilement via une connexion USB-C, assurant un temps de charge rapide. Ainsi, l'ELF BOX Digital 12000 est toujours pr\u00eate \u00e0 l'emploi rapidement.<\/p>\n<h4 data-start=\"2976\" data-end=\"3028\" data-immersive-translate-walked=\"6449fb85-98d9-4236-aea1-550e579cc31c\" data-immersive-translate-paragraph=\"1\">Le go\u00fbt parfait : Myrtille Citron Framboise<\/h4>\n<p class=\"\" data-start=\"3030\" data-end=\"3386\" data-immersive-translate-walked=\"6449fb85-98d9-4236-aea1-550e579cc31c\" data-immersive-translate-paragraph=\"1\">Le go\u00fbt Myrtille Citron Framboise combine la fra\u00eecheur sucr\u00e9e des m\u00fbres avec la note l\u00e9g\u00e8rement acidul\u00e9e des framboises. Le r\u00e9sultat est une saveur unique et rafra\u00eechissante, offrant une exp\u00e9rience de vapotage agr\u00e9able et durable. Ce go\u00fbt est id\u00e9al pour les vapoteurs qui pr\u00e9f\u00e8rent les saveurs fruit\u00e9es et sucr\u00e9es-acidul\u00e9es.<\/p>\n<h4 data-start=\"3388\" data-end=\"3443\" data-immersive-translate-walked=\"6449fb85-98d9-4236-aea1-550e579cc31c\" data-immersive-translate-paragraph=\"1\">Pourquoi choisir l'ELF BOX Digital 12000 ?<\/h4>\n<p class=\"\" data-start=\"3445\" data-end=\"4043\" data-immersive-translate-walked=\"6449fb85-98d9-4236-aea1-550e579cc31c\" data-immersive-translate-paragraph=\"1\">L'ELF BOX Digital 12000 est un choix exceptionnel pour tous ceux qui recherchent une exp\u00e9rience de vapotage fiable et agr\u00e9able. Elle offre non seulement un grand nombre de bouff\u00e9es, mais aussi un affichage num\u00e9rique convivial et une fonction de charge rapide. Avec la technologie de coil en mesh et sa grande capacit\u00e9 de e-liquide, elle est parfaite pour les vapoteurs souhaitant un vapotage prolong\u00e9 et intense. Commandez votre ELF BOX Digital 12000 sur vapingnet.fr, profitez de la livraison sans douane et b\u00e9n\u00e9ficiez d'un d\u00e9lai d'exp\u00e9dition rapide de 7 \u00e0 15 jours ouvrables.<\/p>","protected":false},"excerpt":{"rendered":"<p>ELF BOX Digital 12000 \u2013 Die ideale Einweg-E-Zigarette f\u00fcr anspruchsvolle Dampfer Die ELF BOX Digital 12000 ist eine hochmoderne Einweg-E-Zigarette, die speziell f\u00fcr Dampfer entwickelt&#8230;<\/p>","protected":false},"featured_media":6365,"template":"","meta":[],"etheme_brands":[],"product_brand":[100],"product_cat":[88,49,61],"product_tag":[],"class_list":{"0":"post-6360","1":"product","2":"type-product","3":"status-publish","4":"has-post-thumbnail","6":"product_brand-elf-box-vape","7":"product_cat-12k-vape","8":"product_cat-einweg-e-zigarette","9":"product_cat-f","11":"first","12":"instock","13":"shipping-taxable","14":"purchasable","15":"product-type-simple"},"yoast_head":"<!-- This site is optimized with the Yoast SEO plugin v26.5 - https:\/\/yoast.com\/wordpress\/plugins\/seo\/ -->\n<title>ELF BOX Digital 12000 Blueberry Sour Raspberry Einfache Anwendung Fruchtiger | Vapingnet.de<\/title>\n<meta name=\"description\" content=\"Entdecke ELF BOX Digital 12000 Blueberry Sour Raspberry Einfache Anwendung Fruchtiger bei vapingnet.de, \u25ba Gro\u00dfe Auswahl an Geschmacksrichtungen &amp; super g\u00fcnstig!\" \/>\n<meta name=\"robots\" content=\"index, follow, max-snippet:-1, max-image-preview:large, max-video-preview:-1\" \/>\n<link rel=\"canonical\" href=\"https:\/\/vapingnet.de\/fr\/vape\/elf-box-digital-12000-blueberry-sour-raspberry-einfache-anwendung-fruchtiger\/\" \/>\n<meta property=\"og:locale\" content=\"fr_FR\" \/>\n<meta property=\"og:type\" content=\"article\" \/>\n<meta property=\"og:title\" content=\"ELF BOX Digital 12000 Blueberry Sour Raspberry Einfache Anwendung Fruchtiger | Vapingnet.de\" \/>\n<meta property=\"og:description\" content=\"Entdecke ELF BOX Digital 12000 Blueberry Sour Raspberry Einfache Anwendung Fruchtiger bei vapingnet.de, \u25ba Gro\u00dfe Auswahl an Geschmacksrichtungen &amp; super g\u00fcnstig!\" \/>\n<meta property=\"og:url\" content=\"https:\/\/vapingnet.de\/fr\/vape\/elf-box-digital-12000-blueberry-sour-raspberry-einfache-anwendung-fruchtiger\/\" \/>\n<meta property=\"og:site_name\" content=\"Vapingnet.de\" \/>\n<meta property=\"article:publisher\" content=\"https:\/\/www.facebook.com\/vapingnetde\/\" \/>\n<meta property=\"article:modified_time\" content=\"2025-06-19T03:42:58+00:00\" \/>\n<meta property=\"og:image\" content=\"https:\/\/vapingnet.de\/wp-content\/uploads\/2025\/04\/Blueberry-Sour-Raspberry.webp\" \/>\n\t<meta property=\"og:image:width\" content=\"1000\" \/>\n\t<meta property=\"og:image:height\" content=\"1000\" \/>\n\t<meta property=\"og:image:type\" content=\"image\/webp\" \/>\n<meta name=\"twitter:card\" content=\"summary_large_image\" \/>\n<meta name=\"twitter:label1\" content=\"Dur\u00e9e de lecture estim\u00e9e\" \/>\n\t<meta name=\"twitter:data1\" content=\"3 minutes\" \/>\n<script type=\"application\/ld+json\" class=\"yoast-schema-graph\">{\"@context\":\"https:\/\/schema.org\",\"@graph\":[{\"@type\":\"WebPage\",\"@id\":\"https:\/\/vapingnet.de\/vape\/elf-box-digital-12000-blueberry-sour-raspberry-einfache-anwendung-fruchtiger\/\",\"url\":\"https:\/\/vapingnet.de\/vape\/elf-box-digital-12000-blueberry-sour-raspberry-einfache-anwendung-fruchtiger\/\",\"name\":\"ELF BOX Digital 12000 Blueberry Sour Raspberry Einfache Anwendung Fruchtiger | Vapingnet.de\",\"isPartOf\":{\"@id\":\"https:\/\/vapingnet.de\/#website\"},\"primaryImageOfPage\":{\"@id\":\"https:\/\/vapingnet.de\/vape\/elf-box-digital-12000-blueberry-sour-raspberry-einfache-anwendung-fruchtiger\/#primaryimage\"},\"image\":{\"@id\":\"https:\/\/vapingnet.de\/vape\/elf-box-digital-12000-blueberry-sour-raspberry-einfache-anwendung-fruchtiger\/#primaryimage\"},\"thumbnailUrl\":\"https:\/\/vapingnet.de\/wp-content\/uploads\/2025\/04\/Blueberry-Sour-Raspberry.webp\",\"datePublished\":\"2025-04-15T06:37:12+00:00\",\"dateModified\":\"2025-06-19T03:42:58+00:00\",\"description\":\"Entdecke ELF BOX Digital 12000 Blueberry Sour Raspberry Einfache Anwendung Fruchtiger bei vapingnet.de, \u25ba Gro\u00dfe Auswahl an Geschmacksrichtungen & super g\u00fcnstig!\",\"breadcrumb\":{\"@id\":\"https:\/\/vapingnet.de\/vape\/elf-box-digital-12000-blueberry-sour-raspberry-einfache-anwendung-fruchtiger\/#breadcrumb\"},\"inLanguage\":\"fr-FR\",\"potentialAction\":[{\"@type\":\"ReadAction\",\"target\":[\"https:\/\/vapingnet.de\/vape\/elf-box-digital-12000-blueberry-sour-raspberry-einfache-anwendung-fruchtiger\/\"]}]},{\"@type\":\"ImageObject\",\"inLanguage\":\"fr-FR\",\"@id\":\"https:\/\/vapingnet.de\/vape\/elf-box-digital-12000-blueberry-sour-raspberry-einfache-anwendung-fruchtiger\/#primaryimage\",\"url\":\"https:\/\/vapingnet.de\/wp-content\/uploads\/2025\/04\/Blueberry-Sour-Raspberry.webp\",\"contentUrl\":\"https:\/\/vapingnet.de\/wp-content\/uploads\/2025\/04\/Blueberry-Sour-Raspberry.webp\",\"width\":1000,\"height\":1000},{\"@type\":\"BreadcrumbList\",\"@id\":\"https:\/\/vapingnet.de\/vape\/elf-box-digital-12000-blueberry-sour-raspberry-einfache-anwendung-fruchtiger\/#breadcrumb\",\"itemListElement\":[{\"@type\":\"ListItem\",\"position\":1,\"name\":\"Home\",\"item\":\"https:\/\/vapingnet.de\/\"},{\"@type\":\"ListItem\",\"position\":2,\"name\":\"Shop\",\"item\":\"https:\/\/vapingnet.de\/vape\/\"},{\"@type\":\"ListItem\",\"position\":3,\"name\":\"ELF BOX Digital 12000 Blueberry Sour Raspberry Einfache Anwendung Fruchtiger\"}]},{\"@type\":\"WebSite\",\"@id\":\"https:\/\/vapingnet.de\/#website\",\"url\":\"https:\/\/vapingnet.de\/\",\"name\":\"Vapingnet.de\",\"description\":\"\",\"publisher\":{\"@id\":\"https:\/\/vapingnet.de\/#organization\"},\"potentialAction\":[{\"@type\":\"SearchAction\",\"target\":{\"@type\":\"EntryPoint\",\"urlTemplate\":\"https:\/\/vapingnet.de\/?s={search_term_string}\"},\"query-input\":{\"@type\":\"PropertyValueSpecification\",\"valueRequired\":true,\"valueName\":\"search_term_string\"}}],\"inLanguage\":\"fr-FR\"},{\"@type\":\"Organization\",\"@id\":\"https:\/\/vapingnet.de\/#organization\",\"name\":\"Vapingnet.de\",\"url\":\"https:\/\/vapingnet.de\/\",\"logo\":{\"@type\":\"ImageObject\",\"inLanguage\":\"fr-FR\",\"@id\":\"https:\/\/vapingnet.de\/#\/schema\/logo\/image\/\",\"url\":\"https:\/\/vapingnet.de\/wp-content\/uploads\/2025\/03\/cropped-vapingnet.de_.jpg\",\"contentUrl\":\"https:\/\/vapingnet.de\/wp-content\/uploads\/2025\/03\/cropped-vapingnet.de_.jpg\",\"width\":512,\"height\":512,\"caption\":\"Vapingnet.de\"},\"image\":{\"@id\":\"https:\/\/vapingnet.de\/#\/schema\/logo\/image\/\"},\"sameAs\":[\"https:\/\/www.facebook.com\/vapingnetde\/\"]}]}<\/script>\n<!-- \/ Yoast SEO plugin. -->","yoast_head_json":{"title":"ELF BOX Digital 12000 Blueberry Sour Raspberry Einfache Anwendung Fruchtiger | Vapingnet.de","description":"Entdecke ELF BOX Digital 12000 Blueberry Sour Raspberry Einfache Anwendung Fruchtiger bei vapingnet.de, \u25ba Gro\u00dfe Auswahl an Geschmacksrichtungen & super g\u00fcnstig!","robots":{"index":"index","follow":"follow","max-snippet":"max-snippet:-1","max-image-preview":"max-image-preview:large","max-video-preview":"max-video-preview:-1"},"canonical":"https:\/\/vapingnet.de\/fr\/vape\/elf-box-digital-12000-blueberry-sour-raspberry-einfache-anwendung-fruchtiger\/","og_locale":"fr_FR","og_type":"article","og_title":"ELF BOX Digital 12000 Blueberry Sour Raspberry Einfache Anwendung Fruchtiger | Vapingnet.de","og_description":"Entdecke ELF BOX Digital 12000 Blueberry Sour Raspberry Einfache Anwendung Fruchtiger bei vapingnet.de, \u25ba Gro\u00dfe Auswahl an Geschmacksrichtungen & super g\u00fcnstig!","og_url":"https:\/\/vapingnet.de\/fr\/vape\/elf-box-digital-12000-blueberry-sour-raspberry-einfache-anwendung-fruchtiger\/","og_site_name":"Vapingnet.de","article_publisher":"https:\/\/www.facebook.com\/vapingnetde\/","article_modified_time":"2025-06-19T03:42:58+00:00","og_image":[{"width":1000,"height":1000,"url":"https:\/\/vapingnet.de\/wp-content\/uploads\/2025\/04\/Blueberry-Sour-Raspberry.webp","type":"image\/webp"}],"twitter_card":"summary_large_image","twitter_misc":{"Dur\u00e9e de lecture estim\u00e9e":"3 minutes"},"schema":{"@context":"https:\/\/schema.org","@graph":[{"@type":"WebPage","@id":"https:\/\/vapingnet.de\/vape\/elf-box-digital-12000-blueberry-sour-raspberry-einfache-anwendung-fruchtiger\/","url":"https:\/\/vapingnet.de\/vape\/elf-box-digital-12000-blueberry-sour-raspberry-einfache-anwendung-fruchtiger\/","name":"ELF BOX Digital 12000 Blueberry Sour Raspberry Einfache Anwendung Fruchtiger | Vapingnet.de","isPartOf":{"@id":"https:\/\/vapingnet.de\/#website"},"primaryImageOfPage":{"@id":"https:\/\/vapingnet.de\/vape\/elf-box-digital-12000-blueberry-sour-raspberry-einfache-anwendung-fruchtiger\/#primaryimage"},"image":{"@id":"https:\/\/vapingnet.de\/vape\/elf-box-digital-12000-blueberry-sour-raspberry-einfache-anwendung-fruchtiger\/#primaryimage"},"thumbnailUrl":"https:\/\/vapingnet.de\/wp-content\/uploads\/2025\/04\/Blueberry-Sour-Raspberry.webp","datePublished":"2025-04-15T06:37:12+00:00","dateModified":"2025-06-19T03:42:58+00:00","description":"Entdecke ELF BOX Digital 12000 Blueberry Sour Raspberry Einfache Anwendung Fruchtiger bei vapingnet.de, \u25ba Gro\u00dfe Auswahl an Geschmacksrichtungen & super g\u00fcnstig!","breadcrumb":{"@id":"https:\/\/vapingnet.de\/vape\/elf-box-digital-12000-blueberry-sour-raspberry-einfache-anwendung-fruchtiger\/#breadcrumb"},"inLanguage":"fr-FR","potentialAction":[{"@type":"ReadAction","target":["https:\/\/vapingnet.de\/vape\/elf-box-digital-12000-blueberry-sour-raspberry-einfache-anwendung-fruchtiger\/"]}]},{"@type":"ImageObject","inLanguage":"fr-FR","@id":"https:\/\/vapingnet.de\/vape\/elf-box-digital-12000-blueberry-sour-raspberry-einfache-anwendung-fruchtiger\/#primaryimage","url":"https:\/\/vapingnet.de\/wp-content\/uploads\/2025\/04\/Blueberry-Sour-Raspberry.webp","contentUrl":"https:\/\/vapingnet.de\/wp-content\/uploads\/2025\/04\/Blueberry-Sour-Raspberry.webp","width":1000,"height":1000},{"@type":"BreadcrumbList","@id":"https:\/\/vapingnet.de\/vape\/elf-box-digital-12000-blueberry-sour-raspberry-einfache-anwendung-fruchtiger\/#breadcrumb","itemListElement":[{"@type":"ListItem","position":1,"name":"Home","item":"https:\/\/vapingnet.de\/"},{"@type":"ListItem","position":2,"name":"Shop","item":"https:\/\/vapingnet.de\/vape\/"},{"@type":"ListItem","position":3,"name":"ELF BOX Digital 12000 Blueberry Sour Raspberry Einfache Anwendung Fruchtiger"}]},{"@type":"WebSite","@id":"https:\/\/vapingnet.de\/#website","url":"https:\/\/vapingnet.de\/","name":"Vapingnet.de","description":"","publisher":{"@id":"https:\/\/vapingnet.de\/#organization"},"potentialAction":[{"@type":"SearchAction","target":{"@type":"EntryPoint","urlTemplate":"https:\/\/vapingnet.de\/?s={search_term_string}"},"query-input":{"@type":"PropertyValueSpecification","valueRequired":true,"valueName":"search_term_string"}}],"inLanguage":"fr-FR"},{"@type":"Organization","@id":"https:\/\/vapingnet.de\/#organization","name":"Vapingnet.de","url":"https:\/\/vapingnet.de\/","logo":{"@type":"ImageObject","inLanguage":"fr-FR","@id":"https:\/\/vapingnet.de\/#\/schema\/logo\/image\/","url":"https:\/\/vapingnet.de\/wp-content\/uploads\/2025\/03\/cropped-vapingnet.de_.jpg","contentUrl":"https:\/\/vapingnet.de\/wp-content\/uploads\/2025\/03\/cropped-vapingnet.de_.jpg","width":512,"height":512,"caption":"Vapingnet.de"},"image":{"@id":"https:\/\/vapingnet.de\/#\/schema\/logo\/image\/"},"sameAs":["https:\/\/www.facebook.com\/vapingnetde\/"]}]}},"tiered_pricing_type":"fixed","tiered_pricing_fixed_rules":{"10":"7.78","60":"7.00","110":"6.22","200":"5.45"},"tiered_pricing_product_settings":{"layout":"default","base_unit_name":{"singular":null,"plural":null},"default_variation":null},"tiered_pricing_minimum_quantity":null,"tiered_pricing_roles_data":[],"tiered_pricing_percentage_rules":[],"_links":{"self":[{"href":"https:\/\/vapingnet.de\/fr\/wp-json\/wp\/v2\/product\/6360","targetHints":{"allow":["GET"]}}],"collection":[{"href":"https:\/\/vapingnet.de\/fr\/wp-json\/wp\/v2\/product"}],"about":[{"href":"https:\/\/vapingnet.de\/fr\/wp-json\/wp\/v2\/types\/product"}],"version-history":[{"count":1,"href":"https:\/\/vapingnet.de\/fr\/wp-json\/wp\/v2\/product\/6360\/revisions"}],"predecessor-version":[{"id":6372,"href":"https:\/\/vapingnet.de\/fr\/wp-json\/wp\/v2\/product\/6360\/revisions\/6372"}],"wp:featuredmedia":[{"embeddable":true,"href":"https:\/\/vapingnet.de\/fr\/wp-json\/wp\/v2\/media\/6365"}],"wp:attachment":[{"href":"https:\/\/vapingnet.de\/fr\/wp-json\/wp\/v2\/media?parent=6360"}],"wp:term":[{"taxonomy":"brand","embeddable":true,"href":"https:\/\/vapingnet.de\/fr\/wp-json\/wp\/v2\/etheme_brands?post=6360"},{"taxonomy":"product_brand","embeddable":true,"href":"https:\/\/vapingnet.de\/fr\/wp-json\/wp\/v2\/product_brand?post=6360"},{"taxonomy":"product_cat","embeddable":true,"href":"https:\/\/vapingnet.de\/fr\/wp-json\/wp\/v2\/product_cat?post=6360"},{"taxonomy":"product_tag","embeddable":true,"href":"https:\/\/vapingnet.de\/fr\/wp-json\/wp\/v2\/product_tag?post=6360"}],"curies":[{"name":"wp","href":"https:\/\/api.w.org\/{rel}","templated":true}]}}