{"id":6373,"date":"2025-04-15T07:08:52","date_gmt":"2025-04-15T07:08:52","guid":{"rendered":"https:\/\/vapingnet.de\/?post_type=product&#038;p=6373"},"modified":"2025-06-19T03:42:58","modified_gmt":"2025-06-19T03:42:58","slug":"kiwi-passion-fruit-geschmack-in-der-elf-box-digital-12000-langanhaltend","status":"publish","type":"product","link":"https:\/\/vapingnet.de\/fr\/vape\/kiwi-passion-fruit-geschmack-in-der-elf-box-digital-12000-langanhaltend\/","title":{"rendered":"Saveur Kiwi Fruit de la Passion Dans la ELF BOX Digital 12000 Longue dur\u00e9e"},"content":{"rendered":"<p class=\"\" data-start=\"0\" data-end=\"293\" data-immersive-translate-paragraph=\"1\" data-immersive-translate-walked=\"5b668528-9596-4747-aa7d-1fbda2410136\">La ELF BOX Digital 12000 offre des performances exceptionnelles et une convivialit\u00e9 optimale pour les vapoteurs \u00e0 la recherche d'une cigarette \u00e9lectronique durable et puissante. La section suivante pr\u00e9sente en d\u00e9tail les principales caract\u00e9ristiques et avantages de ce produit.<\/p>\n<h2 data-start=\"295\" data-end=\"342\" data-immersive-translate-walked=\"5b668528-9596-4747-aa7d-1fbda2410136\" data-immersive-translate-paragraph=\"1\">Caract\u00e9ristiques de la ELF BOX Digital 12000<\/h2>\n<p class=\"\" data-start=\"344\" data-end=\"644\" data-immersive-translate-walked=\"5b668528-9596-4747-aa7d-1fbda2410136\" data-immersive-translate-paragraph=\"1\">1. Nombre \u00e9lev\u00e9 de tirages et longue dur\u00e9e de vie<br data-start=\"387\" data-end=\"390\" data-immersive-translate-walked=\"5b668528-9596-4747-aa7d-1fbda2410136\" \/>Avec 12 000 tirages, la ELF BOX Digital 12000 offre une dur\u00e9e de vie impressionnante. Cela la rend id\u00e9ale pour les vapoteurs r\u00e9guliers qui recherchent une cigarette \u00e9lectronique leur procurant une longue satisfaction, sans n\u00e9cessiter de recharges ou de remplacements fr\u00e9quents.<\/p>\n<p class=\"\" data-start=\"646\" data-end=\"921\" data-immersive-translate-walked=\"5b668528-9596-4747-aa7d-1fbda2410136\" data-immersive-translate-paragraph=\"1\">2. Technologie de coil en mesh<br data-start=\"674\" data-end=\"677\" data-immersive-translate-walked=\"5b668528-9596-4747-aa7d-1fbda2410136\" \/>Le coil en mesh de 0,8 ohm assure un chauffage uniforme du liquide, ce qui am\u00e9liore la saveur et augmente la production de vapeur. Cette technologie garantit que chaque inhalation offre une exp\u00e9rience agr\u00e9able.<\/p>\n<p class=\"\" data-start=\"923\" data-end=\"1178\" data-immersive-translate-walked=\"5b668528-9596-4747-aa7d-1fbda2410136\" data-immersive-translate-paragraph=\"1\">3. Volume g\u00e9n\u00e9reux de liquide \u00e9lectronique<br data-start=\"958\" data-end=\"961\" data-immersive-translate-walked=\"5b668528-9596-4747-aa7d-1fbda2410136\" \/>Avec un volume de remplissage de 25 ml de liquide \u00e9lectronique, vous avez moins \u00e0 vous soucier des recharges, ce qui augmente consid\u00e9rablement le confort. Il offre suffisamment de liquide pour toute la dur\u00e9e de vie de la cigarette \u00e9lectronique.<\/p>\n<h4 data-start=\"1180\" data-end=\"1225\" data-immersive-translate-walked=\"5b668528-9596-4747-aa7d-1fbda2410136\" data-immersive-translate-paragraph=\"1\">Options de nicotine et de personnalisation<\/h4>\n<p class=\"\" data-start=\"1227\" data-end=\"1460\" data-immersive-translate-walked=\"5b668528-9596-4747-aa7d-1fbda2410136\" data-immersive-translate-paragraph=\"1\">1. Diff\u00e9rentes concentrations de nicotine<br data-start=\"1261\" data-end=\"1264\" data-immersive-translate-walked=\"5b668528-9596-4747-aa7d-1fbda2410136\" \/>La ELF BOX Digital 12000 propose quatre niveaux de nicotine au choix : 0%, 2%, 3% et 5%. Vous pouvez ainsi choisir la force selon vos pr\u00e9f\u00e9rences personnelles et ajuster votre exp\u00e9rience de vapotage.<\/p>\n<h4 data-start=\"1462\" data-end=\"1506\" data-immersive-translate-walked=\"5b668528-9596-4747-aa7d-1fbda2410136\" data-immersive-translate-paragraph=\"1\">Caract\u00e9ristiques technologiques et options de chargement<\/h4>\n<p class=\"\" data-start=\"1508\" data-end=\"1798\" data-immersive-translate-walked=\"5b668528-9596-4747-aa7d-1fbda2410136\" data-immersive-translate-paragraph=\"1\">1. Batterie et option de chargement<br data-start=\"1534\" data-end=\"1537\" data-immersive-translate-walked=\"5b668528-9596-4747-aa7d-1fbda2410136\" \/>La batterie de 500 mAh de la ELF BOX Digital 12000 assure une performance fiable. Lorsque la batterie est faible, la cigarette \u00e9lectronique peut \u00eatre rapidement recharg\u00e9e via le port USB-C moderne, vous permettant de vapoter sans attendre longtemps.<\/p>\n<p class=\"\" data-start=\"1800\" data-end=\"2030\" data-immersive-translate-walked=\"5b668528-9596-4747-aa7d-1fbda2410136\" data-immersive-translate-paragraph=\"1\">2. Affichage num\u00e9rique<br data-start=\"1823\" data-end=\"1826\" data-immersive-translate-walked=\"5b668528-9596-4747-aa7d-1fbda2410136\" \/>Gr\u00e2ce \u00e0 l'affichage num\u00e9rique, vous avez toujours une vue d'ensemble du niveau de liquide et de l'\u00e9tat de la batterie. Cela vous aide \u00e0 d\u00e9terminer le moment id\u00e9al pour recharger ou remplir.<\/p>\n<h4 data-start=\"2032\" data-end=\"2080\" data-immersive-translate-walked=\"5b668528-9596-4747-aa7d-1fbda2410136\" data-immersive-translate-paragraph=\"1\">Exp\u00e9rience gustative de la ELF BOX Digital 12000<\/h4>\n<p class=\"\" data-start=\"2082\" data-end=\"2394\" data-immersive-translate-walked=\"5b668528-9596-4747-aa7d-1fbda2410136\" data-immersive-translate-paragraph=\"1\">Go\u00fbt : Blueberry Sour Raspberry<br data-start=\"2125\" data-end=\"2128\" data-immersive-translate-walked=\"5b668528-9596-4747-aa7d-1fbda2410136\" \/>Avec le go\u00fbt fruit\u00e9 rafra\u00eechissant de Blueberry Sour Raspberry, la ELF BOX Digital 12000 offre une exp\u00e9rience gustative intense. La combinaison de myrtilles sucr\u00e9es et de l'acidit\u00e9 des framboises procure une sensation \u00e9quilibr\u00e9e et rafra\u00eechissante.<\/p>\n<h3>Avantages de la ELF BOX Digital 12000<\/h3>\n<ul data-start=\"2436\" data-end=\"2865\" data-immersive-translate-walked=\"5b668528-9596-4747-aa7d-1fbda2410136\">\n<li class=\"\" data-start=\"2436\" data-end=\"2515\" data-immersive-translate-walked=\"5b668528-9596-4747-aa7d-1fbda2410136\">\n<p class=\"\" data-start=\"2438\" data-end=\"2515\" data-immersive-translate-walked=\"5b668528-9596-4747-aa7d-1fbda2410136\" data-immersive-translate-paragraph=\"1\">Durabilit\u00e9 et grande capacit\u00e9 de tirage : 12 000 tirages pour un plaisir durable<\/p>\n<\/li>\n<li class=\"\" data-start=\"2516\" data-end=\"2611\" data-immersive-translate-walked=\"5b668528-9596-4747-aa7d-1fbda2410136\">\n<p class=\"\" data-start=\"2518\" data-end=\"2611\" data-immersive-translate-walked=\"5b668528-9596-4747-aa7d-1fbda2410136\" data-immersive-translate-paragraph=\"1\">Technologie de pointe : Mesh-Coil et affichage num\u00e9rique pour une exp\u00e9rience de vapotage am\u00e9lior\u00e9e<\/p>\n<\/li>\n<li class=\"\" data-start=\"2612\" data-end=\"2684\" data-immersive-translate-walked=\"5b668528-9596-4747-aa7d-1fbda2410136\">\n<p class=\"\" data-start=\"2614\" data-end=\"2684\" data-immersive-translate-walked=\"5b668528-9596-4747-aa7d-1fbda2410136\" data-immersive-translate-paragraph=\"1\">Niveaux de nicotine flexibles : choisissez la force qui vous convient<\/p>\n<\/li>\n<li class=\"\" data-start=\"2685\" data-end=\"2739\" data-immersive-translate-walked=\"5b668528-9596-4747-aa7d-1fbda2410136\">\n<p class=\"\" data-start=\"2687\" data-end=\"2739\" data-immersive-translate-walked=\"5b668528-9596-4747-aa7d-1fbda2410136\" data-immersive-translate-paragraph=\"1\">Chargeur pratique : USB-C pour une charge rapide<\/p>\n<\/li>\n<li class=\"\" data-start=\"2740\" data-end=\"2789\" data-immersive-translate-walked=\"5b668528-9596-4747-aa7d-1fbda2410136\">\n<p class=\"\" data-start=\"2742\" data-end=\"2789\" data-immersive-translate-walked=\"5b668528-9596-4747-aa7d-1fbda2410136\" data-immersive-translate-paragraph=\"1\">Douane gratuite : id\u00e9al pour l'exp\u00e9dition internationale<\/p>\n<\/li>\n<li class=\"\" data-start=\"2790\" data-end=\"2865\" data-immersive-translate-walked=\"5b668528-9596-4747-aa7d-1fbda2410136\">\n<p class=\"\" data-start=\"2792\" data-end=\"2865\" data-immersive-translate-walked=\"5b668528-9596-4747-aa7d-1fbda2410136\" data-immersive-translate-paragraph=\"1\">Poids : avec seulement 82 g, elle est l\u00e9g\u00e8re et facile \u00e0 transporter<\/p>\n<\/li>\n<\/ul>\n<h4 data-start=\"2867\" data-end=\"2898\" data-immersive-translate-walked=\"5b668528-9596-4747-aa7d-1fbda2410136\" data-immersive-translate-paragraph=\"1\">Livraison et disponibilit\u00e9<\/h4>\n<p class=\"\" data-start=\"2900\" data-end=\"3124\" data-immersive-translate-walked=\"5b668528-9596-4747-aa7d-1fbda2410136\" data-immersive-translate-paragraph=\"1\">1. D\u00e9tails de l'exp\u00e9dition<br data-start=\"2921\" data-end=\"2924\" data-immersive-translate-walked=\"5b668528-9596-4747-aa7d-1fbda2410136\" \/>La ELF BOX Digital 12000 vous sera livr\u00e9e directement \u00e0 domicile en 7-15 jours ouvrables. Gr\u00e2ce \u00e0 l'exp\u00e9dition sans douane, les clients du monde entier peuvent profiter de ce produit.<\/p>\n<p class=\"\" data-start=\"3126\" data-end=\"3268\" data-immersive-translate-walked=\"5b668528-9596-4747-aa7d-1fbda2410136\" data-immersive-translate-paragraph=\"1\">2. O\u00f9 peut-on l'acheter ?<br data-start=\"3156\" data-end=\"3159\" data-immersive-translate-walked=\"5b668528-9596-4747-aa7d-1fbda2410136\" \/>Visitez vapingnet.fr pour commander la ELF BOX Digital 12000 et am\u00e9liorer votre exp\u00e9rience de vapotage.<\/p>\n<p class=\"\" data-start=\"3281\" data-end=\"3725\" data-immersive-translate-walked=\"5b668528-9596-4747-aa7d-1fbda2410136\" data-immersive-translate-paragraph=\"1\">La ELF BOX Digital 12000 est un excellent choix pour tous les vapoteurs \u00e0 la recherche d'une cigarette \u00e9lectronique puissante, facile \u00e0 utiliser et durable. Avec une longue dur\u00e9e de vie, une technologie innovante et une vari\u00e9t\u00e9 d'options de nicotine, elle est l'accompagnement id\u00e9al pour une utilisation quotidienne. Si vous souhaitez profiter d'une exp\u00e9rience gustative intense et fra\u00eeche, ce mod\u00e8le est fait pour vous.<\/p>","protected":false},"excerpt":{"rendered":"<p>Die ELF BOX Digital 12000 bietet eine herausragende Leistung und Benutzerfreundlichkeit f\u00fcr Dampfer, die auf der Suche nach einer langlebigen und leistungsstarken E-Zigarette sind. Im&#8230;<\/p>","protected":false},"featured_media":6374,"template":"","meta":[],"etheme_brands":[],"product_brand":[100],"product_cat":[88,49,61],"product_tag":[],"class_list":{"0":"post-6373","1":"product","2":"type-product","3":"status-publish","4":"has-post-thumbnail","6":"product_brand-elf-box-vape","7":"product_cat-12k-vape","8":"product_cat-einweg-e-zigarette","9":"product_cat-f","11":"first","12":"instock","13":"shipping-taxable","14":"purchasable","15":"product-type-simple"},"yoast_head":"<!-- This site is optimized with the Yoast SEO plugin v26.5 - https:\/\/yoast.com\/wordpress\/plugins\/seo\/ -->\n<title>Kiwi Passion Fruit Geschmack In Der ELF BOX Digital 12000 Langanhaltend | Vapingnet.de<\/title>\n<meta name=\"description\" content=\"Entdecke Kiwi Passion Fruit Geschmack In Der ELF BOX Digital 12000 Langanhaltend bei vapingnet.de, \u25ba Gro\u00dfe Auswahl an Geschmacksrichtungen &amp; super g\u00fcnstig!\" \/>\n<meta name=\"robots\" content=\"index, follow, max-snippet:-1, max-image-preview:large, max-video-preview:-1\" \/>\n<link rel=\"canonical\" href=\"https:\/\/vapingnet.de\/fr\/vape\/kiwi-passion-fruit-geschmack-in-der-elf-box-digital-12000-langanhaltend\/\" \/>\n<meta property=\"og:locale\" content=\"fr_FR\" \/>\n<meta property=\"og:type\" content=\"article\" \/>\n<meta property=\"og:title\" content=\"Kiwi Passion Fruit Geschmack In Der ELF BOX Digital 12000 Langanhaltend | Vapingnet.de\" \/>\n<meta property=\"og:description\" content=\"Entdecke Kiwi Passion Fruit Geschmack In Der ELF BOX Digital 12000 Langanhaltend bei vapingnet.de, \u25ba Gro\u00dfe Auswahl an Geschmacksrichtungen &amp; super g\u00fcnstig!\" \/>\n<meta property=\"og:url\" content=\"https:\/\/vapingnet.de\/fr\/vape\/kiwi-passion-fruit-geschmack-in-der-elf-box-digital-12000-langanhaltend\/\" \/>\n<meta property=\"og:site_name\" content=\"Vapingnet.de\" \/>\n<meta property=\"article:publisher\" content=\"https:\/\/www.facebook.com\/vapingnetde\/\" \/>\n<meta property=\"article:modified_time\" content=\"2025-06-19T03:42:58+00:00\" \/>\n<meta property=\"og:image\" content=\"https:\/\/vapingnet.de\/wp-content\/uploads\/2025\/04\/Kiwi-Passion-Fruit-1.webp\" \/>\n\t<meta property=\"og:image:width\" content=\"1000\" \/>\n\t<meta property=\"og:image:height\" content=\"1000\" \/>\n\t<meta property=\"og:image:type\" content=\"image\/webp\" \/>\n<meta name=\"twitter:card\" content=\"summary_large_image\" \/>\n<meta name=\"twitter:label1\" content=\"Dur\u00e9e de lecture estim\u00e9e\" \/>\n\t<meta name=\"twitter:data1\" content=\"3 minutes\" \/>\n<script type=\"application\/ld+json\" class=\"yoast-schema-graph\">{\"@context\":\"https:\/\/schema.org\",\"@graph\":[{\"@type\":\"WebPage\",\"@id\":\"https:\/\/vapingnet.de\/vape\/kiwi-passion-fruit-geschmack-in-der-elf-box-digital-12000-langanhaltend\/\",\"url\":\"https:\/\/vapingnet.de\/vape\/kiwi-passion-fruit-geschmack-in-der-elf-box-digital-12000-langanhaltend\/\",\"name\":\"Kiwi Passion Fruit Geschmack In Der ELF BOX Digital 12000 Langanhaltend | Vapingnet.de\",\"isPartOf\":{\"@id\":\"https:\/\/vapingnet.de\/#website\"},\"primaryImageOfPage\":{\"@id\":\"https:\/\/vapingnet.de\/vape\/kiwi-passion-fruit-geschmack-in-der-elf-box-digital-12000-langanhaltend\/#primaryimage\"},\"image\":{\"@id\":\"https:\/\/vapingnet.de\/vape\/kiwi-passion-fruit-geschmack-in-der-elf-box-digital-12000-langanhaltend\/#primaryimage\"},\"thumbnailUrl\":\"https:\/\/vapingnet.de\/wp-content\/uploads\/2025\/04\/Kiwi-Passion-Fruit-1.webp\",\"datePublished\":\"2025-04-15T07:08:52+00:00\",\"dateModified\":\"2025-06-19T03:42:58+00:00\",\"description\":\"Entdecke Kiwi Passion Fruit Geschmack In Der ELF BOX Digital 12000 Langanhaltend bei vapingnet.de, \u25ba Gro\u00dfe Auswahl an Geschmacksrichtungen & super g\u00fcnstig!\",\"breadcrumb\":{\"@id\":\"https:\/\/vapingnet.de\/vape\/kiwi-passion-fruit-geschmack-in-der-elf-box-digital-12000-langanhaltend\/#breadcrumb\"},\"inLanguage\":\"fr-FR\",\"potentialAction\":[{\"@type\":\"ReadAction\",\"target\":[\"https:\/\/vapingnet.de\/vape\/kiwi-passion-fruit-geschmack-in-der-elf-box-digital-12000-langanhaltend\/\"]}]},{\"@type\":\"ImageObject\",\"inLanguage\":\"fr-FR\",\"@id\":\"https:\/\/vapingnet.de\/vape\/kiwi-passion-fruit-geschmack-in-der-elf-box-digital-12000-langanhaltend\/#primaryimage\",\"url\":\"https:\/\/vapingnet.de\/wp-content\/uploads\/2025\/04\/Kiwi-Passion-Fruit-1.webp\",\"contentUrl\":\"https:\/\/vapingnet.de\/wp-content\/uploads\/2025\/04\/Kiwi-Passion-Fruit-1.webp\",\"width\":1000,\"height\":1000},{\"@type\":\"BreadcrumbList\",\"@id\":\"https:\/\/vapingnet.de\/vape\/kiwi-passion-fruit-geschmack-in-der-elf-box-digital-12000-langanhaltend\/#breadcrumb\",\"itemListElement\":[{\"@type\":\"ListItem\",\"position\":1,\"name\":\"Home\",\"item\":\"https:\/\/vapingnet.de\/\"},{\"@type\":\"ListItem\",\"position\":2,\"name\":\"Shop\",\"item\":\"https:\/\/vapingnet.de\/vape\/\"},{\"@type\":\"ListItem\",\"position\":3,\"name\":\"Kiwi Passion Fruit Geschmack In Der ELF BOX Digital 12000 Langanhaltend\"}]},{\"@type\":\"WebSite\",\"@id\":\"https:\/\/vapingnet.de\/#website\",\"url\":\"https:\/\/vapingnet.de\/\",\"name\":\"Vapingnet.de\",\"description\":\"\",\"publisher\":{\"@id\":\"https:\/\/vapingnet.de\/#organization\"},\"potentialAction\":[{\"@type\":\"SearchAction\",\"target\":{\"@type\":\"EntryPoint\",\"urlTemplate\":\"https:\/\/vapingnet.de\/?s={search_term_string}\"},\"query-input\":{\"@type\":\"PropertyValueSpecification\",\"valueRequired\":true,\"valueName\":\"search_term_string\"}}],\"inLanguage\":\"fr-FR\"},{\"@type\":\"Organization\",\"@id\":\"https:\/\/vapingnet.de\/#organization\",\"name\":\"Vapingnet.de\",\"url\":\"https:\/\/vapingnet.de\/\",\"logo\":{\"@type\":\"ImageObject\",\"inLanguage\":\"fr-FR\",\"@id\":\"https:\/\/vapingnet.de\/#\/schema\/logo\/image\/\",\"url\":\"https:\/\/vapingnet.de\/wp-content\/uploads\/2025\/03\/cropped-vapingnet.de_.jpg\",\"contentUrl\":\"https:\/\/vapingnet.de\/wp-content\/uploads\/2025\/03\/cropped-vapingnet.de_.jpg\",\"width\":512,\"height\":512,\"caption\":\"Vapingnet.de\"},\"image\":{\"@id\":\"https:\/\/vapingnet.de\/#\/schema\/logo\/image\/\"},\"sameAs\":[\"https:\/\/www.facebook.com\/vapingnetde\/\"]}]}<\/script>\n<!-- \/ Yoast SEO plugin. -->","yoast_head_json":{"title":"Kiwi Passion Fruit Geschmack In Der ELF BOX Digital 12000 Langanhaltend | Vapingnet.de","description":"Entdecke Kiwi Passion Fruit Geschmack In Der ELF BOX Digital 12000 Langanhaltend bei vapingnet.de, \u25ba Gro\u00dfe Auswahl an Geschmacksrichtungen & super g\u00fcnstig!","robots":{"index":"index","follow":"follow","max-snippet":"max-snippet:-1","max-image-preview":"max-image-preview:large","max-video-preview":"max-video-preview:-1"},"canonical":"https:\/\/vapingnet.de\/fr\/vape\/kiwi-passion-fruit-geschmack-in-der-elf-box-digital-12000-langanhaltend\/","og_locale":"fr_FR","og_type":"article","og_title":"Kiwi Passion Fruit Geschmack In Der ELF BOX Digital 12000 Langanhaltend | Vapingnet.de","og_description":"Entdecke Kiwi Passion Fruit Geschmack In Der ELF BOX Digital 12000 Langanhaltend bei vapingnet.de, \u25ba Gro\u00dfe Auswahl an Geschmacksrichtungen & super g\u00fcnstig!","og_url":"https:\/\/vapingnet.de\/fr\/vape\/kiwi-passion-fruit-geschmack-in-der-elf-box-digital-12000-langanhaltend\/","og_site_name":"Vapingnet.de","article_publisher":"https:\/\/www.facebook.com\/vapingnetde\/","article_modified_time":"2025-06-19T03:42:58+00:00","og_image":[{"width":1000,"height":1000,"url":"https:\/\/vapingnet.de\/wp-content\/uploads\/2025\/04\/Kiwi-Passion-Fruit-1.webp","type":"image\/webp"}],"twitter_card":"summary_large_image","twitter_misc":{"Dur\u00e9e de lecture estim\u00e9e":"3 minutes"},"schema":{"@context":"https:\/\/schema.org","@graph":[{"@type":"WebPage","@id":"https:\/\/vapingnet.de\/vape\/kiwi-passion-fruit-geschmack-in-der-elf-box-digital-12000-langanhaltend\/","url":"https:\/\/vapingnet.de\/vape\/kiwi-passion-fruit-geschmack-in-der-elf-box-digital-12000-langanhaltend\/","name":"Kiwi Passion Fruit Geschmack In Der ELF BOX Digital 12000 Langanhaltend | Vapingnet.de","isPartOf":{"@id":"https:\/\/vapingnet.de\/#website"},"primaryImageOfPage":{"@id":"https:\/\/vapingnet.de\/vape\/kiwi-passion-fruit-geschmack-in-der-elf-box-digital-12000-langanhaltend\/#primaryimage"},"image":{"@id":"https:\/\/vapingnet.de\/vape\/kiwi-passion-fruit-geschmack-in-der-elf-box-digital-12000-langanhaltend\/#primaryimage"},"thumbnailUrl":"https:\/\/vapingnet.de\/wp-content\/uploads\/2025\/04\/Kiwi-Passion-Fruit-1.webp","datePublished":"2025-04-15T07:08:52+00:00","dateModified":"2025-06-19T03:42:58+00:00","description":"Entdecke Kiwi Passion Fruit Geschmack In Der ELF BOX Digital 12000 Langanhaltend bei vapingnet.de, \u25ba Gro\u00dfe Auswahl an Geschmacksrichtungen & super g\u00fcnstig!","breadcrumb":{"@id":"https:\/\/vapingnet.de\/vape\/kiwi-passion-fruit-geschmack-in-der-elf-box-digital-12000-langanhaltend\/#breadcrumb"},"inLanguage":"fr-FR","potentialAction":[{"@type":"ReadAction","target":["https:\/\/vapingnet.de\/vape\/kiwi-passion-fruit-geschmack-in-der-elf-box-digital-12000-langanhaltend\/"]}]},{"@type":"ImageObject","inLanguage":"fr-FR","@id":"https:\/\/vapingnet.de\/vape\/kiwi-passion-fruit-geschmack-in-der-elf-box-digital-12000-langanhaltend\/#primaryimage","url":"https:\/\/vapingnet.de\/wp-content\/uploads\/2025\/04\/Kiwi-Passion-Fruit-1.webp","contentUrl":"https:\/\/vapingnet.de\/wp-content\/uploads\/2025\/04\/Kiwi-Passion-Fruit-1.webp","width":1000,"height":1000},{"@type":"BreadcrumbList","@id":"https:\/\/vapingnet.de\/vape\/kiwi-passion-fruit-geschmack-in-der-elf-box-digital-12000-langanhaltend\/#breadcrumb","itemListElement":[{"@type":"ListItem","position":1,"name":"Home","item":"https:\/\/vapingnet.de\/"},{"@type":"ListItem","position":2,"name":"Shop","item":"https:\/\/vapingnet.de\/vape\/"},{"@type":"ListItem","position":3,"name":"Kiwi Passion Fruit Geschmack In Der ELF BOX Digital 12000 Langanhaltend"}]},{"@type":"WebSite","@id":"https:\/\/vapingnet.de\/#website","url":"https:\/\/vapingnet.de\/","name":"Vapingnet.de","description":"","publisher":{"@id":"https:\/\/vapingnet.de\/#organization"},"potentialAction":[{"@type":"SearchAction","target":{"@type":"EntryPoint","urlTemplate":"https:\/\/vapingnet.de\/?s={search_term_string}"},"query-input":{"@type":"PropertyValueSpecification","valueRequired":true,"valueName":"search_term_string"}}],"inLanguage":"fr-FR"},{"@type":"Organization","@id":"https:\/\/vapingnet.de\/#organization","name":"Vapingnet.de","url":"https:\/\/vapingnet.de\/","logo":{"@type":"ImageObject","inLanguage":"fr-FR","@id":"https:\/\/vapingnet.de\/#\/schema\/logo\/image\/","url":"https:\/\/vapingnet.de\/wp-content\/uploads\/2025\/03\/cropped-vapingnet.de_.jpg","contentUrl":"https:\/\/vapingnet.de\/wp-content\/uploads\/2025\/03\/cropped-vapingnet.de_.jpg","width":512,"height":512,"caption":"Vapingnet.de"},"image":{"@id":"https:\/\/vapingnet.de\/#\/schema\/logo\/image\/"},"sameAs":["https:\/\/www.facebook.com\/vapingnetde\/"]}]}},"tiered_pricing_type":"fixed","tiered_pricing_fixed_rules":{"10":"7.78","60":"7.00","110":"6.22","200":"5.45"},"tiered_pricing_product_settings":{"layout":"default","base_unit_name":{"singular":null,"plural":null},"default_variation":null},"tiered_pricing_minimum_quantity":null,"tiered_pricing_roles_data":[],"tiered_pricing_percentage_rules":[],"_links":{"self":[{"href":"https:\/\/vapingnet.de\/fr\/wp-json\/wp\/v2\/product\/6373","targetHints":{"allow":["GET"]}}],"collection":[{"href":"https:\/\/vapingnet.de\/fr\/wp-json\/wp\/v2\/product"}],"about":[{"href":"https:\/\/vapingnet.de\/fr\/wp-json\/wp\/v2\/types\/product"}],"version-history":[{"count":3,"href":"https:\/\/vapingnet.de\/fr\/wp-json\/wp\/v2\/product\/6373\/revisions"}],"predecessor-version":[{"id":6387,"href":"https:\/\/vapingnet.de\/fr\/wp-json\/wp\/v2\/product\/6373\/revisions\/6387"}],"wp:featuredmedia":[{"embeddable":true,"href":"https:\/\/vapingnet.de\/fr\/wp-json\/wp\/v2\/media\/6374"}],"wp:attachment":[{"href":"https:\/\/vapingnet.de\/fr\/wp-json\/wp\/v2\/media?parent=6373"}],"wp:term":[{"taxonomy":"brand","embeddable":true,"href":"https:\/\/vapingnet.de\/fr\/wp-json\/wp\/v2\/etheme_brands?post=6373"},{"taxonomy":"product_brand","embeddable":true,"href":"https:\/\/vapingnet.de\/fr\/wp-json\/wp\/v2\/product_brand?post=6373"},{"taxonomy":"product_cat","embeddable":true,"href":"https:\/\/vapingnet.de\/fr\/wp-json\/wp\/v2\/product_cat?post=6373"},{"taxonomy":"product_tag","embeddable":true,"href":"https:\/\/vapingnet.de\/fr\/wp-json\/wp\/v2\/product_tag?post=6373"}],"curies":[{"name":"wp","href":"https:\/\/api.w.org\/{rel}","templated":true}]}}