{"id":6376,"date":"2025-04-15T07:11:28","date_gmt":"2025-04-15T07:11:28","guid":{"rendered":"https:\/\/vapingnet.de\/?post_type=product&#038;p=6376"},"modified":"2025-06-19T03:42:57","modified_gmt":"2025-06-19T03:42:57","slug":"double-apple-geschmack-mit-elf-box-digital-12000-globale-beststeller","status":"publish","type":"product","link":"https:\/\/vapingnet.de\/fr\/vape\/double-apple-geschmack-mit-elf-box-digital-12000-globale-beststeller\/","title":{"rendered":"Saveur Double Apple avec ELF BOX Digital 12000 Best-sellers mondiaux"},"content":{"rendered":"<h2 data-start=\"0\" data-end=\"62\" data-immersive-translate-walked=\"c46dbc58-1a98-428d-b62b-ec891b96e74f\">ELF BOX Digital 12000 \u2013 Votre cigarette \u00e9lectronique jetable ultime<\/h2>\n<p class=\"\" data-start=\"64\" data-end=\"391\" data-immersive-translate-walked=\"c46dbc58-1a98-428d-b62b-ec891b96e74f\" data-immersive-translate-paragraph=\"1\">La ELF BOX Digital 12000 offre une exp\u00e9rience de vapotage exceptionnelle pour tous ceux qui recherchent une cigarette \u00e9lectronique jetable fiable, durable et facile \u00e0 utiliser. Avec un grand nombre de bouff\u00e9es, une technologie de pointe et des ar\u00f4mes intenses, elle constitue un excellent choix pour les vapoteurs de tous niveaux d'exp\u00e9rience.<\/p>\n<h4 data-start=\"393\" data-end=\"421\" data-immersive-translate-walked=\"c46dbc58-1a98-428d-b62b-ec891b96e74f\" data-immersive-translate-paragraph=\"1\">Caract\u00e9ristiques importantes du produit<\/h4>\n<ul data-start=\"423\" data-end=\"1172\">\n<li class=\"\" data-start=\"423\" data-end=\"505\">\n<p class=\"\" data-start=\"425\" data-end=\"505\" data-immersive-translate-walked=\"c46dbc58-1a98-428d-b62b-ec891b96e74f\" data-immersive-translate-paragraph=\"1\">Bouff\u00e9es : 12 000 bouff\u00e9es \u2013 pour une utilisation prolong\u00e9e sans rechargement fr\u00e9quent<\/p>\n<\/li>\n<li class=\"\" data-start=\"506\" data-end=\"593\">\n<p class=\"\" data-start=\"508\" data-end=\"593\" data-immersive-translate-walked=\"c46dbc58-1a98-428d-b62b-ec891b96e74f\" data-immersive-translate-paragraph=\"1\">R\u00e9sistance : R\u00e9sistance en Mesh (0,8 Ohm) \u2013 pour une vaporisation uniforme et une saveur intense<\/p>\n<\/li>\n<li class=\"\" data-start=\"594\" data-end=\"659\">\n<p class=\"\" data-start=\"596\" data-end=\"659\" data-immersive-translate-walked=\"c46dbc58-1a98-428d-b62b-ec891b96e74f\" data-immersive-translate-paragraph=\"1\">E-liquide : 25 ml \u2013 suffisant pour une utilisation \u00e0 long terme<\/p>\n<\/li>\n<li class=\"\" data-start=\"660\" data-end=\"748\">\n<p class=\"\" data-start=\"662\" data-end=\"748\" data-immersive-translate-walked=\"c46dbc58-1a98-428d-b62b-ec891b96e74f\" data-immersive-translate-paragraph=\"1\">Nicotine : Disponible en 0%, 2%, 3% et 5% \u2013 pour une vapotage personnalis\u00e9 selon les pr\u00e9f\u00e9rences<\/p>\n<\/li>\n<li class=\"\" data-start=\"749\" data-end=\"839\">\n<p class=\"\" data-start=\"751\" data-end=\"839\" data-immersive-translate-walked=\"c46dbc58-1a98-428d-b62b-ec891b96e74f\" data-immersive-translate-paragraph=\"1\">Batterie : 500 mAh \u2013 assure une longue dur\u00e9e de vie et une exp\u00e9rience de vapotage fiable<\/p>\n<\/li>\n<li class=\"\" data-start=\"840\" data-end=\"917\">\n<p class=\"\" data-start=\"842\" data-end=\"917\" data-immersive-translate-walked=\"c46dbc58-1a98-428d-b62b-ec891b96e74f\" data-immersive-translate-paragraph=\"1\">Technologie de charge : USB-C \u2013 pour une recharge rapide et une manipulation facile<\/p>\n<\/li>\n<li class=\"\" data-start=\"918\" data-end=\"1035\">\n<p class=\"\" data-start=\"920\" data-end=\"1035\" data-immersive-translate-walked=\"c46dbc58-1a98-428d-b62b-ec891b96e74f\" data-immersive-translate-paragraph=\"1\">Affichage num\u00e9rique : Affiche le niveau de batterie et le niveau de liquide \u2013 inform\u00e9 \u00e0 tout moment de l\u2019\u00e9tat actuel<\/p>\n<\/li>\n<li class=\"\" data-start=\"1036\" data-end=\"1084\">\n<p class=\"\" data-start=\"1038\" data-end=\"1084\" data-immersive-translate-walked=\"c46dbc58-1a98-428d-b62b-ec891b96e74f\" data-immersive-translate-paragraph=\"1\">Poids du produit : 82 g \u2013 l\u00e9ger et pratique<\/p>\n<\/li>\n<li class=\"\" data-start=\"1085\" data-end=\"1172\">\n<p class=\"\" data-start=\"1087\" data-end=\"1172\" data-immersive-translate-walked=\"c46dbc58-1a98-428d-b62b-ec891b96e74f\" data-immersive-translate-paragraph=\"1\">Go\u00fbt : Double Pomme \u2013 une saveur fruit\u00e9e qui vous ravira \u00e0 chaque bouff\u00e9e<\/p>\n<\/li>\n<\/ul>\n<h3>Avantages de la ELF BOX Digital 12000<\/h3>\n<ul data-start=\"1214\" data-end=\"1808\">\n<li class=\"\" data-start=\"1214\" data-end=\"1378\">\n<p class=\"\" data-start=\"1216\" data-end=\"1378\" data-immersive-translate-walked=\"c46dbc58-1a98-428d-b62b-ec891b96e74f\" data-immersive-translate-paragraph=\"1\">Durabilit\u00e9 : Avec 12 000 bouff\u00e9es, la ELF BOX Digital 12000 est id\u00e9ale pour une utilisation quotidienne et offre une longue dur\u00e9e de vie sans rechargement fr\u00e9quent.<\/p>\n<\/li>\n<li class=\"\" data-start=\"1379\" data-end=\"1548\">\n<p class=\"\" data-start=\"1381\" data-end=\"1548\" data-immersive-translate-walked=\"c46dbc58-1a98-428d-b62b-ec891b96e74f\" data-immersive-translate-paragraph=\"1\">Facilit\u00e9 d'utilisation : Gr\u00e2ce \u00e0 l'affichage num\u00e9rique et \u00e0 la fonction de recharge USB-C simple, vous contr\u00f4lez \u00e0 tout moment le niveau de batterie et de liquide.<\/p>\n<\/li>\n<li class=\"\" data-start=\"1549\" data-end=\"1711\">\n<p class=\"\" data-start=\"1551\" data-end=\"1711\" data-immersive-translate-walked=\"c46dbc58-1a98-428d-b62b-ec891b96e74f\" data-immersive-translate-paragraph=\"1\">Vaporisation de haute qualit\u00e9 : La r\u00e9sistance en Mesh assure une vaporisation uniforme et une saveur intense, rendant le vapotage vraiment agr\u00e9able.<\/p>\n<\/li>\n<li class=\"\" data-start=\"1712\" data-end=\"1808\">\n<p class=\"\" data-start=\"1714\" data-end=\"1808\" data-immersive-translate-walked=\"c46dbc58-1a98-428d-b62b-ec891b96e74f\" data-immersive-translate-paragraph=\"1\">Sans douane : Profitez d'une livraison sans douane et achetez facilement dans le monde entier.<\/p>\n<\/li>\n<\/ul>\n<h4 data-start=\"1810\" data-end=\"1847\" data-immersive-translate-walked=\"c46dbc58-1a98-428d-b62b-ec891b96e74f\" data-immersive-translate-paragraph=\"1\">Exp\u00e9rience gustative \u2013 Double Pomme<\/h4>\n<p class=\"\" data-start=\"1849\" data-end=\"2073\" data-immersive-translate-walked=\"c46dbc58-1a98-428d-b62b-ec891b96e74f\" data-immersive-translate-paragraph=\"1\">Le go\u00fbt Double Pomme est un m\u00e9lange parfait d'ar\u00f4mes de pommes sucr\u00e9es et fra\u00eeches, offrant une exp\u00e9rience de vapotage intense mais \u00e9quilibr\u00e9e. Id\u00e9al pour les vapoteurs qui aiment les saveurs fruit\u00e9es et rafra\u00eechissantes.<\/p>\n<h4 data-start=\"2075\" data-end=\"2111\" data-immersive-translate-walked=\"c46dbc58-1a98-428d-b62b-ec891b96e74f\" data-immersive-translate-paragraph=\"1\">Informations sur la livraison et l'exp\u00e9dition<\/h4>\n<ul data-start=\"2113\" data-end=\"2450\">\n<li class=\"\" data-start=\"2113\" data-end=\"2203\">\n<p class=\"\" data-start=\"2115\" data-end=\"2203\" data-immersive-translate-walked=\"c46dbc58-1a98-428d-b62b-ec891b96e74f\" data-immersive-translate-paragraph=\"1\">Site web : La ELF BOX Digital 12000 est exclusivement disponible sur vapingnet.fr.<\/p>\n<\/li>\n<li class=\"\" data-start=\"2204\" data-end=\"2343\">\n<p class=\"\" data-start=\"2206\" data-end=\"2343\" data-immersive-translate-walked=\"c46dbc58-1a98-428d-b62b-ec891b96e74f\" data-immersive-translate-paragraph=\"1\">D\u00e9lai de livraison : L'exp\u00e9dition s'effectue dans un d\u00e9lai de 7 \u00e0 15 jours ouvrables, pour que vous puissiez profiter rapidement de votre nouvelle cigarette \u00e9lectronique.<\/p>\n<\/li>\n<li class=\"\" data-start=\"2344\" data-end=\"2450\">\n<p class=\"\" data-start=\"2346\" data-end=\"2450\" data-immersive-translate-walked=\"c46dbc58-1a98-428d-b62b-ec891b96e74f\" data-immersive-translate-paragraph=\"1\">Avantage : L'exp\u00e9dition est sans droits de douane, ce qui facilite l'achat international pour tous les clients.<\/p>\n<\/li>\n<\/ul>\n<p class=\"\" data-start=\"2463\" data-end=\"2948\" data-immersive-translate-walked=\"c46dbc58-1a98-428d-b62b-ec891b96e74f\" data-immersive-translate-paragraph=\"1\">L'ELF BOX Digital 12000 est un choix de premier ordre pour les vapoteurs qui attachent de l'importance \u00e0 une longue dur\u00e9e d'utilisation, une manipulation simple et une saveur intense. Avec une technologie avanc\u00e9e de mesh coil, un \u00e9cran num\u00e9rique pratique et une exp\u00e9rience gustative exceptionnelle, c'est l'une des meilleures cigarettes \u00e9lectroniques jetables sur le march\u00e9. Visitez vapingnet.fr pour d\u00e9couvrir votre propre ELF BOX Digital 12000 et porter la vapote \u00e0 un niveau sup\u00e9rieur.<\/p>","protected":false},"excerpt":{"rendered":"<p>ELF BOX Digital 12000 \u2013 Ihre ultimative Einweg-E-Zigarette Die ELF BOX Digital 12000 bietet ein au\u00dfergew\u00f6hnliches Dampferlebnis f\u00fcr alle, die auf der Suche nach einer&#8230;<\/p>","protected":false},"featured_media":6381,"template":"","meta":[],"etheme_brands":[],"product_brand":[100],"product_cat":[88,49,61],"product_tag":[],"class_list":{"0":"post-6376","1":"product","2":"type-product","3":"status-publish","4":"has-post-thumbnail","6":"product_brand-elf-box-vape","7":"product_cat-12k-vape","8":"product_cat-einweg-e-zigarette","9":"product_cat-f","11":"first","12":"instock","13":"shipping-taxable","14":"purchasable","15":"product-type-simple"},"yoast_head":"<!-- This site is optimized with the Yoast SEO plugin v26.5 - https:\/\/yoast.com\/wordpress\/plugins\/seo\/ -->\n<title>Double Apple Geschmack mit ELF BOX Digital 12000 Globale Beststeller | Vapingnet.de<\/title>\n<meta name=\"description\" content=\"Entdecke Double Apple Geschmack mit ELF BOX Digital 12000 Globale Beststeller bei vapingnet.de, \u25ba Gro\u00dfe Auswahl an Geschmacksrichtungen &amp; super g\u00fcnstig!\" \/>\n<meta name=\"robots\" content=\"index, follow, max-snippet:-1, max-image-preview:large, max-video-preview:-1\" \/>\n<link rel=\"canonical\" href=\"https:\/\/vapingnet.de\/fr\/vape\/double-apple-geschmack-mit-elf-box-digital-12000-globale-beststeller\/\" \/>\n<meta property=\"og:locale\" content=\"fr_FR\" \/>\n<meta property=\"og:type\" content=\"article\" \/>\n<meta property=\"og:title\" content=\"Double Apple Geschmack mit ELF BOX Digital 12000 Globale Beststeller | Vapingnet.de\" \/>\n<meta property=\"og:description\" content=\"Entdecke Double Apple Geschmack mit ELF BOX Digital 12000 Globale Beststeller bei vapingnet.de, \u25ba Gro\u00dfe Auswahl an Geschmacksrichtungen &amp; super g\u00fcnstig!\" \/>\n<meta property=\"og:url\" content=\"https:\/\/vapingnet.de\/fr\/vape\/double-apple-geschmack-mit-elf-box-digital-12000-globale-beststeller\/\" \/>\n<meta property=\"og:site_name\" content=\"Vapingnet.de\" \/>\n<meta property=\"article:publisher\" content=\"https:\/\/www.facebook.com\/vapingnetde\/\" \/>\n<meta property=\"article:modified_time\" content=\"2025-06-19T03:42:57+00:00\" \/>\n<meta property=\"og:image\" content=\"https:\/\/vapingnet.de\/wp-content\/uploads\/2025\/04\/Double-Apple.webp\" \/>\n\t<meta property=\"og:image:width\" content=\"1000\" \/>\n\t<meta property=\"og:image:height\" content=\"1000\" \/>\n\t<meta property=\"og:image:type\" content=\"image\/webp\" \/>\n<meta name=\"twitter:card\" content=\"summary_large_image\" \/>\n<meta name=\"twitter:label1\" content=\"Dur\u00e9e de lecture estim\u00e9e\" \/>\n\t<meta name=\"twitter:data1\" content=\"3 minutes\" \/>\n<script type=\"application\/ld+json\" class=\"yoast-schema-graph\">{\"@context\":\"https:\/\/schema.org\",\"@graph\":[{\"@type\":\"WebPage\",\"@id\":\"https:\/\/vapingnet.de\/vape\/double-apple-geschmack-mit-elf-box-digital-12000-globale-beststeller\/\",\"url\":\"https:\/\/vapingnet.de\/vape\/double-apple-geschmack-mit-elf-box-digital-12000-globale-beststeller\/\",\"name\":\"Double Apple Geschmack mit ELF BOX Digital 12000 Globale Beststeller | Vapingnet.de\",\"isPartOf\":{\"@id\":\"https:\/\/vapingnet.de\/#website\"},\"primaryImageOfPage\":{\"@id\":\"https:\/\/vapingnet.de\/vape\/double-apple-geschmack-mit-elf-box-digital-12000-globale-beststeller\/#primaryimage\"},\"image\":{\"@id\":\"https:\/\/vapingnet.de\/vape\/double-apple-geschmack-mit-elf-box-digital-12000-globale-beststeller\/#primaryimage\"},\"thumbnailUrl\":\"https:\/\/vapingnet.de\/wp-content\/uploads\/2025\/04\/Double-Apple.webp\",\"datePublished\":\"2025-04-15T07:11:28+00:00\",\"dateModified\":\"2025-06-19T03:42:57+00:00\",\"description\":\"Entdecke Double Apple Geschmack mit ELF BOX Digital 12000 Globale Beststeller bei vapingnet.de, \u25ba Gro\u00dfe Auswahl an Geschmacksrichtungen & super g\u00fcnstig!\",\"breadcrumb\":{\"@id\":\"https:\/\/vapingnet.de\/vape\/double-apple-geschmack-mit-elf-box-digital-12000-globale-beststeller\/#breadcrumb\"},\"inLanguage\":\"fr-FR\",\"potentialAction\":[{\"@type\":\"ReadAction\",\"target\":[\"https:\/\/vapingnet.de\/vape\/double-apple-geschmack-mit-elf-box-digital-12000-globale-beststeller\/\"]}]},{\"@type\":\"ImageObject\",\"inLanguage\":\"fr-FR\",\"@id\":\"https:\/\/vapingnet.de\/vape\/double-apple-geschmack-mit-elf-box-digital-12000-globale-beststeller\/#primaryimage\",\"url\":\"https:\/\/vapingnet.de\/wp-content\/uploads\/2025\/04\/Double-Apple.webp\",\"contentUrl\":\"https:\/\/vapingnet.de\/wp-content\/uploads\/2025\/04\/Double-Apple.webp\",\"width\":1000,\"height\":1000},{\"@type\":\"BreadcrumbList\",\"@id\":\"https:\/\/vapingnet.de\/vape\/double-apple-geschmack-mit-elf-box-digital-12000-globale-beststeller\/#breadcrumb\",\"itemListElement\":[{\"@type\":\"ListItem\",\"position\":1,\"name\":\"Home\",\"item\":\"https:\/\/vapingnet.de\/\"},{\"@type\":\"ListItem\",\"position\":2,\"name\":\"Shop\",\"item\":\"https:\/\/vapingnet.de\/vape\/\"},{\"@type\":\"ListItem\",\"position\":3,\"name\":\"Double Apple Geschmack mit ELF BOX Digital 12000 Globale Beststeller\"}]},{\"@type\":\"WebSite\",\"@id\":\"https:\/\/vapingnet.de\/#website\",\"url\":\"https:\/\/vapingnet.de\/\",\"name\":\"Vapingnet.de\",\"description\":\"\",\"publisher\":{\"@id\":\"https:\/\/vapingnet.de\/#organization\"},\"potentialAction\":[{\"@type\":\"SearchAction\",\"target\":{\"@type\":\"EntryPoint\",\"urlTemplate\":\"https:\/\/vapingnet.de\/?s={search_term_string}\"},\"query-input\":{\"@type\":\"PropertyValueSpecification\",\"valueRequired\":true,\"valueName\":\"search_term_string\"}}],\"inLanguage\":\"fr-FR\"},{\"@type\":\"Organization\",\"@id\":\"https:\/\/vapingnet.de\/#organization\",\"name\":\"Vapingnet.de\",\"url\":\"https:\/\/vapingnet.de\/\",\"logo\":{\"@type\":\"ImageObject\",\"inLanguage\":\"fr-FR\",\"@id\":\"https:\/\/vapingnet.de\/#\/schema\/logo\/image\/\",\"url\":\"https:\/\/vapingnet.de\/wp-content\/uploads\/2025\/03\/cropped-vapingnet.de_.jpg\",\"contentUrl\":\"https:\/\/vapingnet.de\/wp-content\/uploads\/2025\/03\/cropped-vapingnet.de_.jpg\",\"width\":512,\"height\":512,\"caption\":\"Vapingnet.de\"},\"image\":{\"@id\":\"https:\/\/vapingnet.de\/#\/schema\/logo\/image\/\"},\"sameAs\":[\"https:\/\/www.facebook.com\/vapingnetde\/\"]}]}<\/script>\n<!-- \/ Yoast SEO plugin. -->","yoast_head_json":{"title":"Double Apple Geschmack mit ELF BOX Digital 12000 Globale Beststeller | Vapingnet.de","description":"Entdecke Double Apple Geschmack mit ELF BOX Digital 12000 Globale Beststeller bei vapingnet.de, \u25ba Gro\u00dfe Auswahl an Geschmacksrichtungen & super g\u00fcnstig!","robots":{"index":"index","follow":"follow","max-snippet":"max-snippet:-1","max-image-preview":"max-image-preview:large","max-video-preview":"max-video-preview:-1"},"canonical":"https:\/\/vapingnet.de\/fr\/vape\/double-apple-geschmack-mit-elf-box-digital-12000-globale-beststeller\/","og_locale":"fr_FR","og_type":"article","og_title":"Double Apple Geschmack mit ELF BOX Digital 12000 Globale Beststeller | Vapingnet.de","og_description":"Entdecke Double Apple Geschmack mit ELF BOX Digital 12000 Globale Beststeller bei vapingnet.de, \u25ba Gro\u00dfe Auswahl an Geschmacksrichtungen & super g\u00fcnstig!","og_url":"https:\/\/vapingnet.de\/fr\/vape\/double-apple-geschmack-mit-elf-box-digital-12000-globale-beststeller\/","og_site_name":"Vapingnet.de","article_publisher":"https:\/\/www.facebook.com\/vapingnetde\/","article_modified_time":"2025-06-19T03:42:57+00:00","og_image":[{"width":1000,"height":1000,"url":"https:\/\/vapingnet.de\/wp-content\/uploads\/2025\/04\/Double-Apple.webp","type":"image\/webp"}],"twitter_card":"summary_large_image","twitter_misc":{"Dur\u00e9e de lecture estim\u00e9e":"3 minutes"},"schema":{"@context":"https:\/\/schema.org","@graph":[{"@type":"WebPage","@id":"https:\/\/vapingnet.de\/vape\/double-apple-geschmack-mit-elf-box-digital-12000-globale-beststeller\/","url":"https:\/\/vapingnet.de\/vape\/double-apple-geschmack-mit-elf-box-digital-12000-globale-beststeller\/","name":"Double Apple Geschmack mit ELF BOX Digital 12000 Globale Beststeller | Vapingnet.de","isPartOf":{"@id":"https:\/\/vapingnet.de\/#website"},"primaryImageOfPage":{"@id":"https:\/\/vapingnet.de\/vape\/double-apple-geschmack-mit-elf-box-digital-12000-globale-beststeller\/#primaryimage"},"image":{"@id":"https:\/\/vapingnet.de\/vape\/double-apple-geschmack-mit-elf-box-digital-12000-globale-beststeller\/#primaryimage"},"thumbnailUrl":"https:\/\/vapingnet.de\/wp-content\/uploads\/2025\/04\/Double-Apple.webp","datePublished":"2025-04-15T07:11:28+00:00","dateModified":"2025-06-19T03:42:57+00:00","description":"Entdecke Double Apple Geschmack mit ELF BOX Digital 12000 Globale Beststeller bei vapingnet.de, \u25ba Gro\u00dfe Auswahl an Geschmacksrichtungen & super g\u00fcnstig!","breadcrumb":{"@id":"https:\/\/vapingnet.de\/vape\/double-apple-geschmack-mit-elf-box-digital-12000-globale-beststeller\/#breadcrumb"},"inLanguage":"fr-FR","potentialAction":[{"@type":"ReadAction","target":["https:\/\/vapingnet.de\/vape\/double-apple-geschmack-mit-elf-box-digital-12000-globale-beststeller\/"]}]},{"@type":"ImageObject","inLanguage":"fr-FR","@id":"https:\/\/vapingnet.de\/vape\/double-apple-geschmack-mit-elf-box-digital-12000-globale-beststeller\/#primaryimage","url":"https:\/\/vapingnet.de\/wp-content\/uploads\/2025\/04\/Double-Apple.webp","contentUrl":"https:\/\/vapingnet.de\/wp-content\/uploads\/2025\/04\/Double-Apple.webp","width":1000,"height":1000},{"@type":"BreadcrumbList","@id":"https:\/\/vapingnet.de\/vape\/double-apple-geschmack-mit-elf-box-digital-12000-globale-beststeller\/#breadcrumb","itemListElement":[{"@type":"ListItem","position":1,"name":"Home","item":"https:\/\/vapingnet.de\/"},{"@type":"ListItem","position":2,"name":"Shop","item":"https:\/\/vapingnet.de\/vape\/"},{"@type":"ListItem","position":3,"name":"Double Apple Geschmack mit ELF BOX Digital 12000 Globale Beststeller"}]},{"@type":"WebSite","@id":"https:\/\/vapingnet.de\/#website","url":"https:\/\/vapingnet.de\/","name":"Vapingnet.de","description":"","publisher":{"@id":"https:\/\/vapingnet.de\/#organization"},"potentialAction":[{"@type":"SearchAction","target":{"@type":"EntryPoint","urlTemplate":"https:\/\/vapingnet.de\/?s={search_term_string}"},"query-input":{"@type":"PropertyValueSpecification","valueRequired":true,"valueName":"search_term_string"}}],"inLanguage":"fr-FR"},{"@type":"Organization","@id":"https:\/\/vapingnet.de\/#organization","name":"Vapingnet.de","url":"https:\/\/vapingnet.de\/","logo":{"@type":"ImageObject","inLanguage":"fr-FR","@id":"https:\/\/vapingnet.de\/#\/schema\/logo\/image\/","url":"https:\/\/vapingnet.de\/wp-content\/uploads\/2025\/03\/cropped-vapingnet.de_.jpg","contentUrl":"https:\/\/vapingnet.de\/wp-content\/uploads\/2025\/03\/cropped-vapingnet.de_.jpg","width":512,"height":512,"caption":"Vapingnet.de"},"image":{"@id":"https:\/\/vapingnet.de\/#\/schema\/logo\/image\/"},"sameAs":["https:\/\/www.facebook.com\/vapingnetde\/"]}]}},"tiered_pricing_type":"fixed","tiered_pricing_fixed_rules":{"10":"7.78","60":"7.00","110":"6.22","200":"5.45"},"tiered_pricing_product_settings":{"layout":"default","base_unit_name":{"singular":null,"plural":null},"default_variation":null},"tiered_pricing_minimum_quantity":null,"tiered_pricing_roles_data":[],"tiered_pricing_percentage_rules":[],"_links":{"self":[{"href":"https:\/\/vapingnet.de\/fr\/wp-json\/wp\/v2\/product\/6376","targetHints":{"allow":["GET"]}}],"collection":[{"href":"https:\/\/vapingnet.de\/fr\/wp-json\/wp\/v2\/product"}],"about":[{"href":"https:\/\/vapingnet.de\/fr\/wp-json\/wp\/v2\/types\/product"}],"version-history":[{"count":2,"href":"https:\/\/vapingnet.de\/fr\/wp-json\/wp\/v2\/product\/6376\/revisions"}],"predecessor-version":[{"id":6389,"href":"https:\/\/vapingnet.de\/fr\/wp-json\/wp\/v2\/product\/6376\/revisions\/6389"}],"wp:featuredmedia":[{"embeddable":true,"href":"https:\/\/vapingnet.de\/fr\/wp-json\/wp\/v2\/media\/6381"}],"wp:attachment":[{"href":"https:\/\/vapingnet.de\/fr\/wp-json\/wp\/v2\/media?parent=6376"}],"wp:term":[{"taxonomy":"brand","embeddable":true,"href":"https:\/\/vapingnet.de\/fr\/wp-json\/wp\/v2\/etheme_brands?post=6376"},{"taxonomy":"product_brand","embeddable":true,"href":"https:\/\/vapingnet.de\/fr\/wp-json\/wp\/v2\/product_brand?post=6376"},{"taxonomy":"product_cat","embeddable":true,"href":"https:\/\/vapingnet.de\/fr\/wp-json\/wp\/v2\/product_cat?post=6376"},{"taxonomy":"product_tag","embeddable":true,"href":"https:\/\/vapingnet.de\/fr\/wp-json\/wp\/v2\/product_tag?post=6376"}],"curies":[{"name":"wp","href":"https:\/\/api.w.org\/{rel}","templated":true}]}}