{"id":6378,"date":"2025-04-15T07:11:32","date_gmt":"2025-04-15T07:11:32","guid":{"rendered":"https:\/\/vapingnet.de\/?post_type=product&#038;p=6378"},"modified":"2025-06-19T03:42:57","modified_gmt":"2025-06-19T03:42:57","slug":"watermelon-bubblegum-geschmack-in-der-elf-box-digital-12000-ideal-fuer-einsteiger","status":"publish","type":"product","link":"https:\/\/vapingnet.de\/fr\/vape\/watermelon-bubblegum-geschmack-in-der-elf-box-digital-12000-ideal-fuer-einsteiger\/","title":{"rendered":"Saveur Bubblegum Past\u00e8que Dans la ELF BOX Digital 12000 Parfaite pour les d\u00e9butants"},"content":{"rendered":"<p class=\"\" data-start=\"0\" data-end=\"283\" data-immersive-translate-walked=\"838981d9-bb22-4d40-8aac-1f4714ac210a\" data-immersive-translate-paragraph=\"1\">La ELF BOX Digital 12000 est une cigarette \u00e9lectronique jetable exceptionnelle, qui impressionne par sa technologie avanc\u00e9e et son design attrayant. Elle offre aux vapoteurs la combinaison id\u00e9ale de durabilit\u00e9, d'utilisation intuitive et d'une exp\u00e9rience gustative exceptionnelle.<\/p>\n<h2 data-start=\"285\" data-end=\"350\" data-immersive-translate-walked=\"838981d9-bb22-4d40-8aac-1f4714ac210a\" data-immersive-translate-paragraph=\"1\">Fonctions puissantes pour une exp\u00e9rience de vapotage am\u00e9lior\u00e9e<\/h2>\n<ul data-start=\"352\" data-end=\"1113\" data-immersive-translate-walked=\"838981d9-bb22-4d40-8aac-1f4714ac210a\">\n<li class=\"\" data-start=\"352\" data-end=\"512\" data-immersive-translate-walked=\"838981d9-bb22-4d40-8aac-1f4714ac210a\">\n<p class=\"\" data-start=\"354\" data-end=\"512\" data-immersive-translate-walked=\"838981d9-bb22-4d40-8aac-1f4714ac210a\" data-immersive-translate-paragraph=\"1\">Bouff\u00e9es : Avec une dur\u00e9e de vie impressionnante de 12 000 bouff\u00e9es, cette cigarette \u00e9lectronique offre une utilisation exceptionnellement longue \u2013 id\u00e9ale pour les vapoteurs de longue dur\u00e9e.<\/p>\n<\/li>\n<li class=\"\" data-start=\"513\" data-end=\"632\" data-immersive-translate-walked=\"838981d9-bb22-4d40-8aac-1f4714ac210a\">\n<p class=\"\" data-start=\"515\" data-end=\"632\" data-immersive-translate-walked=\"838981d9-bb22-4d40-8aac-1f4714ac210a\" data-immersive-translate-paragraph=\"1\">R\u00e9sistance : La r\u00e9sistance Mesh (0,8 Ohm) assure une vaporisation uniforme et une saveur intense \u00e0 chaque bouff\u00e9e.<\/p>\n<\/li>\n<li class=\"\" data-start=\"633\" data-end=\"774\" data-immersive-translate-walked=\"838981d9-bb22-4d40-8aac-1f4714ac210a\">\n<p class=\"\" data-start=\"635\" data-end=\"774\" data-immersive-translate-walked=\"838981d9-bb22-4d40-8aac-1f4714ac210a\" data-immersive-translate-paragraph=\"1\">E-liquide : 25 ml d'e-liquide vous permettent d'utiliser la ELF BOX Digital 12000 de mani\u00e8re prolong\u00e9e avant de devoir la recharger.<\/p>\n<\/li>\n<li class=\"\" data-start=\"775\" data-end=\"913\" data-immersive-translate-walked=\"838981d9-bb22-4d40-8aac-1f4714ac210a\">\n<p class=\"\" data-start=\"777\" data-end=\"913\" data-immersive-translate-walked=\"838981d9-bb22-4d40-8aac-1f4714ac210a\" data-immersive-translate-paragraph=\"1\">Options de nicotine : Vous pouvez choisir parmi diff\u00e9rentes concentrations de nicotine \u2013 0%, 2%, 3%, 5% \u2013 pour une exp\u00e9rience de vapotage personnalis\u00e9e.<\/p>\n<\/li>\n<li class=\"\" data-start=\"914\" data-end=\"1013\" data-immersive-translate-walked=\"838981d9-bb22-4d40-8aac-1f4714ac210a\">\n<p class=\"\" data-start=\"916\" data-end=\"1013\" data-immersive-translate-walked=\"838981d9-bb22-4d40-8aac-1f4714ac210a\" data-immersive-translate-paragraph=\"1\">Batterie : Avec 500 mAh, la batterie offre suffisamment d'\u00e9nergie pour la longue dur\u00e9e de vie de la ELF BOX.<\/p>\n<\/li>\n<li class=\"\" data-start=\"1014\" data-end=\"1113\" data-immersive-translate-walked=\"838981d9-bb22-4d40-8aac-1f4714ac210a\">\n<p class=\"\" data-start=\"1016\" data-end=\"1113\" data-immersive-translate-walked=\"838981d9-bb22-4d40-8aac-1f4714ac210a\" data-immersive-translate-paragraph=\"1\">Option de charge : La fonction de charge USB-C garantit une recharge rapide et pratique.<\/p>\n<\/li>\n<\/ul>\n<h4 data-start=\"1115\" data-end=\"1172\" data-immersive-translate-walked=\"838981d9-bb22-4d40-8aac-1f4714ac210a\" data-immersive-translate-paragraph=\"1\">Utilisation simple avec affichage num\u00e9rique pratique<\/h4>\n<ul data-start=\"1174\" data-end=\"1493\" data-immersive-translate-walked=\"838981d9-bb22-4d40-8aac-1f4714ac210a\">\n<li class=\"\" data-start=\"1174\" data-end=\"1371\" data-immersive-translate-walked=\"838981d9-bb22-4d40-8aac-1f4714ac210a\">\n<p class=\"\" data-start=\"1176\" data-end=\"1371\" data-immersive-translate-walked=\"838981d9-bb22-4d40-8aac-1f4714ac210a\" data-immersive-translate-paragraph=\"1\">Affichage num\u00e9rique : Un \u00e9cran num\u00e9rique pratique affiche \u00e0 la fois le niveau de liquide et l'\u00e9tat de la batterie, vous permettant de savoir \u00e0 tout moment combien d'\u00e9nergie et de liquide il reste.<\/p>\n<\/li>\n<li class=\"\" data-start=\"1372\" data-end=\"1493\" data-immersive-translate-walked=\"838981d9-bb22-4d40-8aac-1f4714ac210a\">\n<p class=\"\" data-start=\"1374\" data-end=\"1493\" data-immersive-translate-walked=\"838981d9-bb22-4d40-8aac-1f4714ac210a\" data-immersive-translate-paragraph=\"1\">Poids : Avec un poids de seulement 82 g, la ELF BOX Digital 12000 est l\u00e9g\u00e8re et facile \u00e0 manipuler.<\/p>\n<\/li>\n<\/ul>\n<h4 data-start=\"1495\" data-end=\"1524\" data-immersive-translate-walked=\"838981d9-bb22-4d40-8aac-1f4714ac210a\" data-immersive-translate-paragraph=\"1\">Saveur qui enthousiasme<\/h4>\n<ul data-start=\"1526\" data-end=\"1753\" data-immersive-translate-walked=\"838981d9-bb22-4d40-8aac-1f4714ac210a\">\n<li class=\"\" data-start=\"1526\" data-end=\"1753\" data-immersive-translate-walked=\"838981d9-bb22-4d40-8aac-1f4714ac210a\">\n<p class=\"\" data-start=\"1528\" data-end=\"1753\" data-immersive-translate-walked=\"838981d9-bb22-4d40-8aac-1f4714ac210a\" data-immersive-translate-paragraph=\"1\">Watermelon Bubblegum : La saveur fruit\u00e9e de past\u00e8que combin\u00e9e \u00e0 un chewing-gum sucr\u00e9 offre une exp\u00e9rience de vapotage rafra\u00eechissante et agr\u00e9able. Parfait pour les vapoteurs qui pr\u00e9f\u00e8rent les ar\u00f4mes sucr\u00e9s et fruit\u00e9s.<\/p>\n<\/li>\n<\/ul>\n<h3 data-start=\"1755\" data-end=\"1805\" data-immersive-translate-walked=\"838981d9-bb22-4d40-8aac-1f4714ac210a\" data-immersive-translate-paragraph=\"1\">Avantages suppl\u00e9mentaires de la ELF BOX Digital 12000<\/h3>\n<ul data-start=\"1807\" data-end=\"2223\" data-immersive-translate-walked=\"838981d9-bb22-4d40-8aac-1f4714ac210a\">\n<li class=\"\" data-start=\"1807\" data-end=\"1929\" data-immersive-translate-walked=\"838981d9-bb22-4d40-8aac-1f4714ac210a\">\n<p class=\"\" data-start=\"1809\" data-end=\"1929\" data-immersive-translate-walked=\"838981d9-bb22-4d40-8aac-1f4714ac210a\" data-immersive-translate-paragraph=\"1\">Exp\u00e9dition sans douane : L'exp\u00e9dition est sans douane, ce qui rend l'achat encore plus attractif pour les clients internationaux.<\/p>\n<\/li>\n<li class=\"\" data-start=\"1930\" data-end=\"2071\" data-immersive-translate-walked=\"838981d9-bb22-4d40-8aac-1f4714ac210a\">\n<p class=\"\" data-start=\"1932\" data-end=\"2071\" data-immersive-translate-walked=\"838981d9-bb22-4d40-8aac-1f4714ac210a\" data-immersive-translate-paragraph=\"1\">Livraison rapide : Avec un d\u00e9lai de livraison de seulement 7-15 jours ouvrables, vous pouvez recevoir rapidement votre ELF BOX Digital 12000.<\/p>\n<\/li>\n<li class=\"\" data-start=\"2072\" data-end=\"2223\" data-immersive-translate-walked=\"838981d9-bb22-4d40-8aac-1f4714ac210a\">\n<p class=\"\" data-start=\"2074\" data-end=\"2223\" data-immersive-translate-walked=\"838981d9-bb22-4d40-8aac-1f4714ac210a\" data-immersive-translate-paragraph=\"1\">Facile \u00e0 utiliser : Son utilisation est extr\u00eamement simple. Aucune configuration compliqu\u00e9e n'est n\u00e9cessaire \u2013 profitez du vapotage imm\u00e9diatement.<\/p>\n<\/li>\n<\/ul>\n<h4 data-start=\"2225\" data-end=\"2268\" data-immersive-translate-walked=\"838981d9-bb22-4d40-8aac-1f4714ac210a\" data-immersive-translate-paragraph=\"1\">Pourquoi choisir la ELF BOX Digital 12000 ?<\/h4>\n<p class=\"\" data-start=\"2270\" data-end=\"2628\" data-immersive-translate-walked=\"838981d9-bb22-4d40-8aac-1f4714ac210a\" data-immersive-translate-paragraph=\"1\">La ELF BOX Digital 12000 est l'une des meilleures options pour les vapoteurs recherchant une cigarette \u00e9lectronique durable, facile \u00e0 utiliser et gustativement attrayante. Elle combine une longue dur\u00e9e d'utilisation, une manipulation conviviale et un go\u00fbt fantastique dans un design compact et \u00e9l\u00e9gant. Id\u00e9al pour une utilisation quotidienne.<\/p>\n<p class=\"\" data-start=\"2630\" data-end=\"2769\" data-immersive-translate-walked=\"838981d9-bb22-4d40-8aac-1f4714ac210a\" data-immersive-translate-paragraph=\"1\">Visitez vapingnet.fr pour commander la ELF BOX Digital 12000 et d\u00e9couvrir ses performances et son go\u00fbt.<\/p>","protected":false},"excerpt":{"rendered":"<p>Die ELF BOX Digital 12000 ist eine au\u00dfergew\u00f6hnliche Einweg-E-Zigarette, die mit fortschrittlicher Technologie und einem ansprechenden Design \u00fcberzeugt. Sie bietet Dampfern die ideale Kombination aus&#8230;<\/p>","protected":false},"featured_media":6383,"template":"","meta":[],"etheme_brands":[],"product_brand":[100],"product_cat":[88,49,61],"product_tag":[],"class_list":{"0":"post-6378","1":"product","2":"type-product","3":"status-publish","4":"has-post-thumbnail","6":"product_brand-elf-box-vape","7":"product_cat-12k-vape","8":"product_cat-einweg-e-zigarette","9":"product_cat-f","11":"first","12":"instock","13":"shipping-taxable","14":"purchasable","15":"product-type-simple"},"yoast_head":"<!-- This site is optimized with the Yoast SEO plugin v26.5 - https:\/\/yoast.com\/wordpress\/plugins\/seo\/ -->\n<title>Watermelon Bubblegum Geschmack In Der ELF BOX Digital 12000 Ideal F\u00fcr Einsteiger | Vapingnet.de<\/title>\n<meta name=\"description\" content=\"Entdecke Watermelon Bubblegum Geschmack In Der ELF BOX Digital 12000 Ideal F\u00fcr Einsteiger bei vapingnet.de, \u25ba Gro\u00dfe Auswahl an Geschmacksrichtungen &amp; super g\u00fcnstig!\" \/>\n<meta name=\"robots\" content=\"index, follow, max-snippet:-1, max-image-preview:large, max-video-preview:-1\" \/>\n<link rel=\"canonical\" href=\"https:\/\/vapingnet.de\/fr\/vape\/watermelon-bubblegum-geschmack-in-der-elf-box-digital-12000-ideal-fuer-einsteiger\/\" \/>\n<meta property=\"og:locale\" content=\"fr_FR\" \/>\n<meta property=\"og:type\" content=\"article\" \/>\n<meta property=\"og:title\" content=\"Watermelon Bubblegum Geschmack In Der ELF BOX Digital 12000 Ideal F\u00fcr Einsteiger | Vapingnet.de\" \/>\n<meta property=\"og:description\" content=\"Entdecke Watermelon Bubblegum Geschmack In Der ELF BOX Digital 12000 Ideal F\u00fcr Einsteiger bei vapingnet.de, \u25ba Gro\u00dfe Auswahl an Geschmacksrichtungen &amp; super g\u00fcnstig!\" \/>\n<meta property=\"og:url\" content=\"https:\/\/vapingnet.de\/fr\/vape\/watermelon-bubblegum-geschmack-in-der-elf-box-digital-12000-ideal-fuer-einsteiger\/\" \/>\n<meta property=\"og:site_name\" content=\"Vapingnet.de\" \/>\n<meta property=\"article:publisher\" content=\"https:\/\/www.facebook.com\/vapingnetde\/\" \/>\n<meta property=\"article:modified_time\" content=\"2025-06-19T03:42:57+00:00\" \/>\n<meta property=\"og:image\" content=\"https:\/\/vapingnet.de\/wp-content\/uploads\/2025\/04\/Watermelon-Bubblegum.webp\" \/>\n\t<meta property=\"og:image:width\" content=\"1000\" \/>\n\t<meta property=\"og:image:height\" content=\"1000\" \/>\n\t<meta property=\"og:image:type\" content=\"image\/webp\" \/>\n<meta name=\"twitter:card\" content=\"summary_large_image\" \/>\n<meta name=\"twitter:label1\" content=\"Dur\u00e9e de lecture estim\u00e9e\" \/>\n\t<meta name=\"twitter:data1\" content=\"3 minutes\" \/>\n<script type=\"application\/ld+json\" class=\"yoast-schema-graph\">{\"@context\":\"https:\/\/schema.org\",\"@graph\":[{\"@type\":\"WebPage\",\"@id\":\"https:\/\/vapingnet.de\/vape\/watermelon-bubblegum-geschmack-in-der-elf-box-digital-12000-ideal-fuer-einsteiger\/\",\"url\":\"https:\/\/vapingnet.de\/vape\/watermelon-bubblegum-geschmack-in-der-elf-box-digital-12000-ideal-fuer-einsteiger\/\",\"name\":\"Watermelon Bubblegum Geschmack In Der ELF BOX Digital 12000 Ideal F\u00fcr Einsteiger | Vapingnet.de\",\"isPartOf\":{\"@id\":\"https:\/\/vapingnet.de\/#website\"},\"primaryImageOfPage\":{\"@id\":\"https:\/\/vapingnet.de\/vape\/watermelon-bubblegum-geschmack-in-der-elf-box-digital-12000-ideal-fuer-einsteiger\/#primaryimage\"},\"image\":{\"@id\":\"https:\/\/vapingnet.de\/vape\/watermelon-bubblegum-geschmack-in-der-elf-box-digital-12000-ideal-fuer-einsteiger\/#primaryimage\"},\"thumbnailUrl\":\"https:\/\/vapingnet.de\/wp-content\/uploads\/2025\/04\/Watermelon-Bubblegum.webp\",\"datePublished\":\"2025-04-15T07:11:32+00:00\",\"dateModified\":\"2025-06-19T03:42:57+00:00\",\"description\":\"Entdecke Watermelon Bubblegum Geschmack In Der ELF BOX Digital 12000 Ideal F\u00fcr Einsteiger bei vapingnet.de, \u25ba Gro\u00dfe Auswahl an Geschmacksrichtungen & super g\u00fcnstig!\",\"breadcrumb\":{\"@id\":\"https:\/\/vapingnet.de\/vape\/watermelon-bubblegum-geschmack-in-der-elf-box-digital-12000-ideal-fuer-einsteiger\/#breadcrumb\"},\"inLanguage\":\"fr-FR\",\"potentialAction\":[{\"@type\":\"ReadAction\",\"target\":[\"https:\/\/vapingnet.de\/vape\/watermelon-bubblegum-geschmack-in-der-elf-box-digital-12000-ideal-fuer-einsteiger\/\"]}]},{\"@type\":\"ImageObject\",\"inLanguage\":\"fr-FR\",\"@id\":\"https:\/\/vapingnet.de\/vape\/watermelon-bubblegum-geschmack-in-der-elf-box-digital-12000-ideal-fuer-einsteiger\/#primaryimage\",\"url\":\"https:\/\/vapingnet.de\/wp-content\/uploads\/2025\/04\/Watermelon-Bubblegum.webp\",\"contentUrl\":\"https:\/\/vapingnet.de\/wp-content\/uploads\/2025\/04\/Watermelon-Bubblegum.webp\",\"width\":1000,\"height\":1000},{\"@type\":\"BreadcrumbList\",\"@id\":\"https:\/\/vapingnet.de\/vape\/watermelon-bubblegum-geschmack-in-der-elf-box-digital-12000-ideal-fuer-einsteiger\/#breadcrumb\",\"itemListElement\":[{\"@type\":\"ListItem\",\"position\":1,\"name\":\"Home\",\"item\":\"https:\/\/vapingnet.de\/\"},{\"@type\":\"ListItem\",\"position\":2,\"name\":\"Shop\",\"item\":\"https:\/\/vapingnet.de\/vape\/\"},{\"@type\":\"ListItem\",\"position\":3,\"name\":\"Watermelon Bubblegum Geschmack In Der ELF BOX Digital 12000 Ideal F\u00fcr Einsteiger\"}]},{\"@type\":\"WebSite\",\"@id\":\"https:\/\/vapingnet.de\/#website\",\"url\":\"https:\/\/vapingnet.de\/\",\"name\":\"Vapingnet.de\",\"description\":\"\",\"publisher\":{\"@id\":\"https:\/\/vapingnet.de\/#organization\"},\"potentialAction\":[{\"@type\":\"SearchAction\",\"target\":{\"@type\":\"EntryPoint\",\"urlTemplate\":\"https:\/\/vapingnet.de\/?s={search_term_string}\"},\"query-input\":{\"@type\":\"PropertyValueSpecification\",\"valueRequired\":true,\"valueName\":\"search_term_string\"}}],\"inLanguage\":\"fr-FR\"},{\"@type\":\"Organization\",\"@id\":\"https:\/\/vapingnet.de\/#organization\",\"name\":\"Vapingnet.de\",\"url\":\"https:\/\/vapingnet.de\/\",\"logo\":{\"@type\":\"ImageObject\",\"inLanguage\":\"fr-FR\",\"@id\":\"https:\/\/vapingnet.de\/#\/schema\/logo\/image\/\",\"url\":\"https:\/\/vapingnet.de\/wp-content\/uploads\/2025\/03\/cropped-vapingnet.de_.jpg\",\"contentUrl\":\"https:\/\/vapingnet.de\/wp-content\/uploads\/2025\/03\/cropped-vapingnet.de_.jpg\",\"width\":512,\"height\":512,\"caption\":\"Vapingnet.de\"},\"image\":{\"@id\":\"https:\/\/vapingnet.de\/#\/schema\/logo\/image\/\"},\"sameAs\":[\"https:\/\/www.facebook.com\/vapingnetde\/\"]}]}<\/script>\n<!-- \/ Yoast SEO plugin. -->","yoast_head_json":{"title":"Watermelon Bubblegum Geschmack In Der ELF BOX Digital 12000 Ideal F\u00fcr Einsteiger | Vapingnet.de","description":"Entdecke Watermelon Bubblegum Geschmack In Der ELF BOX Digital 12000 Ideal F\u00fcr Einsteiger bei vapingnet.de, \u25ba Gro\u00dfe Auswahl an Geschmacksrichtungen & super g\u00fcnstig!","robots":{"index":"index","follow":"follow","max-snippet":"max-snippet:-1","max-image-preview":"max-image-preview:large","max-video-preview":"max-video-preview:-1"},"canonical":"https:\/\/vapingnet.de\/fr\/vape\/watermelon-bubblegum-geschmack-in-der-elf-box-digital-12000-ideal-fuer-einsteiger\/","og_locale":"fr_FR","og_type":"article","og_title":"Watermelon Bubblegum Geschmack In Der ELF BOX Digital 12000 Ideal F\u00fcr Einsteiger | Vapingnet.de","og_description":"Entdecke Watermelon Bubblegum Geschmack In Der ELF BOX Digital 12000 Ideal F\u00fcr Einsteiger bei vapingnet.de, \u25ba Gro\u00dfe Auswahl an Geschmacksrichtungen & super g\u00fcnstig!","og_url":"https:\/\/vapingnet.de\/fr\/vape\/watermelon-bubblegum-geschmack-in-der-elf-box-digital-12000-ideal-fuer-einsteiger\/","og_site_name":"Vapingnet.de","article_publisher":"https:\/\/www.facebook.com\/vapingnetde\/","article_modified_time":"2025-06-19T03:42:57+00:00","og_image":[{"width":1000,"height":1000,"url":"https:\/\/vapingnet.de\/wp-content\/uploads\/2025\/04\/Watermelon-Bubblegum.webp","type":"image\/webp"}],"twitter_card":"summary_large_image","twitter_misc":{"Dur\u00e9e de lecture estim\u00e9e":"3 minutes"},"schema":{"@context":"https:\/\/schema.org","@graph":[{"@type":"WebPage","@id":"https:\/\/vapingnet.de\/vape\/watermelon-bubblegum-geschmack-in-der-elf-box-digital-12000-ideal-fuer-einsteiger\/","url":"https:\/\/vapingnet.de\/vape\/watermelon-bubblegum-geschmack-in-der-elf-box-digital-12000-ideal-fuer-einsteiger\/","name":"Watermelon Bubblegum Geschmack In Der ELF BOX Digital 12000 Ideal F\u00fcr Einsteiger | Vapingnet.de","isPartOf":{"@id":"https:\/\/vapingnet.de\/#website"},"primaryImageOfPage":{"@id":"https:\/\/vapingnet.de\/vape\/watermelon-bubblegum-geschmack-in-der-elf-box-digital-12000-ideal-fuer-einsteiger\/#primaryimage"},"image":{"@id":"https:\/\/vapingnet.de\/vape\/watermelon-bubblegum-geschmack-in-der-elf-box-digital-12000-ideal-fuer-einsteiger\/#primaryimage"},"thumbnailUrl":"https:\/\/vapingnet.de\/wp-content\/uploads\/2025\/04\/Watermelon-Bubblegum.webp","datePublished":"2025-04-15T07:11:32+00:00","dateModified":"2025-06-19T03:42:57+00:00","description":"Entdecke Watermelon Bubblegum Geschmack In Der ELF BOX Digital 12000 Ideal F\u00fcr Einsteiger bei vapingnet.de, \u25ba Gro\u00dfe Auswahl an Geschmacksrichtungen & super g\u00fcnstig!","breadcrumb":{"@id":"https:\/\/vapingnet.de\/vape\/watermelon-bubblegum-geschmack-in-der-elf-box-digital-12000-ideal-fuer-einsteiger\/#breadcrumb"},"inLanguage":"fr-FR","potentialAction":[{"@type":"ReadAction","target":["https:\/\/vapingnet.de\/vape\/watermelon-bubblegum-geschmack-in-der-elf-box-digital-12000-ideal-fuer-einsteiger\/"]}]},{"@type":"ImageObject","inLanguage":"fr-FR","@id":"https:\/\/vapingnet.de\/vape\/watermelon-bubblegum-geschmack-in-der-elf-box-digital-12000-ideal-fuer-einsteiger\/#primaryimage","url":"https:\/\/vapingnet.de\/wp-content\/uploads\/2025\/04\/Watermelon-Bubblegum.webp","contentUrl":"https:\/\/vapingnet.de\/wp-content\/uploads\/2025\/04\/Watermelon-Bubblegum.webp","width":1000,"height":1000},{"@type":"BreadcrumbList","@id":"https:\/\/vapingnet.de\/vape\/watermelon-bubblegum-geschmack-in-der-elf-box-digital-12000-ideal-fuer-einsteiger\/#breadcrumb","itemListElement":[{"@type":"ListItem","position":1,"name":"Home","item":"https:\/\/vapingnet.de\/"},{"@type":"ListItem","position":2,"name":"Shop","item":"https:\/\/vapingnet.de\/vape\/"},{"@type":"ListItem","position":3,"name":"Watermelon Bubblegum Geschmack In Der ELF BOX Digital 12000 Ideal F\u00fcr Einsteiger"}]},{"@type":"WebSite","@id":"https:\/\/vapingnet.de\/#website","url":"https:\/\/vapingnet.de\/","name":"Vapingnet.de","description":"","publisher":{"@id":"https:\/\/vapingnet.de\/#organization"},"potentialAction":[{"@type":"SearchAction","target":{"@type":"EntryPoint","urlTemplate":"https:\/\/vapingnet.de\/?s={search_term_string}"},"query-input":{"@type":"PropertyValueSpecification","valueRequired":true,"valueName":"search_term_string"}}],"inLanguage":"fr-FR"},{"@type":"Organization","@id":"https:\/\/vapingnet.de\/#organization","name":"Vapingnet.de","url":"https:\/\/vapingnet.de\/","logo":{"@type":"ImageObject","inLanguage":"fr-FR","@id":"https:\/\/vapingnet.de\/#\/schema\/logo\/image\/","url":"https:\/\/vapingnet.de\/wp-content\/uploads\/2025\/03\/cropped-vapingnet.de_.jpg","contentUrl":"https:\/\/vapingnet.de\/wp-content\/uploads\/2025\/03\/cropped-vapingnet.de_.jpg","width":512,"height":512,"caption":"Vapingnet.de"},"image":{"@id":"https:\/\/vapingnet.de\/#\/schema\/logo\/image\/"},"sameAs":["https:\/\/www.facebook.com\/vapingnetde\/"]}]}},"tiered_pricing_type":"fixed","tiered_pricing_fixed_rules":{"10":"7.78","60":"7.00","110":"6.22","200":"5.45"},"tiered_pricing_product_settings":{"layout":"default","base_unit_name":{"singular":null,"plural":null},"default_variation":null},"tiered_pricing_minimum_quantity":null,"tiered_pricing_roles_data":[],"tiered_pricing_percentage_rules":[],"_links":{"self":[{"href":"https:\/\/vapingnet.de\/fr\/wp-json\/wp\/v2\/product\/6378","targetHints":{"allow":["GET"]}}],"collection":[{"href":"https:\/\/vapingnet.de\/fr\/wp-json\/wp\/v2\/product"}],"about":[{"href":"https:\/\/vapingnet.de\/fr\/wp-json\/wp\/v2\/types\/product"}],"version-history":[{"count":1,"href":"https:\/\/vapingnet.de\/fr\/wp-json\/wp\/v2\/product\/6378\/revisions"}],"predecessor-version":[{"id":6391,"href":"https:\/\/vapingnet.de\/fr\/wp-json\/wp\/v2\/product\/6378\/revisions\/6391"}],"wp:featuredmedia":[{"embeddable":true,"href":"https:\/\/vapingnet.de\/fr\/wp-json\/wp\/v2\/media\/6383"}],"wp:attachment":[{"href":"https:\/\/vapingnet.de\/fr\/wp-json\/wp\/v2\/media?parent=6378"}],"wp:term":[{"taxonomy":"brand","embeddable":true,"href":"https:\/\/vapingnet.de\/fr\/wp-json\/wp\/v2\/etheme_brands?post=6378"},{"taxonomy":"product_brand","embeddable":true,"href":"https:\/\/vapingnet.de\/fr\/wp-json\/wp\/v2\/product_brand?post=6378"},{"taxonomy":"product_cat","embeddable":true,"href":"https:\/\/vapingnet.de\/fr\/wp-json\/wp\/v2\/product_cat?post=6378"},{"taxonomy":"product_tag","embeddable":true,"href":"https:\/\/vapingnet.de\/fr\/wp-json\/wp\/v2\/product_tag?post=6378"}],"curies":[{"name":"wp","href":"https:\/\/api.w.org\/{rel}","templated":true}]}}