{"id":6429,"date":"2025-04-21T07:29:45","date_gmt":"2025-04-21T07:29:45","guid":{"rendered":"https:\/\/vapingnet.de\/?post_type=product&#038;p=6429"},"modified":"2025-06-19T03:42:53","modified_gmt":"2025-06-19T03:42:53","slug":"strawberry-watermelon-in-der-elf-box-ls15000-top-qualitaet-direkt-vom","status":"publish","type":"product","link":"https:\/\/vapingnet.de\/fr\/vape\/strawberry-watermelon-in-der-elf-box-ls15000-top-qualitaet-direkt-vom\/","title":{"rendered":"Strawberry Watermelon Dans la ELF BOX LS15000 Qualit\u00e9 sup\u00e9rieure Directement de"},"content":{"rendered":"<h2 data-start=\"0\" data-end=\"72\" data-immersive-translate-walked=\"391464d2-6753-4c13-8179-848e3dd2b8dc\">ELF BOX LS15000 : La cigarette \u00e9lectronique jetable parfaite pour les amateurs de fruits<\/h2>\n<p class=\"\" data-start=\"74\" data-end=\"315\" data-immersive-translate-walked=\"391464d2-6753-4c13-8179-848e3dd2b8dc\" data-immersive-translate-paragraph=\"1\">L'ELF BOX LS15000 \u00e9tablit de nouvelles normes dans le domaine des cigarettes \u00e9lectroniques jetables. Avec une capacit\u00e9 g\u00e9n\u00e9reuse en e-liquide, une technologie de coil en mesh avanc\u00e9e et une saveur rafra\u00eechissante, elle devient un incontournable pour tous les vapoteurs.<\/p>\n<h4 data-start=\"317\" data-end=\"351\" data-immersive-translate-walked=\"391464d2-6753-4c13-8179-848e3dd2b8dc\">Sp\u00e9cifications techniques<\/h4>\n<p class=\"\" data-start=\"353\" data-end=\"827\" data-immersive-translate-walked=\"391464d2-6753-4c13-8179-848e3dd2b8dc\" data-immersive-translate-paragraph=\"1\">L'ELF BOX LS15000 est \u00e9quip\u00e9e d'un coil en mesh de 0,6 ohm, qui assure une vaporisation uniforme et efficace. Les 26 ml d'e-liquide suffisent pour jusqu'\u00e0 15 000 bouff\u00e9es, ce qui en fait l'une des cigarettes \u00e9lectroniques jetables les plus durables sur le march\u00e9. La batterie de 600 mAh garantit un plaisir prolong\u00e9 et peut \u00eatre recharg\u00e9e facilement via une connexion Type-C. Avec un poids de seulement 91 g, l'appareil est l\u00e9ger et facile \u00e0 manipuler.<\/p>\n<h4 data-start=\"829\" data-end=\"877\" data-immersive-translate-walked=\"391464d2-6753-4c13-8179-848e3dd2b8dc\">Plaisir fruit\u00e9 : Fraise Past\u00e8que<\/h4>\n<p class=\"\" data-start=\"879\" data-end=\"1241\" data-immersive-translate-walked=\"391464d2-6753-4c13-8179-848e3dd2b8dc\" data-immersive-translate-paragraph=\"1\">La saveur Fraise Past\u00e8que offre un m\u00e9lange rafra\u00eechissant de fraises sucr\u00e9es et de past\u00e8que juteuse. Id\u00e9al pour les vapoteurs \u00e0 la recherche d'une exp\u00e9rience fruit\u00e9e, mais pas trop intense. Cette saveur reste fra\u00eeche et claire m\u00eame apr\u00e8s une utilisation prolong\u00e9e, offrant ainsi un plaisir de vapeur in\u00e9gal\u00e9.<\/p>\n<h4 data-start=\"1243\" data-end=\"1274\" data-immersive-translate-walked=\"391464d2-6753-4c13-8179-848e3dd2b8dc\">Niveaux de nicotine flexibles<\/h4>\n<p class=\"\" data-start=\"1276\" data-end=\"1561\" data-immersive-translate-paragraph=\"1\" data-immersive-translate-walked=\"391464d2-6753-4c13-8179-848e3dd2b8dc\">L'ELF BOX LS15000 est disponible en concentrations de nicotine 0%, 2% et 5%, permettant \u00e0 chaque vapoteur de choisir la force qui lui convient. Que vous soyez d\u00e9butant ou vapoteur exp\u00e9riment\u00e9, cette cigarette \u00e9lectronique s'adapte parfaitement \u00e0 vos besoins.<\/p>\n<h4 data-start=\"1563\" data-end=\"1595\" data-immersive-translate-walked=\"391464d2-6753-4c13-8179-848e3dd2b8dc\">Avantages en un coup d'\u0153il<\/h4>\n<ul data-start=\"1597\" data-end=\"2068\" data-immersive-translate-walked=\"391464d2-6753-4c13-8179-848e3dd2b8dc\">\n<li class=\"\" data-start=\"1597\" data-end=\"1690\" data-immersive-translate-walked=\"391464d2-6753-4c13-8179-848e3dd2b8dc\">\n<p class=\"\" data-start=\"1599\" data-end=\"1690\" data-immersive-translate-walked=\"391464d2-6753-4c13-8179-848e3dd2b8dc\" data-immersive-translate-paragraph=\"1\">Livraison sans douane : Aucun co\u00fbt suppl\u00e9mentaire lors de la commande de l'ELF BOX LS15000.<\/p>\n<\/li>\n<li class=\"\" data-start=\"1691\" data-end=\"1782\" data-immersive-translate-walked=\"391464d2-6753-4c13-8179-848e3dd2b8dc\">\n<p class=\"\" data-start=\"1693\" data-end=\"1782\" data-immersive-translate-walked=\"391464d2-6753-4c13-8179-848e3dd2b8dc\" data-immersive-translate-paragraph=\"1\">Longue dur\u00e9e d'utilisation : Jusqu'\u00e0 15 000 bouff\u00e9es gr\u00e2ce \u00e0 la grande capacit\u00e9 en e-liquide de 26 ml.<\/p>\n<\/li>\n<li class=\"\" data-start=\"1783\" data-end=\"1850\" data-immersive-translate-walked=\"391464d2-6753-4c13-8179-848e3dd2b8dc\">\n<p class=\"\" data-start=\"1785\" data-end=\"1850\" data-immersive-translate-walked=\"391464d2-6753-4c13-8179-848e3dd2b8dc\" data-immersive-translate-paragraph=\"1\">Livraison rapide : Le d\u00e9lai de livraison est de seulement 7 \u00e0 15 jours ouvrables.<\/p>\n<\/li>\n<li class=\"\" data-start=\"1851\" data-end=\"1951\" data-immersive-translate-walked=\"391464d2-6753-4c13-8179-848e3dd2b8dc\">\n<p class=\"\" data-start=\"1853\" data-end=\"1951\" data-immersive-translate-walked=\"391464d2-6753-4c13-8179-848e3dd2b8dc\" data-immersive-translate-paragraph=\"1\">Recharge rapide : Avec la connexion Type-C, la recharge de la batterie est particuli\u00e8rement pratique.<\/p>\n<\/li>\n<li class=\"\" data-start=\"1952\" data-end=\"2068\" data-immersive-translate-walked=\"391464d2-6753-4c13-8179-848e3dd2b8dc\">\n<p class=\"\" data-start=\"1954\" data-end=\"2068\" data-immersive-translate-walked=\"391464d2-6753-4c13-8179-848e3dd2b8dc\" data-immersive-translate-paragraph=\"1\">Go\u00fbt rafra\u00eechissant : La combinaison de fraise et de past\u00e8que offre une exp\u00e9rience de vapeur fruit\u00e9e.<\/p>\n<\/li>\n<\/ul>\n<h3>Pourquoi choisir l'ELF BOX LS15000 ?<\/h3>\n<p class=\"\" data-start=\"2113\" data-end=\"2539\" data-immersive-translate-walked=\"391464d2-6753-4c13-8179-848e3dd2b8dc\" data-immersive-translate-paragraph=\"1\">L'ELF BOX LS15000 se distingue par ses performances \u00e9lev\u00e9es, sa facilit\u00e9 d'utilisation et sa saveur rafra\u00eechissante Fraise Past\u00e8que. Avec de nombreux avantages, notamment la livraison sans douane et des d\u00e9lais d'exp\u00e9dition rapides, elle constitue le choix id\u00e9al pour tous ceux qui recherchent une cigarette \u00e9lectronique jetable de haute qualit\u00e9. Commandez d\u00e8s aujourd'hui sur vapingnet.fr et profitez d'une exp\u00e9rience de vapeur durable et fra\u00eeche.<\/p>","protected":false},"excerpt":{"rendered":"<p>ELF BOX LS15000 : La cigarette \u00e9lectronique jetable parfaite pour les amateurs de fruits. La ELF BOX LS15000 \u00e9tablit de nouvelles normes dans le domaine des cigarettes \u00e9lectroniques jetables. Avec une capacit\u00e9 g\u00e9n\u00e9reuse en e-liquide, une technologie de coil en mesh avanc\u00e9e...<\/p>","protected":false},"featured_media":6419,"template":"","meta":[],"etheme_brands":[],"product_brand":[100],"product_cat":[53,49,61],"product_tag":[],"class_list":{"0":"post-6429","1":"product","2":"type-product","3":"status-publish","4":"has-post-thumbnail","6":"product_brand-elf-box-vape","7":"product_cat-vape-15000-zuege","8":"product_cat-einweg-e-zigarette","9":"product_cat-f","11":"first","12":"instock","13":"shipping-taxable","14":"purchasable","15":"product-type-simple"},"yoast_head":"<!-- This site is optimized with the Yoast SEO plugin v26.5 - https:\/\/yoast.com\/wordpress\/plugins\/seo\/ -->\n<title>Strawberry Watermelon In Der ELF BOX LS15000 Top Qualit\u00e4t Direkt Vom | Vapingnet.de<\/title>\n<meta name=\"description\" content=\"Entdecke Strawberry Watermelon In Der ELF BOX LS15000 Top Qualit\u00e4t Direkt Vom bei vapingnet.de, \u25ba Gro\u00dfe Auswahl an Geschmacksrichtungen &amp; super g\u00fcnstig!\" \/>\n<meta name=\"robots\" content=\"index, follow, max-snippet:-1, max-image-preview:large, max-video-preview:-1\" \/>\n<link rel=\"canonical\" href=\"https:\/\/vapingnet.de\/fr\/vape\/strawberry-watermelon-in-der-elf-box-ls15000-top-qualitaet-direkt-vom\/\" \/>\n<meta property=\"og:locale\" content=\"fr_FR\" \/>\n<meta property=\"og:type\" content=\"article\" \/>\n<meta property=\"og:title\" content=\"Strawberry Watermelon In Der ELF BOX LS15000 Top Qualit\u00e4t Direkt Vom | Vapingnet.de\" \/>\n<meta property=\"og:description\" content=\"Entdecke Strawberry Watermelon In Der ELF BOX LS15000 Top Qualit\u00e4t Direkt Vom bei vapingnet.de, \u25ba Gro\u00dfe Auswahl an Geschmacksrichtungen &amp; super g\u00fcnstig!\" \/>\n<meta property=\"og:url\" content=\"https:\/\/vapingnet.de\/fr\/vape\/strawberry-watermelon-in-der-elf-box-ls15000-top-qualitaet-direkt-vom\/\" \/>\n<meta property=\"og:site_name\" content=\"Vapingnet.de\" \/>\n<meta property=\"article:publisher\" content=\"https:\/\/www.facebook.com\/vapingnetde\/\" \/>\n<meta property=\"article:modified_time\" content=\"2025-06-19T03:42:53+00:00\" \/>\n<meta property=\"og:image\" content=\"https:\/\/vapingnet.de\/wp-content\/uploads\/2025\/04\/Strawberry-Watermelon-2.webp\" \/>\n\t<meta property=\"og:image:width\" content=\"1000\" \/>\n\t<meta property=\"og:image:height\" content=\"1000\" \/>\n\t<meta property=\"og:image:type\" content=\"image\/webp\" \/>\n<meta name=\"twitter:card\" content=\"summary_large_image\" \/>\n<meta name=\"twitter:label1\" content=\"Dur\u00e9e de lecture estim\u00e9e\" \/>\n\t<meta name=\"twitter:data1\" content=\"3 minutes\" \/>\n<script type=\"application\/ld+json\" class=\"yoast-schema-graph\">{\"@context\":\"https:\/\/schema.org\",\"@graph\":[{\"@type\":\"WebPage\",\"@id\":\"https:\/\/vapingnet.de\/vape\/strawberry-watermelon-in-der-elf-box-ls15000-top-qualitaet-direkt-vom\/\",\"url\":\"https:\/\/vapingnet.de\/vape\/strawberry-watermelon-in-der-elf-box-ls15000-top-qualitaet-direkt-vom\/\",\"name\":\"Strawberry Watermelon In Der ELF BOX LS15000 Top Qualit\u00e4t Direkt Vom | Vapingnet.de\",\"isPartOf\":{\"@id\":\"https:\/\/vapingnet.de\/#website\"},\"primaryImageOfPage\":{\"@id\":\"https:\/\/vapingnet.de\/vape\/strawberry-watermelon-in-der-elf-box-ls15000-top-qualitaet-direkt-vom\/#primaryimage\"},\"image\":{\"@id\":\"https:\/\/vapingnet.de\/vape\/strawberry-watermelon-in-der-elf-box-ls15000-top-qualitaet-direkt-vom\/#primaryimage\"},\"thumbnailUrl\":\"https:\/\/vapingnet.de\/wp-content\/uploads\/2025\/04\/Strawberry-Watermelon-2.webp\",\"datePublished\":\"2025-04-21T07:29:45+00:00\",\"dateModified\":\"2025-06-19T03:42:53+00:00\",\"description\":\"Entdecke Strawberry Watermelon In Der ELF BOX LS15000 Top Qualit\u00e4t Direkt Vom bei vapingnet.de, \u25ba Gro\u00dfe Auswahl an Geschmacksrichtungen & super g\u00fcnstig!\",\"breadcrumb\":{\"@id\":\"https:\/\/vapingnet.de\/vape\/strawberry-watermelon-in-der-elf-box-ls15000-top-qualitaet-direkt-vom\/#breadcrumb\"},\"inLanguage\":\"fr-FR\",\"potentialAction\":[{\"@type\":\"ReadAction\",\"target\":[\"https:\/\/vapingnet.de\/vape\/strawberry-watermelon-in-der-elf-box-ls15000-top-qualitaet-direkt-vom\/\"]}]},{\"@type\":\"ImageObject\",\"inLanguage\":\"fr-FR\",\"@id\":\"https:\/\/vapingnet.de\/vape\/strawberry-watermelon-in-der-elf-box-ls15000-top-qualitaet-direkt-vom\/#primaryimage\",\"url\":\"https:\/\/vapingnet.de\/wp-content\/uploads\/2025\/04\/Strawberry-Watermelon-2.webp\",\"contentUrl\":\"https:\/\/vapingnet.de\/wp-content\/uploads\/2025\/04\/Strawberry-Watermelon-2.webp\",\"width\":1000,\"height\":1000},{\"@type\":\"BreadcrumbList\",\"@id\":\"https:\/\/vapingnet.de\/vape\/strawberry-watermelon-in-der-elf-box-ls15000-top-qualitaet-direkt-vom\/#breadcrumb\",\"itemListElement\":[{\"@type\":\"ListItem\",\"position\":1,\"name\":\"Home\",\"item\":\"https:\/\/vapingnet.de\/\"},{\"@type\":\"ListItem\",\"position\":2,\"name\":\"Shop\",\"item\":\"https:\/\/vapingnet.de\/vape\/\"},{\"@type\":\"ListItem\",\"position\":3,\"name\":\"Strawberry Watermelon In Der ELF BOX LS15000 Top Qualit\u00e4t Direkt Vom\"}]},{\"@type\":\"WebSite\",\"@id\":\"https:\/\/vapingnet.de\/#website\",\"url\":\"https:\/\/vapingnet.de\/\",\"name\":\"Vapingnet.de\",\"description\":\"\",\"publisher\":{\"@id\":\"https:\/\/vapingnet.de\/#organization\"},\"potentialAction\":[{\"@type\":\"SearchAction\",\"target\":{\"@type\":\"EntryPoint\",\"urlTemplate\":\"https:\/\/vapingnet.de\/?s={search_term_string}\"},\"query-input\":{\"@type\":\"PropertyValueSpecification\",\"valueRequired\":true,\"valueName\":\"search_term_string\"}}],\"inLanguage\":\"fr-FR\"},{\"@type\":\"Organization\",\"@id\":\"https:\/\/vapingnet.de\/#organization\",\"name\":\"Vapingnet.de\",\"url\":\"https:\/\/vapingnet.de\/\",\"logo\":{\"@type\":\"ImageObject\",\"inLanguage\":\"fr-FR\",\"@id\":\"https:\/\/vapingnet.de\/#\/schema\/logo\/image\/\",\"url\":\"https:\/\/vapingnet.de\/wp-content\/uploads\/2025\/03\/cropped-vapingnet.de_.jpg\",\"contentUrl\":\"https:\/\/vapingnet.de\/wp-content\/uploads\/2025\/03\/cropped-vapingnet.de_.jpg\",\"width\":512,\"height\":512,\"caption\":\"Vapingnet.de\"},\"image\":{\"@id\":\"https:\/\/vapingnet.de\/#\/schema\/logo\/image\/\"},\"sameAs\":[\"https:\/\/www.facebook.com\/vapingnetde\/\"]}]}<\/script>\n<!-- \/ Yoast SEO plugin. -->","yoast_head_json":{"title":"Strawberry Watermelon In Der ELF BOX LS15000 Top Qualit\u00e4t Direkt Vom | Vapingnet.de","description":"Entdecke Strawberry Watermelon In Der ELF BOX LS15000 Top Qualit\u00e4t Direkt Vom bei vapingnet.de, \u25ba Gro\u00dfe Auswahl an Geschmacksrichtungen & super g\u00fcnstig!","robots":{"index":"index","follow":"follow","max-snippet":"max-snippet:-1","max-image-preview":"max-image-preview:large","max-video-preview":"max-video-preview:-1"},"canonical":"https:\/\/vapingnet.de\/fr\/vape\/strawberry-watermelon-in-der-elf-box-ls15000-top-qualitaet-direkt-vom\/","og_locale":"fr_FR","og_type":"article","og_title":"Strawberry Watermelon In Der ELF BOX LS15000 Top Qualit\u00e4t Direkt Vom | Vapingnet.de","og_description":"Entdecke Strawberry Watermelon In Der ELF BOX LS15000 Top Qualit\u00e4t Direkt Vom bei vapingnet.de, \u25ba Gro\u00dfe Auswahl an Geschmacksrichtungen & super g\u00fcnstig!","og_url":"https:\/\/vapingnet.de\/fr\/vape\/strawberry-watermelon-in-der-elf-box-ls15000-top-qualitaet-direkt-vom\/","og_site_name":"Vapingnet.de","article_publisher":"https:\/\/www.facebook.com\/vapingnetde\/","article_modified_time":"2025-06-19T03:42:53+00:00","og_image":[{"width":1000,"height":1000,"url":"https:\/\/vapingnet.de\/wp-content\/uploads\/2025\/04\/Strawberry-Watermelon-2.webp","type":"image\/webp"}],"twitter_card":"summary_large_image","twitter_misc":{"Dur\u00e9e de lecture estim\u00e9e":"3 minutes"},"schema":{"@context":"https:\/\/schema.org","@graph":[{"@type":"WebPage","@id":"https:\/\/vapingnet.de\/vape\/strawberry-watermelon-in-der-elf-box-ls15000-top-qualitaet-direkt-vom\/","url":"https:\/\/vapingnet.de\/vape\/strawberry-watermelon-in-der-elf-box-ls15000-top-qualitaet-direkt-vom\/","name":"Strawberry Watermelon In Der ELF BOX LS15000 Top Qualit\u00e4t Direkt Vom | Vapingnet.de","isPartOf":{"@id":"https:\/\/vapingnet.de\/#website"},"primaryImageOfPage":{"@id":"https:\/\/vapingnet.de\/vape\/strawberry-watermelon-in-der-elf-box-ls15000-top-qualitaet-direkt-vom\/#primaryimage"},"image":{"@id":"https:\/\/vapingnet.de\/vape\/strawberry-watermelon-in-der-elf-box-ls15000-top-qualitaet-direkt-vom\/#primaryimage"},"thumbnailUrl":"https:\/\/vapingnet.de\/wp-content\/uploads\/2025\/04\/Strawberry-Watermelon-2.webp","datePublished":"2025-04-21T07:29:45+00:00","dateModified":"2025-06-19T03:42:53+00:00","description":"Entdecke Strawberry Watermelon In Der ELF BOX LS15000 Top Qualit\u00e4t Direkt Vom bei vapingnet.de, \u25ba Gro\u00dfe Auswahl an Geschmacksrichtungen & super g\u00fcnstig!","breadcrumb":{"@id":"https:\/\/vapingnet.de\/vape\/strawberry-watermelon-in-der-elf-box-ls15000-top-qualitaet-direkt-vom\/#breadcrumb"},"inLanguage":"fr-FR","potentialAction":[{"@type":"ReadAction","target":["https:\/\/vapingnet.de\/vape\/strawberry-watermelon-in-der-elf-box-ls15000-top-qualitaet-direkt-vom\/"]}]},{"@type":"ImageObject","inLanguage":"fr-FR","@id":"https:\/\/vapingnet.de\/vape\/strawberry-watermelon-in-der-elf-box-ls15000-top-qualitaet-direkt-vom\/#primaryimage","url":"https:\/\/vapingnet.de\/wp-content\/uploads\/2025\/04\/Strawberry-Watermelon-2.webp","contentUrl":"https:\/\/vapingnet.de\/wp-content\/uploads\/2025\/04\/Strawberry-Watermelon-2.webp","width":1000,"height":1000},{"@type":"BreadcrumbList","@id":"https:\/\/vapingnet.de\/vape\/strawberry-watermelon-in-der-elf-box-ls15000-top-qualitaet-direkt-vom\/#breadcrumb","itemListElement":[{"@type":"ListItem","position":1,"name":"Home","item":"https:\/\/vapingnet.de\/"},{"@type":"ListItem","position":2,"name":"Shop","item":"https:\/\/vapingnet.de\/vape\/"},{"@type":"ListItem","position":3,"name":"Strawberry Watermelon In Der ELF BOX LS15000 Top Qualit\u00e4t Direkt Vom"}]},{"@type":"WebSite","@id":"https:\/\/vapingnet.de\/#website","url":"https:\/\/vapingnet.de\/","name":"Vapingnet.de","description":"","publisher":{"@id":"https:\/\/vapingnet.de\/#organization"},"potentialAction":[{"@type":"SearchAction","target":{"@type":"EntryPoint","urlTemplate":"https:\/\/vapingnet.de\/?s={search_term_string}"},"query-input":{"@type":"PropertyValueSpecification","valueRequired":true,"valueName":"search_term_string"}}],"inLanguage":"fr-FR"},{"@type":"Organization","@id":"https:\/\/vapingnet.de\/#organization","name":"Vapingnet.de","url":"https:\/\/vapingnet.de\/","logo":{"@type":"ImageObject","inLanguage":"fr-FR","@id":"https:\/\/vapingnet.de\/#\/schema\/logo\/image\/","url":"https:\/\/vapingnet.de\/wp-content\/uploads\/2025\/03\/cropped-vapingnet.de_.jpg","contentUrl":"https:\/\/vapingnet.de\/wp-content\/uploads\/2025\/03\/cropped-vapingnet.de_.jpg","width":512,"height":512,"caption":"Vapingnet.de"},"image":{"@id":"https:\/\/vapingnet.de\/#\/schema\/logo\/image\/"},"sameAs":["https:\/\/www.facebook.com\/vapingnetde\/"]}]}},"tiered_pricing_type":"fixed","tiered_pricing_fixed_rules":{"10":"8.35","60":"7.54","110":"6.68","200":"5.85"},"tiered_pricing_product_settings":{"layout":"default","base_unit_name":{"singular":null,"plural":null},"default_variation":null},"tiered_pricing_minimum_quantity":null,"tiered_pricing_roles_data":[],"tiered_pricing_percentage_rules":[],"_links":{"self":[{"href":"https:\/\/vapingnet.de\/fr\/wp-json\/wp\/v2\/product\/6429","targetHints":{"allow":["GET"]}}],"collection":[{"href":"https:\/\/vapingnet.de\/fr\/wp-json\/wp\/v2\/product"}],"about":[{"href":"https:\/\/vapingnet.de\/fr\/wp-json\/wp\/v2\/types\/product"}],"version-history":[{"count":1,"href":"https:\/\/vapingnet.de\/fr\/wp-json\/wp\/v2\/product\/6429\/revisions"}],"predecessor-version":[{"id":6437,"href":"https:\/\/vapingnet.de\/fr\/wp-json\/wp\/v2\/product\/6429\/revisions\/6437"}],"wp:featuredmedia":[{"embeddable":true,"href":"https:\/\/vapingnet.de\/fr\/wp-json\/wp\/v2\/media\/6419"}],"wp:attachment":[{"href":"https:\/\/vapingnet.de\/fr\/wp-json\/wp\/v2\/media?parent=6429"}],"wp:term":[{"taxonomy":"brand","embeddable":true,"href":"https:\/\/vapingnet.de\/fr\/wp-json\/wp\/v2\/etheme_brands?post=6429"},{"taxonomy":"product_brand","embeddable":true,"href":"https:\/\/vapingnet.de\/fr\/wp-json\/wp\/v2\/product_brand?post=6429"},{"taxonomy":"product_cat","embeddable":true,"href":"https:\/\/vapingnet.de\/fr\/wp-json\/wp\/v2\/product_cat?post=6429"},{"taxonomy":"product_tag","embeddable":true,"href":"https:\/\/vapingnet.de\/fr\/wp-json\/wp\/v2\/product_tag?post=6429"}],"curies":[{"name":"wp","href":"https:\/\/api.w.org\/{rel}","templated":true}]}}