{"id":6431,"date":"2025-04-21T07:29:48","date_gmt":"2025-04-21T07:29:48","guid":{"rendered":"https:\/\/vapingnet.de\/?post_type=product&#038;p=6431"},"modified":"2025-06-19T03:42:52","modified_gmt":"2025-06-19T03:42:52","slug":"erlebe-peach-mango-pineapple-mit-elf-box-ls15000-guenstig-und-direkt-ab-werk","status":"publish","type":"product","link":"https:\/\/vapingnet.de\/fr\/vape\/erlebe-peach-mango-pineapple-mit-elf-box-ls15000-guenstig-und-direkt-ab-werk\/","title":{"rendered":"D\u00e9couvrez Peach Mango Ananas avec ELF BOX LS15000 \u00e0 prix avantageux et directement d'usine"},"content":{"rendered":"<h2 data-start=\"0\" data-end=\"71\" data-immersive-translate-walked=\"10cfca06-867b-45c4-a480-b634a2d673e1\">ELF BOX LS15000 : une exp\u00e9rience de vapotage puissante avec 15000 bouff\u00e9es<\/h2>\n<p class=\"\" data-start=\"73\" data-end=\"384\" data-immersive-translate-walked=\"10cfca06-867b-45c4-a480-b634a2d673e1\" data-immersive-translate-paragraph=\"1\">L'ELF BOX LS15000 est un choix exceptionnel pour les amateurs de vapotage \u00e0 la recherche d'un produit jetable durable, puissant et offrant une saveur intense. Avec un impressionnant nombre de 15000 bouff\u00e9es et un design raffin\u00e9, ce mod\u00e8le offre une exp\u00e9rience de vapeur unique.<\/p>\n<h3 data-start=\"386\" data-end=\"405\" data-immersive-translate-walked=\"10cfca06-867b-45c4-a480-b634a2d673e1\">Caract\u00e9ristiques du produit<\/h3>\n<p class=\"\" data-start=\"407\" data-end=\"692\" data-immersive-translate-walked=\"10cfca06-867b-45c4-a480-b634a2d673e1\" data-immersive-translate-paragraph=\"1\">L'ELF BOX LS15000 est \u00e9quip\u00e9e d'une r\u00e9sistance en mesh, affichant une r\u00e9sistance de 0,6 ohm, garantissant une formation de vapeur r\u00e9guli\u00e8re et riche. Cette technologie assure un chauffage uniforme du e-liquide et contribue \u00e0 une saveur intense.<\/p>\n<p class=\"\" data-start=\"694\" data-end=\"1053\" data-immersive-translate-walked=\"10cfca06-867b-45c4-a480-b634a2d673e1\" data-immersive-translate-paragraph=\"1\">L'appareil contient au total 26 ml de e-liquide, disponible en diff\u00e9rentes concentrations de nicotine : 0, 1, 3 ou 5 mg\/ml. Les utilisateurs peuvent ainsi choisir la quantit\u00e9 de nicotine id\u00e9ale selon leurs pr\u00e9f\u00e9rences. La r\u00e9serve de e-liquide combin\u00e9e \u00e0 la technologie de r\u00e9sistance en mesh assure une longue dur\u00e9e de vie et une exp\u00e9rience de vapeur constante et \u00e9lev\u00e9e tout au long de l'utilisation.<\/p>\n<p class=\"\" data-start=\"1055\" data-end=\"1471\" data-immersive-translate-walked=\"10cfca06-867b-45c4-a480-b634a2d673e1\" data-immersive-translate-paragraph=\"1\">L'ELF BOX LS15000 est \u00e9quip\u00e9e d'une batterie de 600 mAh, rechargeable via une prise Type-C pratique. Cela rend l'appareil non seulement durable, mais aussi plus \u00e9cologique et \u00e9conomique, car la batterie peut \u00eatre recharg\u00e9e si n\u00e9cessaire. Malgr\u00e9 ses performances puissantes, l'appareil ne p\u00e8se que 91 g, ce qui le rend \u00e0 la fois maniable et confortable pour une utilisation quotidienne.<\/p>\n<h4 data-start=\"1473\" data-end=\"1518\" data-immersive-translate-walked=\"10cfca06-867b-45c4-a480-b634a2d673e1\">Exp\u00e9rience gustative : P\u00eache Mangue Ananas<\/h4>\n<p class=\"\" data-start=\"1520\" data-end=\"1879\" data-immersive-translate-walked=\"10cfca06-867b-45c4-a480-b634a2d673e1\" data-immersive-translate-paragraph=\"1\">Une caract\u00e9ristique remarquable de l'ELF BOX LS15000 est la vari\u00e9t\u00e9 de saveurs. La plus notable est le go\u00fbt \u00ab P\u00eache Mangue Ananas \u00bb, qui combine des fruits tropicaux et offre un ar\u00f4me rafra\u00eechissant et sucr\u00e9. La combinaison de p\u00eaches juteuses, de mangues m\u00fbres et d'ananas p\u00e9tillant cr\u00e9e un moment gustatif exceptionnel \u00e0 chaque bouff\u00e9e.<\/p>\n<p class=\"\" data-start=\"1881\" data-end=\"1927\" data-immersive-translate-walked=\"10cfca06-867b-45c4-a480-b634a2d673e1\">Vape jetable pour une d\u00e9gustation simple<\/p>\n<p class=\"\" data-start=\"1929\" data-end=\"2240\" data-immersive-translate-walked=\"10cfca06-867b-45c4-a480-b634a2d673e1\" data-immersive-translate-paragraph=\"1\">Comme beaucoup d'autres cigarettes \u00e9lectroniques jetables, l'ELF BOX LS15000 offre une utilisation facile sans entretien ou pr\u00e9paration suppl\u00e9mentaire. La vape est pr\u00eate \u00e0 l'emploi d\u00e8s le d\u00e9ballage, sans r\u00e9glages ou ajustements sp\u00e9cifiques. Il suffit d'inhaler et de profiter pleinement de la saveur.<\/p>\n<h4 data-start=\"2242\" data-end=\"2268\" data-immersive-translate-walked=\"10cfca06-867b-45c4-a480-b634a2d673e1\">Avantages et transport<\/h4>\n<p class=\"\" data-start=\"2270\" data-end=\"2626\" data-immersive-translate-walked=\"10cfca06-867b-45c4-a480-b634a2d673e1\" data-immersive-translate-paragraph=\"1\">L'ELF BOX LS15000 se distingue non seulement par sa haute performance et sa facilit\u00e9 d'utilisation, mais aussi par sa facilit\u00e9 de transport. La livraison s'effectue sans frais de douane, ce qui constitue un avantage suppl\u00e9mentaire pour les clients en France. Le d\u00e9lai de livraison est g\u00e9n\u00e9ralement de 7 \u00e0 15 jours ouvrables, garantissant une livraison rapide.<\/p>\n<h4 data-start=\"2628\" data-end=\"2637\" data-immersive-translate-walked=\"10cfca06-867b-45c4-a480-b634a2d673e1\">Pourquoi l'ELF BOX LS15000 est le choix parfait pour les vapoteurs<\/h4>\n<p class=\"\" data-start=\"2639\" data-end=\"3128\" data-immersive-translate-walked=\"10cfca06-867b-45c4-a480-b634a2d673e1\" data-immersive-translate-paragraph=\"1\">L'ELF BOX LS15000 constitue un excellent choix pour les vapoteurs \u00e0 la recherche d'un vape puissant, facile \u00e0 utiliser et convaincant en termes de saveur. Avec 15000 bouff\u00e9es, une longue autonomie de batterie et une gamme de saveurs impressionnante, ce mod\u00e8le offre une exp\u00e9rience de vapotage exceptionnelle. Si vous recherchez un produit jetable de haute qualit\u00e9, alliant praticit\u00e9 et performance exceptionnelle, l'ELF BOX LS15000 est une option id\u00e9ale.<\/p>\n<p class=\"\" data-start=\"3130\" data-end=\"3225\" data-immersive-translate-walked=\"10cfca06-867b-45c4-a480-b634a2d673e1\" data-immersive-translate-paragraph=\"1\">Disponible sur vapingnet.fr, un fournisseur de confiance pour vos besoins en vapotage.<\/p>","protected":false},"excerpt":{"rendered":"<p>ELF BOX LS15000: Ein leistungsstarkes Vape-Erlebnis mit 15000 Z\u00fcgen Die ELF BOX LS15000 ist eine herausragende Wahl f\u00fcr Vaping-Enthusiasten, die auf der Suche nach einem&#8230;<\/p>","protected":false},"featured_media":6416,"template":"","meta":[],"etheme_brands":[],"product_brand":[100],"product_cat":[53,49,61],"product_tag":[],"class_list":{"0":"post-6431","1":"product","2":"type-product","3":"status-publish","4":"has-post-thumbnail","6":"product_brand-elf-box-vape","7":"product_cat-vape-15000-zuege","8":"product_cat-einweg-e-zigarette","9":"product_cat-f","11":"first","12":"instock","13":"shipping-taxable","14":"purchasable","15":"product-type-simple"},"yoast_head":"<!-- This site is optimized with the Yoast SEO plugin v26.5 - https:\/\/yoast.com\/wordpress\/plugins\/seo\/ -->\n<title>Erlebe Peach Mango Pineapple Mit ELF BOX LS15000 G\u00fcnstig Und Direkt Ab Werk | Vapingnet.de<\/title>\n<meta name=\"description\" content=\"Entdecke Erlebe Peach Mango Pineapple Mit ELF BOX LS15000 G\u00fcnstig Und Direkt Ab Werk bei vapingnet.de, \u25ba Gro\u00dfe Auswahl an Geschmacksrichtungen &amp; super g\u00fcnstig!\" \/>\n<meta name=\"robots\" content=\"index, follow, max-snippet:-1, max-image-preview:large, max-video-preview:-1\" \/>\n<link rel=\"canonical\" href=\"https:\/\/vapingnet.de\/fr\/vape\/erlebe-peach-mango-pineapple-mit-elf-box-ls15000-guenstig-und-direkt-ab-werk\/\" \/>\n<meta property=\"og:locale\" content=\"fr_FR\" \/>\n<meta property=\"og:type\" content=\"article\" \/>\n<meta property=\"og:title\" content=\"Erlebe Peach Mango Pineapple Mit ELF BOX LS15000 G\u00fcnstig Und Direkt Ab Werk | Vapingnet.de\" \/>\n<meta property=\"og:description\" content=\"Entdecke Erlebe Peach Mango Pineapple Mit ELF BOX LS15000 G\u00fcnstig Und Direkt Ab Werk bei vapingnet.de, \u25ba Gro\u00dfe Auswahl an Geschmacksrichtungen &amp; super g\u00fcnstig!\" \/>\n<meta property=\"og:url\" content=\"https:\/\/vapingnet.de\/fr\/vape\/erlebe-peach-mango-pineapple-mit-elf-box-ls15000-guenstig-und-direkt-ab-werk\/\" \/>\n<meta property=\"og:site_name\" content=\"Vapingnet.de\" \/>\n<meta property=\"article:publisher\" content=\"https:\/\/www.facebook.com\/vapingnetde\/\" \/>\n<meta property=\"article:modified_time\" content=\"2025-06-19T03:42:52+00:00\" \/>\n<meta property=\"og:image\" content=\"https:\/\/vapingnet.de\/wp-content\/uploads\/2025\/04\/Peach-Mango-Pineapple.webp\" \/>\n\t<meta property=\"og:image:width\" content=\"1000\" \/>\n\t<meta property=\"og:image:height\" content=\"1000\" \/>\n\t<meta property=\"og:image:type\" content=\"image\/webp\" \/>\n<meta name=\"twitter:card\" content=\"summary_large_image\" \/>\n<meta name=\"twitter:label1\" content=\"Dur\u00e9e de lecture estim\u00e9e\" \/>\n\t<meta name=\"twitter:data1\" content=\"3 minutes\" \/>\n<script type=\"application\/ld+json\" class=\"yoast-schema-graph\">{\"@context\":\"https:\/\/schema.org\",\"@graph\":[{\"@type\":\"WebPage\",\"@id\":\"https:\/\/vapingnet.de\/vape\/erlebe-peach-mango-pineapple-mit-elf-box-ls15000-guenstig-und-direkt-ab-werk\/\",\"url\":\"https:\/\/vapingnet.de\/vape\/erlebe-peach-mango-pineapple-mit-elf-box-ls15000-guenstig-und-direkt-ab-werk\/\",\"name\":\"Erlebe Peach Mango Pineapple Mit ELF BOX LS15000 G\u00fcnstig Und Direkt Ab Werk | Vapingnet.de\",\"isPartOf\":{\"@id\":\"https:\/\/vapingnet.de\/#website\"},\"primaryImageOfPage\":{\"@id\":\"https:\/\/vapingnet.de\/vape\/erlebe-peach-mango-pineapple-mit-elf-box-ls15000-guenstig-und-direkt-ab-werk\/#primaryimage\"},\"image\":{\"@id\":\"https:\/\/vapingnet.de\/vape\/erlebe-peach-mango-pineapple-mit-elf-box-ls15000-guenstig-und-direkt-ab-werk\/#primaryimage\"},\"thumbnailUrl\":\"https:\/\/vapingnet.de\/wp-content\/uploads\/2025\/04\/Peach-Mango-Pineapple.webp\",\"datePublished\":\"2025-04-21T07:29:48+00:00\",\"dateModified\":\"2025-06-19T03:42:52+00:00\",\"description\":\"Entdecke Erlebe Peach Mango Pineapple Mit ELF BOX LS15000 G\u00fcnstig Und Direkt Ab Werk bei vapingnet.de, \u25ba Gro\u00dfe Auswahl an Geschmacksrichtungen & super g\u00fcnstig!\",\"breadcrumb\":{\"@id\":\"https:\/\/vapingnet.de\/vape\/erlebe-peach-mango-pineapple-mit-elf-box-ls15000-guenstig-und-direkt-ab-werk\/#breadcrumb\"},\"inLanguage\":\"fr-FR\",\"potentialAction\":[{\"@type\":\"ReadAction\",\"target\":[\"https:\/\/vapingnet.de\/vape\/erlebe-peach-mango-pineapple-mit-elf-box-ls15000-guenstig-und-direkt-ab-werk\/\"]}]},{\"@type\":\"ImageObject\",\"inLanguage\":\"fr-FR\",\"@id\":\"https:\/\/vapingnet.de\/vape\/erlebe-peach-mango-pineapple-mit-elf-box-ls15000-guenstig-und-direkt-ab-werk\/#primaryimage\",\"url\":\"https:\/\/vapingnet.de\/wp-content\/uploads\/2025\/04\/Peach-Mango-Pineapple.webp\",\"contentUrl\":\"https:\/\/vapingnet.de\/wp-content\/uploads\/2025\/04\/Peach-Mango-Pineapple.webp\",\"width\":1000,\"height\":1000},{\"@type\":\"BreadcrumbList\",\"@id\":\"https:\/\/vapingnet.de\/vape\/erlebe-peach-mango-pineapple-mit-elf-box-ls15000-guenstig-und-direkt-ab-werk\/#breadcrumb\",\"itemListElement\":[{\"@type\":\"ListItem\",\"position\":1,\"name\":\"Home\",\"item\":\"https:\/\/vapingnet.de\/\"},{\"@type\":\"ListItem\",\"position\":2,\"name\":\"Shop\",\"item\":\"https:\/\/vapingnet.de\/vape\/\"},{\"@type\":\"ListItem\",\"position\":3,\"name\":\"Erlebe Peach Mango Pineapple Mit ELF BOX LS15000 G\u00fcnstig Und Direkt Ab Werk\"}]},{\"@type\":\"WebSite\",\"@id\":\"https:\/\/vapingnet.de\/#website\",\"url\":\"https:\/\/vapingnet.de\/\",\"name\":\"Vapingnet.de\",\"description\":\"\",\"publisher\":{\"@id\":\"https:\/\/vapingnet.de\/#organization\"},\"potentialAction\":[{\"@type\":\"SearchAction\",\"target\":{\"@type\":\"EntryPoint\",\"urlTemplate\":\"https:\/\/vapingnet.de\/?s={search_term_string}\"},\"query-input\":{\"@type\":\"PropertyValueSpecification\",\"valueRequired\":true,\"valueName\":\"search_term_string\"}}],\"inLanguage\":\"fr-FR\"},{\"@type\":\"Organization\",\"@id\":\"https:\/\/vapingnet.de\/#organization\",\"name\":\"Vapingnet.de\",\"url\":\"https:\/\/vapingnet.de\/\",\"logo\":{\"@type\":\"ImageObject\",\"inLanguage\":\"fr-FR\",\"@id\":\"https:\/\/vapingnet.de\/#\/schema\/logo\/image\/\",\"url\":\"https:\/\/vapingnet.de\/wp-content\/uploads\/2025\/03\/cropped-vapingnet.de_.jpg\",\"contentUrl\":\"https:\/\/vapingnet.de\/wp-content\/uploads\/2025\/03\/cropped-vapingnet.de_.jpg\",\"width\":512,\"height\":512,\"caption\":\"Vapingnet.de\"},\"image\":{\"@id\":\"https:\/\/vapingnet.de\/#\/schema\/logo\/image\/\"},\"sameAs\":[\"https:\/\/www.facebook.com\/vapingnetde\/\"]}]}<\/script>\n<!-- \/ Yoast SEO plugin. -->","yoast_head_json":{"title":"Erlebe Peach Mango Pineapple Mit ELF BOX LS15000 G\u00fcnstig Und Direkt Ab Werk | Vapingnet.de","description":"Entdecke Erlebe Peach Mango Pineapple Mit ELF BOX LS15000 G\u00fcnstig Und Direkt Ab Werk bei vapingnet.de, \u25ba Gro\u00dfe Auswahl an Geschmacksrichtungen & super g\u00fcnstig!","robots":{"index":"index","follow":"follow","max-snippet":"max-snippet:-1","max-image-preview":"max-image-preview:large","max-video-preview":"max-video-preview:-1"},"canonical":"https:\/\/vapingnet.de\/fr\/vape\/erlebe-peach-mango-pineapple-mit-elf-box-ls15000-guenstig-und-direkt-ab-werk\/","og_locale":"fr_FR","og_type":"article","og_title":"Erlebe Peach Mango Pineapple Mit ELF BOX LS15000 G\u00fcnstig Und Direkt Ab Werk | Vapingnet.de","og_description":"Entdecke Erlebe Peach Mango Pineapple Mit ELF BOX LS15000 G\u00fcnstig Und Direkt Ab Werk bei vapingnet.de, \u25ba Gro\u00dfe Auswahl an Geschmacksrichtungen & super g\u00fcnstig!","og_url":"https:\/\/vapingnet.de\/fr\/vape\/erlebe-peach-mango-pineapple-mit-elf-box-ls15000-guenstig-und-direkt-ab-werk\/","og_site_name":"Vapingnet.de","article_publisher":"https:\/\/www.facebook.com\/vapingnetde\/","article_modified_time":"2025-06-19T03:42:52+00:00","og_image":[{"width":1000,"height":1000,"url":"https:\/\/vapingnet.de\/wp-content\/uploads\/2025\/04\/Peach-Mango-Pineapple.webp","type":"image\/webp"}],"twitter_card":"summary_large_image","twitter_misc":{"Dur\u00e9e de lecture estim\u00e9e":"3 minutes"},"schema":{"@context":"https:\/\/schema.org","@graph":[{"@type":"WebPage","@id":"https:\/\/vapingnet.de\/vape\/erlebe-peach-mango-pineapple-mit-elf-box-ls15000-guenstig-und-direkt-ab-werk\/","url":"https:\/\/vapingnet.de\/vape\/erlebe-peach-mango-pineapple-mit-elf-box-ls15000-guenstig-und-direkt-ab-werk\/","name":"Erlebe Peach Mango Pineapple Mit ELF BOX LS15000 G\u00fcnstig Und Direkt Ab Werk | Vapingnet.de","isPartOf":{"@id":"https:\/\/vapingnet.de\/#website"},"primaryImageOfPage":{"@id":"https:\/\/vapingnet.de\/vape\/erlebe-peach-mango-pineapple-mit-elf-box-ls15000-guenstig-und-direkt-ab-werk\/#primaryimage"},"image":{"@id":"https:\/\/vapingnet.de\/vape\/erlebe-peach-mango-pineapple-mit-elf-box-ls15000-guenstig-und-direkt-ab-werk\/#primaryimage"},"thumbnailUrl":"https:\/\/vapingnet.de\/wp-content\/uploads\/2025\/04\/Peach-Mango-Pineapple.webp","datePublished":"2025-04-21T07:29:48+00:00","dateModified":"2025-06-19T03:42:52+00:00","description":"Entdecke Erlebe Peach Mango Pineapple Mit ELF BOX LS15000 G\u00fcnstig Und Direkt Ab Werk bei vapingnet.de, \u25ba Gro\u00dfe Auswahl an Geschmacksrichtungen & super g\u00fcnstig!","breadcrumb":{"@id":"https:\/\/vapingnet.de\/vape\/erlebe-peach-mango-pineapple-mit-elf-box-ls15000-guenstig-und-direkt-ab-werk\/#breadcrumb"},"inLanguage":"fr-FR","potentialAction":[{"@type":"ReadAction","target":["https:\/\/vapingnet.de\/vape\/erlebe-peach-mango-pineapple-mit-elf-box-ls15000-guenstig-und-direkt-ab-werk\/"]}]},{"@type":"ImageObject","inLanguage":"fr-FR","@id":"https:\/\/vapingnet.de\/vape\/erlebe-peach-mango-pineapple-mit-elf-box-ls15000-guenstig-und-direkt-ab-werk\/#primaryimage","url":"https:\/\/vapingnet.de\/wp-content\/uploads\/2025\/04\/Peach-Mango-Pineapple.webp","contentUrl":"https:\/\/vapingnet.de\/wp-content\/uploads\/2025\/04\/Peach-Mango-Pineapple.webp","width":1000,"height":1000},{"@type":"BreadcrumbList","@id":"https:\/\/vapingnet.de\/vape\/erlebe-peach-mango-pineapple-mit-elf-box-ls15000-guenstig-und-direkt-ab-werk\/#breadcrumb","itemListElement":[{"@type":"ListItem","position":1,"name":"Home","item":"https:\/\/vapingnet.de\/"},{"@type":"ListItem","position":2,"name":"Shop","item":"https:\/\/vapingnet.de\/vape\/"},{"@type":"ListItem","position":3,"name":"Erlebe Peach Mango Pineapple Mit ELF BOX LS15000 G\u00fcnstig Und Direkt Ab Werk"}]},{"@type":"WebSite","@id":"https:\/\/vapingnet.de\/#website","url":"https:\/\/vapingnet.de\/","name":"Vapingnet.de","description":"","publisher":{"@id":"https:\/\/vapingnet.de\/#organization"},"potentialAction":[{"@type":"SearchAction","target":{"@type":"EntryPoint","urlTemplate":"https:\/\/vapingnet.de\/?s={search_term_string}"},"query-input":{"@type":"PropertyValueSpecification","valueRequired":true,"valueName":"search_term_string"}}],"inLanguage":"fr-FR"},{"@type":"Organization","@id":"https:\/\/vapingnet.de\/#organization","name":"Vapingnet.de","url":"https:\/\/vapingnet.de\/","logo":{"@type":"ImageObject","inLanguage":"fr-FR","@id":"https:\/\/vapingnet.de\/#\/schema\/logo\/image\/","url":"https:\/\/vapingnet.de\/wp-content\/uploads\/2025\/03\/cropped-vapingnet.de_.jpg","contentUrl":"https:\/\/vapingnet.de\/wp-content\/uploads\/2025\/03\/cropped-vapingnet.de_.jpg","width":512,"height":512,"caption":"Vapingnet.de"},"image":{"@id":"https:\/\/vapingnet.de\/#\/schema\/logo\/image\/"},"sameAs":["https:\/\/www.facebook.com\/vapingnetde\/"]}]}},"tiered_pricing_type":"fixed","tiered_pricing_fixed_rules":{"10":"8.35","60":"7.54","110":"6.68","200":"5.85"},"tiered_pricing_product_settings":{"layout":"default","base_unit_name":{"singular":null,"plural":null},"default_variation":null},"tiered_pricing_minimum_quantity":null,"tiered_pricing_roles_data":[],"tiered_pricing_percentage_rules":[],"_links":{"self":[{"href":"https:\/\/vapingnet.de\/fr\/wp-json\/wp\/v2\/product\/6431","targetHints":{"allow":["GET"]}}],"collection":[{"href":"https:\/\/vapingnet.de\/fr\/wp-json\/wp\/v2\/product"}],"about":[{"href":"https:\/\/vapingnet.de\/fr\/wp-json\/wp\/v2\/types\/product"}],"version-history":[{"count":1,"href":"https:\/\/vapingnet.de\/fr\/wp-json\/wp\/v2\/product\/6431\/revisions"}],"predecessor-version":[{"id":6439,"href":"https:\/\/vapingnet.de\/fr\/wp-json\/wp\/v2\/product\/6431\/revisions\/6439"}],"wp:featuredmedia":[{"embeddable":true,"href":"https:\/\/vapingnet.de\/fr\/wp-json\/wp\/v2\/media\/6416"}],"wp:attachment":[{"href":"https:\/\/vapingnet.de\/fr\/wp-json\/wp\/v2\/media?parent=6431"}],"wp:term":[{"taxonomy":"brand","embeddable":true,"href":"https:\/\/vapingnet.de\/fr\/wp-json\/wp\/v2\/etheme_brands?post=6431"},{"taxonomy":"product_brand","embeddable":true,"href":"https:\/\/vapingnet.de\/fr\/wp-json\/wp\/v2\/product_brand?post=6431"},{"taxonomy":"product_cat","embeddable":true,"href":"https:\/\/vapingnet.de\/fr\/wp-json\/wp\/v2\/product_cat?post=6431"},{"taxonomy":"product_tag","embeddable":true,"href":"https:\/\/vapingnet.de\/fr\/wp-json\/wp\/v2\/product_tag?post=6431"}],"curies":[{"name":"wp","href":"https:\/\/api.w.org\/{rel}","templated":true}]}}