{"id":6432,"date":"2025-04-21T07:29:50","date_gmt":"2025-04-21T07:29:50","guid":{"rendered":"https:\/\/vapingnet.de\/?post_type=product&#038;p=6432"},"modified":"2025-06-19T03:42:52","modified_gmt":"2025-06-19T03:42:52","slug":"elf-box-ls15000-mit-grape-ice-jetzt-bestellen-zollfrei-lieferung","status":"publish","type":"product","link":"https:\/\/vapingnet.de\/fr\/vape\/elf-box-ls15000-mit-grape-ice-jetzt-bestellen-zollfrei-lieferung\/","title":{"rendered":"ELF BOX LS15000 avec Grape Ice, commandez maintenant livraison sans douane"},"content":{"rendered":"<h2 data-start=\"0\" data-end=\"73\" data-immersive-translate-walked=\"f951bc89-7b47-4074-8fea-0943f826cadf\">ELF BOX LS15000 : Une vapeur unique avec une touche suppl\u00e9mentaire de fra\u00eecheur<\/h2>\n<p class=\"\" data-start=\"75\" data-end=\"662\" data-immersive-translate-walked=\"f951bc89-7b47-4074-8fea-0943f826cadf\" data-immersive-translate-paragraph=\"1\">L'ELF BOX LS15000 se pr\u00e9sente comme le choix parfait pour les vapoteurs exigeants, qui recherchent non seulement une longue dur\u00e9e de vie, mais aussi une exp\u00e9rience gustative intense. Avec un impressionnant nombre de 15000 bouff\u00e9es et une fonction rechargeable pratique, ce mod\u00e8le se distingue nettement des autres vapoteuses jetables. La combinaison de la technologie de coil en mesh de haute qualit\u00e9, d'une grande r\u00e9serve de e-liquide et d'une saveur fra\u00eeche fait de l'ELF BOX LS15000 une option exceptionnelle pour tous ceux qui ne veulent faire aucun compromis lors de leur vapotage.<\/p>\n<h3 data-start=\"664\" data-end=\"706\" data-immersive-translate-walked=\"f951bc89-7b47-4074-8fea-0943f826cadf\">D\u00e9tails techniques de l'ELF BOX LS15000<\/h3>\n<p class=\"\" data-start=\"708\" data-end=\"1000\" data-immersive-translate-walked=\"f951bc89-7b47-4074-8fea-0943f826cadf\" data-immersive-translate-paragraph=\"1\">L'ELF BOX LS15000 est \u00e9quip\u00e9e d'un coil en mesh moderne, avec une r\u00e9sistance de 0,6 ohm, assurant une production de vapeur particuli\u00e8rement uniforme et riche en saveur. Cette technologie de coil garantit que chaque bouff\u00e9e offre une exp\u00e9rience gustative intense et pure.<\/p>\n<p class=\"\" data-start=\"1002\" data-end=\"1342\" data-immersive-translate-walked=\"f951bc89-7b47-4074-8fea-0943f826cadf\" data-immersive-translate-paragraph=\"1\">Avec une capacit\u00e9 de e-liquide de 26 ml, l'appareil fournit suffisamment de liquide pour une utilisation prolong\u00e9e et assure que le go\u00fbt reste constant tout au long de la dur\u00e9e de vie de l'appareil. Les utilisateurs peuvent choisir entre trois niveaux de nicotine diff\u00e9rents : 0%, 2% ou 5%, selon leur pr\u00e9f\u00e9rence personnelle et leur niveau de nicotine souhait\u00e9.<\/p>\n<p class=\"\" data-start=\"1344\" data-end=\"1743\" data-immersive-translate-walked=\"f951bc89-7b47-4074-8fea-0943f826cadf\" data-immersive-translate-paragraph=\"1\">La batterie int\u00e9gr\u00e9e d'une capacit\u00e9 de 600 mAh assure une alimentation fiable et se recharge rapidement et facilement via une connexion Type-C. L'appareil ne p\u00e8se que 91 g, ce qui le rend l\u00e9ger et pratique pour une utilisation quotidienne. Gr\u00e2ce \u00e0 sa fonction rechargeable, il n'est pas n\u00e9cessaire de remplacer fr\u00e9quemment l'appareil, ce qui est avantageux tant sur le plan \u00e9cologique qu'\u00e9conomique.<\/p>\n<h4 data-start=\"1745\" data-end=\"1778\" data-immersive-translate-walked=\"f951bc89-7b47-4074-8fea-0943f826cadf\">Exp\u00e9rience gustative : Grape Ice<\/h4>\n<p class=\"\" data-start=\"1780\" data-end=\"2314\" data-immersive-translate-walked=\"f951bc89-7b47-4074-8fea-0943f826cadf\" data-immersive-translate-paragraph=\"1\">Le go\u00fbt \u00ab Grape Ice \u00bb est un excellent choix pour les vapoteurs recherchant un m\u00e9lange rafra\u00eechissant et fruit\u00e9. Des raisins juteux se combinent avec une fra\u00eecheur glac\u00e9e, offrant une vapeur intense et rafra\u00eechissante. Ce go\u00fbt est parfait pour ceux qui aiment les notes fruit\u00e9es tout en appr\u00e9ciant la fra\u00eecheur d'une menthe ou d'une saveur glac\u00e9e. Grape Ice offre une exp\u00e9rience gustative id\u00e9ale pour les journ\u00e9es chaudes d'\u00e9t\u00e9 ou toute occasion o\u00f9 un plaisir de vapeur revigorant est souhait\u00e9.<\/p>\n<h4 data-start=\"2316\" data-end=\"2350\" data-immersive-translate-walked=\"f951bc89-7b47-4074-8fea-0943f826cadf\">Facilit\u00e9 d'utilisation et design<\/h4>\n<p class=\"\" data-start=\"2352\" data-end=\"2731\" data-immersive-translate-walked=\"f951bc89-7b47-4074-8fea-0943f826cadf\" data-immersive-translate-paragraph=\"1\">L'ELF BOX LS15000 se distingue par sa simplicit\u00e9 d'utilisation. L'appareil est pr\u00eat \u00e0 l'emploi imm\u00e9diatement et ne n\u00e9cessite pas de r\u00e9glages ou pr\u00e9parations compliqu\u00e9s. Il suffit de le sortir de l'emballage et de commencer \u00e0 profiter de la vapeur agr\u00e9able. Cette simplicit\u00e9 en fait un choix id\u00e9al pour les d\u00e9butants ainsi que pour les vapoteurs exp\u00e9riment\u00e9s \u00e0 la recherche d'une solution pratique.<\/p>\n<h4 data-start=\"2733\" data-end=\"2765\" data-immersive-translate-walked=\"f951bc89-7b47-4074-8fea-0943f826cadf\">Avantages de l'ELF BOX LS15000<\/h4>\n<p class=\"\" data-start=\"2767\" data-end=\"3113\" data-immersive-translate-walked=\"f951bc89-7b47-4074-8fea-0943f826cadf\" data-immersive-translate-paragraph=\"1\">Outre ses aspects techniques, l'ELF BOX LS15000 offre de nombreux avantages qui la distinguent des autres vapoteuses jetables. Il est particuli\u00e8rement attractif qu'elle soit livr\u00e9e sans droits de douane, ce qui est tr\u00e8s avantageux pour le march\u00e9 europ\u00e9en. La livraison s'effectue en 7 \u00e0 15 jours ouvrables, vous permettant de recevoir votre commande rapidement.<\/p>\n<h4 data-start=\"3115\" data-end=\"3158\" data-immersive-translate-walked=\"f951bc89-7b47-4074-8fea-0943f826cadf\">Conclusion : L'ELF BOX LS15000 comme choix de premier ordre<\/h4>\n<p class=\"\" data-start=\"3160\" data-end=\"3601\" data-immersive-translate-walked=\"f951bc89-7b47-4074-8fea-0943f826cadf\" data-immersive-translate-paragraph=\"1\">L'ELF BOX LS15000 est un produit exceptionnel pour les vapoteurs \u00e0 la recherche d'un appareil durable, pratique et gustativement attrayant. Avec sa grande capacit\u00e9, sa technologie de coil de haute qualit\u00e9 et le choix entre diff\u00e9rentes concentrations de nicotine, elle r\u00e9pond aux attentes de nombreux vapoteurs. La saveur fra\u00eeche \u00ab Grape Ice \u00bb procure une exp\u00e9rience de vapotage agr\u00e9able et rafra\u00eechissante, qui ne cesse de s\u00e9duire.<\/p>\n<p class=\"\" data-start=\"3603\" data-end=\"3739\" data-immersive-translate-walked=\"f951bc89-7b47-4074-8fea-0943f826cadf\" data-immersive-translate-paragraph=\"1\">Pour tous ceux qui recherchent une cigarette \u00e9lectronique jetable fiable et de haute qualit\u00e9, vapingnet.fr est la source id\u00e9ale.<\/p>","protected":false},"excerpt":{"rendered":"<p>ELF BOX LS15000 : Vaping unique avec une touche suppl\u00e9mentaire de fra\u00eecheur La ELF BOX LS15000 se pr\u00e9sente comme le choix parfait pour les vapoteurs exigeants, qui ne se contentent pas de...<\/p>","protected":false},"featured_media":6413,"template":"","meta":[],"etheme_brands":[],"product_brand":[100],"product_cat":[53,49,61],"product_tag":[],"class_list":{"0":"post-6432","1":"product","2":"type-product","3":"status-publish","4":"has-post-thumbnail","6":"product_brand-elf-box-vape","7":"product_cat-vape-15000-zuege","8":"product_cat-einweg-e-zigarette","9":"product_cat-f","11":"first","12":"instock","13":"shipping-taxable","14":"purchasable","15":"product-type-simple"},"yoast_head":"<!-- This site is optimized with the Yoast SEO plugin v26.5 - https:\/\/yoast.com\/wordpress\/plugins\/seo\/ -->\n<title>ELF BOX LS15000 Mit Grape Ice Jetzt Bestellen Zollfrei Lieferung | Vapingnet.de<\/title>\n<meta name=\"description\" content=\"Entdecke ELF BOX LS15000 Mit Grape Ice Jetzt Bestellen Zollfrei Lieferung bei vapingnet.de, \u25ba Gro\u00dfe Auswahl an Geschmacksrichtungen &amp; super g\u00fcnstig!\" \/>\n<meta name=\"robots\" content=\"index, follow, max-snippet:-1, max-image-preview:large, max-video-preview:-1\" \/>\n<link rel=\"canonical\" href=\"https:\/\/vapingnet.de\/fr\/vape\/elf-box-ls15000-mit-grape-ice-jetzt-bestellen-zollfrei-lieferung\/\" \/>\n<meta property=\"og:locale\" content=\"fr_FR\" \/>\n<meta property=\"og:type\" content=\"article\" \/>\n<meta property=\"og:title\" content=\"ELF BOX LS15000 Mit Grape Ice Jetzt Bestellen Zollfrei Lieferung | Vapingnet.de\" \/>\n<meta property=\"og:description\" content=\"Entdecke ELF BOX LS15000 Mit Grape Ice Jetzt Bestellen Zollfrei Lieferung bei vapingnet.de, \u25ba Gro\u00dfe Auswahl an Geschmacksrichtungen &amp; super g\u00fcnstig!\" \/>\n<meta property=\"og:url\" content=\"https:\/\/vapingnet.de\/fr\/vape\/elf-box-ls15000-mit-grape-ice-jetzt-bestellen-zollfrei-lieferung\/\" \/>\n<meta property=\"og:site_name\" content=\"Vapingnet.de\" \/>\n<meta property=\"article:publisher\" content=\"https:\/\/www.facebook.com\/vapingnetde\/\" \/>\n<meta property=\"article:modified_time\" content=\"2025-06-19T03:42:52+00:00\" \/>\n<meta property=\"og:image\" content=\"https:\/\/vapingnet.de\/wp-content\/uploads\/2025\/04\/Grape-Ice-1.webp\" \/>\n\t<meta property=\"og:image:width\" content=\"1000\" \/>\n\t<meta property=\"og:image:height\" content=\"1000\" \/>\n\t<meta property=\"og:image:type\" content=\"image\/webp\" \/>\n<meta name=\"twitter:card\" content=\"summary_large_image\" \/>\n<meta name=\"twitter:label1\" content=\"Dur\u00e9e de lecture estim\u00e9e\" \/>\n\t<meta name=\"twitter:data1\" content=\"3 minutes\" \/>\n<script type=\"application\/ld+json\" class=\"yoast-schema-graph\">{\"@context\":\"https:\/\/schema.org\",\"@graph\":[{\"@type\":\"WebPage\",\"@id\":\"https:\/\/vapingnet.de\/vape\/elf-box-ls15000-mit-grape-ice-jetzt-bestellen-zollfrei-lieferung\/\",\"url\":\"https:\/\/vapingnet.de\/vape\/elf-box-ls15000-mit-grape-ice-jetzt-bestellen-zollfrei-lieferung\/\",\"name\":\"ELF BOX LS15000 Mit Grape Ice Jetzt Bestellen Zollfrei Lieferung | Vapingnet.de\",\"isPartOf\":{\"@id\":\"https:\/\/vapingnet.de\/#website\"},\"primaryImageOfPage\":{\"@id\":\"https:\/\/vapingnet.de\/vape\/elf-box-ls15000-mit-grape-ice-jetzt-bestellen-zollfrei-lieferung\/#primaryimage\"},\"image\":{\"@id\":\"https:\/\/vapingnet.de\/vape\/elf-box-ls15000-mit-grape-ice-jetzt-bestellen-zollfrei-lieferung\/#primaryimage\"},\"thumbnailUrl\":\"https:\/\/vapingnet.de\/wp-content\/uploads\/2025\/04\/Grape-Ice-1.webp\",\"datePublished\":\"2025-04-21T07:29:50+00:00\",\"dateModified\":\"2025-06-19T03:42:52+00:00\",\"description\":\"Entdecke ELF BOX LS15000 Mit Grape Ice Jetzt Bestellen Zollfrei Lieferung bei vapingnet.de, \u25ba Gro\u00dfe Auswahl an Geschmacksrichtungen & super g\u00fcnstig!\",\"breadcrumb\":{\"@id\":\"https:\/\/vapingnet.de\/vape\/elf-box-ls15000-mit-grape-ice-jetzt-bestellen-zollfrei-lieferung\/#breadcrumb\"},\"inLanguage\":\"fr-FR\",\"potentialAction\":[{\"@type\":\"ReadAction\",\"target\":[\"https:\/\/vapingnet.de\/vape\/elf-box-ls15000-mit-grape-ice-jetzt-bestellen-zollfrei-lieferung\/\"]}]},{\"@type\":\"ImageObject\",\"inLanguage\":\"fr-FR\",\"@id\":\"https:\/\/vapingnet.de\/vape\/elf-box-ls15000-mit-grape-ice-jetzt-bestellen-zollfrei-lieferung\/#primaryimage\",\"url\":\"https:\/\/vapingnet.de\/wp-content\/uploads\/2025\/04\/Grape-Ice-1.webp\",\"contentUrl\":\"https:\/\/vapingnet.de\/wp-content\/uploads\/2025\/04\/Grape-Ice-1.webp\",\"width\":1000,\"height\":1000},{\"@type\":\"BreadcrumbList\",\"@id\":\"https:\/\/vapingnet.de\/vape\/elf-box-ls15000-mit-grape-ice-jetzt-bestellen-zollfrei-lieferung\/#breadcrumb\",\"itemListElement\":[{\"@type\":\"ListItem\",\"position\":1,\"name\":\"Home\",\"item\":\"https:\/\/vapingnet.de\/\"},{\"@type\":\"ListItem\",\"position\":2,\"name\":\"Shop\",\"item\":\"https:\/\/vapingnet.de\/vape\/\"},{\"@type\":\"ListItem\",\"position\":3,\"name\":\"ELF BOX LS15000 Mit Grape Ice Jetzt Bestellen Zollfrei Lieferung\"}]},{\"@type\":\"WebSite\",\"@id\":\"https:\/\/vapingnet.de\/#website\",\"url\":\"https:\/\/vapingnet.de\/\",\"name\":\"Vapingnet.de\",\"description\":\"\",\"publisher\":{\"@id\":\"https:\/\/vapingnet.de\/#organization\"},\"potentialAction\":[{\"@type\":\"SearchAction\",\"target\":{\"@type\":\"EntryPoint\",\"urlTemplate\":\"https:\/\/vapingnet.de\/?s={search_term_string}\"},\"query-input\":{\"@type\":\"PropertyValueSpecification\",\"valueRequired\":true,\"valueName\":\"search_term_string\"}}],\"inLanguage\":\"fr-FR\"},{\"@type\":\"Organization\",\"@id\":\"https:\/\/vapingnet.de\/#organization\",\"name\":\"Vapingnet.de\",\"url\":\"https:\/\/vapingnet.de\/\",\"logo\":{\"@type\":\"ImageObject\",\"inLanguage\":\"fr-FR\",\"@id\":\"https:\/\/vapingnet.de\/#\/schema\/logo\/image\/\",\"url\":\"https:\/\/vapingnet.de\/wp-content\/uploads\/2025\/03\/cropped-vapingnet.de_.jpg\",\"contentUrl\":\"https:\/\/vapingnet.de\/wp-content\/uploads\/2025\/03\/cropped-vapingnet.de_.jpg\",\"width\":512,\"height\":512,\"caption\":\"Vapingnet.de\"},\"image\":{\"@id\":\"https:\/\/vapingnet.de\/#\/schema\/logo\/image\/\"},\"sameAs\":[\"https:\/\/www.facebook.com\/vapingnetde\/\"]}]}<\/script>\n<!-- \/ Yoast SEO plugin. -->","yoast_head_json":{"title":"ELF BOX LS15000 Mit Grape Ice Jetzt Bestellen Zollfrei Lieferung | Vapingnet.de","description":"Entdecke ELF BOX LS15000 Mit Grape Ice Jetzt Bestellen Zollfrei Lieferung bei vapingnet.de, \u25ba Gro\u00dfe Auswahl an Geschmacksrichtungen & super g\u00fcnstig!","robots":{"index":"index","follow":"follow","max-snippet":"max-snippet:-1","max-image-preview":"max-image-preview:large","max-video-preview":"max-video-preview:-1"},"canonical":"https:\/\/vapingnet.de\/fr\/vape\/elf-box-ls15000-mit-grape-ice-jetzt-bestellen-zollfrei-lieferung\/","og_locale":"fr_FR","og_type":"article","og_title":"ELF BOX LS15000 Mit Grape Ice Jetzt Bestellen Zollfrei Lieferung | Vapingnet.de","og_description":"Entdecke ELF BOX LS15000 Mit Grape Ice Jetzt Bestellen Zollfrei Lieferung bei vapingnet.de, \u25ba Gro\u00dfe Auswahl an Geschmacksrichtungen & super g\u00fcnstig!","og_url":"https:\/\/vapingnet.de\/fr\/vape\/elf-box-ls15000-mit-grape-ice-jetzt-bestellen-zollfrei-lieferung\/","og_site_name":"Vapingnet.de","article_publisher":"https:\/\/www.facebook.com\/vapingnetde\/","article_modified_time":"2025-06-19T03:42:52+00:00","og_image":[{"width":1000,"height":1000,"url":"https:\/\/vapingnet.de\/wp-content\/uploads\/2025\/04\/Grape-Ice-1.webp","type":"image\/webp"}],"twitter_card":"summary_large_image","twitter_misc":{"Dur\u00e9e de lecture estim\u00e9e":"3 minutes"},"schema":{"@context":"https:\/\/schema.org","@graph":[{"@type":"WebPage","@id":"https:\/\/vapingnet.de\/vape\/elf-box-ls15000-mit-grape-ice-jetzt-bestellen-zollfrei-lieferung\/","url":"https:\/\/vapingnet.de\/vape\/elf-box-ls15000-mit-grape-ice-jetzt-bestellen-zollfrei-lieferung\/","name":"ELF BOX LS15000 Mit Grape Ice Jetzt Bestellen Zollfrei Lieferung | Vapingnet.de","isPartOf":{"@id":"https:\/\/vapingnet.de\/#website"},"primaryImageOfPage":{"@id":"https:\/\/vapingnet.de\/vape\/elf-box-ls15000-mit-grape-ice-jetzt-bestellen-zollfrei-lieferung\/#primaryimage"},"image":{"@id":"https:\/\/vapingnet.de\/vape\/elf-box-ls15000-mit-grape-ice-jetzt-bestellen-zollfrei-lieferung\/#primaryimage"},"thumbnailUrl":"https:\/\/vapingnet.de\/wp-content\/uploads\/2025\/04\/Grape-Ice-1.webp","datePublished":"2025-04-21T07:29:50+00:00","dateModified":"2025-06-19T03:42:52+00:00","description":"Entdecke ELF BOX LS15000 Mit Grape Ice Jetzt Bestellen Zollfrei Lieferung bei vapingnet.de, \u25ba Gro\u00dfe Auswahl an Geschmacksrichtungen & super g\u00fcnstig!","breadcrumb":{"@id":"https:\/\/vapingnet.de\/vape\/elf-box-ls15000-mit-grape-ice-jetzt-bestellen-zollfrei-lieferung\/#breadcrumb"},"inLanguage":"fr-FR","potentialAction":[{"@type":"ReadAction","target":["https:\/\/vapingnet.de\/vape\/elf-box-ls15000-mit-grape-ice-jetzt-bestellen-zollfrei-lieferung\/"]}]},{"@type":"ImageObject","inLanguage":"fr-FR","@id":"https:\/\/vapingnet.de\/vape\/elf-box-ls15000-mit-grape-ice-jetzt-bestellen-zollfrei-lieferung\/#primaryimage","url":"https:\/\/vapingnet.de\/wp-content\/uploads\/2025\/04\/Grape-Ice-1.webp","contentUrl":"https:\/\/vapingnet.de\/wp-content\/uploads\/2025\/04\/Grape-Ice-1.webp","width":1000,"height":1000},{"@type":"BreadcrumbList","@id":"https:\/\/vapingnet.de\/vape\/elf-box-ls15000-mit-grape-ice-jetzt-bestellen-zollfrei-lieferung\/#breadcrumb","itemListElement":[{"@type":"ListItem","position":1,"name":"Home","item":"https:\/\/vapingnet.de\/"},{"@type":"ListItem","position":2,"name":"Shop","item":"https:\/\/vapingnet.de\/vape\/"},{"@type":"ListItem","position":3,"name":"ELF BOX LS15000 Mit Grape Ice Jetzt Bestellen Zollfrei Lieferung"}]},{"@type":"WebSite","@id":"https:\/\/vapingnet.de\/#website","url":"https:\/\/vapingnet.de\/","name":"Vapingnet.de","description":"","publisher":{"@id":"https:\/\/vapingnet.de\/#organization"},"potentialAction":[{"@type":"SearchAction","target":{"@type":"EntryPoint","urlTemplate":"https:\/\/vapingnet.de\/?s={search_term_string}"},"query-input":{"@type":"PropertyValueSpecification","valueRequired":true,"valueName":"search_term_string"}}],"inLanguage":"fr-FR"},{"@type":"Organization","@id":"https:\/\/vapingnet.de\/#organization","name":"Vapingnet.de","url":"https:\/\/vapingnet.de\/","logo":{"@type":"ImageObject","inLanguage":"fr-FR","@id":"https:\/\/vapingnet.de\/#\/schema\/logo\/image\/","url":"https:\/\/vapingnet.de\/wp-content\/uploads\/2025\/03\/cropped-vapingnet.de_.jpg","contentUrl":"https:\/\/vapingnet.de\/wp-content\/uploads\/2025\/03\/cropped-vapingnet.de_.jpg","width":512,"height":512,"caption":"Vapingnet.de"},"image":{"@id":"https:\/\/vapingnet.de\/#\/schema\/logo\/image\/"},"sameAs":["https:\/\/www.facebook.com\/vapingnetde\/"]}]}},"tiered_pricing_type":"fixed","tiered_pricing_fixed_rules":{"10":"8.35","60":"7.54","110":"6.68","200":"5.85"},"tiered_pricing_product_settings":{"layout":"default","base_unit_name":{"singular":null,"plural":null},"default_variation":null},"tiered_pricing_minimum_quantity":null,"tiered_pricing_roles_data":[],"tiered_pricing_percentage_rules":[],"_links":{"self":[{"href":"https:\/\/vapingnet.de\/fr\/wp-json\/wp\/v2\/product\/6432","targetHints":{"allow":["GET"]}}],"collection":[{"href":"https:\/\/vapingnet.de\/fr\/wp-json\/wp\/v2\/product"}],"about":[{"href":"https:\/\/vapingnet.de\/fr\/wp-json\/wp\/v2\/types\/product"}],"version-history":[{"count":1,"href":"https:\/\/vapingnet.de\/fr\/wp-json\/wp\/v2\/product\/6432\/revisions"}],"predecessor-version":[{"id":6440,"href":"https:\/\/vapingnet.de\/fr\/wp-json\/wp\/v2\/product\/6432\/revisions\/6440"}],"wp:featuredmedia":[{"embeddable":true,"href":"https:\/\/vapingnet.de\/fr\/wp-json\/wp\/v2\/media\/6413"}],"wp:attachment":[{"href":"https:\/\/vapingnet.de\/fr\/wp-json\/wp\/v2\/media?parent=6432"}],"wp:term":[{"taxonomy":"brand","embeddable":true,"href":"https:\/\/vapingnet.de\/fr\/wp-json\/wp\/v2\/etheme_brands?post=6432"},{"taxonomy":"product_brand","embeddable":true,"href":"https:\/\/vapingnet.de\/fr\/wp-json\/wp\/v2\/product_brand?post=6432"},{"taxonomy":"product_cat","embeddable":true,"href":"https:\/\/vapingnet.de\/fr\/wp-json\/wp\/v2\/product_cat?post=6432"},{"taxonomy":"product_tag","embeddable":true,"href":"https:\/\/vapingnet.de\/fr\/wp-json\/wp\/v2\/product_tag?post=6432"}],"curies":[{"name":"wp","href":"https:\/\/api.w.org\/{rel}","templated":true}]}}