{"id":6433,"date":"2025-04-21T07:29:55","date_gmt":"2025-04-21T07:29:55","guid":{"rendered":"https:\/\/vapingnet.de\/?post_type=product&#038;p=6433"},"modified":"2025-06-19T03:42:52","modified_gmt":"2025-06-19T03:42:52","slug":"top-geschmack-mango-banana-elf-box-ls15000-jetzt-ohne-zollgebuehren","status":"publish","type":"product","link":"https:\/\/vapingnet.de\/fr\/vape\/top-geschmack-mango-banana-elf-box-ls15000-jetzt-ohne-zollgebuehren\/","title":{"rendered":"Go\u00fbt exceptionnel Mangue Banane ELF BOX LS15000 Sans frais de douane maintenant"},"content":{"rendered":"<h2 data-start=\"0\" data-end=\"84\" data-immersive-translate-walked=\"0ee4c1cb-35a9-47db-b4f2-89f110f97503\">ELF BOX LS15000 : une exp\u00e9rience de vapotage puissante avec un go\u00fbt mangue-banane<\/h2>\n<p class=\"\" data-start=\"86\" data-end=\"407\" data-immersive-translate-walked=\"0ee4c1cb-35a9-47db-b4f2-89f110f97503\" data-immersive-translate-paragraph=\"1\">L'ELF BOX LS15000 offre aux vapoteurs une exp\u00e9rience in\u00e9gal\u00e9e. Avec un nombre impressionnant de 15000 bouff\u00e9es et un \u00e9quipement r\u00e9fl\u00e9chi, ce vapoteur jetable est bien plus qu'une simple alternative. Il combine fonctionnalit\u00e9, confort et une exp\u00e9rience gustative unique \u2013 id\u00e9al pour le vapoteur moderne.<\/p>\n<h3>Caract\u00e9ristiques essentielles de l'ELF BOX LS15000<\/h3>\n<ul data-start=\"464\" data-end=\"1464\" data-immersive-translate-walked=\"0ee4c1cb-35a9-47db-b4f2-89f110f97503\">\n<li class=\"\" data-start=\"464\" data-end=\"711\" data-immersive-translate-walked=\"0ee4c1cb-35a9-47db-b4f2-89f110f97503\">\n<p class=\"\" data-start=\"466\" data-end=\"711\" data-immersive-translate-walked=\"0ee4c1cb-35a9-47db-b4f2-89f110f97503\" data-immersive-translate-paragraph=\"1\">Technologie Mesh-Coil : L'ELF BOX LS15000 est \u00e9quip\u00e9e d'une coil en mesh, qui affiche une r\u00e9sistance de 0,6 ohm. Cette technologie assure une vaporisation uniforme du e-liquide et fournit un go\u00fbt constant et intense.<\/p>\n<\/li>\n<li class=\"\" data-start=\"715\" data-end=\"891\" data-immersive-translate-walked=\"0ee4c1cb-35a9-47db-b4f2-89f110f97503\">\n<p class=\"\" data-start=\"717\" data-end=\"891\" data-immersive-translate-walked=\"0ee4c1cb-35a9-47db-b4f2-89f110f97503\" data-immersive-translate-paragraph=\"1\">Capacit\u00e9 en e-liquide : L'appareil contient 26 ml d'e-liquide, permettant une utilisation prolong\u00e9e sans rechargement. Cette quantit\u00e9 g\u00e9n\u00e9reuse est parfaite pour des sessions de vapotage prolong\u00e9es.<\/p>\n<\/li>\n<li class=\"\" data-start=\"893\" data-end=\"1076\" data-immersive-translate-walked=\"0ee4c1cb-35a9-47db-b4f2-89f110f97503\">\n<p class=\"\" data-start=\"895\" data-end=\"1076\" data-immersive-translate-walked=\"0ee4c1cb-35a9-47db-b4f2-89f110f97503\" data-immersive-translate-paragraph=\"1\">Options de nicotine : L'ELF BOX LS15000 est disponible en dosages de nicotine de 0, 1, 2 et 5 mg\/ml. Ce choix permet aux utilisateurs de s\u00e9lectionner la dose de nicotine qui leur convient.<\/p>\n<\/li>\n<li class=\"\" data-start=\"1078\" data-end=\"1320\" data-immersive-translate-walked=\"0ee4c1cb-35a9-47db-b4f2-89f110f97503\">\n<p class=\"\" data-start=\"1080\" data-end=\"1320\" data-immersive-translate-walked=\"0ee4c1cb-35a9-47db-b4f2-89f110f97503\" data-immersive-translate-paragraph=\"1\">Batterie et fonction de recharge : \u00c9quip\u00e9 d'une batterie de 600 mAh, l'appareil garantit une longue dur\u00e9e de vie. La batterie peut \u00eatre facilement recharg\u00e9e via une connexion Type-C, assurant une recharge rapide et simple.<\/p>\n<\/li>\n<li class=\"\" data-start=\"1322\" data-end=\"1464\" data-immersive-translate-walked=\"0ee4c1cb-35a9-47db-b4f2-89f110f97503\">\n<p class=\"\" data-start=\"1324\" data-end=\"1464\" data-immersive-translate-walked=\"0ee4c1cb-35a9-47db-b4f2-89f110f97503\" data-immersive-translate-paragraph=\"1\">Poids et maniabilit\u00e9 : Avec seulement 91 g, l'ELF BOX LS15000 est l\u00e9ger et maniable, rendant le vapotage en d\u00e9placement particuli\u00e8rement confortable.<\/p>\n<\/li>\n<\/ul>\n<h4 data-start=\"1466\" data-end=\"1506\" data-immersive-translate-walked=\"0ee4c1cb-35a9-47db-b4f2-89f110f97503\">Exp\u00e9rience gustative : Mangue Banane<\/h4>\n<p class=\"\" data-start=\"1508\" data-end=\"1812\" data-immersive-translate-walked=\"0ee4c1cb-35a9-47db-b4f2-89f110f97503\" data-immersive-translate-paragraph=\"1\">L'ELF BOX LS15000 offre le go\u00fbt \u00ab Mangue Banane \u00bb, une combinaison tropicale de mangues m\u00fbres et de bananes sucr\u00e9es. Le go\u00fbt fruit\u00e9 est intense tout en \u00e9tant rafra\u00eechissant. Ce m\u00e9lange est parfait pour les vapoteurs qui aiment les saveurs tropicales et souhaitent profiter d'une vapeur douce et agr\u00e9able.<\/p>\n<h3>Pourquoi choisir l'ELF BOX LS15000 ?<\/h3>\n<ul data-start=\"1857\" data-end=\"2592\" data-immersive-translate-walked=\"0ee4c1cb-35a9-47db-b4f2-89f110f97503\">\n<li class=\"\" data-start=\"1857\" data-end=\"2127\" data-immersive-translate-walked=\"0ee4c1cb-35a9-47db-b4f2-89f110f97503\">\n<p class=\"\" data-start=\"1859\" data-end=\"2127\" data-immersive-translate-walked=\"0ee4c1cb-35a9-47db-b4f2-89f110f97503\" data-immersive-translate-paragraph=\"1\">Longue dur\u00e9e de vie : Avec 15000 bouff\u00e9es, cet appareil offre une durabilit\u00e9 exceptionnelle par rapport \u00e0 d'autres vapoteurs jetables sur le march\u00e9. Cela signifie que vous aurez moins besoin de chercher un nouveau vapoteur, ce qui constitue une solution \u00e9conomique \u00e0 long terme.<\/p>\n<\/li>\n<li class=\"\" data-start=\"2129\" data-end=\"2344\" data-immersive-translate-walked=\"0ee4c1cb-35a9-47db-b4f2-89f110f97503\">\n<p class=\"\" data-start=\"2131\" data-end=\"2344\" data-immersive-translate-walked=\"0ee4c1cb-35a9-47db-b4f2-89f110f97503\" data-immersive-translate-paragraph=\"1\">Facile \u00e0 utiliser : Comme beaucoup d'autres vapoteurs jetables, l'ELF BOX LS15000 est extr\u00eamement simple \u00e0 utiliser. Il ne n\u00e9cessite aucune pr\u00e9paration \u2013 il suffit de le sortir de l'emballage et de profiter du go\u00fbt complet.<\/p>\n<\/li>\n<li class=\"\" data-start=\"2346\" data-end=\"2592\" data-immersive-translate-walked=\"0ee4c1cb-35a9-47db-b4f2-89f110f97503\">\n<p class=\"\" data-start=\"2348\" data-end=\"2592\" data-immersive-translate-walked=\"0ee4c1cb-35a9-47db-b4f2-89f110f97503\" data-immersive-translate-paragraph=\"1\">Livraison sans douane : L'ELF BOX LS15000 est livr\u00e9e sans douane, ce qui est particuli\u00e8rement avantageux pour les clients en France. Le d\u00e9lai de livraison rapide de 7 \u00e0 15 jours ouvrables garantit que votre commande arrive rapidement et sans probl\u00e8me.<\/p>\n<\/li>\n<\/ul>\n<h4 data-start=\"2594\" data-end=\"2615\" data-immersive-translate-walked=\"0ee4c1cb-35a9-47db-b4f2-89f110f97503\">Disponibilit\u00e9<\/h4>\n<p class=\"\" data-start=\"2617\" data-end=\"2943\" data-immersive-translate-walked=\"0ee4c1cb-35a9-47db-b4f2-89f110f97503\" data-immersive-translate-paragraph=\"1\">L'ELF BOX LS15000 est disponible sur vapingnet.fr. Vous pouvez y commander l'appareil en diff\u00e9rentes concentrations de nicotine ainsi qu'en saveur populaire Mangue Banane. Si vous recherchez un vapoteur jetable fiable, pratique et avec un go\u00fbt intense, l'ELF BOX LS15000 est un excellent choix.<\/p>","protected":false},"excerpt":{"rendered":"<p>ELF BOX LS15000 : Une exp\u00e9rience de vapotage puissante avec un go\u00fbt mangue-banane. La ELF BOX LS15000 offre aux vapoteurs une exp\u00e9rience in\u00e9gal\u00e9e. Avec un nombre impressionnant de 15000 bouff\u00e9es...<\/p>","protected":false},"featured_media":6415,"template":"","meta":[],"etheme_brands":[],"product_brand":[100],"product_cat":[53,49,61],"product_tag":[],"class_list":{"0":"post-6433","1":"product","2":"type-product","3":"status-publish","4":"has-post-thumbnail","6":"product_brand-elf-box-vape","7":"product_cat-vape-15000-zuege","8":"product_cat-einweg-e-zigarette","9":"product_cat-f","11":"first","12":"instock","13":"shipping-taxable","14":"purchasable","15":"product-type-simple"},"yoast_head":"<!-- This site is optimized with the Yoast SEO plugin v26.5 - https:\/\/yoast.com\/wordpress\/plugins\/seo\/ -->\n<title>Top Geschmack Mango Banana ELF BOX LS15000 Jetzt Ohne Zollgeb\u00fchren | Vapingnet.de<\/title>\n<meta name=\"description\" content=\"Entdecke Top Geschmack Mango Banana ELF BOX LS15000 Jetzt Ohne Zollgeb\u00fchren bei vapingnet.de, \u25ba Gro\u00dfe Auswahl an Geschmacksrichtungen &amp; super g\u00fcnstig!\" \/>\n<meta name=\"robots\" content=\"index, follow, max-snippet:-1, max-image-preview:large, max-video-preview:-1\" \/>\n<link rel=\"canonical\" href=\"https:\/\/vapingnet.de\/fr\/vape\/top-geschmack-mango-banana-elf-box-ls15000-jetzt-ohne-zollgebuehren\/\" \/>\n<meta property=\"og:locale\" content=\"fr_FR\" \/>\n<meta property=\"og:type\" content=\"article\" \/>\n<meta property=\"og:title\" content=\"Top Geschmack Mango Banana ELF BOX LS15000 Jetzt Ohne Zollgeb\u00fchren | Vapingnet.de\" \/>\n<meta property=\"og:description\" content=\"Entdecke Top Geschmack Mango Banana ELF BOX LS15000 Jetzt Ohne Zollgeb\u00fchren bei vapingnet.de, \u25ba Gro\u00dfe Auswahl an Geschmacksrichtungen &amp; super g\u00fcnstig!\" \/>\n<meta property=\"og:url\" content=\"https:\/\/vapingnet.de\/fr\/vape\/top-geschmack-mango-banana-elf-box-ls15000-jetzt-ohne-zollgebuehren\/\" \/>\n<meta property=\"og:site_name\" content=\"Vapingnet.de\" \/>\n<meta property=\"article:publisher\" content=\"https:\/\/www.facebook.com\/vapingnetde\/\" \/>\n<meta property=\"article:modified_time\" content=\"2025-06-19T03:42:52+00:00\" \/>\n<meta property=\"og:image\" content=\"https:\/\/vapingnet.de\/wp-content\/uploads\/2025\/04\/Mango-Banana.webp\" \/>\n\t<meta property=\"og:image:width\" content=\"1000\" \/>\n\t<meta property=\"og:image:height\" content=\"1000\" \/>\n\t<meta property=\"og:image:type\" content=\"image\/webp\" \/>\n<meta name=\"twitter:card\" content=\"summary_large_image\" \/>\n<meta name=\"twitter:label1\" content=\"Dur\u00e9e de lecture estim\u00e9e\" \/>\n\t<meta name=\"twitter:data1\" content=\"3 minutes\" \/>\n<script type=\"application\/ld+json\" class=\"yoast-schema-graph\">{\"@context\":\"https:\/\/schema.org\",\"@graph\":[{\"@type\":\"WebPage\",\"@id\":\"https:\/\/vapingnet.de\/vape\/top-geschmack-mango-banana-elf-box-ls15000-jetzt-ohne-zollgebuehren\/\",\"url\":\"https:\/\/vapingnet.de\/vape\/top-geschmack-mango-banana-elf-box-ls15000-jetzt-ohne-zollgebuehren\/\",\"name\":\"Top Geschmack Mango Banana ELF BOX LS15000 Jetzt Ohne Zollgeb\u00fchren | Vapingnet.de\",\"isPartOf\":{\"@id\":\"https:\/\/vapingnet.de\/#website\"},\"primaryImageOfPage\":{\"@id\":\"https:\/\/vapingnet.de\/vape\/top-geschmack-mango-banana-elf-box-ls15000-jetzt-ohne-zollgebuehren\/#primaryimage\"},\"image\":{\"@id\":\"https:\/\/vapingnet.de\/vape\/top-geschmack-mango-banana-elf-box-ls15000-jetzt-ohne-zollgebuehren\/#primaryimage\"},\"thumbnailUrl\":\"https:\/\/vapingnet.de\/wp-content\/uploads\/2025\/04\/Mango-Banana.webp\",\"datePublished\":\"2025-04-21T07:29:55+00:00\",\"dateModified\":\"2025-06-19T03:42:52+00:00\",\"description\":\"Entdecke Top Geschmack Mango Banana ELF BOX LS15000 Jetzt Ohne Zollgeb\u00fchren bei vapingnet.de, \u25ba Gro\u00dfe Auswahl an Geschmacksrichtungen & super g\u00fcnstig!\",\"breadcrumb\":{\"@id\":\"https:\/\/vapingnet.de\/vape\/top-geschmack-mango-banana-elf-box-ls15000-jetzt-ohne-zollgebuehren\/#breadcrumb\"},\"inLanguage\":\"fr-FR\",\"potentialAction\":[{\"@type\":\"ReadAction\",\"target\":[\"https:\/\/vapingnet.de\/vape\/top-geschmack-mango-banana-elf-box-ls15000-jetzt-ohne-zollgebuehren\/\"]}]},{\"@type\":\"ImageObject\",\"inLanguage\":\"fr-FR\",\"@id\":\"https:\/\/vapingnet.de\/vape\/top-geschmack-mango-banana-elf-box-ls15000-jetzt-ohne-zollgebuehren\/#primaryimage\",\"url\":\"https:\/\/vapingnet.de\/wp-content\/uploads\/2025\/04\/Mango-Banana.webp\",\"contentUrl\":\"https:\/\/vapingnet.de\/wp-content\/uploads\/2025\/04\/Mango-Banana.webp\",\"width\":1000,\"height\":1000},{\"@type\":\"BreadcrumbList\",\"@id\":\"https:\/\/vapingnet.de\/vape\/top-geschmack-mango-banana-elf-box-ls15000-jetzt-ohne-zollgebuehren\/#breadcrumb\",\"itemListElement\":[{\"@type\":\"ListItem\",\"position\":1,\"name\":\"Home\",\"item\":\"https:\/\/vapingnet.de\/\"},{\"@type\":\"ListItem\",\"position\":2,\"name\":\"Shop\",\"item\":\"https:\/\/vapingnet.de\/vape\/\"},{\"@type\":\"ListItem\",\"position\":3,\"name\":\"Top Geschmack Mango Banana ELF BOX LS15000 Jetzt Ohne Zollgeb\u00fchren\"}]},{\"@type\":\"WebSite\",\"@id\":\"https:\/\/vapingnet.de\/#website\",\"url\":\"https:\/\/vapingnet.de\/\",\"name\":\"Vapingnet.de\",\"description\":\"\",\"publisher\":{\"@id\":\"https:\/\/vapingnet.de\/#organization\"},\"potentialAction\":[{\"@type\":\"SearchAction\",\"target\":{\"@type\":\"EntryPoint\",\"urlTemplate\":\"https:\/\/vapingnet.de\/?s={search_term_string}\"},\"query-input\":{\"@type\":\"PropertyValueSpecification\",\"valueRequired\":true,\"valueName\":\"search_term_string\"}}],\"inLanguage\":\"fr-FR\"},{\"@type\":\"Organization\",\"@id\":\"https:\/\/vapingnet.de\/#organization\",\"name\":\"Vapingnet.de\",\"url\":\"https:\/\/vapingnet.de\/\",\"logo\":{\"@type\":\"ImageObject\",\"inLanguage\":\"fr-FR\",\"@id\":\"https:\/\/vapingnet.de\/#\/schema\/logo\/image\/\",\"url\":\"https:\/\/vapingnet.de\/wp-content\/uploads\/2025\/03\/cropped-vapingnet.de_.jpg\",\"contentUrl\":\"https:\/\/vapingnet.de\/wp-content\/uploads\/2025\/03\/cropped-vapingnet.de_.jpg\",\"width\":512,\"height\":512,\"caption\":\"Vapingnet.de\"},\"image\":{\"@id\":\"https:\/\/vapingnet.de\/#\/schema\/logo\/image\/\"},\"sameAs\":[\"https:\/\/www.facebook.com\/vapingnetde\/\"]}]}<\/script>\n<!-- \/ Yoast SEO plugin. -->","yoast_head_json":{"title":"Top Geschmack Mango Banana ELF BOX LS15000 Jetzt Ohne Zollgeb\u00fchren | Vapingnet.de","description":"Entdecke Top Geschmack Mango Banana ELF BOX LS15000 Jetzt Ohne Zollgeb\u00fchren bei vapingnet.de, \u25ba Gro\u00dfe Auswahl an Geschmacksrichtungen & super g\u00fcnstig!","robots":{"index":"index","follow":"follow","max-snippet":"max-snippet:-1","max-image-preview":"max-image-preview:large","max-video-preview":"max-video-preview:-1"},"canonical":"https:\/\/vapingnet.de\/fr\/vape\/top-geschmack-mango-banana-elf-box-ls15000-jetzt-ohne-zollgebuehren\/","og_locale":"fr_FR","og_type":"article","og_title":"Top Geschmack Mango Banana ELF BOX LS15000 Jetzt Ohne Zollgeb\u00fchren | Vapingnet.de","og_description":"Entdecke Top Geschmack Mango Banana ELF BOX LS15000 Jetzt Ohne Zollgeb\u00fchren bei vapingnet.de, \u25ba Gro\u00dfe Auswahl an Geschmacksrichtungen & super g\u00fcnstig!","og_url":"https:\/\/vapingnet.de\/fr\/vape\/top-geschmack-mango-banana-elf-box-ls15000-jetzt-ohne-zollgebuehren\/","og_site_name":"Vapingnet.de","article_publisher":"https:\/\/www.facebook.com\/vapingnetde\/","article_modified_time":"2025-06-19T03:42:52+00:00","og_image":[{"width":1000,"height":1000,"url":"https:\/\/vapingnet.de\/wp-content\/uploads\/2025\/04\/Mango-Banana.webp","type":"image\/webp"}],"twitter_card":"summary_large_image","twitter_misc":{"Dur\u00e9e de lecture estim\u00e9e":"3 minutes"},"schema":{"@context":"https:\/\/schema.org","@graph":[{"@type":"WebPage","@id":"https:\/\/vapingnet.de\/vape\/top-geschmack-mango-banana-elf-box-ls15000-jetzt-ohne-zollgebuehren\/","url":"https:\/\/vapingnet.de\/vape\/top-geschmack-mango-banana-elf-box-ls15000-jetzt-ohne-zollgebuehren\/","name":"Top Geschmack Mango Banana ELF BOX LS15000 Jetzt Ohne Zollgeb\u00fchren | Vapingnet.de","isPartOf":{"@id":"https:\/\/vapingnet.de\/#website"},"primaryImageOfPage":{"@id":"https:\/\/vapingnet.de\/vape\/top-geschmack-mango-banana-elf-box-ls15000-jetzt-ohne-zollgebuehren\/#primaryimage"},"image":{"@id":"https:\/\/vapingnet.de\/vape\/top-geschmack-mango-banana-elf-box-ls15000-jetzt-ohne-zollgebuehren\/#primaryimage"},"thumbnailUrl":"https:\/\/vapingnet.de\/wp-content\/uploads\/2025\/04\/Mango-Banana.webp","datePublished":"2025-04-21T07:29:55+00:00","dateModified":"2025-06-19T03:42:52+00:00","description":"Entdecke Top Geschmack Mango Banana ELF BOX LS15000 Jetzt Ohne Zollgeb\u00fchren bei vapingnet.de, \u25ba Gro\u00dfe Auswahl an Geschmacksrichtungen & super g\u00fcnstig!","breadcrumb":{"@id":"https:\/\/vapingnet.de\/vape\/top-geschmack-mango-banana-elf-box-ls15000-jetzt-ohne-zollgebuehren\/#breadcrumb"},"inLanguage":"fr-FR","potentialAction":[{"@type":"ReadAction","target":["https:\/\/vapingnet.de\/vape\/top-geschmack-mango-banana-elf-box-ls15000-jetzt-ohne-zollgebuehren\/"]}]},{"@type":"ImageObject","inLanguage":"fr-FR","@id":"https:\/\/vapingnet.de\/vape\/top-geschmack-mango-banana-elf-box-ls15000-jetzt-ohne-zollgebuehren\/#primaryimage","url":"https:\/\/vapingnet.de\/wp-content\/uploads\/2025\/04\/Mango-Banana.webp","contentUrl":"https:\/\/vapingnet.de\/wp-content\/uploads\/2025\/04\/Mango-Banana.webp","width":1000,"height":1000},{"@type":"BreadcrumbList","@id":"https:\/\/vapingnet.de\/vape\/top-geschmack-mango-banana-elf-box-ls15000-jetzt-ohne-zollgebuehren\/#breadcrumb","itemListElement":[{"@type":"ListItem","position":1,"name":"Home","item":"https:\/\/vapingnet.de\/"},{"@type":"ListItem","position":2,"name":"Shop","item":"https:\/\/vapingnet.de\/vape\/"},{"@type":"ListItem","position":3,"name":"Top Geschmack Mango Banana ELF BOX LS15000 Jetzt Ohne Zollgeb\u00fchren"}]},{"@type":"WebSite","@id":"https:\/\/vapingnet.de\/#website","url":"https:\/\/vapingnet.de\/","name":"Vapingnet.de","description":"","publisher":{"@id":"https:\/\/vapingnet.de\/#organization"},"potentialAction":[{"@type":"SearchAction","target":{"@type":"EntryPoint","urlTemplate":"https:\/\/vapingnet.de\/?s={search_term_string}"},"query-input":{"@type":"PropertyValueSpecification","valueRequired":true,"valueName":"search_term_string"}}],"inLanguage":"fr-FR"},{"@type":"Organization","@id":"https:\/\/vapingnet.de\/#organization","name":"Vapingnet.de","url":"https:\/\/vapingnet.de\/","logo":{"@type":"ImageObject","inLanguage":"fr-FR","@id":"https:\/\/vapingnet.de\/#\/schema\/logo\/image\/","url":"https:\/\/vapingnet.de\/wp-content\/uploads\/2025\/03\/cropped-vapingnet.de_.jpg","contentUrl":"https:\/\/vapingnet.de\/wp-content\/uploads\/2025\/03\/cropped-vapingnet.de_.jpg","width":512,"height":512,"caption":"Vapingnet.de"},"image":{"@id":"https:\/\/vapingnet.de\/#\/schema\/logo\/image\/"},"sameAs":["https:\/\/www.facebook.com\/vapingnetde\/"]}]}},"tiered_pricing_type":"fixed","tiered_pricing_fixed_rules":{"10":"8.35","60":"7.54","110":"6.68","200":"5.85"},"tiered_pricing_product_settings":{"layout":"default","base_unit_name":{"singular":null,"plural":null},"default_variation":null},"tiered_pricing_minimum_quantity":null,"tiered_pricing_roles_data":[],"tiered_pricing_percentage_rules":[],"_links":{"self":[{"href":"https:\/\/vapingnet.de\/fr\/wp-json\/wp\/v2\/product\/6433","targetHints":{"allow":["GET"]}}],"collection":[{"href":"https:\/\/vapingnet.de\/fr\/wp-json\/wp\/v2\/product"}],"about":[{"href":"https:\/\/vapingnet.de\/fr\/wp-json\/wp\/v2\/types\/product"}],"version-history":[{"count":1,"href":"https:\/\/vapingnet.de\/fr\/wp-json\/wp\/v2\/product\/6433\/revisions"}],"predecessor-version":[{"id":6441,"href":"https:\/\/vapingnet.de\/fr\/wp-json\/wp\/v2\/product\/6433\/revisions\/6441"}],"wp:featuredmedia":[{"embeddable":true,"href":"https:\/\/vapingnet.de\/fr\/wp-json\/wp\/v2\/media\/6415"}],"wp:attachment":[{"href":"https:\/\/vapingnet.de\/fr\/wp-json\/wp\/v2\/media?parent=6433"}],"wp:term":[{"taxonomy":"brand","embeddable":true,"href":"https:\/\/vapingnet.de\/fr\/wp-json\/wp\/v2\/etheme_brands?post=6433"},{"taxonomy":"product_brand","embeddable":true,"href":"https:\/\/vapingnet.de\/fr\/wp-json\/wp\/v2\/product_brand?post=6433"},{"taxonomy":"product_cat","embeddable":true,"href":"https:\/\/vapingnet.de\/fr\/wp-json\/wp\/v2\/product_cat?post=6433"},{"taxonomy":"product_tag","embeddable":true,"href":"https:\/\/vapingnet.de\/fr\/wp-json\/wp\/v2\/product_tag?post=6433"}],"curies":[{"name":"wp","href":"https:\/\/api.w.org\/{rel}","templated":true}]}}