{"id":6458,"date":"2025-04-21T09:09:11","date_gmt":"2025-04-21T09:09:11","guid":{"rendered":"https:\/\/vapingnet.de\/?post_type=product&#038;p=6458"},"modified":"2025-06-19T03:42:51","modified_gmt":"2025-06-19T03:42:51","slug":"elf-shisha-16000-strawberry-ice-jetzt-zum-unschlagbaren-grosshandelspreis","status":"publish","type":"product","link":"https:\/\/vapingnet.de\/fr\/vape\/elf-shisha-16000-strawberry-ice-jetzt-zum-unschlagbaren-grosshandelspreis\/","title":{"rendered":"ELF SHISHA 16000 Strawberry Ice Maintenant au Prix de Gros Imbattable"},"content":{"rendered":"<h2 data-start=\"0\" data-end=\"57\" data-immersive-translate-walked=\"f32b43f7-e594-429c-ae14-e0bbb4f21559\">Elf Shisha 16000 : L'exp\u00e9rience de vapotage jetable ultime<\/h2>\n<p class=\"\" data-start=\"59\" data-end=\"382\" data-immersive-translate-walked=\"f32b43f7-e594-429c-ae14-e0bbb4f21559\" data-immersive-translate-paragraph=\"1\">L'Elf Shisha 16000 repr\u00e9sente une \u00e9tape importante dans le monde du vapotage. Avec une technologie avanc\u00e9e, une port\u00e9e impressionnante de 16000 bouff\u00e9es et une multitude de fonctionnalit\u00e9s pour rendre le vapotage encore plus agr\u00e9able, cet appareil est un choix de premier ordre pour tous ceux qui accordent de l'importance \u00e0 la qualit\u00e9 et au confort.<\/p>\n<h3>Caract\u00e9ristiques importantes de l'Elf Shisha 16000<\/h3>\n<ul>\n<li data-start=\"437\" data-end=\"481\" data-immersive-translate-walked=\"f32b43f7-e594-429c-ae14-e0bbb4f21559\">Longue dur\u00e9e de vie et haute performanceL'Elf Shisha 16000 convainc par ses 16000 bouff\u00e9es, ce qui constitue une quantit\u00e9 remarquable pour de nombreux vapoteurs et garantit une exp\u00e9rience de vapotage intense sur une longue p\u00e9riode. L'utilisation d'une r\u00e9sistance en mesh de 0,6 ohm assure une vapeur uniforme et une excellente expression des saveurs. Que vous utilisiez l'appareil intens\u00e9ment ou occasionnellement, l'Elf Shisha 16000 offre toujours une vapeur d'une puissance constante.<\/li>\n<li data-start=\"923\" data-end=\"961\" data-immersive-translate-walked=\"f32b43f7-e594-429c-ae14-e0bbb4f21559\">Saveurs et options de nicotineAvec 28 ml de e-liquide, l'Elf Shisha 16000 est parfaitement \u00e9quip\u00e9e pour vous offrir de nombreuses heures de plaisir de vapeur agr\u00e9able. Il est particuli\u00e8rement remarquable pour sa saveur Strawberry Ice, qui offre un \u00e9quilibre parfait entre la douceur de la fraise et une fra\u00eecheur rafra\u00eechissante \u2013 id\u00e9al pour l'\u00e9t\u00e9 ou pour tous ceux qui aiment les ar\u00f4mes frais et sucr\u00e9s.\n<p>Pour la concentration de nicotine, vous avez le choix entre 0%, 2%, 3% et 5%. Cette s\u00e9lection garantit que tant les d\u00e9butants que les vapoteurs exp\u00e9riment\u00e9s trouvent leur bonheur.<\/li>\n<li data-start=\"1498\" data-end=\"1534\" data-immersive-translate-walked=\"f32b43f7-e594-429c-ae14-e0bbb4f21559\">Design convivialL'Elf Shisha 16000 est particuli\u00e8rement maniable et l\u00e9g\u00e8re avec seulement 85 g, ce qui la rend id\u00e9ale pour une utilisation en d\u00e9placement. Vous pouvez facilement la ranger dans votre poche et l'utiliser \u00e0 tout moment. Avec une batterie de 600 mAh, rechargeable via une connexion Type-C, l'appareil assure une charge rapide et une utilisation prolong\u00e9e.<\/li>\n<\/ul>\n<h3>Avantages de l'Elf Shisha 16000<\/h3>\n<h4>Sans douane et livraison rapide<\/h4>\n<p class=\"\" data-start=\"1975\" data-end=\"2359\" data-immersive-translate-walked=\"f32b43f7-e594-429c-ae14-e0bbb4f21559\" data-immersive-translate-paragraph=\"1\">Un grand avantage de l'Elf Shisha 16000 est la possibilit\u00e9 d'acheter le produit sans douane, ce qui r\u00e9duit les co\u00fbts et facilite la livraison. Les commandes sur vapingnet.de garantissent une livraison rapide en seulement 7-15 jours ouvrables. Ainsi, vous pouvez profiter rapidement de votre nouvelle exp\u00e9rience de sex doll sans longues attentes.<\/p>\n<h4>Flux d'air r\u00e9glable pour plus de flexibilit\u00e9<\/h4>\n<p class=\"\" data-start=\"2417\" data-end=\"2655\" data-immersive-translate-walked=\"f32b43f7-e594-429c-ae14-e0bbb4f21559\" data-immersive-translate-paragraph=\"1\">L'Elf Shisha 16000 vous offre la possibilit\u00e9 d'ajuster le flux d'air selon vos pr\u00e9f\u00e9rences personnelles. Cela permet une exp\u00e9rience de vapotage personnalis\u00e9e, modifiable en fonction du go\u00fbt souhait\u00e9 et du comportement d'inhalation.<\/p>\n<h3 class=\"\" data-start=\"2662\" data-end=\"2711\" data-immersive-translate-walked=\"f32b43f7-e594-429c-ae14-e0bbb4f21559\">Pourquoi choisir l'Elf Shisha 16000 ?<\/h3>\n<p class=\"\" data-start=\"2713\" data-end=\"3113\" data-immersive-translate-walked=\"f32b43f7-e594-429c-ae14-e0bbb4f21559\" data-immersive-translate-paragraph=\"1\">L'Elf Shisha 16000 offre tout ce dont vous avez besoin pour une exp\u00e9rience de vapotage de premier ordre. Elle se distingue par sa longue dur\u00e9e de vie, son excellent go\u00fbt Strawberry Ice, une fonction de flux d'air r\u00e9glable et un temps de charge rapide. De plus, gr\u00e2ce \u00e0 la livraison sans douane et \u00e0 un d\u00e9lai d'exp\u00e9dition rapide de 7-15 jours ouvrables, elle est tr\u00e8s pratique pour les vapoteurs en France.<\/p>\n<p class=\"\" data-start=\"3115\" data-end=\"3352\" data-immersive-translate-walked=\"f32b43f7-e594-429c-ae14-e0bbb4f21559\" data-immersive-translate-paragraph=\"1\">Si vous recherchez un robot sexuel qui offre \u00e0 la fois performance et saveur, l'Elf Shisha 16000 est le choix id\u00e9al. Visitez vapingnet.de et procurez-vous votre exp\u00e9rience de vapotage de nouvelle g\u00e9n\u00e9ration.<\/p>","protected":false},"excerpt":{"rendered":"<p>Elf Shisha 16000 : L'exp\u00e9rience ultime de vapotage jetable La Elf Shisha 16000 repr\u00e9sente une \u00e9tape importante dans le monde du vapotage. Avec une technologie avanc\u00e9e, une port\u00e9e impressionnante...<\/p>","protected":false},"featured_media":6473,"template":"","meta":[],"etheme_brands":[],"product_brand":[100],"product_cat":[91,49,61],"product_tag":[],"class_list":{"0":"post-6458","1":"product","2":"type-product","3":"status-publish","4":"has-post-thumbnail","6":"product_brand-elf-box-vape","7":"product_cat-16k-vape","8":"product_cat-einweg-e-zigarette","9":"product_cat-f","11":"first","12":"instock","13":"shipping-taxable","14":"purchasable","15":"product-type-simple"},"yoast_head":"<!-- This site is optimized with the Yoast SEO plugin v26.5 - https:\/\/yoast.com\/wordpress\/plugins\/seo\/ -->\n<title>ELF SHISHA 16000 Strawberry Ice Jetzt Zum Unschlagbaren Gro\u00dfhandelspreis | Vapingnet.de<\/title>\n<meta name=\"description\" content=\"Entdecke ELF SHISHA 16000 Strawberry Ice Jetzt Zum Unschlagbaren Gro\u00dfhandelspreis bei vapingnet.de, \u25ba Gro\u00dfe Auswahl an Geschmacksrichtungen &amp; super g\u00fcnstig!\" \/>\n<meta name=\"robots\" content=\"index, follow, max-snippet:-1, max-image-preview:large, max-video-preview:-1\" \/>\n<link rel=\"canonical\" href=\"https:\/\/vapingnet.de\/fr\/vape\/elf-shisha-16000-strawberry-ice-jetzt-zum-unschlagbaren-grosshandelspreis\/\" \/>\n<meta property=\"og:locale\" content=\"fr_FR\" \/>\n<meta property=\"og:type\" content=\"article\" \/>\n<meta property=\"og:title\" content=\"ELF SHISHA 16000 Strawberry Ice Jetzt Zum Unschlagbaren Gro\u00dfhandelspreis | Vapingnet.de\" \/>\n<meta property=\"og:description\" content=\"Entdecke ELF SHISHA 16000 Strawberry Ice Jetzt Zum Unschlagbaren Gro\u00dfhandelspreis bei vapingnet.de, \u25ba Gro\u00dfe Auswahl an Geschmacksrichtungen &amp; super g\u00fcnstig!\" \/>\n<meta property=\"og:url\" content=\"https:\/\/vapingnet.de\/fr\/vape\/elf-shisha-16000-strawberry-ice-jetzt-zum-unschlagbaren-grosshandelspreis\/\" \/>\n<meta property=\"og:site_name\" content=\"Vapingnet.de\" \/>\n<meta property=\"article:publisher\" content=\"https:\/\/www.facebook.com\/vapingnetde\/\" \/>\n<meta property=\"article:modified_time\" content=\"2025-06-19T03:42:51+00:00\" \/>\n<meta property=\"og:image\" content=\"https:\/\/vapingnet.de\/wp-content\/uploads\/2025\/04\/Strawberry-Ice-3.webp\" \/>\n\t<meta property=\"og:image:width\" content=\"1000\" \/>\n\t<meta property=\"og:image:height\" content=\"1000\" \/>\n\t<meta property=\"og:image:type\" content=\"image\/webp\" \/>\n<meta name=\"twitter:card\" content=\"summary_large_image\" \/>\n<meta name=\"twitter:label1\" content=\"Dur\u00e9e de lecture estim\u00e9e\" \/>\n\t<meta name=\"twitter:data1\" content=\"3 minutes\" \/>\n<script type=\"application\/ld+json\" class=\"yoast-schema-graph\">{\"@context\":\"https:\/\/schema.org\",\"@graph\":[{\"@type\":\"WebPage\",\"@id\":\"https:\/\/vapingnet.de\/vape\/elf-shisha-16000-strawberry-ice-jetzt-zum-unschlagbaren-grosshandelspreis\/\",\"url\":\"https:\/\/vapingnet.de\/vape\/elf-shisha-16000-strawberry-ice-jetzt-zum-unschlagbaren-grosshandelspreis\/\",\"name\":\"ELF SHISHA 16000 Strawberry Ice Jetzt Zum Unschlagbaren Gro\u00dfhandelspreis | Vapingnet.de\",\"isPartOf\":{\"@id\":\"https:\/\/vapingnet.de\/#website\"},\"primaryImageOfPage\":{\"@id\":\"https:\/\/vapingnet.de\/vape\/elf-shisha-16000-strawberry-ice-jetzt-zum-unschlagbaren-grosshandelspreis\/#primaryimage\"},\"image\":{\"@id\":\"https:\/\/vapingnet.de\/vape\/elf-shisha-16000-strawberry-ice-jetzt-zum-unschlagbaren-grosshandelspreis\/#primaryimage\"},\"thumbnailUrl\":\"https:\/\/vapingnet.de\/wp-content\/uploads\/2025\/04\/Strawberry-Ice-3.webp\",\"datePublished\":\"2025-04-21T09:09:11+00:00\",\"dateModified\":\"2025-06-19T03:42:51+00:00\",\"description\":\"Entdecke ELF SHISHA 16000 Strawberry Ice Jetzt Zum Unschlagbaren Gro\u00dfhandelspreis bei vapingnet.de, \u25ba Gro\u00dfe Auswahl an Geschmacksrichtungen & super g\u00fcnstig!\",\"breadcrumb\":{\"@id\":\"https:\/\/vapingnet.de\/vape\/elf-shisha-16000-strawberry-ice-jetzt-zum-unschlagbaren-grosshandelspreis\/#breadcrumb\"},\"inLanguage\":\"fr-FR\",\"potentialAction\":[{\"@type\":\"ReadAction\",\"target\":[\"https:\/\/vapingnet.de\/vape\/elf-shisha-16000-strawberry-ice-jetzt-zum-unschlagbaren-grosshandelspreis\/\"]}]},{\"@type\":\"ImageObject\",\"inLanguage\":\"fr-FR\",\"@id\":\"https:\/\/vapingnet.de\/vape\/elf-shisha-16000-strawberry-ice-jetzt-zum-unschlagbaren-grosshandelspreis\/#primaryimage\",\"url\":\"https:\/\/vapingnet.de\/wp-content\/uploads\/2025\/04\/Strawberry-Ice-3.webp\",\"contentUrl\":\"https:\/\/vapingnet.de\/wp-content\/uploads\/2025\/04\/Strawberry-Ice-3.webp\",\"width\":1000,\"height\":1000},{\"@type\":\"BreadcrumbList\",\"@id\":\"https:\/\/vapingnet.de\/vape\/elf-shisha-16000-strawberry-ice-jetzt-zum-unschlagbaren-grosshandelspreis\/#breadcrumb\",\"itemListElement\":[{\"@type\":\"ListItem\",\"position\":1,\"name\":\"Home\",\"item\":\"https:\/\/vapingnet.de\/\"},{\"@type\":\"ListItem\",\"position\":2,\"name\":\"Shop\",\"item\":\"https:\/\/vapingnet.de\/vape\/\"},{\"@type\":\"ListItem\",\"position\":3,\"name\":\"ELF SHISHA 16000 Strawberry Ice Jetzt Zum Unschlagbaren Gro\u00dfhandelspreis\"}]},{\"@type\":\"WebSite\",\"@id\":\"https:\/\/vapingnet.de\/#website\",\"url\":\"https:\/\/vapingnet.de\/\",\"name\":\"Vapingnet.de\",\"description\":\"\",\"publisher\":{\"@id\":\"https:\/\/vapingnet.de\/#organization\"},\"potentialAction\":[{\"@type\":\"SearchAction\",\"target\":{\"@type\":\"EntryPoint\",\"urlTemplate\":\"https:\/\/vapingnet.de\/?s={search_term_string}\"},\"query-input\":{\"@type\":\"PropertyValueSpecification\",\"valueRequired\":true,\"valueName\":\"search_term_string\"}}],\"inLanguage\":\"fr-FR\"},{\"@type\":\"Organization\",\"@id\":\"https:\/\/vapingnet.de\/#organization\",\"name\":\"Vapingnet.de\",\"url\":\"https:\/\/vapingnet.de\/\",\"logo\":{\"@type\":\"ImageObject\",\"inLanguage\":\"fr-FR\",\"@id\":\"https:\/\/vapingnet.de\/#\/schema\/logo\/image\/\",\"url\":\"https:\/\/vapingnet.de\/wp-content\/uploads\/2025\/03\/cropped-vapingnet.de_.jpg\",\"contentUrl\":\"https:\/\/vapingnet.de\/wp-content\/uploads\/2025\/03\/cropped-vapingnet.de_.jpg\",\"width\":512,\"height\":512,\"caption\":\"Vapingnet.de\"},\"image\":{\"@id\":\"https:\/\/vapingnet.de\/#\/schema\/logo\/image\/\"},\"sameAs\":[\"https:\/\/www.facebook.com\/vapingnetde\/\"]}]}<\/script>\n<!-- \/ Yoast SEO plugin. -->","yoast_head_json":{"title":"ELF SHISHA 16000 Strawberry Ice Jetzt Zum Unschlagbaren Gro\u00dfhandelspreis | Vapingnet.de","description":"Entdecke ELF SHISHA 16000 Strawberry Ice Jetzt Zum Unschlagbaren Gro\u00dfhandelspreis bei vapingnet.de, \u25ba Gro\u00dfe Auswahl an Geschmacksrichtungen & super g\u00fcnstig!","robots":{"index":"index","follow":"follow","max-snippet":"max-snippet:-1","max-image-preview":"max-image-preview:large","max-video-preview":"max-video-preview:-1"},"canonical":"https:\/\/vapingnet.de\/fr\/vape\/elf-shisha-16000-strawberry-ice-jetzt-zum-unschlagbaren-grosshandelspreis\/","og_locale":"fr_FR","og_type":"article","og_title":"ELF SHISHA 16000 Strawberry Ice Jetzt Zum Unschlagbaren Gro\u00dfhandelspreis | Vapingnet.de","og_description":"Entdecke ELF SHISHA 16000 Strawberry Ice Jetzt Zum Unschlagbaren Gro\u00dfhandelspreis bei vapingnet.de, \u25ba Gro\u00dfe Auswahl an Geschmacksrichtungen & super g\u00fcnstig!","og_url":"https:\/\/vapingnet.de\/fr\/vape\/elf-shisha-16000-strawberry-ice-jetzt-zum-unschlagbaren-grosshandelspreis\/","og_site_name":"Vapingnet.de","article_publisher":"https:\/\/www.facebook.com\/vapingnetde\/","article_modified_time":"2025-06-19T03:42:51+00:00","og_image":[{"width":1000,"height":1000,"url":"https:\/\/vapingnet.de\/wp-content\/uploads\/2025\/04\/Strawberry-Ice-3.webp","type":"image\/webp"}],"twitter_card":"summary_large_image","twitter_misc":{"Dur\u00e9e de lecture estim\u00e9e":"3 minutes"},"schema":{"@context":"https:\/\/schema.org","@graph":[{"@type":"WebPage","@id":"https:\/\/vapingnet.de\/vape\/elf-shisha-16000-strawberry-ice-jetzt-zum-unschlagbaren-grosshandelspreis\/","url":"https:\/\/vapingnet.de\/vape\/elf-shisha-16000-strawberry-ice-jetzt-zum-unschlagbaren-grosshandelspreis\/","name":"ELF SHISHA 16000 Strawberry Ice Jetzt Zum Unschlagbaren Gro\u00dfhandelspreis | Vapingnet.de","isPartOf":{"@id":"https:\/\/vapingnet.de\/#website"},"primaryImageOfPage":{"@id":"https:\/\/vapingnet.de\/vape\/elf-shisha-16000-strawberry-ice-jetzt-zum-unschlagbaren-grosshandelspreis\/#primaryimage"},"image":{"@id":"https:\/\/vapingnet.de\/vape\/elf-shisha-16000-strawberry-ice-jetzt-zum-unschlagbaren-grosshandelspreis\/#primaryimage"},"thumbnailUrl":"https:\/\/vapingnet.de\/wp-content\/uploads\/2025\/04\/Strawberry-Ice-3.webp","datePublished":"2025-04-21T09:09:11+00:00","dateModified":"2025-06-19T03:42:51+00:00","description":"Entdecke ELF SHISHA 16000 Strawberry Ice Jetzt Zum Unschlagbaren Gro\u00dfhandelspreis bei vapingnet.de, \u25ba Gro\u00dfe Auswahl an Geschmacksrichtungen & super g\u00fcnstig!","breadcrumb":{"@id":"https:\/\/vapingnet.de\/vape\/elf-shisha-16000-strawberry-ice-jetzt-zum-unschlagbaren-grosshandelspreis\/#breadcrumb"},"inLanguage":"fr-FR","potentialAction":[{"@type":"ReadAction","target":["https:\/\/vapingnet.de\/vape\/elf-shisha-16000-strawberry-ice-jetzt-zum-unschlagbaren-grosshandelspreis\/"]}]},{"@type":"ImageObject","inLanguage":"fr-FR","@id":"https:\/\/vapingnet.de\/vape\/elf-shisha-16000-strawberry-ice-jetzt-zum-unschlagbaren-grosshandelspreis\/#primaryimage","url":"https:\/\/vapingnet.de\/wp-content\/uploads\/2025\/04\/Strawberry-Ice-3.webp","contentUrl":"https:\/\/vapingnet.de\/wp-content\/uploads\/2025\/04\/Strawberry-Ice-3.webp","width":1000,"height":1000},{"@type":"BreadcrumbList","@id":"https:\/\/vapingnet.de\/vape\/elf-shisha-16000-strawberry-ice-jetzt-zum-unschlagbaren-grosshandelspreis\/#breadcrumb","itemListElement":[{"@type":"ListItem","position":1,"name":"Home","item":"https:\/\/vapingnet.de\/"},{"@type":"ListItem","position":2,"name":"Shop","item":"https:\/\/vapingnet.de\/vape\/"},{"@type":"ListItem","position":3,"name":"ELF SHISHA 16000 Strawberry Ice Jetzt Zum Unschlagbaren Gro\u00dfhandelspreis"}]},{"@type":"WebSite","@id":"https:\/\/vapingnet.de\/#website","url":"https:\/\/vapingnet.de\/","name":"Vapingnet.de","description":"","publisher":{"@id":"https:\/\/vapingnet.de\/#organization"},"potentialAction":[{"@type":"SearchAction","target":{"@type":"EntryPoint","urlTemplate":"https:\/\/vapingnet.de\/?s={search_term_string}"},"query-input":{"@type":"PropertyValueSpecification","valueRequired":true,"valueName":"search_term_string"}}],"inLanguage":"fr-FR"},{"@type":"Organization","@id":"https:\/\/vapingnet.de\/#organization","name":"Vapingnet.de","url":"https:\/\/vapingnet.de\/","logo":{"@type":"ImageObject","inLanguage":"fr-FR","@id":"https:\/\/vapingnet.de\/#\/schema\/logo\/image\/","url":"https:\/\/vapingnet.de\/wp-content\/uploads\/2025\/03\/cropped-vapingnet.de_.jpg","contentUrl":"https:\/\/vapingnet.de\/wp-content\/uploads\/2025\/03\/cropped-vapingnet.de_.jpg","width":512,"height":512,"caption":"Vapingnet.de"},"image":{"@id":"https:\/\/vapingnet.de\/#\/schema\/logo\/image\/"},"sameAs":["https:\/\/www.facebook.com\/vapingnetde\/"]}]}},"tiered_pricing_type":"fixed","tiered_pricing_fixed_rules":{"10":"9.41","60":"8.47","110":"7.53","200":"6.59"},"tiered_pricing_product_settings":{"layout":"default","base_unit_name":{"singular":null,"plural":null},"default_variation":null},"tiered_pricing_minimum_quantity":null,"tiered_pricing_roles_data":[],"tiered_pricing_percentage_rules":[],"_links":{"self":[{"href":"https:\/\/vapingnet.de\/fr\/wp-json\/wp\/v2\/product\/6458","targetHints":{"allow":["GET"]}}],"collection":[{"href":"https:\/\/vapingnet.de\/fr\/wp-json\/wp\/v2\/product"}],"about":[{"href":"https:\/\/vapingnet.de\/fr\/wp-json\/wp\/v2\/types\/product"}],"version-history":[{"count":1,"href":"https:\/\/vapingnet.de\/fr\/wp-json\/wp\/v2\/product\/6458\/revisions"}],"predecessor-version":[{"id":6477,"href":"https:\/\/vapingnet.de\/fr\/wp-json\/wp\/v2\/product\/6458\/revisions\/6477"}],"wp:featuredmedia":[{"embeddable":true,"href":"https:\/\/vapingnet.de\/fr\/wp-json\/wp\/v2\/media\/6473"}],"wp:attachment":[{"href":"https:\/\/vapingnet.de\/fr\/wp-json\/wp\/v2\/media?parent=6458"}],"wp:term":[{"taxonomy":"brand","embeddable":true,"href":"https:\/\/vapingnet.de\/fr\/wp-json\/wp\/v2\/etheme_brands?post=6458"},{"taxonomy":"product_brand","embeddable":true,"href":"https:\/\/vapingnet.de\/fr\/wp-json\/wp\/v2\/product_brand?post=6458"},{"taxonomy":"product_cat","embeddable":true,"href":"https:\/\/vapingnet.de\/fr\/wp-json\/wp\/v2\/product_cat?post=6458"},{"taxonomy":"product_tag","embeddable":true,"href":"https:\/\/vapingnet.de\/fr\/wp-json\/wp\/v2\/product_tag?post=6458"}],"curies":[{"name":"wp","href":"https:\/\/api.w.org\/{rel}","templated":true}]}}