{"id":6460,"date":"2025-04-21T09:09:16","date_gmt":"2025-04-21T09:09:16","guid":{"rendered":"https:\/\/vapingnet.de\/?post_type=product&#038;p=6460"},"modified":"2025-06-19T03:42:50","modified_gmt":"2025-06-19T03:42:50","slug":"elf-shisha-16000-mit-bang-king-display-bestseller-kiwi-passion-fruit-flavor","status":"publish","type":"product","link":"https:\/\/vapingnet.de\/fr\/vape\/elf-shisha-16000-mit-bang-king-display-bestseller-kiwi-passion-fruit-flavor\/","title":{"rendered":"ELF SHISHA 16000 avec Bang King Affichage Best-seller Saveur Kiwi Fruit de Passion"},"content":{"rendered":"<h2 data-start=\"0\" data-end=\"68\" data-immersive-translate-walked=\"e9eca150-108d-48d3-9f19-f6a7a99d0077\">Elf Shisha 16000 : Cigarette \u00e9lectronique jetable avec des performances exceptionnelles<\/h2>\n<p class=\"\" data-start=\"70\" data-end=\"349\" data-immersive-translate-walked=\"e9eca150-108d-48d3-9f19-f6a7a99d0077\" data-immersive-translate-paragraph=\"1\">L'Elf Shisha 16000 est l'une des cigarettes \u00e9lectroniques jetables les plus avanc\u00e9es sur le march\u00e9. Avec une capacit\u00e9 impressionnante et des fonctionnalit\u00e9s innovantes, elle est l'un des choix pr\u00e9f\u00e9r\u00e9s pour les vapoteurs recherchant une exp\u00e9rience durable et savoureuse.<\/p>\n<h3>Caract\u00e9ristiques du produit de l'Elf Shisha 16000<\/h3>\n<p class=\"\" data-start=\"397\" data-end=\"668\" data-immersive-translate-walked=\"e9eca150-108d-48d3-9f19-f6a7a99d0077\" data-immersive-translate-paragraph=\"1\">L'Elf Shisha 16000 a \u00e9t\u00e9 sp\u00e9cialement con\u00e7ue pour les vapoteurs qui privil\u00e9gient la performance et la facilit\u00e9 d'utilisation. Elle combine une vari\u00e9t\u00e9 de technologies modernes pour rendre la vapotage encore plus agr\u00e9able. Les principales caract\u00e9ristiques de cette cigarette \u00e9lectronique jetable sont :<\/p>\n<ul data-start=\"670\" data-end=\"1348\">\n<li class=\"\" data-start=\"670\" data-end=\"830\">\n<p class=\"\" data-start=\"672\" data-end=\"830\" data-immersive-translate-walked=\"e9eca150-108d-48d3-9f19-f6a7a99d0077\" data-immersive-translate-paragraph=\"1\">16000 bouff\u00e9es : Avec ce nombre extr\u00eamement \u00e9lev\u00e9 de bouff\u00e9es, l'Elf Shisha 16000 garantit une vapotage longue dur\u00e9e, sans besoin de recharger.<\/p>\n<\/li>\n<li class=\"\" data-start=\"831\" data-end=\"1022\">\n<p class=\"\" data-start=\"833\" data-end=\"1022\" data-immersive-translate-walked=\"e9eca150-108d-48d3-9f19-f6a7a99d0077\" data-immersive-translate-paragraph=\"1\">Mesh Coil de 0,6 Ohm : La Mesh Coil assure une vaporisation uniforme et une saveur puissante et constante, rendant l'exp\u00e9rience de vapotage particuli\u00e8rement agr\u00e9able.<\/p>\n<\/li>\n<li class=\"\" data-start=\"1023\" data-end=\"1184\">\n<p class=\"\" data-start=\"1025\" data-end=\"1184\" data-immersive-translate-walked=\"e9eca150-108d-48d3-9f19-f6a7a99d0077\" data-immersive-translate-paragraph=\"1\">E-liquide de 28 ml : Le volume g\u00e9n\u00e9reux d'e-liquide garantit que vous pourrez profiter plus longtemps de votre Elf Shisha 16000 avant de devoir la remplacer.<\/p>\n<\/li>\n<li class=\"\" data-start=\"1185\" data-end=\"1348\">\n<p class=\"\" data-start=\"1187\" data-end=\"1348\" data-immersive-translate-walked=\"e9eca150-108d-48d3-9f19-f6a7a99d0077\" data-immersive-translate-paragraph=\"1\">Flux d'air r\u00e9glable : Ajustez le flux d'air selon vos pr\u00e9f\u00e9rences pour personnaliser votre exp\u00e9rience de vapotage et trouver la bouff\u00e9e parfaite.<\/p>\n<\/li>\n<\/ul>\n<h4 data-start=\"1350\" data-end=\"1396\" data-immersive-translate-walked=\"e9eca150-108d-48d3-9f19-f6a7a99d0077\">Exp\u00e9rience gustative : Kiwi Passion Fruit<\/h4>\n<p class=\"\" data-start=\"1398\" data-end=\"1691\" data-immersive-translate-walked=\"e9eca150-108d-48d3-9f19-f6a7a99d0077\" data-immersive-translate-paragraph=\"1\">Avec la saveur Kiwi Passion Fruit, l'Elf Shisha 16000 offre une exp\u00e9rience de vapotage exotique et rafra\u00eechissante. La douceur du kiwi combin\u00e9e \u00e0 la note fruit\u00e9e de la passion cr\u00e9e une exp\u00e9rience gustative unique que vous pourrez appr\u00e9cier toute la journ\u00e9e.<\/p>\n<h4 data-start=\"1693\" data-end=\"1727\" data-immersive-translate-walked=\"e9eca150-108d-48d3-9f19-f6a7a99d0077\">Sp\u00e9cifications techniques<\/h4>\n<ul data-start=\"1729\" data-end=\"2041\">\n<li class=\"\" data-start=\"1729\" data-end=\"1786\">\n<p class=\"\" data-start=\"1731\" data-end=\"1786\" data-immersive-translate-walked=\"e9eca150-108d-48d3-9f19-f6a7a99d0077\" data-immersive-translate-paragraph=\"1\">Batterie : 600 mAh pour une performance longue dur\u00e9e<\/p>\n<\/li>\n<li class=\"\" data-start=\"1787\" data-end=\"1850\">\n<p class=\"\" data-start=\"1789\" data-end=\"1850\" data-immersive-translate-walked=\"e9eca150-108d-48d3-9f19-f6a7a99d0077\" data-immersive-translate-paragraph=\"1\">Port de charge : Type-C pour une recharge rapide et facile<\/p>\n<\/li>\n<li class=\"\" data-start=\"1851\" data-end=\"1963\">\n<p class=\"\" data-start=\"1853\" data-end=\"1963\" data-immersive-translate-walked=\"e9eca150-108d-48d3-9f19-f6a7a99d0077\" data-immersive-translate-paragraph=\"1\">\u00c9cran LED : Affiche le niveau de batterie actuel, pour que vous sachiez toujours quand il est temps de recharger.<\/p>\n<\/li>\n<li class=\"\" data-start=\"1964\" data-end=\"2041\">\n<p class=\"\" data-start=\"1966\" data-end=\"2041\" data-immersive-translate-walked=\"e9eca150-108d-48d3-9f19-f6a7a99d0077\" data-immersive-translate-paragraph=\"1\">Poids du produit : 85 g, l\u00e9ger et pratique pour une utilisation confortable.<\/p>\n<\/li>\n<\/ul>\n<h4 data-start=\"2043\" data-end=\"2080\" data-immersive-translate-walked=\"e9eca150-108d-48d3-9f19-f6a7a99d0077\">Avantages de l'Elf Shisha 16000<\/h4>\n<p class=\"\" data-start=\"2082\" data-end=\"2516\" data-immersive-translate-walked=\"e9eca150-108d-48d3-9f19-f6a7a99d0077\" data-immersive-translate-paragraph=\"1\">En plus de ses caract\u00e9ristiques techniques puissantes, l'Elf Shisha 16000 offre de nombreux autres avantages. C'est une cigarette \u00e9lectronique jetable qui peut \u00eatre utilis\u00e9e sans entretien ou rechargement suppl\u00e9mentaire. Gr\u00e2ce \u00e0 sa livraison rapide en 7-15 jours ouvrables et \u00e0 l'exp\u00e9dition sans droits de douane, l'Elf Shisha 16000 constitue un choix pratique pour les vapoteurs recherchant une exp\u00e9rience simple et sans souci.<\/p>\n<h4 data-start=\"2518\" data-end=\"2572\" data-immersive-translate-walked=\"e9eca150-108d-48d3-9f19-f6a7a99d0077\">Pourquoi choisir l'Elf Shisha 16000 ?<\/h4>\n<p class=\"\" data-start=\"2574\" data-end=\"3012\" data-immersive-translate-walked=\"e9eca150-108d-48d3-9f19-f6a7a99d0077\" data-immersive-translate-paragraph=\"1\">Si vous recherchez une cigarette \u00e9lectronique jetable de haute qualit\u00e9 et durable, l'Elf Shisha 16000 est le choix parfait. Avec son volume \u00e9lev\u00e9 d'e-liquide, sa mesh coil performante, sa r\u00e9gulation du flux d'air ajustable et sa vari\u00e9t\u00e9 de concentrations de nicotine, elle offre tout ce dont vous avez besoin pour une exp\u00e9rience de vapotage optimale. Visitez vapingnet.fr pour en savoir plus et commander votre Elf Shisha 16000.<\/p>","protected":false},"excerpt":{"rendered":"<p>Elf Shisha 16000: Einweg-E-Zigarette mit herausragender Leistung Die Elf Shisha 16000 ist eine der fortschrittlichsten Einweg-E-Zigaretten auf dem Markt. Mit einer beeindruckenden Kapazit\u00e4t und innovativen&#8230;<\/p>","protected":false},"featured_media":6468,"template":"","meta":[],"etheme_brands":[],"product_brand":[100],"product_cat":[91,49,61],"product_tag":[],"class_list":{"0":"post-6460","1":"product","2":"type-product","3":"status-publish","4":"has-post-thumbnail","6":"product_brand-elf-box-vape","7":"product_cat-16k-vape","8":"product_cat-einweg-e-zigarette","9":"product_cat-f","11":"first","12":"instock","13":"shipping-taxable","14":"purchasable","15":"product-type-simple"},"yoast_head":"<!-- This site is optimized with the Yoast SEO plugin v26.5 - https:\/\/yoast.com\/wordpress\/plugins\/seo\/ -->\n<title>ELF SHISHA 16000 mit Bang King Display Bestseller Kiwi Passion Fruit Flavor | Vapingnet.de<\/title>\n<meta name=\"description\" content=\"Entdecke ELF SHISHA 16000 mit Bang King Display Bestseller Kiwi Passion Fruit Flavor bei vapingnet.de, \u25ba Gro\u00dfe Auswahl an Geschmacksrichtungen &amp; super g\u00fcnstig!\" \/>\n<meta name=\"robots\" content=\"index, follow, max-snippet:-1, max-image-preview:large, max-video-preview:-1\" \/>\n<link rel=\"canonical\" href=\"https:\/\/vapingnet.de\/fr\/vape\/elf-shisha-16000-mit-bang-king-display-bestseller-kiwi-passion-fruit-flavor\/\" \/>\n<meta property=\"og:locale\" content=\"fr_FR\" \/>\n<meta property=\"og:type\" content=\"article\" \/>\n<meta property=\"og:title\" content=\"ELF SHISHA 16000 mit Bang King Display Bestseller Kiwi Passion Fruit Flavor | Vapingnet.de\" \/>\n<meta property=\"og:description\" content=\"Entdecke ELF SHISHA 16000 mit Bang King Display Bestseller Kiwi Passion Fruit Flavor bei vapingnet.de, \u25ba Gro\u00dfe Auswahl an Geschmacksrichtungen &amp; super g\u00fcnstig!\" \/>\n<meta property=\"og:url\" content=\"https:\/\/vapingnet.de\/fr\/vape\/elf-shisha-16000-mit-bang-king-display-bestseller-kiwi-passion-fruit-flavor\/\" \/>\n<meta property=\"og:site_name\" content=\"Vapingnet.de\" \/>\n<meta property=\"article:publisher\" content=\"https:\/\/www.facebook.com\/vapingnetde\/\" \/>\n<meta property=\"article:modified_time\" content=\"2025-06-19T03:42:50+00:00\" \/>\n<meta property=\"og:image\" content=\"https:\/\/vapingnet.de\/wp-content\/uploads\/2025\/04\/Kiwi-Passion-Fruit-3.webp\" \/>\n\t<meta property=\"og:image:width\" content=\"1000\" \/>\n\t<meta property=\"og:image:height\" content=\"1000\" \/>\n\t<meta property=\"og:image:type\" content=\"image\/webp\" \/>\n<meta name=\"twitter:card\" content=\"summary_large_image\" \/>\n<meta name=\"twitter:label1\" content=\"Dur\u00e9e de lecture estim\u00e9e\" \/>\n\t<meta name=\"twitter:data1\" content=\"3 minutes\" \/>\n<script type=\"application\/ld+json\" class=\"yoast-schema-graph\">{\"@context\":\"https:\/\/schema.org\",\"@graph\":[{\"@type\":\"WebPage\",\"@id\":\"https:\/\/vapingnet.de\/vape\/elf-shisha-16000-mit-bang-king-display-bestseller-kiwi-passion-fruit-flavor\/\",\"url\":\"https:\/\/vapingnet.de\/vape\/elf-shisha-16000-mit-bang-king-display-bestseller-kiwi-passion-fruit-flavor\/\",\"name\":\"ELF SHISHA 16000 mit Bang King Display Bestseller Kiwi Passion Fruit Flavor | Vapingnet.de\",\"isPartOf\":{\"@id\":\"https:\/\/vapingnet.de\/#website\"},\"primaryImageOfPage\":{\"@id\":\"https:\/\/vapingnet.de\/vape\/elf-shisha-16000-mit-bang-king-display-bestseller-kiwi-passion-fruit-flavor\/#primaryimage\"},\"image\":{\"@id\":\"https:\/\/vapingnet.de\/vape\/elf-shisha-16000-mit-bang-king-display-bestseller-kiwi-passion-fruit-flavor\/#primaryimage\"},\"thumbnailUrl\":\"https:\/\/vapingnet.de\/wp-content\/uploads\/2025\/04\/Kiwi-Passion-Fruit-3.webp\",\"datePublished\":\"2025-04-21T09:09:16+00:00\",\"dateModified\":\"2025-06-19T03:42:50+00:00\",\"description\":\"Entdecke ELF SHISHA 16000 mit Bang King Display Bestseller Kiwi Passion Fruit Flavor bei vapingnet.de, \u25ba Gro\u00dfe Auswahl an Geschmacksrichtungen & super g\u00fcnstig!\",\"breadcrumb\":{\"@id\":\"https:\/\/vapingnet.de\/vape\/elf-shisha-16000-mit-bang-king-display-bestseller-kiwi-passion-fruit-flavor\/#breadcrumb\"},\"inLanguage\":\"fr-FR\",\"potentialAction\":[{\"@type\":\"ReadAction\",\"target\":[\"https:\/\/vapingnet.de\/vape\/elf-shisha-16000-mit-bang-king-display-bestseller-kiwi-passion-fruit-flavor\/\"]}]},{\"@type\":\"ImageObject\",\"inLanguage\":\"fr-FR\",\"@id\":\"https:\/\/vapingnet.de\/vape\/elf-shisha-16000-mit-bang-king-display-bestseller-kiwi-passion-fruit-flavor\/#primaryimage\",\"url\":\"https:\/\/vapingnet.de\/wp-content\/uploads\/2025\/04\/Kiwi-Passion-Fruit-3.webp\",\"contentUrl\":\"https:\/\/vapingnet.de\/wp-content\/uploads\/2025\/04\/Kiwi-Passion-Fruit-3.webp\",\"width\":1000,\"height\":1000},{\"@type\":\"BreadcrumbList\",\"@id\":\"https:\/\/vapingnet.de\/vape\/elf-shisha-16000-mit-bang-king-display-bestseller-kiwi-passion-fruit-flavor\/#breadcrumb\",\"itemListElement\":[{\"@type\":\"ListItem\",\"position\":1,\"name\":\"Home\",\"item\":\"https:\/\/vapingnet.de\/\"},{\"@type\":\"ListItem\",\"position\":2,\"name\":\"Shop\",\"item\":\"https:\/\/vapingnet.de\/vape\/\"},{\"@type\":\"ListItem\",\"position\":3,\"name\":\"ELF SHISHA 16000 mit Bang King Display Bestseller Kiwi Passion Fruit Flavor\"}]},{\"@type\":\"WebSite\",\"@id\":\"https:\/\/vapingnet.de\/#website\",\"url\":\"https:\/\/vapingnet.de\/\",\"name\":\"Vapingnet.de\",\"description\":\"\",\"publisher\":{\"@id\":\"https:\/\/vapingnet.de\/#organization\"},\"potentialAction\":[{\"@type\":\"SearchAction\",\"target\":{\"@type\":\"EntryPoint\",\"urlTemplate\":\"https:\/\/vapingnet.de\/?s={search_term_string}\"},\"query-input\":{\"@type\":\"PropertyValueSpecification\",\"valueRequired\":true,\"valueName\":\"search_term_string\"}}],\"inLanguage\":\"fr-FR\"},{\"@type\":\"Organization\",\"@id\":\"https:\/\/vapingnet.de\/#organization\",\"name\":\"Vapingnet.de\",\"url\":\"https:\/\/vapingnet.de\/\",\"logo\":{\"@type\":\"ImageObject\",\"inLanguage\":\"fr-FR\",\"@id\":\"https:\/\/vapingnet.de\/#\/schema\/logo\/image\/\",\"url\":\"https:\/\/vapingnet.de\/wp-content\/uploads\/2025\/03\/cropped-vapingnet.de_.jpg\",\"contentUrl\":\"https:\/\/vapingnet.de\/wp-content\/uploads\/2025\/03\/cropped-vapingnet.de_.jpg\",\"width\":512,\"height\":512,\"caption\":\"Vapingnet.de\"},\"image\":{\"@id\":\"https:\/\/vapingnet.de\/#\/schema\/logo\/image\/\"},\"sameAs\":[\"https:\/\/www.facebook.com\/vapingnetde\/\"]}]}<\/script>\n<!-- \/ Yoast SEO plugin. -->","yoast_head_json":{"title":"ELF SHISHA 16000 mit Bang King Display Bestseller Kiwi Passion Fruit Flavor | Vapingnet.de","description":"Entdecke ELF SHISHA 16000 mit Bang King Display Bestseller Kiwi Passion Fruit Flavor bei vapingnet.de, \u25ba Gro\u00dfe Auswahl an Geschmacksrichtungen & super g\u00fcnstig!","robots":{"index":"index","follow":"follow","max-snippet":"max-snippet:-1","max-image-preview":"max-image-preview:large","max-video-preview":"max-video-preview:-1"},"canonical":"https:\/\/vapingnet.de\/fr\/vape\/elf-shisha-16000-mit-bang-king-display-bestseller-kiwi-passion-fruit-flavor\/","og_locale":"fr_FR","og_type":"article","og_title":"ELF SHISHA 16000 mit Bang King Display Bestseller Kiwi Passion Fruit Flavor | Vapingnet.de","og_description":"Entdecke ELF SHISHA 16000 mit Bang King Display Bestseller Kiwi Passion Fruit Flavor bei vapingnet.de, \u25ba Gro\u00dfe Auswahl an Geschmacksrichtungen & super g\u00fcnstig!","og_url":"https:\/\/vapingnet.de\/fr\/vape\/elf-shisha-16000-mit-bang-king-display-bestseller-kiwi-passion-fruit-flavor\/","og_site_name":"Vapingnet.de","article_publisher":"https:\/\/www.facebook.com\/vapingnetde\/","article_modified_time":"2025-06-19T03:42:50+00:00","og_image":[{"width":1000,"height":1000,"url":"https:\/\/vapingnet.de\/wp-content\/uploads\/2025\/04\/Kiwi-Passion-Fruit-3.webp","type":"image\/webp"}],"twitter_card":"summary_large_image","twitter_misc":{"Dur\u00e9e de lecture estim\u00e9e":"3 minutes"},"schema":{"@context":"https:\/\/schema.org","@graph":[{"@type":"WebPage","@id":"https:\/\/vapingnet.de\/vape\/elf-shisha-16000-mit-bang-king-display-bestseller-kiwi-passion-fruit-flavor\/","url":"https:\/\/vapingnet.de\/vape\/elf-shisha-16000-mit-bang-king-display-bestseller-kiwi-passion-fruit-flavor\/","name":"ELF SHISHA 16000 mit Bang King Display Bestseller Kiwi Passion Fruit Flavor | Vapingnet.de","isPartOf":{"@id":"https:\/\/vapingnet.de\/#website"},"primaryImageOfPage":{"@id":"https:\/\/vapingnet.de\/vape\/elf-shisha-16000-mit-bang-king-display-bestseller-kiwi-passion-fruit-flavor\/#primaryimage"},"image":{"@id":"https:\/\/vapingnet.de\/vape\/elf-shisha-16000-mit-bang-king-display-bestseller-kiwi-passion-fruit-flavor\/#primaryimage"},"thumbnailUrl":"https:\/\/vapingnet.de\/wp-content\/uploads\/2025\/04\/Kiwi-Passion-Fruit-3.webp","datePublished":"2025-04-21T09:09:16+00:00","dateModified":"2025-06-19T03:42:50+00:00","description":"Entdecke ELF SHISHA 16000 mit Bang King Display Bestseller Kiwi Passion Fruit Flavor bei vapingnet.de, \u25ba Gro\u00dfe Auswahl an Geschmacksrichtungen & super g\u00fcnstig!","breadcrumb":{"@id":"https:\/\/vapingnet.de\/vape\/elf-shisha-16000-mit-bang-king-display-bestseller-kiwi-passion-fruit-flavor\/#breadcrumb"},"inLanguage":"fr-FR","potentialAction":[{"@type":"ReadAction","target":["https:\/\/vapingnet.de\/vape\/elf-shisha-16000-mit-bang-king-display-bestseller-kiwi-passion-fruit-flavor\/"]}]},{"@type":"ImageObject","inLanguage":"fr-FR","@id":"https:\/\/vapingnet.de\/vape\/elf-shisha-16000-mit-bang-king-display-bestseller-kiwi-passion-fruit-flavor\/#primaryimage","url":"https:\/\/vapingnet.de\/wp-content\/uploads\/2025\/04\/Kiwi-Passion-Fruit-3.webp","contentUrl":"https:\/\/vapingnet.de\/wp-content\/uploads\/2025\/04\/Kiwi-Passion-Fruit-3.webp","width":1000,"height":1000},{"@type":"BreadcrumbList","@id":"https:\/\/vapingnet.de\/vape\/elf-shisha-16000-mit-bang-king-display-bestseller-kiwi-passion-fruit-flavor\/#breadcrumb","itemListElement":[{"@type":"ListItem","position":1,"name":"Home","item":"https:\/\/vapingnet.de\/"},{"@type":"ListItem","position":2,"name":"Shop","item":"https:\/\/vapingnet.de\/vape\/"},{"@type":"ListItem","position":3,"name":"ELF SHISHA 16000 mit Bang King Display Bestseller Kiwi Passion Fruit Flavor"}]},{"@type":"WebSite","@id":"https:\/\/vapingnet.de\/#website","url":"https:\/\/vapingnet.de\/","name":"Vapingnet.de","description":"","publisher":{"@id":"https:\/\/vapingnet.de\/#organization"},"potentialAction":[{"@type":"SearchAction","target":{"@type":"EntryPoint","urlTemplate":"https:\/\/vapingnet.de\/?s={search_term_string}"},"query-input":{"@type":"PropertyValueSpecification","valueRequired":true,"valueName":"search_term_string"}}],"inLanguage":"fr-FR"},{"@type":"Organization","@id":"https:\/\/vapingnet.de\/#organization","name":"Vapingnet.de","url":"https:\/\/vapingnet.de\/","logo":{"@type":"ImageObject","inLanguage":"fr-FR","@id":"https:\/\/vapingnet.de\/#\/schema\/logo\/image\/","url":"https:\/\/vapingnet.de\/wp-content\/uploads\/2025\/03\/cropped-vapingnet.de_.jpg","contentUrl":"https:\/\/vapingnet.de\/wp-content\/uploads\/2025\/03\/cropped-vapingnet.de_.jpg","width":512,"height":512,"caption":"Vapingnet.de"},"image":{"@id":"https:\/\/vapingnet.de\/#\/schema\/logo\/image\/"},"sameAs":["https:\/\/www.facebook.com\/vapingnetde\/"]}]}},"tiered_pricing_type":"fixed","tiered_pricing_fixed_rules":{"10":"9.41","60":"8.47","110":"7.53","200":"6.59"},"tiered_pricing_product_settings":{"layout":"default","base_unit_name":{"singular":null,"plural":null},"default_variation":null},"tiered_pricing_minimum_quantity":null,"tiered_pricing_roles_data":[],"tiered_pricing_percentage_rules":[],"_links":{"self":[{"href":"https:\/\/vapingnet.de\/fr\/wp-json\/wp\/v2\/product\/6460","targetHints":{"allow":["GET"]}}],"collection":[{"href":"https:\/\/vapingnet.de\/fr\/wp-json\/wp\/v2\/product"}],"about":[{"href":"https:\/\/vapingnet.de\/fr\/wp-json\/wp\/v2\/types\/product"}],"version-history":[{"count":1,"href":"https:\/\/vapingnet.de\/fr\/wp-json\/wp\/v2\/product\/6460\/revisions"}],"predecessor-version":[{"id":6480,"href":"https:\/\/vapingnet.de\/fr\/wp-json\/wp\/v2\/product\/6460\/revisions\/6480"}],"wp:featuredmedia":[{"embeddable":true,"href":"https:\/\/vapingnet.de\/fr\/wp-json\/wp\/v2\/media\/6468"}],"wp:attachment":[{"href":"https:\/\/vapingnet.de\/fr\/wp-json\/wp\/v2\/media?parent=6460"}],"wp:term":[{"taxonomy":"brand","embeddable":true,"href":"https:\/\/vapingnet.de\/fr\/wp-json\/wp\/v2\/etheme_brands?post=6460"},{"taxonomy":"product_brand","embeddable":true,"href":"https:\/\/vapingnet.de\/fr\/wp-json\/wp\/v2\/product_brand?post=6460"},{"taxonomy":"product_cat","embeddable":true,"href":"https:\/\/vapingnet.de\/fr\/wp-json\/wp\/v2\/product_cat?post=6460"},{"taxonomy":"product_tag","embeddable":true,"href":"https:\/\/vapingnet.de\/fr\/wp-json\/wp\/v2\/product_tag?post=6460"}],"curies":[{"name":"wp","href":"https:\/\/api.w.org\/{rel}","templated":true}]}}