{"id":6461,"date":"2025-04-21T09:09:18","date_gmt":"2025-04-21T09:09:18","guid":{"rendered":"https:\/\/vapingnet.de\/?post_type=product&#038;p=6461"},"modified":"2025-06-19T03:42:50","modified_gmt":"2025-06-19T03:42:50","slug":"blackberry-ice-von-elf-shisha-16000-der-weltweit-meistverkaufte-geschmack","status":"publish","type":"product","link":"https:\/\/vapingnet.de\/fr\/vape\/blackberry-ice-von-elf-shisha-16000-der-weltweit-meistverkaufte-geschmack\/","title":{"rendered":"Goyave Noire Ice de ELF SHISHA 16000 La Saveur la Plus Vendue dans le Monde"},"content":{"rendered":"<h2 data-start=\"0\" data-end=\"76\" data-immersive-translate-walked=\"5b6be358-5560-4dcd-a31b-af018341b01b\">Elf Shisha 16000 : La cigarette \u00e9lectronique jetable parfaite pour les exigeants<\/h2>\n<p class=\"\" data-start=\"78\" data-end=\"381\" data-immersive-translate-walked=\"5b6be358-5560-4dcd-a31b-af018341b01b\" data-immersive-translate-paragraph=\"1\">L'Elf Shisha 16000 est un compagnon puissant et pratique pour les vapoteurs qui privil\u00e9gient la haute qualit\u00e9 et la longue durabilit\u00e9. Avec une multitude de fonctionnalit\u00e9s innovantes et une exp\u00e9rience gustative unique, cette cigarette \u00e9lectronique jetable se distingue nettement des autres produits.<\/p>\n<h3 class=\"\" data-start=\"383\" data-end=\"429\" data-immersive-translate-walked=\"5b6be358-5560-4dcd-a31b-af018341b01b\">Caract\u00e9ristiques importantes de l'Elf Shisha 16000<\/h3>\n<ul data-start=\"431\" data-end=\"1737\">\n<li class=\"\" data-start=\"431\" data-end=\"738\">\n<p class=\"\" data-start=\"433\" data-end=\"738\" data-immersive-translate-walked=\"5b6be358-5560-4dcd-a31b-af018341b01b\" data-immersive-translate-paragraph=\"1\">Bouff\u00e9es et performance : Avec un nombre impressionnant de 16 000 bouff\u00e9es, l'Elf Shisha 16000 offre une dur\u00e9e de vapeur exceptionnellement longue. Vous n'avez pas \u00e0 vous soucier de remplir fr\u00e9quemment ou de remplacer la cigarette \u00e9lectronique. Cette cigarette jetable est con\u00e7ue pour un plaisir durable.<\/p>\n<\/li>\n<li class=\"\" data-start=\"742\" data-end=\"963\">\n<p class=\"\" data-start=\"744\" data-end=\"963\" data-immersive-translate-walked=\"5b6be358-5560-4dcd-a31b-af018341b01b\" data-immersive-translate-paragraph=\"1\">Technologie Mesh Coil : La r\u00e9sistance Mesh de 0,6 Ohm assure une vaporisation uniforme et un go\u00fbt intense. Gr\u00e2ce \u00e0 cette technologie, chaque bouff\u00e9e offre une exp\u00e9rience de vapeur agr\u00e9able et constante.<\/p>\n<\/li>\n<li class=\"\" data-start=\"965\" data-end=\"1137\">\n<p class=\"\" data-start=\"967\" data-end=\"1137\" data-immersive-translate-walked=\"5b6be358-5560-4dcd-a31b-af018341b01b\" data-immersive-translate-paragraph=\"1\">Capacit\u00e9 de e-liquide : Avec un r\u00e9servoir de 28 ml, l'Elf Shisha 16000 contient suffisamment de liquide pour vapoter toute la journ\u00e9e sans avoir besoin de recharger.<\/p>\n<\/li>\n<li class=\"\" data-start=\"1139\" data-end=\"1332\">\n<p class=\"\" data-start=\"1141\" data-end=\"1332\" data-immersive-translate-walked=\"5b6be358-5560-4dcd-a31b-af018341b01b\" data-immersive-translate-paragraph=\"1\">Flux d'air r\u00e9glable : Le flux d'air r\u00e9glable vous permet de contr\u00f4ler votre exp\u00e9rience de vapotage selon vos pr\u00e9f\u00e9rences. Choisissez entre une bouff\u00e9e douce ou intense.<\/p>\n<\/li>\n<li class=\"\" data-start=\"1334\" data-end=\"1528\">\n<p class=\"\" data-start=\"1336\" data-end=\"1528\" data-immersive-translate-walked=\"5b6be358-5560-4dcd-a31b-af018341b01b\" data-immersive-translate-paragraph=\"1\">\u00c9cran LED : Un \u00e9cran LED indique le niveau de charge, vous permettant de savoir quand il est temps de recharger la batterie. Cela garantit une vape sans stress ni mauvaises surprises.<\/p>\n<\/li>\n<li class=\"\" data-start=\"1530\" data-end=\"1737\">\n<p class=\"\" data-start=\"1532\" data-end=\"1737\" data-immersive-translate-walked=\"5b6be358-5560-4dcd-a31b-af018341b01b\" data-immersive-translate-paragraph=\"1\">Batterie et options de charge : \u00c9quip\u00e9e d'une batterie de 600 mAh, l'Elf Shisha 16000 offre une autonomie suffisante. La connexion Type-C permet une recharge rapide et facile.<\/p>\n<\/li>\n<\/ul>\n<h4 data-start=\"1739\" data-end=\"1777\" data-immersive-translate-walked=\"5b6be358-5560-4dcd-a31b-af018341b01b\">Go\u00fbt de l'Elf Shisha 16000<\/h4>\n<p class=\"\" data-start=\"1779\" data-end=\"2053\" data-immersive-translate-walked=\"5b6be358-5560-4dcd-a31b-af018341b01b\" data-immersive-translate-paragraph=\"1\">Le go\u00fbt de l'Elf Shisha 16000 est un v\u00e9ritable point fort. Blackberry Ice combine la saveur fra\u00eeche et sucr\u00e9e des m\u00fbres avec une finition rafra\u00eechissante et glac\u00e9e. Un plaisir fruit\u00e9 qui stimule vos sens tout en apportant une agr\u00e9able fra\u00eecheur.<\/p>\n<h4 data-start=\"2055\" data-end=\"2079\" data-immersive-translate-walked=\"5b6be358-5560-4dcd-a31b-af018341b01b\">Autres avantages<\/h4>\n<ul data-start=\"2081\" data-end=\"2639\">\n<li class=\"\" data-start=\"2081\" data-end=\"2253\">\n<p class=\"\" data-start=\"2083\" data-end=\"2253\" data-immersive-translate-walked=\"5b6be358-5560-4dcd-a31b-af018341b01b\" data-immersive-translate-paragraph=\"1\">Exp\u00e9dition rapide : L'Elf Shisha 16000 est livr\u00e9e en 7 \u00e0 15 jours ouvrables, vous n'avez donc pas \u00e0 attendre longtemps pour d\u00e9couvrir votre nouvelle exp\u00e9rience de vapotage.<\/p>\n<\/li>\n<li class=\"\" data-start=\"2257\" data-end=\"2425\">\n<p class=\"\" data-start=\"2259\" data-end=\"2425\" data-immersive-translate-walked=\"5b6be358-5560-4dcd-a31b-af018341b01b\" data-immersive-translate-paragraph=\"1\">Sans douane : Un autre avantage est que l'Elf Shisha 16000 est livr\u00e9e sans droits de douane, ce qui facilite et r\u00e9duit le co\u00fbt de l'achat pour les clients internationaux.<\/p>\n<\/li>\n<li class=\"\" data-start=\"2427\" data-end=\"2639\">\n<p class=\"\" data-start=\"2429\" data-end=\"2639\" data-immersive-translate-walked=\"5b6be358-5560-4dcd-a31b-af018341b01b\" data-immersive-translate-paragraph=\"1\">L\u00e9ger et pratique : Avec un poids de seulement 85 g, l'Elf Shisha 16000 est particuli\u00e8rement l\u00e9ger et facile \u00e0 transporter. Que ce soit \u00e0 la maison ou en d\u00e9placement, elle peut \u00eatre emport\u00e9e partout sans probl\u00e8me.<\/p>\n<\/li>\n<\/ul>\n<h3>Pourquoi l'Elf Shisha 16000 est le meilleur choix pour vous<\/h3>\n<p class=\"\" data-start=\"2704\" data-end=\"3013\" data-immersive-translate-walked=\"5b6be358-5560-4dcd-a31b-af018341b01b\" data-immersive-translate-paragraph=\"1\">L'Elf Shisha 16000 convainc non seulement par ses caract\u00e9ristiques techniques impressionnantes, mais aussi par sa convivialit\u00e9 et son go\u00fbt unique. Si vous recherchez une cigarette \u00e9lectronique jetable puissante, durable et facile \u00e0 utiliser, ce mod\u00e8le est le choix parfait.<\/p>\n<p class=\"\" data-start=\"3015\" data-end=\"3113\" data-immersive-translate-walked=\"5b6be358-5560-4dcd-a31b-af018341b01b\" data-immersive-translate-paragraph=\"1\">Commandez d\u00e8s maintenant l'Elf Shisha 16000 sur vapingnet.fr et faites la diff\u00e9rence !<\/p>","protected":false},"excerpt":{"rendered":"<p>La Elf Shisha 16000 : La cigarette \u00e9lectronique jetable parfaite pour les exigeants La Elf Shisha 16000 est un compagnon puissant et pratique pour les vapoteurs qui accordent de l'importance \u00e0 une haute...<\/p>","protected":false},"featured_media":6463,"template":"","meta":[],"etheme_brands":[],"product_brand":[100],"product_cat":[91,49,61],"product_tag":[],"class_list":{"0":"post-6461","1":"product","2":"type-product","3":"status-publish","4":"has-post-thumbnail","6":"product_brand-elf-box-vape","7":"product_cat-16k-vape","8":"product_cat-einweg-e-zigarette","9":"product_cat-f","11":"first","12":"instock","13":"shipping-taxable","14":"purchasable","15":"product-type-simple"},"yoast_head":"<!-- This site is optimized with the Yoast SEO plugin v26.5 - https:\/\/yoast.com\/wordpress\/plugins\/seo\/ -->\n<title>Blackberry Ice von ELF SHISHA 16000 Der Weltweit Meistverkaufte Geschmack | Vapingnet.de<\/title>\n<meta name=\"description\" content=\"Entdecke Blackberry Ice von ELF SHISHA 16000 Der Weltweit Meistverkaufte Geschmack bei vapingnet.de, \u25ba Gro\u00dfe Auswahl an Geschmacksrichtungen &amp; super g\u00fcnstig!\" \/>\n<meta name=\"robots\" content=\"index, follow, max-snippet:-1, max-image-preview:large, max-video-preview:-1\" \/>\n<link rel=\"canonical\" href=\"https:\/\/vapingnet.de\/fr\/vape\/blackberry-ice-von-elf-shisha-16000-der-weltweit-meistverkaufte-geschmack\/\" \/>\n<meta property=\"og:locale\" content=\"fr_FR\" \/>\n<meta property=\"og:type\" content=\"article\" \/>\n<meta property=\"og:title\" content=\"Blackberry Ice von ELF SHISHA 16000 Der Weltweit Meistverkaufte Geschmack | Vapingnet.de\" \/>\n<meta property=\"og:description\" content=\"Entdecke Blackberry Ice von ELF SHISHA 16000 Der Weltweit Meistverkaufte Geschmack bei vapingnet.de, \u25ba Gro\u00dfe Auswahl an Geschmacksrichtungen &amp; super g\u00fcnstig!\" \/>\n<meta property=\"og:url\" content=\"https:\/\/vapingnet.de\/fr\/vape\/blackberry-ice-von-elf-shisha-16000-der-weltweit-meistverkaufte-geschmack\/\" \/>\n<meta property=\"og:site_name\" content=\"Vapingnet.de\" \/>\n<meta property=\"article:publisher\" content=\"https:\/\/www.facebook.com\/vapingnetde\/\" \/>\n<meta property=\"article:modified_time\" content=\"2025-06-19T03:42:50+00:00\" \/>\n<meta property=\"og:image\" content=\"https:\/\/vapingnet.de\/wp-content\/uploads\/2025\/04\/Blackberry-Ice-1.webp\" \/>\n\t<meta property=\"og:image:width\" content=\"1000\" \/>\n\t<meta property=\"og:image:height\" content=\"1000\" \/>\n\t<meta property=\"og:image:type\" content=\"image\/webp\" \/>\n<meta name=\"twitter:card\" content=\"summary_large_image\" \/>\n<meta name=\"twitter:label1\" content=\"Dur\u00e9e de lecture estim\u00e9e\" \/>\n\t<meta name=\"twitter:data1\" content=\"3 minutes\" \/>\n<script type=\"application\/ld+json\" class=\"yoast-schema-graph\">{\"@context\":\"https:\/\/schema.org\",\"@graph\":[{\"@type\":\"WebPage\",\"@id\":\"https:\/\/vapingnet.de\/vape\/blackberry-ice-von-elf-shisha-16000-der-weltweit-meistverkaufte-geschmack\/\",\"url\":\"https:\/\/vapingnet.de\/vape\/blackberry-ice-von-elf-shisha-16000-der-weltweit-meistverkaufte-geschmack\/\",\"name\":\"Blackberry Ice von ELF SHISHA 16000 Der Weltweit Meistverkaufte Geschmack | Vapingnet.de\",\"isPartOf\":{\"@id\":\"https:\/\/vapingnet.de\/#website\"},\"primaryImageOfPage\":{\"@id\":\"https:\/\/vapingnet.de\/vape\/blackberry-ice-von-elf-shisha-16000-der-weltweit-meistverkaufte-geschmack\/#primaryimage\"},\"image\":{\"@id\":\"https:\/\/vapingnet.de\/vape\/blackberry-ice-von-elf-shisha-16000-der-weltweit-meistverkaufte-geschmack\/#primaryimage\"},\"thumbnailUrl\":\"https:\/\/vapingnet.de\/wp-content\/uploads\/2025\/04\/Blackberry-Ice-1.webp\",\"datePublished\":\"2025-04-21T09:09:18+00:00\",\"dateModified\":\"2025-06-19T03:42:50+00:00\",\"description\":\"Entdecke Blackberry Ice von ELF SHISHA 16000 Der Weltweit Meistverkaufte Geschmack bei vapingnet.de, \u25ba Gro\u00dfe Auswahl an Geschmacksrichtungen & super g\u00fcnstig!\",\"breadcrumb\":{\"@id\":\"https:\/\/vapingnet.de\/vape\/blackberry-ice-von-elf-shisha-16000-der-weltweit-meistverkaufte-geschmack\/#breadcrumb\"},\"inLanguage\":\"fr-FR\",\"potentialAction\":[{\"@type\":\"ReadAction\",\"target\":[\"https:\/\/vapingnet.de\/vape\/blackberry-ice-von-elf-shisha-16000-der-weltweit-meistverkaufte-geschmack\/\"]}]},{\"@type\":\"ImageObject\",\"inLanguage\":\"fr-FR\",\"@id\":\"https:\/\/vapingnet.de\/vape\/blackberry-ice-von-elf-shisha-16000-der-weltweit-meistverkaufte-geschmack\/#primaryimage\",\"url\":\"https:\/\/vapingnet.de\/wp-content\/uploads\/2025\/04\/Blackberry-Ice-1.webp\",\"contentUrl\":\"https:\/\/vapingnet.de\/wp-content\/uploads\/2025\/04\/Blackberry-Ice-1.webp\",\"width\":1000,\"height\":1000},{\"@type\":\"BreadcrumbList\",\"@id\":\"https:\/\/vapingnet.de\/vape\/blackberry-ice-von-elf-shisha-16000-der-weltweit-meistverkaufte-geschmack\/#breadcrumb\",\"itemListElement\":[{\"@type\":\"ListItem\",\"position\":1,\"name\":\"Home\",\"item\":\"https:\/\/vapingnet.de\/\"},{\"@type\":\"ListItem\",\"position\":2,\"name\":\"Shop\",\"item\":\"https:\/\/vapingnet.de\/vape\/\"},{\"@type\":\"ListItem\",\"position\":3,\"name\":\"Blackberry Ice von ELF SHISHA 16000 Der Weltweit Meistverkaufte Geschmack\"}]},{\"@type\":\"WebSite\",\"@id\":\"https:\/\/vapingnet.de\/#website\",\"url\":\"https:\/\/vapingnet.de\/\",\"name\":\"Vapingnet.de\",\"description\":\"\",\"publisher\":{\"@id\":\"https:\/\/vapingnet.de\/#organization\"},\"potentialAction\":[{\"@type\":\"SearchAction\",\"target\":{\"@type\":\"EntryPoint\",\"urlTemplate\":\"https:\/\/vapingnet.de\/?s={search_term_string}\"},\"query-input\":{\"@type\":\"PropertyValueSpecification\",\"valueRequired\":true,\"valueName\":\"search_term_string\"}}],\"inLanguage\":\"fr-FR\"},{\"@type\":\"Organization\",\"@id\":\"https:\/\/vapingnet.de\/#organization\",\"name\":\"Vapingnet.de\",\"url\":\"https:\/\/vapingnet.de\/\",\"logo\":{\"@type\":\"ImageObject\",\"inLanguage\":\"fr-FR\",\"@id\":\"https:\/\/vapingnet.de\/#\/schema\/logo\/image\/\",\"url\":\"https:\/\/vapingnet.de\/wp-content\/uploads\/2025\/03\/cropped-vapingnet.de_.jpg\",\"contentUrl\":\"https:\/\/vapingnet.de\/wp-content\/uploads\/2025\/03\/cropped-vapingnet.de_.jpg\",\"width\":512,\"height\":512,\"caption\":\"Vapingnet.de\"},\"image\":{\"@id\":\"https:\/\/vapingnet.de\/#\/schema\/logo\/image\/\"},\"sameAs\":[\"https:\/\/www.facebook.com\/vapingnetde\/\"]}]}<\/script>\n<!-- \/ Yoast SEO plugin. -->","yoast_head_json":{"title":"Blackberry Ice von ELF SHISHA 16000 Der Weltweit Meistverkaufte Geschmack | Vapingnet.de","description":"Entdecke Blackberry Ice von ELF SHISHA 16000 Der Weltweit Meistverkaufte Geschmack bei vapingnet.de, \u25ba Gro\u00dfe Auswahl an Geschmacksrichtungen & super g\u00fcnstig!","robots":{"index":"index","follow":"follow","max-snippet":"max-snippet:-1","max-image-preview":"max-image-preview:large","max-video-preview":"max-video-preview:-1"},"canonical":"https:\/\/vapingnet.de\/fr\/vape\/blackberry-ice-von-elf-shisha-16000-der-weltweit-meistverkaufte-geschmack\/","og_locale":"fr_FR","og_type":"article","og_title":"Blackberry Ice von ELF SHISHA 16000 Der Weltweit Meistverkaufte Geschmack | Vapingnet.de","og_description":"Entdecke Blackberry Ice von ELF SHISHA 16000 Der Weltweit Meistverkaufte Geschmack bei vapingnet.de, \u25ba Gro\u00dfe Auswahl an Geschmacksrichtungen & super g\u00fcnstig!","og_url":"https:\/\/vapingnet.de\/fr\/vape\/blackberry-ice-von-elf-shisha-16000-der-weltweit-meistverkaufte-geschmack\/","og_site_name":"Vapingnet.de","article_publisher":"https:\/\/www.facebook.com\/vapingnetde\/","article_modified_time":"2025-06-19T03:42:50+00:00","og_image":[{"width":1000,"height":1000,"url":"https:\/\/vapingnet.de\/wp-content\/uploads\/2025\/04\/Blackberry-Ice-1.webp","type":"image\/webp"}],"twitter_card":"summary_large_image","twitter_misc":{"Dur\u00e9e de lecture estim\u00e9e":"3 minutes"},"schema":{"@context":"https:\/\/schema.org","@graph":[{"@type":"WebPage","@id":"https:\/\/vapingnet.de\/vape\/blackberry-ice-von-elf-shisha-16000-der-weltweit-meistverkaufte-geschmack\/","url":"https:\/\/vapingnet.de\/vape\/blackberry-ice-von-elf-shisha-16000-der-weltweit-meistverkaufte-geschmack\/","name":"Blackberry Ice von ELF SHISHA 16000 Der Weltweit Meistverkaufte Geschmack | Vapingnet.de","isPartOf":{"@id":"https:\/\/vapingnet.de\/#website"},"primaryImageOfPage":{"@id":"https:\/\/vapingnet.de\/vape\/blackberry-ice-von-elf-shisha-16000-der-weltweit-meistverkaufte-geschmack\/#primaryimage"},"image":{"@id":"https:\/\/vapingnet.de\/vape\/blackberry-ice-von-elf-shisha-16000-der-weltweit-meistverkaufte-geschmack\/#primaryimage"},"thumbnailUrl":"https:\/\/vapingnet.de\/wp-content\/uploads\/2025\/04\/Blackberry-Ice-1.webp","datePublished":"2025-04-21T09:09:18+00:00","dateModified":"2025-06-19T03:42:50+00:00","description":"Entdecke Blackberry Ice von ELF SHISHA 16000 Der Weltweit Meistverkaufte Geschmack bei vapingnet.de, \u25ba Gro\u00dfe Auswahl an Geschmacksrichtungen & super g\u00fcnstig!","breadcrumb":{"@id":"https:\/\/vapingnet.de\/vape\/blackberry-ice-von-elf-shisha-16000-der-weltweit-meistverkaufte-geschmack\/#breadcrumb"},"inLanguage":"fr-FR","potentialAction":[{"@type":"ReadAction","target":["https:\/\/vapingnet.de\/vape\/blackberry-ice-von-elf-shisha-16000-der-weltweit-meistverkaufte-geschmack\/"]}]},{"@type":"ImageObject","inLanguage":"fr-FR","@id":"https:\/\/vapingnet.de\/vape\/blackberry-ice-von-elf-shisha-16000-der-weltweit-meistverkaufte-geschmack\/#primaryimage","url":"https:\/\/vapingnet.de\/wp-content\/uploads\/2025\/04\/Blackberry-Ice-1.webp","contentUrl":"https:\/\/vapingnet.de\/wp-content\/uploads\/2025\/04\/Blackberry-Ice-1.webp","width":1000,"height":1000},{"@type":"BreadcrumbList","@id":"https:\/\/vapingnet.de\/vape\/blackberry-ice-von-elf-shisha-16000-der-weltweit-meistverkaufte-geschmack\/#breadcrumb","itemListElement":[{"@type":"ListItem","position":1,"name":"Home","item":"https:\/\/vapingnet.de\/"},{"@type":"ListItem","position":2,"name":"Shop","item":"https:\/\/vapingnet.de\/vape\/"},{"@type":"ListItem","position":3,"name":"Blackberry Ice von ELF SHISHA 16000 Der Weltweit Meistverkaufte Geschmack"}]},{"@type":"WebSite","@id":"https:\/\/vapingnet.de\/#website","url":"https:\/\/vapingnet.de\/","name":"Vapingnet.de","description":"","publisher":{"@id":"https:\/\/vapingnet.de\/#organization"},"potentialAction":[{"@type":"SearchAction","target":{"@type":"EntryPoint","urlTemplate":"https:\/\/vapingnet.de\/?s={search_term_string}"},"query-input":{"@type":"PropertyValueSpecification","valueRequired":true,"valueName":"search_term_string"}}],"inLanguage":"fr-FR"},{"@type":"Organization","@id":"https:\/\/vapingnet.de\/#organization","name":"Vapingnet.de","url":"https:\/\/vapingnet.de\/","logo":{"@type":"ImageObject","inLanguage":"fr-FR","@id":"https:\/\/vapingnet.de\/#\/schema\/logo\/image\/","url":"https:\/\/vapingnet.de\/wp-content\/uploads\/2025\/03\/cropped-vapingnet.de_.jpg","contentUrl":"https:\/\/vapingnet.de\/wp-content\/uploads\/2025\/03\/cropped-vapingnet.de_.jpg","width":512,"height":512,"caption":"Vapingnet.de"},"image":{"@id":"https:\/\/vapingnet.de\/#\/schema\/logo\/image\/"},"sameAs":["https:\/\/www.facebook.com\/vapingnetde\/"]}]}},"tiered_pricing_type":"fixed","tiered_pricing_fixed_rules":{"10":"9.41","60":"8.47","110":"7.53","200":"6.59"},"tiered_pricing_product_settings":{"layout":"default","base_unit_name":{"singular":null,"plural":null},"default_variation":null},"tiered_pricing_minimum_quantity":null,"tiered_pricing_roles_data":[],"tiered_pricing_percentage_rules":[],"_links":{"self":[{"href":"https:\/\/vapingnet.de\/fr\/wp-json\/wp\/v2\/product\/6461","targetHints":{"allow":["GET"]}}],"collection":[{"href":"https:\/\/vapingnet.de\/fr\/wp-json\/wp\/v2\/product"}],"about":[{"href":"https:\/\/vapingnet.de\/fr\/wp-json\/wp\/v2\/types\/product"}],"version-history":[{"count":1,"href":"https:\/\/vapingnet.de\/fr\/wp-json\/wp\/v2\/product\/6461\/revisions"}],"predecessor-version":[{"id":6481,"href":"https:\/\/vapingnet.de\/fr\/wp-json\/wp\/v2\/product\/6461\/revisions\/6481"}],"wp:featuredmedia":[{"embeddable":true,"href":"https:\/\/vapingnet.de\/fr\/wp-json\/wp\/v2\/media\/6463"}],"wp:attachment":[{"href":"https:\/\/vapingnet.de\/fr\/wp-json\/wp\/v2\/media?parent=6461"}],"wp:term":[{"taxonomy":"brand","embeddable":true,"href":"https:\/\/vapingnet.de\/fr\/wp-json\/wp\/v2\/etheme_brands?post=6461"},{"taxonomy":"product_brand","embeddable":true,"href":"https:\/\/vapingnet.de\/fr\/wp-json\/wp\/v2\/product_brand?post=6461"},{"taxonomy":"product_cat","embeddable":true,"href":"https:\/\/vapingnet.de\/fr\/wp-json\/wp\/v2\/product_cat?post=6461"},{"taxonomy":"product_tag","embeddable":true,"href":"https:\/\/vapingnet.de\/fr\/wp-json\/wp\/v2\/product_tag?post=6461"}],"curies":[{"name":"wp","href":"https:\/\/api.w.org\/{rel}","templated":true}]}}