{"id":6487,"date":"2025-04-21T10:02:55","date_gmt":"2025-04-21T10:02:55","guid":{"rendered":"https:\/\/vapingnet.de\/?post_type=product&#038;p=6487"},"modified":"2026-01-21T03:26:15","modified_gmt":"2026-01-21T03:26:15","slug":"jetzt-grape-ice-testen-elf-shisha-16000-zum-besten-preis-weltweit","status":"publish","type":"product","link":"https:\/\/vapingnet.de\/fr\/vape\/jetzt-grape-ice-testen-elf-shisha-16000-zum-besten-preis-weltweit\/","title":{"rendered":"Testez Grape Ice maintenant ELF SHISHA 16000 au Meilleur Prix dans le Monde"},"content":{"rendered":"<h2 data-start=\"0\" data-end=\"68\" data-immersive-translate-walked=\"4a10e9d6-1d62-4ed5-b5e8-78f2f01c9033\">ELF SHISHA 16000 \u2013 Cigarette \u00e9lectronique jetable pour les vapoteurs exigeants<\/h2>\n<p class=\"\" data-start=\"70\" data-end=\"415\" data-immersive-translate-walked=\"4a10e9d6-1d62-4ed5-b5e8-78f2f01c9033\" data-immersive-translate-paragraph=\"1\">L'ELF SHISHA 16000 est l'une des cigarettes \u00e9lectroniques jetables les plus avanc\u00e9es sur le march\u00e9, offrant une multitude de fonctionnalit\u00e9s et un design exceptionnel. Capable de fournir jusqu'\u00e0 16 000 bouff\u00e9es, ce mod\u00e8le constitue une solution parfaite pour les vapoteurs recherchant une exp\u00e9rience de vapotage longue dur\u00e9e et intense.<\/p>\n<h4 data-start=\"417\" data-end=\"484\" data-immersive-translate-walked=\"4a10e9d6-1d62-4ed5-b5e8-78f2f01c9033\" data-immersive-translate-paragraph=\"1\">Caract\u00e9ristiques puissantes pour un vapotage incomparable<\/h4>\n<p class=\"\" data-start=\"486\" data-end=\"901\" data-immersive-translate-walked=\"4a10e9d6-1d62-4ed5-b5e8-78f2f01c9033\" data-immersive-translate-paragraph=\"1\">L'ELF SHISHA 16000 combine des technologies innovantes et des fonctionnalit\u00e9s conviviales pour offrir une exp\u00e9rience de vapotage exceptionnelle. La r\u00e9sistance en mesh de 0,6 ohm assure une r\u00e9partition uniforme de la chaleur, ce qui conduit \u00e0 une vapeur savoureuse et dense. Avec un r\u00e9servoir de e-liquide de 28 ml, ce mod\u00e8le est con\u00e7u pour de longues sessions de vapotage sans avoir \u00e0 le remplir constamment.<\/p>\n<p class=\"\" data-start=\"903\" data-end=\"1220\" data-immersive-translate-walked=\"4a10e9d6-1d62-4ed5-b5e8-78f2f01c9033\" data-immersive-translate-paragraph=\"1\">La batterie de 600 mAh est suffisante pour toute la dur\u00e9e de vie des 16 000 bouff\u00e9es et se recharge rapidement et facilement gr\u00e2ce au port de charge Type-C. Malgr\u00e9 ses fonctionnalit\u00e9s puissantes, l'ELF SHISHA 16000 ne p\u00e8se que 85 g, ce qui en fait un appareil compact et portable.<\/p>\n<h4 data-start=\"1222\" data-end=\"1262\" data-immersive-translate-walked=\"4a10e9d6-1d62-4ed5-b5e8-78f2f01c9033\" data-immersive-translate-paragraph=\"1\">Polyvalence en mati\u00e8re de concentration de nicotine<\/h4>\n<p class=\"\" data-start=\"1264\" data-end=\"1552\" data-immersive-translate-walked=\"4a10e9d6-1d62-4ed5-b5e8-78f2f01c9033\" data-immersive-translate-paragraph=\"1\">Un autre point fort de l'ELF SHISHA 16000 est la possibilit\u00e9 d'ajuster la teneur en nicotine selon les pr\u00e9f\u00e9rences. Avec les options 0%, 2%, 3% et 5% de nicotine, ce mod\u00e8le offre un large choix adapt\u00e9 \u00e0 tous les vapoteurs \u2013 des d\u00e9butants aux utilisateurs exp\u00e9riment\u00e9s.<\/p>\n<h4 data-start=\"1554\" data-end=\"1584\" data-immersive-translate-walked=\"4a10e9d6-1d62-4ed5-b5e8-78f2f01c9033\" data-immersive-translate-paragraph=\"1\">Exp\u00e9riences de vapotage personnalisables<\/h4>\n<p class=\"\" data-start=\"1586\" data-end=\"2003\" data-immersive-translate-walked=\"4a10e9d6-1d62-4ed5-b5e8-78f2f01c9033\" data-immersive-translate-paragraph=\"1\">L'appareil dispose d'un \u00e9cran LED qui fournit \u00e0 l'utilisateur des informations utiles sur la batterie et l'\u00e9tat. De plus, l'ajustement du flux d'air (Airflow r\u00e9glable) est une fonction appr\u00e9ci\u00e9e pour rendre le vapotage encore plus personnel et agr\u00e9able. Vous pouvez ajuster le flux d'air et contr\u00f4ler l'exp\u00e9rience de vapotage selon vos pr\u00e9f\u00e9rences \u2013 pour une inhalation plus l\u00e9g\u00e8re ou plus intense.<\/p>\n<h4 data-start=\"2005\" data-end=\"2044\" data-immersive-translate-walked=\"4a10e9d6-1d62-4ed5-b5e8-78f2f01c9033\" data-immersive-translate-paragraph=\"1\">Go\u00fbt rafra\u00eechissant \u2013 Grape Ice<\/h4>\n<p class=\"\" data-start=\"2046\" data-end=\"2332\" data-immersive-translate-walked=\"4a10e9d6-1d62-4ed5-b5e8-78f2f01c9033\" data-immersive-translate-paragraph=\"1\">Le go\u00fbt Grape Ice combine la douceur du raisin avec une saveur rafra\u00eechissante et glac\u00e9e en fin de bouche. Cette combinaison de saveurs rafra\u00eechissante offre une exp\u00e9rience de vapotage unique et est parfaite pour ceux qui recherchent une saveur fruit\u00e9e et fra\u00eeche.<\/p>\n<h3>Livraison rapide et avantages<\/h3>\n<p class=\"\" data-start=\"2371\" data-end=\"2650\" data-immersive-translate-walked=\"4a10e9d6-1d62-4ed5-b5e8-78f2f01c9033\" data-immersive-translate-paragraph=\"1\">Avec un d\u00e9lai de livraison de 7 \u00e0 15 jours ouvrables, vous pouvez \u00eatre s\u00fbr de recevoir rapidement votre ELF SHISHA 16000, sans attendre longtemps votre commande. Gr\u00e2ce \u00e0 la livraison sans douane, l'achat devient encore plus attractif et les co\u00fbts suppl\u00e9mentaires sont \u00e9vit\u00e9s.<\/p>\n<p class=\"\" data-start=\"2652\" data-end=\"2747\" data-immersive-translate-walked=\"4a10e9d6-1d62-4ed5-b5e8-78f2f01c9033\" data-immersive-translate-paragraph=\"1\">Disponible sur vapingnet.fr, un fournisseur leader de produits de cigarettes \u00e9lectroniques de haute qualit\u00e9.<\/p>\n<p class=\"\" data-start=\"2754\" data-end=\"3073\" data-immersive-translate-walked=\"4a10e9d6-1d62-4ed5-b5e8-78f2f01c9033\" data-immersive-translate-paragraph=\"1\">L'ELF SHISHA 16000 est le choix parfait pour les vapoteurs \u00e0 la recherche d'une cigarette \u00e9lectronique jetable puissante, facile \u00e0 utiliser et savoureuse. Avec une longue dur\u00e9e de vie, des niveaux de nicotine flexibles et une exp\u00e9rience gustative unique, ce mod\u00e8le \u00e9tablit de nouvelles normes sur le march\u00e9.<\/p>","protected":false},"excerpt":{"rendered":"<p>ELF SHISHA 16000 \u2013 Einweg E-Zigarette f\u00fcr anspruchsvolle Dampfer Die ELF SHISHA 16000 ist eine der fortschrittlichsten Einweg E-Zigaretten auf dem Markt, die mit einer&#8230;<\/p>","protected":false},"featured_media":6467,"template":"","meta":[],"etheme_brands":[],"product_brand":[100],"product_cat":[91,49,61],"product_tag":[],"class_list":{"0":"post-6487","1":"product","2":"type-product","3":"status-publish","4":"has-post-thumbnail","6":"product_brand-elf-box-vape","7":"product_cat-16k-vape","8":"product_cat-einweg-e-zigarette","9":"product_cat-f","11":"first","12":"instock","13":"shipping-taxable","14":"purchasable","15":"product-type-simple"},"yoast_head":"<!-- This site is optimized with the Yoast SEO plugin v26.5 - https:\/\/yoast.com\/wordpress\/plugins\/seo\/ -->\n<title>ELF SHISHA 16000 Einweg E-Zigarette | Grape Ice Geschmack<\/title>\n<meta name=\"description\" content=\"Moderne Einweg E-Zigarette mit kraftvollem Zug und k\u00fchlem Traubengeschmack \u2013 perfekt f\u00fcr den t\u00e4glichen Genuss.\" \/>\n<meta name=\"robots\" content=\"index, follow, max-snippet:-1, max-image-preview:large, max-video-preview:-1\" \/>\n<link rel=\"canonical\" href=\"https:\/\/vapingnet.de\/fr\/vape\/jetzt-grape-ice-testen-elf-shisha-16000-zum-besten-preis-weltweit\/\" \/>\n<meta property=\"og:locale\" content=\"fr_FR\" \/>\n<meta property=\"og:type\" content=\"article\" \/>\n<meta property=\"og:title\" content=\"ELF SHISHA 16000 Einweg E-Zigarette | Grape Ice Geschmack\" \/>\n<meta property=\"og:description\" content=\"Moderne Einweg E-Zigarette mit kraftvollem Zug und k\u00fchlem Traubengeschmack \u2013 perfekt f\u00fcr den t\u00e4glichen Genuss.\" \/>\n<meta property=\"og:url\" content=\"https:\/\/vapingnet.de\/fr\/vape\/jetzt-grape-ice-testen-elf-shisha-16000-zum-besten-preis-weltweit\/\" \/>\n<meta property=\"og:site_name\" content=\"Vapingnet.de\" \/>\n<meta property=\"article:publisher\" content=\"https:\/\/www.facebook.com\/vapingnetde\/\" \/>\n<meta property=\"article:modified_time\" content=\"2026-01-21T03:26:15+00:00\" \/>\n<meta property=\"og:image\" content=\"https:\/\/vapingnet.de\/wp-content\/uploads\/2025\/04\/Grape-Ice-2.webp\" \/>\n\t<meta property=\"og:image:width\" content=\"1000\" \/>\n\t<meta property=\"og:image:height\" content=\"1000\" \/>\n\t<meta property=\"og:image:type\" content=\"image\/webp\" \/>\n<meta name=\"twitter:card\" content=\"summary_large_image\" \/>\n<meta name=\"twitter:label1\" content=\"Dur\u00e9e de lecture estim\u00e9e\" \/>\n\t<meta name=\"twitter:data1\" content=\"3 minutes\" \/>\n<script type=\"application\/ld+json\" class=\"yoast-schema-graph\">{\"@context\":\"https:\/\/schema.org\",\"@graph\":[{\"@type\":\"WebPage\",\"@id\":\"https:\/\/vapingnet.de\/vape\/jetzt-grape-ice-testen-elf-shisha-16000-zum-besten-preis-weltweit\/\",\"url\":\"https:\/\/vapingnet.de\/vape\/jetzt-grape-ice-testen-elf-shisha-16000-zum-besten-preis-weltweit\/\",\"name\":\"ELF SHISHA 16000 Einweg E-Zigarette | Grape Ice Geschmack\",\"isPartOf\":{\"@id\":\"https:\/\/vapingnet.de\/#website\"},\"primaryImageOfPage\":{\"@id\":\"https:\/\/vapingnet.de\/vape\/jetzt-grape-ice-testen-elf-shisha-16000-zum-besten-preis-weltweit\/#primaryimage\"},\"image\":{\"@id\":\"https:\/\/vapingnet.de\/vape\/jetzt-grape-ice-testen-elf-shisha-16000-zum-besten-preis-weltweit\/#primaryimage\"},\"thumbnailUrl\":\"https:\/\/vapingnet.de\/wp-content\/uploads\/2025\/04\/Grape-Ice-2.webp\",\"datePublished\":\"2025-04-21T10:02:55+00:00\",\"dateModified\":\"2026-01-21T03:26:15+00:00\",\"description\":\"Moderne Einweg E-Zigarette mit kraftvollem Zug und k\u00fchlem Traubengeschmack \u2013 perfekt f\u00fcr den t\u00e4glichen Genuss.\",\"breadcrumb\":{\"@id\":\"https:\/\/vapingnet.de\/vape\/jetzt-grape-ice-testen-elf-shisha-16000-zum-besten-preis-weltweit\/#breadcrumb\"},\"inLanguage\":\"fr-FR\",\"potentialAction\":[{\"@type\":\"ReadAction\",\"target\":[\"https:\/\/vapingnet.de\/vape\/jetzt-grape-ice-testen-elf-shisha-16000-zum-besten-preis-weltweit\/\"]}]},{\"@type\":\"ImageObject\",\"inLanguage\":\"fr-FR\",\"@id\":\"https:\/\/vapingnet.de\/vape\/jetzt-grape-ice-testen-elf-shisha-16000-zum-besten-preis-weltweit\/#primaryimage\",\"url\":\"https:\/\/vapingnet.de\/wp-content\/uploads\/2025\/04\/Grape-Ice-2.webp\",\"contentUrl\":\"https:\/\/vapingnet.de\/wp-content\/uploads\/2025\/04\/Grape-Ice-2.webp\",\"width\":1000,\"height\":1000},{\"@type\":\"BreadcrumbList\",\"@id\":\"https:\/\/vapingnet.de\/vape\/jetzt-grape-ice-testen-elf-shisha-16000-zum-besten-preis-weltweit\/#breadcrumb\",\"itemListElement\":[{\"@type\":\"ListItem\",\"position\":1,\"name\":\"Home\",\"item\":\"https:\/\/vapingnet.de\/\"},{\"@type\":\"ListItem\",\"position\":2,\"name\":\"Shop\",\"item\":\"https:\/\/vapingnet.de\/vape\/\"},{\"@type\":\"ListItem\",\"position\":3,\"name\":\"Jetzt Grape Ice Testen ELF SHISHA 16000 Zum Besten Preis Weltweit\"}]},{\"@type\":\"WebSite\",\"@id\":\"https:\/\/vapingnet.de\/#website\",\"url\":\"https:\/\/vapingnet.de\/\",\"name\":\"Vapingnet.de\",\"description\":\"\",\"publisher\":{\"@id\":\"https:\/\/vapingnet.de\/#organization\"},\"potentialAction\":[{\"@type\":\"SearchAction\",\"target\":{\"@type\":\"EntryPoint\",\"urlTemplate\":\"https:\/\/vapingnet.de\/?s={search_term_string}\"},\"query-input\":{\"@type\":\"PropertyValueSpecification\",\"valueRequired\":true,\"valueName\":\"search_term_string\"}}],\"inLanguage\":\"fr-FR\"},{\"@type\":\"Organization\",\"@id\":\"https:\/\/vapingnet.de\/#organization\",\"name\":\"Vapingnet.de\",\"url\":\"https:\/\/vapingnet.de\/\",\"logo\":{\"@type\":\"ImageObject\",\"inLanguage\":\"fr-FR\",\"@id\":\"https:\/\/vapingnet.de\/#\/schema\/logo\/image\/\",\"url\":\"https:\/\/vapingnet.de\/wp-content\/uploads\/2025\/03\/cropped-vapingnet.de_.jpg\",\"contentUrl\":\"https:\/\/vapingnet.de\/wp-content\/uploads\/2025\/03\/cropped-vapingnet.de_.jpg\",\"width\":512,\"height\":512,\"caption\":\"Vapingnet.de\"},\"image\":{\"@id\":\"https:\/\/vapingnet.de\/#\/schema\/logo\/image\/\"},\"sameAs\":[\"https:\/\/www.facebook.com\/vapingnetde\/\"]}]}<\/script>\n<!-- \/ Yoast SEO plugin. -->","yoast_head_json":{"title":"ELF SHISHA 16000 Einweg E-Zigarette | Grape Ice Geschmack","description":"Moderne Einweg E-Zigarette mit kraftvollem Zug und k\u00fchlem Traubengeschmack \u2013 perfekt f\u00fcr den t\u00e4glichen Genuss.","robots":{"index":"index","follow":"follow","max-snippet":"max-snippet:-1","max-image-preview":"max-image-preview:large","max-video-preview":"max-video-preview:-1"},"canonical":"https:\/\/vapingnet.de\/fr\/vape\/jetzt-grape-ice-testen-elf-shisha-16000-zum-besten-preis-weltweit\/","og_locale":"fr_FR","og_type":"article","og_title":"ELF SHISHA 16000 Einweg E-Zigarette | Grape Ice Geschmack","og_description":"Moderne Einweg E-Zigarette mit kraftvollem Zug und k\u00fchlem Traubengeschmack \u2013 perfekt f\u00fcr den t\u00e4glichen Genuss.","og_url":"https:\/\/vapingnet.de\/fr\/vape\/jetzt-grape-ice-testen-elf-shisha-16000-zum-besten-preis-weltweit\/","og_site_name":"Vapingnet.de","article_publisher":"https:\/\/www.facebook.com\/vapingnetde\/","article_modified_time":"2026-01-21T03:26:15+00:00","og_image":[{"width":1000,"height":1000,"url":"https:\/\/vapingnet.de\/wp-content\/uploads\/2025\/04\/Grape-Ice-2.webp","type":"image\/webp"}],"twitter_card":"summary_large_image","twitter_misc":{"Dur\u00e9e de lecture estim\u00e9e":"3 minutes"},"schema":{"@context":"https:\/\/schema.org","@graph":[{"@type":"WebPage","@id":"https:\/\/vapingnet.de\/vape\/jetzt-grape-ice-testen-elf-shisha-16000-zum-besten-preis-weltweit\/","url":"https:\/\/vapingnet.de\/vape\/jetzt-grape-ice-testen-elf-shisha-16000-zum-besten-preis-weltweit\/","name":"ELF SHISHA 16000 Einweg E-Zigarette | Grape Ice Geschmack","isPartOf":{"@id":"https:\/\/vapingnet.de\/#website"},"primaryImageOfPage":{"@id":"https:\/\/vapingnet.de\/vape\/jetzt-grape-ice-testen-elf-shisha-16000-zum-besten-preis-weltweit\/#primaryimage"},"image":{"@id":"https:\/\/vapingnet.de\/vape\/jetzt-grape-ice-testen-elf-shisha-16000-zum-besten-preis-weltweit\/#primaryimage"},"thumbnailUrl":"https:\/\/vapingnet.de\/wp-content\/uploads\/2025\/04\/Grape-Ice-2.webp","datePublished":"2025-04-21T10:02:55+00:00","dateModified":"2026-01-21T03:26:15+00:00","description":"Moderne Einweg E-Zigarette mit kraftvollem Zug und k\u00fchlem Traubengeschmack \u2013 perfekt f\u00fcr den t\u00e4glichen Genuss.","breadcrumb":{"@id":"https:\/\/vapingnet.de\/vape\/jetzt-grape-ice-testen-elf-shisha-16000-zum-besten-preis-weltweit\/#breadcrumb"},"inLanguage":"fr-FR","potentialAction":[{"@type":"ReadAction","target":["https:\/\/vapingnet.de\/vape\/jetzt-grape-ice-testen-elf-shisha-16000-zum-besten-preis-weltweit\/"]}]},{"@type":"ImageObject","inLanguage":"fr-FR","@id":"https:\/\/vapingnet.de\/vape\/jetzt-grape-ice-testen-elf-shisha-16000-zum-besten-preis-weltweit\/#primaryimage","url":"https:\/\/vapingnet.de\/wp-content\/uploads\/2025\/04\/Grape-Ice-2.webp","contentUrl":"https:\/\/vapingnet.de\/wp-content\/uploads\/2025\/04\/Grape-Ice-2.webp","width":1000,"height":1000},{"@type":"BreadcrumbList","@id":"https:\/\/vapingnet.de\/vape\/jetzt-grape-ice-testen-elf-shisha-16000-zum-besten-preis-weltweit\/#breadcrumb","itemListElement":[{"@type":"ListItem","position":1,"name":"Home","item":"https:\/\/vapingnet.de\/"},{"@type":"ListItem","position":2,"name":"Shop","item":"https:\/\/vapingnet.de\/vape\/"},{"@type":"ListItem","position":3,"name":"Jetzt Grape Ice Testen ELF SHISHA 16000 Zum Besten Preis Weltweit"}]},{"@type":"WebSite","@id":"https:\/\/vapingnet.de\/#website","url":"https:\/\/vapingnet.de\/","name":"Vapingnet.de","description":"","publisher":{"@id":"https:\/\/vapingnet.de\/#organization"},"potentialAction":[{"@type":"SearchAction","target":{"@type":"EntryPoint","urlTemplate":"https:\/\/vapingnet.de\/?s={search_term_string}"},"query-input":{"@type":"PropertyValueSpecification","valueRequired":true,"valueName":"search_term_string"}}],"inLanguage":"fr-FR"},{"@type":"Organization","@id":"https:\/\/vapingnet.de\/#organization","name":"Vapingnet.de","url":"https:\/\/vapingnet.de\/","logo":{"@type":"ImageObject","inLanguage":"fr-FR","@id":"https:\/\/vapingnet.de\/#\/schema\/logo\/image\/","url":"https:\/\/vapingnet.de\/wp-content\/uploads\/2025\/03\/cropped-vapingnet.de_.jpg","contentUrl":"https:\/\/vapingnet.de\/wp-content\/uploads\/2025\/03\/cropped-vapingnet.de_.jpg","width":512,"height":512,"caption":"Vapingnet.de"},"image":{"@id":"https:\/\/vapingnet.de\/#\/schema\/logo\/image\/"},"sameAs":["https:\/\/www.facebook.com\/vapingnetde\/"]}]}},"tiered_pricing_type":"fixed","tiered_pricing_fixed_rules":{"10":"9.41","60":"8.47","110":"7.53","200":"6.59"},"tiered_pricing_product_settings":{"layout":"default","base_unit_name":{"singular":null,"plural":null},"default_variation":null},"tiered_pricing_minimum_quantity":null,"tiered_pricing_roles_data":[],"tiered_pricing_percentage_rules":[],"_links":{"self":[{"href":"https:\/\/vapingnet.de\/fr\/wp-json\/wp\/v2\/product\/6487","targetHints":{"allow":["GET"]}}],"collection":[{"href":"https:\/\/vapingnet.de\/fr\/wp-json\/wp\/v2\/product"}],"about":[{"href":"https:\/\/vapingnet.de\/fr\/wp-json\/wp\/v2\/types\/product"}],"version-history":[{"count":1,"href":"https:\/\/vapingnet.de\/fr\/wp-json\/wp\/v2\/product\/6487\/revisions"}],"predecessor-version":[{"id":6488,"href":"https:\/\/vapingnet.de\/fr\/wp-json\/wp\/v2\/product\/6487\/revisions\/6488"}],"wp:featuredmedia":[{"embeddable":true,"href":"https:\/\/vapingnet.de\/fr\/wp-json\/wp\/v2\/media\/6467"}],"wp:attachment":[{"href":"https:\/\/vapingnet.de\/fr\/wp-json\/wp\/v2\/media?parent=6487"}],"wp:term":[{"taxonomy":"brand","embeddable":true,"href":"https:\/\/vapingnet.de\/fr\/wp-json\/wp\/v2\/etheme_brands?post=6487"},{"taxonomy":"product_brand","embeddable":true,"href":"https:\/\/vapingnet.de\/fr\/wp-json\/wp\/v2\/product_brand?post=6487"},{"taxonomy":"product_cat","embeddable":true,"href":"https:\/\/vapingnet.de\/fr\/wp-json\/wp\/v2\/product_cat?post=6487"},{"taxonomy":"product_tag","embeddable":true,"href":"https:\/\/vapingnet.de\/fr\/wp-json\/wp\/v2\/product_tag?post=6487"}],"curies":[{"name":"wp","href":"https:\/\/api.w.org\/{rel}","templated":true}]}}