{"id":6492,"date":"2025-04-22T01:22:11","date_gmt":"2025-04-22T01:22:11","guid":{"rendered":"https:\/\/vapingnet.de\/?post_type=product&#038;p=6492"},"modified":"2025-06-19T03:42:48","modified_gmt":"2025-06-19T03:42:48","slug":"hochwertige-elf-shisha-16000-mit-strawberry-watermelon-geschmack","status":"publish","type":"product","link":"https:\/\/vapingnet.de\/fr\/vape\/hochwertige-elf-shisha-16000-mit-strawberry-watermelon-geschmack\/","title":{"rendered":"ELF SHISHA 16000 de haute qualit\u00e9 avec saveur Fraise Melon d'Eau"},"content":{"rendered":"<h2 class=\"\" data-start=\"102\" data-end=\"145\" data-immersive-translate-paragraph=\"1\" data-immersive-translate-walked=\"412c073b-3686-449b-987c-ebea5e3268f3\">ELF SHISHA 16000 \u2013 Fraise Past\u00e8que<\/h2>\n<p class=\"\" data-start=\"147\" data-end=\"394\" data-immersive-translate-paragraph=\"1\" data-immersive-translate-walked=\"412c073b-3686-449b-987c-ebea5e3268f3\">Le plaisir ultime de vapeur pour tous ceux qui recherchent une exp\u00e9rience gustative intense. Avec l'ELF SHISHA 16000, profitez d'une saveur fruit\u00e9e unique avec 16000 bouff\u00e9es et la fra\u00eecheur de la fraise et de la past\u00e8que.<\/p>\n<h3 class=\"\" data-start=\"401\" data-end=\"432\" data-immersive-translate-paragraph=\"1\" data-immersive-translate-walked=\"412c073b-3686-449b-987c-ebea5e3268f3\">Pourquoi choisir l'ELF SHISHA 16000 ?<\/h3>\n<p data-start=\"434\" data-end=\"480\" data-immersive-translate-paragraph=\"1\" data-immersive-translate-walked=\"412c073b-3686-449b-987c-ebea5e3268f3\">1. Bouff\u00e9es maximales pour un plaisir prolong\u00e9<\/p>\n<p class=\"\" data-start=\"482\" data-end=\"672\" data-immersive-translate-paragraph=\"1\" data-immersive-translate-walked=\"412c073b-3686-449b-987c-ebea5e3268f3\">Profitez jusqu'\u00e0 16000 bouff\u00e9es par appareil. Aucun rechargement constant ni remplacement n\u00e9cessaire. Le choix id\u00e9al pour les vapoteurs r\u00e9guliers et tous ceux qui privil\u00e9gient un plaisir de vapeur \u00e0 long terme.<\/p>\n<p data-start=\"674\" data-end=\"727\" data-immersive-translate-paragraph=\"1\" data-immersive-translate-walked=\"412c073b-3686-449b-987c-ebea5e3268f3\">2. Saveur fra\u00eeche : Fraise Past\u00e8que<\/p>\n<p class=\"\" data-start=\"729\" data-end=\"939\" data-immersive-translate-paragraph=\"1\" data-immersive-translate-walked=\"412c073b-3686-449b-987c-ebea5e3268f3\">Le go\u00fbt de fraise fra\u00eeche associ\u00e9 \u00e0 la fra\u00eecheur de la past\u00e8que offre une combinaison rafra\u00eechissante et sucr\u00e9e qui stimule vos sens. Parfait pour tous ceux qui aiment les ar\u00f4mes fruit\u00e9s.<\/p>\n<p data-start=\"941\" data-end=\"985\" data-immersive-translate-paragraph=\"1\" data-immersive-translate-walked=\"412c073b-3686-449b-987c-ebea5e3268f3\">3. Technologie innovante de coil en mesh<\/p>\n<p class=\"\" data-start=\"987\" data-end=\"1198\" data-immersive-translate-paragraph=\"1\" data-immersive-translate-walked=\"412c073b-3686-449b-987c-ebea5e3268f3\">Gr\u00e2ce au coil en mesh de 0,6 ohm, vous obtenez une vapeur uniforme et dense qui extrait toute la saveur de chaque bouff\u00e9e. La technologie mesh am\u00e9liore la restitution des ar\u00f4mes et garantit un plaisir constant.<\/p>\n<p data-start=\"1200\" data-end=\"1235\" data-immersive-translate-paragraph=\"1\" data-immersive-translate-walked=\"412c073b-3686-449b-987c-ebea5e3268f3\">4. Flux d'air r\u00e9glable<\/p>\n<p class=\"\" data-start=\"1237\" data-end=\"1426\" data-immersive-translate-paragraph=\"1\" data-immersive-translate-walked=\"412c073b-3686-449b-987c-ebea5e3268f3\">Avec le contr\u00f4le de flux d'air, vous pouvez ajuster le flux d'air selon vos pr\u00e9f\u00e9rences. Choisissez entre une inhalation plus l\u00e2che ou plus restrictive \u2013 pour une exp\u00e9rience de vapotage parfaitement adapt\u00e9e \u00e0 vos go\u00fbts.<\/p>\n<h4 data-start=\"1433\" data-end=\"1455\" data-immersive-translate-paragraph=\"1\" data-immersive-translate-walked=\"412c073b-3686-449b-987c-ebea5e3268f3\">D\u00e9tails techniques<\/h4>\n<ul data-start=\"1457\" data-end=\"1788\" data-immersive-translate-walked=\"412c073b-3686-449b-987c-ebea5e3268f3\">\n<li class=\"\" data-start=\"1457\" data-end=\"1485\" data-immersive-translate-walked=\"412c073b-3686-449b-987c-ebea5e3268f3\">\n<p class=\"\" data-start=\"1459\" data-end=\"1485\" data-immersive-translate-walked=\"412c073b-3686-449b-987c-ebea5e3268f3\" data-immersive-translate-paragraph=\"1\">Bouff\u00e9es : Jusqu'\u00e0 16000<\/p>\n<\/li>\n<li class=\"\" data-start=\"1486\" data-end=\"1520\" data-immersive-translate-walked=\"412c073b-3686-449b-987c-ebea5e3268f3\">\n<p class=\"\" data-start=\"1488\" data-end=\"1520\" data-immersive-translate-walked=\"412c073b-3686-449b-987c-ebea5e3268f3\" data-immersive-translate-paragraph=\"1\">Coil : Coil en mesh, 0,6 ohm<\/p>\n<\/li>\n<li class=\"\" data-start=\"1521\" data-end=\"1546\" data-immersive-translate-walked=\"412c073b-3686-449b-987c-ebea5e3268f3\">\n<p class=\"\" data-start=\"1523\" data-end=\"1546\" data-immersive-translate-walked=\"412c073b-3686-449b-987c-ebea5e3268f3\" data-immersive-translate-paragraph=\"1\">E-liquide : 28 ml<\/p>\n<\/li>\n<li class=\"\" data-start=\"1547\" data-end=\"1584\" data-immersive-translate-walked=\"412c073b-3686-449b-987c-ebea5e3268f3\">\n<p class=\"\" data-start=\"1549\" data-end=\"1584\" data-immersive-translate-walked=\"412c073b-3686-449b-987c-ebea5e3268f3\" data-immersive-translate-paragraph=\"1\">Options de nicotine : 0%, 2%, 3%, 5%<\/p>\n<\/li>\n<li class=\"\" data-start=\"1585\" data-end=\"1645\" data-immersive-translate-walked=\"412c073b-3686-449b-987c-ebea5e3268f3\">\n<p class=\"\" data-start=\"1587\" data-end=\"1645\" data-immersive-translate-walked=\"412c073b-3686-449b-987c-ebea5e3268f3\" data-immersive-translate-paragraph=\"1\">Batterie : 600 mAh (rechargeable via Type-C)<\/p>\n<\/li>\n<li class=\"\" data-start=\"1646\" data-end=\"1698\" data-immersive-translate-walked=\"412c073b-3686-449b-987c-ebea5e3268f3\">\n<p class=\"\" data-start=\"1648\" data-end=\"1698\" data-immersive-translate-walked=\"412c073b-3686-449b-987c-ebea5e3268f3\" data-immersive-translate-paragraph=\"1\">Affichage : \u00c9cran LED pour le niveau de batterie<\/p>\n<\/li>\n<li class=\"\" data-start=\"1699\" data-end=\"1727\" data-immersive-translate-walked=\"412c073b-3686-449b-987c-ebea5e3268f3\">\n<p class=\"\" data-start=\"1701\" data-end=\"1727\" data-immersive-translate-walked=\"412c073b-3686-449b-987c-ebea5e3268f3\" data-immersive-translate-paragraph=\"1\">Flux d'air : R\u00e9glable<\/p>\n<\/li>\n<li class=\"\" data-start=\"1728\" data-end=\"1751\" data-immersive-translate-walked=\"412c073b-3686-449b-987c-ebea5e3268f3\">\n<p class=\"\" data-start=\"1730\" data-end=\"1751\" data-immersive-translate-walked=\"412c073b-3686-449b-987c-ebea5e3268f3\" data-immersive-translate-paragraph=\"1\">Poids : 85 g<\/p>\n<\/li>\n<li class=\"\" data-start=\"1752\" data-end=\"1788\" data-immersive-translate-walked=\"412c073b-3686-449b-987c-ebea5e3268f3\">\n<p class=\"\" data-start=\"1754\" data-end=\"1788\" data-immersive-translate-walked=\"412c073b-3686-449b-987c-ebea5e3268f3\" data-immersive-translate-paragraph=\"1\">Type de produit : Cigarette \u00e9lectronique jetable<\/p>\n<\/li>\n<\/ul>\n<h4 data-start=\"1795\" data-end=\"1840\" data-immersive-translate-paragraph=\"1\" data-immersive-translate-walked=\"412c073b-3686-449b-987c-ebea5e3268f3\">Pratique &amp; Compacte \u2013 Id\u00e9al pour la mobilit\u00e9<\/h4>\n<p class=\"\" data-start=\"1842\" data-end=\"2085\" data-immersive-translate-paragraph=\"1\" data-immersive-translate-walked=\"412c073b-3686-449b-987c-ebea5e3268f3\">Avec seulement 85 g, l'ELF SHISHA 16000 est tr\u00e8s l\u00e9g\u00e8re et maniable. Elle tient dans toutes les poches et est le compagnon parfait pour vos d\u00e9placements, que ce soit en voyage ou lors de rencontres entre amis. Sa conception compacte la rend toujours \u00e0 port\u00e9e de main.<\/p>\n<h4 data-start=\"2092\" data-end=\"2120\" data-immersive-translate-paragraph=\"1\" data-immersive-translate-walked=\"412c073b-3686-449b-987c-ebea5e3268f3\">Avantages en un coup d'\u0153il<\/h4>\n<ul data-start=\"2122\" data-end=\"2494\" data-immersive-translate-walked=\"412c073b-3686-449b-987c-ebea5e3268f3\">\n<li class=\"\" data-start=\"2122\" data-end=\"2170\" data-immersive-translate-walked=\"412c073b-3686-449b-987c-ebea5e3268f3\">\n<p class=\"\" data-start=\"2124\" data-end=\"2170\" data-immersive-translate-walked=\"412c073b-3686-449b-987c-ebea5e3268f3\" data-immersive-translate-paragraph=\"1\">16000 bouff\u00e9es pour un plaisir de vapeur durable<\/p>\n<\/li>\n<li class=\"\" data-start=\"2171\" data-end=\"2227\" data-immersive-translate-walked=\"412c073b-3686-449b-987c-ebea5e3268f3\">\n<p class=\"\" data-start=\"2173\" data-end=\"2227\" data-immersive-translate-walked=\"412c073b-3686-449b-987c-ebea5e3268f3\" data-immersive-translate-paragraph=\"1\">Go\u00fbt fruit\u00e9 de fraise et de past\u00e8que<\/p>\n<\/li>\n<li class=\"\" data-start=\"2228\" data-end=\"2291\" data-immersive-translate-walked=\"412c073b-3686-449b-987c-ebea5e3268f3\">\n<p class=\"\" data-start=\"2230\" data-end=\"2291\" data-immersive-translate-walked=\"412c073b-3686-449b-987c-ebea5e3268f3\" data-immersive-translate-paragraph=\"1\">Technologie Mesh Coil pour une vapeur intense et homog\u00e8ne<\/p>\n<\/li>\n<li class=\"\" data-start=\"2292\" data-end=\"2357\" data-immersive-translate-walked=\"412c073b-3686-449b-987c-ebea5e3268f3\">\n<p class=\"\" data-start=\"2294\" data-end=\"2357\" data-immersive-translate-walked=\"412c073b-3686-449b-987c-ebea5e3268f3\" data-immersive-translate-paragraph=\"1\">Flux d'air r\u00e9glable pour une exp\u00e9rience de vapotage personnalis\u00e9e<\/p>\n<\/li>\n<li class=\"\" data-start=\"2358\" data-end=\"2402\" data-immersive-translate-walked=\"412c073b-3686-449b-987c-ebea5e3268f3\">\n<p class=\"\" data-start=\"2360\" data-end=\"2402\" data-immersive-translate-walked=\"412c073b-3686-449b-987c-ebea5e3268f3\" data-immersive-translate-paragraph=\"1\">\u00c9cran LED pour afficher le niveau de batterie<\/p>\n<\/li>\n<li class=\"\" data-start=\"2403\" data-end=\"2440\" data-immersive-translate-walked=\"412c073b-3686-449b-987c-ebea5e3268f3\">\n<p class=\"\" data-start=\"2405\" data-end=\"2440\" data-immersive-translate-walked=\"412c073b-3686-449b-987c-ebea5e3268f3\" data-immersive-translate-paragraph=\"1\">Rechargeable via Type-C<\/p>\n<\/li>\n<li class=\"\" data-start=\"2441\" data-end=\"2494\" data-immersive-translate-walked=\"412c073b-3686-449b-987c-ebea5e3268f3\">\n<p class=\"\" data-start=\"2443\" data-end=\"2494\" data-immersive-translate-walked=\"412c073b-3686-449b-987c-ebea5e3268f3\" data-immersive-translate-paragraph=\"1\">Livr\u00e9 sans douane \u2013 pas de frais cach\u00e9s<\/p>\n<\/li>\n<\/ul>\n<h4 data-start=\"2501\" data-end=\"2526\" data-immersive-translate-paragraph=\"1\" data-immersive-translate-walked=\"412c073b-3686-449b-987c-ebea5e3268f3\">Livraison et exp\u00e9dition<\/h4>\n<p class=\"\" data-start=\"2528\" data-end=\"2694\" data-immersive-translate-paragraph=\"1\" data-immersive-translate-walked=\"412c073b-3686-449b-987c-ebea5e3268f3\">Commandez votre ELF SHISHA 16000 et profitez d'une livraison rapide en 7\u201315 jours ouvrables. Pas de frais de douane \u2013 vous ne payez que le prix affich\u00e9.<\/p>\n<p class=\"\" data-start=\"2701\" data-end=\"2855\" data-immersive-translate-paragraph=\"1\" data-immersive-translate-walked=\"412c073b-3686-449b-987c-ebea5e3268f3\">Disponible d\u00e8s maintenant sur vapingnet.fr \u2013 Obtenez votre ELF SHISHA 16000 et vivez une exp\u00e9rience de vapeur fruit\u00e9e au plus haut niveau!<\/p>","protected":false},"excerpt":{"rendered":"<p>ELF SHISHA 16000 \u2013 Fraise Past\u00e8que. Le plaisir ultime de la vapeur pour tous ceux qui recherchent une exp\u00e9rience gustative intense. Avec la ELF SHISHA 16000, vous obtenez un...<\/p>","protected":false},"featured_media":6474,"template":"","meta":[],"etheme_brands":[],"product_brand":[100],"product_cat":[91,49,61],"product_tag":[],"class_list":{"0":"post-6492","1":"product","2":"type-product","3":"status-publish","4":"has-post-thumbnail","6":"product_brand-elf-box-vape","7":"product_cat-16k-vape","8":"product_cat-einweg-e-zigarette","9":"product_cat-f","11":"first","12":"instock","13":"shipping-taxable","14":"purchasable","15":"product-type-simple"},"yoast_head":"<!-- This site is optimized with the Yoast SEO plugin v26.5 - https:\/\/yoast.com\/wordpress\/plugins\/seo\/ -->\n<title>Hochwertige ELF SHISHA 16000 Mit Strawberry Watermelon Geschmack | Vapingnet.de<\/title>\n<meta name=\"description\" content=\"Entdecke Hochwertige ELF SHISHA 16000 Mit Strawberry Watermelon Geschmack bei vapingnet.de, \u25ba Gro\u00dfe Auswahl an Geschmacksrichtungen &amp; super g\u00fcnstig!\" \/>\n<meta name=\"robots\" content=\"index, follow, max-snippet:-1, max-image-preview:large, max-video-preview:-1\" \/>\n<link rel=\"canonical\" href=\"https:\/\/vapingnet.de\/fr\/vape\/hochwertige-elf-shisha-16000-mit-strawberry-watermelon-geschmack\/\" \/>\n<meta property=\"og:locale\" content=\"fr_FR\" \/>\n<meta property=\"og:type\" content=\"article\" \/>\n<meta property=\"og:title\" content=\"Hochwertige ELF SHISHA 16000 Mit Strawberry Watermelon Geschmack | Vapingnet.de\" \/>\n<meta property=\"og:description\" content=\"Entdecke Hochwertige ELF SHISHA 16000 Mit Strawberry Watermelon Geschmack bei vapingnet.de, \u25ba Gro\u00dfe Auswahl an Geschmacksrichtungen &amp; super g\u00fcnstig!\" \/>\n<meta property=\"og:url\" content=\"https:\/\/vapingnet.de\/fr\/vape\/hochwertige-elf-shisha-16000-mit-strawberry-watermelon-geschmack\/\" \/>\n<meta property=\"og:site_name\" content=\"Vapingnet.de\" \/>\n<meta property=\"article:publisher\" content=\"https:\/\/www.facebook.com\/vapingnetde\/\" \/>\n<meta property=\"article:modified_time\" content=\"2025-06-19T03:42:48+00:00\" \/>\n<meta property=\"og:image\" content=\"https:\/\/vapingnet.de\/wp-content\/uploads\/2025\/04\/Strawberry-Watermelon-3.webp\" \/>\n\t<meta property=\"og:image:width\" content=\"1000\" \/>\n\t<meta property=\"og:image:height\" content=\"1000\" \/>\n\t<meta property=\"og:image:type\" content=\"image\/webp\" \/>\n<meta name=\"twitter:card\" content=\"summary_large_image\" \/>\n<meta name=\"twitter:label1\" content=\"Dur\u00e9e de lecture estim\u00e9e\" \/>\n\t<meta name=\"twitter:data1\" content=\"3 minutes\" \/>\n<script type=\"application\/ld+json\" class=\"yoast-schema-graph\">{\"@context\":\"https:\/\/schema.org\",\"@graph\":[{\"@type\":\"WebPage\",\"@id\":\"https:\/\/vapingnet.de\/vape\/hochwertige-elf-shisha-16000-mit-strawberry-watermelon-geschmack\/\",\"url\":\"https:\/\/vapingnet.de\/vape\/hochwertige-elf-shisha-16000-mit-strawberry-watermelon-geschmack\/\",\"name\":\"Hochwertige ELF SHISHA 16000 Mit Strawberry Watermelon Geschmack | Vapingnet.de\",\"isPartOf\":{\"@id\":\"https:\/\/vapingnet.de\/#website\"},\"primaryImageOfPage\":{\"@id\":\"https:\/\/vapingnet.de\/vape\/hochwertige-elf-shisha-16000-mit-strawberry-watermelon-geschmack\/#primaryimage\"},\"image\":{\"@id\":\"https:\/\/vapingnet.de\/vape\/hochwertige-elf-shisha-16000-mit-strawberry-watermelon-geschmack\/#primaryimage\"},\"thumbnailUrl\":\"https:\/\/vapingnet.de\/wp-content\/uploads\/2025\/04\/Strawberry-Watermelon-3.webp\",\"datePublished\":\"2025-04-22T01:22:11+00:00\",\"dateModified\":\"2025-06-19T03:42:48+00:00\",\"description\":\"Entdecke Hochwertige ELF SHISHA 16000 Mit Strawberry Watermelon Geschmack bei vapingnet.de, \u25ba Gro\u00dfe Auswahl an Geschmacksrichtungen & super g\u00fcnstig!\",\"breadcrumb\":{\"@id\":\"https:\/\/vapingnet.de\/vape\/hochwertige-elf-shisha-16000-mit-strawberry-watermelon-geschmack\/#breadcrumb\"},\"inLanguage\":\"fr-FR\",\"potentialAction\":[{\"@type\":\"ReadAction\",\"target\":[\"https:\/\/vapingnet.de\/vape\/hochwertige-elf-shisha-16000-mit-strawberry-watermelon-geschmack\/\"]}]},{\"@type\":\"ImageObject\",\"inLanguage\":\"fr-FR\",\"@id\":\"https:\/\/vapingnet.de\/vape\/hochwertige-elf-shisha-16000-mit-strawberry-watermelon-geschmack\/#primaryimage\",\"url\":\"https:\/\/vapingnet.de\/wp-content\/uploads\/2025\/04\/Strawberry-Watermelon-3.webp\",\"contentUrl\":\"https:\/\/vapingnet.de\/wp-content\/uploads\/2025\/04\/Strawberry-Watermelon-3.webp\",\"width\":1000,\"height\":1000},{\"@type\":\"BreadcrumbList\",\"@id\":\"https:\/\/vapingnet.de\/vape\/hochwertige-elf-shisha-16000-mit-strawberry-watermelon-geschmack\/#breadcrumb\",\"itemListElement\":[{\"@type\":\"ListItem\",\"position\":1,\"name\":\"Home\",\"item\":\"https:\/\/vapingnet.de\/\"},{\"@type\":\"ListItem\",\"position\":2,\"name\":\"Shop\",\"item\":\"https:\/\/vapingnet.de\/vape\/\"},{\"@type\":\"ListItem\",\"position\":3,\"name\":\"Hochwertige ELF SHISHA 16000 Mit Strawberry Watermelon Geschmack\"}]},{\"@type\":\"WebSite\",\"@id\":\"https:\/\/vapingnet.de\/#website\",\"url\":\"https:\/\/vapingnet.de\/\",\"name\":\"Vapingnet.de\",\"description\":\"\",\"publisher\":{\"@id\":\"https:\/\/vapingnet.de\/#organization\"},\"potentialAction\":[{\"@type\":\"SearchAction\",\"target\":{\"@type\":\"EntryPoint\",\"urlTemplate\":\"https:\/\/vapingnet.de\/?s={search_term_string}\"},\"query-input\":{\"@type\":\"PropertyValueSpecification\",\"valueRequired\":true,\"valueName\":\"search_term_string\"}}],\"inLanguage\":\"fr-FR\"},{\"@type\":\"Organization\",\"@id\":\"https:\/\/vapingnet.de\/#organization\",\"name\":\"Vapingnet.de\",\"url\":\"https:\/\/vapingnet.de\/\",\"logo\":{\"@type\":\"ImageObject\",\"inLanguage\":\"fr-FR\",\"@id\":\"https:\/\/vapingnet.de\/#\/schema\/logo\/image\/\",\"url\":\"https:\/\/vapingnet.de\/wp-content\/uploads\/2025\/03\/cropped-vapingnet.de_.jpg\",\"contentUrl\":\"https:\/\/vapingnet.de\/wp-content\/uploads\/2025\/03\/cropped-vapingnet.de_.jpg\",\"width\":512,\"height\":512,\"caption\":\"Vapingnet.de\"},\"image\":{\"@id\":\"https:\/\/vapingnet.de\/#\/schema\/logo\/image\/\"},\"sameAs\":[\"https:\/\/www.facebook.com\/vapingnetde\/\"]}]}<\/script>\n<!-- \/ Yoast SEO plugin. -->","yoast_head_json":{"title":"Hochwertige ELF SHISHA 16000 Mit Strawberry Watermelon Geschmack | Vapingnet.de","description":"Entdecke Hochwertige ELF SHISHA 16000 Mit Strawberry Watermelon Geschmack bei vapingnet.de, \u25ba Gro\u00dfe Auswahl an Geschmacksrichtungen & super g\u00fcnstig!","robots":{"index":"index","follow":"follow","max-snippet":"max-snippet:-1","max-image-preview":"max-image-preview:large","max-video-preview":"max-video-preview:-1"},"canonical":"https:\/\/vapingnet.de\/fr\/vape\/hochwertige-elf-shisha-16000-mit-strawberry-watermelon-geschmack\/","og_locale":"fr_FR","og_type":"article","og_title":"Hochwertige ELF SHISHA 16000 Mit Strawberry Watermelon Geschmack | Vapingnet.de","og_description":"Entdecke Hochwertige ELF SHISHA 16000 Mit Strawberry Watermelon Geschmack bei vapingnet.de, \u25ba Gro\u00dfe Auswahl an Geschmacksrichtungen & super g\u00fcnstig!","og_url":"https:\/\/vapingnet.de\/fr\/vape\/hochwertige-elf-shisha-16000-mit-strawberry-watermelon-geschmack\/","og_site_name":"Vapingnet.de","article_publisher":"https:\/\/www.facebook.com\/vapingnetde\/","article_modified_time":"2025-06-19T03:42:48+00:00","og_image":[{"width":1000,"height":1000,"url":"https:\/\/vapingnet.de\/wp-content\/uploads\/2025\/04\/Strawberry-Watermelon-3.webp","type":"image\/webp"}],"twitter_card":"summary_large_image","twitter_misc":{"Dur\u00e9e de lecture estim\u00e9e":"3 minutes"},"schema":{"@context":"https:\/\/schema.org","@graph":[{"@type":"WebPage","@id":"https:\/\/vapingnet.de\/vape\/hochwertige-elf-shisha-16000-mit-strawberry-watermelon-geschmack\/","url":"https:\/\/vapingnet.de\/vape\/hochwertige-elf-shisha-16000-mit-strawberry-watermelon-geschmack\/","name":"Hochwertige ELF SHISHA 16000 Mit Strawberry Watermelon Geschmack | Vapingnet.de","isPartOf":{"@id":"https:\/\/vapingnet.de\/#website"},"primaryImageOfPage":{"@id":"https:\/\/vapingnet.de\/vape\/hochwertige-elf-shisha-16000-mit-strawberry-watermelon-geschmack\/#primaryimage"},"image":{"@id":"https:\/\/vapingnet.de\/vape\/hochwertige-elf-shisha-16000-mit-strawberry-watermelon-geschmack\/#primaryimage"},"thumbnailUrl":"https:\/\/vapingnet.de\/wp-content\/uploads\/2025\/04\/Strawberry-Watermelon-3.webp","datePublished":"2025-04-22T01:22:11+00:00","dateModified":"2025-06-19T03:42:48+00:00","description":"Entdecke Hochwertige ELF SHISHA 16000 Mit Strawberry Watermelon Geschmack bei vapingnet.de, \u25ba Gro\u00dfe Auswahl an Geschmacksrichtungen & super g\u00fcnstig!","breadcrumb":{"@id":"https:\/\/vapingnet.de\/vape\/hochwertige-elf-shisha-16000-mit-strawberry-watermelon-geschmack\/#breadcrumb"},"inLanguage":"fr-FR","potentialAction":[{"@type":"ReadAction","target":["https:\/\/vapingnet.de\/vape\/hochwertige-elf-shisha-16000-mit-strawberry-watermelon-geschmack\/"]}]},{"@type":"ImageObject","inLanguage":"fr-FR","@id":"https:\/\/vapingnet.de\/vape\/hochwertige-elf-shisha-16000-mit-strawberry-watermelon-geschmack\/#primaryimage","url":"https:\/\/vapingnet.de\/wp-content\/uploads\/2025\/04\/Strawberry-Watermelon-3.webp","contentUrl":"https:\/\/vapingnet.de\/wp-content\/uploads\/2025\/04\/Strawberry-Watermelon-3.webp","width":1000,"height":1000},{"@type":"BreadcrumbList","@id":"https:\/\/vapingnet.de\/vape\/hochwertige-elf-shisha-16000-mit-strawberry-watermelon-geschmack\/#breadcrumb","itemListElement":[{"@type":"ListItem","position":1,"name":"Home","item":"https:\/\/vapingnet.de\/"},{"@type":"ListItem","position":2,"name":"Shop","item":"https:\/\/vapingnet.de\/vape\/"},{"@type":"ListItem","position":3,"name":"Hochwertige ELF SHISHA 16000 Mit Strawberry Watermelon Geschmack"}]},{"@type":"WebSite","@id":"https:\/\/vapingnet.de\/#website","url":"https:\/\/vapingnet.de\/","name":"Vapingnet.de","description":"","publisher":{"@id":"https:\/\/vapingnet.de\/#organization"},"potentialAction":[{"@type":"SearchAction","target":{"@type":"EntryPoint","urlTemplate":"https:\/\/vapingnet.de\/?s={search_term_string}"},"query-input":{"@type":"PropertyValueSpecification","valueRequired":true,"valueName":"search_term_string"}}],"inLanguage":"fr-FR"},{"@type":"Organization","@id":"https:\/\/vapingnet.de\/#organization","name":"Vapingnet.de","url":"https:\/\/vapingnet.de\/","logo":{"@type":"ImageObject","inLanguage":"fr-FR","@id":"https:\/\/vapingnet.de\/#\/schema\/logo\/image\/","url":"https:\/\/vapingnet.de\/wp-content\/uploads\/2025\/03\/cropped-vapingnet.de_.jpg","contentUrl":"https:\/\/vapingnet.de\/wp-content\/uploads\/2025\/03\/cropped-vapingnet.de_.jpg","width":512,"height":512,"caption":"Vapingnet.de"},"image":{"@id":"https:\/\/vapingnet.de\/#\/schema\/logo\/image\/"},"sameAs":["https:\/\/www.facebook.com\/vapingnetde\/"]}]}},"tiered_pricing_type":"fixed","tiered_pricing_fixed_rules":{"10":"9.41","60":"8.47","110":"7.53","200":"6.59"},"tiered_pricing_product_settings":{"layout":"default","base_unit_name":{"singular":null,"plural":null},"default_variation":null},"tiered_pricing_minimum_quantity":null,"tiered_pricing_roles_data":[],"tiered_pricing_percentage_rules":[],"_links":{"self":[{"href":"https:\/\/vapingnet.de\/fr\/wp-json\/wp\/v2\/product\/6492","targetHints":{"allow":["GET"]}}],"collection":[{"href":"https:\/\/vapingnet.de\/fr\/wp-json\/wp\/v2\/product"}],"about":[{"href":"https:\/\/vapingnet.de\/fr\/wp-json\/wp\/v2\/types\/product"}],"version-history":[{"count":3,"href":"https:\/\/vapingnet.de\/fr\/wp-json\/wp\/v2\/product\/6492\/revisions"}],"predecessor-version":[{"id":6497,"href":"https:\/\/vapingnet.de\/fr\/wp-json\/wp\/v2\/product\/6492\/revisions\/6497"}],"wp:featuredmedia":[{"embeddable":true,"href":"https:\/\/vapingnet.de\/fr\/wp-json\/wp\/v2\/media\/6474"}],"wp:attachment":[{"href":"https:\/\/vapingnet.de\/fr\/wp-json\/wp\/v2\/media?parent=6492"}],"wp:term":[{"taxonomy":"brand","embeddable":true,"href":"https:\/\/vapingnet.de\/fr\/wp-json\/wp\/v2\/etheme_brands?post=6492"},{"taxonomy":"product_brand","embeddable":true,"href":"https:\/\/vapingnet.de\/fr\/wp-json\/wp\/v2\/product_brand?post=6492"},{"taxonomy":"product_cat","embeddable":true,"href":"https:\/\/vapingnet.de\/fr\/wp-json\/wp\/v2\/product_cat?post=6492"},{"taxonomy":"product_tag","embeddable":true,"href":"https:\/\/vapingnet.de\/fr\/wp-json\/wp\/v2\/product_tag?post=6492"}],"curies":[{"name":"wp","href":"https:\/\/api.w.org\/{rel}","templated":true}]}}