{"id":6559,"date":"2025-04-27T07:33:00","date_gmt":"2025-04-27T07:33:00","guid":{"rendered":"https:\/\/vapingnet.de\/?post_type=product&#038;p=6559"},"modified":"2025-06-19T03:39:26","modified_gmt":"2025-06-19T03:39:26","slug":"geniesse-watermelon-ice-in-20000-puffs-bang-tick-tock-liefert-hoechste","status":"publish","type":"product","link":"https:\/\/vapingnet.de\/fr\/vape\/geniesse-watermelon-ice-in-20000-puffs-bang-tick-tock-liefert-hoechste\/","title":{"rendered":"Profitez de Watermelon Ice en 20000 bouff\u00e9es Bang Tick Tock Livraison au plus haut niveau"},"content":{"rendered":"<h2 data-start=\"0\" data-end=\"87\" data-immersive-translate-walked=\"4d7cd596-ff97-49d7-b04f-d4ba56134b21\">Bang Tick Tock 20000 Puffs : Un regard sur le mod\u00e8le innovant de cigarette \u00e9lectronique jetable<\/h2>\n<p class=\"\" data-start=\"89\" data-end=\"462\" data-immersive-translate-walked=\"4d7cd596-ff97-49d7-b04f-d4ba56134b21\" data-immersive-translate-paragraph=\"1\">Dans le monde des cigarettes \u00e9lectroniques jetables, il y a constamment de nouveaux mod\u00e8les qui arrivent sur le march\u00e9 avec des fonctionnalit\u00e9s innovantes et des performances am\u00e9lior\u00e9es. Un exemple remarquable est la Bang Tick Tock 20000 Puffs. Cette cigarette \u00e9lectronique offre une exp\u00e9rience de vapotage exceptionnelle et des sp\u00e9cifications impressionnantes qui s\u00e9duiront aussi bien les d\u00e9butants que les vapoteurs exp\u00e9riment\u00e9s.<\/p>\n<ul>\n<li data-start=\"464\" data-end=\"490\" data-immersive-translate-walked=\"4d7cd596-ff97-49d7-b04f-d4ba56134b21\">Puissance et capacit\u00e9\n<p>La cigarette \u00e9lectronique jetable Bang Tick Tock convainc par un nombre impressionnant de bouff\u00e9es allant jusqu'\u00e0 20 000, ce qui en fait l'un des mod\u00e8les les plus durables sur le march\u00e9. Avec une capacit\u00e9 de e-liquide de 25 ml et une batterie de 500 mAh, cette cigarette \u00e9lectronique offre suffisamment de puissance pour assurer des sessions de vapotage prolong\u00e9es. La r\u00e9sistance en mesh de 1,0 ohm garantit une vaporisation uniforme et intense du liquide, conduisant \u00e0 une exp\u00e9rience de vapotage exceptionnellement savoureuse et satisfaisante.<\/li>\n<li data-start=\"1032\" data-end=\"1066\" data-immersive-translate-walked=\"4d7cd596-ff97-49d7-b04f-d4ba56134b21\">Options de vapotage polyvalentes\n<p>Une caract\u00e9ristique particuli\u00e8re de la cigarette \u00e9lectronique Bang Tick Tock est l'\u00e9cran dynamique qui r\u00e9agit visuellement \u00e0 l'utilisation. Lors du vapotage en mode dynamique, des engrenages tournent, cr\u00e9ant une exp\u00e9rience visuelle unique. Alternativement, le mode silencieux peut \u00eatre activ\u00e9, o\u00f9 les engrenages s'arr\u00eatent lorsque trois bouff\u00e9es rapides sont prises en deux secondes. Cette adaptabilit\u00e9 permet une exp\u00e9rience de vapotage personnalis\u00e9e, adapt\u00e9e aux pr\u00e9f\u00e9rences individuelles.<\/li>\n<li data-start=\"1576\" data-end=\"1613\" data-immersive-translate-walked=\"4d7cd596-ff97-49d7-b04f-d4ba56134b21\">Choix entre deux niveaux de nicotine\n<p>La Bang Tick Tock 20000 Puffs est disponible en diff\u00e9rentes concentrations de nicotine : 0%, 2%, 3% et 5%. Cette diversit\u00e9 permet aux utilisateurs de choisir la quantit\u00e9 id\u00e9ale de nicotine, que ce soit pour ceux qui souhaitent arr\u00eater compl\u00e8tement de nicotine ou pour ceux qui pr\u00e9f\u00e8rent une dose plus \u00e9lev\u00e9e.<\/li>\n<li data-start=\"1909\" data-end=\"1932\" data-immersive-translate-walked=\"4d7cd596-ff97-49d7-b04f-d4ba56134b21\">Saveur et ar\u00f4me\n<p>Le mod\u00e8le est propos\u00e9 en diff\u00e9rentes saveurs, la plus remarquable \u00e9tant le go\u00fbt rafra\u00eechissant \u00ab Watermelon Ice \u00bb. Avec un m\u00e9lange de past\u00e8que sucr\u00e9e et de menthol frais, cette saveur offre une exp\u00e9rience rafra\u00eechissante, parfaite pour toutes les saisons. Le go\u00fbt reste intense et agr\u00e9able gr\u00e2ce \u00e0 la technologie de r\u00e9sistance en mesh.<\/li>\n<li data-start=\"2311\" data-end=\"2361\" data-immersive-translate-walked=\"4d7cd596-ff97-49d7-b04f-d4ba56134b21\">Connexions de charge modernes et utilisation facile\n<p>La cigarette \u00e9lectronique Bang Tick Tock est \u00e9quip\u00e9e d'une connexion de charge Type-C moderne, assurant une recharge plus rapide et efficace. \u00c9tant activ\u00e9e par aspiration, aucune touche suppl\u00e9mentaire n'est n\u00e9cessaire pour vapoter \u2013 une simple inhalation suffit pour mettre l'appareil en marche.<\/li>\n<li data-start=\"2665\" data-end=\"2702\" data-immersive-translate-walked=\"4d7cd596-ff97-49d7-b04f-d4ba56134b21\">Livraison pratique et avantages\n<p>Un autre point fort de la cigarette \u00e9lectronique Bang Tick Tock est la livraison rapide, g\u00e9n\u00e9ralement entre 7 et 15 jours ouvrables. De plus, les clients b\u00e9n\u00e9ficient du fait qu'aucun droit de douane n'est appliqu\u00e9 lorsqu'ils commandent l'appareil via vapingnet.de. Cela rend l'achat non seulement pratique, mais aussi \u00e9conomique.<\/li>\n<\/ul>\n<h3 data-start=\"3024\" data-end=\"3033\" data-immersive-translate-walked=\"4d7cd596-ff97-49d7-b04f-d4ba56134b21\">Exp\u00e9rience de vapotage unique avec la Bang Tick Tock 20000 Puffs<\/h3>\n<p class=\"\" data-start=\"3035\" data-end=\"3358\" data-immersive-translate-walked=\"4d7cd596-ff97-49d7-b04f-d4ba56134b21\" data-immersive-translate-paragraph=\"1\">La Bang Tick Tock 20000 Puffs offre un m\u00e9lange parfait de durabilit\u00e9, de fonctionnalit\u00e9s innovantes et d'options de vapotage polyvalentes. Que ce soit pour une utilisation quotidienne ou pour des moments sp\u00e9ciaux, ce mod\u00e8le se distingue par ses caract\u00e9ristiques uniques et garantit une exp\u00e9rience de vapotage incomparable.<\/p>","protected":false},"excerpt":{"rendered":"<p>Bang Tick Tock 20000 Bouff\u00e9es : Un regard sur le mod\u00e8le innovant de cigarette \u00e9lectronique jetable Dans le monde des cigarettes \u00e9lectroniques jetables, il y a constamment de nouveaux mod\u00e8les qui...<\/p>","protected":false},"featured_media":6574,"template":"","meta":[],"etheme_brands":[],"product_brand":[101],"product_cat":[54,49,61],"product_tag":[],"class_list":{"0":"post-6559","1":"product","2":"type-product","3":"status-publish","4":"has-post-thumbnail","6":"product_brand-bang-king-vape","7":"product_cat-vape-20000-zuege","8":"product_cat-einweg-e-zigarette","9":"product_cat-f","11":"first","12":"instock","13":"shipping-taxable","14":"purchasable","15":"product-type-simple"},"yoast_head":"<!-- This site is optimized with the Yoast SEO plugin v26.5 - https:\/\/yoast.com\/wordpress\/plugins\/seo\/ -->\n<title>Genie\u00dfe Watermelon Ice In 20000 Puffs Bang Tick Tock Liefert H\u00f6chste | Vapingnet.de<\/title>\n<meta name=\"description\" content=\"Entdecke Genie\u00dfe Watermelon Ice In 20000 Puffs Bang Tick Tock Liefert H\u00f6chste bei vapingnet.de, \u25ba Gro\u00dfe Auswahl an Geschmacksrichtungen &amp; super g\u00fcnstig!\" \/>\n<meta name=\"robots\" content=\"index, follow, max-snippet:-1, max-image-preview:large, max-video-preview:-1\" \/>\n<link rel=\"canonical\" href=\"https:\/\/vapingnet.de\/fr\/vape\/geniesse-watermelon-ice-in-20000-puffs-bang-tick-tock-liefert-hoechste\/\" \/>\n<meta property=\"og:locale\" content=\"fr_FR\" \/>\n<meta property=\"og:type\" content=\"article\" \/>\n<meta property=\"og:title\" content=\"Genie\u00dfe Watermelon Ice In 20000 Puffs Bang Tick Tock Liefert H\u00f6chste | Vapingnet.de\" \/>\n<meta property=\"og:description\" content=\"Entdecke Genie\u00dfe Watermelon Ice In 20000 Puffs Bang Tick Tock Liefert H\u00f6chste bei vapingnet.de, \u25ba Gro\u00dfe Auswahl an Geschmacksrichtungen &amp; super g\u00fcnstig!\" \/>\n<meta property=\"og:url\" content=\"https:\/\/vapingnet.de\/fr\/vape\/geniesse-watermelon-ice-in-20000-puffs-bang-tick-tock-liefert-hoechste\/\" \/>\n<meta property=\"og:site_name\" content=\"Vapingnet.de\" \/>\n<meta property=\"article:publisher\" content=\"https:\/\/www.facebook.com\/vapingnetde\/\" \/>\n<meta property=\"article:modified_time\" content=\"2025-06-19T03:39:26+00:00\" \/>\n<meta property=\"og:image\" content=\"https:\/\/vapingnet.de\/wp-content\/uploads\/2025\/04\/Watermelon-Ice-2.webp\" \/>\n\t<meta property=\"og:image:width\" content=\"1000\" \/>\n\t<meta property=\"og:image:height\" content=\"1000\" \/>\n\t<meta property=\"og:image:type\" content=\"image\/webp\" \/>\n<meta name=\"twitter:card\" content=\"summary_large_image\" \/>\n<meta name=\"twitter:label1\" content=\"Dur\u00e9e de lecture estim\u00e9e\" \/>\n\t<meta name=\"twitter:data1\" content=\"3 minutes\" \/>\n<script type=\"application\/ld+json\" class=\"yoast-schema-graph\">{\"@context\":\"https:\/\/schema.org\",\"@graph\":[{\"@type\":\"WebPage\",\"@id\":\"https:\/\/vapingnet.de\/vape\/geniesse-watermelon-ice-in-20000-puffs-bang-tick-tock-liefert-hoechste\/\",\"url\":\"https:\/\/vapingnet.de\/vape\/geniesse-watermelon-ice-in-20000-puffs-bang-tick-tock-liefert-hoechste\/\",\"name\":\"Genie\u00dfe Watermelon Ice In 20000 Puffs Bang Tick Tock Liefert H\u00f6chste | Vapingnet.de\",\"isPartOf\":{\"@id\":\"https:\/\/vapingnet.de\/#website\"},\"primaryImageOfPage\":{\"@id\":\"https:\/\/vapingnet.de\/vape\/geniesse-watermelon-ice-in-20000-puffs-bang-tick-tock-liefert-hoechste\/#primaryimage\"},\"image\":{\"@id\":\"https:\/\/vapingnet.de\/vape\/geniesse-watermelon-ice-in-20000-puffs-bang-tick-tock-liefert-hoechste\/#primaryimage\"},\"thumbnailUrl\":\"https:\/\/vapingnet.de\/wp-content\/uploads\/2025\/04\/Watermelon-Ice-2.webp\",\"datePublished\":\"2025-04-27T07:33:00+00:00\",\"dateModified\":\"2025-06-19T03:39:26+00:00\",\"description\":\"Entdecke Genie\u00dfe Watermelon Ice In 20000 Puffs Bang Tick Tock Liefert H\u00f6chste bei vapingnet.de, \u25ba Gro\u00dfe Auswahl an Geschmacksrichtungen & super g\u00fcnstig!\",\"breadcrumb\":{\"@id\":\"https:\/\/vapingnet.de\/vape\/geniesse-watermelon-ice-in-20000-puffs-bang-tick-tock-liefert-hoechste\/#breadcrumb\"},\"inLanguage\":\"fr-FR\",\"potentialAction\":[{\"@type\":\"ReadAction\",\"target\":[\"https:\/\/vapingnet.de\/vape\/geniesse-watermelon-ice-in-20000-puffs-bang-tick-tock-liefert-hoechste\/\"]}]},{\"@type\":\"ImageObject\",\"inLanguage\":\"fr-FR\",\"@id\":\"https:\/\/vapingnet.de\/vape\/geniesse-watermelon-ice-in-20000-puffs-bang-tick-tock-liefert-hoechste\/#primaryimage\",\"url\":\"https:\/\/vapingnet.de\/wp-content\/uploads\/2025\/04\/Watermelon-Ice-2.webp\",\"contentUrl\":\"https:\/\/vapingnet.de\/wp-content\/uploads\/2025\/04\/Watermelon-Ice-2.webp\",\"width\":1000,\"height\":1000},{\"@type\":\"BreadcrumbList\",\"@id\":\"https:\/\/vapingnet.de\/vape\/geniesse-watermelon-ice-in-20000-puffs-bang-tick-tock-liefert-hoechste\/#breadcrumb\",\"itemListElement\":[{\"@type\":\"ListItem\",\"position\":1,\"name\":\"Home\",\"item\":\"https:\/\/vapingnet.de\/\"},{\"@type\":\"ListItem\",\"position\":2,\"name\":\"Shop\",\"item\":\"https:\/\/vapingnet.de\/vape\/\"},{\"@type\":\"ListItem\",\"position\":3,\"name\":\"Genie\u00dfe Watermelon Ice In 20000 Puffs Bang Tick Tock Liefert H\u00f6chste\"}]},{\"@type\":\"WebSite\",\"@id\":\"https:\/\/vapingnet.de\/#website\",\"url\":\"https:\/\/vapingnet.de\/\",\"name\":\"Vapingnet.de\",\"description\":\"\",\"publisher\":{\"@id\":\"https:\/\/vapingnet.de\/#organization\"},\"potentialAction\":[{\"@type\":\"SearchAction\",\"target\":{\"@type\":\"EntryPoint\",\"urlTemplate\":\"https:\/\/vapingnet.de\/?s={search_term_string}\"},\"query-input\":{\"@type\":\"PropertyValueSpecification\",\"valueRequired\":true,\"valueName\":\"search_term_string\"}}],\"inLanguage\":\"fr-FR\"},{\"@type\":\"Organization\",\"@id\":\"https:\/\/vapingnet.de\/#organization\",\"name\":\"Vapingnet.de\",\"url\":\"https:\/\/vapingnet.de\/\",\"logo\":{\"@type\":\"ImageObject\",\"inLanguage\":\"fr-FR\",\"@id\":\"https:\/\/vapingnet.de\/#\/schema\/logo\/image\/\",\"url\":\"https:\/\/vapingnet.de\/wp-content\/uploads\/2025\/03\/cropped-vapingnet.de_.jpg\",\"contentUrl\":\"https:\/\/vapingnet.de\/wp-content\/uploads\/2025\/03\/cropped-vapingnet.de_.jpg\",\"width\":512,\"height\":512,\"caption\":\"Vapingnet.de\"},\"image\":{\"@id\":\"https:\/\/vapingnet.de\/#\/schema\/logo\/image\/\"},\"sameAs\":[\"https:\/\/www.facebook.com\/vapingnetde\/\"]}]}<\/script>\n<!-- \/ Yoast SEO plugin. -->","yoast_head_json":{"title":"Genie\u00dfe Watermelon Ice In 20000 Puffs Bang Tick Tock Liefert H\u00f6chste | Vapingnet.de","description":"Entdecke Genie\u00dfe Watermelon Ice In 20000 Puffs Bang Tick Tock Liefert H\u00f6chste bei vapingnet.de, \u25ba Gro\u00dfe Auswahl an Geschmacksrichtungen & super g\u00fcnstig!","robots":{"index":"index","follow":"follow","max-snippet":"max-snippet:-1","max-image-preview":"max-image-preview:large","max-video-preview":"max-video-preview:-1"},"canonical":"https:\/\/vapingnet.de\/fr\/vape\/geniesse-watermelon-ice-in-20000-puffs-bang-tick-tock-liefert-hoechste\/","og_locale":"fr_FR","og_type":"article","og_title":"Genie\u00dfe Watermelon Ice In 20000 Puffs Bang Tick Tock Liefert H\u00f6chste | Vapingnet.de","og_description":"Entdecke Genie\u00dfe Watermelon Ice In 20000 Puffs Bang Tick Tock Liefert H\u00f6chste bei vapingnet.de, \u25ba Gro\u00dfe Auswahl an Geschmacksrichtungen & super g\u00fcnstig!","og_url":"https:\/\/vapingnet.de\/fr\/vape\/geniesse-watermelon-ice-in-20000-puffs-bang-tick-tock-liefert-hoechste\/","og_site_name":"Vapingnet.de","article_publisher":"https:\/\/www.facebook.com\/vapingnetde\/","article_modified_time":"2025-06-19T03:39:26+00:00","og_image":[{"width":1000,"height":1000,"url":"https:\/\/vapingnet.de\/wp-content\/uploads\/2025\/04\/Watermelon-Ice-2.webp","type":"image\/webp"}],"twitter_card":"summary_large_image","twitter_misc":{"Dur\u00e9e de lecture estim\u00e9e":"3 minutes"},"schema":{"@context":"https:\/\/schema.org","@graph":[{"@type":"WebPage","@id":"https:\/\/vapingnet.de\/vape\/geniesse-watermelon-ice-in-20000-puffs-bang-tick-tock-liefert-hoechste\/","url":"https:\/\/vapingnet.de\/vape\/geniesse-watermelon-ice-in-20000-puffs-bang-tick-tock-liefert-hoechste\/","name":"Genie\u00dfe Watermelon Ice In 20000 Puffs Bang Tick Tock Liefert H\u00f6chste | Vapingnet.de","isPartOf":{"@id":"https:\/\/vapingnet.de\/#website"},"primaryImageOfPage":{"@id":"https:\/\/vapingnet.de\/vape\/geniesse-watermelon-ice-in-20000-puffs-bang-tick-tock-liefert-hoechste\/#primaryimage"},"image":{"@id":"https:\/\/vapingnet.de\/vape\/geniesse-watermelon-ice-in-20000-puffs-bang-tick-tock-liefert-hoechste\/#primaryimage"},"thumbnailUrl":"https:\/\/vapingnet.de\/wp-content\/uploads\/2025\/04\/Watermelon-Ice-2.webp","datePublished":"2025-04-27T07:33:00+00:00","dateModified":"2025-06-19T03:39:26+00:00","description":"Entdecke Genie\u00dfe Watermelon Ice In 20000 Puffs Bang Tick Tock Liefert H\u00f6chste bei vapingnet.de, \u25ba Gro\u00dfe Auswahl an Geschmacksrichtungen & super g\u00fcnstig!","breadcrumb":{"@id":"https:\/\/vapingnet.de\/vape\/geniesse-watermelon-ice-in-20000-puffs-bang-tick-tock-liefert-hoechste\/#breadcrumb"},"inLanguage":"fr-FR","potentialAction":[{"@type":"ReadAction","target":["https:\/\/vapingnet.de\/vape\/geniesse-watermelon-ice-in-20000-puffs-bang-tick-tock-liefert-hoechste\/"]}]},{"@type":"ImageObject","inLanguage":"fr-FR","@id":"https:\/\/vapingnet.de\/vape\/geniesse-watermelon-ice-in-20000-puffs-bang-tick-tock-liefert-hoechste\/#primaryimage","url":"https:\/\/vapingnet.de\/wp-content\/uploads\/2025\/04\/Watermelon-Ice-2.webp","contentUrl":"https:\/\/vapingnet.de\/wp-content\/uploads\/2025\/04\/Watermelon-Ice-2.webp","width":1000,"height":1000},{"@type":"BreadcrumbList","@id":"https:\/\/vapingnet.de\/vape\/geniesse-watermelon-ice-in-20000-puffs-bang-tick-tock-liefert-hoechste\/#breadcrumb","itemListElement":[{"@type":"ListItem","position":1,"name":"Home","item":"https:\/\/vapingnet.de\/"},{"@type":"ListItem","position":2,"name":"Shop","item":"https:\/\/vapingnet.de\/vape\/"},{"@type":"ListItem","position":3,"name":"Genie\u00dfe Watermelon Ice In 20000 Puffs Bang Tick Tock Liefert H\u00f6chste"}]},{"@type":"WebSite","@id":"https:\/\/vapingnet.de\/#website","url":"https:\/\/vapingnet.de\/","name":"Vapingnet.de","description":"","publisher":{"@id":"https:\/\/vapingnet.de\/#organization"},"potentialAction":[{"@type":"SearchAction","target":{"@type":"EntryPoint","urlTemplate":"https:\/\/vapingnet.de\/?s={search_term_string}"},"query-input":{"@type":"PropertyValueSpecification","valueRequired":true,"valueName":"search_term_string"}}],"inLanguage":"fr-FR"},{"@type":"Organization","@id":"https:\/\/vapingnet.de\/#organization","name":"Vapingnet.de","url":"https:\/\/vapingnet.de\/","logo":{"@type":"ImageObject","inLanguage":"fr-FR","@id":"https:\/\/vapingnet.de\/#\/schema\/logo\/image\/","url":"https:\/\/vapingnet.de\/wp-content\/uploads\/2025\/03\/cropped-vapingnet.de_.jpg","contentUrl":"https:\/\/vapingnet.de\/wp-content\/uploads\/2025\/03\/cropped-vapingnet.de_.jpg","width":512,"height":512,"caption":"Vapingnet.de"},"image":{"@id":"https:\/\/vapingnet.de\/#\/schema\/logo\/image\/"},"sameAs":["https:\/\/www.facebook.com\/vapingnetde\/"]}]}},"tiered_pricing_type":"fixed","tiered_pricing_fixed_rules":{"10":"10.44","60":"9.4","110":"8.35","200":"7.31"},"tiered_pricing_product_settings":{"layout":"default","base_unit_name":{"singular":null,"plural":null},"default_variation":null},"tiered_pricing_minimum_quantity":null,"tiered_pricing_roles_data":[],"tiered_pricing_percentage_rules":[],"_links":{"self":[{"href":"https:\/\/vapingnet.de\/fr\/wp-json\/wp\/v2\/product\/6559","targetHints":{"allow":["GET"]}}],"collection":[{"href":"https:\/\/vapingnet.de\/fr\/wp-json\/wp\/v2\/product"}],"about":[{"href":"https:\/\/vapingnet.de\/fr\/wp-json\/wp\/v2\/types\/product"}],"version-history":[{"count":1,"href":"https:\/\/vapingnet.de\/fr\/wp-json\/wp\/v2\/product\/6559\/revisions"}],"predecessor-version":[{"id":6577,"href":"https:\/\/vapingnet.de\/fr\/wp-json\/wp\/v2\/product\/6559\/revisions\/6577"}],"wp:featuredmedia":[{"embeddable":true,"href":"https:\/\/vapingnet.de\/fr\/wp-json\/wp\/v2\/media\/6574"}],"wp:attachment":[{"href":"https:\/\/vapingnet.de\/fr\/wp-json\/wp\/v2\/media?parent=6559"}],"wp:term":[{"taxonomy":"brand","embeddable":true,"href":"https:\/\/vapingnet.de\/fr\/wp-json\/wp\/v2\/etheme_brands?post=6559"},{"taxonomy":"product_brand","embeddable":true,"href":"https:\/\/vapingnet.de\/fr\/wp-json\/wp\/v2\/product_brand?post=6559"},{"taxonomy":"product_cat","embeddable":true,"href":"https:\/\/vapingnet.de\/fr\/wp-json\/wp\/v2\/product_cat?post=6559"},{"taxonomy":"product_tag","embeddable":true,"href":"https:\/\/vapingnet.de\/fr\/wp-json\/wp\/v2\/product_tag?post=6559"}],"curies":[{"name":"wp","href":"https:\/\/api.w.org\/{rel}","templated":true}]}}