{"id":6582,"date":"2025-04-27T08:00:09","date_gmt":"2025-04-27T08:00:09","guid":{"rendered":"https:\/\/vapingnet.de\/?post_type=product&#038;p=6582"},"modified":"2025-06-19T03:39:24","modified_gmt":"2025-06-19T03:39:24","slug":"bang-tick-tock-20000-puffs-blueberry-cherry-lemonade-fuer-deinen-fruchtigen-genuss","status":"publish","type":"product","link":"https:\/\/vapingnet.de\/fr\/vape\/bang-tick-tock-20000-puffs-blueberry-cherry-lemonade-fuer-deinen-fruchtigen-genuss\/","title":{"rendered":"Bang Tick Tock 20000 Puffs Myrtille Cerise Limonade Pour votre plaisir fruit\u00e9"},"content":{"rendered":"<h2 data-start=\"0\" data-end=\"85\" data-immersive-translate-walked=\"ff1c01a9-ea4f-49e3-a434-e5cf60d72783\">Bang Tick Tock 20000 Puffs : La derni\u00e8re innovation dans le domaine des cigarettes \u00e9lectroniques jetables<\/h2>\n<p class=\"\" data-start=\"87\" data-end=\"408\" data-immersive-translate-walked=\"ff1c01a9-ea4f-49e3-a434-e5cf60d72783\" data-immersive-translate-paragraph=\"1\">La Bang Tick Tock 20000 Puffs est une avanc\u00e9e <a href=\"https:\/\/vapingnet.de\/fr\/k\/einweg-e-zigarette\/\" target=\"_blank\" rel=\"noopener\"><strong>cigarette \u00e9lectronique jetable<\/strong><\/a>, qui se distingue particuli\u00e8rement par sa technologie innovante et sa grande facilit\u00e9 d'utilisation. Avec une multitude de fonctionnalit\u00e9s, elle offre aux vapoteurs une exp\u00e9rience unique. D\u00e9couvrez ce qui rend cette cigarette \u00e9lectronique si sp\u00e9ciale.<\/p>\n<h3>Caract\u00e9ristiques du produit de la Bang Tick Tock 20000 Puffs<\/h3>\n<ul data-start=\"466\" data-end=\"1467\" data-immersive-translate-walked=\"ff1c01a9-ea4f-49e3-a434-e5cf60d72783\">\n<li class=\"\" data-start=\"466\" data-end=\"591\" data-immersive-translate-walked=\"ff1c01a9-ea4f-49e3-a434-e5cf60d72783\">\n<p class=\"\" data-start=\"468\" data-end=\"591\" data-immersive-translate-walked=\"ff1c01a9-ea4f-49e3-a434-e5cf60d72783\" data-immersive-translate-paragraph=\"1\">Mesh Coil : Avec une r\u00e9sistance Mesh de 1,0 Ohm, la Bang Tick Tock garantit une vapeur r\u00e9guli\u00e8re et intense.<\/p>\n<\/li>\n<li class=\"\" data-start=\"592\" data-end=\"743\" data-immersive-translate-walked=\"ff1c01a9-ea4f-49e3-a434-e5cf60d72783\">\n<p class=\"\" data-start=\"594\" data-end=\"743\" data-immersive-translate-walked=\"ff1c01a9-ea4f-49e3-a434-e5cf60d72783\" data-immersive-translate-paragraph=\"1\">Capacit\u00e9 de e-liquide : Avec une g\u00e9n\u00e9reuse capacit\u00e9 de 25 ml de e-liquide, elle offre une longue dur\u00e9e d'utilisation avant de n\u00e9cessiter un remplacement.<\/p>\n<\/li>\n<li class=\"\" data-start=\"744\" data-end=\"900\" data-immersive-translate-walked=\"ff1c01a9-ea4f-49e3-a434-e5cf60d72783\">\n<p class=\"\" data-start=\"746\" data-end=\"900\" data-immersive-translate-walked=\"ff1c01a9-ea4f-49e3-a434-e5cf60d72783\" data-immersive-translate-paragraph=\"1\">Batterie : La batterie de 500 mAh assure une puissance suffisante et une utilisation prolong\u00e9e, sans besoin de la recharger fr\u00e9quemment.<\/p>\n<\/li>\n<li class=\"\" data-start=\"901\" data-end=\"1021\" data-immersive-translate-walked=\"ff1c01a9-ea4f-49e3-a434-e5cf60d72783\">\n<p class=\"\" data-start=\"903\" data-end=\"1021\" data-immersive-translate-walked=\"ff1c01a9-ea4f-49e3-a434-e5cf60d72783\" data-immersive-translate-paragraph=\"1\">Port de charge : Gr\u00e2ce au connecteur moderne de type-C, la recharge de la cigarette \u00e9lectronique est rapide et simple.<\/p>\n<\/li>\n<li class=\"\" data-start=\"1022\" data-end=\"1323\" data-immersive-translate-walked=\"ff1c01a9-ea4f-49e3-a434-e5cf60d72783\">\n<p class=\"\" data-start=\"1024\" data-end=\"1323\" data-immersive-translate-walked=\"ff1c01a9-ea4f-49e3-a434-e5cf60d72783\" data-immersive-translate-paragraph=\"1\">\u00c9cran dynamique : L'\u00e9cran dynamique affiche des effets visuels qui s'activent lors de la vapotage. Il peut \u00eatre contr\u00f4l\u00e9 via le mode dynamique (avec des engrenages en rotation) ou le mode silencieux (avec trois bouff\u00e9es rapides en deux secondes pour arr\u00eater les engrenages).<\/p>\n<\/li>\n<li class=\"\" data-start=\"1324\" data-end=\"1467\" data-immersive-translate-walked=\"ff1c01a9-ea4f-49e3-a434-e5cf60d72783\">\n<p class=\"\" data-start=\"1326\" data-end=\"1467\" data-immersive-translate-walked=\"ff1c01a9-ea4f-49e3-a434-e5cf60d72783\" data-immersive-translate-paragraph=\"1\">Vapotage MTL : La cigarette \u00e9lectronique offre une exp\u00e9rience de vapotage MTL (bouche-\u00e0-poumon), rendant la vapote plus agr\u00e9able et famili\u00e8re pour l'utilisateur.<\/p>\n<\/li>\n<\/ul>\n<h4 data-start=\"1469\" data-end=\"1495\" data-immersive-translate-walked=\"ff1c01a9-ea4f-49e3-a434-e5cf60d72783\">Exp\u00e9rience gustative<\/h4>\n<p class=\"\" data-start=\"1497\" data-end=\"1810\" data-immersive-translate-walked=\"ff1c01a9-ea4f-49e3-a434-e5cf60d72783\" data-immersive-translate-paragraph=\"1\">La Bang Tick Tock 20000 Puffs est livr\u00e9e avec le go\u00fbt rafra\u00eechissant et unique de Myrtille Cerise Limonade. Ce go\u00fbt est un m\u00e9lange parfait de myrtilles sucr\u00e9es, de cerises fra\u00eeches et d'une saveur citron-limonade p\u00e9tillante, rendant chaque bouff\u00e9e rafra\u00eechissante.<\/p>\n<h3>Avantages de la Bang Tick Tock 20000 Puffs<\/h3>\n<ul data-start=\"1861\" data-end=\"2382\" data-immersive-translate-walked=\"ff1c01a9-ea4f-49e3-a434-e5cf60d72783\">\n<li class=\"\" data-start=\"1861\" data-end=\"2054\" data-immersive-translate-walked=\"ff1c01a9-ea4f-49e3-a434-e5cf60d72783\">\n<p class=\"\" data-start=\"1863\" data-end=\"2054\" data-immersive-translate-walked=\"ff1c01a9-ea4f-49e3-a434-e5cf60d72783\" data-immersive-translate-paragraph=\"1\">Niveaux de nicotine : Vous pouvez choisir parmi diff\u00e9rentes concentrations de nicotine, notamment 0,1 %, 2,1 %, 3,1 % et 5,1 %, pour personnaliser votre exp\u00e9rience de vapotage selon vos pr\u00e9f\u00e9rences.<\/p>\n<\/li>\n<li class=\"\" data-start=\"2055\" data-end=\"2231\" data-immersive-translate-walked=\"ff1c01a9-ea4f-49e3-a434-e5cf60d72783\">\n<p class=\"\" data-start=\"2057\" data-end=\"2231\" data-immersive-translate-walked=\"ff1c01a9-ea4f-49e3-a434-e5cf60d72783\" data-immersive-translate-paragraph=\"1\">Fonction d'activation par aspiration : La technologie d'activation par aspiration rend l'utilisation de la cigarette \u00e9lectronique particuli\u00e8rement simple \u2013 elle s'active automatiquement d\u00e8s que vous tirez dessus.<\/p>\n<\/li>\n<li class=\"\" data-start=\"2232\" data-end=\"2379\" data-immersive-translate-walked=\"ff1c01a9-ea4f-49e3-a434-e5cf60d72783\">\n<p class=\"\" data-start=\"2234\" data-end=\"2379\" data-immersive-translate-walked=\"ff1c01a9-ea4f-49e3-a434-e5cf60d72783\" data-immersive-translate-paragraph=\"1\">Facilit\u00e9 d'utilisation : La Bang Tick Tock offre une manipulation simple et conviviale, id\u00e9ale pour les vapoteurs de tous niveaux d'exp\u00e9rience.<\/p>\n<\/li>\n<\/ul>\n<h4 data-start=\"2383\" data-end=\"2409\" data-immersive-translate-walked=\"ff1c01a9-ea4f-49e3-a434-e5cf60d72783\">Utilisation pratique<\/h4>\n<p class=\"\" data-start=\"2411\" data-end=\"2928\" data-immersive-translate-walked=\"ff1c01a9-ea4f-49e3-a434-e5cf60d72783\" data-immersive-translate-paragraph=\"1\">La Bang Tick Tock 20000 Puffs est con\u00e7ue pour ceux qui recherchent une cigarette \u00e9lectronique jetable puissante, facile \u00e0 utiliser et \u00e9l\u00e9gante. Avec sa grande capacit\u00e9 de e-liquide et sa longue dur\u00e9e de vie, elle est id\u00e9ale pour une utilisation quotidienne. La connectique de type-C permet une recharge rapide et sans souci. De plus, la cigarette \u00e9lectronique propose deux modes de vapotage pour une adaptation selon les pr\u00e9f\u00e9rences de l'utilisateur.<\/p>\n<p class=\"\" data-start=\"2945\" data-end=\"3317\" data-immersive-translate-walked=\"ff1c01a9-ea4f-49e3-a434-e5cf60d72783\" data-immersive-translate-paragraph=\"1\">La Bang Tick Tock 20000 Puffs est bien plus qu'une simple cigarette \u00e9lectronique jetable. Avec son design innovant, ses diff\u00e9rentes fonctionnalit\u00e9s et son go\u00fbt exceptionnel de Myrtille Cerise Limonade, elle se distingue des autres produits. Elle est parfaite pour les vapoteurs \u00e0 la recherche d'une solution polyvalente et simple pour leurs exp\u00e9riences de vapotage.<\/p>","protected":false},"excerpt":{"rendered":"<p>Bang Tick Tock 20000 Bouff\u00e9es : La derni\u00e8re innovation dans le domaine des cigarettes \u00e9lectroniques jetables La Bang Tick Tock 20000 Bouff\u00e9es est une cigarette \u00e9lectronique jetable avanc\u00e9e, qui se distingue notamment par ses...<\/p>","protected":false},"featured_media":6565,"template":"","meta":[],"etheme_brands":[],"product_brand":[101],"product_cat":[54,49,61],"product_tag":[],"class_list":{"0":"post-6582","1":"product","2":"type-product","3":"status-publish","4":"has-post-thumbnail","6":"product_brand-bang-king-vape","7":"product_cat-vape-20000-zuege","8":"product_cat-einweg-e-zigarette","9":"product_cat-f","11":"first","12":"instock","13":"shipping-taxable","14":"purchasable","15":"product-type-simple"},"yoast_head":"<!-- This site is optimized with the Yoast SEO plugin v26.5 - https:\/\/yoast.com\/wordpress\/plugins\/seo\/ -->\n<title>Bang Tick Tock 20000 Puffs Blueberry Cherry Lemonade F\u00fcr Deinen Fruchtigen Genuss | Vapingnet.de<\/title>\n<meta name=\"description\" content=\"Entdecke Bang Tick Tock 20000 Puffs Blueberry Cherry Lemonade F\u00fcr Deinen Fruchtigen Genuss bei vapingnet.de, \u25ba Gro\u00dfe Auswahl an Geschmacksrichtungen &amp; super g\u00fcnstig!\" \/>\n<meta name=\"robots\" content=\"index, follow, max-snippet:-1, max-image-preview:large, max-video-preview:-1\" \/>\n<link rel=\"canonical\" href=\"https:\/\/vapingnet.de\/fr\/vape\/bang-tick-tock-20000-puffs-blueberry-cherry-lemonade-fuer-deinen-fruchtigen-genuss\/\" \/>\n<meta property=\"og:locale\" content=\"fr_FR\" \/>\n<meta property=\"og:type\" content=\"article\" \/>\n<meta property=\"og:title\" content=\"Bang Tick Tock 20000 Puffs Blueberry Cherry Lemonade F\u00fcr Deinen Fruchtigen Genuss | Vapingnet.de\" \/>\n<meta property=\"og:description\" content=\"Entdecke Bang Tick Tock 20000 Puffs Blueberry Cherry Lemonade F\u00fcr Deinen Fruchtigen Genuss bei vapingnet.de, \u25ba Gro\u00dfe Auswahl an Geschmacksrichtungen &amp; super g\u00fcnstig!\" \/>\n<meta property=\"og:url\" content=\"https:\/\/vapingnet.de\/fr\/vape\/bang-tick-tock-20000-puffs-blueberry-cherry-lemonade-fuer-deinen-fruchtigen-genuss\/\" \/>\n<meta property=\"og:site_name\" content=\"Vapingnet.de\" \/>\n<meta property=\"article:publisher\" content=\"https:\/\/www.facebook.com\/vapingnetde\/\" \/>\n<meta property=\"article:modified_time\" content=\"2025-06-19T03:39:24+00:00\" \/>\n<meta property=\"og:image\" content=\"https:\/\/vapingnet.de\/wp-content\/uploads\/2025\/04\/Blueberry-Cherry-Lemonade.webp\" \/>\n\t<meta property=\"og:image:width\" content=\"1000\" \/>\n\t<meta property=\"og:image:height\" content=\"1000\" \/>\n\t<meta property=\"og:image:type\" content=\"image\/webp\" \/>\n<meta name=\"twitter:card\" content=\"summary_large_image\" \/>\n<meta name=\"twitter:label1\" content=\"Dur\u00e9e de lecture estim\u00e9e\" \/>\n\t<meta name=\"twitter:data1\" content=\"3 minutes\" \/>\n<script type=\"application\/ld+json\" class=\"yoast-schema-graph\">{\"@context\":\"https:\/\/schema.org\",\"@graph\":[{\"@type\":\"WebPage\",\"@id\":\"https:\/\/vapingnet.de\/vape\/bang-tick-tock-20000-puffs-blueberry-cherry-lemonade-fuer-deinen-fruchtigen-genuss\/\",\"url\":\"https:\/\/vapingnet.de\/vape\/bang-tick-tock-20000-puffs-blueberry-cherry-lemonade-fuer-deinen-fruchtigen-genuss\/\",\"name\":\"Bang Tick Tock 20000 Puffs Blueberry Cherry Lemonade F\u00fcr Deinen Fruchtigen Genuss | Vapingnet.de\",\"isPartOf\":{\"@id\":\"https:\/\/vapingnet.de\/#website\"},\"primaryImageOfPage\":{\"@id\":\"https:\/\/vapingnet.de\/vape\/bang-tick-tock-20000-puffs-blueberry-cherry-lemonade-fuer-deinen-fruchtigen-genuss\/#primaryimage\"},\"image\":{\"@id\":\"https:\/\/vapingnet.de\/vape\/bang-tick-tock-20000-puffs-blueberry-cherry-lemonade-fuer-deinen-fruchtigen-genuss\/#primaryimage\"},\"thumbnailUrl\":\"https:\/\/vapingnet.de\/wp-content\/uploads\/2025\/04\/Blueberry-Cherry-Lemonade.webp\",\"datePublished\":\"2025-04-27T08:00:09+00:00\",\"dateModified\":\"2025-06-19T03:39:24+00:00\",\"description\":\"Entdecke Bang Tick Tock 20000 Puffs Blueberry Cherry Lemonade F\u00fcr Deinen Fruchtigen Genuss bei vapingnet.de, \u25ba Gro\u00dfe Auswahl an Geschmacksrichtungen & super g\u00fcnstig!\",\"breadcrumb\":{\"@id\":\"https:\/\/vapingnet.de\/vape\/bang-tick-tock-20000-puffs-blueberry-cherry-lemonade-fuer-deinen-fruchtigen-genuss\/#breadcrumb\"},\"inLanguage\":\"fr-FR\",\"potentialAction\":[{\"@type\":\"ReadAction\",\"target\":[\"https:\/\/vapingnet.de\/vape\/bang-tick-tock-20000-puffs-blueberry-cherry-lemonade-fuer-deinen-fruchtigen-genuss\/\"]}]},{\"@type\":\"ImageObject\",\"inLanguage\":\"fr-FR\",\"@id\":\"https:\/\/vapingnet.de\/vape\/bang-tick-tock-20000-puffs-blueberry-cherry-lemonade-fuer-deinen-fruchtigen-genuss\/#primaryimage\",\"url\":\"https:\/\/vapingnet.de\/wp-content\/uploads\/2025\/04\/Blueberry-Cherry-Lemonade.webp\",\"contentUrl\":\"https:\/\/vapingnet.de\/wp-content\/uploads\/2025\/04\/Blueberry-Cherry-Lemonade.webp\",\"width\":1000,\"height\":1000},{\"@type\":\"BreadcrumbList\",\"@id\":\"https:\/\/vapingnet.de\/vape\/bang-tick-tock-20000-puffs-blueberry-cherry-lemonade-fuer-deinen-fruchtigen-genuss\/#breadcrumb\",\"itemListElement\":[{\"@type\":\"ListItem\",\"position\":1,\"name\":\"Home\",\"item\":\"https:\/\/vapingnet.de\/\"},{\"@type\":\"ListItem\",\"position\":2,\"name\":\"Shop\",\"item\":\"https:\/\/vapingnet.de\/vape\/\"},{\"@type\":\"ListItem\",\"position\":3,\"name\":\"Bang Tick Tock 20000 Puffs Blueberry Cherry Lemonade F\u00fcr Deinen Fruchtigen Genuss\"}]},{\"@type\":\"WebSite\",\"@id\":\"https:\/\/vapingnet.de\/#website\",\"url\":\"https:\/\/vapingnet.de\/\",\"name\":\"Vapingnet.de\",\"description\":\"\",\"publisher\":{\"@id\":\"https:\/\/vapingnet.de\/#organization\"},\"potentialAction\":[{\"@type\":\"SearchAction\",\"target\":{\"@type\":\"EntryPoint\",\"urlTemplate\":\"https:\/\/vapingnet.de\/?s={search_term_string}\"},\"query-input\":{\"@type\":\"PropertyValueSpecification\",\"valueRequired\":true,\"valueName\":\"search_term_string\"}}],\"inLanguage\":\"fr-FR\"},{\"@type\":\"Organization\",\"@id\":\"https:\/\/vapingnet.de\/#organization\",\"name\":\"Vapingnet.de\",\"url\":\"https:\/\/vapingnet.de\/\",\"logo\":{\"@type\":\"ImageObject\",\"inLanguage\":\"fr-FR\",\"@id\":\"https:\/\/vapingnet.de\/#\/schema\/logo\/image\/\",\"url\":\"https:\/\/vapingnet.de\/wp-content\/uploads\/2025\/03\/cropped-vapingnet.de_.jpg\",\"contentUrl\":\"https:\/\/vapingnet.de\/wp-content\/uploads\/2025\/03\/cropped-vapingnet.de_.jpg\",\"width\":512,\"height\":512,\"caption\":\"Vapingnet.de\"},\"image\":{\"@id\":\"https:\/\/vapingnet.de\/#\/schema\/logo\/image\/\"},\"sameAs\":[\"https:\/\/www.facebook.com\/vapingnetde\/\"]}]}<\/script>\n<!-- \/ Yoast SEO plugin. -->","yoast_head_json":{"title":"Bang Tick Tock 20000 Puffs Blueberry Cherry Lemonade F\u00fcr Deinen Fruchtigen Genuss | Vapingnet.de","description":"Entdecke Bang Tick Tock 20000 Puffs Blueberry Cherry Lemonade F\u00fcr Deinen Fruchtigen Genuss bei vapingnet.de, \u25ba Gro\u00dfe Auswahl an Geschmacksrichtungen & super g\u00fcnstig!","robots":{"index":"index","follow":"follow","max-snippet":"max-snippet:-1","max-image-preview":"max-image-preview:large","max-video-preview":"max-video-preview:-1"},"canonical":"https:\/\/vapingnet.de\/fr\/vape\/bang-tick-tock-20000-puffs-blueberry-cherry-lemonade-fuer-deinen-fruchtigen-genuss\/","og_locale":"fr_FR","og_type":"article","og_title":"Bang Tick Tock 20000 Puffs Blueberry Cherry Lemonade F\u00fcr Deinen Fruchtigen Genuss | Vapingnet.de","og_description":"Entdecke Bang Tick Tock 20000 Puffs Blueberry Cherry Lemonade F\u00fcr Deinen Fruchtigen Genuss bei vapingnet.de, \u25ba Gro\u00dfe Auswahl an Geschmacksrichtungen & super g\u00fcnstig!","og_url":"https:\/\/vapingnet.de\/fr\/vape\/bang-tick-tock-20000-puffs-blueberry-cherry-lemonade-fuer-deinen-fruchtigen-genuss\/","og_site_name":"Vapingnet.de","article_publisher":"https:\/\/www.facebook.com\/vapingnetde\/","article_modified_time":"2025-06-19T03:39:24+00:00","og_image":[{"width":1000,"height":1000,"url":"https:\/\/vapingnet.de\/wp-content\/uploads\/2025\/04\/Blueberry-Cherry-Lemonade.webp","type":"image\/webp"}],"twitter_card":"summary_large_image","twitter_misc":{"Dur\u00e9e de lecture estim\u00e9e":"3 minutes"},"schema":{"@context":"https:\/\/schema.org","@graph":[{"@type":"WebPage","@id":"https:\/\/vapingnet.de\/vape\/bang-tick-tock-20000-puffs-blueberry-cherry-lemonade-fuer-deinen-fruchtigen-genuss\/","url":"https:\/\/vapingnet.de\/vape\/bang-tick-tock-20000-puffs-blueberry-cherry-lemonade-fuer-deinen-fruchtigen-genuss\/","name":"Bang Tick Tock 20000 Puffs Blueberry Cherry Lemonade F\u00fcr Deinen Fruchtigen Genuss | Vapingnet.de","isPartOf":{"@id":"https:\/\/vapingnet.de\/#website"},"primaryImageOfPage":{"@id":"https:\/\/vapingnet.de\/vape\/bang-tick-tock-20000-puffs-blueberry-cherry-lemonade-fuer-deinen-fruchtigen-genuss\/#primaryimage"},"image":{"@id":"https:\/\/vapingnet.de\/vape\/bang-tick-tock-20000-puffs-blueberry-cherry-lemonade-fuer-deinen-fruchtigen-genuss\/#primaryimage"},"thumbnailUrl":"https:\/\/vapingnet.de\/wp-content\/uploads\/2025\/04\/Blueberry-Cherry-Lemonade.webp","datePublished":"2025-04-27T08:00:09+00:00","dateModified":"2025-06-19T03:39:24+00:00","description":"Entdecke Bang Tick Tock 20000 Puffs Blueberry Cherry Lemonade F\u00fcr Deinen Fruchtigen Genuss bei vapingnet.de, \u25ba Gro\u00dfe Auswahl an Geschmacksrichtungen & super g\u00fcnstig!","breadcrumb":{"@id":"https:\/\/vapingnet.de\/vape\/bang-tick-tock-20000-puffs-blueberry-cherry-lemonade-fuer-deinen-fruchtigen-genuss\/#breadcrumb"},"inLanguage":"fr-FR","potentialAction":[{"@type":"ReadAction","target":["https:\/\/vapingnet.de\/vape\/bang-tick-tock-20000-puffs-blueberry-cherry-lemonade-fuer-deinen-fruchtigen-genuss\/"]}]},{"@type":"ImageObject","inLanguage":"fr-FR","@id":"https:\/\/vapingnet.de\/vape\/bang-tick-tock-20000-puffs-blueberry-cherry-lemonade-fuer-deinen-fruchtigen-genuss\/#primaryimage","url":"https:\/\/vapingnet.de\/wp-content\/uploads\/2025\/04\/Blueberry-Cherry-Lemonade.webp","contentUrl":"https:\/\/vapingnet.de\/wp-content\/uploads\/2025\/04\/Blueberry-Cherry-Lemonade.webp","width":1000,"height":1000},{"@type":"BreadcrumbList","@id":"https:\/\/vapingnet.de\/vape\/bang-tick-tock-20000-puffs-blueberry-cherry-lemonade-fuer-deinen-fruchtigen-genuss\/#breadcrumb","itemListElement":[{"@type":"ListItem","position":1,"name":"Home","item":"https:\/\/vapingnet.de\/"},{"@type":"ListItem","position":2,"name":"Shop","item":"https:\/\/vapingnet.de\/vape\/"},{"@type":"ListItem","position":3,"name":"Bang Tick Tock 20000 Puffs Blueberry Cherry Lemonade F\u00fcr Deinen Fruchtigen Genuss"}]},{"@type":"WebSite","@id":"https:\/\/vapingnet.de\/#website","url":"https:\/\/vapingnet.de\/","name":"Vapingnet.de","description":"","publisher":{"@id":"https:\/\/vapingnet.de\/#organization"},"potentialAction":[{"@type":"SearchAction","target":{"@type":"EntryPoint","urlTemplate":"https:\/\/vapingnet.de\/?s={search_term_string}"},"query-input":{"@type":"PropertyValueSpecification","valueRequired":true,"valueName":"search_term_string"}}],"inLanguage":"fr-FR"},{"@type":"Organization","@id":"https:\/\/vapingnet.de\/#organization","name":"Vapingnet.de","url":"https:\/\/vapingnet.de\/","logo":{"@type":"ImageObject","inLanguage":"fr-FR","@id":"https:\/\/vapingnet.de\/#\/schema\/logo\/image\/","url":"https:\/\/vapingnet.de\/wp-content\/uploads\/2025\/03\/cropped-vapingnet.de_.jpg","contentUrl":"https:\/\/vapingnet.de\/wp-content\/uploads\/2025\/03\/cropped-vapingnet.de_.jpg","width":512,"height":512,"caption":"Vapingnet.de"},"image":{"@id":"https:\/\/vapingnet.de\/#\/schema\/logo\/image\/"},"sameAs":["https:\/\/www.facebook.com\/vapingnetde\/"]}]}},"tiered_pricing_type":"fixed","tiered_pricing_fixed_rules":{"10":"10.44","60":"9.4","110":"8.35","200":"7.31"},"tiered_pricing_product_settings":{"layout":"default","base_unit_name":{"singular":null,"plural":null},"default_variation":null},"tiered_pricing_minimum_quantity":null,"tiered_pricing_roles_data":[],"tiered_pricing_percentage_rules":[],"_links":{"self":[{"href":"https:\/\/vapingnet.de\/fr\/wp-json\/wp\/v2\/product\/6582","targetHints":{"allow":["GET"]}}],"collection":[{"href":"https:\/\/vapingnet.de\/fr\/wp-json\/wp\/v2\/product"}],"about":[{"href":"https:\/\/vapingnet.de\/fr\/wp-json\/wp\/v2\/types\/product"}],"version-history":[{"count":3,"href":"https:\/\/vapingnet.de\/fr\/wp-json\/wp\/v2\/product\/6582\/revisions"}],"predecessor-version":[{"id":6590,"href":"https:\/\/vapingnet.de\/fr\/wp-json\/wp\/v2\/product\/6582\/revisions\/6590"}],"wp:featuredmedia":[{"embeddable":true,"href":"https:\/\/vapingnet.de\/fr\/wp-json\/wp\/v2\/media\/6565"}],"wp:attachment":[{"href":"https:\/\/vapingnet.de\/fr\/wp-json\/wp\/v2\/media?parent=6582"}],"wp:term":[{"taxonomy":"brand","embeddable":true,"href":"https:\/\/vapingnet.de\/fr\/wp-json\/wp\/v2\/etheme_brands?post=6582"},{"taxonomy":"product_brand","embeddable":true,"href":"https:\/\/vapingnet.de\/fr\/wp-json\/wp\/v2\/product_brand?post=6582"},{"taxonomy":"product_cat","embeddable":true,"href":"https:\/\/vapingnet.de\/fr\/wp-json\/wp\/v2\/product_cat?post=6582"},{"taxonomy":"product_tag","embeddable":true,"href":"https:\/\/vapingnet.de\/fr\/wp-json\/wp\/v2\/product_tag?post=6582"}],"curies":[{"name":"wp","href":"https:\/\/api.w.org\/{rel}","templated":true}]}}