{"id":6584,"date":"2025-04-27T08:01:53","date_gmt":"2025-04-27T08:01:53","guid":{"rendered":"https:\/\/vapingnet.de\/?post_type=product&#038;p=6584"},"modified":"2025-06-19T03:39:23","modified_gmt":"2025-06-19T03:39:23","slug":"bang-tick-tock-20000-puffs-mit-blackdragon-ice-der-geschmack-des-sommers","status":"publish","type":"product","link":"https:\/\/vapingnet.de\/fr\/vape\/bang-tick-tock-20000-puffs-mit-blackdragon-ice-der-geschmack-des-sommers\/","title":{"rendered":"Bang Tick Tock 20000 Bouff\u00e9es Avec Blackdragon Ice Le Go\u00fbt de l'\u00c9t\u00e9"},"content":{"rendered":"<h2 data-start=\"0\" data-end=\"64\">Bang Tick Tock 20000 Bouff\u00e9es \u2013 Une nouvelle dimension de la vape<\/h2>\n<p class=\"\" data-start=\"66\" data-end=\"488\">La Bang Tick Tock 20000 Bouff\u00e9es est le choix id\u00e9al pour tous les vapoteurs \u00e0 la recherche d'une cigarette \u00e9lectronique jetable puissante, facile \u00e0 utiliser et innovante. Avec de nombreuses fonctionnalit\u00e9s modernes et une exp\u00e9rience gustative unique, cette cigarette \u00e9lectronique offre tout ce que l'on peut attendre d'un produit. Jetons un coup d'\u0153il d\u00e9taill\u00e9 aux principales caract\u00e9ristiques et avantages.<\/p>\n<h3 class=\"\" data-start=\"490\" data-end=\"548\">Caract\u00e9ristiques techniques de la Bang Tick Tock 20000 Bouff\u00e9es<\/h3>\n<p class=\"\" data-start=\"550\" data-end=\"749\">La Bang Tick Tock impressionne par une multitude d'innovations techniques. Ses composants puissants offrent une exp\u00e9rience de vapotage exceptionnelle, qui ravira m\u00eame les vapoteurs les plus exigeants.<\/p>\n<div class=\"group pointer-events-none relative flex justify-center *:pointer-events-auto\"><button class=\"hover:bg-token-main-surface-secondary text-token-text-secondary pointer-events-auto rounded-lg px-1 py-1 opacity-0 transition-opacity duration-200 group-focus-within:opacity-100 group-hover:opacity-100\"><\/button><\/p>\n<div class=\"tableContainer horzScrollShadows relative\">\n<table class=\"min-w-full\" style=\"height: 335px;\" width=\"647\" data-start=\"751\" data-end=\"1559\">\n<thead data-start=\"751\" data-end=\"831\">\n<tr data-start=\"751\" data-end=\"831\">\n<th data-start=\"751\" data-end=\"778\">Caract\u00e9ristique<\/th>\n<th data-start=\"778\" data-end=\"831\">Description<\/th>\n<\/tr>\n<\/thead>\n<tbody data-start=\"912\" data-end=\"1559\">\n<tr data-start=\"912\" data-end=\"992\">\n<td class=\"max-w-[calc(var(--thread-content-max-width)*2\/3)]\" data-start=\"912\" data-end=\"940\">Capacit\u00e9 du e-liquide<\/td>\n<td class=\"max-w-[calc(var(--thread-content-max-width)*2\/3)]\" data-start=\"940\" data-end=\"992\">25ml<\/td>\n<\/tr>\n<tr data-start=\"993\" data-end=\"1073\">\n<td class=\"max-w-[calc(var(--thread-content-max-width)*2\/3)]\" data-start=\"993\" data-end=\"1021\">R\u00e9pulseur en Mesh<\/td>\n<td class=\"max-w-[calc(var(--thread-content-max-width)*2\/3)]\" data-start=\"1021\" data-end=\"1073\">1,0 Ohm<\/td>\n<\/tr>\n<tr data-start=\"1074\" data-end=\"1154\">\n<td class=\"max-w-[calc(var(--thread-content-max-width)*2\/3)]\" data-start=\"1074\" data-end=\"1102\">Batterie<\/td>\n<td class=\"max-w-[calc(var(--thread-content-max-width)*2\/3)]\" data-start=\"1102\" data-end=\"1154\">500mAh<\/td>\n<\/tr>\n<tr data-start=\"1155\" data-end=\"1235\">\n<td class=\"max-w-[calc(var(--thread-content-max-width)*2\/3)]\" data-start=\"1155\" data-end=\"1183\">Port de charge<\/td>\n<td class=\"max-w-[calc(var(--thread-content-max-width)*2\/3)]\" data-start=\"1183\" data-end=\"1235\">Type-C<\/td>\n<\/tr>\n<tr data-start=\"1236\" data-end=\"1316\">\n<td class=\"max-w-[calc(var(--thread-content-max-width)*2\/3)]\" data-start=\"1236\" data-end=\"1264\">Modes de vapotage<\/td>\n<td class=\"max-w-[calc(var(--thread-content-max-width)*2\/3)]\" data-start=\"1264\" data-end=\"1316\">Mode dynamique \/ Mode silencieux<\/td>\n<\/tr>\n<tr data-start=\"1317\" data-end=\"1397\">\n<td class=\"max-w-[calc(var(--thread-content-max-width)*2\/3)]\" data-start=\"1317\" data-end=\"1345\">Activation<\/td>\n<td class=\"max-w-[calc(var(--thread-content-max-width)*2\/3)]\" data-start=\"1345\" data-end=\"1397\">Activation par aspiration<\/td>\n<\/tr>\n<tr data-start=\"1398\" data-end=\"1478\">\n<td class=\"max-w-[calc(var(--thread-content-max-width)*2\/3)]\" data-start=\"1398\" data-end=\"1426\">Saveur<\/td>\n<td class=\"max-w-[calc(var(--thread-content-max-width)*2\/3)]\" data-start=\"1426\" data-end=\"1478\">Blackdragon Ice<\/td>\n<\/tr>\n<tr data-start=\"1479\" data-end=\"1559\">\n<td class=\"max-w-[calc(var(--thread-content-max-width)*2\/3)]\" data-start=\"1479\" data-end=\"1507\">Poids par pi\u00e8ce<\/td>\n<td class=\"max-w-[calc(var(--thread-content-max-width)*2\/3)]\" data-start=\"1507\" data-end=\"1559\">91g<\/td>\n<\/tr>\n<\/tbody>\n<\/table>\n<\/div>\n<\/div>\n<h4 data-start=\"1561\" data-end=\"1608\">Deux modes de vapotage pour une utilisation polyvalente<\/h4>\n<p class=\"\" data-start=\"1610\" data-end=\"1730\">La Bang Tick Tock 20000 Bouff\u00e9es propose deux modes de vapotage diff\u00e9rents, offrant des exp\u00e9riences vari\u00e9es :<\/p>\n<ol data-start=\"1731\" data-end=\"2030\">\n<li class=\"\" data-start=\"1731\" data-end=\"1851\">\n<p class=\"\" data-start=\"1734\" data-end=\"1851\">Mode dynamique : dans ce mode, des engrenages tournent pendant que vous vapotez, offrant une exp\u00e9rience interactive.<\/p>\n<\/li>\n<li class=\"\" data-start=\"1852\" data-end=\"2030\">\n<p class=\"\" data-start=\"1855\" data-end=\"2030\">Mode silencieux : activez ce mode en effectuant trois inhalations rapides en deux secondes pour arr\u00eater la rotation des engrenages et profiter d'une vape silencieuse.<\/p>\n<\/li>\n<\/ol>\n<h4 data-start=\"2032\" data-end=\"2080\">Go\u00fbt de haute qualit\u00e9 \u2013 Blackdragon Ice<\/h4>\n<p class=\"\" data-start=\"2082\" data-end=\"2383\">La Bang Tick Tock 20000 Puffs offre une saveur unique de Blackdragon Ice, qui combine parfaitement des notes fruit\u00e9es sucr\u00e9es et exotiques, avec un effet rafra\u00eechissant de menthol. Cette saveur est un excellent choix pour les vapoteurs recherchant quelque chose de sp\u00e9cial.<\/p>\n<h4 data-start=\"2385\" data-end=\"2427\">Flexibilit\u00e9 dans la force de nicotine<\/h4>\n<p class=\"\" data-start=\"2429\" data-end=\"2558\">Pour une exp\u00e9rience de vapotage personnalis\u00e9e, la Bang Tick Tock 20000 Puffs est disponible en diff\u00e9rentes concentrations de nicotine :<\/p>\n<ul data-start=\"2559\" data-end=\"2703\">\n<li class=\"\" data-start=\"2559\" data-end=\"2625\">\n<p class=\"\" data-start=\"2561\" data-end=\"2625\">0% de nicotine pour ceux qui souhaitent vapoter sans nicotine.<\/p>\n<\/li>\n<li class=\"\" data-start=\"2626\" data-end=\"2703\">\n<p class=\"\" data-start=\"2628\" data-end=\"2703\">2%, 3% et 5% de nicotine pour les utilisateurs pr\u00e9f\u00e9rant une action plus forte.<\/p>\n<\/li>\n<\/ul>\n<h4 data-start=\"2705\" data-end=\"2743\">Fonctions conviviales<\/h4>\n<p class=\"\" data-start=\"2745\" data-end=\"2980\">Avec la technologie activ\u00e9e par aspiration, la cigarette \u00e9lectronique s'allume automatiquement d\u00e8s que vous tirez dessus, vous \u00e9vitant de devoir l'activer manuellement. Cette fonction rend le vapotage simple et pratique.<\/p>\n<h4 data-start=\"2982\" data-end=\"3034\">Longue dur\u00e9e de vie pour un plaisir durable<\/h4>\n<p class=\"\" data-start=\"3036\" data-end=\"3316\">Gr\u00e2ce \u00e0 une capacit\u00e9 g\u00e9n\u00e9reuse de 25 ml de e-liquide, vous pouvez profiter de plus de 20 000 bouff\u00e9es avant que le liquide ne soit \u00e9puis\u00e9. La batterie de 500 mAh garantit une utilisation prolong\u00e9e sans avoir \u00e0 la recharger fr\u00e9quemment.<\/p>\n<h4 data-start=\"3318\" data-end=\"3370\">Pourquoi choisir la Bang Tick Tock 20000 Puffs ?<\/h4>\n<p class=\"\" data-start=\"3372\" data-end=\"3694\">La Bang Tick Tock 20000 Puffs est le choix parfait pour les vapoteurs \u00e0 la recherche d'une cigarette \u00e9lectronique jetable innovante, puissante et facile \u00e0 utiliser. Avec sa saveur unique et ses fonctionnalit\u00e9s avanc\u00e9es, ce produit offre tout ce dont vous avez besoin pour une exp\u00e9rience de vapotage inoubliable.<\/p>\n<p class=\"\" data-start=\"3696\" data-end=\"3809\">Pour plus d'informations et pour commander le produit, visitez vapingnet.fr.<\/p>","protected":false},"excerpt":{"rendered":"<p>Bang Tick Tock 20000 Puffs \u2013 Eine neue Dimension des Dampfen Die Bang Tick Tock 20000 Puffs ist die ideale Wahl f\u00fcr alle Dampfer, die&#8230;<\/p>","protected":false},"featured_media":6564,"template":"","meta":[],"etheme_brands":[],"product_brand":[101],"product_cat":[54,49,61],"product_tag":[],"class_list":{"0":"post-6584","1":"product","2":"type-product","3":"status-publish","4":"has-post-thumbnail","6":"product_brand-bang-king-vape","7":"product_cat-vape-20000-zuege","8":"product_cat-einweg-e-zigarette","9":"product_cat-f","11":"first","12":"instock","13":"shipping-taxable","14":"purchasable","15":"product-type-simple"},"yoast_head":"<!-- This site is optimized with the Yoast SEO plugin v26.5 - https:\/\/yoast.com\/wordpress\/plugins\/seo\/ -->\n<title>Bang Tick Tock 20000 Puffs Mit Blackdragon Ice Der Geschmack Des Sommers | Vapingnet.de<\/title>\n<meta name=\"description\" content=\"Entdecke Bang Tick Tock 20000 Puffs Mit Blackdragon Ice Der Geschmack Des Sommers bei vapingnet.de, \u25ba Gro\u00dfe Auswahl an Geschmacksrichtungen &amp; super g\u00fcnstig!\" \/>\n<meta name=\"robots\" content=\"index, follow, max-snippet:-1, max-image-preview:large, max-video-preview:-1\" \/>\n<link rel=\"canonical\" href=\"https:\/\/vapingnet.de\/fr\/vape\/bang-tick-tock-20000-puffs-mit-blackdragon-ice-der-geschmack-des-sommers\/\" \/>\n<meta property=\"og:locale\" content=\"fr_FR\" \/>\n<meta property=\"og:type\" content=\"article\" \/>\n<meta property=\"og:title\" content=\"Bang Tick Tock 20000 Puffs Mit Blackdragon Ice Der Geschmack Des Sommers | Vapingnet.de\" \/>\n<meta property=\"og:description\" content=\"Entdecke Bang Tick Tock 20000 Puffs Mit Blackdragon Ice Der Geschmack Des Sommers bei vapingnet.de, \u25ba Gro\u00dfe Auswahl an Geschmacksrichtungen &amp; super g\u00fcnstig!\" \/>\n<meta property=\"og:url\" content=\"https:\/\/vapingnet.de\/fr\/vape\/bang-tick-tock-20000-puffs-mit-blackdragon-ice-der-geschmack-des-sommers\/\" \/>\n<meta property=\"og:site_name\" content=\"Vapingnet.de\" \/>\n<meta property=\"article:publisher\" content=\"https:\/\/www.facebook.com\/vapingnetde\/\" \/>\n<meta property=\"article:modified_time\" content=\"2025-06-19T03:39:23+00:00\" \/>\n<meta property=\"og:image\" content=\"https:\/\/vapingnet.de\/wp-content\/uploads\/2025\/04\/Blackdragon-Ice.webp\" \/>\n\t<meta property=\"og:image:width\" content=\"1000\" \/>\n\t<meta property=\"og:image:height\" content=\"1000\" \/>\n\t<meta property=\"og:image:type\" content=\"image\/webp\" \/>\n<meta name=\"twitter:card\" content=\"summary_large_image\" \/>\n<meta name=\"twitter:label1\" content=\"Dur\u00e9e de lecture estim\u00e9e\" \/>\n\t<meta name=\"twitter:data1\" content=\"3 minutes\" \/>\n<script type=\"application\/ld+json\" class=\"yoast-schema-graph\">{\"@context\":\"https:\/\/schema.org\",\"@graph\":[{\"@type\":\"WebPage\",\"@id\":\"https:\/\/vapingnet.de\/vape\/bang-tick-tock-20000-puffs-mit-blackdragon-ice-der-geschmack-des-sommers\/\",\"url\":\"https:\/\/vapingnet.de\/vape\/bang-tick-tock-20000-puffs-mit-blackdragon-ice-der-geschmack-des-sommers\/\",\"name\":\"Bang Tick Tock 20000 Puffs Mit Blackdragon Ice Der Geschmack Des Sommers | Vapingnet.de\",\"isPartOf\":{\"@id\":\"https:\/\/vapingnet.de\/#website\"},\"primaryImageOfPage\":{\"@id\":\"https:\/\/vapingnet.de\/vape\/bang-tick-tock-20000-puffs-mit-blackdragon-ice-der-geschmack-des-sommers\/#primaryimage\"},\"image\":{\"@id\":\"https:\/\/vapingnet.de\/vape\/bang-tick-tock-20000-puffs-mit-blackdragon-ice-der-geschmack-des-sommers\/#primaryimage\"},\"thumbnailUrl\":\"https:\/\/vapingnet.de\/wp-content\/uploads\/2025\/04\/Blackdragon-Ice.webp\",\"datePublished\":\"2025-04-27T08:01:53+00:00\",\"dateModified\":\"2025-06-19T03:39:23+00:00\",\"description\":\"Entdecke Bang Tick Tock 20000 Puffs Mit Blackdragon Ice Der Geschmack Des Sommers bei vapingnet.de, \u25ba Gro\u00dfe Auswahl an Geschmacksrichtungen & super g\u00fcnstig!\",\"breadcrumb\":{\"@id\":\"https:\/\/vapingnet.de\/vape\/bang-tick-tock-20000-puffs-mit-blackdragon-ice-der-geschmack-des-sommers\/#breadcrumb\"},\"inLanguage\":\"fr-FR\",\"potentialAction\":[{\"@type\":\"ReadAction\",\"target\":[\"https:\/\/vapingnet.de\/vape\/bang-tick-tock-20000-puffs-mit-blackdragon-ice-der-geschmack-des-sommers\/\"]}]},{\"@type\":\"ImageObject\",\"inLanguage\":\"fr-FR\",\"@id\":\"https:\/\/vapingnet.de\/vape\/bang-tick-tock-20000-puffs-mit-blackdragon-ice-der-geschmack-des-sommers\/#primaryimage\",\"url\":\"https:\/\/vapingnet.de\/wp-content\/uploads\/2025\/04\/Blackdragon-Ice.webp\",\"contentUrl\":\"https:\/\/vapingnet.de\/wp-content\/uploads\/2025\/04\/Blackdragon-Ice.webp\",\"width\":1000,\"height\":1000},{\"@type\":\"BreadcrumbList\",\"@id\":\"https:\/\/vapingnet.de\/vape\/bang-tick-tock-20000-puffs-mit-blackdragon-ice-der-geschmack-des-sommers\/#breadcrumb\",\"itemListElement\":[{\"@type\":\"ListItem\",\"position\":1,\"name\":\"Home\",\"item\":\"https:\/\/vapingnet.de\/\"},{\"@type\":\"ListItem\",\"position\":2,\"name\":\"Shop\",\"item\":\"https:\/\/vapingnet.de\/vape\/\"},{\"@type\":\"ListItem\",\"position\":3,\"name\":\"Bang Tick Tock 20000 Puffs Mit Blackdragon Ice Der Geschmack Des Sommers\"}]},{\"@type\":\"WebSite\",\"@id\":\"https:\/\/vapingnet.de\/#website\",\"url\":\"https:\/\/vapingnet.de\/\",\"name\":\"Vapingnet.de\",\"description\":\"\",\"publisher\":{\"@id\":\"https:\/\/vapingnet.de\/#organization\"},\"potentialAction\":[{\"@type\":\"SearchAction\",\"target\":{\"@type\":\"EntryPoint\",\"urlTemplate\":\"https:\/\/vapingnet.de\/?s={search_term_string}\"},\"query-input\":{\"@type\":\"PropertyValueSpecification\",\"valueRequired\":true,\"valueName\":\"search_term_string\"}}],\"inLanguage\":\"fr-FR\"},{\"@type\":\"Organization\",\"@id\":\"https:\/\/vapingnet.de\/#organization\",\"name\":\"Vapingnet.de\",\"url\":\"https:\/\/vapingnet.de\/\",\"logo\":{\"@type\":\"ImageObject\",\"inLanguage\":\"fr-FR\",\"@id\":\"https:\/\/vapingnet.de\/#\/schema\/logo\/image\/\",\"url\":\"https:\/\/vapingnet.de\/wp-content\/uploads\/2025\/03\/cropped-vapingnet.de_.jpg\",\"contentUrl\":\"https:\/\/vapingnet.de\/wp-content\/uploads\/2025\/03\/cropped-vapingnet.de_.jpg\",\"width\":512,\"height\":512,\"caption\":\"Vapingnet.de\"},\"image\":{\"@id\":\"https:\/\/vapingnet.de\/#\/schema\/logo\/image\/\"},\"sameAs\":[\"https:\/\/www.facebook.com\/vapingnetde\/\"]}]}<\/script>\n<!-- \/ Yoast SEO plugin. -->","yoast_head_json":{"title":"Bang Tick Tock 20000 Puffs Mit Blackdragon Ice Der Geschmack Des Sommers | Vapingnet.de","description":"Entdecke Bang Tick Tock 20000 Puffs Mit Blackdragon Ice Der Geschmack Des Sommers bei vapingnet.de, \u25ba Gro\u00dfe Auswahl an Geschmacksrichtungen & super g\u00fcnstig!","robots":{"index":"index","follow":"follow","max-snippet":"max-snippet:-1","max-image-preview":"max-image-preview:large","max-video-preview":"max-video-preview:-1"},"canonical":"https:\/\/vapingnet.de\/fr\/vape\/bang-tick-tock-20000-puffs-mit-blackdragon-ice-der-geschmack-des-sommers\/","og_locale":"fr_FR","og_type":"article","og_title":"Bang Tick Tock 20000 Puffs Mit Blackdragon Ice Der Geschmack Des Sommers | Vapingnet.de","og_description":"Entdecke Bang Tick Tock 20000 Puffs Mit Blackdragon Ice Der Geschmack Des Sommers bei vapingnet.de, \u25ba Gro\u00dfe Auswahl an Geschmacksrichtungen & super g\u00fcnstig!","og_url":"https:\/\/vapingnet.de\/fr\/vape\/bang-tick-tock-20000-puffs-mit-blackdragon-ice-der-geschmack-des-sommers\/","og_site_name":"Vapingnet.de","article_publisher":"https:\/\/www.facebook.com\/vapingnetde\/","article_modified_time":"2025-06-19T03:39:23+00:00","og_image":[{"width":1000,"height":1000,"url":"https:\/\/vapingnet.de\/wp-content\/uploads\/2025\/04\/Blackdragon-Ice.webp","type":"image\/webp"}],"twitter_card":"summary_large_image","twitter_misc":{"Dur\u00e9e de lecture estim\u00e9e":"3 minutes"},"schema":{"@context":"https:\/\/schema.org","@graph":[{"@type":"WebPage","@id":"https:\/\/vapingnet.de\/vape\/bang-tick-tock-20000-puffs-mit-blackdragon-ice-der-geschmack-des-sommers\/","url":"https:\/\/vapingnet.de\/vape\/bang-tick-tock-20000-puffs-mit-blackdragon-ice-der-geschmack-des-sommers\/","name":"Bang Tick Tock 20000 Puffs Mit Blackdragon Ice Der Geschmack Des Sommers | Vapingnet.de","isPartOf":{"@id":"https:\/\/vapingnet.de\/#website"},"primaryImageOfPage":{"@id":"https:\/\/vapingnet.de\/vape\/bang-tick-tock-20000-puffs-mit-blackdragon-ice-der-geschmack-des-sommers\/#primaryimage"},"image":{"@id":"https:\/\/vapingnet.de\/vape\/bang-tick-tock-20000-puffs-mit-blackdragon-ice-der-geschmack-des-sommers\/#primaryimage"},"thumbnailUrl":"https:\/\/vapingnet.de\/wp-content\/uploads\/2025\/04\/Blackdragon-Ice.webp","datePublished":"2025-04-27T08:01:53+00:00","dateModified":"2025-06-19T03:39:23+00:00","description":"Entdecke Bang Tick Tock 20000 Puffs Mit Blackdragon Ice Der Geschmack Des Sommers bei vapingnet.de, \u25ba Gro\u00dfe Auswahl an Geschmacksrichtungen & super g\u00fcnstig!","breadcrumb":{"@id":"https:\/\/vapingnet.de\/vape\/bang-tick-tock-20000-puffs-mit-blackdragon-ice-der-geschmack-des-sommers\/#breadcrumb"},"inLanguage":"fr-FR","potentialAction":[{"@type":"ReadAction","target":["https:\/\/vapingnet.de\/vape\/bang-tick-tock-20000-puffs-mit-blackdragon-ice-der-geschmack-des-sommers\/"]}]},{"@type":"ImageObject","inLanguage":"fr-FR","@id":"https:\/\/vapingnet.de\/vape\/bang-tick-tock-20000-puffs-mit-blackdragon-ice-der-geschmack-des-sommers\/#primaryimage","url":"https:\/\/vapingnet.de\/wp-content\/uploads\/2025\/04\/Blackdragon-Ice.webp","contentUrl":"https:\/\/vapingnet.de\/wp-content\/uploads\/2025\/04\/Blackdragon-Ice.webp","width":1000,"height":1000},{"@type":"BreadcrumbList","@id":"https:\/\/vapingnet.de\/vape\/bang-tick-tock-20000-puffs-mit-blackdragon-ice-der-geschmack-des-sommers\/#breadcrumb","itemListElement":[{"@type":"ListItem","position":1,"name":"Home","item":"https:\/\/vapingnet.de\/"},{"@type":"ListItem","position":2,"name":"Shop","item":"https:\/\/vapingnet.de\/vape\/"},{"@type":"ListItem","position":3,"name":"Bang Tick Tock 20000 Puffs Mit Blackdragon Ice Der Geschmack Des Sommers"}]},{"@type":"WebSite","@id":"https:\/\/vapingnet.de\/#website","url":"https:\/\/vapingnet.de\/","name":"Vapingnet.de","description":"","publisher":{"@id":"https:\/\/vapingnet.de\/#organization"},"potentialAction":[{"@type":"SearchAction","target":{"@type":"EntryPoint","urlTemplate":"https:\/\/vapingnet.de\/?s={search_term_string}"},"query-input":{"@type":"PropertyValueSpecification","valueRequired":true,"valueName":"search_term_string"}}],"inLanguage":"fr-FR"},{"@type":"Organization","@id":"https:\/\/vapingnet.de\/#organization","name":"Vapingnet.de","url":"https:\/\/vapingnet.de\/","logo":{"@type":"ImageObject","inLanguage":"fr-FR","@id":"https:\/\/vapingnet.de\/#\/schema\/logo\/image\/","url":"https:\/\/vapingnet.de\/wp-content\/uploads\/2025\/03\/cropped-vapingnet.de_.jpg","contentUrl":"https:\/\/vapingnet.de\/wp-content\/uploads\/2025\/03\/cropped-vapingnet.de_.jpg","width":512,"height":512,"caption":"Vapingnet.de"},"image":{"@id":"https:\/\/vapingnet.de\/#\/schema\/logo\/image\/"},"sameAs":["https:\/\/www.facebook.com\/vapingnetde\/"]}]}},"tiered_pricing_type":"fixed","tiered_pricing_fixed_rules":{"10":"10.44","60":"9.4","110":"8.35","200":"7.31"},"tiered_pricing_product_settings":{"layout":"default","base_unit_name":{"singular":null,"plural":null},"default_variation":null},"tiered_pricing_minimum_quantity":null,"tiered_pricing_roles_data":[],"tiered_pricing_percentage_rules":[],"_links":{"self":[{"href":"https:\/\/vapingnet.de\/fr\/wp-json\/wp\/v2\/product\/6584","targetHints":{"allow":["GET"]}}],"collection":[{"href":"https:\/\/vapingnet.de\/fr\/wp-json\/wp\/v2\/product"}],"about":[{"href":"https:\/\/vapingnet.de\/fr\/wp-json\/wp\/v2\/types\/product"}],"version-history":[{"count":1,"href":"https:\/\/vapingnet.de\/fr\/wp-json\/wp\/v2\/product\/6584\/revisions"}],"predecessor-version":[{"id":6591,"href":"https:\/\/vapingnet.de\/fr\/wp-json\/wp\/v2\/product\/6584\/revisions\/6591"}],"wp:featuredmedia":[{"embeddable":true,"href":"https:\/\/vapingnet.de\/fr\/wp-json\/wp\/v2\/media\/6564"}],"wp:attachment":[{"href":"https:\/\/vapingnet.de\/fr\/wp-json\/wp\/v2\/media?parent=6584"}],"wp:term":[{"taxonomy":"brand","embeddable":true,"href":"https:\/\/vapingnet.de\/fr\/wp-json\/wp\/v2\/etheme_brands?post=6584"},{"taxonomy":"product_brand","embeddable":true,"href":"https:\/\/vapingnet.de\/fr\/wp-json\/wp\/v2\/product_brand?post=6584"},{"taxonomy":"product_cat","embeddable":true,"href":"https:\/\/vapingnet.de\/fr\/wp-json\/wp\/v2\/product_cat?post=6584"},{"taxonomy":"product_tag","embeddable":true,"href":"https:\/\/vapingnet.de\/fr\/wp-json\/wp\/v2\/product_tag?post=6584"}],"curies":[{"name":"wp","href":"https:\/\/api.w.org\/{rel}","templated":true}]}}