{"id":6585,"date":"2025-04-27T08:01:54","date_gmt":"2025-04-27T08:01:54","guid":{"rendered":"https:\/\/vapingnet.de\/?post_type=product&#038;p=6585"},"modified":"2025-06-19T03:39:23","modified_gmt":"2025-06-19T03:39:23","slug":"geniesse-den-frischen-geschmack-von-peach-ice-in-20000-puffs","status":"publish","type":"product","link":"https:\/\/vapingnet.de\/fr\/vape\/geniesse-den-frischen-geschmack-von-peach-ice-in-20000-puffs\/","title":{"rendered":"Savourez la fra\u00eecheur du Peach Ice en 20000 Puffs"},"content":{"rendered":"<h2 data-start=\"0\" data-end=\"65\" data-immersive-translate-walked=\"ce7f7216-1711-433b-b569-9b63081b6a7e\">Bang Tick Tock 20000 Bouff\u00e9es \u2013 Votre cigarette \u00e9lectronique jetable parfaite<\/h2>\n<p class=\"\" data-start=\"67\" data-end=\"406\" data-immersive-translate-walked=\"ce7f7216-1711-433b-b569-9b63081b6a7e\" data-immersive-translate-paragraph=\"1\">La Bang Tick Tock 20000 Bouff\u00e9es est une cigarette \u00e9lectronique jetable qui impressionne par sa technologie avanc\u00e9e et ses performances de vapeur exceptionnelles. Elle offre une solution durable pour les vapoteurs \u00e0 la recherche d'une exp\u00e9rience moderne et rafra\u00eechissante. D\u00e9couvrez ci-dessous ce qui distingue particuli\u00e8rement ce mod\u00e8le.<\/p>\n<h3>Caract\u00e9ristiques principales de la Bang Tick Tock 20000 Bouff\u00e9es<\/h3>\n<ul data-start=\"462\" data-end=\"1554\" data-immersive-translate-walked=\"ce7f7216-1711-433b-b569-9b63081b6a7e\">\n<li class=\"\" data-start=\"462\" data-end=\"693\" data-immersive-translate-walked=\"ce7f7216-1711-433b-b569-9b63081b6a7e\">\n<p class=\"\" data-start=\"464\" data-end=\"693\" data-immersive-translate-walked=\"ce7f7216-1711-433b-b569-9b63081b6a7e\" data-immersive-translate-paragraph=\"1\">Mesh Coil : Avec une r\u00e9sistance Mesh de 1,0 Ohm, la Bang Tick Tock 20000 Bouff\u00e9es assure une vapeur uniforme et intense. La technologie Mesh garantit une meilleure r\u00e9partition de la chaleur et une exp\u00e9rience de vapotage am\u00e9lior\u00e9e.<\/p>\n<\/li>\n<li class=\"\" data-start=\"697\" data-end=\"904\" data-immersive-translate-walked=\"ce7f7216-1711-433b-b569-9b63081b6a7e\">\n<p class=\"\" data-start=\"699\" data-end=\"904\" data-immersive-translate-walked=\"ce7f7216-1711-433b-b569-9b63081b6a7e\" data-immersive-translate-paragraph=\"1\">Capacit\u00e9 en E-liquide : La cigarette \u00e9lectronique peut contenir 25 ml d'E-liquide, ce qui assure une longue dur\u00e9e d'utilisation et en fait un choix pratique pour les vapoteurs ne souhaitant pas chercher constamment du rechange.<\/p>\n<\/li>\n<li class=\"\" data-start=\"906\" data-end=\"1139\" data-immersive-translate-walked=\"ce7f7216-1711-433b-b569-9b63081b6a7e\">\n<p class=\"\" data-start=\"908\" data-end=\"1139\" data-immersive-translate-walked=\"ce7f7216-1711-433b-b569-9b63081b6a7e\" data-immersive-translate-paragraph=\"1\">Variantes de nicotine : Disponible en concentrations de nicotine 0%, 2%, 3% et 5%, ce mod\u00e8le offre des options flexibles selon la force pr\u00e9f\u00e9r\u00e9e. Vous pouvez ainsi adapter pr\u00e9cis\u00e9ment votre exp\u00e9rience de vapotage \u00e0 vos besoins.<\/p>\n<\/li>\n<li class=\"\" data-start=\"1141\" data-end=\"1380\" data-immersive-translate-walked=\"ce7f7216-1711-433b-b569-9b63081b6a7e\">\n<p class=\"\" data-start=\"1143\" data-end=\"1380\" data-immersive-translate-walked=\"ce7f7216-1711-433b-b569-9b63081b6a7e\" data-immersive-translate-paragraph=\"1\">Batterie : \u00c9quip\u00e9e d'une batterie de 500 mAh, offrant suffisamment de puissance pour jusqu'\u00e0 20 000 bouff\u00e9es, la Bang Tick Tock 20000 Bouff\u00e9es garantit une longue dur\u00e9e de vie. Vous n'avez pas \u00e0 vous soucier de la recharge fr\u00e9quente.<\/p>\n<\/li>\n<li class=\"\" data-start=\"1382\" data-end=\"1554\" data-immersive-translate-walked=\"ce7f7216-1711-433b-b569-9b63081b6a7e\">\n<p class=\"\" data-start=\"1384\" data-end=\"1554\" data-immersive-translate-walked=\"ce7f7216-1711-433b-b569-9b63081b6a7e\" data-immersive-translate-paragraph=\"1\">Port de charge : Le port de charge Type-C permet une recharge rapide et simple, pour que vous puissiez rapidement retrouver votre exp\u00e9rience de vapotage.<\/p>\n<\/li>\n<\/ul>\n<h4 data-start=\"1556\" data-end=\"1593\" data-immersive-translate-walked=\"ce7f7216-1711-433b-b569-9b63081b6a7e\">Fonctions et modes sp\u00e9ciaux<\/h4>\n<ul data-start=\"1595\" data-end=\"2402\" data-immersive-translate-walked=\"ce7f7216-1711-433b-b569-9b63081b6a7e\">\n<li class=\"\" data-start=\"1595\" data-end=\"1888\" data-immersive-translate-walked=\"ce7f7216-1711-433b-b569-9b63081b6a7e\">\n<p class=\"\" data-start=\"1597\" data-end=\"1888\" data-immersive-translate-walked=\"ce7f7216-1711-433b-b569-9b63081b6a7e\" data-immersive-translate-paragraph=\"1\">\u00c9cran dynamique : L'une des caract\u00e9ristiques les plus innovantes de cette cigarette \u00e9lectronique est l'\u00e9cran dynamique, qui affiche des effets visuels pendant le vapotage. Lors de l'utilisation, une roue dent\u00e9e se d\u00e9place, rendant le vapotage ludique et interactif.<\/p>\n<\/li>\n<li class=\"\" data-start=\"1890\" data-end=\"2231\" data-immersive-translate-walked=\"ce7f7216-1711-433b-b569-9b63081b6a7e\">\n<p class=\"\" data-start=\"1892\" data-end=\"2231\" data-immersive-translate-walked=\"ce7f7216-1711-433b-b569-9b63081b6a7e\" data-immersive-translate-paragraph=\"1\">Deux modes de vapotage : La Bang Tick Tock 20000 Bouff\u00e9es propose deux modes : le mode dynamique, o\u00f9 les roues dent\u00e9es tournent lors du vapotage, et le mode silencieux, activ\u00e9 par trois bouff\u00e9es rapides en deux secondes pour arr\u00eater les roues dent\u00e9es. Vous pouvez ainsi personnaliser votre exp\u00e9rience selon vos pr\u00e9f\u00e9rences.<\/p>\n<\/li>\n<li class=\"\" data-start=\"2233\" data-end=\"2402\" data-immersive-translate-walked=\"ce7f7216-1711-433b-b569-9b63081b6a7e\">\n<p class=\"\" data-start=\"2235\" data-end=\"2402\" data-immersive-translate-walked=\"ce7f7216-1711-433b-b569-9b63081b6a7e\" data-immersive-translate-paragraph=\"1\">Vapotage MTL : L'appareil est con\u00e7u pour le vapotage MTL (Mouth to Lung), ce qui le rend id\u00e9al pour les utilisateurs pr\u00e9f\u00e9rant le style traditionnel de vapeur de cigarette.<\/p>\n<\/li>\n<\/ul>\n<h4 data-start=\"2404\" data-end=\"2432\" data-immersive-translate-walked=\"ce7f7216-1711-433b-b569-9b63081b6a7e\">Go\u00fbt : Peach Ice<\/h4>\n<p class=\"\" data-start=\"2434\" data-end=\"2768\" data-immersive-translate-walked=\"ce7f7216-1711-433b-b569-9b63081b6a7e\" data-immersive-translate-paragraph=\"1\">Le go\u00fbt de la Bang Tick Tock 20000 Bouff\u00e9es combine un m\u00e9lange de p\u00eache et de glace. La saveur sucr\u00e9e et fruit\u00e9e de la p\u00eache est accompagn\u00e9e d'une note de menthol rafra\u00eechissante, offrant une exp\u00e9rience de vapotage rafra\u00eechissante et agr\u00e9able \u2013 id\u00e9ale pour les vapoteurs recherchant une vapeur fruit\u00e9e et fra\u00eeche \u00e0 la fois.<\/p>\n<h4 data-start=\"2770\" data-end=\"2799\" data-immersive-translate-walked=\"ce7f7216-1711-433b-b569-9b63081b6a7e\">Avantages en r\u00e9sum\u00e9<\/h4>\n<ul data-start=\"2801\" data-end=\"3325\" data-immersive-translate-walked=\"ce7f7216-1711-433b-b569-9b63081b6a7e\">\n<li class=\"\" data-start=\"2801\" data-end=\"2990\" data-immersive-translate-walked=\"ce7f7216-1711-433b-b569-9b63081b6a7e\">\n<p class=\"\" data-start=\"2803\" data-end=\"2990\" data-immersive-translate-walked=\"ce7f7216-1711-433b-b569-9b63081b6a7e\" data-immersive-translate-paragraph=\"1\">Longue dur\u00e9e de vie : Avec une capacit\u00e9 en E-liquide de 25 ml et une batterie de 500 mAh, la Bang Tick Tock 20000 Bouff\u00e9es est con\u00e7ue pour fournir jusqu'\u00e0 20 000 bouff\u00e9es.<\/p>\n<\/li>\n<li class=\"\" data-start=\"2991\" data-end=\"3174\" data-immersive-translate-walked=\"ce7f7216-1711-433b-b569-9b63081b6a7e\">\n<p class=\"\" data-start=\"2993\" data-end=\"3174\" data-immersive-translate-walked=\"ce7f7216-1711-433b-b569-9b63081b6a7e\" data-immersive-translate-paragraph=\"1\">Facilit\u00e9 d'utilisation : Le syst\u00e8me activ\u00e9 par aspiration garantit que l'appareil s'allume automatiquement lorsque vous tirez dessus. Plus besoin d'appuyer ou d'allumer manuellement.<\/p>\n<\/li>\n<li class=\"\" data-start=\"3175\" data-end=\"3325\" data-immersive-translate-walked=\"ce7f7216-1711-433b-b569-9b63081b6a7e\">\n<p class=\"\" data-start=\"3177\" data-end=\"3325\" data-immersive-translate-walked=\"ce7f7216-1711-433b-b569-9b63081b6a7e\" data-immersive-translate-paragraph=\"1\">Utilisation confortable : Le port de charge Type-C permet une recharge rapide et facile, pour que vous soyez toujours pr\u00eat pour votre prochaine s\u00e9ance de vapotage.<\/p>\n<\/li>\n<\/ul>\n<p class=\"\" data-start=\"3342\" data-end=\"3835\" data-immersive-translate-walked=\"ce7f7216-1711-433b-b569-9b63081b6a7e\" data-immersive-translate-paragraph=\"1\">La Bang Tick Tock 20000 Bouff\u00e9es est une cigarette \u00e9lectronique jetable exceptionnelle, qui s\u00e9duit non seulement par sa technologie innovante, mais aussi par son go\u00fbt agr\u00e9able et sa facilit\u00e9 d'utilisation. Si vous recherchez une cigarette \u00e9lectronique durable et personnalisable, offrant une exp\u00e9rience de vapotage interactive, ce mod\u00e8le est fait pour vous. Visitez vapingnet.fr pour en savoir plus et commander votre Bang Tick Tock 20000 Bouff\u00e9es.<\/p>\n<p>&nbsp;<\/p>","protected":false},"excerpt":{"rendered":"<p>Bang Tick Tock 20000 Bouff\u00e9es \u2013 Votre cigarette \u00e9lectronique jetable parfaite La Bang Tick Tock 20000 Bouff\u00e9es est une cigarette \u00e9lectronique jetable \u00e9quip\u00e9e de technologies avanc\u00e9es et d\u2019une performance exceptionnelle...<\/p>","protected":false},"featured_media":6570,"template":"","meta":[],"etheme_brands":[],"product_brand":[101],"product_cat":[54,49,61],"product_tag":[],"class_list":{"0":"post-6585","1":"product","2":"type-product","3":"status-publish","4":"has-post-thumbnail","6":"product_brand-bang-king-vape","7":"product_cat-vape-20000-zuege","8":"product_cat-einweg-e-zigarette","9":"product_cat-f","11":"first","12":"instock","13":"shipping-taxable","14":"purchasable","15":"product-type-simple"},"yoast_head":"<!-- This site is optimized with the Yoast SEO plugin v26.5 - https:\/\/yoast.com\/wordpress\/plugins\/seo\/ -->\n<title>Genie\u00dfe Den Frischen Geschmack Von Peach Ice In 20000 Puffs | Vapingnet.de<\/title>\n<meta name=\"description\" content=\"Entdecke Genie\u00dfe Den Frischen Geschmack Von Peach Ice In 20000 Puffs bei vapingnet.de, \u25ba Gro\u00dfe Auswahl an Geschmacksrichtungen &amp; super g\u00fcnstig!\" \/>\n<meta name=\"robots\" content=\"index, follow, max-snippet:-1, max-image-preview:large, max-video-preview:-1\" \/>\n<link rel=\"canonical\" href=\"https:\/\/vapingnet.de\/fr\/vape\/geniesse-den-frischen-geschmack-von-peach-ice-in-20000-puffs\/\" \/>\n<meta property=\"og:locale\" content=\"fr_FR\" \/>\n<meta property=\"og:type\" content=\"article\" \/>\n<meta property=\"og:title\" content=\"Genie\u00dfe Den Frischen Geschmack Von Peach Ice In 20000 Puffs | Vapingnet.de\" \/>\n<meta property=\"og:description\" content=\"Entdecke Genie\u00dfe Den Frischen Geschmack Von Peach Ice In 20000 Puffs bei vapingnet.de, \u25ba Gro\u00dfe Auswahl an Geschmacksrichtungen &amp; super g\u00fcnstig!\" \/>\n<meta property=\"og:url\" content=\"https:\/\/vapingnet.de\/fr\/vape\/geniesse-den-frischen-geschmack-von-peach-ice-in-20000-puffs\/\" \/>\n<meta property=\"og:site_name\" content=\"Vapingnet.de\" \/>\n<meta property=\"article:publisher\" content=\"https:\/\/www.facebook.com\/vapingnetde\/\" \/>\n<meta property=\"article:modified_time\" content=\"2025-06-19T03:39:23+00:00\" \/>\n<meta property=\"og:image\" content=\"https:\/\/vapingnet.de\/wp-content\/uploads\/2025\/04\/Peach-Ice-2.webp\" \/>\n\t<meta property=\"og:image:width\" content=\"1000\" \/>\n\t<meta property=\"og:image:height\" content=\"1000\" \/>\n\t<meta property=\"og:image:type\" content=\"image\/webp\" \/>\n<meta name=\"twitter:card\" content=\"summary_large_image\" \/>\n<meta name=\"twitter:label1\" content=\"Dur\u00e9e de lecture estim\u00e9e\" \/>\n\t<meta name=\"twitter:data1\" content=\"4 minutes\" \/>\n<script type=\"application\/ld+json\" class=\"yoast-schema-graph\">{\"@context\":\"https:\/\/schema.org\",\"@graph\":[{\"@type\":\"WebPage\",\"@id\":\"https:\/\/vapingnet.de\/vape\/geniesse-den-frischen-geschmack-von-peach-ice-in-20000-puffs\/\",\"url\":\"https:\/\/vapingnet.de\/vape\/geniesse-den-frischen-geschmack-von-peach-ice-in-20000-puffs\/\",\"name\":\"Genie\u00dfe Den Frischen Geschmack Von Peach Ice In 20000 Puffs | Vapingnet.de\",\"isPartOf\":{\"@id\":\"https:\/\/vapingnet.de\/#website\"},\"primaryImageOfPage\":{\"@id\":\"https:\/\/vapingnet.de\/vape\/geniesse-den-frischen-geschmack-von-peach-ice-in-20000-puffs\/#primaryimage\"},\"image\":{\"@id\":\"https:\/\/vapingnet.de\/vape\/geniesse-den-frischen-geschmack-von-peach-ice-in-20000-puffs\/#primaryimage\"},\"thumbnailUrl\":\"https:\/\/vapingnet.de\/wp-content\/uploads\/2025\/04\/Peach-Ice-2.webp\",\"datePublished\":\"2025-04-27T08:01:54+00:00\",\"dateModified\":\"2025-06-19T03:39:23+00:00\",\"description\":\"Entdecke Genie\u00dfe Den Frischen Geschmack Von Peach Ice In 20000 Puffs bei vapingnet.de, \u25ba Gro\u00dfe Auswahl an Geschmacksrichtungen & super g\u00fcnstig!\",\"breadcrumb\":{\"@id\":\"https:\/\/vapingnet.de\/vape\/geniesse-den-frischen-geschmack-von-peach-ice-in-20000-puffs\/#breadcrumb\"},\"inLanguage\":\"fr-FR\",\"potentialAction\":[{\"@type\":\"ReadAction\",\"target\":[\"https:\/\/vapingnet.de\/vape\/geniesse-den-frischen-geschmack-von-peach-ice-in-20000-puffs\/\"]}]},{\"@type\":\"ImageObject\",\"inLanguage\":\"fr-FR\",\"@id\":\"https:\/\/vapingnet.de\/vape\/geniesse-den-frischen-geschmack-von-peach-ice-in-20000-puffs\/#primaryimage\",\"url\":\"https:\/\/vapingnet.de\/wp-content\/uploads\/2025\/04\/Peach-Ice-2.webp\",\"contentUrl\":\"https:\/\/vapingnet.de\/wp-content\/uploads\/2025\/04\/Peach-Ice-2.webp\",\"width\":1000,\"height\":1000},{\"@type\":\"BreadcrumbList\",\"@id\":\"https:\/\/vapingnet.de\/vape\/geniesse-den-frischen-geschmack-von-peach-ice-in-20000-puffs\/#breadcrumb\",\"itemListElement\":[{\"@type\":\"ListItem\",\"position\":1,\"name\":\"Home\",\"item\":\"https:\/\/vapingnet.de\/\"},{\"@type\":\"ListItem\",\"position\":2,\"name\":\"Shop\",\"item\":\"https:\/\/vapingnet.de\/vape\/\"},{\"@type\":\"ListItem\",\"position\":3,\"name\":\"Genie\u00dfe Den Frischen Geschmack Von Peach Ice In 20000 Puffs\"}]},{\"@type\":\"WebSite\",\"@id\":\"https:\/\/vapingnet.de\/#website\",\"url\":\"https:\/\/vapingnet.de\/\",\"name\":\"Vapingnet.de\",\"description\":\"\",\"publisher\":{\"@id\":\"https:\/\/vapingnet.de\/#organization\"},\"potentialAction\":[{\"@type\":\"SearchAction\",\"target\":{\"@type\":\"EntryPoint\",\"urlTemplate\":\"https:\/\/vapingnet.de\/?s={search_term_string}\"},\"query-input\":{\"@type\":\"PropertyValueSpecification\",\"valueRequired\":true,\"valueName\":\"search_term_string\"}}],\"inLanguage\":\"fr-FR\"},{\"@type\":\"Organization\",\"@id\":\"https:\/\/vapingnet.de\/#organization\",\"name\":\"Vapingnet.de\",\"url\":\"https:\/\/vapingnet.de\/\",\"logo\":{\"@type\":\"ImageObject\",\"inLanguage\":\"fr-FR\",\"@id\":\"https:\/\/vapingnet.de\/#\/schema\/logo\/image\/\",\"url\":\"https:\/\/vapingnet.de\/wp-content\/uploads\/2025\/03\/cropped-vapingnet.de_.jpg\",\"contentUrl\":\"https:\/\/vapingnet.de\/wp-content\/uploads\/2025\/03\/cropped-vapingnet.de_.jpg\",\"width\":512,\"height\":512,\"caption\":\"Vapingnet.de\"},\"image\":{\"@id\":\"https:\/\/vapingnet.de\/#\/schema\/logo\/image\/\"},\"sameAs\":[\"https:\/\/www.facebook.com\/vapingnetde\/\"]}]}<\/script>\n<!-- \/ Yoast SEO plugin. -->","yoast_head_json":{"title":"Genie\u00dfe Den Frischen Geschmack Von Peach Ice In 20000 Puffs | Vapingnet.de","description":"Entdecke Genie\u00dfe Den Frischen Geschmack Von Peach Ice In 20000 Puffs bei vapingnet.de, \u25ba Gro\u00dfe Auswahl an Geschmacksrichtungen & super g\u00fcnstig!","robots":{"index":"index","follow":"follow","max-snippet":"max-snippet:-1","max-image-preview":"max-image-preview:large","max-video-preview":"max-video-preview:-1"},"canonical":"https:\/\/vapingnet.de\/fr\/vape\/geniesse-den-frischen-geschmack-von-peach-ice-in-20000-puffs\/","og_locale":"fr_FR","og_type":"article","og_title":"Genie\u00dfe Den Frischen Geschmack Von Peach Ice In 20000 Puffs | Vapingnet.de","og_description":"Entdecke Genie\u00dfe Den Frischen Geschmack Von Peach Ice In 20000 Puffs bei vapingnet.de, \u25ba Gro\u00dfe Auswahl an Geschmacksrichtungen & super g\u00fcnstig!","og_url":"https:\/\/vapingnet.de\/fr\/vape\/geniesse-den-frischen-geschmack-von-peach-ice-in-20000-puffs\/","og_site_name":"Vapingnet.de","article_publisher":"https:\/\/www.facebook.com\/vapingnetde\/","article_modified_time":"2025-06-19T03:39:23+00:00","og_image":[{"width":1000,"height":1000,"url":"https:\/\/vapingnet.de\/wp-content\/uploads\/2025\/04\/Peach-Ice-2.webp","type":"image\/webp"}],"twitter_card":"summary_large_image","twitter_misc":{"Dur\u00e9e de lecture estim\u00e9e":"4 minutes"},"schema":{"@context":"https:\/\/schema.org","@graph":[{"@type":"WebPage","@id":"https:\/\/vapingnet.de\/vape\/geniesse-den-frischen-geschmack-von-peach-ice-in-20000-puffs\/","url":"https:\/\/vapingnet.de\/vape\/geniesse-den-frischen-geschmack-von-peach-ice-in-20000-puffs\/","name":"Genie\u00dfe Den Frischen Geschmack Von Peach Ice In 20000 Puffs | Vapingnet.de","isPartOf":{"@id":"https:\/\/vapingnet.de\/#website"},"primaryImageOfPage":{"@id":"https:\/\/vapingnet.de\/vape\/geniesse-den-frischen-geschmack-von-peach-ice-in-20000-puffs\/#primaryimage"},"image":{"@id":"https:\/\/vapingnet.de\/vape\/geniesse-den-frischen-geschmack-von-peach-ice-in-20000-puffs\/#primaryimage"},"thumbnailUrl":"https:\/\/vapingnet.de\/wp-content\/uploads\/2025\/04\/Peach-Ice-2.webp","datePublished":"2025-04-27T08:01:54+00:00","dateModified":"2025-06-19T03:39:23+00:00","description":"Entdecke Genie\u00dfe Den Frischen Geschmack Von Peach Ice In 20000 Puffs bei vapingnet.de, \u25ba Gro\u00dfe Auswahl an Geschmacksrichtungen & super g\u00fcnstig!","breadcrumb":{"@id":"https:\/\/vapingnet.de\/vape\/geniesse-den-frischen-geschmack-von-peach-ice-in-20000-puffs\/#breadcrumb"},"inLanguage":"fr-FR","potentialAction":[{"@type":"ReadAction","target":["https:\/\/vapingnet.de\/vape\/geniesse-den-frischen-geschmack-von-peach-ice-in-20000-puffs\/"]}]},{"@type":"ImageObject","inLanguage":"fr-FR","@id":"https:\/\/vapingnet.de\/vape\/geniesse-den-frischen-geschmack-von-peach-ice-in-20000-puffs\/#primaryimage","url":"https:\/\/vapingnet.de\/wp-content\/uploads\/2025\/04\/Peach-Ice-2.webp","contentUrl":"https:\/\/vapingnet.de\/wp-content\/uploads\/2025\/04\/Peach-Ice-2.webp","width":1000,"height":1000},{"@type":"BreadcrumbList","@id":"https:\/\/vapingnet.de\/vape\/geniesse-den-frischen-geschmack-von-peach-ice-in-20000-puffs\/#breadcrumb","itemListElement":[{"@type":"ListItem","position":1,"name":"Home","item":"https:\/\/vapingnet.de\/"},{"@type":"ListItem","position":2,"name":"Shop","item":"https:\/\/vapingnet.de\/vape\/"},{"@type":"ListItem","position":3,"name":"Genie\u00dfe Den Frischen Geschmack Von Peach Ice In 20000 Puffs"}]},{"@type":"WebSite","@id":"https:\/\/vapingnet.de\/#website","url":"https:\/\/vapingnet.de\/","name":"Vapingnet.de","description":"","publisher":{"@id":"https:\/\/vapingnet.de\/#organization"},"potentialAction":[{"@type":"SearchAction","target":{"@type":"EntryPoint","urlTemplate":"https:\/\/vapingnet.de\/?s={search_term_string}"},"query-input":{"@type":"PropertyValueSpecification","valueRequired":true,"valueName":"search_term_string"}}],"inLanguage":"fr-FR"},{"@type":"Organization","@id":"https:\/\/vapingnet.de\/#organization","name":"Vapingnet.de","url":"https:\/\/vapingnet.de\/","logo":{"@type":"ImageObject","inLanguage":"fr-FR","@id":"https:\/\/vapingnet.de\/#\/schema\/logo\/image\/","url":"https:\/\/vapingnet.de\/wp-content\/uploads\/2025\/03\/cropped-vapingnet.de_.jpg","contentUrl":"https:\/\/vapingnet.de\/wp-content\/uploads\/2025\/03\/cropped-vapingnet.de_.jpg","width":512,"height":512,"caption":"Vapingnet.de"},"image":{"@id":"https:\/\/vapingnet.de\/#\/schema\/logo\/image\/"},"sameAs":["https:\/\/www.facebook.com\/vapingnetde\/"]}]}},"tiered_pricing_type":"fixed","tiered_pricing_fixed_rules":{"10":"10.44","60":"9.4","110":"8.35","200":"7.31"},"tiered_pricing_product_settings":{"layout":"default","base_unit_name":{"singular":null,"plural":null},"default_variation":null},"tiered_pricing_minimum_quantity":null,"tiered_pricing_roles_data":[],"tiered_pricing_percentage_rules":[],"_links":{"self":[{"href":"https:\/\/vapingnet.de\/fr\/wp-json\/wp\/v2\/product\/6585","targetHints":{"allow":["GET"]}}],"collection":[{"href":"https:\/\/vapingnet.de\/fr\/wp-json\/wp\/v2\/product"}],"about":[{"href":"https:\/\/vapingnet.de\/fr\/wp-json\/wp\/v2\/types\/product"}],"version-history":[{"count":1,"href":"https:\/\/vapingnet.de\/fr\/wp-json\/wp\/v2\/product\/6585\/revisions"}],"predecessor-version":[{"id":6592,"href":"https:\/\/vapingnet.de\/fr\/wp-json\/wp\/v2\/product\/6585\/revisions\/6592"}],"wp:featuredmedia":[{"embeddable":true,"href":"https:\/\/vapingnet.de\/fr\/wp-json\/wp\/v2\/media\/6570"}],"wp:attachment":[{"href":"https:\/\/vapingnet.de\/fr\/wp-json\/wp\/v2\/media?parent=6585"}],"wp:term":[{"taxonomy":"brand","embeddable":true,"href":"https:\/\/vapingnet.de\/fr\/wp-json\/wp\/v2\/etheme_brands?post=6585"},{"taxonomy":"product_brand","embeddable":true,"href":"https:\/\/vapingnet.de\/fr\/wp-json\/wp\/v2\/product_brand?post=6585"},{"taxonomy":"product_cat","embeddable":true,"href":"https:\/\/vapingnet.de\/fr\/wp-json\/wp\/v2\/product_cat?post=6585"},{"taxonomy":"product_tag","embeddable":true,"href":"https:\/\/vapingnet.de\/fr\/wp-json\/wp\/v2\/product_tag?post=6585"}],"curies":[{"name":"wp","href":"https:\/\/api.w.org\/{rel}","templated":true}]}}