{"id":6588,"date":"2025-04-27T08:01:58","date_gmt":"2025-04-27T08:01:58","guid":{"rendered":"https:\/\/vapingnet.de\/?post_type=product&#038;p=6588"},"modified":"2025-06-19T03:39:22","modified_gmt":"2025-06-19T03:39:22","slug":"erlebe-die-exklusivitaet-von-blueberry-ice-in-bang-tick-tock-20000-puffs","status":"publish","type":"product","link":"https:\/\/vapingnet.de\/fr\/vape\/erlebe-die-exklusivitaet-von-blueberry-ice-in-bang-tick-tock-20000-puffs\/","title":{"rendered":"D\u00e9couvrez l'exclusivit\u00e9 du Blueberry Ice dans la Bang Tick Tock 20000 Puffs"},"content":{"rendered":"<h2 data-start=\"0\" data-end=\"89\" data-immersive-translate-walked=\"3e1f7feb-41af-4c1b-80a9-37e9f110835c\">Bang Tick Tock 20000 Bouff\u00e9es \u2013 L'exp\u00e9rience ultime de vapotage dans une cigarette \u00e9lectronique jetable<\/h2>\n<p class=\"\" data-start=\"91\" data-end=\"396\" data-immersive-translate-walked=\"3e1f7feb-41af-4c1b-80a9-37e9f110835c\" data-immersive-translate-paragraph=\"1\">La cigarette \u00e9lectronique jetable Bang Tick Tock 20000 Bouff\u00e9es est le choix parfait pour les vapoteurs recherchant un produit puissant et facile \u00e0 utiliser. Avec des fonctionnalit\u00e9s innovantes, une grande capacit\u00e9 de e-liquide et une saveur rafra\u00eechissante, ce mod\u00e8le offre une exp\u00e9rience de vapotage exceptionnelle.<\/p>\n<h3 class=\"\" data-start=\"398\" data-end=\"428\" data-immersive-translate-walked=\"3e1f7feb-41af-4c1b-80a9-37e9f110835c\" data-immersive-translate-paragraph=\"1\">Sp\u00e9cifications techniques<\/h3>\n<ul data-start=\"430\" data-end=\"1141\" data-immersive-translate-walked=\"3e1f7feb-41af-4c1b-80a9-37e9f110835c\">\n<li class=\"\" data-start=\"430\" data-end=\"607\" data-immersive-translate-walked=\"3e1f7feb-41af-4c1b-80a9-37e9f110835c\">\n<p class=\"\" data-start=\"432\" data-end=\"607\" data-immersive-translate-walked=\"3e1f7feb-41af-4c1b-80a9-37e9f110835c\" data-immersive-translate-paragraph=\"1\">Mesh Coil (1,0 Ohm) : La r\u00e9sistance Mesh de 1,0 Ohm assure une vaporisation uniforme et intense, ce qui conduit \u00e0 une saveur excellente et une vapeur dense.<\/p>\n<\/li>\n<li class=\"\" data-start=\"608\" data-end=\"792\" data-immersive-translate-walked=\"3e1f7feb-41af-4c1b-80a9-37e9f110835c\">\n<p class=\"\" data-start=\"610\" data-end=\"792\" data-immersive-translate-walked=\"3e1f7feb-41af-4c1b-80a9-37e9f110835c\" data-immersive-translate-paragraph=\"1\">Capacit\u00e9 de e-liquide (25 ml) : Avec une capacit\u00e9 g\u00e9n\u00e9reuse de 25 ml, cette cigarette \u00e9lectronique jetable offre une longue dur\u00e9e d'utilisation, vous \u00e9vitant de devoir la remplir constamment.<\/p>\n<\/li>\n<li class=\"\" data-start=\"793\" data-end=\"950\" data-immersive-translate-walked=\"3e1f7feb-41af-4c1b-80a9-37e9f110835c\">\n<p class=\"\" data-start=\"795\" data-end=\"950\" data-immersive-translate-walked=\"3e1f7feb-41af-4c1b-80a9-37e9f110835c\" data-immersive-translate-paragraph=\"1\">Batterie (500 mAh) : La batterie de 500 mAh fournit l'\u00e9nergie n\u00e9cessaire pour une performance stable et vous permet de vapoter longtemps et sans interruption.<\/p>\n<\/li>\n<li class=\"\" data-start=\"951\" data-end=\"1141\" data-immersive-translate-walked=\"3e1f7feb-41af-4c1b-80a9-37e9f110835c\">\n<p class=\"\" data-start=\"953\" data-end=\"1141\" data-immersive-translate-walked=\"3e1f7feb-41af-4c1b-80a9-37e9f110835c\" data-immersive-translate-paragraph=\"1\">Port de charge (Type-C) : Le port de charge Type-C permet une recharge rapide et facile de l'appareil, vous faisant gagner du temps et vous permettant de vapoter davantage.<\/p>\n<\/li>\n<\/ul>\n<h4 data-start=\"1143\" data-end=\"1193\" data-immersive-translate-walked=\"3e1f7feb-41af-4c1b-80a9-37e9f110835c\" data-immersive-translate-paragraph=\"1\">Deux modes pour diff\u00e9rentes exp\u00e9riences de vapotage<\/h4>\n<p class=\"\" data-start=\"1195\" data-end=\"1348\" data-immersive-translate-walked=\"3e1f7feb-41af-4c1b-80a9-37e9f110835c\" data-immersive-translate-paragraph=\"1\">La Bang Tick Tock 20000 Bouff\u00e9es propose deux modes de vapotage diff\u00e9rents, vous donnant la libert\u00e9 de personnaliser votre exp\u00e9rience selon vos pr\u00e9f\u00e9rences :<\/p>\n<ul data-start=\"1350\" data-end=\"1657\" data-immersive-translate-walked=\"3e1f7feb-41af-4c1b-80a9-37e9f110835c\">\n<li class=\"\" data-start=\"1350\" data-end=\"1500\" data-immersive-translate-walked=\"3e1f7feb-41af-4c1b-80a9-37e9f110835c\">\n<p class=\"\" data-start=\"1352\" data-end=\"1500\" data-immersive-translate-walked=\"3e1f7feb-41af-4c1b-80a9-37e9f110835c\" data-immersive-translate-paragraph=\"1\">Mode dynamique : Dans ce mode, les engrenages tournent pendant le vapotage, ajoutant une composante visuelle captivante \u00e0 l'exp\u00e9rience.<\/p>\n<\/li>\n<li class=\"\" data-start=\"1501\" data-end=\"1657\" data-immersive-translate-walked=\"3e1f7feb-41af-4c1b-80a9-37e9f110835c\">\n<p class=\"\" data-start=\"1503\" data-end=\"1657\" data-immersive-translate-walked=\"3e1f7feb-41af-4c1b-80a9-37e9f110835c\" data-immersive-translate-paragraph=\"1\">Mode silencieux : Vous souhaitez vapoter discr\u00e8tement ? Le mode silencieux arr\u00eate les engrenages en seulement trois coups rapides en deux secondes.<\/p>\n<\/li>\n<\/ul>\n<h4 data-start=\"1659\" data-end=\"1692\" data-immersive-translate-walked=\"3e1f7feb-41af-4c1b-80a9-37e9f110835c\" data-immersive-translate-paragraph=\"1\">Saveur et options de nicotine<\/h4>\n<p class=\"\" data-start=\"1694\" data-end=\"1919\" data-immersive-translate-walked=\"3e1f7feb-41af-4c1b-80a9-37e9f110835c\" data-immersive-translate-paragraph=\"1\">La Bang Tick Tock 20000 Bouff\u00e9es est \u00e9quip\u00e9e d'une saveur d\u00e9licieuse de Blueberry Ice, offrant un \u00e9quilibre parfait entre la douceur de la myrtille et la fra\u00eecheur rafra\u00eechissante. Id\u00e9al pour une d\u00e9gustation de vapotage rafra\u00eechissante.<\/p>\n<p class=\"\" data-start=\"1921\" data-end=\"2030\" data-immersive-translate-walked=\"3e1f7feb-41af-4c1b-80a9-37e9f110835c\" data-immersive-translate-paragraph=\"1\">Pour les vapoteurs souhaitant contr\u00f4ler leur consommation de nicotine, plusieurs niveaux de nicotine sont disponibles :<\/p>\n<ul data-start=\"2032\" data-end=\"2051\" data-immersive-translate-walked=\"3e1f7feb-41af-4c1b-80a9-37e9f110835c\">\n<li class=\"\" data-start=\"2032\" data-end=\"2036\" data-immersive-translate-walked=\"3e1f7feb-41af-4c1b-80a9-37e9f110835c\">\n<p class=\"\" data-start=\"2034\" data-end=\"2036\" data-immersive-translate-walked=\"3e1f7feb-41af-4c1b-80a9-37e9f110835c\">0%<\/p>\n<\/li>\n<li class=\"\" data-start=\"2037\" data-end=\"2041\" data-immersive-translate-walked=\"3e1f7feb-41af-4c1b-80a9-37e9f110835c\">\n<p class=\"\" data-start=\"2039\" data-end=\"2041\" data-immersive-translate-walked=\"3e1f7feb-41af-4c1b-80a9-37e9f110835c\">2%<\/p>\n<\/li>\n<li class=\"\" data-start=\"2042\" data-end=\"2046\" data-immersive-translate-walked=\"3e1f7feb-41af-4c1b-80a9-37e9f110835c\">\n<p class=\"\" data-start=\"2044\" data-end=\"2046\" data-immersive-translate-walked=\"3e1f7feb-41af-4c1b-80a9-37e9f110835c\">3%<\/p>\n<\/li>\n<li class=\"\" data-start=\"2047\" data-end=\"2051\" data-immersive-translate-walked=\"3e1f7feb-41af-4c1b-80a9-37e9f110835c\">\n<p class=\"\" data-start=\"2049\" data-end=\"2051\" data-immersive-translate-walked=\"3e1f7feb-41af-4c1b-80a9-37e9f110835c\">5%<\/p>\n<\/li>\n<\/ul>\n<h4 data-start=\"2053\" data-end=\"2094\" data-immersive-translate-walked=\"3e1f7feb-41af-4c1b-80a9-37e9f110835c\" data-immersive-translate-paragraph=\"1\">Vapotage MTL (Mouth-to-Lung) et facilit\u00e9 d'utilisation<\/h4>\n<p class=\"\" data-start=\"2096\" data-end=\"2424\" data-immersive-translate-walked=\"3e1f7feb-41af-4c1b-80a9-37e9f110835c\" data-immersive-translate-paragraph=\"1\">La Bang Tick Tock 20000 Bouff\u00e9es est con\u00e7ue pour le vapotage MTL (bouche \u00e0 poumon), ce qui la rend id\u00e9ale pour les vapoteurs pr\u00e9f\u00e9rant la technique d'inhalation classique. Le syst\u00e8me activ\u00e9 par aspiration garantit que la cigarette \u00e9lectronique s'allume automatiquement \u00e0 chaque tirage, rendant son utilisation particuli\u00e8rement simple et pratique.<\/p>\n<h4 data-start=\"2426\" data-end=\"2450\" data-immersive-translate-walked=\"3e1f7feb-41af-4c1b-80a9-37e9f110835c\" data-immersive-translate-paragraph=\"1\">Exp\u00e9dition et avantages<\/h4>\n<p class=\"\" data-start=\"2452\" data-end=\"2513\" data-immersive-translate-walked=\"3e1f7feb-41af-4c1b-80a9-37e9f110835c\" data-immersive-translate-paragraph=\"1\">Les commandes sur vapingnet.fr offrent de nombreux avantages :<\/p>\n<ul data-start=\"2515\" data-end=\"2786\" data-immersive-translate-walked=\"3e1f7feb-41af-4c1b-80a9-37e9f110835c\">\n<li class=\"\" data-start=\"2515\" data-end=\"2637\" data-immersive-translate-walked=\"3e1f7feb-41af-4c1b-80a9-37e9f110835c\">\n<p class=\"\" data-start=\"2517\" data-end=\"2637\" data-immersive-translate-walked=\"3e1f7feb-41af-4c1b-80a9-37e9f110835c\" data-immersive-translate-paragraph=\"1\">Exp\u00e9dition rapide : Le d\u00e9lai de livraison est g\u00e9n\u00e9ralement de 7 \u00e0 15 jours ouvrables, garantissant une disponibilit\u00e9 rapide.<\/p>\n<\/li>\n<li class=\"\" data-start=\"2638\" data-end=\"2786\" data-immersive-translate-walked=\"3e1f7feb-41af-4c1b-80a9-37e9f110835c\">\n<p class=\"\" data-start=\"2640\" data-end=\"2786\" data-immersive-translate-walked=\"3e1f7feb-41af-4c1b-80a9-37e9f110835c\" data-immersive-translate-paragraph=\"1\">Exon\u00e9r\u00e9e de taxes : Lors de l'achat sur vapingnet.fr, aucune taxe douani\u00e8re ou taxe suppl\u00e9mentaire n'est appliqu\u00e9e, rendant le processus d'achat encore plus agr\u00e9able.<\/p>\n<\/li>\n<\/ul>\n<p class=\"\" data-start=\"2799\" data-end=\"3254\" data-immersive-translate-walked=\"3e1f7feb-41af-4c1b-80a9-37e9f110835c\" data-immersive-translate-paragraph=\"1\">La Bang Tick Tock 20000 Bouff\u00e9es est une cigarette \u00e9lectronique jetable exceptionnelle, offrant une grande capacit\u00e9 de e-liquide, une saveur polyvalente et des fonctionnalit\u00e9s innovantes. Que ce soit en mode dynamique ou en mode silencieux, l'exp\u00e9rience de vapotage est toujours unique et confortable. Avec diff\u00e9rentes options de nicotine et une utilisation conviviale, elle constitue un choix parfait pour tous les vapoteurs recherchant un produit de haute qualit\u00e9.<\/p>","protected":false},"excerpt":{"rendered":"<p>Bang Tick Tock 20000 Puffs \u2013 Das ultimative Dampferlebnis in einer Einweg-E-Zigarette Die Bang Tick Tock 20000 Puffs Einweg-E-Zigarette ist die perfekte Wahl f\u00fcr Dampfer,&#8230;<\/p>","protected":false},"featured_media":6566,"template":"","meta":[],"etheme_brands":[],"product_brand":[101],"product_cat":[54,49,61],"product_tag":[],"class_list":{"0":"post-6588","1":"product","2":"type-product","3":"status-publish","4":"has-post-thumbnail","6":"product_brand-bang-king-vape","7":"product_cat-vape-20000-zuege","8":"product_cat-einweg-e-zigarette","9":"product_cat-f","11":"first","12":"instock","13":"shipping-taxable","14":"purchasable","15":"product-type-simple"},"yoast_head":"<!-- This site is optimized with the Yoast SEO plugin v26.5 - https:\/\/yoast.com\/wordpress\/plugins\/seo\/ -->\n<title>Erlebe Die Exklusivit\u00e4t Von Blueberry Ice In Bang Tick Tock 20000 Puffs | Vapingnet.de<\/title>\n<meta name=\"description\" content=\"Entdecke Erlebe Die Exklusivit\u00e4t Von Blueberry Ice In Bang Tick Tock 20000 Puffs bei vapingnet.de, \u25ba Gro\u00dfe Auswahl an Geschmacksrichtungen &amp; super g\u00fcnstig!\" \/>\n<meta name=\"robots\" content=\"index, follow, max-snippet:-1, max-image-preview:large, max-video-preview:-1\" \/>\n<link rel=\"canonical\" href=\"https:\/\/vapingnet.de\/fr\/vape\/erlebe-die-exklusivitaet-von-blueberry-ice-in-bang-tick-tock-20000-puffs\/\" \/>\n<meta property=\"og:locale\" content=\"fr_FR\" \/>\n<meta property=\"og:type\" content=\"article\" \/>\n<meta property=\"og:title\" content=\"Erlebe Die Exklusivit\u00e4t Von Blueberry Ice In Bang Tick Tock 20000 Puffs | Vapingnet.de\" \/>\n<meta property=\"og:description\" content=\"Entdecke Erlebe Die Exklusivit\u00e4t Von Blueberry Ice In Bang Tick Tock 20000 Puffs bei vapingnet.de, \u25ba Gro\u00dfe Auswahl an Geschmacksrichtungen &amp; super g\u00fcnstig!\" \/>\n<meta property=\"og:url\" content=\"https:\/\/vapingnet.de\/fr\/vape\/erlebe-die-exklusivitaet-von-blueberry-ice-in-bang-tick-tock-20000-puffs\/\" \/>\n<meta property=\"og:site_name\" content=\"Vapingnet.de\" \/>\n<meta property=\"article:publisher\" content=\"https:\/\/www.facebook.com\/vapingnetde\/\" \/>\n<meta property=\"article:modified_time\" content=\"2025-06-19T03:39:22+00:00\" \/>\n<meta property=\"og:image\" content=\"https:\/\/vapingnet.de\/wp-content\/uploads\/2025\/04\/Blueberry-Ice.webp\" \/>\n\t<meta property=\"og:image:width\" content=\"1000\" \/>\n\t<meta property=\"og:image:height\" content=\"1000\" \/>\n\t<meta property=\"og:image:type\" content=\"image\/webp\" \/>\n<meta name=\"twitter:card\" content=\"summary_large_image\" \/>\n<meta name=\"twitter:label1\" content=\"Dur\u00e9e de lecture estim\u00e9e\" \/>\n\t<meta name=\"twitter:data1\" content=\"3 minutes\" \/>\n<script type=\"application\/ld+json\" class=\"yoast-schema-graph\">{\"@context\":\"https:\/\/schema.org\",\"@graph\":[{\"@type\":\"WebPage\",\"@id\":\"https:\/\/vapingnet.de\/vape\/erlebe-die-exklusivitaet-von-blueberry-ice-in-bang-tick-tock-20000-puffs\/\",\"url\":\"https:\/\/vapingnet.de\/vape\/erlebe-die-exklusivitaet-von-blueberry-ice-in-bang-tick-tock-20000-puffs\/\",\"name\":\"Erlebe Die Exklusivit\u00e4t Von Blueberry Ice In Bang Tick Tock 20000 Puffs | Vapingnet.de\",\"isPartOf\":{\"@id\":\"https:\/\/vapingnet.de\/#website\"},\"primaryImageOfPage\":{\"@id\":\"https:\/\/vapingnet.de\/vape\/erlebe-die-exklusivitaet-von-blueberry-ice-in-bang-tick-tock-20000-puffs\/#primaryimage\"},\"image\":{\"@id\":\"https:\/\/vapingnet.de\/vape\/erlebe-die-exklusivitaet-von-blueberry-ice-in-bang-tick-tock-20000-puffs\/#primaryimage\"},\"thumbnailUrl\":\"https:\/\/vapingnet.de\/wp-content\/uploads\/2025\/04\/Blueberry-Ice.webp\",\"datePublished\":\"2025-04-27T08:01:58+00:00\",\"dateModified\":\"2025-06-19T03:39:22+00:00\",\"description\":\"Entdecke Erlebe Die Exklusivit\u00e4t Von Blueberry Ice In Bang Tick Tock 20000 Puffs bei vapingnet.de, \u25ba Gro\u00dfe Auswahl an Geschmacksrichtungen & super g\u00fcnstig!\",\"breadcrumb\":{\"@id\":\"https:\/\/vapingnet.de\/vape\/erlebe-die-exklusivitaet-von-blueberry-ice-in-bang-tick-tock-20000-puffs\/#breadcrumb\"},\"inLanguage\":\"fr-FR\",\"potentialAction\":[{\"@type\":\"ReadAction\",\"target\":[\"https:\/\/vapingnet.de\/vape\/erlebe-die-exklusivitaet-von-blueberry-ice-in-bang-tick-tock-20000-puffs\/\"]}]},{\"@type\":\"ImageObject\",\"inLanguage\":\"fr-FR\",\"@id\":\"https:\/\/vapingnet.de\/vape\/erlebe-die-exklusivitaet-von-blueberry-ice-in-bang-tick-tock-20000-puffs\/#primaryimage\",\"url\":\"https:\/\/vapingnet.de\/wp-content\/uploads\/2025\/04\/Blueberry-Ice.webp\",\"contentUrl\":\"https:\/\/vapingnet.de\/wp-content\/uploads\/2025\/04\/Blueberry-Ice.webp\",\"width\":1000,\"height\":1000},{\"@type\":\"BreadcrumbList\",\"@id\":\"https:\/\/vapingnet.de\/vape\/erlebe-die-exklusivitaet-von-blueberry-ice-in-bang-tick-tock-20000-puffs\/#breadcrumb\",\"itemListElement\":[{\"@type\":\"ListItem\",\"position\":1,\"name\":\"Home\",\"item\":\"https:\/\/vapingnet.de\/\"},{\"@type\":\"ListItem\",\"position\":2,\"name\":\"Shop\",\"item\":\"https:\/\/vapingnet.de\/vape\/\"},{\"@type\":\"ListItem\",\"position\":3,\"name\":\"Erlebe Die Exklusivit\u00e4t Von Blueberry Ice In Bang Tick Tock 20000 Puffs\"}]},{\"@type\":\"WebSite\",\"@id\":\"https:\/\/vapingnet.de\/#website\",\"url\":\"https:\/\/vapingnet.de\/\",\"name\":\"Vapingnet.de\",\"description\":\"\",\"publisher\":{\"@id\":\"https:\/\/vapingnet.de\/#organization\"},\"potentialAction\":[{\"@type\":\"SearchAction\",\"target\":{\"@type\":\"EntryPoint\",\"urlTemplate\":\"https:\/\/vapingnet.de\/?s={search_term_string}\"},\"query-input\":{\"@type\":\"PropertyValueSpecification\",\"valueRequired\":true,\"valueName\":\"search_term_string\"}}],\"inLanguage\":\"fr-FR\"},{\"@type\":\"Organization\",\"@id\":\"https:\/\/vapingnet.de\/#organization\",\"name\":\"Vapingnet.de\",\"url\":\"https:\/\/vapingnet.de\/\",\"logo\":{\"@type\":\"ImageObject\",\"inLanguage\":\"fr-FR\",\"@id\":\"https:\/\/vapingnet.de\/#\/schema\/logo\/image\/\",\"url\":\"https:\/\/vapingnet.de\/wp-content\/uploads\/2025\/03\/cropped-vapingnet.de_.jpg\",\"contentUrl\":\"https:\/\/vapingnet.de\/wp-content\/uploads\/2025\/03\/cropped-vapingnet.de_.jpg\",\"width\":512,\"height\":512,\"caption\":\"Vapingnet.de\"},\"image\":{\"@id\":\"https:\/\/vapingnet.de\/#\/schema\/logo\/image\/\"},\"sameAs\":[\"https:\/\/www.facebook.com\/vapingnetde\/\"]}]}<\/script>\n<!-- \/ Yoast SEO plugin. -->","yoast_head_json":{"title":"Erlebe Die Exklusivit\u00e4t Von Blueberry Ice In Bang Tick Tock 20000 Puffs | Vapingnet.de","description":"Entdecke Erlebe Die Exklusivit\u00e4t Von Blueberry Ice In Bang Tick Tock 20000 Puffs bei vapingnet.de, \u25ba Gro\u00dfe Auswahl an Geschmacksrichtungen & super g\u00fcnstig!","robots":{"index":"index","follow":"follow","max-snippet":"max-snippet:-1","max-image-preview":"max-image-preview:large","max-video-preview":"max-video-preview:-1"},"canonical":"https:\/\/vapingnet.de\/fr\/vape\/erlebe-die-exklusivitaet-von-blueberry-ice-in-bang-tick-tock-20000-puffs\/","og_locale":"fr_FR","og_type":"article","og_title":"Erlebe Die Exklusivit\u00e4t Von Blueberry Ice In Bang Tick Tock 20000 Puffs | Vapingnet.de","og_description":"Entdecke Erlebe Die Exklusivit\u00e4t Von Blueberry Ice In Bang Tick Tock 20000 Puffs bei vapingnet.de, \u25ba Gro\u00dfe Auswahl an Geschmacksrichtungen & super g\u00fcnstig!","og_url":"https:\/\/vapingnet.de\/fr\/vape\/erlebe-die-exklusivitaet-von-blueberry-ice-in-bang-tick-tock-20000-puffs\/","og_site_name":"Vapingnet.de","article_publisher":"https:\/\/www.facebook.com\/vapingnetde\/","article_modified_time":"2025-06-19T03:39:22+00:00","og_image":[{"width":1000,"height":1000,"url":"https:\/\/vapingnet.de\/wp-content\/uploads\/2025\/04\/Blueberry-Ice.webp","type":"image\/webp"}],"twitter_card":"summary_large_image","twitter_misc":{"Dur\u00e9e de lecture estim\u00e9e":"3 minutes"},"schema":{"@context":"https:\/\/schema.org","@graph":[{"@type":"WebPage","@id":"https:\/\/vapingnet.de\/vape\/erlebe-die-exklusivitaet-von-blueberry-ice-in-bang-tick-tock-20000-puffs\/","url":"https:\/\/vapingnet.de\/vape\/erlebe-die-exklusivitaet-von-blueberry-ice-in-bang-tick-tock-20000-puffs\/","name":"Erlebe Die Exklusivit\u00e4t Von Blueberry Ice In Bang Tick Tock 20000 Puffs | Vapingnet.de","isPartOf":{"@id":"https:\/\/vapingnet.de\/#website"},"primaryImageOfPage":{"@id":"https:\/\/vapingnet.de\/vape\/erlebe-die-exklusivitaet-von-blueberry-ice-in-bang-tick-tock-20000-puffs\/#primaryimage"},"image":{"@id":"https:\/\/vapingnet.de\/vape\/erlebe-die-exklusivitaet-von-blueberry-ice-in-bang-tick-tock-20000-puffs\/#primaryimage"},"thumbnailUrl":"https:\/\/vapingnet.de\/wp-content\/uploads\/2025\/04\/Blueberry-Ice.webp","datePublished":"2025-04-27T08:01:58+00:00","dateModified":"2025-06-19T03:39:22+00:00","description":"Entdecke Erlebe Die Exklusivit\u00e4t Von Blueberry Ice In Bang Tick Tock 20000 Puffs bei vapingnet.de, \u25ba Gro\u00dfe Auswahl an Geschmacksrichtungen & super g\u00fcnstig!","breadcrumb":{"@id":"https:\/\/vapingnet.de\/vape\/erlebe-die-exklusivitaet-von-blueberry-ice-in-bang-tick-tock-20000-puffs\/#breadcrumb"},"inLanguage":"fr-FR","potentialAction":[{"@type":"ReadAction","target":["https:\/\/vapingnet.de\/vape\/erlebe-die-exklusivitaet-von-blueberry-ice-in-bang-tick-tock-20000-puffs\/"]}]},{"@type":"ImageObject","inLanguage":"fr-FR","@id":"https:\/\/vapingnet.de\/vape\/erlebe-die-exklusivitaet-von-blueberry-ice-in-bang-tick-tock-20000-puffs\/#primaryimage","url":"https:\/\/vapingnet.de\/wp-content\/uploads\/2025\/04\/Blueberry-Ice.webp","contentUrl":"https:\/\/vapingnet.de\/wp-content\/uploads\/2025\/04\/Blueberry-Ice.webp","width":1000,"height":1000},{"@type":"BreadcrumbList","@id":"https:\/\/vapingnet.de\/vape\/erlebe-die-exklusivitaet-von-blueberry-ice-in-bang-tick-tock-20000-puffs\/#breadcrumb","itemListElement":[{"@type":"ListItem","position":1,"name":"Home","item":"https:\/\/vapingnet.de\/"},{"@type":"ListItem","position":2,"name":"Shop","item":"https:\/\/vapingnet.de\/vape\/"},{"@type":"ListItem","position":3,"name":"Erlebe Die Exklusivit\u00e4t Von Blueberry Ice In Bang Tick Tock 20000 Puffs"}]},{"@type":"WebSite","@id":"https:\/\/vapingnet.de\/#website","url":"https:\/\/vapingnet.de\/","name":"Vapingnet.de","description":"","publisher":{"@id":"https:\/\/vapingnet.de\/#organization"},"potentialAction":[{"@type":"SearchAction","target":{"@type":"EntryPoint","urlTemplate":"https:\/\/vapingnet.de\/?s={search_term_string}"},"query-input":{"@type":"PropertyValueSpecification","valueRequired":true,"valueName":"search_term_string"}}],"inLanguage":"fr-FR"},{"@type":"Organization","@id":"https:\/\/vapingnet.de\/#organization","name":"Vapingnet.de","url":"https:\/\/vapingnet.de\/","logo":{"@type":"ImageObject","inLanguage":"fr-FR","@id":"https:\/\/vapingnet.de\/#\/schema\/logo\/image\/","url":"https:\/\/vapingnet.de\/wp-content\/uploads\/2025\/03\/cropped-vapingnet.de_.jpg","contentUrl":"https:\/\/vapingnet.de\/wp-content\/uploads\/2025\/03\/cropped-vapingnet.de_.jpg","width":512,"height":512,"caption":"Vapingnet.de"},"image":{"@id":"https:\/\/vapingnet.de\/#\/schema\/logo\/image\/"},"sameAs":["https:\/\/www.facebook.com\/vapingnetde\/"]}]}},"tiered_pricing_type":"fixed","tiered_pricing_fixed_rules":{"10":"10.44","60":"9.4","110":"8.35","200":"7.31"},"tiered_pricing_product_settings":{"layout":"default","base_unit_name":{"singular":null,"plural":null},"default_variation":null},"tiered_pricing_minimum_quantity":null,"tiered_pricing_roles_data":[],"tiered_pricing_percentage_rules":[],"_links":{"self":[{"href":"https:\/\/vapingnet.de\/fr\/wp-json\/wp\/v2\/product\/6588","targetHints":{"allow":["GET"]}}],"collection":[{"href":"https:\/\/vapingnet.de\/fr\/wp-json\/wp\/v2\/product"}],"about":[{"href":"https:\/\/vapingnet.de\/fr\/wp-json\/wp\/v2\/types\/product"}],"version-history":[{"count":1,"href":"https:\/\/vapingnet.de\/fr\/wp-json\/wp\/v2\/product\/6588\/revisions"}],"predecessor-version":[{"id":6595,"href":"https:\/\/vapingnet.de\/fr\/wp-json\/wp\/v2\/product\/6588\/revisions\/6595"}],"wp:featuredmedia":[{"embeddable":true,"href":"https:\/\/vapingnet.de\/fr\/wp-json\/wp\/v2\/media\/6566"}],"wp:attachment":[{"href":"https:\/\/vapingnet.de\/fr\/wp-json\/wp\/v2\/media?parent=6588"}],"wp:term":[{"taxonomy":"brand","embeddable":true,"href":"https:\/\/vapingnet.de\/fr\/wp-json\/wp\/v2\/etheme_brands?post=6588"},{"taxonomy":"product_brand","embeddable":true,"href":"https:\/\/vapingnet.de\/fr\/wp-json\/wp\/v2\/product_brand?post=6588"},{"taxonomy":"product_cat","embeddable":true,"href":"https:\/\/vapingnet.de\/fr\/wp-json\/wp\/v2\/product_cat?post=6588"},{"taxonomy":"product_tag","embeddable":true,"href":"https:\/\/vapingnet.de\/fr\/wp-json\/wp\/v2\/product_tag?post=6588"}],"curies":[{"name":"wp","href":"https:\/\/api.w.org\/{rel}","templated":true}]}}