{"id":6616,"date":"2025-04-29T02:53:18","date_gmt":"2025-04-29T02:53:18","guid":{"rendered":"https:\/\/vapingnet.de\/?post_type=product&#038;p=6616"},"modified":"2026-04-15T09:57:54","modified_gmt":"2026-04-15T09:57:54","slug":"watermelon-ice-der-perfekte-geschmack-in-jedem-zug-mit-waspe-12000-puffs","status":"publish","type":"product","link":"https:\/\/vapingnet.de\/fr\/vape\/watermelon-ice-der-perfekte-geschmack-in-jedem-zug-mit-waspe-12000-puffs\/","title":{"rendered":"Watermelon Ice Le go\u00fbt parfait \u00e0 chaque bouff\u00e9e avec WASPE 12000 Puff"},"content":{"rendered":"<h2 data-start=\"169\" data-end=\"232\">WASPE 12000 Bouff\u00e9es : Exp\u00e9rience de vapotage maximale pour les exigeants<\/h2>\n<p class=\"\" data-start=\"268\" data-end=\"678\" data-immersive-translate-walked=\"e08a77f8-9de6-4b55-b248-ac9393c50450\" data-immersive-translate-paragraph=\"1\">Le WASPE 12000 Bouff\u00e9es a \u00e9t\u00e9 con\u00e7u pour les vapoteurs qui privil\u00e9gient la durabilit\u00e9 et la performance. Avec une capacit\u00e9 de e-liquide impressionnante de 20 ml, cet appareil permet jusqu'\u00e0 12000 bouff\u00e9es \u2013 id\u00e9al pour tous ceux qui recherchent une exp\u00e9rience de vapotage intense et longue dur\u00e9e. La gamme disponible de concentrations de nicotine (0%, 2%, 3% et 5%) offre \u00e0 chaque utilisateur la possibilit\u00e9 de choisir son niveau de vapotage personnalis\u00e9.<\/p>\n<p class=\"\" data-start=\"680\" data-end=\"881\" data-immersive-translate-walked=\"e08a77f8-9de6-4b55-b248-ac9393c50450\" data-immersive-translate-paragraph=\"1\">\u00c9quip\u00e9 d'une batterie robuste de 650mAh et d'une fonction de charge Type-C pratique, l'appareil reste fiable et pr\u00eat \u00e0 l'emploi. M\u00eame en d\u00e9placement, il n'est pas n\u00e9cessaire de faire des compromis sur la performance.<\/p>\n<h3 data-start=\"883\" data-end=\"931\" data-immersive-translate-walked=\"e08a77f8-9de6-4b55-b248-ac9393c50450\" data-immersive-translate-paragraph=\"1\">Design moderne associ\u00e9 \u00e0 une technologie innovante<\/h3>\n<p class=\"\" data-start=\"933\" data-end=\"1328\" data-immersive-translate-walked=\"e08a77f8-9de6-4b55-b248-ac9393c50450\" data-immersive-translate-paragraph=\"1\">Le design lumineux RGB du WASPE 12000 Bouff\u00e9es apporte des accents visuels et transforme chaque s\u00e9ance de vapotage en une exp\u00e9rience \u00e9l\u00e9gante. \u00c0 l'int\u00e9rieur, une r\u00e9sistance en mesh de 0,8 ohm combin\u00e9e \u00e0 une r\u00e9sistance chauffante de 1,0\u03a9 assure une vaporisation uniforme et une explosion d'ar\u00f4mes. L'activation par bouff\u00e9e permet une utilisation intuitive : il suffit d'inhaler et de profiter, sans bouton.<\/p>\n<p class=\"\" data-start=\"1330\" data-end=\"1511\" data-immersive-translate-walked=\"e08a77f8-9de6-4b55-b248-ac9393c50450\" data-immersive-translate-paragraph=\"1\">Avec un poids de seulement 82g, le WASPE 12000 Bouff\u00e9es est agr\u00e9ablement l\u00e9ger et tient parfaitement dans la main. Parfait pour les d\u00e9placements, pour des moments de d\u00e9tente ou pour une utilisation quotidienne.<\/p>\n<h3 data-start=\"1513\" data-end=\"1550\" data-immersive-translate-walked=\"e08a77f8-9de6-4b55-b248-ac9393c50450\" data-immersive-translate-paragraph=\"1\">Exp\u00e9rience gustative : Watermelon Ice<\/h3>\n<p class=\"\" data-start=\"1552\" data-end=\"1808\" data-immersive-translate-walked=\"e08a77f8-9de6-4b55-b248-ac9393c50450\" data-immersive-translate-paragraph=\"1\">Le WASPE 12000 Bouff\u00e9es s\u00e9duit par sa saveur Watermelon Ice. La douceur juteuse de la past\u00e8que associ\u00e9e \u00e0 une fra\u00eecheur rafra\u00eechissante offre une exp\u00e9rience gustative \u00e9quilibr\u00e9e, convaincante aussi bien par temps chaud que dans des moments plus frais.<\/p>\n<p class=\"\" data-start=\"1810\" data-end=\"1924\" data-immersive-translate-walked=\"e08a77f8-9de6-4b55-b248-ac9393c50450\" data-immersive-translate-paragraph=\"1\">Cette composition transforme chaque inhalation en une d\u00e9gustation rafra\u00eechissante et apporte de la vari\u00e9t\u00e9 au quotidien du vapoteur.<\/p>\n<h3 data-start=\"1926\" data-end=\"1973\" data-immersive-translate-walked=\"e08a77f8-9de6-4b55-b248-ac9393c50450\" data-immersive-translate-paragraph=\"1\">Exp\u00e9dition confortable sans co\u00fbts suppl\u00e9mentaires<\/h3>\n<p class=\"\" data-start=\"1975\" data-end=\"2258\" data-immersive-translate-walked=\"e08a77f8-9de6-4b55-b248-ac9393c50450\" data-immersive-translate-paragraph=\"1\">Le WASPE 12000 Bouff\u00e9es peut \u00eatre command\u00e9 facilement sur vapingnet.fr. Un grand avantage : la livraison est sans douane, \u00e9vitant ainsi des frais suppl\u00e9mentaires. Le d\u00e9lai de livraison est d'environ 7 \u00e0 15 jours ouvrables, pour une r\u00e9ception rapide et simple du produit.<\/p>","protected":false},"excerpt":{"rendered":"<p>WASPE 12000 Puffs: Maximales Dampferlebnis f\u00fcr Anspruchsvolle Der WASPE 12000 Puffs wurde f\u00fcr Dampfer entwickelt, die Wert auf Langlebigkeit und Leistung legen. Mit einer beachtlichen&#8230;<\/p>","protected":false},"featured_media":6613,"template":"","meta":[],"etheme_brands":[],"product_brand":[98],"product_cat":[88,49,61],"product_tag":[],"class_list":{"0":"post-6616","1":"product","2":"type-product","3":"status-publish","4":"has-post-thumbnail","6":"product_brand-waspe-vape","7":"product_cat-12k-vape","8":"product_cat-einweg-e-zigarette","9":"product_cat-f","11":"first","12":"instock","13":"shipping-taxable","14":"purchasable","15":"product-type-variable"},"yoast_head":"<!-- This site is optimized with the Yoast SEO plugin v26.5 - https:\/\/yoast.com\/wordpress\/plugins\/seo\/ -->\n<title>Watermelon Ice Der Perfekte Geschmack In Jedem Zug Mit WASPE 12000 Puffs | Vapingnet.de<\/title>\n<meta name=\"description\" content=\"Entdecke Watermelon Ice Der Perfekte Geschmack In Jedem Zug Mit WASPE 12000 Puffs bei vapingnet.de, \u25ba Gro\u00dfe Auswahl an Geschmacksrichtungen &amp; super g\u00fcnstig!\" \/>\n<meta name=\"robots\" content=\"index, follow, max-snippet:-1, max-image-preview:large, max-video-preview:-1\" \/>\n<link rel=\"canonical\" href=\"https:\/\/vapingnet.de\/fr\/vape\/watermelon-ice-der-perfekte-geschmack-in-jedem-zug-mit-waspe-12000-puffs\/\" \/>\n<meta property=\"og:locale\" content=\"fr_FR\" \/>\n<meta property=\"og:type\" content=\"article\" \/>\n<meta property=\"og:title\" content=\"Watermelon Ice Der Perfekte Geschmack In Jedem Zug Mit WASPE 12000 Puffs | Vapingnet.de\" \/>\n<meta property=\"og:description\" content=\"Entdecke Watermelon Ice Der Perfekte Geschmack In Jedem Zug Mit WASPE 12000 Puffs bei vapingnet.de, \u25ba Gro\u00dfe Auswahl an Geschmacksrichtungen &amp; super g\u00fcnstig!\" \/>\n<meta property=\"og:url\" content=\"https:\/\/vapingnet.de\/fr\/vape\/watermelon-ice-der-perfekte-geschmack-in-jedem-zug-mit-waspe-12000-puffs\/\" \/>\n<meta property=\"og:site_name\" content=\"Vapingnet.de\" \/>\n<meta property=\"article:publisher\" content=\"https:\/\/www.facebook.com\/vapingnetde\/\" \/>\n<meta property=\"article:modified_time\" content=\"2026-04-15T09:57:54+00:00\" \/>\n<meta property=\"og:image\" content=\"https:\/\/vapingnet.de\/wp-content\/uploads\/2025\/04\/Watermelon-Ice-3.webp\" \/>\n\t<meta property=\"og:image:width\" content=\"1000\" \/>\n\t<meta property=\"og:image:height\" content=\"1000\" \/>\n\t<meta property=\"og:image:type\" content=\"image\/webp\" \/>\n<meta name=\"twitter:card\" content=\"summary_large_image\" \/>\n<meta name=\"twitter:label1\" content=\"Dur\u00e9e de lecture estim\u00e9e\" \/>\n\t<meta name=\"twitter:data1\" content=\"2 minutes\" \/>\n<script type=\"application\/ld+json\" class=\"yoast-schema-graph\">{\"@context\":\"https:\/\/schema.org\",\"@graph\":[{\"@type\":\"WebPage\",\"@id\":\"https:\/\/vapingnet.de\/vape\/watermelon-ice-der-perfekte-geschmack-in-jedem-zug-mit-waspe-12000-puffs\/\",\"url\":\"https:\/\/vapingnet.de\/vape\/watermelon-ice-der-perfekte-geschmack-in-jedem-zug-mit-waspe-12000-puffs\/\",\"name\":\"Watermelon Ice Der Perfekte Geschmack In Jedem Zug Mit WASPE 12000 Puffs | Vapingnet.de\",\"isPartOf\":{\"@id\":\"https:\/\/vapingnet.de\/#website\"},\"primaryImageOfPage\":{\"@id\":\"https:\/\/vapingnet.de\/vape\/watermelon-ice-der-perfekte-geschmack-in-jedem-zug-mit-waspe-12000-puffs\/#primaryimage\"},\"image\":{\"@id\":\"https:\/\/vapingnet.de\/vape\/watermelon-ice-der-perfekte-geschmack-in-jedem-zug-mit-waspe-12000-puffs\/#primaryimage\"},\"thumbnailUrl\":\"https:\/\/vapingnet.de\/wp-content\/uploads\/2025\/04\/Watermelon-Ice-3.webp\",\"datePublished\":\"2025-04-29T02:53:18+00:00\",\"dateModified\":\"2026-04-15T09:57:54+00:00\",\"description\":\"Entdecke Watermelon Ice Der Perfekte Geschmack In Jedem Zug Mit WASPE 12000 Puffs bei vapingnet.de, \u25ba Gro\u00dfe Auswahl an Geschmacksrichtungen & super g\u00fcnstig!\",\"breadcrumb\":{\"@id\":\"https:\/\/vapingnet.de\/vape\/watermelon-ice-der-perfekte-geschmack-in-jedem-zug-mit-waspe-12000-puffs\/#breadcrumb\"},\"inLanguage\":\"fr-FR\",\"potentialAction\":[{\"@type\":\"ReadAction\",\"target\":[\"https:\/\/vapingnet.de\/vape\/watermelon-ice-der-perfekte-geschmack-in-jedem-zug-mit-waspe-12000-puffs\/\"]}]},{\"@type\":\"ImageObject\",\"inLanguage\":\"fr-FR\",\"@id\":\"https:\/\/vapingnet.de\/vape\/watermelon-ice-der-perfekte-geschmack-in-jedem-zug-mit-waspe-12000-puffs\/#primaryimage\",\"url\":\"https:\/\/vapingnet.de\/wp-content\/uploads\/2025\/04\/Watermelon-Ice-3.webp\",\"contentUrl\":\"https:\/\/vapingnet.de\/wp-content\/uploads\/2025\/04\/Watermelon-Ice-3.webp\",\"width\":1000,\"height\":1000},{\"@type\":\"BreadcrumbList\",\"@id\":\"https:\/\/vapingnet.de\/vape\/watermelon-ice-der-perfekte-geschmack-in-jedem-zug-mit-waspe-12000-puffs\/#breadcrumb\",\"itemListElement\":[{\"@type\":\"ListItem\",\"position\":1,\"name\":\"Home\",\"item\":\"https:\/\/vapingnet.de\/\"},{\"@type\":\"ListItem\",\"position\":2,\"name\":\"Shop\",\"item\":\"https:\/\/vapingnet.de\/vape\/\"},{\"@type\":\"ListItem\",\"position\":3,\"name\":\"Watermelon Ice Der Perfekte Geschmack In Jedem Zug Mit WASPE 12000 Puffs\"}]},{\"@type\":\"WebSite\",\"@id\":\"https:\/\/vapingnet.de\/#website\",\"url\":\"https:\/\/vapingnet.de\/\",\"name\":\"Vapingnet.de\",\"description\":\"\",\"publisher\":{\"@id\":\"https:\/\/vapingnet.de\/#organization\"},\"potentialAction\":[{\"@type\":\"SearchAction\",\"target\":{\"@type\":\"EntryPoint\",\"urlTemplate\":\"https:\/\/vapingnet.de\/?s={search_term_string}\"},\"query-input\":{\"@type\":\"PropertyValueSpecification\",\"valueRequired\":true,\"valueName\":\"search_term_string\"}}],\"inLanguage\":\"fr-FR\"},{\"@type\":\"Organization\",\"@id\":\"https:\/\/vapingnet.de\/#organization\",\"name\":\"Vapingnet.de\",\"url\":\"https:\/\/vapingnet.de\/\",\"logo\":{\"@type\":\"ImageObject\",\"inLanguage\":\"fr-FR\",\"@id\":\"https:\/\/vapingnet.de\/#\/schema\/logo\/image\/\",\"url\":\"https:\/\/vapingnet.de\/wp-content\/uploads\/2025\/03\/cropped-vapingnet.de_.jpg\",\"contentUrl\":\"https:\/\/vapingnet.de\/wp-content\/uploads\/2025\/03\/cropped-vapingnet.de_.jpg\",\"width\":512,\"height\":512,\"caption\":\"Vapingnet.de\"},\"image\":{\"@id\":\"https:\/\/vapingnet.de\/#\/schema\/logo\/image\/\"},\"sameAs\":[\"https:\/\/www.facebook.com\/vapingnetde\/\"]}]}<\/script>\n<!-- \/ Yoast SEO plugin. -->","yoast_head_json":{"title":"Watermelon Ice Der Perfekte Geschmack In Jedem Zug Mit WASPE 12000 Puffs | Vapingnet.de","description":"Entdecke Watermelon Ice Der Perfekte Geschmack In Jedem Zug Mit WASPE 12000 Puffs bei vapingnet.de, \u25ba Gro\u00dfe Auswahl an Geschmacksrichtungen & super g\u00fcnstig!","robots":{"index":"index","follow":"follow","max-snippet":"max-snippet:-1","max-image-preview":"max-image-preview:large","max-video-preview":"max-video-preview:-1"},"canonical":"https:\/\/vapingnet.de\/fr\/vape\/watermelon-ice-der-perfekte-geschmack-in-jedem-zug-mit-waspe-12000-puffs\/","og_locale":"fr_FR","og_type":"article","og_title":"Watermelon Ice Der Perfekte Geschmack In Jedem Zug Mit WASPE 12000 Puffs | Vapingnet.de","og_description":"Entdecke Watermelon Ice Der Perfekte Geschmack In Jedem Zug Mit WASPE 12000 Puffs bei vapingnet.de, \u25ba Gro\u00dfe Auswahl an Geschmacksrichtungen & super g\u00fcnstig!","og_url":"https:\/\/vapingnet.de\/fr\/vape\/watermelon-ice-der-perfekte-geschmack-in-jedem-zug-mit-waspe-12000-puffs\/","og_site_name":"Vapingnet.de","article_publisher":"https:\/\/www.facebook.com\/vapingnetde\/","article_modified_time":"2026-04-15T09:57:54+00:00","og_image":[{"width":1000,"height":1000,"url":"https:\/\/vapingnet.de\/wp-content\/uploads\/2025\/04\/Watermelon-Ice-3.webp","type":"image\/webp"}],"twitter_card":"summary_large_image","twitter_misc":{"Dur\u00e9e de lecture estim\u00e9e":"2 minutes"},"schema":{"@context":"https:\/\/schema.org","@graph":[{"@type":"WebPage","@id":"https:\/\/vapingnet.de\/vape\/watermelon-ice-der-perfekte-geschmack-in-jedem-zug-mit-waspe-12000-puffs\/","url":"https:\/\/vapingnet.de\/vape\/watermelon-ice-der-perfekte-geschmack-in-jedem-zug-mit-waspe-12000-puffs\/","name":"Watermelon Ice Der Perfekte Geschmack In Jedem Zug Mit WASPE 12000 Puffs | Vapingnet.de","isPartOf":{"@id":"https:\/\/vapingnet.de\/#website"},"primaryImageOfPage":{"@id":"https:\/\/vapingnet.de\/vape\/watermelon-ice-der-perfekte-geschmack-in-jedem-zug-mit-waspe-12000-puffs\/#primaryimage"},"image":{"@id":"https:\/\/vapingnet.de\/vape\/watermelon-ice-der-perfekte-geschmack-in-jedem-zug-mit-waspe-12000-puffs\/#primaryimage"},"thumbnailUrl":"https:\/\/vapingnet.de\/wp-content\/uploads\/2025\/04\/Watermelon-Ice-3.webp","datePublished":"2025-04-29T02:53:18+00:00","dateModified":"2026-04-15T09:57:54+00:00","description":"Entdecke Watermelon Ice Der Perfekte Geschmack In Jedem Zug Mit WASPE 12000 Puffs bei vapingnet.de, \u25ba Gro\u00dfe Auswahl an Geschmacksrichtungen & super g\u00fcnstig!","breadcrumb":{"@id":"https:\/\/vapingnet.de\/vape\/watermelon-ice-der-perfekte-geschmack-in-jedem-zug-mit-waspe-12000-puffs\/#breadcrumb"},"inLanguage":"fr-FR","potentialAction":[{"@type":"ReadAction","target":["https:\/\/vapingnet.de\/vape\/watermelon-ice-der-perfekte-geschmack-in-jedem-zug-mit-waspe-12000-puffs\/"]}]},{"@type":"ImageObject","inLanguage":"fr-FR","@id":"https:\/\/vapingnet.de\/vape\/watermelon-ice-der-perfekte-geschmack-in-jedem-zug-mit-waspe-12000-puffs\/#primaryimage","url":"https:\/\/vapingnet.de\/wp-content\/uploads\/2025\/04\/Watermelon-Ice-3.webp","contentUrl":"https:\/\/vapingnet.de\/wp-content\/uploads\/2025\/04\/Watermelon-Ice-3.webp","width":1000,"height":1000},{"@type":"BreadcrumbList","@id":"https:\/\/vapingnet.de\/vape\/watermelon-ice-der-perfekte-geschmack-in-jedem-zug-mit-waspe-12000-puffs\/#breadcrumb","itemListElement":[{"@type":"ListItem","position":1,"name":"Home","item":"https:\/\/vapingnet.de\/"},{"@type":"ListItem","position":2,"name":"Shop","item":"https:\/\/vapingnet.de\/vape\/"},{"@type":"ListItem","position":3,"name":"Watermelon Ice Der Perfekte Geschmack In Jedem Zug Mit WASPE 12000 Puffs"}]},{"@type":"WebSite","@id":"https:\/\/vapingnet.de\/#website","url":"https:\/\/vapingnet.de\/","name":"Vapingnet.de","description":"","publisher":{"@id":"https:\/\/vapingnet.de\/#organization"},"potentialAction":[{"@type":"SearchAction","target":{"@type":"EntryPoint","urlTemplate":"https:\/\/vapingnet.de\/?s={search_term_string}"},"query-input":{"@type":"PropertyValueSpecification","valueRequired":true,"valueName":"search_term_string"}}],"inLanguage":"fr-FR"},{"@type":"Organization","@id":"https:\/\/vapingnet.de\/#organization","name":"Vapingnet.de","url":"https:\/\/vapingnet.de\/","logo":{"@type":"ImageObject","inLanguage":"fr-FR","@id":"https:\/\/vapingnet.de\/#\/schema\/logo\/image\/","url":"https:\/\/vapingnet.de\/wp-content\/uploads\/2025\/03\/cropped-vapingnet.de_.jpg","contentUrl":"https:\/\/vapingnet.de\/wp-content\/uploads\/2025\/03\/cropped-vapingnet.de_.jpg","width":512,"height":512,"caption":"Vapingnet.de"},"image":{"@id":"https:\/\/vapingnet.de\/#\/schema\/logo\/image\/"},"sameAs":["https:\/\/www.facebook.com\/vapingnetde\/"]}]}},"tiered_pricing_type":"fixed","tiered_pricing_fixed_rules":[],"tiered_pricing_product_settings":{"layout":"default","base_unit_name":{"singular":null,"plural":null},"default_variation":null},"tiered_pricing_minimum_quantity":null,"tiered_pricing_roles_data":[],"tiered_pricing_percentage_rules":[],"_links":{"self":[{"href":"https:\/\/vapingnet.de\/fr\/wp-json\/wp\/v2\/product\/6616","targetHints":{"allow":["GET"]}}],"collection":[{"href":"https:\/\/vapingnet.de\/fr\/wp-json\/wp\/v2\/product"}],"about":[{"href":"https:\/\/vapingnet.de\/fr\/wp-json\/wp\/v2\/types\/product"}],"version-history":[{"count":2,"href":"https:\/\/vapingnet.de\/fr\/wp-json\/wp\/v2\/product\/6616\/revisions"}],"predecessor-version":[{"id":6630,"href":"https:\/\/vapingnet.de\/fr\/wp-json\/wp\/v2\/product\/6616\/revisions\/6630"}],"wp:featuredmedia":[{"embeddable":true,"href":"https:\/\/vapingnet.de\/fr\/wp-json\/wp\/v2\/media\/6613"}],"wp:attachment":[{"href":"https:\/\/vapingnet.de\/fr\/wp-json\/wp\/v2\/media?parent=6616"}],"wp:term":[{"taxonomy":"brand","embeddable":true,"href":"https:\/\/vapingnet.de\/fr\/wp-json\/wp\/v2\/etheme_brands?post=6616"},{"taxonomy":"product_brand","embeddable":true,"href":"https:\/\/vapingnet.de\/fr\/wp-json\/wp\/v2\/product_brand?post=6616"},{"taxonomy":"product_cat","embeddable":true,"href":"https:\/\/vapingnet.de\/fr\/wp-json\/wp\/v2\/product_cat?post=6616"},{"taxonomy":"product_tag","embeddable":true,"href":"https:\/\/vapingnet.de\/fr\/wp-json\/wp\/v2\/product_tag?post=6616"}],"curies":[{"name":"wp","href":"https:\/\/api.w.org\/{rel}","templated":true}]}}