{"id":6617,"date":"2025-04-29T02:53:22","date_gmt":"2025-04-29T02:53:22","guid":{"rendered":"https:\/\/vapingnet.de\/?post_type=product&#038;p=6617"},"modified":"2026-04-15T09:17:35","modified_gmt":"2026-04-15T09:17:35","slug":"geniessen-sie-den-besten-geschmack-von-strawberry-watermelon-waspe-12000-puffs-fuer-echte-kenner","status":"publish","type":"product","link":"https:\/\/vapingnet.de\/fr\/vape\/geniessen-sie-den-besten-geschmack-von-strawberry-watermelon-waspe-12000-puffs-fuer-echte-kenner\/","title":{"rendered":"Savourez La Meilleure Saveur De Fraise Past\u00e8que WASPE 12000 Puffs Pour Les Vrais Connaisseurs"},"content":{"rendered":"<h2 data-start=\"0\" data-end=\"56\" data-immersive-translate-walked=\"0dd68124-1e78-44ba-8a41-e0fbddfba72a\">WASPE 12000 Bouff\u00e9es : La cigarette \u00e9lectronique jetable ultime<\/h2>\n<p class=\"\" data-start=\"58\" data-end=\"346\" data-immersive-translate-walked=\"0dd68124-1e78-44ba-8a41-e0fbddfba72a\" data-immersive-translate-paragraph=\"1\">La WASPE 12000 Bouff\u00e9es \u00e9tablit une nouvelle norme dans le monde des cigarettes \u00e9lectroniques jetables. Avec ses caract\u00e9ristiques exceptionnelles et son design innovant, elle est le choix parfait pour les vapoteurs recherchant une exp\u00e9rience de vapotage durable, conviviale et de haute qualit\u00e9.<\/p>\n<h3 class=\"\" data-start=\"348\" data-end=\"376\" data-immersive-translate-walked=\"0dd68124-1e78-44ba-8a41-e0fbddfba72a\" data-immersive-translate-paragraph=\"1\">Points forts du produit :<\/h3>\n<ul data-start=\"378\" data-end=\"1044\" data-immersive-translate-walked=\"0dd68124-1e78-44ba-8a41-e0fbddfba72a\">\n<li class=\"\" data-start=\"378\" data-end=\"461\" data-immersive-translate-walked=\"0dd68124-1e78-44ba-8a41-e0fbddfba72a\">\n<p class=\"\" data-start=\"380\" data-end=\"461\" data-immersive-translate-walked=\"0dd68124-1e78-44ba-8a41-e0fbddfba72a\" data-immersive-translate-paragraph=\"1\">12000 bouff\u00e9es \u2013 Pour un plaisir exceptionnellement long sans recharges fr\u00e9quentes.<\/p>\n<\/li>\n<li class=\"\" data-start=\"462\" data-end=\"557\" data-immersive-translate-walked=\"0dd68124-1e78-44ba-8a41-e0fbddfba72a\">\n<p class=\"\" data-start=\"464\" data-end=\"557\" data-immersive-translate-walked=\"0dd68124-1e78-44ba-8a41-e0fbddfba72a\" data-immersive-translate-paragraph=\"1\">Niveaux de nicotine \u2013 Disponibles en 0%, 2%, 3% et 5%, selon vos pr\u00e9f\u00e9rences personnelles.<\/p>\n<\/li>\n<li class=\"\" data-start=\"558\" data-end=\"653\" data-immersive-translate-walked=\"0dd68124-1e78-44ba-8a41-e0fbddfba72a\">\n<p class=\"\" data-start=\"560\" data-end=\"653\" data-immersive-translate-walked=\"0dd68124-1e78-44ba-8a41-e0fbddfba72a\" data-immersive-translate-paragraph=\"1\">Batterie puissante de 650mAh \u2013 D\u00e9charge lente, assurant un vapotage continu.<\/p>\n<\/li>\n<li class=\"\" data-start=\"654\" data-end=\"740\" data-immersive-translate-walked=\"0dd68124-1e78-44ba-8a41-e0fbddfba72a\">\n<p class=\"\" data-start=\"656\" data-end=\"740\" data-immersive-translate-walked=\"0dd68124-1e78-44ba-8a41-e0fbddfba72a\" data-immersive-translate-paragraph=\"1\">Charge Type-C \u2013 Recharge rapide et pratique pour rester toujours pr\u00eat.<\/p>\n<\/li>\n<li class=\"\" data-start=\"741\" data-end=\"844\" data-immersive-translate-walked=\"0dd68124-1e78-44ba-8a41-e0fbddfba72a\">\n<p class=\"\" data-start=\"743\" data-end=\"844\" data-immersive-translate-walked=\"0dd68124-1e78-44ba-8a41-e0fbddfba72a\" data-immersive-translate-paragraph=\"1\">\u00c9clairage RGB \u2013 Un point fort visuel qui rend l'exp\u00e9rience de vapotage unique.<\/p>\n<\/li>\n<li class=\"\" data-start=\"845\" data-end=\"943\" data-immersive-translate-walked=\"0dd68124-1e78-44ba-8a41-e0fbddfba72a\">\n<p class=\"\" data-start=\"847\" data-end=\"943\" data-immersive-translate-walked=\"0dd68124-1e78-44ba-8a41-e0fbddfba72a\" data-immersive-translate-paragraph=\"1\">R\u00e9sistance Mesh de 0,8 Ohm \u2013 Assure une production de vapeur uniforme et une saveur plus intense.<\/p>\n<\/li>\n<li class=\"\" data-start=\"944\" data-end=\"1044\" data-immersive-translate-walked=\"0dd68124-1e78-44ba-8a41-e0fbddfba72a\">\n<p class=\"\" data-start=\"946\" data-end=\"1044\" data-immersive-translate-walked=\"0dd68124-1e78-44ba-8a41-e0fbddfba72a\" data-immersive-translate-paragraph=\"1\">Vape MTL \u2013 Id\u00e9al pour les vapoteurs qui pr\u00e9f\u00e8rent une exp\u00e9rience authentique, semblable \u00e0 celle d'une cigarette.<\/p>\n<\/li>\n<\/ul>\n<h4 data-start=\"1046\" data-end=\"1082\" data-immersive-translate-walked=\"0dd68124-1e78-44ba-8a41-e0fbddfba72a\" data-immersive-translate-paragraph=\"1\">Go\u00fbt : Fraise Past\u00e8que<\/h4>\n<p class=\"\" data-start=\"1084\" data-end=\"1355\" data-immersive-translate-walked=\"0dd68124-1e78-44ba-8a41-e0fbddfba72a\" data-immersive-translate-paragraph=\"1\">Profitez de la douce combinaison de fraises fra\u00eeches et de past\u00e8que rafra\u00eechissante. La saveur Strawberry Watermelon offre une fra\u00eecheur fruit\u00e9e agr\u00e9able \u00e0 chaque inhalation \u2013 parfaite pour les vapoteurs \u00e0 la recherche d'une exp\u00e9rience sucr\u00e9e et rafra\u00eechissante.<\/p>\n<div style=\"width: 1170px;\" class=\"wp-video\"><!--[if lt IE 9]><script>document.createElement('video');<\/script><![endif]-->\n<video class=\"wp-video-shortcode\" id=\"video-6617-1\" width=\"1170\" height=\"658\" preload=\"metadata\" controls=\"controls\"><source type=\"video\/mp4\" src=\"https:\/\/vapingnet.de\/wp-content\/uploads\/2025\/04\/12000Puffs.mp4?_=1\" \/><a href=\"https:\/\/vapingnet.de\/wp-content\/uploads\/2025\/04\/12000Puffs.mp4\">https:\/\/vapingnet.de\/wp-content\/uploads\/2025\/04\/12000Puffs.mp4<\/a><\/video><\/div>\n<h4 data-start=\"1357\" data-end=\"1393\" data-immersive-translate-walked=\"0dd68124-1e78-44ba-8a41-e0fbddfba72a\" data-immersive-translate-paragraph=\"1\">Pratique et facile \u00e0 utiliser<\/h4>\n<p class=\"\" data-start=\"1395\" data-end=\"1669\" data-immersive-translate-walked=\"0dd68124-1e78-44ba-8a41-e0fbddfba72a\" data-immersive-translate-paragraph=\"1\">Avec un poids de seulement 82g et une activation par puff pratique, la WASPE 12000 Bouff\u00e9es est facile \u00e0 utiliser. Pas besoin d'appuyer sur des boutons, il suffit de tirer sur l'appareil et de commencer \u00e0 vapoter imm\u00e9diatement. Parfait pour les vapoteurs souvent en d\u00e9placement et recherchant une solution simple.<\/p>\n<h4 data-start=\"1671\" data-end=\"1701\" data-immersive-translate-walked=\"0dd68124-1e78-44ba-8a41-e0fbddfba72a\" data-immersive-translate-paragraph=\"1\">Exp\u00e9dition et avantages fiscaux<\/h4>\n<p class=\"\" data-start=\"1703\" data-end=\"1956\" data-immersive-translate-walked=\"0dd68124-1e78-44ba-8a41-e0fbddfba72a\" data-immersive-translate-paragraph=\"1\">Une autre caract\u00e9ristique pratique est la livraison sans taxes. Commandez confortablement sur vapingnet.fr, et profitez d'un d\u00e9lai d'exp\u00e9dition rapide de 7-15 jours ouvrables. Vous recevrez votre produit rapidement et sans frais de douane suppl\u00e9mentaires.<\/p>\n<h4 data-start=\"1958\" data-end=\"1994\" data-immersive-translate-walked=\"0dd68124-1e78-44ba-8a41-e0fbddfba72a\" data-immersive-translate-paragraph=\"1\">Le choix id\u00e9al pour tous les vapoteurs<\/h4>\n<p class=\"\" data-start=\"1996\" data-end=\"2266\" data-immersive-translate-walked=\"0dd68124-1e78-44ba-8a41-e0fbddfba72a\" data-immersive-translate-paragraph=\"1\">La WASPE 12000 Bouff\u00e9es est destin\u00e9e \u00e0 tous ceux qui souhaitent vapoter longtemps et intens\u00e9ment sans avoir \u00e0 acheter un nouvel appareil constamment. Elle offre un \u00e9quilibre parfait entre performance, saveur et facilit\u00e9 d'utilisation \u2013 le tout dans un format pratique et compact.<\/p>\n<p class=\"\" data-start=\"2268\" data-end=\"2298\" data-immersive-translate-walked=\"0dd68124-1e78-44ba-8a41-e0fbddfba72a\">Disponible sur vapingnet.fr<\/p>\n<p class=\"\" data-start=\"2300\" data-end=\"2416\" data-immersive-translate-walked=\"0dd68124-1e78-44ba-8a41-e0fbddfba72a\" data-immersive-translate-paragraph=\"1\">Visitez d\u00e8s maintenant vapingnet.fr et procurez-vous votre WASPE 12000 Bouff\u00e9es pour une exp\u00e9rience de vapotage in\u00e9gal\u00e9e.<\/p>","protected":false},"excerpt":{"rendered":"<p>WASPE 12000 Bouff\u00e9es : La cigarette \u00e9lectronique jetable ultime La WASPE 12000 Bouff\u00e9es \u00e9tablit une nouvelle norme dans le monde des cigarettes \u00e9lectroniques jetables. Avec des caract\u00e9ristiques exceptionnelles et un...<\/p>","protected":false},"featured_media":6612,"template":"","meta":[],"etheme_brands":[],"product_brand":[98],"product_cat":[88,49,61],"product_tag":[],"class_list":{"0":"post-6617","1":"product","2":"type-product","3":"status-publish","4":"has-post-thumbnail","6":"product_brand-waspe-vape","7":"product_cat-12k-vape","8":"product_cat-einweg-e-zigarette","9":"product_cat-f","11":"first","12":"instock","13":"shipping-taxable","14":"purchasable","15":"product-type-variable"},"yoast_head":"<!-- This site is optimized with the Yoast SEO plugin v26.5 - https:\/\/yoast.com\/wordpress\/plugins\/seo\/ -->\n<title>Genie\u00dfen Sie Den Besten Geschmack Von Strawberry Watermelon WASPE 12000 Puffs F\u00fcr Echte Kenner | Vapingnet.de<\/title>\n<meta name=\"description\" content=\"Entdecke Genie\u00dfen Sie Den Besten Geschmack Von Strawberry Watermelon WASPE 12000 Puffs F\u00fcr Echte Kenner bei vapingnet.de, \u25ba Gro\u00dfe Auswahl an Geschmacksrichtungen &amp; super g\u00fcnstig!\" \/>\n<meta name=\"robots\" content=\"index, follow, max-snippet:-1, max-image-preview:large, max-video-preview:-1\" \/>\n<link rel=\"canonical\" href=\"https:\/\/vapingnet.de\/fr\/vape\/geniessen-sie-den-besten-geschmack-von-strawberry-watermelon-waspe-12000-puffs-fuer-echte-kenner\/\" \/>\n<meta property=\"og:locale\" content=\"fr_FR\" \/>\n<meta property=\"og:type\" content=\"article\" \/>\n<meta property=\"og:title\" content=\"Genie\u00dfen Sie Den Besten Geschmack Von Strawberry Watermelon WASPE 12000 Puffs F\u00fcr Echte Kenner | Vapingnet.de\" \/>\n<meta property=\"og:description\" content=\"Entdecke Genie\u00dfen Sie Den Besten Geschmack Von Strawberry Watermelon WASPE 12000 Puffs F\u00fcr Echte Kenner bei vapingnet.de, \u25ba Gro\u00dfe Auswahl an Geschmacksrichtungen &amp; super g\u00fcnstig!\" \/>\n<meta property=\"og:url\" content=\"https:\/\/vapingnet.de\/fr\/vape\/geniessen-sie-den-besten-geschmack-von-strawberry-watermelon-waspe-12000-puffs-fuer-echte-kenner\/\" \/>\n<meta property=\"og:site_name\" content=\"Vapingnet.de\" \/>\n<meta property=\"article:publisher\" content=\"https:\/\/www.facebook.com\/vapingnetde\/\" \/>\n<meta property=\"article:modified_time\" content=\"2026-04-15T09:17:35+00:00\" \/>\n<meta property=\"og:image\" content=\"https:\/\/vapingnet.de\/wp-content\/uploads\/2025\/04\/strawberry-watermelon-5.webp\" \/>\n\t<meta property=\"og:image:width\" content=\"1000\" \/>\n\t<meta property=\"og:image:height\" content=\"1000\" \/>\n\t<meta property=\"og:image:type\" content=\"image\/webp\" \/>\n<meta name=\"twitter:card\" content=\"summary_large_image\" \/>\n<meta name=\"twitter:label1\" content=\"Dur\u00e9e de lecture estim\u00e9e\" \/>\n\t<meta name=\"twitter:data1\" content=\"2 minutes\" \/>\n<script type=\"application\/ld+json\" class=\"yoast-schema-graph\">{\"@context\":\"https:\/\/schema.org\",\"@graph\":[{\"@type\":\"WebPage\",\"@id\":\"https:\/\/vapingnet.de\/vape\/geniessen-sie-den-besten-geschmack-von-strawberry-watermelon-waspe-12000-puffs-fuer-echte-kenner\/\",\"url\":\"https:\/\/vapingnet.de\/vape\/geniessen-sie-den-besten-geschmack-von-strawberry-watermelon-waspe-12000-puffs-fuer-echte-kenner\/\",\"name\":\"Genie\u00dfen Sie Den Besten Geschmack Von Strawberry Watermelon WASPE 12000 Puffs F\u00fcr Echte Kenner | Vapingnet.de\",\"isPartOf\":{\"@id\":\"https:\/\/vapingnet.de\/#website\"},\"primaryImageOfPage\":{\"@id\":\"https:\/\/vapingnet.de\/vape\/geniessen-sie-den-besten-geschmack-von-strawberry-watermelon-waspe-12000-puffs-fuer-echte-kenner\/#primaryimage\"},\"image\":{\"@id\":\"https:\/\/vapingnet.de\/vape\/geniessen-sie-den-besten-geschmack-von-strawberry-watermelon-waspe-12000-puffs-fuer-echte-kenner\/#primaryimage\"},\"thumbnailUrl\":\"https:\/\/vapingnet.de\/wp-content\/uploads\/2025\/04\/strawberry-watermelon-5.webp\",\"datePublished\":\"2025-04-29T02:53:22+00:00\",\"dateModified\":\"2026-04-15T09:17:35+00:00\",\"description\":\"Entdecke Genie\u00dfen Sie Den Besten Geschmack Von Strawberry Watermelon WASPE 12000 Puffs F\u00fcr Echte Kenner bei vapingnet.de, \u25ba Gro\u00dfe Auswahl an Geschmacksrichtungen & super g\u00fcnstig!\",\"breadcrumb\":{\"@id\":\"https:\/\/vapingnet.de\/vape\/geniessen-sie-den-besten-geschmack-von-strawberry-watermelon-waspe-12000-puffs-fuer-echte-kenner\/#breadcrumb\"},\"inLanguage\":\"fr-FR\",\"potentialAction\":[{\"@type\":\"ReadAction\",\"target\":[\"https:\/\/vapingnet.de\/vape\/geniessen-sie-den-besten-geschmack-von-strawberry-watermelon-waspe-12000-puffs-fuer-echte-kenner\/\"]}]},{\"@type\":\"ImageObject\",\"inLanguage\":\"fr-FR\",\"@id\":\"https:\/\/vapingnet.de\/vape\/geniessen-sie-den-besten-geschmack-von-strawberry-watermelon-waspe-12000-puffs-fuer-echte-kenner\/#primaryimage\",\"url\":\"https:\/\/vapingnet.de\/wp-content\/uploads\/2025\/04\/strawberry-watermelon-5.webp\",\"contentUrl\":\"https:\/\/vapingnet.de\/wp-content\/uploads\/2025\/04\/strawberry-watermelon-5.webp\",\"width\":1000,\"height\":1000},{\"@type\":\"BreadcrumbList\",\"@id\":\"https:\/\/vapingnet.de\/vape\/geniessen-sie-den-besten-geschmack-von-strawberry-watermelon-waspe-12000-puffs-fuer-echte-kenner\/#breadcrumb\",\"itemListElement\":[{\"@type\":\"ListItem\",\"position\":1,\"name\":\"Home\",\"item\":\"https:\/\/vapingnet.de\/\"},{\"@type\":\"ListItem\",\"position\":2,\"name\":\"Shop\",\"item\":\"https:\/\/vapingnet.de\/vape\/\"},{\"@type\":\"ListItem\",\"position\":3,\"name\":\"Genie\u00dfen Sie Den Besten Geschmack Von Strawberry Watermelon WASPE 12000 Puffs F\u00fcr Echte Kenner\"}]},{\"@type\":\"WebSite\",\"@id\":\"https:\/\/vapingnet.de\/#website\",\"url\":\"https:\/\/vapingnet.de\/\",\"name\":\"Vapingnet.de\",\"description\":\"\",\"publisher\":{\"@id\":\"https:\/\/vapingnet.de\/#organization\"},\"potentialAction\":[{\"@type\":\"SearchAction\",\"target\":{\"@type\":\"EntryPoint\",\"urlTemplate\":\"https:\/\/vapingnet.de\/?s={search_term_string}\"},\"query-input\":{\"@type\":\"PropertyValueSpecification\",\"valueRequired\":true,\"valueName\":\"search_term_string\"}}],\"inLanguage\":\"fr-FR\"},{\"@type\":\"Organization\",\"@id\":\"https:\/\/vapingnet.de\/#organization\",\"name\":\"Vapingnet.de\",\"url\":\"https:\/\/vapingnet.de\/\",\"logo\":{\"@type\":\"ImageObject\",\"inLanguage\":\"fr-FR\",\"@id\":\"https:\/\/vapingnet.de\/#\/schema\/logo\/image\/\",\"url\":\"https:\/\/vapingnet.de\/wp-content\/uploads\/2025\/03\/cropped-vapingnet.de_.jpg\",\"contentUrl\":\"https:\/\/vapingnet.de\/wp-content\/uploads\/2025\/03\/cropped-vapingnet.de_.jpg\",\"width\":512,\"height\":512,\"caption\":\"Vapingnet.de\"},\"image\":{\"@id\":\"https:\/\/vapingnet.de\/#\/schema\/logo\/image\/\"},\"sameAs\":[\"https:\/\/www.facebook.com\/vapingnetde\/\"]}]}<\/script>\n<!-- \/ Yoast SEO plugin. -->","yoast_head_json":{"title":"Genie\u00dfen Sie Den Besten Geschmack Von Strawberry Watermelon WASPE 12000 Puffs F\u00fcr Echte Kenner | Vapingnet.de","description":"Entdecke Genie\u00dfen Sie Den Besten Geschmack Von Strawberry Watermelon WASPE 12000 Puffs F\u00fcr Echte Kenner bei vapingnet.de, \u25ba Gro\u00dfe Auswahl an Geschmacksrichtungen & super g\u00fcnstig!","robots":{"index":"index","follow":"follow","max-snippet":"max-snippet:-1","max-image-preview":"max-image-preview:large","max-video-preview":"max-video-preview:-1"},"canonical":"https:\/\/vapingnet.de\/fr\/vape\/geniessen-sie-den-besten-geschmack-von-strawberry-watermelon-waspe-12000-puffs-fuer-echte-kenner\/","og_locale":"fr_FR","og_type":"article","og_title":"Genie\u00dfen Sie Den Besten Geschmack Von Strawberry Watermelon WASPE 12000 Puffs F\u00fcr Echte Kenner | Vapingnet.de","og_description":"Entdecke Genie\u00dfen Sie Den Besten Geschmack Von Strawberry Watermelon WASPE 12000 Puffs F\u00fcr Echte Kenner bei vapingnet.de, \u25ba Gro\u00dfe Auswahl an Geschmacksrichtungen & super g\u00fcnstig!","og_url":"https:\/\/vapingnet.de\/fr\/vape\/geniessen-sie-den-besten-geschmack-von-strawberry-watermelon-waspe-12000-puffs-fuer-echte-kenner\/","og_site_name":"Vapingnet.de","article_publisher":"https:\/\/www.facebook.com\/vapingnetde\/","article_modified_time":"2026-04-15T09:17:35+00:00","og_image":[{"width":1000,"height":1000,"url":"https:\/\/vapingnet.de\/wp-content\/uploads\/2025\/04\/strawberry-watermelon-5.webp","type":"image\/webp"}],"twitter_card":"summary_large_image","twitter_misc":{"Dur\u00e9e de lecture estim\u00e9e":"2 minutes"},"schema":{"@context":"https:\/\/schema.org","@graph":[{"@type":"WebPage","@id":"https:\/\/vapingnet.de\/vape\/geniessen-sie-den-besten-geschmack-von-strawberry-watermelon-waspe-12000-puffs-fuer-echte-kenner\/","url":"https:\/\/vapingnet.de\/vape\/geniessen-sie-den-besten-geschmack-von-strawberry-watermelon-waspe-12000-puffs-fuer-echte-kenner\/","name":"Genie\u00dfen Sie Den Besten Geschmack Von Strawberry Watermelon WASPE 12000 Puffs F\u00fcr Echte Kenner | Vapingnet.de","isPartOf":{"@id":"https:\/\/vapingnet.de\/#website"},"primaryImageOfPage":{"@id":"https:\/\/vapingnet.de\/vape\/geniessen-sie-den-besten-geschmack-von-strawberry-watermelon-waspe-12000-puffs-fuer-echte-kenner\/#primaryimage"},"image":{"@id":"https:\/\/vapingnet.de\/vape\/geniessen-sie-den-besten-geschmack-von-strawberry-watermelon-waspe-12000-puffs-fuer-echte-kenner\/#primaryimage"},"thumbnailUrl":"https:\/\/vapingnet.de\/wp-content\/uploads\/2025\/04\/strawberry-watermelon-5.webp","datePublished":"2025-04-29T02:53:22+00:00","dateModified":"2026-04-15T09:17:35+00:00","description":"Entdecke Genie\u00dfen Sie Den Besten Geschmack Von Strawberry Watermelon WASPE 12000 Puffs F\u00fcr Echte Kenner bei vapingnet.de, \u25ba Gro\u00dfe Auswahl an Geschmacksrichtungen & super g\u00fcnstig!","breadcrumb":{"@id":"https:\/\/vapingnet.de\/vape\/geniessen-sie-den-besten-geschmack-von-strawberry-watermelon-waspe-12000-puffs-fuer-echte-kenner\/#breadcrumb"},"inLanguage":"fr-FR","potentialAction":[{"@type":"ReadAction","target":["https:\/\/vapingnet.de\/vape\/geniessen-sie-den-besten-geschmack-von-strawberry-watermelon-waspe-12000-puffs-fuer-echte-kenner\/"]}]},{"@type":"ImageObject","inLanguage":"fr-FR","@id":"https:\/\/vapingnet.de\/vape\/geniessen-sie-den-besten-geschmack-von-strawberry-watermelon-waspe-12000-puffs-fuer-echte-kenner\/#primaryimage","url":"https:\/\/vapingnet.de\/wp-content\/uploads\/2025\/04\/strawberry-watermelon-5.webp","contentUrl":"https:\/\/vapingnet.de\/wp-content\/uploads\/2025\/04\/strawberry-watermelon-5.webp","width":1000,"height":1000},{"@type":"BreadcrumbList","@id":"https:\/\/vapingnet.de\/vape\/geniessen-sie-den-besten-geschmack-von-strawberry-watermelon-waspe-12000-puffs-fuer-echte-kenner\/#breadcrumb","itemListElement":[{"@type":"ListItem","position":1,"name":"Home","item":"https:\/\/vapingnet.de\/"},{"@type":"ListItem","position":2,"name":"Shop","item":"https:\/\/vapingnet.de\/vape\/"},{"@type":"ListItem","position":3,"name":"Genie\u00dfen Sie Den Besten Geschmack Von Strawberry Watermelon WASPE 12000 Puffs F\u00fcr Echte Kenner"}]},{"@type":"WebSite","@id":"https:\/\/vapingnet.de\/#website","url":"https:\/\/vapingnet.de\/","name":"Vapingnet.de","description":"","publisher":{"@id":"https:\/\/vapingnet.de\/#organization"},"potentialAction":[{"@type":"SearchAction","target":{"@type":"EntryPoint","urlTemplate":"https:\/\/vapingnet.de\/?s={search_term_string}"},"query-input":{"@type":"PropertyValueSpecification","valueRequired":true,"valueName":"search_term_string"}}],"inLanguage":"fr-FR"},{"@type":"Organization","@id":"https:\/\/vapingnet.de\/#organization","name":"Vapingnet.de","url":"https:\/\/vapingnet.de\/","logo":{"@type":"ImageObject","inLanguage":"fr-FR","@id":"https:\/\/vapingnet.de\/#\/schema\/logo\/image\/","url":"https:\/\/vapingnet.de\/wp-content\/uploads\/2025\/03\/cropped-vapingnet.de_.jpg","contentUrl":"https:\/\/vapingnet.de\/wp-content\/uploads\/2025\/03\/cropped-vapingnet.de_.jpg","width":512,"height":512,"caption":"Vapingnet.de"},"image":{"@id":"https:\/\/vapingnet.de\/#\/schema\/logo\/image\/"},"sameAs":["https:\/\/www.facebook.com\/vapingnetde\/"]}]}},"tiered_pricing_type":"fixed","tiered_pricing_fixed_rules":[],"tiered_pricing_product_settings":{"layout":"default","base_unit_name":{"singular":null,"plural":null},"default_variation":null},"tiered_pricing_minimum_quantity":null,"tiered_pricing_roles_data":[],"tiered_pricing_percentage_rules":[],"_links":{"self":[{"href":"https:\/\/vapingnet.de\/fr\/wp-json\/wp\/v2\/product\/6617","targetHints":{"allow":["GET"]}}],"collection":[{"href":"https:\/\/vapingnet.de\/fr\/wp-json\/wp\/v2\/product"}],"about":[{"href":"https:\/\/vapingnet.de\/fr\/wp-json\/wp\/v2\/types\/product"}],"version-history":[{"count":4,"href":"https:\/\/vapingnet.de\/fr\/wp-json\/wp\/v2\/product\/6617\/revisions"}],"predecessor-version":[{"id":6879,"href":"https:\/\/vapingnet.de\/fr\/wp-json\/wp\/v2\/product\/6617\/revisions\/6879"}],"wp:featuredmedia":[{"embeddable":true,"href":"https:\/\/vapingnet.de\/fr\/wp-json\/wp\/v2\/media\/6612"}],"wp:attachment":[{"href":"https:\/\/vapingnet.de\/fr\/wp-json\/wp\/v2\/media?parent=6617"}],"wp:term":[{"taxonomy":"brand","embeddable":true,"href":"https:\/\/vapingnet.de\/fr\/wp-json\/wp\/v2\/etheme_brands?post=6617"},{"taxonomy":"product_brand","embeddable":true,"href":"https:\/\/vapingnet.de\/fr\/wp-json\/wp\/v2\/product_brand?post=6617"},{"taxonomy":"product_cat","embeddable":true,"href":"https:\/\/vapingnet.de\/fr\/wp-json\/wp\/v2\/product_cat?post=6617"},{"taxonomy":"product_tag","embeddable":true,"href":"https:\/\/vapingnet.de\/fr\/wp-json\/wp\/v2\/product_tag?post=6617"}],"curies":[{"name":"wp","href":"https:\/\/api.w.org\/{rel}","templated":true}]}}