{"id":6618,"date":"2025-04-29T02:53:25","date_gmt":"2025-04-29T02:53:25","guid":{"rendered":"https:\/\/vapingnet.de\/?post_type=product&#038;p=6618"},"modified":"2026-04-15T09:17:06","modified_gmt":"2026-04-15T09:17:06","slug":"entdecken-sie-den-einmaligen-strawberry-mango-geschmack-mit-waspe-12000-puffs-topqualitaet-jetzt-bestellen","status":"publish","type":"product","link":"https:\/\/vapingnet.de\/fr\/vape\/entdecken-sie-den-einmaligen-strawberry-mango-geschmack-mit-waspe-12000-puffs-topqualitaet-jetzt-bestellen\/","title":{"rendered":"D\u00e9couvrez La Saveur Unique Fraise Mangue Avec WASPE 12000 Puffs Qualit\u00e9 Top Commandez Maintenant"},"content":{"rendered":"<h2 data-start=\"0\" data-end=\"70\" data-immersive-translate-walked=\"fc234c5d-dea7-4f23-b578-5136c32b6017\">WASPE 12000 Bouff\u00e9es : Vapotage \u00e0 long terme pour les utilisateurs exigeants<\/h2>\n<p class=\"\" data-start=\"72\" data-end=\"409\" data-immersive-translate-walked=\"fc234c5d-dea7-4f23-b578-5136c32b6017\" data-immersive-translate-paragraph=\"1\">La WASPE 12000 Bouff\u00e9es est bien plus qu'une simple cigarette \u00e9lectronique jetable. Elle combine technologie avanc\u00e9e, performance exceptionnelle et design \u00e9l\u00e9gant pour porter le vapotage \u00e0 un niveau sup\u00e9rieur. Avec une multitude de fonctionnalit\u00e9s, ce mod\u00e8le est destin\u00e9 aux vapoteurs recherchant \u00e0 la fois haute performance et longue dur\u00e9e de plaisir.<\/p>\n<h3 class=\"\" data-start=\"411\" data-end=\"454\" data-immersive-translate-walked=\"fc234c5d-dea7-4f23-b578-5136c32b6017\">Utilisation la plus longue \u2013 Jusqu'\u00e0 12000 bouff\u00e9es<\/h3>\n<p class=\"\" data-start=\"456\" data-end=\"812\" data-immersive-translate-walked=\"fc234c5d-dea7-4f23-b578-5136c32b6017\" data-immersive-translate-paragraph=\"1\">Avec un nombre impressionnant de 12000 bouff\u00e9es, la WASPE 12000 Bouff\u00e9es est un v\u00e9ritable travailleur parmi les cigarettes \u00e9lectroniques jetables. Que vous l'utilisiez en voyage ou au quotidien, sa longue durabilit\u00e9 garantit que vous n'aurez pas besoin de recharges ou de changer d'appareil fr\u00e9quemment. Profitez de plusieurs heures de vapotage continu avec un seul appareil.<\/p>\n<ul data-start=\"814\" data-end=\"910\" data-immersive-translate-walked=\"fc234c5d-dea7-4f23-b578-5136c32b6017\">\n<li class=\"\" data-start=\"814\" data-end=\"849\" data-immersive-translate-walked=\"fc234c5d-dea7-4f23-b578-5136c32b6017\">\n<p class=\"\" data-start=\"816\" data-end=\"849\" data-immersive-translate-walked=\"fc234c5d-dea7-4f23-b578-5136c32b6017\" data-immersive-translate-paragraph=\"1\">Longue dur\u00e9e : 12000 bouff\u00e9es<\/p>\n<\/li>\n<li class=\"\" data-start=\"850\" data-end=\"910\" data-immersive-translate-walked=\"fc234c5d-dea7-4f23-b578-5136c32b6017\">\n<p class=\"\" data-start=\"852\" data-end=\"910\" data-immersive-translate-walked=\"fc234c5d-dea7-4f23-b578-5136c32b6017\" data-immersive-translate-paragraph=\"1\">Pratique : Cigarette \u00e9lectronique jetable pour vapotage sans stress<\/p>\n<\/li>\n<\/ul>\n<h4 data-start=\"912\" data-end=\"966\" data-immersive-translate-walked=\"fc234c5d-dea7-4f23-b578-5136c32b6017\">Niveaux de nicotine vari\u00e9s pour tous les go\u00fbts<\/h4>\n<p class=\"\" data-start=\"968\" data-end=\"1304\" data-immersive-translate-walked=\"fc234c5d-dea7-4f23-b578-5136c32b6017\" data-immersive-translate-paragraph=\"1\">La WASPE 12000 Bouff\u00e9es offre une large gamme de niveaux de nicotine adapt\u00e9s \u00e0 toutes les pr\u00e9f\u00e9rences. Choisissez parmi les options 0%, 2%, 3% et 5% pour personnaliser votre exp\u00e9rience de vapotage selon vos souhaits. Que vous pr\u00e9f\u00e9riez un vapeur sans nicotine ou une sensation plus forte, cette cigarette \u00e9lectronique jetable offre le choix parfait.<\/p>\n<ul data-start=\"1306\" data-end=\"1353\" data-immersive-translate-walked=\"fc234c5d-dea7-4f23-b578-5136c32b6017\">\n<li class=\"\" data-start=\"1306\" data-end=\"1353\" data-immersive-translate-walked=\"fc234c5d-dea7-4f23-b578-5136c32b6017\">\n<p class=\"\" data-start=\"1308\" data-end=\"1353\" data-immersive-translate-walked=\"fc234c5d-dea7-4f23-b578-5136c32b6017\" data-immersive-translate-paragraph=\"1\">Niveaux de nicotine disponibles : 0%, 2%, 3%, 5%<\/p>\n<\/li>\n<\/ul>\n<h4 data-start=\"1355\" data-end=\"1398\" data-immersive-translate-walked=\"fc234c5d-dea7-4f23-b578-5136c32b6017\">Plaisir fruit\u00e9 : Fraise Mangue<\/h4>\n<p class=\"\" data-start=\"1400\" data-end=\"1676\" data-immersive-translate-walked=\"fc234c5d-dea7-4f23-b578-5136c32b6017\" data-immersive-translate-paragraph=\"1\">La composition de saveurs entre fraise et mangue est une tentation tropicale. Son go\u00fbt sucr\u00e9 et rafra\u00eechissant procure une exp\u00e9rience de vapotage agr\u00e9able que vous voudrez renouveler. Cette saveur est id\u00e9ale pour ceux qui aiment les ar\u00f4mes fruit\u00e9s et sucr\u00e9s.<\/p>\n<ul data-start=\"1678\" data-end=\"1743\" data-immersive-translate-walked=\"fc234c5d-dea7-4f23-b578-5136c32b6017\">\n<li class=\"\" data-start=\"1678\" data-end=\"1743\" data-immersive-translate-walked=\"fc234c5d-dea7-4f23-b578-5136c32b6017\">\n<p class=\"\" data-start=\"1680\" data-end=\"1743\" data-immersive-translate-walked=\"fc234c5d-dea7-4f23-b578-5136c32b6017\" data-immersive-translate-paragraph=\"1\">Go\u00fbt : Fraise Mangue \u2013 fruit\u00e9, sucr\u00e9 et rafra\u00eechissant<\/p>\n<\/li>\n<\/ul>\n<h4 data-start=\"1745\" data-end=\"1796\" data-immersive-translate-walked=\"fc234c5d-dea7-4f23-b578-5136c32b6017\">Technologie pour une exp\u00e9rience de vapotage optimale<\/h4>\n<p class=\"\" data-start=\"1798\" data-end=\"2136\" data-immersive-translate-walked=\"fc234c5d-dea7-4f23-b578-5136c32b6017\" data-immersive-translate-paragraph=\"1\">La WASPE 12000 Bouff\u00e9es dispose d'une batterie de 650mAh, assurant une longue utilisation. Avec le connecteur de charge moderne Type-C, vous pouvez recharger rapidement la batterie pour avoir toujours un appareil pleinement charg\u00e9. La r\u00e9sistance Mesh de 0,8 Ohm garantit un vapeur uniforme et une saveur intense, faisant de chaque inhalation un plaisir.<\/p>\n<ul data-start=\"2138\" data-end=\"2300\" data-immersive-translate-walked=\"fc234c5d-dea7-4f23-b578-5136c32b6017\">\n<li class=\"\" data-start=\"2138\" data-end=\"2192\" data-immersive-translate-walked=\"fc234c5d-dea7-4f23-b578-5136c32b6017\">\n<p class=\"\" data-start=\"2140\" data-end=\"2192\" data-immersive-translate-walked=\"fc234c5d-dea7-4f23-b578-5136c32b6017\" data-immersive-translate-paragraph=\"1\">Capacit\u00e9 de la batterie : 650mAh pour une utilisation prolong\u00e9e<\/p>\n<\/li>\n<li class=\"\" data-start=\"2193\" data-end=\"2236\" data-immersive-translate-walked=\"fc234c5d-dea7-4f23-b578-5136c32b6017\">\n<p class=\"\" data-start=\"2195\" data-end=\"2236\" data-immersive-translate-walked=\"fc234c5d-dea7-4f23-b578-5136c32b6017\" data-immersive-translate-paragraph=\"1\">Charge rapide : connecteur de charge Type-C<\/p>\n<\/li>\n<li class=\"\" data-start=\"2237\" data-end=\"2300\" data-immersive-translate-walked=\"fc234c5d-dea7-4f23-b578-5136c32b6017\">\n<p class=\"\" data-start=\"2239\" data-end=\"2300\" data-immersive-translate-walked=\"fc234c5d-dea7-4f23-b578-5136c32b6017\" data-immersive-translate-paragraph=\"1\">R\u00e9sistance Mesh : 0,8 Ohm pour un go\u00fbt et un vapeur uniformes<\/p>\n<\/li>\n<\/ul>\n<h4 data-start=\"2302\" data-end=\"2352\" data-immersive-translate-walked=\"fc234c5d-dea7-4f23-b578-5136c32b6017\">Facilit\u00e9 d'utilisation gr\u00e2ce \u00e0 l'activation par puff<\/h4>\n<p class=\"\" data-start=\"2354\" data-end=\"2685\" data-immersive-translate-walked=\"fc234c5d-dea7-4f23-b578-5136c32b6017\" data-immersive-translate-paragraph=\"1\">La WASPE 12000 Bouff\u00e9es est extr\u00eamement conviviale. Elle dispose d'une activation par puff, ce qui signifie que vous n'avez qu'\u00e0 tirer sur la cigarette \u00e9lectronique pour activer la vapeur \u2013 sans boutons ni r\u00e9glages compliqu\u00e9s. Cette fonction fait de la WASPE un choix pratique pour les vapoteurs souhaitant profiter simplement.<\/p>\n<ul data-start=\"2687\" data-end=\"2824\" data-immersive-translate-walked=\"fc234c5d-dea7-4f23-b578-5136c32b6017\">\n<li class=\"\" data-start=\"2687\" data-end=\"2730\" data-immersive-translate-walked=\"fc234c5d-dea7-4f23-b578-5136c32b6017\">\n<p class=\"\" data-start=\"2689\" data-end=\"2730\" data-immersive-translate-walked=\"fc234c5d-dea7-4f23-b578-5136c32b6017\" data-immersive-translate-paragraph=\"1\">Activation par puff : tirer et profiter<\/p>\n<\/li>\n<li class=\"\" data-start=\"2731\" data-end=\"2824\" data-immersive-translate-walked=\"fc234c5d-dea7-4f23-b578-5136c32b6017\">\n<p class=\"\" data-start=\"2733\" data-end=\"2824\" data-immersive-translate-walked=\"fc234c5d-dea7-4f23-b578-5136c32b6017\" data-immersive-translate-paragraph=\"1\">Exp\u00e9rience MTL : Id\u00e9al pour les vapoteurs qui pr\u00e9f\u00e8rent la vape traditionnelle bouche-\u00e0-poumon<\/p>\n<\/li>\n<\/ul>\n<h4 data-start=\"2826\" data-end=\"2877\" data-immersive-translate-walked=\"fc234c5d-dea7-4f23-b578-5136c32b6017\">\u00c9clairage RGB : Style rencontre fonctionnalit\u00e9<\/h4>\n<p class=\"\" data-start=\"2879\" data-end=\"3166\" data-immersive-translate-walked=\"fc234c5d-dea7-4f23-b578-5136c32b6017\" data-immersive-translate-paragraph=\"1\">Le design moderne du WASPE 12000 Puffs est compl\u00e9t\u00e9 par un \u00e9clairage RGB int\u00e9gr\u00e9. Celui-ci cr\u00e9e un effet visuel qui ressort particuli\u00e8rement dans l'obscurit\u00e9. L'\u00e9clairage rend la vape \u00e9l\u00e9gante, valorisant encore plus la technologie.<\/p>\n<ul data-start=\"3168\" data-end=\"3230\" data-immersive-translate-walked=\"fc234c5d-dea7-4f23-b578-5136c32b6017\">\n<li class=\"\" data-start=\"3168\" data-end=\"3230\" data-immersive-translate-walked=\"fc234c5d-dea7-4f23-b578-5136c32b6017\">\n<p class=\"\" data-start=\"3170\" data-end=\"3230\" data-immersive-translate-walked=\"fc234c5d-dea7-4f23-b578-5136c32b6017\" data-immersive-translate-paragraph=\"1\">\u00c9clairage RGB : Pour un look moderne et accrocheur<\/p>\n<\/li>\n<\/ul>\n<h4 data-start=\"3232\" data-end=\"3288\" data-immersive-translate-walked=\"fc234c5d-dea7-4f23-b578-5136c32b6017\">Livraison sans taxes directement chez vous<\/h4>\n<p class=\"\" data-start=\"3290\" data-end=\"3556\" data-immersive-translate-walked=\"fc234c5d-dea7-4f23-b578-5136c32b6017\" data-immersive-translate-paragraph=\"1\">Le WASPE 12000 Puffs est disponible sur vapingnet.fr, o\u00f9 vous b\u00e9n\u00e9ficiez d'une livraison rapide et sans taxes. Vous n'avez pas \u00e0 vous soucier des frais de douane, et votre commande vous sera livr\u00e9e en 7-15 jours ouvrables.<\/p>\n<ul data-start=\"3558\" data-end=\"3635\" data-immersive-translate-walked=\"fc234c5d-dea7-4f23-b578-5136c32b6017\">\n<li class=\"\" data-start=\"3558\" data-end=\"3589\" data-immersive-translate-walked=\"fc234c5d-dea7-4f23-b578-5136c32b6017\">\n<p class=\"\" data-start=\"3560\" data-end=\"3589\" data-immersive-translate-walked=\"fc234c5d-dea7-4f23-b578-5136c32b6017\" data-immersive-translate-paragraph=\"1\">D\u00e9lai de livraison : 7-15 jours ouvrables<\/p>\n<\/li>\n<li class=\"\" data-start=\"3590\" data-end=\"3635\" data-immersive-translate-walked=\"fc234c5d-dea7-4f23-b578-5136c32b6017\">\n<p class=\"\" data-start=\"3592\" data-end=\"3635\" data-immersive-translate-walked=\"fc234c5d-dea7-4f23-b578-5136c32b6017\" data-immersive-translate-paragraph=\"1\">Exon\u00e9r\u00e9 de taxes : Aucun frais suppl\u00e9mentaire<\/p>\n<\/li>\n<\/ul>","protected":false},"excerpt":{"rendered":"<p>WASPE 12000 Puffs: Langfristiger Dampfen f\u00fcr anspruchsvolle Nutzer Die WASPE 12000 Puffs ist mehr als nur eine gew\u00f6hnliche Einweg-E-Zigarette. Sie vereint fortschrittliche Technik, au\u00dfergew\u00f6hnliche Leistung&#8230;<\/p>","protected":false},"featured_media":6609,"template":"","meta":[],"etheme_brands":[],"product_brand":[98],"product_cat":[88,49,61],"product_tag":[],"class_list":{"0":"post-6618","1":"product","2":"type-product","3":"status-publish","4":"has-post-thumbnail","6":"product_brand-waspe-vape","7":"product_cat-12k-vape","8":"product_cat-einweg-e-zigarette","9":"product_cat-f","11":"first","12":"instock","13":"shipping-taxable","14":"purchasable","15":"product-type-variable"},"yoast_head":"<!-- This site is optimized with the Yoast SEO plugin v26.5 - https:\/\/yoast.com\/wordpress\/plugins\/seo\/ -->\n<title>Entdecken Sie Den Einmaligen Strawberry Mango Geschmack Mit WASPE 12000 Puffs Topqualit\u00e4t Jetzt Bestellen | Vapingnet.de<\/title>\n<meta name=\"description\" content=\"Entdecke Entdecken Sie Den Einmaligen Strawberry Mango Geschmack Mit WASPE 12000 Puffs Topqualit\u00e4t Jetzt Bestellen bei vapingnet.de, \u25ba Gro\u00dfe Auswahl an Geschmacksrichtungen &amp; super g\u00fcnstig!\" \/>\n<meta name=\"robots\" content=\"index, follow, max-snippet:-1, max-image-preview:large, max-video-preview:-1\" \/>\n<link rel=\"canonical\" href=\"https:\/\/vapingnet.de\/fr\/vape\/entdecken-sie-den-einmaligen-strawberry-mango-geschmack-mit-waspe-12000-puffs-topqualitaet-jetzt-bestellen\/\" \/>\n<meta property=\"og:locale\" content=\"fr_FR\" \/>\n<meta property=\"og:type\" content=\"article\" \/>\n<meta property=\"og:title\" content=\"Entdecken Sie Den Einmaligen Strawberry Mango Geschmack Mit WASPE 12000 Puffs Topqualit\u00e4t Jetzt Bestellen | Vapingnet.de\" \/>\n<meta property=\"og:description\" content=\"Entdecke Entdecken Sie Den Einmaligen Strawberry Mango Geschmack Mit WASPE 12000 Puffs Topqualit\u00e4t Jetzt Bestellen bei vapingnet.de, \u25ba Gro\u00dfe Auswahl an Geschmacksrichtungen &amp; super g\u00fcnstig!\" \/>\n<meta property=\"og:url\" content=\"https:\/\/vapingnet.de\/fr\/vape\/entdecken-sie-den-einmaligen-strawberry-mango-geschmack-mit-waspe-12000-puffs-topqualitaet-jetzt-bestellen\/\" \/>\n<meta property=\"og:site_name\" content=\"Vapingnet.de\" \/>\n<meta property=\"article:publisher\" content=\"https:\/\/www.facebook.com\/vapingnetde\/\" \/>\n<meta property=\"article:modified_time\" content=\"2026-04-15T09:17:06+00:00\" \/>\n<meta property=\"og:image\" content=\"https:\/\/vapingnet.de\/wp-content\/uploads\/2025\/04\/Strawberry-Mango-1.webp\" \/>\n\t<meta property=\"og:image:width\" content=\"1000\" \/>\n\t<meta property=\"og:image:height\" content=\"1000\" \/>\n\t<meta property=\"og:image:type\" content=\"image\/webp\" \/>\n<meta name=\"twitter:card\" content=\"summary_large_image\" \/>\n<meta name=\"twitter:label1\" content=\"Dur\u00e9e de lecture estim\u00e9e\" \/>\n\t<meta name=\"twitter:data1\" content=\"3 minutes\" \/>\n<script type=\"application\/ld+json\" class=\"yoast-schema-graph\">{\"@context\":\"https:\/\/schema.org\",\"@graph\":[{\"@type\":\"WebPage\",\"@id\":\"https:\/\/vapingnet.de\/vape\/entdecken-sie-den-einmaligen-strawberry-mango-geschmack-mit-waspe-12000-puffs-topqualitaet-jetzt-bestellen\/\",\"url\":\"https:\/\/vapingnet.de\/vape\/entdecken-sie-den-einmaligen-strawberry-mango-geschmack-mit-waspe-12000-puffs-topqualitaet-jetzt-bestellen\/\",\"name\":\"Entdecken Sie Den Einmaligen Strawberry Mango Geschmack Mit WASPE 12000 Puffs Topqualit\u00e4t Jetzt Bestellen | Vapingnet.de\",\"isPartOf\":{\"@id\":\"https:\/\/vapingnet.de\/#website\"},\"primaryImageOfPage\":{\"@id\":\"https:\/\/vapingnet.de\/vape\/entdecken-sie-den-einmaligen-strawberry-mango-geschmack-mit-waspe-12000-puffs-topqualitaet-jetzt-bestellen\/#primaryimage\"},\"image\":{\"@id\":\"https:\/\/vapingnet.de\/vape\/entdecken-sie-den-einmaligen-strawberry-mango-geschmack-mit-waspe-12000-puffs-topqualitaet-jetzt-bestellen\/#primaryimage\"},\"thumbnailUrl\":\"https:\/\/vapingnet.de\/wp-content\/uploads\/2025\/04\/Strawberry-Mango-1.webp\",\"datePublished\":\"2025-04-29T02:53:25+00:00\",\"dateModified\":\"2026-04-15T09:17:06+00:00\",\"description\":\"Entdecke Entdecken Sie Den Einmaligen Strawberry Mango Geschmack Mit WASPE 12000 Puffs Topqualit\u00e4t Jetzt Bestellen bei vapingnet.de, \u25ba Gro\u00dfe Auswahl an Geschmacksrichtungen & super g\u00fcnstig!\",\"breadcrumb\":{\"@id\":\"https:\/\/vapingnet.de\/vape\/entdecken-sie-den-einmaligen-strawberry-mango-geschmack-mit-waspe-12000-puffs-topqualitaet-jetzt-bestellen\/#breadcrumb\"},\"inLanguage\":\"fr-FR\",\"potentialAction\":[{\"@type\":\"ReadAction\",\"target\":[\"https:\/\/vapingnet.de\/vape\/entdecken-sie-den-einmaligen-strawberry-mango-geschmack-mit-waspe-12000-puffs-topqualitaet-jetzt-bestellen\/\"]}]},{\"@type\":\"ImageObject\",\"inLanguage\":\"fr-FR\",\"@id\":\"https:\/\/vapingnet.de\/vape\/entdecken-sie-den-einmaligen-strawberry-mango-geschmack-mit-waspe-12000-puffs-topqualitaet-jetzt-bestellen\/#primaryimage\",\"url\":\"https:\/\/vapingnet.de\/wp-content\/uploads\/2025\/04\/Strawberry-Mango-1.webp\",\"contentUrl\":\"https:\/\/vapingnet.de\/wp-content\/uploads\/2025\/04\/Strawberry-Mango-1.webp\",\"width\":1000,\"height\":1000},{\"@type\":\"BreadcrumbList\",\"@id\":\"https:\/\/vapingnet.de\/vape\/entdecken-sie-den-einmaligen-strawberry-mango-geschmack-mit-waspe-12000-puffs-topqualitaet-jetzt-bestellen\/#breadcrumb\",\"itemListElement\":[{\"@type\":\"ListItem\",\"position\":1,\"name\":\"Home\",\"item\":\"https:\/\/vapingnet.de\/\"},{\"@type\":\"ListItem\",\"position\":2,\"name\":\"Shop\",\"item\":\"https:\/\/vapingnet.de\/vape\/\"},{\"@type\":\"ListItem\",\"position\":3,\"name\":\"Entdecken Sie Den Einmaligen Strawberry Mango Geschmack Mit WASPE 12000 Puffs Topqualit\u00e4t Jetzt Bestellen\"}]},{\"@type\":\"WebSite\",\"@id\":\"https:\/\/vapingnet.de\/#website\",\"url\":\"https:\/\/vapingnet.de\/\",\"name\":\"Vapingnet.de\",\"description\":\"\",\"publisher\":{\"@id\":\"https:\/\/vapingnet.de\/#organization\"},\"potentialAction\":[{\"@type\":\"SearchAction\",\"target\":{\"@type\":\"EntryPoint\",\"urlTemplate\":\"https:\/\/vapingnet.de\/?s={search_term_string}\"},\"query-input\":{\"@type\":\"PropertyValueSpecification\",\"valueRequired\":true,\"valueName\":\"search_term_string\"}}],\"inLanguage\":\"fr-FR\"},{\"@type\":\"Organization\",\"@id\":\"https:\/\/vapingnet.de\/#organization\",\"name\":\"Vapingnet.de\",\"url\":\"https:\/\/vapingnet.de\/\",\"logo\":{\"@type\":\"ImageObject\",\"inLanguage\":\"fr-FR\",\"@id\":\"https:\/\/vapingnet.de\/#\/schema\/logo\/image\/\",\"url\":\"https:\/\/vapingnet.de\/wp-content\/uploads\/2025\/03\/cropped-vapingnet.de_.jpg\",\"contentUrl\":\"https:\/\/vapingnet.de\/wp-content\/uploads\/2025\/03\/cropped-vapingnet.de_.jpg\",\"width\":512,\"height\":512,\"caption\":\"Vapingnet.de\"},\"image\":{\"@id\":\"https:\/\/vapingnet.de\/#\/schema\/logo\/image\/\"},\"sameAs\":[\"https:\/\/www.facebook.com\/vapingnetde\/\"]}]}<\/script>\n<!-- \/ Yoast SEO plugin. -->","yoast_head_json":{"title":"Entdecken Sie Den Einmaligen Strawberry Mango Geschmack Mit WASPE 12000 Puffs Topqualit\u00e4t Jetzt Bestellen | Vapingnet.de","description":"Entdecke Entdecken Sie Den Einmaligen Strawberry Mango Geschmack Mit WASPE 12000 Puffs Topqualit\u00e4t Jetzt Bestellen bei vapingnet.de, \u25ba Gro\u00dfe Auswahl an Geschmacksrichtungen & super g\u00fcnstig!","robots":{"index":"index","follow":"follow","max-snippet":"max-snippet:-1","max-image-preview":"max-image-preview:large","max-video-preview":"max-video-preview:-1"},"canonical":"https:\/\/vapingnet.de\/fr\/vape\/entdecken-sie-den-einmaligen-strawberry-mango-geschmack-mit-waspe-12000-puffs-topqualitaet-jetzt-bestellen\/","og_locale":"fr_FR","og_type":"article","og_title":"Entdecken Sie Den Einmaligen Strawberry Mango Geschmack Mit WASPE 12000 Puffs Topqualit\u00e4t Jetzt Bestellen | Vapingnet.de","og_description":"Entdecke Entdecken Sie Den Einmaligen Strawberry Mango Geschmack Mit WASPE 12000 Puffs Topqualit\u00e4t Jetzt Bestellen bei vapingnet.de, \u25ba Gro\u00dfe Auswahl an Geschmacksrichtungen & super g\u00fcnstig!","og_url":"https:\/\/vapingnet.de\/fr\/vape\/entdecken-sie-den-einmaligen-strawberry-mango-geschmack-mit-waspe-12000-puffs-topqualitaet-jetzt-bestellen\/","og_site_name":"Vapingnet.de","article_publisher":"https:\/\/www.facebook.com\/vapingnetde\/","article_modified_time":"2026-04-15T09:17:06+00:00","og_image":[{"width":1000,"height":1000,"url":"https:\/\/vapingnet.de\/wp-content\/uploads\/2025\/04\/Strawberry-Mango-1.webp","type":"image\/webp"}],"twitter_card":"summary_large_image","twitter_misc":{"Dur\u00e9e de lecture estim\u00e9e":"3 minutes"},"schema":{"@context":"https:\/\/schema.org","@graph":[{"@type":"WebPage","@id":"https:\/\/vapingnet.de\/vape\/entdecken-sie-den-einmaligen-strawberry-mango-geschmack-mit-waspe-12000-puffs-topqualitaet-jetzt-bestellen\/","url":"https:\/\/vapingnet.de\/vape\/entdecken-sie-den-einmaligen-strawberry-mango-geschmack-mit-waspe-12000-puffs-topqualitaet-jetzt-bestellen\/","name":"Entdecken Sie Den Einmaligen Strawberry Mango Geschmack Mit WASPE 12000 Puffs Topqualit\u00e4t Jetzt Bestellen | Vapingnet.de","isPartOf":{"@id":"https:\/\/vapingnet.de\/#website"},"primaryImageOfPage":{"@id":"https:\/\/vapingnet.de\/vape\/entdecken-sie-den-einmaligen-strawberry-mango-geschmack-mit-waspe-12000-puffs-topqualitaet-jetzt-bestellen\/#primaryimage"},"image":{"@id":"https:\/\/vapingnet.de\/vape\/entdecken-sie-den-einmaligen-strawberry-mango-geschmack-mit-waspe-12000-puffs-topqualitaet-jetzt-bestellen\/#primaryimage"},"thumbnailUrl":"https:\/\/vapingnet.de\/wp-content\/uploads\/2025\/04\/Strawberry-Mango-1.webp","datePublished":"2025-04-29T02:53:25+00:00","dateModified":"2026-04-15T09:17:06+00:00","description":"Entdecke Entdecken Sie Den Einmaligen Strawberry Mango Geschmack Mit WASPE 12000 Puffs Topqualit\u00e4t Jetzt Bestellen bei vapingnet.de, \u25ba Gro\u00dfe Auswahl an Geschmacksrichtungen & super g\u00fcnstig!","breadcrumb":{"@id":"https:\/\/vapingnet.de\/vape\/entdecken-sie-den-einmaligen-strawberry-mango-geschmack-mit-waspe-12000-puffs-topqualitaet-jetzt-bestellen\/#breadcrumb"},"inLanguage":"fr-FR","potentialAction":[{"@type":"ReadAction","target":["https:\/\/vapingnet.de\/vape\/entdecken-sie-den-einmaligen-strawberry-mango-geschmack-mit-waspe-12000-puffs-topqualitaet-jetzt-bestellen\/"]}]},{"@type":"ImageObject","inLanguage":"fr-FR","@id":"https:\/\/vapingnet.de\/vape\/entdecken-sie-den-einmaligen-strawberry-mango-geschmack-mit-waspe-12000-puffs-topqualitaet-jetzt-bestellen\/#primaryimage","url":"https:\/\/vapingnet.de\/wp-content\/uploads\/2025\/04\/Strawberry-Mango-1.webp","contentUrl":"https:\/\/vapingnet.de\/wp-content\/uploads\/2025\/04\/Strawberry-Mango-1.webp","width":1000,"height":1000},{"@type":"BreadcrumbList","@id":"https:\/\/vapingnet.de\/vape\/entdecken-sie-den-einmaligen-strawberry-mango-geschmack-mit-waspe-12000-puffs-topqualitaet-jetzt-bestellen\/#breadcrumb","itemListElement":[{"@type":"ListItem","position":1,"name":"Home","item":"https:\/\/vapingnet.de\/"},{"@type":"ListItem","position":2,"name":"Shop","item":"https:\/\/vapingnet.de\/vape\/"},{"@type":"ListItem","position":3,"name":"Entdecken Sie Den Einmaligen Strawberry Mango Geschmack Mit WASPE 12000 Puffs Topqualit\u00e4t Jetzt Bestellen"}]},{"@type":"WebSite","@id":"https:\/\/vapingnet.de\/#website","url":"https:\/\/vapingnet.de\/","name":"Vapingnet.de","description":"","publisher":{"@id":"https:\/\/vapingnet.de\/#organization"},"potentialAction":[{"@type":"SearchAction","target":{"@type":"EntryPoint","urlTemplate":"https:\/\/vapingnet.de\/?s={search_term_string}"},"query-input":{"@type":"PropertyValueSpecification","valueRequired":true,"valueName":"search_term_string"}}],"inLanguage":"fr-FR"},{"@type":"Organization","@id":"https:\/\/vapingnet.de\/#organization","name":"Vapingnet.de","url":"https:\/\/vapingnet.de\/","logo":{"@type":"ImageObject","inLanguage":"fr-FR","@id":"https:\/\/vapingnet.de\/#\/schema\/logo\/image\/","url":"https:\/\/vapingnet.de\/wp-content\/uploads\/2025\/03\/cropped-vapingnet.de_.jpg","contentUrl":"https:\/\/vapingnet.de\/wp-content\/uploads\/2025\/03\/cropped-vapingnet.de_.jpg","width":512,"height":512,"caption":"Vapingnet.de"},"image":{"@id":"https:\/\/vapingnet.de\/#\/schema\/logo\/image\/"},"sameAs":["https:\/\/www.facebook.com\/vapingnetde\/"]}]}},"tiered_pricing_type":"fixed","tiered_pricing_fixed_rules":[],"tiered_pricing_product_settings":{"layout":"default","base_unit_name":{"singular":null,"plural":null},"default_variation":null},"tiered_pricing_minimum_quantity":null,"tiered_pricing_roles_data":[],"tiered_pricing_percentage_rules":[],"_links":{"self":[{"href":"https:\/\/vapingnet.de\/fr\/wp-json\/wp\/v2\/product\/6618","targetHints":{"allow":["GET"]}}],"collection":[{"href":"https:\/\/vapingnet.de\/fr\/wp-json\/wp\/v2\/product"}],"about":[{"href":"https:\/\/vapingnet.de\/fr\/wp-json\/wp\/v2\/types\/product"}],"version-history":[{"count":4,"href":"https:\/\/vapingnet.de\/fr\/wp-json\/wp\/v2\/product\/6618\/revisions"}],"predecessor-version":[{"id":6635,"href":"https:\/\/vapingnet.de\/fr\/wp-json\/wp\/v2\/product\/6618\/revisions\/6635"}],"wp:featuredmedia":[{"embeddable":true,"href":"https:\/\/vapingnet.de\/fr\/wp-json\/wp\/v2\/media\/6609"}],"wp:attachment":[{"href":"https:\/\/vapingnet.de\/fr\/wp-json\/wp\/v2\/media?parent=6618"}],"wp:term":[{"taxonomy":"brand","embeddable":true,"href":"https:\/\/vapingnet.de\/fr\/wp-json\/wp\/v2\/etheme_brands?post=6618"},{"taxonomy":"product_brand","embeddable":true,"href":"https:\/\/vapingnet.de\/fr\/wp-json\/wp\/v2\/product_brand?post=6618"},{"taxonomy":"product_cat","embeddable":true,"href":"https:\/\/vapingnet.de\/fr\/wp-json\/wp\/v2\/product_cat?post=6618"},{"taxonomy":"product_tag","embeddable":true,"href":"https:\/\/vapingnet.de\/fr\/wp-json\/wp\/v2\/product_tag?post=6618"}],"curies":[{"name":"wp","href":"https:\/\/api.w.org\/{rel}","templated":true}]}}