{"id":6638,"date":"2025-04-29T06:29:09","date_gmt":"2025-04-29T06:29:09","guid":{"rendered":"https:\/\/vapingnet.de\/?post_type=product&#038;p=6638"},"modified":"2026-04-15T09:14:30","modified_gmt":"2026-04-15T09:14:30","slug":"geniessen-sie-grape-ice-in-waspe-12000-puffs-der-beste-geschmack-weltweit-beliebt","status":"publish","type":"product","link":"https:\/\/vapingnet.de\/fr\/vape\/geniessen-sie-grape-ice-in-waspe-12000-puffs-der-beste-geschmack-weltweit-beliebt\/","title":{"rendered":"Profitez de Grape Ice dans WASPE 12000 Bouff\u00e9es, le meilleur go\u00fbt mondial, populaire"},"content":{"rendered":"<h2 data-start=\"121\" data-end=\"186\">WASPE 12000 Bouff\u00e9es : Exp\u00e9rience de vapotage maximale dans un format pratique<\/h2>\n<p class=\"\" data-start=\"239\" data-end=\"497\" data-immersive-translate-walked=\"1b67dc7c-c80b-4db4-a221-269969f5dd0f\" data-immersive-translate-paragraph=\"1\">Le WASPE 12000 Bouff\u00e9es Vape jetable convainc par une capacit\u00e9 \u00e9norme de 12000 bouff\u00e9es et un r\u00e9servoir d'e-liquide g\u00e9n\u00e9reux de 20 ml. Que ce soit en d\u00e9placement ou \u00e0 la maison \u2013 ce mod\u00e8le offre une exp\u00e9rience de vapotage durable, sans besoin de recharger ou de changer.<\/p>\n<p class=\"\" data-start=\"499\" data-end=\"713\" data-immersive-translate-walked=\"1b67dc7c-c80b-4db4-a221-269969f5dd0f\" data-immersive-translate-paragraph=\"1\">La batterie int\u00e9gr\u00e9e de 650 mAh assure une alimentation fiable et se recharge rapidement gr\u00e2ce \u00e0 la connectivit\u00e9 Type-C. L'activation par bouff\u00e9e rend le vapotage particuli\u00e8rement simple et confortable.<\/p>\n<h3 data-start=\"715\" data-end=\"759\" data-immersive-translate-walked=\"1b67dc7c-c80b-4db4-a221-269969f5dd0f\" data-immersive-translate-paragraph=\"1\">Go\u00fbt et technologie au plus haut niveau<\/h3>\n<p class=\"\" data-start=\"761\" data-end=\"1021\" data-immersive-translate-walked=\"1b67dc7c-c80b-4db4-a221-269969f5dd0f\" data-immersive-translate-paragraph=\"1\">\u00c9quip\u00e9 d'une r\u00e9sistance en mesh de 0,8 ohm, le WASPE 12000 Bouff\u00e9es offre un ar\u00f4me intense et une production de vapeur uniforme. De plus, l'option de fil chauffant avec 1,0\u03a9 permet des ajustements fins du comportement d'inhalation pour une exp\u00e9rience de vapotage encore plus personnalis\u00e9e.<\/p>\n<p class=\"\" data-start=\"1023\" data-end=\"1185\" data-immersive-translate-walked=\"1b67dc7c-c80b-4db4-a221-269969f5dd0f\" data-immersive-translate-paragraph=\"1\">La variante Grape Ice, qui combine le go\u00fbt de raisins m\u00fbrs avec une fra\u00eecheur agr\u00e9able, est particuli\u00e8rement appr\u00e9ci\u00e9e \u2013 parfaite pour les amateurs de notes fruit\u00e9es fra\u00eeches.<\/p>\n<div style=\"width: 1170px;\" class=\"wp-video\"><!--[if lt IE 9]><script>document.createElement('video');<\/script><![endif]-->\n<video class=\"wp-video-shortcode\" id=\"video-6638-1\" width=\"1170\" height=\"658\" preload=\"metadata\" controls=\"controls\"><source type=\"video\/mp4\" src=\"https:\/\/vapingnet.de\/wp-content\/uploads\/2025\/04\/12000Puffs.mp4?_=1\" \/><a href=\"https:\/\/vapingnet.de\/wp-content\/uploads\/2025\/04\/12000Puffs.mp4\">https:\/\/vapingnet.de\/wp-content\/uploads\/2025\/04\/12000Puffs.mp4<\/a><\/video><\/div>\n<h3 data-start=\"1187\" data-end=\"1232\" data-immersive-translate-walked=\"1b67dc7c-c80b-4db4-a221-269969f5dd0f\" data-immersive-translate-paragraph=\"1\">Design \u00e9l\u00e9gant et maniement pratique<\/h3>\n<p class=\"\" data-start=\"1234\" data-end=\"1435\" data-immersive-translate-walked=\"1b67dc7c-c80b-4db4-a221-269969f5dd0f\" data-immersive-translate-paragraph=\"1\">Le design moderne avec \u00e9clairage RGB fait du WASPE 12000 Bouff\u00e9es un v\u00e9ritable point d'attraction. Malgr\u00e9 ses performances puissantes, l'appareil reste l\u00e9ger et maniable avec un poids de seulement 82 g.<\/p>\n<p class=\"\" data-start=\"1437\" data-end=\"1738\" data-immersive-translate-walked=\"1b67dc7c-c80b-4db4-a221-269969f5dd0f\" data-immersive-translate-paragraph=\"1\">Le design MTL (Mouth-to-Lung) offre une sensation d'inhalation authentique, sp\u00e9cialement con\u00e7u pour les d\u00e9butants et les amateurs du style de vapotage classique. De plus, diff\u00e9rentes concentrations de nicotine sont disponibles : 0, 1, 2, 3 et 5 mg\/ml, permettant \u00e0 chaque utilisateur de choisir sa pr\u00e9f\u00e9rence personnelle.<\/p>\n<h3 data-start=\"1740\" data-end=\"1784\" data-immersive-translate-walked=\"1b67dc7c-c80b-4db4-a221-269969f5dd0f\" data-immersive-translate-paragraph=\"1\">Livraison rapide et exp\u00e9dition sans douane<\/h3>\n<p class=\"\" data-start=\"1786\" data-end=\"1990\" data-immersive-translate-walked=\"1b67dc7c-c80b-4db4-a221-269969f5dd0f\" data-immersive-translate-paragraph=\"1\">Le WASPE 12000 Bouff\u00e9es peut \u00eatre command\u00e9 directement sur vapingnet.fr. Le d\u00e9lai de livraison est d'environ 7 \u00e0 15 jours ouvrables, et gr\u00e2ce \u00e0 l'exp\u00e9dition sans douane, aucun co\u00fbt suppl\u00e9mentaire n'est \u00e0 pr\u00e9voir pour le client.<\/p>\n<p class=\"\" data-start=\"1992\" data-end=\"2122\" data-immersive-translate-walked=\"1b67dc7c-c80b-4db4-a221-269969f5dd0f\" data-immersive-translate-paragraph=\"1\">Ce mod\u00e8le est id\u00e9al pour ceux qui recherchent une cigarette \u00e9lectronique jetable durable, au go\u00fbt convaincant et techniquement sophistiqu\u00e9e.<\/p>","protected":false},"excerpt":{"rendered":"<p>WASPE 12000 Puffs: Maximales Dampferlebnis im handlichen Format Der WASPE 12000 Puffs Einweg-Vape \u00fcberzeugt mit einer enormen Kapazit\u00e4t von 12000 Z\u00fcgen und einem gro\u00dfz\u00fcgigen 20-ml-E-Liquid-Reservoir&#8230;.<\/p>","protected":false},"featured_media":6603,"template":"","meta":[],"etheme_brands":[],"product_brand":[98],"product_cat":[88,49,61],"product_tag":[],"class_list":{"0":"post-6638","1":"product","2":"type-product","3":"status-publish","4":"has-post-thumbnail","6":"product_brand-waspe-vape","7":"product_cat-12k-vape","8":"product_cat-einweg-e-zigarette","9":"product_cat-f","11":"first","12":"instock","13":"shipping-taxable","14":"purchasable","15":"product-type-variable"},"yoast_head":"<!-- This site is optimized with the Yoast SEO plugin v26.5 - https:\/\/yoast.com\/wordpress\/plugins\/seo\/ -->\n<title>Genie\u00dfen Sie Grape Ice In WASPE 12000 Puffs Der Beste Geschmack Weltweit Beliebt | Vapingnet.de<\/title>\n<meta name=\"description\" content=\"Entdecke Genie\u00dfen Sie Grape Ice In WASPE 12000 Puffs Der Beste Geschmack Weltweit Beliebt bei vapingnet.de, \u25ba Gro\u00dfe Auswahl an Geschmacksrichtungen &amp; super g\u00fcnstig!\" \/>\n<meta name=\"robots\" content=\"index, follow, max-snippet:-1, max-image-preview:large, max-video-preview:-1\" \/>\n<link rel=\"canonical\" href=\"https:\/\/vapingnet.de\/fr\/vape\/geniessen-sie-grape-ice-in-waspe-12000-puffs-der-beste-geschmack-weltweit-beliebt\/\" \/>\n<meta property=\"og:locale\" content=\"fr_FR\" \/>\n<meta property=\"og:type\" content=\"article\" \/>\n<meta property=\"og:title\" content=\"Genie\u00dfen Sie Grape Ice In WASPE 12000 Puffs Der Beste Geschmack Weltweit Beliebt | Vapingnet.de\" \/>\n<meta property=\"og:description\" content=\"Entdecke Genie\u00dfen Sie Grape Ice In WASPE 12000 Puffs Der Beste Geschmack Weltweit Beliebt bei vapingnet.de, \u25ba Gro\u00dfe Auswahl an Geschmacksrichtungen &amp; super g\u00fcnstig!\" \/>\n<meta property=\"og:url\" content=\"https:\/\/vapingnet.de\/fr\/vape\/geniessen-sie-grape-ice-in-waspe-12000-puffs-der-beste-geschmack-weltweit-beliebt\/\" \/>\n<meta property=\"og:site_name\" content=\"Vapingnet.de\" \/>\n<meta property=\"article:publisher\" content=\"https:\/\/www.facebook.com\/vapingnetde\/\" \/>\n<meta property=\"article:modified_time\" content=\"2026-04-15T09:14:30+00:00\" \/>\n<meta property=\"og:image\" content=\"https:\/\/vapingnet.de\/wp-content\/uploads\/2025\/04\/Grape-Ice-3.webp\" \/>\n\t<meta property=\"og:image:width\" content=\"1000\" \/>\n\t<meta property=\"og:image:height\" content=\"1000\" \/>\n\t<meta property=\"og:image:type\" content=\"image\/webp\" \/>\n<meta name=\"twitter:card\" content=\"summary_large_image\" \/>\n<meta name=\"twitter:label1\" content=\"Dur\u00e9e de lecture estim\u00e9e\" \/>\n\t<meta name=\"twitter:data1\" content=\"2 minutes\" \/>\n<script type=\"application\/ld+json\" class=\"yoast-schema-graph\">{\"@context\":\"https:\/\/schema.org\",\"@graph\":[{\"@type\":\"WebPage\",\"@id\":\"https:\/\/vapingnet.de\/vape\/geniessen-sie-grape-ice-in-waspe-12000-puffs-der-beste-geschmack-weltweit-beliebt\/\",\"url\":\"https:\/\/vapingnet.de\/vape\/geniessen-sie-grape-ice-in-waspe-12000-puffs-der-beste-geschmack-weltweit-beliebt\/\",\"name\":\"Genie\u00dfen Sie Grape Ice In WASPE 12000 Puffs Der Beste Geschmack Weltweit Beliebt | Vapingnet.de\",\"isPartOf\":{\"@id\":\"https:\/\/vapingnet.de\/#website\"},\"primaryImageOfPage\":{\"@id\":\"https:\/\/vapingnet.de\/vape\/geniessen-sie-grape-ice-in-waspe-12000-puffs-der-beste-geschmack-weltweit-beliebt\/#primaryimage\"},\"image\":{\"@id\":\"https:\/\/vapingnet.de\/vape\/geniessen-sie-grape-ice-in-waspe-12000-puffs-der-beste-geschmack-weltweit-beliebt\/#primaryimage\"},\"thumbnailUrl\":\"https:\/\/vapingnet.de\/wp-content\/uploads\/2025\/04\/Grape-Ice-3.webp\",\"datePublished\":\"2025-04-29T06:29:09+00:00\",\"dateModified\":\"2026-04-15T09:14:30+00:00\",\"description\":\"Entdecke Genie\u00dfen Sie Grape Ice In WASPE 12000 Puffs Der Beste Geschmack Weltweit Beliebt bei vapingnet.de, \u25ba Gro\u00dfe Auswahl an Geschmacksrichtungen & super g\u00fcnstig!\",\"breadcrumb\":{\"@id\":\"https:\/\/vapingnet.de\/vape\/geniessen-sie-grape-ice-in-waspe-12000-puffs-der-beste-geschmack-weltweit-beliebt\/#breadcrumb\"},\"inLanguage\":\"fr-FR\",\"potentialAction\":[{\"@type\":\"ReadAction\",\"target\":[\"https:\/\/vapingnet.de\/vape\/geniessen-sie-grape-ice-in-waspe-12000-puffs-der-beste-geschmack-weltweit-beliebt\/\"]}]},{\"@type\":\"ImageObject\",\"inLanguage\":\"fr-FR\",\"@id\":\"https:\/\/vapingnet.de\/vape\/geniessen-sie-grape-ice-in-waspe-12000-puffs-der-beste-geschmack-weltweit-beliebt\/#primaryimage\",\"url\":\"https:\/\/vapingnet.de\/wp-content\/uploads\/2025\/04\/Grape-Ice-3.webp\",\"contentUrl\":\"https:\/\/vapingnet.de\/wp-content\/uploads\/2025\/04\/Grape-Ice-3.webp\",\"width\":1000,\"height\":1000},{\"@type\":\"BreadcrumbList\",\"@id\":\"https:\/\/vapingnet.de\/vape\/geniessen-sie-grape-ice-in-waspe-12000-puffs-der-beste-geschmack-weltweit-beliebt\/#breadcrumb\",\"itemListElement\":[{\"@type\":\"ListItem\",\"position\":1,\"name\":\"Home\",\"item\":\"https:\/\/vapingnet.de\/\"},{\"@type\":\"ListItem\",\"position\":2,\"name\":\"Shop\",\"item\":\"https:\/\/vapingnet.de\/vape\/\"},{\"@type\":\"ListItem\",\"position\":3,\"name\":\"Genie\u00dfen Sie Grape Ice In WASPE 12000 Puffs Der Beste Geschmack Weltweit Beliebt\"}]},{\"@type\":\"WebSite\",\"@id\":\"https:\/\/vapingnet.de\/#website\",\"url\":\"https:\/\/vapingnet.de\/\",\"name\":\"Vapingnet.de\",\"description\":\"\",\"publisher\":{\"@id\":\"https:\/\/vapingnet.de\/#organization\"},\"potentialAction\":[{\"@type\":\"SearchAction\",\"target\":{\"@type\":\"EntryPoint\",\"urlTemplate\":\"https:\/\/vapingnet.de\/?s={search_term_string}\"},\"query-input\":{\"@type\":\"PropertyValueSpecification\",\"valueRequired\":true,\"valueName\":\"search_term_string\"}}],\"inLanguage\":\"fr-FR\"},{\"@type\":\"Organization\",\"@id\":\"https:\/\/vapingnet.de\/#organization\",\"name\":\"Vapingnet.de\",\"url\":\"https:\/\/vapingnet.de\/\",\"logo\":{\"@type\":\"ImageObject\",\"inLanguage\":\"fr-FR\",\"@id\":\"https:\/\/vapingnet.de\/#\/schema\/logo\/image\/\",\"url\":\"https:\/\/vapingnet.de\/wp-content\/uploads\/2025\/03\/cropped-vapingnet.de_.jpg\",\"contentUrl\":\"https:\/\/vapingnet.de\/wp-content\/uploads\/2025\/03\/cropped-vapingnet.de_.jpg\",\"width\":512,\"height\":512,\"caption\":\"Vapingnet.de\"},\"image\":{\"@id\":\"https:\/\/vapingnet.de\/#\/schema\/logo\/image\/\"},\"sameAs\":[\"https:\/\/www.facebook.com\/vapingnetde\/\"]}]}<\/script>\n<!-- \/ Yoast SEO plugin. -->","yoast_head_json":{"title":"Genie\u00dfen Sie Grape Ice In WASPE 12000 Puffs Der Beste Geschmack Weltweit Beliebt | Vapingnet.de","description":"Entdecke Genie\u00dfen Sie Grape Ice In WASPE 12000 Puffs Der Beste Geschmack Weltweit Beliebt bei vapingnet.de, \u25ba Gro\u00dfe Auswahl an Geschmacksrichtungen & super g\u00fcnstig!","robots":{"index":"index","follow":"follow","max-snippet":"max-snippet:-1","max-image-preview":"max-image-preview:large","max-video-preview":"max-video-preview:-1"},"canonical":"https:\/\/vapingnet.de\/fr\/vape\/geniessen-sie-grape-ice-in-waspe-12000-puffs-der-beste-geschmack-weltweit-beliebt\/","og_locale":"fr_FR","og_type":"article","og_title":"Genie\u00dfen Sie Grape Ice In WASPE 12000 Puffs Der Beste Geschmack Weltweit Beliebt | Vapingnet.de","og_description":"Entdecke Genie\u00dfen Sie Grape Ice In WASPE 12000 Puffs Der Beste Geschmack Weltweit Beliebt bei vapingnet.de, \u25ba Gro\u00dfe Auswahl an Geschmacksrichtungen & super g\u00fcnstig!","og_url":"https:\/\/vapingnet.de\/fr\/vape\/geniessen-sie-grape-ice-in-waspe-12000-puffs-der-beste-geschmack-weltweit-beliebt\/","og_site_name":"Vapingnet.de","article_publisher":"https:\/\/www.facebook.com\/vapingnetde\/","article_modified_time":"2026-04-15T09:14:30+00:00","og_image":[{"width":1000,"height":1000,"url":"https:\/\/vapingnet.de\/wp-content\/uploads\/2025\/04\/Grape-Ice-3.webp","type":"image\/webp"}],"twitter_card":"summary_large_image","twitter_misc":{"Dur\u00e9e de lecture estim\u00e9e":"2 minutes"},"schema":{"@context":"https:\/\/schema.org","@graph":[{"@type":"WebPage","@id":"https:\/\/vapingnet.de\/vape\/geniessen-sie-grape-ice-in-waspe-12000-puffs-der-beste-geschmack-weltweit-beliebt\/","url":"https:\/\/vapingnet.de\/vape\/geniessen-sie-grape-ice-in-waspe-12000-puffs-der-beste-geschmack-weltweit-beliebt\/","name":"Genie\u00dfen Sie Grape Ice In WASPE 12000 Puffs Der Beste Geschmack Weltweit Beliebt | Vapingnet.de","isPartOf":{"@id":"https:\/\/vapingnet.de\/#website"},"primaryImageOfPage":{"@id":"https:\/\/vapingnet.de\/vape\/geniessen-sie-grape-ice-in-waspe-12000-puffs-der-beste-geschmack-weltweit-beliebt\/#primaryimage"},"image":{"@id":"https:\/\/vapingnet.de\/vape\/geniessen-sie-grape-ice-in-waspe-12000-puffs-der-beste-geschmack-weltweit-beliebt\/#primaryimage"},"thumbnailUrl":"https:\/\/vapingnet.de\/wp-content\/uploads\/2025\/04\/Grape-Ice-3.webp","datePublished":"2025-04-29T06:29:09+00:00","dateModified":"2026-04-15T09:14:30+00:00","description":"Entdecke Genie\u00dfen Sie Grape Ice In WASPE 12000 Puffs Der Beste Geschmack Weltweit Beliebt bei vapingnet.de, \u25ba Gro\u00dfe Auswahl an Geschmacksrichtungen & super g\u00fcnstig!","breadcrumb":{"@id":"https:\/\/vapingnet.de\/vape\/geniessen-sie-grape-ice-in-waspe-12000-puffs-der-beste-geschmack-weltweit-beliebt\/#breadcrumb"},"inLanguage":"fr-FR","potentialAction":[{"@type":"ReadAction","target":["https:\/\/vapingnet.de\/vape\/geniessen-sie-grape-ice-in-waspe-12000-puffs-der-beste-geschmack-weltweit-beliebt\/"]}]},{"@type":"ImageObject","inLanguage":"fr-FR","@id":"https:\/\/vapingnet.de\/vape\/geniessen-sie-grape-ice-in-waspe-12000-puffs-der-beste-geschmack-weltweit-beliebt\/#primaryimage","url":"https:\/\/vapingnet.de\/wp-content\/uploads\/2025\/04\/Grape-Ice-3.webp","contentUrl":"https:\/\/vapingnet.de\/wp-content\/uploads\/2025\/04\/Grape-Ice-3.webp","width":1000,"height":1000},{"@type":"BreadcrumbList","@id":"https:\/\/vapingnet.de\/vape\/geniessen-sie-grape-ice-in-waspe-12000-puffs-der-beste-geschmack-weltweit-beliebt\/#breadcrumb","itemListElement":[{"@type":"ListItem","position":1,"name":"Home","item":"https:\/\/vapingnet.de\/"},{"@type":"ListItem","position":2,"name":"Shop","item":"https:\/\/vapingnet.de\/vape\/"},{"@type":"ListItem","position":3,"name":"Genie\u00dfen Sie Grape Ice In WASPE 12000 Puffs Der Beste Geschmack Weltweit Beliebt"}]},{"@type":"WebSite","@id":"https:\/\/vapingnet.de\/#website","url":"https:\/\/vapingnet.de\/","name":"Vapingnet.de","description":"","publisher":{"@id":"https:\/\/vapingnet.de\/#organization"},"potentialAction":[{"@type":"SearchAction","target":{"@type":"EntryPoint","urlTemplate":"https:\/\/vapingnet.de\/?s={search_term_string}"},"query-input":{"@type":"PropertyValueSpecification","valueRequired":true,"valueName":"search_term_string"}}],"inLanguage":"fr-FR"},{"@type":"Organization","@id":"https:\/\/vapingnet.de\/#organization","name":"Vapingnet.de","url":"https:\/\/vapingnet.de\/","logo":{"@type":"ImageObject","inLanguage":"fr-FR","@id":"https:\/\/vapingnet.de\/#\/schema\/logo\/image\/","url":"https:\/\/vapingnet.de\/wp-content\/uploads\/2025\/03\/cropped-vapingnet.de_.jpg","contentUrl":"https:\/\/vapingnet.de\/wp-content\/uploads\/2025\/03\/cropped-vapingnet.de_.jpg","width":512,"height":512,"caption":"Vapingnet.de"},"image":{"@id":"https:\/\/vapingnet.de\/#\/schema\/logo\/image\/"},"sameAs":["https:\/\/www.facebook.com\/vapingnetde\/"]}]}},"tiered_pricing_type":"fixed","tiered_pricing_fixed_rules":[],"tiered_pricing_product_settings":{"layout":"default","base_unit_name":{"singular":null,"plural":null},"default_variation":null},"tiered_pricing_minimum_quantity":null,"tiered_pricing_roles_data":[],"tiered_pricing_percentage_rules":[],"_links":{"self":[{"href":"https:\/\/vapingnet.de\/fr\/wp-json\/wp\/v2\/product\/6638","targetHints":{"allow":["GET"]}}],"collection":[{"href":"https:\/\/vapingnet.de\/fr\/wp-json\/wp\/v2\/product"}],"about":[{"href":"https:\/\/vapingnet.de\/fr\/wp-json\/wp\/v2\/types\/product"}],"version-history":[{"count":2,"href":"https:\/\/vapingnet.de\/fr\/wp-json\/wp\/v2\/product\/6638\/revisions"}],"predecessor-version":[{"id":6880,"href":"https:\/\/vapingnet.de\/fr\/wp-json\/wp\/v2\/product\/6638\/revisions\/6880"}],"wp:featuredmedia":[{"embeddable":true,"href":"https:\/\/vapingnet.de\/fr\/wp-json\/wp\/v2\/media\/6603"}],"wp:attachment":[{"href":"https:\/\/vapingnet.de\/fr\/wp-json\/wp\/v2\/media?parent=6638"}],"wp:term":[{"taxonomy":"brand","embeddable":true,"href":"https:\/\/vapingnet.de\/fr\/wp-json\/wp\/v2\/etheme_brands?post=6638"},{"taxonomy":"product_brand","embeddable":true,"href":"https:\/\/vapingnet.de\/fr\/wp-json\/wp\/v2\/product_brand?post=6638"},{"taxonomy":"product_cat","embeddable":true,"href":"https:\/\/vapingnet.de\/fr\/wp-json\/wp\/v2\/product_cat?post=6638"},{"taxonomy":"product_tag","embeddable":true,"href":"https:\/\/vapingnet.de\/fr\/wp-json\/wp\/v2\/product_tag?post=6638"}],"curies":[{"name":"wp","href":"https:\/\/api.w.org\/{rel}","templated":true}]}}