{"id":6642,"date":"2025-04-29T06:29:16","date_gmt":"2025-04-29T06:29:16","guid":{"rendered":"https:\/\/vapingnet.de\/?post_type=product&#038;p=6642"},"modified":"2026-04-15T09:12:21","modified_gmt":"2026-04-15T09:12:21","slug":"waspe-12000-puffs-mit-mixed-berries-frisch-fruchtig-und-weltweit-ein-hit","status":"publish","type":"product","link":"https:\/\/vapingnet.de\/fr\/vape\/waspe-12000-puffs-mit-mixed-berries-frisch-fruchtig-und-weltweit-ein-hit\/","title":{"rendered":"WASPE 12000 Bouff\u00e9es Avec Fruits Rouges Mixtes Frais, Et Un Succ\u00e8s Mondial"},"content":{"rendered":"<h2 data-start=\"0\" data-end=\"77\" data-immersive-translate-walked=\"6afa0363-366e-485d-a365-bbb83175a2d0\">WASPE 12000 Bouff\u00e9es \u2013 La cigarette \u00e9lectronique jetable ultime pour un plaisir durable<\/h2>\n<p class=\"\" data-start=\"79\" data-end=\"416\" data-immersive-translate-walked=\"6afa0363-366e-485d-a365-bbb83175a2d0\" data-immersive-translate-paragraph=\"1\">La WASPE 12000 Bouff\u00e9es est une cigarette \u00e9lectronique jetable r\u00e9volutionnaire qui r\u00e9pond \u00e0 toutes les exigences des vapoteurs modernes. Avec une combinaison de haute performance, de longue durabilit\u00e9 et de design \u00e9l\u00e9gant, ce mod\u00e8le se distingue des autres. D\u00e9couvrez pourquoi la WASPE 12000 Bouff\u00e9es est le choix parfait pour les vapoteurs exigeants.<\/p>\n<h3>Qu'est-ce qui rend la WASPE 12000 Bouff\u00e9es si sp\u00e9ciale ?<\/h3>\n<h4 class=\"\" data-start=\"469\" data-end=\"505\">Durabilit\u00e9 et efficacit\u00e9<\/h4>\n<p class=\"\" data-start=\"506\" data-end=\"767\" data-immersive-translate-walked=\"6afa0363-366e-485d-a365-bbb83175a2d0\" data-immersive-translate-paragraph=\"1\">Avec 12000 bouff\u00e9es et 20 ml de e-liquide, cette cigarette \u00e9lectronique jetable offre une capacit\u00e9 plus que suffisante pour vous accompagner longtemps. Id\u00e9ale pour les gros vapoteurs, elle garantit une production de vapeur constante jusqu'\u00e0 ce que l'appareil soit finalement \u00e9puis\u00e9.<\/p>\n<h4 class=\"\" data-start=\"769\" data-end=\"805\">Options de nicotine polyvalentes<\/h4>\n<p class=\"\" data-start=\"806\" data-end=\"1049\" data-immersive-translate-walked=\"6afa0363-366e-485d-a365-bbb83175a2d0\" data-immersive-translate-paragraph=\"1\">La WASPE 12000 Bouff\u00e9es est disponible en plusieurs concentrations de nicotine : 0%, 2%, 3% et 5%. Ce choix vous permet de trouver le taux de nicotine parfait pour vos besoins, que vous soyez novice ou vapoteur exp\u00e9riment\u00e9.<\/p>\n<h3 class=\"\" data-start=\"1051\" data-end=\"1101\" data-immersive-translate-walked=\"6afa0363-366e-485d-a365-bbb83175a2d0\" data-immersive-translate-paragraph=\"1\">Design convivial et fonctionnalit\u00e9<\/h3>\n<h4 class=\"\" data-start=\"1103\" data-end=\"1151\" data-immersive-translate-walked=\"6afa0363-366e-485d-a365-bbb83175a2d0\">\u00c9clairage RGB pour un look moderne<\/h4>\n<p class=\"\" data-start=\"1152\" data-end=\"1376\" data-immersive-translate-walked=\"6afa0363-366e-485d-a365-bbb83175a2d0\" data-immersive-translate-paragraph=\"1\">Le syst\u00e8me d\u2019\u00e9clairage RGB assure que votre cigarette \u00e9lectronique ne soit pas seulement fonctionnelle, mais aussi un v\u00e9ritable objet de style. Il conf\u00e8re \u00e0 la WASPE 12000 Bouff\u00e9es une touche futuriste qui la distingue des autres appareils.<\/p>\n<h4 class=\"\" data-start=\"1378\" data-end=\"1429\" data-immersive-translate-walked=\"6afa0363-366e-485d-a365-bbb83175a2d0\">Utilisation la plus simple avec activation par bouff\u00e9e<\/h4>\n<p class=\"\" data-start=\"1430\" data-end=\"1627\" data-immersive-translate-walked=\"6afa0363-366e-485d-a365-bbb83175a2d0\" data-immersive-translate-paragraph=\"1\">L\u2019activation par bouff\u00e9e rend la vapote facile \u2013 il suffit d\u2019aspirer, et l\u2019appareil s\u2019allume automatiquement. Aucun bouton ni interrupteur n\u2019est n\u00e9cessaire, ce qui facilite encore plus la prise en main.<\/p>\n<h3>Avantages de la WASPE 12000 Bouff\u00e9es<\/h3>\n<ul data-start=\"1984\" data-end=\"2548\">\n<li class=\"\" data-start=\"1984\" data-end=\"2122\">\n<p class=\"\" data-start=\"1986\" data-end=\"2122\" data-immersive-translate-walked=\"6afa0363-366e-485d-a365-bbb83175a2d0\" data-immersive-translate-paragraph=\"1\">Extr\u00eamement durable : avec 12000 bouff\u00e9es et une capacit\u00e9 g\u00e9n\u00e9reuse en e-liquide, profitez de longs moments de vapotage sans recharges fr\u00e9quentes.<\/p>\n<\/li>\n<li class=\"\" data-start=\"2123\" data-end=\"2238\">\n<p class=\"\" data-start=\"2125\" data-end=\"2238\" data-immersive-translate-walked=\"6afa0363-366e-485d-a365-bbb83175a2d0\" data-immersive-translate-paragraph=\"1\">Manipulation confortable : l\u2019activation par bouff\u00e9e garantit une utilisation rapide et facile \u00e0 tout moment.<\/p>\n<\/li>\n<li class=\"\" data-start=\"2239\" data-end=\"2363\">\n<p class=\"\" data-start=\"2241\" data-end=\"2363\" data-immersive-translate-walked=\"6afa0363-366e-485d-a365-bbb83175a2d0\" data-immersive-translate-paragraph=\"1\">Design de haute qualit\u00e9 : l\u2019\u00e9clairage RGB et l\u2019aspect moderne font du vapotage une exp\u00e9rience sensorielle compl\u00e8te.<\/p>\n<\/li>\n<li class=\"\" data-start=\"2364\" data-end=\"2471\">\n<p class=\"\" data-start=\"2366\" data-end=\"2471\" data-immersive-translate-walked=\"6afa0363-366e-485d-a365-bbb83175a2d0\" data-immersive-translate-paragraph=\"1\">Options de nicotine vari\u00e9es : choisissez parmi diff\u00e9rentes concentrations pour trouver celle qui vous convient.<\/p>\n<\/li>\n<li class=\"\" data-start=\"2472\" data-end=\"2548\">\n<p class=\"\" data-start=\"2474\" data-end=\"2548\" data-immersive-translate-walked=\"6afa0363-366e-485d-a365-bbb83175a2d0\" data-immersive-translate-paragraph=\"1\">Recharge rapide : gr\u00e2ce \u00e0 la connectivit\u00e9 Type-C, la recharge est simple et rapide.<\/p>\n<\/li>\n<\/ul>\n<h3>Le go\u00fbt de la WASPE 12000 Bouff\u00e9es<\/h3>\n<p class=\"\" data-start=\"2591\" data-end=\"2848\" data-immersive-translate-walked=\"6afa0363-366e-485d-a365-bbb83175a2d0\">Avec le go\u00fbt de Baies M\u00e9lang\u00e9es, d\u00e9couvrez un m\u00e9lange fruit\u00e9 de baies sucr\u00e9es et acidul\u00e9es qui rend votre exp\u00e9rience de vapotage encore plus intense. Cette composition aromatique est non seulement rafra\u00eechissante, mais aussi parfaite pour une consommation quotidienne.<\/p>\n<h4>Livraison et exp\u00e9dition<\/h4>\n<ul data-start=\"2877\" data-end=\"2943\" data-immersive-translate-walked=\"6afa0363-366e-485d-a365-bbb83175a2d0\">\n<li class=\"\" data-start=\"2877\" data-end=\"2909\">\n<p class=\"\" data-start=\"2879\" data-end=\"2909\">D\u00e9lai de livraison : 7-15 jours ouvrables<\/p>\n<\/li>\n<li class=\"\" data-start=\"2910\" data-end=\"2943\">\n<p class=\"\" data-start=\"2912\" data-end=\"2943\">Avantage : Pas de frais de douane<\/p>\n<\/li>\n<\/ul>\n<p class=\"\" data-start=\"2945\" data-end=\"3199\" data-immersive-translate-walked=\"6afa0363-366e-485d-a365-bbb83175a2d0\">Vous pouvez commander le WASPE 12000 Puffs directement sur le site vapingnet.fr. La livraison est rapide et simple, et gr\u00e2ce \u00e0 la livraison sans douane, vous pouvez profiter d'une exp\u00e9rience d'achat sans souci.<\/p>\n<p class=\"\" data-start=\"3212\" data-end=\"3634\">Le WASPE 12000 Puffs est un excellent choix pour les vapoteurs \u00e0 la recherche d'un produit jetable puissant, durable et facile \u00e0 utiliser. Avec une s\u00e9lection de niveaux de nicotine, une longue dur\u00e9e de vie et un design moderne, cet appareil est parfait pour chaque vapoteur. Visitez vapingnet.fr et procurez-vous d\u00e8s aujourd'hui votre WASPE 12000 Puffs !<\/p>","protected":false},"excerpt":{"rendered":"<p>WASPE 12000 Puffs \u2013 Der ultimative Einweg-Vape f\u00fcr langanhaltenden Genuss Die WASPE 12000 Puffs ist eine revolution\u00e4re Einweg-E-Zigarette, die alle Anforderungen moderner Dampfer erf\u00fcllt. Mit&#8230;<\/p>","protected":false},"featured_media":6607,"template":"","meta":[],"etheme_brands":[],"product_brand":[98],"product_cat":[88,49,61],"product_tag":[],"class_list":{"0":"post-6642","1":"product","2":"type-product","3":"status-publish","4":"has-post-thumbnail","6":"product_brand-waspe-vape","7":"product_cat-12k-vape","8":"product_cat-einweg-e-zigarette","9":"product_cat-f","11":"first","12":"instock","13":"shipping-taxable","14":"purchasable","15":"product-type-variable"},"yoast_head":"<!-- This site is optimized with the Yoast SEO plugin v26.5 - https:\/\/yoast.com\/wordpress\/plugins\/seo\/ -->\n<title>WASPE 12000 Puffs Mit Mixed Berries Frisch Fruchtig, Und Weltweit Ein Hit | Vapingnet.de<\/title>\n<meta name=\"description\" content=\"Entdecke WASPE 12000 Puffs Mit Mixed Berries Frisch Fruchtig, Und Weltweit Ein Hit bei vapingnet.de, \u25ba Gro\u00dfe Auswahl an Geschmacksrichtungen &amp; super g\u00fcnstig!\" \/>\n<meta name=\"robots\" content=\"index, follow, max-snippet:-1, max-image-preview:large, max-video-preview:-1\" \/>\n<link rel=\"canonical\" href=\"https:\/\/vapingnet.de\/fr\/vape\/waspe-12000-puffs-mit-mixed-berries-frisch-fruchtig-und-weltweit-ein-hit\/\" \/>\n<meta property=\"og:locale\" content=\"fr_FR\" \/>\n<meta property=\"og:type\" content=\"article\" \/>\n<meta property=\"og:title\" content=\"WASPE 12000 Puffs Mit Mixed Berries Frisch Fruchtig, Und Weltweit Ein Hit | Vapingnet.de\" \/>\n<meta property=\"og:description\" content=\"Entdecke WASPE 12000 Puffs Mit Mixed Berries Frisch Fruchtig, Und Weltweit Ein Hit bei vapingnet.de, \u25ba Gro\u00dfe Auswahl an Geschmacksrichtungen &amp; super g\u00fcnstig!\" \/>\n<meta property=\"og:url\" content=\"https:\/\/vapingnet.de\/fr\/vape\/waspe-12000-puffs-mit-mixed-berries-frisch-fruchtig-und-weltweit-ein-hit\/\" \/>\n<meta property=\"og:site_name\" content=\"Vapingnet.de\" \/>\n<meta property=\"article:publisher\" content=\"https:\/\/www.facebook.com\/vapingnetde\/\" \/>\n<meta property=\"article:modified_time\" content=\"2026-04-15T09:12:21+00:00\" \/>\n<meta property=\"og:image\" content=\"https:\/\/vapingnet.de\/wp-content\/uploads\/2025\/04\/Mixed-Berries-1.webp\" \/>\n\t<meta property=\"og:image:width\" content=\"1000\" \/>\n\t<meta property=\"og:image:height\" content=\"1000\" \/>\n\t<meta property=\"og:image:type\" content=\"image\/webp\" \/>\n<meta name=\"twitter:card\" content=\"summary_large_image\" \/>\n<meta name=\"twitter:label1\" content=\"Dur\u00e9e de lecture estim\u00e9e\" \/>\n\t<meta name=\"twitter:data1\" content=\"3 minutes\" \/>\n<script type=\"application\/ld+json\" class=\"yoast-schema-graph\">{\"@context\":\"https:\/\/schema.org\",\"@graph\":[{\"@type\":\"WebPage\",\"@id\":\"https:\/\/vapingnet.de\/vape\/waspe-12000-puffs-mit-mixed-berries-frisch-fruchtig-und-weltweit-ein-hit\/\",\"url\":\"https:\/\/vapingnet.de\/vape\/waspe-12000-puffs-mit-mixed-berries-frisch-fruchtig-und-weltweit-ein-hit\/\",\"name\":\"WASPE 12000 Puffs Mit Mixed Berries Frisch Fruchtig, Und Weltweit Ein Hit | Vapingnet.de\",\"isPartOf\":{\"@id\":\"https:\/\/vapingnet.de\/#website\"},\"primaryImageOfPage\":{\"@id\":\"https:\/\/vapingnet.de\/vape\/waspe-12000-puffs-mit-mixed-berries-frisch-fruchtig-und-weltweit-ein-hit\/#primaryimage\"},\"image\":{\"@id\":\"https:\/\/vapingnet.de\/vape\/waspe-12000-puffs-mit-mixed-berries-frisch-fruchtig-und-weltweit-ein-hit\/#primaryimage\"},\"thumbnailUrl\":\"https:\/\/vapingnet.de\/wp-content\/uploads\/2025\/04\/Mixed-Berries-1.webp\",\"datePublished\":\"2025-04-29T06:29:16+00:00\",\"dateModified\":\"2026-04-15T09:12:21+00:00\",\"description\":\"Entdecke WASPE 12000 Puffs Mit Mixed Berries Frisch Fruchtig, Und Weltweit Ein Hit bei vapingnet.de, \u25ba Gro\u00dfe Auswahl an Geschmacksrichtungen & super g\u00fcnstig!\",\"breadcrumb\":{\"@id\":\"https:\/\/vapingnet.de\/vape\/waspe-12000-puffs-mit-mixed-berries-frisch-fruchtig-und-weltweit-ein-hit\/#breadcrumb\"},\"inLanguage\":\"fr-FR\",\"potentialAction\":[{\"@type\":\"ReadAction\",\"target\":[\"https:\/\/vapingnet.de\/vape\/waspe-12000-puffs-mit-mixed-berries-frisch-fruchtig-und-weltweit-ein-hit\/\"]}]},{\"@type\":\"ImageObject\",\"inLanguage\":\"fr-FR\",\"@id\":\"https:\/\/vapingnet.de\/vape\/waspe-12000-puffs-mit-mixed-berries-frisch-fruchtig-und-weltweit-ein-hit\/#primaryimage\",\"url\":\"https:\/\/vapingnet.de\/wp-content\/uploads\/2025\/04\/Mixed-Berries-1.webp\",\"contentUrl\":\"https:\/\/vapingnet.de\/wp-content\/uploads\/2025\/04\/Mixed-Berries-1.webp\",\"width\":1000,\"height\":1000},{\"@type\":\"BreadcrumbList\",\"@id\":\"https:\/\/vapingnet.de\/vape\/waspe-12000-puffs-mit-mixed-berries-frisch-fruchtig-und-weltweit-ein-hit\/#breadcrumb\",\"itemListElement\":[{\"@type\":\"ListItem\",\"position\":1,\"name\":\"Home\",\"item\":\"https:\/\/vapingnet.de\/\"},{\"@type\":\"ListItem\",\"position\":2,\"name\":\"Shop\",\"item\":\"https:\/\/vapingnet.de\/vape\/\"},{\"@type\":\"ListItem\",\"position\":3,\"name\":\"WASPE 12000 Puffs Mit Mixed Berries Frisch Fruchtig, Und Weltweit Ein Hit\"}]},{\"@type\":\"WebSite\",\"@id\":\"https:\/\/vapingnet.de\/#website\",\"url\":\"https:\/\/vapingnet.de\/\",\"name\":\"Vapingnet.de\",\"description\":\"\",\"publisher\":{\"@id\":\"https:\/\/vapingnet.de\/#organization\"},\"potentialAction\":[{\"@type\":\"SearchAction\",\"target\":{\"@type\":\"EntryPoint\",\"urlTemplate\":\"https:\/\/vapingnet.de\/?s={search_term_string}\"},\"query-input\":{\"@type\":\"PropertyValueSpecification\",\"valueRequired\":true,\"valueName\":\"search_term_string\"}}],\"inLanguage\":\"fr-FR\"},{\"@type\":\"Organization\",\"@id\":\"https:\/\/vapingnet.de\/#organization\",\"name\":\"Vapingnet.de\",\"url\":\"https:\/\/vapingnet.de\/\",\"logo\":{\"@type\":\"ImageObject\",\"inLanguage\":\"fr-FR\",\"@id\":\"https:\/\/vapingnet.de\/#\/schema\/logo\/image\/\",\"url\":\"https:\/\/vapingnet.de\/wp-content\/uploads\/2025\/03\/cropped-vapingnet.de_.jpg\",\"contentUrl\":\"https:\/\/vapingnet.de\/wp-content\/uploads\/2025\/03\/cropped-vapingnet.de_.jpg\",\"width\":512,\"height\":512,\"caption\":\"Vapingnet.de\"},\"image\":{\"@id\":\"https:\/\/vapingnet.de\/#\/schema\/logo\/image\/\"},\"sameAs\":[\"https:\/\/www.facebook.com\/vapingnetde\/\"]}]}<\/script>\n<!-- \/ Yoast SEO plugin. -->","yoast_head_json":{"title":"WASPE 12000 Puffs Mit Mixed Berries Frisch Fruchtig, Und Weltweit Ein Hit | Vapingnet.de","description":"Entdecke WASPE 12000 Puffs Mit Mixed Berries Frisch Fruchtig, Und Weltweit Ein Hit bei vapingnet.de, \u25ba Gro\u00dfe Auswahl an Geschmacksrichtungen & super g\u00fcnstig!","robots":{"index":"index","follow":"follow","max-snippet":"max-snippet:-1","max-image-preview":"max-image-preview:large","max-video-preview":"max-video-preview:-1"},"canonical":"https:\/\/vapingnet.de\/fr\/vape\/waspe-12000-puffs-mit-mixed-berries-frisch-fruchtig-und-weltweit-ein-hit\/","og_locale":"fr_FR","og_type":"article","og_title":"WASPE 12000 Puffs Mit Mixed Berries Frisch Fruchtig, Und Weltweit Ein Hit | Vapingnet.de","og_description":"Entdecke WASPE 12000 Puffs Mit Mixed Berries Frisch Fruchtig, Und Weltweit Ein Hit bei vapingnet.de, \u25ba Gro\u00dfe Auswahl an Geschmacksrichtungen & super g\u00fcnstig!","og_url":"https:\/\/vapingnet.de\/fr\/vape\/waspe-12000-puffs-mit-mixed-berries-frisch-fruchtig-und-weltweit-ein-hit\/","og_site_name":"Vapingnet.de","article_publisher":"https:\/\/www.facebook.com\/vapingnetde\/","article_modified_time":"2026-04-15T09:12:21+00:00","og_image":[{"width":1000,"height":1000,"url":"https:\/\/vapingnet.de\/wp-content\/uploads\/2025\/04\/Mixed-Berries-1.webp","type":"image\/webp"}],"twitter_card":"summary_large_image","twitter_misc":{"Dur\u00e9e de lecture estim\u00e9e":"3 minutes"},"schema":{"@context":"https:\/\/schema.org","@graph":[{"@type":"WebPage","@id":"https:\/\/vapingnet.de\/vape\/waspe-12000-puffs-mit-mixed-berries-frisch-fruchtig-und-weltweit-ein-hit\/","url":"https:\/\/vapingnet.de\/vape\/waspe-12000-puffs-mit-mixed-berries-frisch-fruchtig-und-weltweit-ein-hit\/","name":"WASPE 12000 Puffs Mit Mixed Berries Frisch Fruchtig, Und Weltweit Ein Hit | Vapingnet.de","isPartOf":{"@id":"https:\/\/vapingnet.de\/#website"},"primaryImageOfPage":{"@id":"https:\/\/vapingnet.de\/vape\/waspe-12000-puffs-mit-mixed-berries-frisch-fruchtig-und-weltweit-ein-hit\/#primaryimage"},"image":{"@id":"https:\/\/vapingnet.de\/vape\/waspe-12000-puffs-mit-mixed-berries-frisch-fruchtig-und-weltweit-ein-hit\/#primaryimage"},"thumbnailUrl":"https:\/\/vapingnet.de\/wp-content\/uploads\/2025\/04\/Mixed-Berries-1.webp","datePublished":"2025-04-29T06:29:16+00:00","dateModified":"2026-04-15T09:12:21+00:00","description":"Entdecke WASPE 12000 Puffs Mit Mixed Berries Frisch Fruchtig, Und Weltweit Ein Hit bei vapingnet.de, \u25ba Gro\u00dfe Auswahl an Geschmacksrichtungen & super g\u00fcnstig!","breadcrumb":{"@id":"https:\/\/vapingnet.de\/vape\/waspe-12000-puffs-mit-mixed-berries-frisch-fruchtig-und-weltweit-ein-hit\/#breadcrumb"},"inLanguage":"fr-FR","potentialAction":[{"@type":"ReadAction","target":["https:\/\/vapingnet.de\/vape\/waspe-12000-puffs-mit-mixed-berries-frisch-fruchtig-und-weltweit-ein-hit\/"]}]},{"@type":"ImageObject","inLanguage":"fr-FR","@id":"https:\/\/vapingnet.de\/vape\/waspe-12000-puffs-mit-mixed-berries-frisch-fruchtig-und-weltweit-ein-hit\/#primaryimage","url":"https:\/\/vapingnet.de\/wp-content\/uploads\/2025\/04\/Mixed-Berries-1.webp","contentUrl":"https:\/\/vapingnet.de\/wp-content\/uploads\/2025\/04\/Mixed-Berries-1.webp","width":1000,"height":1000},{"@type":"BreadcrumbList","@id":"https:\/\/vapingnet.de\/vape\/waspe-12000-puffs-mit-mixed-berries-frisch-fruchtig-und-weltweit-ein-hit\/#breadcrumb","itemListElement":[{"@type":"ListItem","position":1,"name":"Home","item":"https:\/\/vapingnet.de\/"},{"@type":"ListItem","position":2,"name":"Shop","item":"https:\/\/vapingnet.de\/vape\/"},{"@type":"ListItem","position":3,"name":"WASPE 12000 Puffs Mit Mixed Berries Frisch Fruchtig, Und Weltweit Ein Hit"}]},{"@type":"WebSite","@id":"https:\/\/vapingnet.de\/#website","url":"https:\/\/vapingnet.de\/","name":"Vapingnet.de","description":"","publisher":{"@id":"https:\/\/vapingnet.de\/#organization"},"potentialAction":[{"@type":"SearchAction","target":{"@type":"EntryPoint","urlTemplate":"https:\/\/vapingnet.de\/?s={search_term_string}"},"query-input":{"@type":"PropertyValueSpecification","valueRequired":true,"valueName":"search_term_string"}}],"inLanguage":"fr-FR"},{"@type":"Organization","@id":"https:\/\/vapingnet.de\/#organization","name":"Vapingnet.de","url":"https:\/\/vapingnet.de\/","logo":{"@type":"ImageObject","inLanguage":"fr-FR","@id":"https:\/\/vapingnet.de\/#\/schema\/logo\/image\/","url":"https:\/\/vapingnet.de\/wp-content\/uploads\/2025\/03\/cropped-vapingnet.de_.jpg","contentUrl":"https:\/\/vapingnet.de\/wp-content\/uploads\/2025\/03\/cropped-vapingnet.de_.jpg","width":512,"height":512,"caption":"Vapingnet.de"},"image":{"@id":"https:\/\/vapingnet.de\/#\/schema\/logo\/image\/"},"sameAs":["https:\/\/www.facebook.com\/vapingnetde\/"]}]}},"tiered_pricing_type":"fixed","tiered_pricing_fixed_rules":[],"tiered_pricing_product_settings":{"layout":"default","base_unit_name":{"singular":null,"plural":null},"default_variation":null},"tiered_pricing_minimum_quantity":null,"tiered_pricing_roles_data":[],"tiered_pricing_percentage_rules":[],"_links":{"self":[{"href":"https:\/\/vapingnet.de\/fr\/wp-json\/wp\/v2\/product\/6642","targetHints":{"allow":["GET"]}}],"collection":[{"href":"https:\/\/vapingnet.de\/fr\/wp-json\/wp\/v2\/product"}],"about":[{"href":"https:\/\/vapingnet.de\/fr\/wp-json\/wp\/v2\/types\/product"}],"version-history":[{"count":1,"href":"https:\/\/vapingnet.de\/fr\/wp-json\/wp\/v2\/product\/6642\/revisions"}],"predecessor-version":[{"id":6650,"href":"https:\/\/vapingnet.de\/fr\/wp-json\/wp\/v2\/product\/6642\/revisions\/6650"}],"wp:featuredmedia":[{"embeddable":true,"href":"https:\/\/vapingnet.de\/fr\/wp-json\/wp\/v2\/media\/6607"}],"wp:attachment":[{"href":"https:\/\/vapingnet.de\/fr\/wp-json\/wp\/v2\/media?parent=6642"}],"wp:term":[{"taxonomy":"brand","embeddable":true,"href":"https:\/\/vapingnet.de\/fr\/wp-json\/wp\/v2\/etheme_brands?post=6642"},{"taxonomy":"product_brand","embeddable":true,"href":"https:\/\/vapingnet.de\/fr\/wp-json\/wp\/v2\/product_brand?post=6642"},{"taxonomy":"product_cat","embeddable":true,"href":"https:\/\/vapingnet.de\/fr\/wp-json\/wp\/v2\/product_cat?post=6642"},{"taxonomy":"product_tag","embeddable":true,"href":"https:\/\/vapingnet.de\/fr\/wp-json\/wp\/v2\/product_tag?post=6642"}],"curies":[{"name":"wp","href":"https:\/\/api.w.org\/{rel}","templated":true}]}}