{"id":6668,"date":"2025-04-29T07:51:35","date_gmt":"2025-04-29T07:51:35","guid":{"rendered":"https:\/\/vapingnet.de\/?post_type=product&#038;p=6668"},"modified":"2026-04-15T09:07:29","modified_gmt":"2026-04-15T09:07:29","slug":"nur-fuer-kurzzeit-waspe-12000-puffs-watermelon-ice-steuerfrei-und-mit-exklusivem-rabatt","status":"publish","type":"product","link":"https:\/\/vapingnet.de\/fr\/vape\/nur-fuer-kurzzeit-waspe-12000-puffs-watermelon-ice-steuerfrei-und-mit-exklusivem-rabatt\/","title":{"rendered":"Uniquement pour courte dur\u00e9e, WASPE 12000 bouff\u00e9es Past\u00e8que Glac\u00e9e, sans taxes et avec remise exclusive"},"content":{"rendered":"<h2 data-start=\"0\" data-end=\"86\" data-immersive-translate-walked=\"8e3d8e8d-b9cc-4644-9c94-73dbee5ab7f7\">WASPE 12000 Bouff\u00e9es Bo\u00eete Num\u00e9rique : votre cigarette \u00e9lectronique jetable id\u00e9ale pour un plaisir maximal<\/h2>\n<p class=\"\" data-start=\"88\" data-end=\"475\" data-immersive-translate-paragraph=\"1\" data-immersive-translate-walked=\"8e3d8e8d-b9cc-4644-9c94-73dbee5ab7f7\">La WASPE 12000 Bouff\u00e9es Bo\u00eete Num\u00e9rique est l'une des cigarettes \u00e9lectroniques jetables les plus avanc\u00e9es sur le march\u00e9, offrant de nombreux avantages que les vapoteurs appr\u00e9cieront. Avec une longue dur\u00e9e de vie, une saveur rafra\u00eechissante et une utilisation conviviale, cette cigarette \u00e9lectronique est un excellent choix pour tous ceux qui recherchent une exp\u00e9rience de vapotage de premier ordre.<\/p>\n<h3>Principaux avantages de la WASPE 12000 Bouff\u00e9es Bo\u00eete Num\u00e9rique<\/h3>\n<h4 class=\"\" data-start=\"1427\" data-end=\"1480\" data-immersive-translate-paragraph=\"1\" data-immersive-translate-walked=\"8e3d8e8d-b9cc-4644-9c94-73dbee5ab7f7\">1. Durabilit\u00e9 et grande capacit\u00e9 en e-liquide<\/h4>\n<p class=\"\" data-start=\"1482\" data-end=\"1850\" data-immersive-translate-paragraph=\"1\" data-immersive-translate-walked=\"8e3d8e8d-b9cc-4644-9c94-73dbee5ab7f7\">Avec une capacit\u00e9 en e-liquide de 20 ml et la possibilit\u00e9 de fournir jusqu'\u00e0 12 000 bouff\u00e9es, la WASPE 12000 Bouff\u00e9es Bo\u00eete Num\u00e9rique est l'une des cigarettes \u00e9lectroniques jetables les plus durables sur le march\u00e9. Cette longue dur\u00e9e de vie signifie que vous devrez moins souvent la recharger ou acheter de nouveaux appareils \u2013 un mod\u00e8le parfait pour les gros vapoteurs qui ne souhaitent pas d'interruptions constantes.<\/p>\n<h4 class=\"\" data-start=\"1852\" data-end=\"1894\" data-immersive-translate-paragraph=\"1\" data-immersive-translate-walked=\"8e3d8e8d-b9cc-4644-9c94-73dbee5ab7f7\">2. Saveur fra\u00eeche et intense<\/h4>\n<p class=\"\" data-start=\"1896\" data-end=\"2198\" data-immersive-translate-paragraph=\"1\" data-immersive-translate-walked=\"8e3d8e8d-b9cc-4644-9c94-73dbee5ab7f7\">Le go\u00fbt \u00ab Past\u00e8que Glac\u00e9e \u00bb combine la douceur d'une past\u00e8que juteuse avec une note de menthol rafra\u00eechissante. Cette saveur reste constante tout au long de la dur\u00e9e de vie de l'appareil et offre une exp\u00e9rience de vapotage fra\u00eeche et fruit\u00e9e. Id\u00e9al pour tous ceux qui aiment les ar\u00f4mes frais et sucr\u00e9s.<\/p>\n<h4 class=\"\" data-start=\"2200\" data-end=\"2260\" data-immersive-translate-paragraph=\"1\" data-immersive-translate-walked=\"8e3d8e8d-b9cc-4644-9c94-73dbee5ab7f7\">3. Puissance r\u00e9glable pour une personnalisation optimale<\/h4>\n<p class=\"\" data-start=\"2262\" data-end=\"2614\" data-immersive-translate-paragraph=\"1\" data-immersive-translate-walked=\"8e3d8e8d-b9cc-4644-9c94-73dbee5ab7f7\">La WASPE 12000 Bouff\u00e9es Bo\u00eete Num\u00e9rique permet d'ajuster la puissance entre 7 et 12 V. Cette flexibilit\u00e9 vous permet de personnaliser votre exp\u00e9rience de vapotage selon vos pr\u00e9f\u00e9rences. Une puissance plus \u00e9lev\u00e9e produit des nuages de vapeur plus \u00e9pais et un go\u00fbt plus intense, tandis qu'une puissance plus faible offre une vaporation plus douce et subtile.<\/p>\n<h4 class=\"\" data-start=\"2616\" data-end=\"2655\" data-immersive-translate-paragraph=\"1\" data-immersive-translate-walked=\"8e3d8e8d-b9cc-4644-9c94-73dbee5ab7f7\">4. Design convivial<\/h4>\n<p class=\"\" data-start=\"2657\" data-end=\"2998\" data-immersive-translate-paragraph=\"1\" data-immersive-translate-walked=\"8e3d8e8d-b9cc-4644-9c94-73dbee5ab7f7\">L'appareil est particuli\u00e8rement facile \u00e0 utiliser et ne n\u00e9cessite pas d'entretien ni de recharges. Il suffit de le sortir de l'emballage, de tirer dessus et de profiter du vapotage. Cette simplicit\u00e9 fait de la WASPE 12000 Bouff\u00e9es Bo\u00eete Num\u00e9rique un choix parfait pour les d\u00e9butants ou les vapoteurs qui ne veulent pas perdre de temps \u00e0 recharger ou \u00e0 changer les coils.<\/p>\n<h4 class=\"\" data-start=\"3000\" data-end=\"3040\" data-immersive-translate-paragraph=\"1\" data-immersive-translate-walked=\"8e3d8e8d-b9cc-4644-9c94-73dbee5ab7f7\">5. Recharge rapide via USB-C<\/h4>\n<p class=\"\" data-start=\"3042\" data-end=\"3300\" data-immersive-translate-paragraph=\"1\" data-immersive-translate-walked=\"8e3d8e8d-b9cc-4644-9c94-73dbee5ab7f7\">Gr\u00e2ce \u00e0 la connectivit\u00e9 moderne USB-C, vous pouvez recharger rapidement la cigarette \u00e9lectronique, ce qui vous \u00e9vite de patienter longtemps avant de pouvoir l'utiliser \u00e0 nouveau. La recharge rapide est un avantage majeur pour les vapoteurs tr\u00e8s occup\u00e9s qui veulent gagner du temps.<\/p>\n<h4 class=\"\" data-start=\"3302\" data-end=\"3343\" data-immersive-translate-paragraph=\"1\" data-immersive-translate-walked=\"8e3d8e8d-b9cc-4644-9c94-73dbee5ab7f7\">6. Construction compacte et robuste<\/h4>\n<p class=\"\" data-start=\"3345\" data-end=\"3668\" data-immersive-translate-paragraph=\"1\" data-immersive-translate-walked=\"8e3d8e8d-b9cc-4644-9c94-73dbee5ab7f7\">Pesant seulement 96 g et dot\u00e9 d'un bo\u00eetier en alliage d'aluminium robuste et en PCGT, la WASPE 12000 Bouff\u00e9es Bo\u00eete Num\u00e9rique est \u00e0 la fois l\u00e9g\u00e8re et durable. Son design compact permet de la transporter facilement dans n'importe quelle poche, tandis que sa construction r\u00e9sistante prot\u00e8ge contre les chocs et les rayures.<\/p>\n<h4 data-start=\"4494\" data-end=\"4557\" data-immersive-translate-walked=\"8e3d8e8d-b9cc-4644-9c94-73dbee5ab7f7\">Commandez votre WASPE 12000 Bouff\u00e9es Bo\u00eete Num\u00e9rique d\u00e8s maintenant !<\/h4>\n<p class=\"\" data-start=\"4559\" data-end=\"4866\" data-immersive-translate-paragraph=\"1\" data-immersive-translate-walked=\"8e3d8e8d-b9cc-4644-9c94-73dbee5ab7f7\">La WASPE 12000 Bouff\u00e9es Bo\u00eete Num\u00e9rique est le choix parfait pour tous les vapoteurs recherchant un appareil durable, puissant et facile \u00e0 utiliser. Avec une grande capacit\u00e9 en e-liquide, une saveur intense et la possibilit\u00e9 d'ajuster la puissance, ce mod\u00e8le r\u00e9pondra \u00e0 toutes vos attentes.<\/p>\n<p class=\"\" data-start=\"4868\" data-end=\"5055\" data-immersive-translate-paragraph=\"1\" data-immersive-translate-walked=\"8e3d8e8d-b9cc-4644-9c94-73dbee5ab7f7\">Si vous recherchez un dispositif de vapotage jetable fiable, visitez vapingnet.fr pour commander votre WASPE 12000 Bouff\u00e9es Bo\u00eete Num\u00e9rique d\u00e8s aujourd'hui.<\/p>","protected":false},"excerpt":{"rendered":"<p>WASPE 12000 Puffs Digital Box: Ihre ideale Einweg-E-Zigarette f\u00fcr maximalen Genuss Die WASPE 12000 Puffs Digital Box ist eine der fortschrittlichsten Einweg-E-Zigaretten auf dem Markt,&#8230;<\/p>","protected":false},"featured_media":6661,"template":"","meta":[],"etheme_brands":[],"product_brand":[98],"product_cat":[88,49,61],"product_tag":[],"class_list":{"0":"post-6668","1":"product","2":"type-product","3":"status-publish","4":"has-post-thumbnail","6":"product_brand-waspe-vape","7":"product_cat-12k-vape","8":"product_cat-einweg-e-zigarette","9":"product_cat-f","11":"first","12":"instock","13":"shipping-taxable","14":"purchasable","15":"product-type-variable"},"yoast_head":"<!-- This site is optimized with the Yoast SEO plugin v26.5 - https:\/\/yoast.com\/wordpress\/plugins\/seo\/ -->\n<title>Nur F\u00fcr Kurzzeit WASPE 12000 Puffs Watermelon Ice Steuerfrei und Mit Exklusivem Rabatt | Vapingnet.de<\/title>\n<meta name=\"description\" content=\"Entdecke Nur F\u00fcr Kurzzeit WASPE 12000 Puffs Watermelon Ice Steuerfrei und Mit Exklusivem Rabatt bei vapingnet.de, \u25ba Gro\u00dfe Auswahl an Geschmacksrichtungen &amp; super g\u00fcnstig!\" \/>\n<meta name=\"robots\" content=\"index, follow, max-snippet:-1, max-image-preview:large, max-video-preview:-1\" \/>\n<link rel=\"canonical\" href=\"https:\/\/vapingnet.de\/fr\/vape\/nur-fuer-kurzzeit-waspe-12000-puffs-watermelon-ice-steuerfrei-und-mit-exklusivem-rabatt\/\" \/>\n<meta property=\"og:locale\" content=\"fr_FR\" \/>\n<meta property=\"og:type\" content=\"article\" \/>\n<meta property=\"og:title\" content=\"Nur F\u00fcr Kurzzeit WASPE 12000 Puffs Watermelon Ice Steuerfrei und Mit Exklusivem Rabatt | Vapingnet.de\" \/>\n<meta property=\"og:description\" content=\"Entdecke Nur F\u00fcr Kurzzeit WASPE 12000 Puffs Watermelon Ice Steuerfrei und Mit Exklusivem Rabatt bei vapingnet.de, \u25ba Gro\u00dfe Auswahl an Geschmacksrichtungen &amp; super g\u00fcnstig!\" \/>\n<meta property=\"og:url\" content=\"https:\/\/vapingnet.de\/fr\/vape\/nur-fuer-kurzzeit-waspe-12000-puffs-watermelon-ice-steuerfrei-und-mit-exklusivem-rabatt\/\" \/>\n<meta property=\"og:site_name\" content=\"Vapingnet.de\" \/>\n<meta property=\"article:publisher\" content=\"https:\/\/www.facebook.com\/vapingnetde\/\" \/>\n<meta property=\"article:modified_time\" content=\"2026-04-15T09:07:29+00:00\" \/>\n<meta property=\"og:image\" content=\"https:\/\/vapingnet.de\/wp-content\/uploads\/2025\/04\/Watermelon-Ice-4.webp\" \/>\n\t<meta property=\"og:image:width\" content=\"1000\" \/>\n\t<meta property=\"og:image:height\" content=\"1000\" \/>\n\t<meta property=\"og:image:type\" content=\"image\/webp\" \/>\n<meta name=\"twitter:card\" content=\"summary_large_image\" \/>\n<meta name=\"twitter:label1\" content=\"Dur\u00e9e de lecture estim\u00e9e\" \/>\n\t<meta name=\"twitter:data1\" content=\"3 minutes\" \/>\n<script type=\"application\/ld+json\" class=\"yoast-schema-graph\">{\"@context\":\"https:\/\/schema.org\",\"@graph\":[{\"@type\":\"WebPage\",\"@id\":\"https:\/\/vapingnet.de\/vape\/nur-fuer-kurzzeit-waspe-12000-puffs-watermelon-ice-steuerfrei-und-mit-exklusivem-rabatt\/\",\"url\":\"https:\/\/vapingnet.de\/vape\/nur-fuer-kurzzeit-waspe-12000-puffs-watermelon-ice-steuerfrei-und-mit-exklusivem-rabatt\/\",\"name\":\"Nur F\u00fcr Kurzzeit WASPE 12000 Puffs Watermelon Ice Steuerfrei und Mit Exklusivem Rabatt | Vapingnet.de\",\"isPartOf\":{\"@id\":\"https:\/\/vapingnet.de\/#website\"},\"primaryImageOfPage\":{\"@id\":\"https:\/\/vapingnet.de\/vape\/nur-fuer-kurzzeit-waspe-12000-puffs-watermelon-ice-steuerfrei-und-mit-exklusivem-rabatt\/#primaryimage\"},\"image\":{\"@id\":\"https:\/\/vapingnet.de\/vape\/nur-fuer-kurzzeit-waspe-12000-puffs-watermelon-ice-steuerfrei-und-mit-exklusivem-rabatt\/#primaryimage\"},\"thumbnailUrl\":\"https:\/\/vapingnet.de\/wp-content\/uploads\/2025\/04\/Watermelon-Ice-4.webp\",\"datePublished\":\"2025-04-29T07:51:35+00:00\",\"dateModified\":\"2026-04-15T09:07:29+00:00\",\"description\":\"Entdecke Nur F\u00fcr Kurzzeit WASPE 12000 Puffs Watermelon Ice Steuerfrei und Mit Exklusivem Rabatt bei vapingnet.de, \u25ba Gro\u00dfe Auswahl an Geschmacksrichtungen & super g\u00fcnstig!\",\"breadcrumb\":{\"@id\":\"https:\/\/vapingnet.de\/vape\/nur-fuer-kurzzeit-waspe-12000-puffs-watermelon-ice-steuerfrei-und-mit-exklusivem-rabatt\/#breadcrumb\"},\"inLanguage\":\"fr-FR\",\"potentialAction\":[{\"@type\":\"ReadAction\",\"target\":[\"https:\/\/vapingnet.de\/vape\/nur-fuer-kurzzeit-waspe-12000-puffs-watermelon-ice-steuerfrei-und-mit-exklusivem-rabatt\/\"]}]},{\"@type\":\"ImageObject\",\"inLanguage\":\"fr-FR\",\"@id\":\"https:\/\/vapingnet.de\/vape\/nur-fuer-kurzzeit-waspe-12000-puffs-watermelon-ice-steuerfrei-und-mit-exklusivem-rabatt\/#primaryimage\",\"url\":\"https:\/\/vapingnet.de\/wp-content\/uploads\/2025\/04\/Watermelon-Ice-4.webp\",\"contentUrl\":\"https:\/\/vapingnet.de\/wp-content\/uploads\/2025\/04\/Watermelon-Ice-4.webp\",\"width\":1000,\"height\":1000},{\"@type\":\"BreadcrumbList\",\"@id\":\"https:\/\/vapingnet.de\/vape\/nur-fuer-kurzzeit-waspe-12000-puffs-watermelon-ice-steuerfrei-und-mit-exklusivem-rabatt\/#breadcrumb\",\"itemListElement\":[{\"@type\":\"ListItem\",\"position\":1,\"name\":\"Home\",\"item\":\"https:\/\/vapingnet.de\/\"},{\"@type\":\"ListItem\",\"position\":2,\"name\":\"Shop\",\"item\":\"https:\/\/vapingnet.de\/vape\/\"},{\"@type\":\"ListItem\",\"position\":3,\"name\":\"Nur F\u00fcr Kurzzeit WASPE 12000 Puffs Watermelon Ice Steuerfrei und Mit Exklusivem Rabatt\"}]},{\"@type\":\"WebSite\",\"@id\":\"https:\/\/vapingnet.de\/#website\",\"url\":\"https:\/\/vapingnet.de\/\",\"name\":\"Vapingnet.de\",\"description\":\"\",\"publisher\":{\"@id\":\"https:\/\/vapingnet.de\/#organization\"},\"potentialAction\":[{\"@type\":\"SearchAction\",\"target\":{\"@type\":\"EntryPoint\",\"urlTemplate\":\"https:\/\/vapingnet.de\/?s={search_term_string}\"},\"query-input\":{\"@type\":\"PropertyValueSpecification\",\"valueRequired\":true,\"valueName\":\"search_term_string\"}}],\"inLanguage\":\"fr-FR\"},{\"@type\":\"Organization\",\"@id\":\"https:\/\/vapingnet.de\/#organization\",\"name\":\"Vapingnet.de\",\"url\":\"https:\/\/vapingnet.de\/\",\"logo\":{\"@type\":\"ImageObject\",\"inLanguage\":\"fr-FR\",\"@id\":\"https:\/\/vapingnet.de\/#\/schema\/logo\/image\/\",\"url\":\"https:\/\/vapingnet.de\/wp-content\/uploads\/2025\/03\/cropped-vapingnet.de_.jpg\",\"contentUrl\":\"https:\/\/vapingnet.de\/wp-content\/uploads\/2025\/03\/cropped-vapingnet.de_.jpg\",\"width\":512,\"height\":512,\"caption\":\"Vapingnet.de\"},\"image\":{\"@id\":\"https:\/\/vapingnet.de\/#\/schema\/logo\/image\/\"},\"sameAs\":[\"https:\/\/www.facebook.com\/vapingnetde\/\"]}]}<\/script>\n<!-- \/ Yoast SEO plugin. -->","yoast_head_json":{"title":"Nur F\u00fcr Kurzzeit WASPE 12000 Puffs Watermelon Ice Steuerfrei und Mit Exklusivem Rabatt | Vapingnet.de","description":"Entdecke Nur F\u00fcr Kurzzeit WASPE 12000 Puffs Watermelon Ice Steuerfrei und Mit Exklusivem Rabatt bei vapingnet.de, \u25ba Gro\u00dfe Auswahl an Geschmacksrichtungen & super g\u00fcnstig!","robots":{"index":"index","follow":"follow","max-snippet":"max-snippet:-1","max-image-preview":"max-image-preview:large","max-video-preview":"max-video-preview:-1"},"canonical":"https:\/\/vapingnet.de\/fr\/vape\/nur-fuer-kurzzeit-waspe-12000-puffs-watermelon-ice-steuerfrei-und-mit-exklusivem-rabatt\/","og_locale":"fr_FR","og_type":"article","og_title":"Nur F\u00fcr Kurzzeit WASPE 12000 Puffs Watermelon Ice Steuerfrei und Mit Exklusivem Rabatt | Vapingnet.de","og_description":"Entdecke Nur F\u00fcr Kurzzeit WASPE 12000 Puffs Watermelon Ice Steuerfrei und Mit Exklusivem Rabatt bei vapingnet.de, \u25ba Gro\u00dfe Auswahl an Geschmacksrichtungen & super g\u00fcnstig!","og_url":"https:\/\/vapingnet.de\/fr\/vape\/nur-fuer-kurzzeit-waspe-12000-puffs-watermelon-ice-steuerfrei-und-mit-exklusivem-rabatt\/","og_site_name":"Vapingnet.de","article_publisher":"https:\/\/www.facebook.com\/vapingnetde\/","article_modified_time":"2026-04-15T09:07:29+00:00","og_image":[{"width":1000,"height":1000,"url":"https:\/\/vapingnet.de\/wp-content\/uploads\/2025\/04\/Watermelon-Ice-4.webp","type":"image\/webp"}],"twitter_card":"summary_large_image","twitter_misc":{"Dur\u00e9e de lecture estim\u00e9e":"3 minutes"},"schema":{"@context":"https:\/\/schema.org","@graph":[{"@type":"WebPage","@id":"https:\/\/vapingnet.de\/vape\/nur-fuer-kurzzeit-waspe-12000-puffs-watermelon-ice-steuerfrei-und-mit-exklusivem-rabatt\/","url":"https:\/\/vapingnet.de\/vape\/nur-fuer-kurzzeit-waspe-12000-puffs-watermelon-ice-steuerfrei-und-mit-exklusivem-rabatt\/","name":"Nur F\u00fcr Kurzzeit WASPE 12000 Puffs Watermelon Ice Steuerfrei und Mit Exklusivem Rabatt | Vapingnet.de","isPartOf":{"@id":"https:\/\/vapingnet.de\/#website"},"primaryImageOfPage":{"@id":"https:\/\/vapingnet.de\/vape\/nur-fuer-kurzzeit-waspe-12000-puffs-watermelon-ice-steuerfrei-und-mit-exklusivem-rabatt\/#primaryimage"},"image":{"@id":"https:\/\/vapingnet.de\/vape\/nur-fuer-kurzzeit-waspe-12000-puffs-watermelon-ice-steuerfrei-und-mit-exklusivem-rabatt\/#primaryimage"},"thumbnailUrl":"https:\/\/vapingnet.de\/wp-content\/uploads\/2025\/04\/Watermelon-Ice-4.webp","datePublished":"2025-04-29T07:51:35+00:00","dateModified":"2026-04-15T09:07:29+00:00","description":"Entdecke Nur F\u00fcr Kurzzeit WASPE 12000 Puffs Watermelon Ice Steuerfrei und Mit Exklusivem Rabatt bei vapingnet.de, \u25ba Gro\u00dfe Auswahl an Geschmacksrichtungen & super g\u00fcnstig!","breadcrumb":{"@id":"https:\/\/vapingnet.de\/vape\/nur-fuer-kurzzeit-waspe-12000-puffs-watermelon-ice-steuerfrei-und-mit-exklusivem-rabatt\/#breadcrumb"},"inLanguage":"fr-FR","potentialAction":[{"@type":"ReadAction","target":["https:\/\/vapingnet.de\/vape\/nur-fuer-kurzzeit-waspe-12000-puffs-watermelon-ice-steuerfrei-und-mit-exklusivem-rabatt\/"]}]},{"@type":"ImageObject","inLanguage":"fr-FR","@id":"https:\/\/vapingnet.de\/vape\/nur-fuer-kurzzeit-waspe-12000-puffs-watermelon-ice-steuerfrei-und-mit-exklusivem-rabatt\/#primaryimage","url":"https:\/\/vapingnet.de\/wp-content\/uploads\/2025\/04\/Watermelon-Ice-4.webp","contentUrl":"https:\/\/vapingnet.de\/wp-content\/uploads\/2025\/04\/Watermelon-Ice-4.webp","width":1000,"height":1000},{"@type":"BreadcrumbList","@id":"https:\/\/vapingnet.de\/vape\/nur-fuer-kurzzeit-waspe-12000-puffs-watermelon-ice-steuerfrei-und-mit-exklusivem-rabatt\/#breadcrumb","itemListElement":[{"@type":"ListItem","position":1,"name":"Home","item":"https:\/\/vapingnet.de\/"},{"@type":"ListItem","position":2,"name":"Shop","item":"https:\/\/vapingnet.de\/vape\/"},{"@type":"ListItem","position":3,"name":"Nur F\u00fcr Kurzzeit WASPE 12000 Puffs Watermelon Ice Steuerfrei und Mit Exklusivem Rabatt"}]},{"@type":"WebSite","@id":"https:\/\/vapingnet.de\/#website","url":"https:\/\/vapingnet.de\/","name":"Vapingnet.de","description":"","publisher":{"@id":"https:\/\/vapingnet.de\/#organization"},"potentialAction":[{"@type":"SearchAction","target":{"@type":"EntryPoint","urlTemplate":"https:\/\/vapingnet.de\/?s={search_term_string}"},"query-input":{"@type":"PropertyValueSpecification","valueRequired":true,"valueName":"search_term_string"}}],"inLanguage":"fr-FR"},{"@type":"Organization","@id":"https:\/\/vapingnet.de\/#organization","name":"Vapingnet.de","url":"https:\/\/vapingnet.de\/","logo":{"@type":"ImageObject","inLanguage":"fr-FR","@id":"https:\/\/vapingnet.de\/#\/schema\/logo\/image\/","url":"https:\/\/vapingnet.de\/wp-content\/uploads\/2025\/03\/cropped-vapingnet.de_.jpg","contentUrl":"https:\/\/vapingnet.de\/wp-content\/uploads\/2025\/03\/cropped-vapingnet.de_.jpg","width":512,"height":512,"caption":"Vapingnet.de"},"image":{"@id":"https:\/\/vapingnet.de\/#\/schema\/logo\/image\/"},"sameAs":["https:\/\/www.facebook.com\/vapingnetde\/"]}]}},"tiered_pricing_type":"fixed","tiered_pricing_fixed_rules":[],"tiered_pricing_product_settings":{"layout":"default","base_unit_name":{"singular":null,"plural":null},"default_variation":null},"tiered_pricing_minimum_quantity":null,"tiered_pricing_roles_data":[],"tiered_pricing_percentage_rules":[],"_links":{"self":[{"href":"https:\/\/vapingnet.de\/fr\/wp-json\/wp\/v2\/product\/6668","targetHints":{"allow":["GET"]}}],"collection":[{"href":"https:\/\/vapingnet.de\/fr\/wp-json\/wp\/v2\/product"}],"about":[{"href":"https:\/\/vapingnet.de\/fr\/wp-json\/wp\/v2\/types\/product"}],"version-history":[{"count":1,"href":"https:\/\/vapingnet.de\/fr\/wp-json\/wp\/v2\/product\/6668\/revisions"}],"predecessor-version":[{"id":6674,"href":"https:\/\/vapingnet.de\/fr\/wp-json\/wp\/v2\/product\/6668\/revisions\/6674"}],"wp:featuredmedia":[{"embeddable":true,"href":"https:\/\/vapingnet.de\/fr\/wp-json\/wp\/v2\/media\/6661"}],"wp:attachment":[{"href":"https:\/\/vapingnet.de\/fr\/wp-json\/wp\/v2\/media?parent=6668"}],"wp:term":[{"taxonomy":"brand","embeddable":true,"href":"https:\/\/vapingnet.de\/fr\/wp-json\/wp\/v2\/etheme_brands?post=6668"},{"taxonomy":"product_brand","embeddable":true,"href":"https:\/\/vapingnet.de\/fr\/wp-json\/wp\/v2\/product_brand?post=6668"},{"taxonomy":"product_cat","embeddable":true,"href":"https:\/\/vapingnet.de\/fr\/wp-json\/wp\/v2\/product_cat?post=6668"},{"taxonomy":"product_tag","embeddable":true,"href":"https:\/\/vapingnet.de\/fr\/wp-json\/wp\/v2\/product_tag?post=6668"}],"curies":[{"name":"wp","href":"https:\/\/api.w.org\/{rel}","templated":true}]}}