{"id":6686,"date":"2025-04-30T01:28:11","date_gmt":"2025-04-30T01:28:11","guid":{"rendered":"https:\/\/vapingnet.de\/?post_type=product&#038;p=6686"},"modified":"2026-04-15T08:46:52","modified_gmt":"2026-04-15T08:46:52","slug":"waspe-12000-puffs-dein-blue-razz-ice-direkt-vom-hersteller-ohne-zollgebuehren","status":"publish","type":"product","link":"https:\/\/vapingnet.de\/fr\/vape\/waspe-12000-puffs-dein-blue-razz-ice-direkt-vom-hersteller-ohne-zollgebuehren\/","title":{"rendered":"WASPE 12000 bouff\u00e9es Blue Razz Ice, directement du fabricant sans frais de douane"},"content":{"rendered":"<div style=\"width: 1170px;\" class=\"wp-video\"><!--[if lt IE 9]><script>document.createElement('video');<\/script><![endif]-->\n<video class=\"wp-video-shortcode\" id=\"video-6686-1\" width=\"1170\" height=\"658\" preload=\"metadata\" controls=\"controls\"><source type=\"video\/mp4\" src=\"https:\/\/vapingnet.de\/wp-content\/uploads\/2025\/04\/12000Puffs_DigitalBox.mp4?_=1\" \/><a href=\"https:\/\/vapingnet.de\/wp-content\/uploads\/2025\/04\/12000Puffs_DigitalBox.mp4\">https:\/\/vapingnet.de\/wp-content\/uploads\/2025\/04\/12000Puffs_DigitalBox.mp4<\/a><\/video><\/div>\n<h2 data-start=\"0\" data-end=\"76\" data-immersive-translate-walked=\"a4d6e05d-60a0-4e13-8785-7fccaaefcea2\">WASPE 12000 Bouff\u00e9es Bo\u00eete Num\u00e9rique : Performance maximale et confort pour les vapoteurs<\/h2>\n<p class=\"\" data-start=\"78\" data-end=\"546\" data-immersive-translate-walked=\"a4d6e05d-60a0-4e13-8785-7fccaaefcea2\" data-immersive-translate-paragraph=\"1\">La WASPE 12000 Bouff\u00e9es Bo\u00eete Num\u00e9rique est une cigarette \u00e9lectronique jetable avanc\u00e9e, con\u00e7ue pour r\u00e9pondre aux besoins des vapoteurs intensifs et de ceux qui recherchent une haute performance et une longue durabilit\u00e9. Avec une capacit\u00e9 exceptionnelle en bouff\u00e9es, une utilisation conviviale et une saveur rafra\u00eechissante, ce mod\u00e8le offre une exp\u00e9rience de vapotage inoubliable. D\u00e9couvrez ici pourquoi la WASPE 12000 Bouff\u00e9es Bo\u00eete Num\u00e9rique pourrait \u00eatre votre choix id\u00e9al.<\/p>\n<h3>Pourquoi choisir la WASPE 12000 Bouff\u00e9es Bo\u00eete Num\u00e9rique<\/h3>\n<p class=\"\" data-start=\"1183\" data-end=\"1554\" data-immersive-translate-walked=\"a4d6e05d-60a0-4e13-8785-7fccaaefcea2\" data-immersive-translate-paragraph=\"1\">Durabilit\u00e9 pour les vapoteurs intensifs :<br data-start=\"1218\" data-end=\"1221\" data-immersive-translate-walked=\"a4d6e05d-60a0-4e13-8785-7fccaaefcea2\" \/>Avec 12 000 bouff\u00e9es, la WASPE 12000 Bouff\u00e9es Bo\u00eete Num\u00e9rique est l'une des cigarettes \u00e9lectroniques jetables les plus durables sur le march\u00e9. Cette capacit\u00e9 \u00e9lev\u00e9e en bouff\u00e9es signifie que vous pouvez vapoter sans souci pendant une p\u00e9riode prolong\u00e9e, sans avoir \u00e0 remplacer l'appareil r\u00e9guli\u00e8rement. Un vrai plus pour tous ceux qui utilisent leur cigarette \u00e9lectronique de mani\u00e8re intensive.<\/p>\n<p class=\"\" data-start=\"1556\" data-end=\"1904\" data-immersive-translate-walked=\"a4d6e05d-60a0-4e13-8785-7fccaaefcea2\" data-immersive-translate-paragraph=\"1\">Grande capacit\u00e9 de e-liquide :<br data-start=\"1585\" data-end=\"1588\" data-immersive-translate-walked=\"a4d6e05d-60a0-4e13-8785-7fccaaefcea2\" \/>Avec une capacit\u00e9 g\u00e9n\u00e9reuse de 20 ml de e-liquide, ce mod\u00e8le offre suffisamment de liquide pour une longue dur\u00e9e d'utilisation. Cela est particuli\u00e8rement pratique pour les vapoteurs souvent en d\u00e9placement ou qui ne souhaitent pas remplir fr\u00e9quemment. Vous pouvez profiter de la bo\u00eete plus longtemps sans vous soucier de la recharger.<\/p>\n<h4 data-start=\"1911\" data-end=\"1957\" data-immersive-translate-walked=\"a4d6e05d-60a0-4e13-8785-7fccaaefcea2\">Flexibilit\u00e9 dans la force de nicotine<\/h4>\n<p class=\"\" data-start=\"1959\" data-end=\"2033\" data-immersive-translate-walked=\"a4d6e05d-60a0-4e13-8785-7fccaaefcea2\" data-immersive-translate-paragraph=\"1\">La WASPE 12000 Bouff\u00e9es Bo\u00eete Num\u00e9rique est disponible en deux concentrations de nicotine :<\/p>\n<ul data-start=\"2034\" data-end=\"2222\" data-immersive-translate-walked=\"a4d6e05d-60a0-4e13-8785-7fccaaefcea2\">\n<li class=\"\" data-start=\"2034\" data-end=\"2112\" data-immersive-translate-walked=\"a4d6e05d-60a0-4e13-8785-7fccaaefcea2\">\n<p class=\"\" data-start=\"2036\" data-end=\"2112\" data-immersive-translate-walked=\"a4d6e05d-60a0-4e13-8785-7fccaaefcea2\" data-immersive-translate-paragraph=\"1\">2% Nicotine : Pour les vapoteurs qui pr\u00e9f\u00e8rent une absorption de nicotine plus douce.<\/p>\n<\/li>\n<li class=\"\" data-start=\"2113\" data-end=\"2222\" data-immersive-translate-walked=\"a4d6e05d-60a0-4e13-8785-7fccaaefcea2\">\n<p class=\"\" data-start=\"2115\" data-end=\"2222\" data-immersive-translate-walked=\"a4d6e05d-60a0-4e13-8785-7fccaaefcea2\" data-immersive-translate-paragraph=\"1\">5% Nicotine : Pour ceux qui souhaitent une absorption de nicotine plus intense, id\u00e9al pour les vapoteurs exp\u00e9riment\u00e9s.<\/p>\n<\/li>\n<\/ul>\n<p class=\"\" data-start=\"2224\" data-end=\"2335\" data-immersive-translate-walked=\"a4d6e05d-60a0-4e13-8785-7fccaaefcea2\" data-immersive-translate-paragraph=\"1\">Ce choix vous permet d'adapter votre exp\u00e9rience de vapotage \u00e0 vos besoins et pr\u00e9f\u00e9rences personnels.<\/p>\n<h4 data-start=\"2342\" data-end=\"2383\" data-immersive-translate-walked=\"a4d6e05d-60a0-4e13-8785-7fccaaefcea2\">Design robuste pour le quotidien<\/h4>\n<p class=\"\" data-start=\"2385\" data-end=\"2851\" data-immersive-translate-walked=\"a4d6e05d-60a0-4e13-8785-7fccaaefcea2\" data-immersive-translate-paragraph=\"1\">La WASPE 12000 Bouff\u00e9es Bo\u00eete Num\u00e9rique se distingue par son design robuste, fabriqu\u00e9 \u00e0 partir d'une alliance d'aluminium et de PCGT. Ce mat\u00e9riau assure une grande r\u00e9sistance aux influences ext\u00e9rieures, garantissant une durabilit\u00e9 m\u00eame en usage r\u00e9gulier. Son design ergonomique rend le vapotage confortable, et son poids l\u00e9ger de seulement 96 g permet \u00e0 la bo\u00eete de tenir facilement dans la main et d'\u00eatre transport\u00e9e sans effort.<\/p>\n<h4 data-start=\"2858\" data-end=\"2907\" data-immersive-translate-walked=\"a4d6e05d-60a0-4e13-8785-7fccaaefcea2\">\u00c9cran num\u00e9rique convivial<\/h4>\n<p class=\"\" data-start=\"2909\" data-end=\"3275\" data-immersive-translate-walked=\"a4d6e05d-60a0-4e13-8785-7fccaaefcea2\" data-immersive-translate-paragraph=\"1\">L'\u00e9cran num\u00e9rique de la WASPE 12000 Bouff\u00e9es Bo\u00eete Num\u00e9rique offre une mani\u00e8re pratique de surveiller le niveau de liquide restant et le nombre de bouff\u00e9es restantes \u00e0 tout moment. Cette fonction vous permet de contr\u00f4ler pr\u00e9cis\u00e9ment votre vapotage et de vous assurer que l'appareil ne se vide pas de mani\u00e8re inattendue. Ainsi, vous profitez du vapotage en tout confort.<\/p>\n<h4 data-start=\"3282\" data-end=\"3333\" data-immersive-translate-walked=\"a4d6e05d-60a0-4e13-8785-7fccaaefcea2\">Fonction de charge rapide avec port Type-C<\/h4>\n<p class=\"\" data-start=\"3335\" data-end=\"3664\" data-immersive-translate-walked=\"a4d6e05d-60a0-4e13-8785-7fccaaefcea2\" data-immersive-translate-paragraph=\"1\">La WASPE 12000 Bouff\u00e9es Bo\u00eete Num\u00e9rique est \u00e9quip\u00e9e d'un port Type-C pour une charge rapide. Avec une capacit\u00e9 de batterie de 650 mAh, vous n'avez pas \u00e0 attendre longtemps pour que l'appareil soit de nouveau op\u00e9rationnel. Cela est particuli\u00e8rement pratique pour les vapoteurs en d\u00e9placement qui disposent de peu de temps pour recharger.<\/p>\n<h4 data-start=\"3671\" data-end=\"3737\" data-immersive-translate-walked=\"a4d6e05d-60a0-4e13-8785-7fccaaefcea2\">Saveur : Blue Razz Ice pour une exp\u00e9rience rafra\u00eechissante<\/h4>\n<p class=\"\" data-start=\"3739\" data-end=\"4062\" data-immersive-translate-walked=\"a4d6e05d-60a0-4e13-8785-7fccaaefcea2\" data-immersive-translate-paragraph=\"1\">Le go\u00fbt de la WASPE 12000 Bouff\u00e9es Bo\u00eete Num\u00e9rique \u2013 \u00ab Blue Razz Ice \u00bb \u2013 combine la douceur de la m\u00fbre bleue avec une touche de menthol rafra\u00eechissante. Cette saveur reste intense m\u00eame apr\u00e8s de nombreuses bouff\u00e9es et offre une exp\u00e9rience de vapotage agr\u00e9able, id\u00e9ale aussi bien par temps chaud qu'en journ\u00e9e plus fra\u00eeche.<\/p>\n<h4 data-start=\"4069\" data-end=\"4116\" data-immersive-translate-walked=\"a4d6e05d-60a0-4e13-8785-7fccaaefcea2\">Livraison rapide sans frais de douane<\/h4>\n<p class=\"\" data-start=\"4118\" data-end=\"4436\" data-immersive-translate-walked=\"a4d6e05d-60a0-4e13-8785-7fccaaefcea2\" data-immersive-translate-paragraph=\"1\">Un grand avantage de la WASPE 12000 Puffs Digital Box est la livraison sans douane. Commandez simplement l'appareil via vapingnet.fr, et vous pouvez le faire livrer directement chez vous en 7 \u00e0 15 jours ouvrables \u2013 sans frais de douane suppl\u00e9mentaires. Cela vous fait gagner du temps et de l'argent.<\/p>\n<h3>Pourquoi choisir la WASPE 12000 Puffs Digital Box ?<\/h3>\n<ul data-start=\"4500\" data-end=\"5070\" data-immersive-translate-walked=\"a4d6e05d-60a0-4e13-8785-7fccaaefcea2\">\n<li class=\"\" data-start=\"4500\" data-end=\"4572\" data-immersive-translate-walked=\"a4d6e05d-60a0-4e13-8785-7fccaaefcea2\">\n<p class=\"\" data-start=\"4502\" data-end=\"4572\" data-immersive-translate-walked=\"a4d6e05d-60a0-4e13-8785-7fccaaefcea2\" data-immersive-translate-paragraph=\"1\">Durabilit\u00e9 : 12 000 bouff\u00e9es pour une utilisation particuli\u00e8rement longue.<\/p>\n<\/li>\n<li class=\"\" data-start=\"4573\" data-end=\"4636\" data-immersive-translate-walked=\"a4d6e05d-60a0-4e13-8785-7fccaaefcea2\">\n<p class=\"\" data-start=\"4575\" data-end=\"4636\" data-immersive-translate-walked=\"a4d6e05d-60a0-4e13-8785-7fccaaefcea2\" data-immersive-translate-paragraph=\"1\">Contr\u00f4le de la nicotine : choisissez entre 2% et 5% de nicotine.<\/p>\n<\/li>\n<li class=\"\" data-start=\"4637\" data-end=\"4734\" data-immersive-translate-walked=\"a4d6e05d-60a0-4e13-8785-7fccaaefcea2\">\n<p class=\"\" data-start=\"4639\" data-end=\"4734\" data-immersive-translate-walked=\"a4d6e05d-60a0-4e13-8785-7fccaaefcea2\" data-immersive-translate-paragraph=\"1\">Design robuste : fabriqu\u00e9 en alliage d'aluminium et PCGT pour une r\u00e9sistance \u00e9lev\u00e9e.<\/p>\n<\/li>\n<li class=\"\" data-start=\"4735\" data-end=\"4838\" data-immersive-translate-walked=\"a4d6e05d-60a0-4e13-8785-7fccaaefcea2\">\n<p class=\"\" data-start=\"4737\" data-end=\"4838\" data-immersive-translate-walked=\"a4d6e05d-60a0-4e13-8785-7fccaaefcea2\" data-immersive-translate-paragraph=\"1\">Facilit\u00e9 d'utilisation : l'\u00e9cran num\u00e9rique affiche le niveau de liquide et le nombre de bouff\u00e9es restantes.<\/p>\n<\/li>\n<li class=\"\" data-start=\"4839\" data-end=\"4909\" data-immersive-translate-walked=\"a4d6e05d-60a0-4e13-8785-7fccaaefcea2\">\n<p class=\"\" data-start=\"4841\" data-end=\"4909\" data-immersive-translate-walked=\"a4d6e05d-60a0-4e13-8785-7fccaaefcea2\" data-immersive-translate-paragraph=\"1\">Recharge rapide : le port Type-C assure des temps de charge courts.<\/p>\n<\/li>\n<li class=\"\" data-start=\"4910\" data-end=\"5000\" data-immersive-translate-walked=\"a4d6e05d-60a0-4e13-8785-7fccaaefcea2\">\n<p class=\"\" data-start=\"4912\" data-end=\"5000\" data-immersive-translate-walked=\"a4d6e05d-60a0-4e13-8785-7fccaaefcea2\" data-immersive-translate-paragraph=\"1\">Go\u00fbt rafra\u00eechissant : Blue Razz Ice pour une exp\u00e9rience de vapotage fruit\u00e9e et rafra\u00eechissante.<\/p>\n<\/li>\n<li class=\"\" data-start=\"5001\" data-end=\"5070\" data-immersive-translate-walked=\"a4d6e05d-60a0-4e13-8785-7fccaaefcea2\">\n<p class=\"\" data-start=\"5003\" data-end=\"5070\" data-immersive-translate-walked=\"a4d6e05d-60a0-4e13-8785-7fccaaefcea2\" data-immersive-translate-paragraph=\"1\">Livraison sans douane : exp\u00e9dition rapide sans co\u00fbts suppl\u00e9mentaires.<\/p>\n<\/li>\n<\/ul>\n<h4 data-start=\"5077\" data-end=\"5132\" data-immersive-translate-walked=\"a4d6e05d-60a0-4e13-8785-7fccaaefcea2\">Un choix fiable pour chaque vapoteur<\/h4>\n<p class=\"\" data-start=\"5134\" data-end=\"5515\" data-immersive-translate-walked=\"a4d6e05d-60a0-4e13-8785-7fccaaefcea2\" data-immersive-translate-paragraph=\"1\">La WASPE 12000 Puffs Digital Box impressionne par sa grande capacit\u00e9 de bouff\u00e9es, sa maniabilit\u00e9 pratique et son go\u00fbt rafra\u00eechissant. Que vous soyez d\u00e9butant ou vapoteur exp\u00e9riment\u00e9 \u2013 ce mod\u00e8le vous offre une exp\u00e9rience de vapotage durable et agr\u00e9able. Commandez d\u00e8s aujourd'hui et profitez d'une livraison rapide et sans douane directement chez vous.<\/p>","protected":false},"excerpt":{"rendered":"<p>WASPE 12000 Puffs Digital Box: Maximale Leistung und Komfort f\u00fcr Dampfer Die WASPE 12000 Puffs Digital Box ist eine fortschrittliche Einweg-E-Zigarette, die auf die Bed\u00fcrfnisse&#8230;<\/p>","protected":false},"featured_media":6653,"template":"","meta":[],"etheme_brands":[],"product_brand":[98],"product_cat":[88,49,61],"product_tag":[],"class_list":{"0":"post-6686","1":"product","2":"type-product","3":"status-publish","4":"has-post-thumbnail","6":"product_brand-waspe-vape","7":"product_cat-12k-vape","8":"product_cat-einweg-e-zigarette","9":"product_cat-f","11":"first","12":"instock","13":"shipping-taxable","14":"purchasable","15":"product-type-variable"},"yoast_head":"<!-- This site is optimized with the Yoast SEO plugin v26.5 - https:\/\/yoast.com\/wordpress\/plugins\/seo\/ -->\n<title>WASPE 12000 Puffs Dein Blue Razz Ice Direkt Vom Hersteller Ohne Zollgeb\u00fchren | Vapingnet.de<\/title>\n<meta name=\"description\" content=\"Entdecke WASPE 12000 Puffs Dein Blue Razz Ice Direkt Vom Hersteller Ohne Zollgeb\u00fchren bei vapingnet.de, \u25ba Gro\u00dfe Auswahl an Geschmacksrichtungen &amp; super g\u00fcnstig!\" \/>\n<meta name=\"robots\" content=\"index, follow, max-snippet:-1, max-image-preview:large, max-video-preview:-1\" \/>\n<link rel=\"canonical\" href=\"https:\/\/vapingnet.de\/fr\/vape\/waspe-12000-puffs-dein-blue-razz-ice-direkt-vom-hersteller-ohne-zollgebuehren\/\" \/>\n<meta property=\"og:locale\" content=\"fr_FR\" \/>\n<meta property=\"og:type\" content=\"article\" \/>\n<meta property=\"og:title\" content=\"WASPE 12000 Puffs Dein Blue Razz Ice Direkt Vom Hersteller Ohne Zollgeb\u00fchren | Vapingnet.de\" \/>\n<meta property=\"og:description\" content=\"Entdecke WASPE 12000 Puffs Dein Blue Razz Ice Direkt Vom Hersteller Ohne Zollgeb\u00fchren bei vapingnet.de, \u25ba Gro\u00dfe Auswahl an Geschmacksrichtungen &amp; super g\u00fcnstig!\" \/>\n<meta property=\"og:url\" content=\"https:\/\/vapingnet.de\/fr\/vape\/waspe-12000-puffs-dein-blue-razz-ice-direkt-vom-hersteller-ohne-zollgebuehren\/\" \/>\n<meta property=\"og:site_name\" content=\"Vapingnet.de\" \/>\n<meta property=\"article:publisher\" content=\"https:\/\/www.facebook.com\/vapingnetde\/\" \/>\n<meta property=\"article:modified_time\" content=\"2026-04-15T08:46:52+00:00\" \/>\n<meta property=\"og:image\" content=\"https:\/\/vapingnet.de\/wp-content\/uploads\/2025\/04\/Blue-Razz-Ice-3.webp\" \/>\n\t<meta property=\"og:image:width\" content=\"1000\" \/>\n\t<meta property=\"og:image:height\" content=\"1000\" \/>\n\t<meta property=\"og:image:type\" content=\"image\/webp\" \/>\n<meta name=\"twitter:card\" content=\"summary_large_image\" \/>\n<meta name=\"twitter:label1\" content=\"Dur\u00e9e de lecture estim\u00e9e\" \/>\n\t<meta name=\"twitter:data1\" content=\"4 minutes\" \/>\n<script type=\"application\/ld+json\" class=\"yoast-schema-graph\">{\"@context\":\"https:\/\/schema.org\",\"@graph\":[{\"@type\":\"WebPage\",\"@id\":\"https:\/\/vapingnet.de\/vape\/waspe-12000-puffs-dein-blue-razz-ice-direkt-vom-hersteller-ohne-zollgebuehren\/\",\"url\":\"https:\/\/vapingnet.de\/vape\/waspe-12000-puffs-dein-blue-razz-ice-direkt-vom-hersteller-ohne-zollgebuehren\/\",\"name\":\"WASPE 12000 Puffs Dein Blue Razz Ice Direkt Vom Hersteller Ohne Zollgeb\u00fchren | Vapingnet.de\",\"isPartOf\":{\"@id\":\"https:\/\/vapingnet.de\/#website\"},\"primaryImageOfPage\":{\"@id\":\"https:\/\/vapingnet.de\/vape\/waspe-12000-puffs-dein-blue-razz-ice-direkt-vom-hersteller-ohne-zollgebuehren\/#primaryimage\"},\"image\":{\"@id\":\"https:\/\/vapingnet.de\/vape\/waspe-12000-puffs-dein-blue-razz-ice-direkt-vom-hersteller-ohne-zollgebuehren\/#primaryimage\"},\"thumbnailUrl\":\"https:\/\/vapingnet.de\/wp-content\/uploads\/2025\/04\/Blue-Razz-Ice-3.webp\",\"datePublished\":\"2025-04-30T01:28:11+00:00\",\"dateModified\":\"2026-04-15T08:46:52+00:00\",\"description\":\"Entdecke WASPE 12000 Puffs Dein Blue Razz Ice Direkt Vom Hersteller Ohne Zollgeb\u00fchren bei vapingnet.de, \u25ba Gro\u00dfe Auswahl an Geschmacksrichtungen & super g\u00fcnstig!\",\"breadcrumb\":{\"@id\":\"https:\/\/vapingnet.de\/vape\/waspe-12000-puffs-dein-blue-razz-ice-direkt-vom-hersteller-ohne-zollgebuehren\/#breadcrumb\"},\"inLanguage\":\"fr-FR\",\"potentialAction\":[{\"@type\":\"ReadAction\",\"target\":[\"https:\/\/vapingnet.de\/vape\/waspe-12000-puffs-dein-blue-razz-ice-direkt-vom-hersteller-ohne-zollgebuehren\/\"]}]},{\"@type\":\"ImageObject\",\"inLanguage\":\"fr-FR\",\"@id\":\"https:\/\/vapingnet.de\/vape\/waspe-12000-puffs-dein-blue-razz-ice-direkt-vom-hersteller-ohne-zollgebuehren\/#primaryimage\",\"url\":\"https:\/\/vapingnet.de\/wp-content\/uploads\/2025\/04\/Blue-Razz-Ice-3.webp\",\"contentUrl\":\"https:\/\/vapingnet.de\/wp-content\/uploads\/2025\/04\/Blue-Razz-Ice-3.webp\",\"width\":1000,\"height\":1000},{\"@type\":\"BreadcrumbList\",\"@id\":\"https:\/\/vapingnet.de\/vape\/waspe-12000-puffs-dein-blue-razz-ice-direkt-vom-hersteller-ohne-zollgebuehren\/#breadcrumb\",\"itemListElement\":[{\"@type\":\"ListItem\",\"position\":1,\"name\":\"Home\",\"item\":\"https:\/\/vapingnet.de\/\"},{\"@type\":\"ListItem\",\"position\":2,\"name\":\"Shop\",\"item\":\"https:\/\/vapingnet.de\/vape\/\"},{\"@type\":\"ListItem\",\"position\":3,\"name\":\"WASPE 12000 Puffs Dein Blue Razz Ice Direkt Vom Hersteller Ohne Zollgeb\u00fchren\"}]},{\"@type\":\"WebSite\",\"@id\":\"https:\/\/vapingnet.de\/#website\",\"url\":\"https:\/\/vapingnet.de\/\",\"name\":\"Vapingnet.de\",\"description\":\"\",\"publisher\":{\"@id\":\"https:\/\/vapingnet.de\/#organization\"},\"potentialAction\":[{\"@type\":\"SearchAction\",\"target\":{\"@type\":\"EntryPoint\",\"urlTemplate\":\"https:\/\/vapingnet.de\/?s={search_term_string}\"},\"query-input\":{\"@type\":\"PropertyValueSpecification\",\"valueRequired\":true,\"valueName\":\"search_term_string\"}}],\"inLanguage\":\"fr-FR\"},{\"@type\":\"Organization\",\"@id\":\"https:\/\/vapingnet.de\/#organization\",\"name\":\"Vapingnet.de\",\"url\":\"https:\/\/vapingnet.de\/\",\"logo\":{\"@type\":\"ImageObject\",\"inLanguage\":\"fr-FR\",\"@id\":\"https:\/\/vapingnet.de\/#\/schema\/logo\/image\/\",\"url\":\"https:\/\/vapingnet.de\/wp-content\/uploads\/2025\/03\/cropped-vapingnet.de_.jpg\",\"contentUrl\":\"https:\/\/vapingnet.de\/wp-content\/uploads\/2025\/03\/cropped-vapingnet.de_.jpg\",\"width\":512,\"height\":512,\"caption\":\"Vapingnet.de\"},\"image\":{\"@id\":\"https:\/\/vapingnet.de\/#\/schema\/logo\/image\/\"},\"sameAs\":[\"https:\/\/www.facebook.com\/vapingnetde\/\"]}]}<\/script>\n<!-- \/ Yoast SEO plugin. -->","yoast_head_json":{"title":"WASPE 12000 Puffs Dein Blue Razz Ice Direkt Vom Hersteller Ohne Zollgeb\u00fchren | Vapingnet.de","description":"Entdecke WASPE 12000 Puffs Dein Blue Razz Ice Direkt Vom Hersteller Ohne Zollgeb\u00fchren bei vapingnet.de, \u25ba Gro\u00dfe Auswahl an Geschmacksrichtungen & super g\u00fcnstig!","robots":{"index":"index","follow":"follow","max-snippet":"max-snippet:-1","max-image-preview":"max-image-preview:large","max-video-preview":"max-video-preview:-1"},"canonical":"https:\/\/vapingnet.de\/fr\/vape\/waspe-12000-puffs-dein-blue-razz-ice-direkt-vom-hersteller-ohne-zollgebuehren\/","og_locale":"fr_FR","og_type":"article","og_title":"WASPE 12000 Puffs Dein Blue Razz Ice Direkt Vom Hersteller Ohne Zollgeb\u00fchren | Vapingnet.de","og_description":"Entdecke WASPE 12000 Puffs Dein Blue Razz Ice Direkt Vom Hersteller Ohne Zollgeb\u00fchren bei vapingnet.de, \u25ba Gro\u00dfe Auswahl an Geschmacksrichtungen & super g\u00fcnstig!","og_url":"https:\/\/vapingnet.de\/fr\/vape\/waspe-12000-puffs-dein-blue-razz-ice-direkt-vom-hersteller-ohne-zollgebuehren\/","og_site_name":"Vapingnet.de","article_publisher":"https:\/\/www.facebook.com\/vapingnetde\/","article_modified_time":"2026-04-15T08:46:52+00:00","og_image":[{"width":1000,"height":1000,"url":"https:\/\/vapingnet.de\/wp-content\/uploads\/2025\/04\/Blue-Razz-Ice-3.webp","type":"image\/webp"}],"twitter_card":"summary_large_image","twitter_misc":{"Dur\u00e9e de lecture estim\u00e9e":"4 minutes"},"schema":{"@context":"https:\/\/schema.org","@graph":[{"@type":"WebPage","@id":"https:\/\/vapingnet.de\/vape\/waspe-12000-puffs-dein-blue-razz-ice-direkt-vom-hersteller-ohne-zollgebuehren\/","url":"https:\/\/vapingnet.de\/vape\/waspe-12000-puffs-dein-blue-razz-ice-direkt-vom-hersteller-ohne-zollgebuehren\/","name":"WASPE 12000 Puffs Dein Blue Razz Ice Direkt Vom Hersteller Ohne Zollgeb\u00fchren | Vapingnet.de","isPartOf":{"@id":"https:\/\/vapingnet.de\/#website"},"primaryImageOfPage":{"@id":"https:\/\/vapingnet.de\/vape\/waspe-12000-puffs-dein-blue-razz-ice-direkt-vom-hersteller-ohne-zollgebuehren\/#primaryimage"},"image":{"@id":"https:\/\/vapingnet.de\/vape\/waspe-12000-puffs-dein-blue-razz-ice-direkt-vom-hersteller-ohne-zollgebuehren\/#primaryimage"},"thumbnailUrl":"https:\/\/vapingnet.de\/wp-content\/uploads\/2025\/04\/Blue-Razz-Ice-3.webp","datePublished":"2025-04-30T01:28:11+00:00","dateModified":"2026-04-15T08:46:52+00:00","description":"Entdecke WASPE 12000 Puffs Dein Blue Razz Ice Direkt Vom Hersteller Ohne Zollgeb\u00fchren bei vapingnet.de, \u25ba Gro\u00dfe Auswahl an Geschmacksrichtungen & super g\u00fcnstig!","breadcrumb":{"@id":"https:\/\/vapingnet.de\/vape\/waspe-12000-puffs-dein-blue-razz-ice-direkt-vom-hersteller-ohne-zollgebuehren\/#breadcrumb"},"inLanguage":"fr-FR","potentialAction":[{"@type":"ReadAction","target":["https:\/\/vapingnet.de\/vape\/waspe-12000-puffs-dein-blue-razz-ice-direkt-vom-hersteller-ohne-zollgebuehren\/"]}]},{"@type":"ImageObject","inLanguage":"fr-FR","@id":"https:\/\/vapingnet.de\/vape\/waspe-12000-puffs-dein-blue-razz-ice-direkt-vom-hersteller-ohne-zollgebuehren\/#primaryimage","url":"https:\/\/vapingnet.de\/wp-content\/uploads\/2025\/04\/Blue-Razz-Ice-3.webp","contentUrl":"https:\/\/vapingnet.de\/wp-content\/uploads\/2025\/04\/Blue-Razz-Ice-3.webp","width":1000,"height":1000},{"@type":"BreadcrumbList","@id":"https:\/\/vapingnet.de\/vape\/waspe-12000-puffs-dein-blue-razz-ice-direkt-vom-hersteller-ohne-zollgebuehren\/#breadcrumb","itemListElement":[{"@type":"ListItem","position":1,"name":"Home","item":"https:\/\/vapingnet.de\/"},{"@type":"ListItem","position":2,"name":"Shop","item":"https:\/\/vapingnet.de\/vape\/"},{"@type":"ListItem","position":3,"name":"WASPE 12000 Puffs Dein Blue Razz Ice Direkt Vom Hersteller Ohne Zollgeb\u00fchren"}]},{"@type":"WebSite","@id":"https:\/\/vapingnet.de\/#website","url":"https:\/\/vapingnet.de\/","name":"Vapingnet.de","description":"","publisher":{"@id":"https:\/\/vapingnet.de\/#organization"},"potentialAction":[{"@type":"SearchAction","target":{"@type":"EntryPoint","urlTemplate":"https:\/\/vapingnet.de\/?s={search_term_string}"},"query-input":{"@type":"PropertyValueSpecification","valueRequired":true,"valueName":"search_term_string"}}],"inLanguage":"fr-FR"},{"@type":"Organization","@id":"https:\/\/vapingnet.de\/#organization","name":"Vapingnet.de","url":"https:\/\/vapingnet.de\/","logo":{"@type":"ImageObject","inLanguage":"fr-FR","@id":"https:\/\/vapingnet.de\/#\/schema\/logo\/image\/","url":"https:\/\/vapingnet.de\/wp-content\/uploads\/2025\/03\/cropped-vapingnet.de_.jpg","contentUrl":"https:\/\/vapingnet.de\/wp-content\/uploads\/2025\/03\/cropped-vapingnet.de_.jpg","width":512,"height":512,"caption":"Vapingnet.de"},"image":{"@id":"https:\/\/vapingnet.de\/#\/schema\/logo\/image\/"},"sameAs":["https:\/\/www.facebook.com\/vapingnetde\/"]}]}},"tiered_pricing_type":"fixed","tiered_pricing_fixed_rules":[],"tiered_pricing_product_settings":{"layout":"default","base_unit_name":{"singular":null,"plural":null},"default_variation":null},"tiered_pricing_minimum_quantity":null,"tiered_pricing_roles_data":[],"tiered_pricing_percentage_rules":[],"_links":{"self":[{"href":"https:\/\/vapingnet.de\/fr\/wp-json\/wp\/v2\/product\/6686","targetHints":{"allow":["GET"]}}],"collection":[{"href":"https:\/\/vapingnet.de\/fr\/wp-json\/wp\/v2\/product"}],"about":[{"href":"https:\/\/vapingnet.de\/fr\/wp-json\/wp\/v2\/types\/product"}],"version-history":[{"count":4,"href":"https:\/\/vapingnet.de\/fr\/wp-json\/wp\/v2\/product\/6686\/revisions"}],"predecessor-version":[{"id":6892,"href":"https:\/\/vapingnet.de\/fr\/wp-json\/wp\/v2\/product\/6686\/revisions\/6892"}],"wp:featuredmedia":[{"embeddable":true,"href":"https:\/\/vapingnet.de\/fr\/wp-json\/wp\/v2\/media\/6653"}],"wp:attachment":[{"href":"https:\/\/vapingnet.de\/fr\/wp-json\/wp\/v2\/media?parent=6686"}],"wp:term":[{"taxonomy":"brand","embeddable":true,"href":"https:\/\/vapingnet.de\/fr\/wp-json\/wp\/v2\/etheme_brands?post=6686"},{"taxonomy":"product_brand","embeddable":true,"href":"https:\/\/vapingnet.de\/fr\/wp-json\/wp\/v2\/product_brand?post=6686"},{"taxonomy":"product_cat","embeddable":true,"href":"https:\/\/vapingnet.de\/fr\/wp-json\/wp\/v2\/product_cat?post=6686"},{"taxonomy":"product_tag","embeddable":true,"href":"https:\/\/vapingnet.de\/fr\/wp-json\/wp\/v2\/product_tag?post=6686"}],"curies":[{"name":"wp","href":"https:\/\/api.w.org\/{rel}","templated":true}]}}