{"id":6688,"date":"2025-04-30T01:36:59","date_gmt":"2025-04-30T01:36:59","guid":{"rendered":"https:\/\/vapingnet.de\/?post_type=product&#038;p=6688"},"modified":"2026-04-15T08:46:21","modified_gmt":"2026-04-15T08:46:21","slug":"waspe-12000-puffs-red-wine-pear-juice-der-vape-den-jeder-will-direkt-zu-dir-geliefert","status":"publish","type":"product","link":"https:\/\/vapingnet.de\/fr\/vape\/waspe-12000-puffs-red-wine-pear-juice-der-vape-den-jeder-will-direkt-zu-dir-geliefert\/","title":{"rendered":"WASPE 12000 bouff\u00e9es Vin Rouge Jus de Poire, le vape que tout le monde veut, livr\u00e9 directement chez vous"},"content":{"rendered":"<h2 data-start=\"0\" data-end=\"79\" data-immersive-translate-walked=\"9f69c981-e523-4ab4-8e57-eb4b32d32df8\">WASPE 12000 Puffs Digital Box : Le choix parfait pour les vapoteurs exigeants<\/h2>\n<p class=\"\" data-start=\"81\" data-end=\"434\" data-immersive-translate-walked=\"9f69c981-e523-4ab4-8e57-eb4b32d32df8\" data-immersive-translate-paragraph=\"1\">La WASPE 12000 Puffs Digital Box est un choix exceptionnel pour tous ceux qui recherchent une cigarette \u00e9lectronique jetable durable et puissante. Avec une dur\u00e9e de vie impressionnante de 12000 bouff\u00e9es et une multitude de fonctionnalit\u00e9s, cet appareil offre une exp\u00e9rience de vapotage exceptionnelle aussi bien aux d\u00e9butants qu'aux vapoteurs exp\u00e9riment\u00e9s.<\/p>\n<p class=\"\" data-start=\"436\" data-end=\"753\" data-immersive-translate-walked=\"9f69c981-e523-4ab4-8e57-eb4b32d32df8\" data-immersive-translate-paragraph=\"1\">Le design de l'appareil combine un bo\u00eetier robuste en alliage d'aluminium et PCGT, ce qui garantit non seulement une grande r\u00e9sistance, mais aussi une sensation agr\u00e9able et moderne en main. Le mat\u00e9riau offre une excellente combinaison de durabilit\u00e9 et de l\u00e9g\u00e8ret\u00e9, avec un poids total de seulement 96 grammes.<\/p>\n<h4 data-start=\"755\" data-end=\"790\" data-immersive-translate-walked=\"9f69c981-e523-4ab4-8e57-eb4b32d32df8\">D\u00e9tails techniques et performance<\/h4>\n<p class=\"\" data-start=\"792\" data-end=\"1163\" data-immersive-translate-walked=\"9f69c981-e523-4ab4-8e57-eb4b32d32df8\" data-immersive-translate-paragraph=\"1\">La WASPE 12000 Puffs Digital Box dispose d'une capacit\u00e9 de e-liquide de 20 ml, permettant une utilisation prolong\u00e9e sans rechargement fr\u00e9quent. Cela est particuli\u00e8rement avantageux pour les personnes souhaitant utiliser l'appareil sur une longue p\u00e9riode. De plus, la concentration de nicotine 2% ou 5% permet aux vapoteurs de ressentir exactement l'intensit\u00e9 souhait\u00e9e.<\/p>\n<p class=\"\" data-start=\"1165\" data-end=\"1473\" data-immersive-translate-walked=\"9f69c981-e523-4ab4-8e57-eb4b32d32df8\" data-immersive-translate-paragraph=\"1\">Avec une r\u00e9sistance de coil de 1,0 \u03a9, l'appareil produit une vapeur r\u00e9guli\u00e8re et dense, contribuant \u00e0 une perception intense des saveurs. La plage de puissance de 7 \u00e0 12 volts permet \u00e0 l'utilisateur d'ajuster l'exp\u00e9rience de vapotage selon ses pr\u00e9f\u00e9rences, tandis que le r\u00e9gulateur num\u00e9rique offre un contr\u00f4le pr\u00e9cis.<\/p>\n<h4 data-start=\"1475\" data-end=\"1514\" data-immersive-translate-walked=\"9f69c981-e523-4ab4-8e57-eb4b32d32df8\">Vari\u00e9t\u00e9 de saveurs : Jus de poire au vin rouge<\/h4>\n<p class=\"\" data-start=\"1516\" data-end=\"1813\" data-immersive-translate-walked=\"9f69c981-e523-4ab4-8e57-eb4b32d32df8\" data-immersive-translate-paragraph=\"1\">Le choix des ar\u00f4mes est un autre point fort de l'appareil. La saveur \u00ab Jus de poire au vin rouge \u00bb combine une poire fruit\u00e9e avec une note subtile de vin rouge, offrant une exp\u00e9rience de vapotage unique et savoureuse. Cet ar\u00f4me exotique s\u00e9duira m\u00eame les vapoteurs les plus exigeants.<\/p>\n<h4 data-start=\"1815\" data-end=\"1843\" data-immersive-translate-walked=\"9f69c981-e523-4ab4-8e57-eb4b32d32df8\">Confort et options de recharge<\/h4>\n<p class=\"\" data-start=\"1845\" data-end=\"2190\" data-immersive-translate-walked=\"9f69c981-e523-4ab4-8e57-eb4b32d32df8\" data-immersive-translate-paragraph=\"1\">La WASPE 12000 Puffs Digital Box est \u00e9quip\u00e9e d'un port de charge moderne Type-C, assurant des temps de charge rapides. L'appareil dispose d'une batterie de 650 mAh, garantissant de longues p\u00e9riodes d'utilisation. Si la batterie venait \u00e0 s'\u00e9puiser, la recharge via le port Type-C est rapide et simple.<\/p>\n<h4 data-start=\"2192\" data-end=\"2236\" data-immersive-translate-walked=\"9f69c981-e523-4ab4-8e57-eb4b32d32df8\">Avantages pour l'exp\u00e9dition internationale<\/h4>\n<p class=\"\" data-start=\"2238\" data-end=\"2649\" data-immersive-translate-walked=\"9f69c981-e523-4ab4-8e57-eb4b32d32df8\">Un autre avantage remarquable de la WASPE 12000 Puffs Digital Box est l'exp\u00e9dition internationale, qui s'effectue en 7 \u00e0 15 jours ouvrables. De plus, aucune taxe d'importation n'est appliqu\u00e9e lors de l'achat de cet appareil, ce qui en fait une option particuli\u00e8rement attrayante pour les acheteurs en dehors de la zone euro. L'appareil est disponible via la boutique en ligne vapingnet.fr, garantissant une commande simple et fiable.<\/p>\n<p class=\"\" data-start=\"2651\" data-end=\"2871\">Dans l'ensemble, la WASPE 12000 Puffs Digital Box offre des performances exceptionnelles, une longue dur\u00e9e d'utilisation et une grande vari\u00e9t\u00e9 de saveurs \u2013 un excellent choix pour tout vapoteur qui privil\u00e9gie la qualit\u00e9 et le confort.<\/p>","protected":false},"excerpt":{"rendered":"<p>WASPE 12000 Puffs Digital Box: Die perfekte Wahl f\u00fcr anspruchsvolle Dampfer Die WASPE 12000 Puffs Digital Box ist eine herausragende Wahl f\u00fcr alle, die auf&#8230;<\/p>","protected":false},"featured_media":6657,"template":"","meta":[],"etheme_brands":[],"product_brand":[98],"product_cat":[88,49,61],"product_tag":[],"class_list":{"0":"post-6688","1":"product","2":"type-product","3":"status-publish","4":"has-post-thumbnail","6":"product_brand-waspe-vape","7":"product_cat-12k-vape","8":"product_cat-einweg-e-zigarette","9":"product_cat-f","11":"first","12":"instock","13":"shipping-taxable","14":"purchasable","15":"product-type-variable"},"yoast_head":"<!-- This site is optimized with the Yoast SEO plugin v26.5 - https:\/\/yoast.com\/wordpress\/plugins\/seo\/ -->\n<title>WASPE 12000 Puffs Red Wine Pear Juice Der Vape Den Jeder Will, Direkt Zu Dir Geliefert | Vapingnet.de<\/title>\n<meta name=\"description\" content=\"Entdecke WASPE 12000 Puffs Red Wine Pear Juice Der Vape Den Jeder Will, Direkt Zu Dir Geliefert bei vapingnet.de, \u25ba Gro\u00dfe Auswahl an Geschmacksrichtungen &amp; super g\u00fcnstig!\" \/>\n<meta name=\"robots\" content=\"index, follow, max-snippet:-1, max-image-preview:large, max-video-preview:-1\" \/>\n<link rel=\"canonical\" href=\"https:\/\/vapingnet.de\/fr\/vape\/waspe-12000-puffs-red-wine-pear-juice-der-vape-den-jeder-will-direkt-zu-dir-geliefert\/\" \/>\n<meta property=\"og:locale\" content=\"fr_FR\" \/>\n<meta property=\"og:type\" content=\"article\" \/>\n<meta property=\"og:title\" content=\"WASPE 12000 Puffs Red Wine Pear Juice Der Vape Den Jeder Will, Direkt Zu Dir Geliefert | Vapingnet.de\" \/>\n<meta property=\"og:description\" content=\"Entdecke WASPE 12000 Puffs Red Wine Pear Juice Der Vape Den Jeder Will, Direkt Zu Dir Geliefert bei vapingnet.de, \u25ba Gro\u00dfe Auswahl an Geschmacksrichtungen &amp; super g\u00fcnstig!\" \/>\n<meta property=\"og:url\" content=\"https:\/\/vapingnet.de\/fr\/vape\/waspe-12000-puffs-red-wine-pear-juice-der-vape-den-jeder-will-direkt-zu-dir-geliefert\/\" \/>\n<meta property=\"og:site_name\" content=\"Vapingnet.de\" \/>\n<meta property=\"article:publisher\" content=\"https:\/\/www.facebook.com\/vapingnetde\/\" \/>\n<meta property=\"article:modified_time\" content=\"2026-04-15T08:46:21+00:00\" \/>\n<meta property=\"og:image\" content=\"https:\/\/vapingnet.de\/wp-content\/uploads\/2025\/04\/Red-Wine-Pear-Juice.webp\" \/>\n\t<meta property=\"og:image:width\" content=\"1000\" \/>\n\t<meta property=\"og:image:height\" content=\"1000\" \/>\n\t<meta property=\"og:image:type\" content=\"image\/webp\" \/>\n<meta name=\"twitter:card\" content=\"summary_large_image\" \/>\n<meta name=\"twitter:label1\" content=\"Dur\u00e9e de lecture estim\u00e9e\" \/>\n\t<meta name=\"twitter:data1\" content=\"3 minutes\" \/>\n<script type=\"application\/ld+json\" class=\"yoast-schema-graph\">{\"@context\":\"https:\/\/schema.org\",\"@graph\":[{\"@type\":\"WebPage\",\"@id\":\"https:\/\/vapingnet.de\/vape\/waspe-12000-puffs-red-wine-pear-juice-der-vape-den-jeder-will-direkt-zu-dir-geliefert\/\",\"url\":\"https:\/\/vapingnet.de\/vape\/waspe-12000-puffs-red-wine-pear-juice-der-vape-den-jeder-will-direkt-zu-dir-geliefert\/\",\"name\":\"WASPE 12000 Puffs Red Wine Pear Juice Der Vape Den Jeder Will, Direkt Zu Dir Geliefert | Vapingnet.de\",\"isPartOf\":{\"@id\":\"https:\/\/vapingnet.de\/#website\"},\"primaryImageOfPage\":{\"@id\":\"https:\/\/vapingnet.de\/vape\/waspe-12000-puffs-red-wine-pear-juice-der-vape-den-jeder-will-direkt-zu-dir-geliefert\/#primaryimage\"},\"image\":{\"@id\":\"https:\/\/vapingnet.de\/vape\/waspe-12000-puffs-red-wine-pear-juice-der-vape-den-jeder-will-direkt-zu-dir-geliefert\/#primaryimage\"},\"thumbnailUrl\":\"https:\/\/vapingnet.de\/wp-content\/uploads\/2025\/04\/Red-Wine-Pear-Juice.webp\",\"datePublished\":\"2025-04-30T01:36:59+00:00\",\"dateModified\":\"2026-04-15T08:46:21+00:00\",\"description\":\"Entdecke WASPE 12000 Puffs Red Wine Pear Juice Der Vape Den Jeder Will, Direkt Zu Dir Geliefert bei vapingnet.de, \u25ba Gro\u00dfe Auswahl an Geschmacksrichtungen & super g\u00fcnstig!\",\"breadcrumb\":{\"@id\":\"https:\/\/vapingnet.de\/vape\/waspe-12000-puffs-red-wine-pear-juice-der-vape-den-jeder-will-direkt-zu-dir-geliefert\/#breadcrumb\"},\"inLanguage\":\"fr-FR\",\"potentialAction\":[{\"@type\":\"ReadAction\",\"target\":[\"https:\/\/vapingnet.de\/vape\/waspe-12000-puffs-red-wine-pear-juice-der-vape-den-jeder-will-direkt-zu-dir-geliefert\/\"]}]},{\"@type\":\"ImageObject\",\"inLanguage\":\"fr-FR\",\"@id\":\"https:\/\/vapingnet.de\/vape\/waspe-12000-puffs-red-wine-pear-juice-der-vape-den-jeder-will-direkt-zu-dir-geliefert\/#primaryimage\",\"url\":\"https:\/\/vapingnet.de\/wp-content\/uploads\/2025\/04\/Red-Wine-Pear-Juice.webp\",\"contentUrl\":\"https:\/\/vapingnet.de\/wp-content\/uploads\/2025\/04\/Red-Wine-Pear-Juice.webp\",\"width\":1000,\"height\":1000},{\"@type\":\"BreadcrumbList\",\"@id\":\"https:\/\/vapingnet.de\/vape\/waspe-12000-puffs-red-wine-pear-juice-der-vape-den-jeder-will-direkt-zu-dir-geliefert\/#breadcrumb\",\"itemListElement\":[{\"@type\":\"ListItem\",\"position\":1,\"name\":\"Home\",\"item\":\"https:\/\/vapingnet.de\/\"},{\"@type\":\"ListItem\",\"position\":2,\"name\":\"Shop\",\"item\":\"https:\/\/vapingnet.de\/vape\/\"},{\"@type\":\"ListItem\",\"position\":3,\"name\":\"WASPE 12000 Puffs Red Wine Pear Juice Der Vape Den Jeder Will, Direkt Zu Dir Geliefert\"}]},{\"@type\":\"WebSite\",\"@id\":\"https:\/\/vapingnet.de\/#website\",\"url\":\"https:\/\/vapingnet.de\/\",\"name\":\"Vapingnet.de\",\"description\":\"\",\"publisher\":{\"@id\":\"https:\/\/vapingnet.de\/#organization\"},\"potentialAction\":[{\"@type\":\"SearchAction\",\"target\":{\"@type\":\"EntryPoint\",\"urlTemplate\":\"https:\/\/vapingnet.de\/?s={search_term_string}\"},\"query-input\":{\"@type\":\"PropertyValueSpecification\",\"valueRequired\":true,\"valueName\":\"search_term_string\"}}],\"inLanguage\":\"fr-FR\"},{\"@type\":\"Organization\",\"@id\":\"https:\/\/vapingnet.de\/#organization\",\"name\":\"Vapingnet.de\",\"url\":\"https:\/\/vapingnet.de\/\",\"logo\":{\"@type\":\"ImageObject\",\"inLanguage\":\"fr-FR\",\"@id\":\"https:\/\/vapingnet.de\/#\/schema\/logo\/image\/\",\"url\":\"https:\/\/vapingnet.de\/wp-content\/uploads\/2025\/03\/cropped-vapingnet.de_.jpg\",\"contentUrl\":\"https:\/\/vapingnet.de\/wp-content\/uploads\/2025\/03\/cropped-vapingnet.de_.jpg\",\"width\":512,\"height\":512,\"caption\":\"Vapingnet.de\"},\"image\":{\"@id\":\"https:\/\/vapingnet.de\/#\/schema\/logo\/image\/\"},\"sameAs\":[\"https:\/\/www.facebook.com\/vapingnetde\/\"]}]}<\/script>\n<!-- \/ Yoast SEO plugin. -->","yoast_head_json":{"title":"WASPE 12000 Puffs Red Wine Pear Juice Der Vape Den Jeder Will, Direkt Zu Dir Geliefert | Vapingnet.de","description":"Entdecke WASPE 12000 Puffs Red Wine Pear Juice Der Vape Den Jeder Will, Direkt Zu Dir Geliefert bei vapingnet.de, \u25ba Gro\u00dfe Auswahl an Geschmacksrichtungen & super g\u00fcnstig!","robots":{"index":"index","follow":"follow","max-snippet":"max-snippet:-1","max-image-preview":"max-image-preview:large","max-video-preview":"max-video-preview:-1"},"canonical":"https:\/\/vapingnet.de\/fr\/vape\/waspe-12000-puffs-red-wine-pear-juice-der-vape-den-jeder-will-direkt-zu-dir-geliefert\/","og_locale":"fr_FR","og_type":"article","og_title":"WASPE 12000 Puffs Red Wine Pear Juice Der Vape Den Jeder Will, Direkt Zu Dir Geliefert | Vapingnet.de","og_description":"Entdecke WASPE 12000 Puffs Red Wine Pear Juice Der Vape Den Jeder Will, Direkt Zu Dir Geliefert bei vapingnet.de, \u25ba Gro\u00dfe Auswahl an Geschmacksrichtungen & super g\u00fcnstig!","og_url":"https:\/\/vapingnet.de\/fr\/vape\/waspe-12000-puffs-red-wine-pear-juice-der-vape-den-jeder-will-direkt-zu-dir-geliefert\/","og_site_name":"Vapingnet.de","article_publisher":"https:\/\/www.facebook.com\/vapingnetde\/","article_modified_time":"2026-04-15T08:46:21+00:00","og_image":[{"width":1000,"height":1000,"url":"https:\/\/vapingnet.de\/wp-content\/uploads\/2025\/04\/Red-Wine-Pear-Juice.webp","type":"image\/webp"}],"twitter_card":"summary_large_image","twitter_misc":{"Dur\u00e9e de lecture estim\u00e9e":"3 minutes"},"schema":{"@context":"https:\/\/schema.org","@graph":[{"@type":"WebPage","@id":"https:\/\/vapingnet.de\/vape\/waspe-12000-puffs-red-wine-pear-juice-der-vape-den-jeder-will-direkt-zu-dir-geliefert\/","url":"https:\/\/vapingnet.de\/vape\/waspe-12000-puffs-red-wine-pear-juice-der-vape-den-jeder-will-direkt-zu-dir-geliefert\/","name":"WASPE 12000 Puffs Red Wine Pear Juice Der Vape Den Jeder Will, Direkt Zu Dir Geliefert | Vapingnet.de","isPartOf":{"@id":"https:\/\/vapingnet.de\/#website"},"primaryImageOfPage":{"@id":"https:\/\/vapingnet.de\/vape\/waspe-12000-puffs-red-wine-pear-juice-der-vape-den-jeder-will-direkt-zu-dir-geliefert\/#primaryimage"},"image":{"@id":"https:\/\/vapingnet.de\/vape\/waspe-12000-puffs-red-wine-pear-juice-der-vape-den-jeder-will-direkt-zu-dir-geliefert\/#primaryimage"},"thumbnailUrl":"https:\/\/vapingnet.de\/wp-content\/uploads\/2025\/04\/Red-Wine-Pear-Juice.webp","datePublished":"2025-04-30T01:36:59+00:00","dateModified":"2026-04-15T08:46:21+00:00","description":"Entdecke WASPE 12000 Puffs Red Wine Pear Juice Der Vape Den Jeder Will, Direkt Zu Dir Geliefert bei vapingnet.de, \u25ba Gro\u00dfe Auswahl an Geschmacksrichtungen & super g\u00fcnstig!","breadcrumb":{"@id":"https:\/\/vapingnet.de\/vape\/waspe-12000-puffs-red-wine-pear-juice-der-vape-den-jeder-will-direkt-zu-dir-geliefert\/#breadcrumb"},"inLanguage":"fr-FR","potentialAction":[{"@type":"ReadAction","target":["https:\/\/vapingnet.de\/vape\/waspe-12000-puffs-red-wine-pear-juice-der-vape-den-jeder-will-direkt-zu-dir-geliefert\/"]}]},{"@type":"ImageObject","inLanguage":"fr-FR","@id":"https:\/\/vapingnet.de\/vape\/waspe-12000-puffs-red-wine-pear-juice-der-vape-den-jeder-will-direkt-zu-dir-geliefert\/#primaryimage","url":"https:\/\/vapingnet.de\/wp-content\/uploads\/2025\/04\/Red-Wine-Pear-Juice.webp","contentUrl":"https:\/\/vapingnet.de\/wp-content\/uploads\/2025\/04\/Red-Wine-Pear-Juice.webp","width":1000,"height":1000},{"@type":"BreadcrumbList","@id":"https:\/\/vapingnet.de\/vape\/waspe-12000-puffs-red-wine-pear-juice-der-vape-den-jeder-will-direkt-zu-dir-geliefert\/#breadcrumb","itemListElement":[{"@type":"ListItem","position":1,"name":"Home","item":"https:\/\/vapingnet.de\/"},{"@type":"ListItem","position":2,"name":"Shop","item":"https:\/\/vapingnet.de\/vape\/"},{"@type":"ListItem","position":3,"name":"WASPE 12000 Puffs Red Wine Pear Juice Der Vape Den Jeder Will, Direkt Zu Dir Geliefert"}]},{"@type":"WebSite","@id":"https:\/\/vapingnet.de\/#website","url":"https:\/\/vapingnet.de\/","name":"Vapingnet.de","description":"","publisher":{"@id":"https:\/\/vapingnet.de\/#organization"},"potentialAction":[{"@type":"SearchAction","target":{"@type":"EntryPoint","urlTemplate":"https:\/\/vapingnet.de\/?s={search_term_string}"},"query-input":{"@type":"PropertyValueSpecification","valueRequired":true,"valueName":"search_term_string"}}],"inLanguage":"fr-FR"},{"@type":"Organization","@id":"https:\/\/vapingnet.de\/#organization","name":"Vapingnet.de","url":"https:\/\/vapingnet.de\/","logo":{"@type":"ImageObject","inLanguage":"fr-FR","@id":"https:\/\/vapingnet.de\/#\/schema\/logo\/image\/","url":"https:\/\/vapingnet.de\/wp-content\/uploads\/2025\/03\/cropped-vapingnet.de_.jpg","contentUrl":"https:\/\/vapingnet.de\/wp-content\/uploads\/2025\/03\/cropped-vapingnet.de_.jpg","width":512,"height":512,"caption":"Vapingnet.de"},"image":{"@id":"https:\/\/vapingnet.de\/#\/schema\/logo\/image\/"},"sameAs":["https:\/\/www.facebook.com\/vapingnetde\/"]}]}},"tiered_pricing_type":"fixed","tiered_pricing_fixed_rules":[],"tiered_pricing_product_settings":{"layout":"default","base_unit_name":{"singular":null,"plural":null},"default_variation":null},"tiered_pricing_minimum_quantity":null,"tiered_pricing_roles_data":[],"tiered_pricing_percentage_rules":[],"_links":{"self":[{"href":"https:\/\/vapingnet.de\/fr\/wp-json\/wp\/v2\/product\/6688","targetHints":{"allow":["GET"]}}],"collection":[{"href":"https:\/\/vapingnet.de\/fr\/wp-json\/wp\/v2\/product"}],"about":[{"href":"https:\/\/vapingnet.de\/fr\/wp-json\/wp\/v2\/types\/product"}],"version-history":[{"count":1,"href":"https:\/\/vapingnet.de\/fr\/wp-json\/wp\/v2\/product\/6688\/revisions"}],"predecessor-version":[{"id":6692,"href":"https:\/\/vapingnet.de\/fr\/wp-json\/wp\/v2\/product\/6688\/revisions\/6692"}],"wp:featuredmedia":[{"embeddable":true,"href":"https:\/\/vapingnet.de\/fr\/wp-json\/wp\/v2\/media\/6657"}],"wp:attachment":[{"href":"https:\/\/vapingnet.de\/fr\/wp-json\/wp\/v2\/media?parent=6688"}],"wp:term":[{"taxonomy":"brand","embeddable":true,"href":"https:\/\/vapingnet.de\/fr\/wp-json\/wp\/v2\/etheme_brands?post=6688"},{"taxonomy":"product_brand","embeddable":true,"href":"https:\/\/vapingnet.de\/fr\/wp-json\/wp\/v2\/product_brand?post=6688"},{"taxonomy":"product_cat","embeddable":true,"href":"https:\/\/vapingnet.de\/fr\/wp-json\/wp\/v2\/product_cat?post=6688"},{"taxonomy":"product_tag","embeddable":true,"href":"https:\/\/vapingnet.de\/fr\/wp-json\/wp\/v2\/product_tag?post=6688"}],"curies":[{"name":"wp","href":"https:\/\/api.w.org\/{rel}","templated":true}]}}