{"id":6689,"date":"2025-04-30T01:37:02","date_gmt":"2025-04-30T01:37:02","guid":{"rendered":"https:\/\/vapingnet.de\/?post_type=product&#038;p=6689"},"modified":"2026-04-15T08:45:51","modified_gmt":"2026-04-15T08:45:51","slug":"strawberry-donuts-und-waspe-12000-puffs-jetzt-den-geschmack-von-weltklasse-geniessen","status":"publish","type":"product","link":"https:\/\/vapingnet.de\/fr\/vape\/strawberry-donuts-und-waspe-12000-puffs-jetzt-den-geschmack-von-weltklasse-geniessen\/","title":{"rendered":"Strawberry Donuts et WASPE 12000 bouff\u00e9es, profitez d\u00e8s maintenant du go\u00fbt de classe mondiale"},"content":{"rendered":"<h2 data-start=\"80\" data-end=\"152\" data-immersive-translate-walked=\"b4ba21af-32a6-4c02-89fd-78cd709a0429\">WASPE 12000 Bouff\u00e9es Bo\u00eete Num\u00e9rique \u2013 Plus qu'une cigarette \u00e9lectronique jetable<\/h2>\n<p class=\"\" data-start=\"154\" data-end=\"420\" data-immersive-translate-walked=\"b4ba21af-32a6-4c02-89fd-78cd709a0429\" data-immersive-translate-paragraph=\"1\">Celui qui pense que les cigarettes \u00e9lectroniques jetables sont toujours simples, sobres et de courte dur\u00e9e ne conna\u00eet pas encore la WASPE 12000 Bouff\u00e9es Bo\u00eete Num\u00e9rique. Cet appareil \u00e9tablit de nouvelles normes en mati\u00e8re de capacit\u00e9, de saveur et de design \u2013 le tout dans un format compact et \u00e9l\u00e9gant.<\/p>\n<h4 data-start=\"422\" data-end=\"744\" data-immersive-translate-walked=\"b4ba21af-32a6-4c02-89fd-78cd709a0429\" data-immersive-translate-paragraph=\"1\">Design moderne rencontre technologie haute performance<\/h4>\n<p class=\"\" data-start=\"422\" data-end=\"744\" data-immersive-translate-walked=\"b4ba21af-32a6-4c02-89fd-78cd709a0429\" data-immersive-translate-paragraph=\"1\">Fabriqu\u00e9e \u00e0 partir d'une alliage d'aluminium robuste et de PCGT r\u00e9sistant, la WASPE s\u00e9duit non seulement par son apparence, mais aussi par sa prise en main agr\u00e9able. La combinaison de l\u00e9g\u00e8ret\u00e9 (seulement 96\u202fg) et de fabrication solide en fait le compagnon id\u00e9al au quotidien.<\/p>\n<p class=\"\" data-start=\"746\" data-end=\"1055\" data-immersive-translate-walked=\"b4ba21af-32a6-4c02-89fd-78cd709a0429\" data-immersive-translate-paragraph=\"1\">\u00c0 l'int\u00e9rieur se trouve une batterie puissante de 650\u202fmAh, qui peut \u00eatre recharg\u00e9e de mani\u00e8re fiable via une connexion Type-C. La particularit\u00e9 : bien qu'il s'agisse d'un appareil jetable, la batterie rechargeable permet une utilisation plus compl\u00e8te du liquide \u00e9lectronique de 20\u202fml inclus \u2013 jusqu'\u00e0 la derni\u00e8re goutte.<\/p>\n<p data-start=\"746\" data-end=\"1055\" data-immersive-translate-walked=\"b4ba21af-32a6-4c02-89fd-78cd709a0429\" data-immersive-translate-paragraph=\"1\"><img fetchpriority=\"high\" decoding=\"async\" class=\"wp-image-6889 aligncenter\" src=\"https:\/\/vapingnet.de\/wp-content\/uploads\/2025\/04\/\u53c2\u6570\u56fe-300x300.jpg\" alt=\"\" width=\"750\" height=\"750\" srcset=\"https:\/\/vapingnet.de\/wp-content\/uploads\/2025\/04\/\u53c2\u6570\u56fe-300x300.jpg 300w, https:\/\/vapingnet.de\/wp-content\/uploads\/2025\/04\/\u53c2\u6570\u56fe-150x150.jpg 150w, https:\/\/vapingnet.de\/wp-content\/uploads\/2025\/04\/\u53c2\u6570\u56fe-768x768.jpg 768w, https:\/\/vapingnet.de\/wp-content\/uploads\/2025\/04\/\u53c2\u6570\u56fe-600x600.jpg 600w, https:\/\/vapingnet.de\/wp-content\/uploads\/2025\/04\/\u53c2\u6570\u56fe-100x100.jpg 100w, https:\/\/vapingnet.de\/wp-content\/uploads\/2025\/04\/\u53c2\u6570\u56fe-1x1.jpg 1w, https:\/\/vapingnet.de\/wp-content\/uploads\/2025\/04\/\u53c2\u6570\u56fe-10x10.jpg 10w, https:\/\/vapingnet.de\/wp-content\/uploads\/2025\/04\/\u53c2\u6570\u56fe.jpg 800w\" sizes=\"(max-width: 750px) 100vw, 750px\" \/><\/p>\n<h4 data-start=\"1057\" data-end=\"1362\" data-immersive-translate-walked=\"b4ba21af-32a6-4c02-89fd-78cd709a0429\" data-immersive-translate-paragraph=\"1\">Saveur convaincante : Fraise Donuts<\/h4>\n<p class=\"\" data-start=\"1057\" data-end=\"1362\" data-immersive-translate-walked=\"b4ba21af-32a6-4c02-89fd-78cd709a0429\" data-immersive-translate-paragraph=\"1\">Un point fort pour les amateurs d'ar\u00f4mes sucr\u00e9s : <em data-start=\"1148\" data-end=\"1167\" data-immersive-translate-walked=\"b4ba21af-32a6-4c02-89fd-78cd709a0429\">Fraise Donuts<\/em> est une composition gustative de fraise fruit\u00e9e et sucr\u00e9e, associ\u00e9e \u00e0 une touche chaude de donuts fra\u00eechement cuits. Doux en gorge, mais intense en ar\u00f4me \u2013 chaque inhalation ressemble \u00e0 une petite pause.<\/p>\n<h4 data-start=\"1364\" data-end=\"1622\" data-immersive-translate-walked=\"b4ba21af-32a6-4c02-89fd-78cd709a0429\" data-immersive-translate-paragraph=\"1\">Une performance sur laquelle on peut compter<\/h4>\n<p class=\"\" data-start=\"1364\" data-end=\"1622\" data-immersive-translate-walked=\"b4ba21af-32a6-4c02-89fd-78cd709a0429\" data-immersive-translate-paragraph=\"1\">Avec une r\u00e9sistance de 1.0\u202f\u03a9 et une plage de puissance de 7\u201312\u202fV, la WASPE offre une qualit\u00e9 de vapeur constante. Que ce soit lors de la premi\u00e8re ou de la dix-millioni\u00e8me inhalation \u2013 l'exp\u00e9rience reste uniform\u00e9ment forte.<\/p>\n<h4 data-start=\"1624\" data-end=\"1873\" data-immersive-translate-walked=\"b4ba21af-32a6-4c02-89fd-78cd709a0429\" data-immersive-translate-paragraph=\"1\">Pour les vapoteurs exigeants<\/h4>\n<p class=\"\" data-start=\"1624\" data-end=\"1873\" data-immersive-translate-walked=\"b4ba21af-32a6-4c02-89fd-78cd709a0429\" data-immersive-translate-paragraph=\"1\">Avec 12 000 bouff\u00e9es, la WASPE se distingue nettement des mod\u00e8les classiques. Elle s'adresse \u00e0 tous ceux qui pr\u00e9f\u00e8rent une utilisation prolong\u00e9e, sans renoncer \u00e0 la commodit\u00e9 d'un mod\u00e8le jetable.<\/p>\n<p class=\"\" data-start=\"1875\" data-end=\"2110\" data-immersive-translate-walked=\"b4ba21af-32a6-4c02-89fd-78cd709a0429\" data-immersive-translate-paragraph=\"1\">Id\u00e9al pour la mobilit\u00e9 et l'usage quotidien<br data-start=\"1925\" data-end=\"1928\" data-immersive-translate-walked=\"b4ba21af-32a6-4c02-89fd-78cd709a0429\" \/>Que ce soit au bureau, en voyage ou lors de f\u00eates \u2013 la Bo\u00eete Num\u00e9rique WASPE est fiable, discr\u00e8te et garantit un plaisir de vapeur durable sans remplissage fastidieux ni changement de coil.<\/p>\n<h3 data-start=\"2112\" data-end=\"2156\" data-immersive-translate-walked=\"b4ba21af-32a6-4c02-89fd-78cd709a0429\">Pourquoi choisir la WASPE :<\/h3>\n<ul data-start=\"2157\" data-end=\"2383\" data-immersive-translate-walked=\"b4ba21af-32a6-4c02-89fd-78cd709a0429\">\n<li class=\"\" data-start=\"2157\" data-end=\"2198\" data-immersive-translate-walked=\"b4ba21af-32a6-4c02-89fd-78cd709a0429\">\n<p class=\"\" data-start=\"2159\" data-end=\"2198\" data-immersive-translate-walked=\"b4ba21af-32a6-4c02-89fd-78cd709a0429\" data-immersive-translate-paragraph=\"1\">Volume d'e-liquide extra-large (20\u202fml)<\/p>\n<\/li>\n<li class=\"\" data-start=\"2199\" data-end=\"2238\" data-immersive-translate-walked=\"b4ba21af-32a6-4c02-89fd-78cd709a0429\">\n<p class=\"\" data-start=\"2201\" data-end=\"2238\" data-immersive-translate-walked=\"b4ba21af-32a6-4c02-89fd-78cd709a0429\" data-immersive-translate-paragraph=\"1\">Cigarette \u00e9lectronique jetable rechargeable<\/p>\n<\/li>\n<li class=\"\" data-start=\"2239\" data-end=\"2284\" data-immersive-translate-walked=\"b4ba21af-32a6-4c02-89fd-78cd709a0429\">\n<p class=\"\" data-start=\"2241\" data-end=\"2284\" data-immersive-translate-walked=\"b4ba21af-32a6-4c02-89fd-78cd709a0429\" data-immersive-translate-paragraph=\"1\">Saveur plus intense gr\u00e2ce \u00e0 la r\u00e9sistance Mesh de 1.0\u202f\u03a9<\/p>\n<\/li>\n<li class=\"\" data-start=\"2285\" data-end=\"2314\" data-immersive-translate-walked=\"b4ba21af-32a6-4c02-89fd-78cd709a0429\">\n<p class=\"\" data-start=\"2287\" data-end=\"2314\" data-immersive-translate-walked=\"b4ba21af-32a6-4c02-89fd-78cd709a0429\" data-immersive-translate-paragraph=\"1\">Compacte et l\u00e9g\u00e8re (96\u202fg)<\/p>\n<\/li>\n<li class=\"\" data-start=\"2315\" data-end=\"2353\" data-immersive-translate-walked=\"b4ba21af-32a6-4c02-89fd-78cd709a0429\">\n<p class=\"\" data-start=\"2317\" data-end=\"2353\" data-immersive-translate-walked=\"b4ba21af-32a6-4c02-89fd-78cd709a0429\" data-immersive-translate-paragraph=\"1\">Disponible avec 2\u202f% ou 5\u202f% de nicotine<\/p>\n<\/li>\n<li class=\"\" data-start=\"2354\" data-end=\"2383\" data-immersive-translate-walked=\"b4ba21af-32a6-4c02-89fd-78cd709a0429\">\n<p class=\"\" data-start=\"2356\" data-end=\"2383\" data-immersive-translate-walked=\"b4ba21af-32a6-4c02-89fd-78cd709a0429\" data-immersive-translate-paragraph=\"1\">Design num\u00e9rique \u00e9l\u00e9gant<\/p>\n<\/li>\n<\/ul>\n<p class=\"\" data-start=\"2385\" data-end=\"2553\" data-immersive-translate-walked=\"b4ba21af-32a6-4c02-89fd-78cd709a0429\" data-immersive-translate-paragraph=\"1\">Pour tous ceux qui recherchent une performance maximale dans un appareil \u00e9l\u00e9gant, la WASPE 12000 Puffs Digital Box est un v\u00e9ritable incontournable. Qualit\u00e9 que l'on ressent \u2013 puff apr\u00e8s puff.<\/p>","protected":false},"excerpt":{"rendered":"<p>WASPE 12000 Bouff\u00e9es Bo\u00eete Num\u00e9rique \u2013 Plus qu'une simple cigarette \u00e9lectronique jetable Ceux qui pensent que les cigarettes \u00e9lectroniques jetables sont toujours simples, sobres et de courte dur\u00e9e connaissent la WASPE 12000...<\/p>","protected":false},"featured_media":6658,"template":"","meta":[],"etheme_brands":[],"product_brand":[98],"product_cat":[88,49,61],"product_tag":[],"class_list":{"0":"post-6689","1":"product","2":"type-product","3":"status-publish","4":"has-post-thumbnail","6":"product_brand-waspe-vape","7":"product_cat-12k-vape","8":"product_cat-einweg-e-zigarette","9":"product_cat-f","11":"first","12":"instock","13":"shipping-taxable","14":"purchasable","15":"product-type-variable"},"yoast_head":"<!-- This site is optimized with the Yoast SEO plugin v26.5 - https:\/\/yoast.com\/wordpress\/plugins\/seo\/ -->\n<title>Strawberry Donuts Und WASPE 12000 Puffs Jetzt Den Geschmack Von Weltklasse Genie\u00dfen | Vapingnet.de<\/title>\n<meta name=\"description\" content=\"Entdecke Strawberry Donuts Und WASPE 12000 Puffs Jetzt Den Geschmack Von Weltklasse Genie\u00dfen bei vapingnet.de, \u25ba Gro\u00dfe Auswahl an Geschmacksrichtungen &amp; super g\u00fcnstig!\" \/>\n<meta name=\"robots\" content=\"index, follow, max-snippet:-1, max-image-preview:large, max-video-preview:-1\" \/>\n<link rel=\"canonical\" href=\"https:\/\/vapingnet.de\/fr\/vape\/strawberry-donuts-und-waspe-12000-puffs-jetzt-den-geschmack-von-weltklasse-geniessen\/\" \/>\n<meta property=\"og:locale\" content=\"fr_FR\" \/>\n<meta property=\"og:type\" content=\"article\" \/>\n<meta property=\"og:title\" content=\"Strawberry Donuts Und WASPE 12000 Puffs Jetzt Den Geschmack Von Weltklasse Genie\u00dfen | Vapingnet.de\" \/>\n<meta property=\"og:description\" content=\"Entdecke Strawberry Donuts Und WASPE 12000 Puffs Jetzt Den Geschmack Von Weltklasse Genie\u00dfen bei vapingnet.de, \u25ba Gro\u00dfe Auswahl an Geschmacksrichtungen &amp; super g\u00fcnstig!\" \/>\n<meta property=\"og:url\" content=\"https:\/\/vapingnet.de\/fr\/vape\/strawberry-donuts-und-waspe-12000-puffs-jetzt-den-geschmack-von-weltklasse-geniessen\/\" \/>\n<meta property=\"og:site_name\" content=\"Vapingnet.de\" \/>\n<meta property=\"article:publisher\" content=\"https:\/\/www.facebook.com\/vapingnetde\/\" \/>\n<meta property=\"article:modified_time\" content=\"2026-04-15T08:45:51+00:00\" \/>\n<meta property=\"og:image\" content=\"https:\/\/vapingnet.de\/wp-content\/uploads\/2025\/04\/Strawberry-Donuts.webp\" \/>\n\t<meta property=\"og:image:width\" content=\"1000\" \/>\n\t<meta property=\"og:image:height\" content=\"1000\" \/>\n\t<meta property=\"og:image:type\" content=\"image\/webp\" \/>\n<meta name=\"twitter:card\" content=\"summary_large_image\" \/>\n<meta name=\"twitter:label1\" content=\"Dur\u00e9e de lecture estim\u00e9e\" \/>\n\t<meta name=\"twitter:data1\" content=\"3 minutes\" \/>\n<script type=\"application\/ld+json\" class=\"yoast-schema-graph\">{\"@context\":\"https:\/\/schema.org\",\"@graph\":[{\"@type\":\"WebPage\",\"@id\":\"https:\/\/vapingnet.de\/vape\/strawberry-donuts-und-waspe-12000-puffs-jetzt-den-geschmack-von-weltklasse-geniessen\/\",\"url\":\"https:\/\/vapingnet.de\/vape\/strawberry-donuts-und-waspe-12000-puffs-jetzt-den-geschmack-von-weltklasse-geniessen\/\",\"name\":\"Strawberry Donuts Und WASPE 12000 Puffs Jetzt Den Geschmack Von Weltklasse Genie\u00dfen | Vapingnet.de\",\"isPartOf\":{\"@id\":\"https:\/\/vapingnet.de\/#website\"},\"primaryImageOfPage\":{\"@id\":\"https:\/\/vapingnet.de\/vape\/strawberry-donuts-und-waspe-12000-puffs-jetzt-den-geschmack-von-weltklasse-geniessen\/#primaryimage\"},\"image\":{\"@id\":\"https:\/\/vapingnet.de\/vape\/strawberry-donuts-und-waspe-12000-puffs-jetzt-den-geschmack-von-weltklasse-geniessen\/#primaryimage\"},\"thumbnailUrl\":\"https:\/\/vapingnet.de\/wp-content\/uploads\/2025\/04\/Strawberry-Donuts.webp\",\"datePublished\":\"2025-04-30T01:37:02+00:00\",\"dateModified\":\"2026-04-15T08:45:51+00:00\",\"description\":\"Entdecke Strawberry Donuts Und WASPE 12000 Puffs Jetzt Den Geschmack Von Weltklasse Genie\u00dfen bei vapingnet.de, \u25ba Gro\u00dfe Auswahl an Geschmacksrichtungen & super g\u00fcnstig!\",\"breadcrumb\":{\"@id\":\"https:\/\/vapingnet.de\/vape\/strawberry-donuts-und-waspe-12000-puffs-jetzt-den-geschmack-von-weltklasse-geniessen\/#breadcrumb\"},\"inLanguage\":\"fr-FR\",\"potentialAction\":[{\"@type\":\"ReadAction\",\"target\":[\"https:\/\/vapingnet.de\/vape\/strawberry-donuts-und-waspe-12000-puffs-jetzt-den-geschmack-von-weltklasse-geniessen\/\"]}]},{\"@type\":\"ImageObject\",\"inLanguage\":\"fr-FR\",\"@id\":\"https:\/\/vapingnet.de\/vape\/strawberry-donuts-und-waspe-12000-puffs-jetzt-den-geschmack-von-weltklasse-geniessen\/#primaryimage\",\"url\":\"https:\/\/vapingnet.de\/wp-content\/uploads\/2025\/04\/Strawberry-Donuts.webp\",\"contentUrl\":\"https:\/\/vapingnet.de\/wp-content\/uploads\/2025\/04\/Strawberry-Donuts.webp\",\"width\":1000,\"height\":1000},{\"@type\":\"BreadcrumbList\",\"@id\":\"https:\/\/vapingnet.de\/vape\/strawberry-donuts-und-waspe-12000-puffs-jetzt-den-geschmack-von-weltklasse-geniessen\/#breadcrumb\",\"itemListElement\":[{\"@type\":\"ListItem\",\"position\":1,\"name\":\"Home\",\"item\":\"https:\/\/vapingnet.de\/\"},{\"@type\":\"ListItem\",\"position\":2,\"name\":\"Shop\",\"item\":\"https:\/\/vapingnet.de\/vape\/\"},{\"@type\":\"ListItem\",\"position\":3,\"name\":\"Strawberry Donuts Und WASPE 12000 Puffs Jetzt Den Geschmack Von Weltklasse Genie\u00dfen\"}]},{\"@type\":\"WebSite\",\"@id\":\"https:\/\/vapingnet.de\/#website\",\"url\":\"https:\/\/vapingnet.de\/\",\"name\":\"Vapingnet.de\",\"description\":\"\",\"publisher\":{\"@id\":\"https:\/\/vapingnet.de\/#organization\"},\"potentialAction\":[{\"@type\":\"SearchAction\",\"target\":{\"@type\":\"EntryPoint\",\"urlTemplate\":\"https:\/\/vapingnet.de\/?s={search_term_string}\"},\"query-input\":{\"@type\":\"PropertyValueSpecification\",\"valueRequired\":true,\"valueName\":\"search_term_string\"}}],\"inLanguage\":\"fr-FR\"},{\"@type\":\"Organization\",\"@id\":\"https:\/\/vapingnet.de\/#organization\",\"name\":\"Vapingnet.de\",\"url\":\"https:\/\/vapingnet.de\/\",\"logo\":{\"@type\":\"ImageObject\",\"inLanguage\":\"fr-FR\",\"@id\":\"https:\/\/vapingnet.de\/#\/schema\/logo\/image\/\",\"url\":\"https:\/\/vapingnet.de\/wp-content\/uploads\/2025\/03\/cropped-vapingnet.de_.jpg\",\"contentUrl\":\"https:\/\/vapingnet.de\/wp-content\/uploads\/2025\/03\/cropped-vapingnet.de_.jpg\",\"width\":512,\"height\":512,\"caption\":\"Vapingnet.de\"},\"image\":{\"@id\":\"https:\/\/vapingnet.de\/#\/schema\/logo\/image\/\"},\"sameAs\":[\"https:\/\/www.facebook.com\/vapingnetde\/\"]}]}<\/script>\n<!-- \/ Yoast SEO plugin. -->","yoast_head_json":{"title":"Strawberry Donuts Und WASPE 12000 Puffs Jetzt Den Geschmack Von Weltklasse Genie\u00dfen | Vapingnet.de","description":"Entdecke Strawberry Donuts Und WASPE 12000 Puffs Jetzt Den Geschmack Von Weltklasse Genie\u00dfen bei vapingnet.de, \u25ba Gro\u00dfe Auswahl an Geschmacksrichtungen & super g\u00fcnstig!","robots":{"index":"index","follow":"follow","max-snippet":"max-snippet:-1","max-image-preview":"max-image-preview:large","max-video-preview":"max-video-preview:-1"},"canonical":"https:\/\/vapingnet.de\/fr\/vape\/strawberry-donuts-und-waspe-12000-puffs-jetzt-den-geschmack-von-weltklasse-geniessen\/","og_locale":"fr_FR","og_type":"article","og_title":"Strawberry Donuts Und WASPE 12000 Puffs Jetzt Den Geschmack Von Weltklasse Genie\u00dfen | Vapingnet.de","og_description":"Entdecke Strawberry Donuts Und WASPE 12000 Puffs Jetzt Den Geschmack Von Weltklasse Genie\u00dfen bei vapingnet.de, \u25ba Gro\u00dfe Auswahl an Geschmacksrichtungen & super g\u00fcnstig!","og_url":"https:\/\/vapingnet.de\/fr\/vape\/strawberry-donuts-und-waspe-12000-puffs-jetzt-den-geschmack-von-weltklasse-geniessen\/","og_site_name":"Vapingnet.de","article_publisher":"https:\/\/www.facebook.com\/vapingnetde\/","article_modified_time":"2026-04-15T08:45:51+00:00","og_image":[{"width":1000,"height":1000,"url":"https:\/\/vapingnet.de\/wp-content\/uploads\/2025\/04\/Strawberry-Donuts.webp","type":"image\/webp"}],"twitter_card":"summary_large_image","twitter_misc":{"Dur\u00e9e de lecture estim\u00e9e":"3 minutes"},"schema":{"@context":"https:\/\/schema.org","@graph":[{"@type":"WebPage","@id":"https:\/\/vapingnet.de\/vape\/strawberry-donuts-und-waspe-12000-puffs-jetzt-den-geschmack-von-weltklasse-geniessen\/","url":"https:\/\/vapingnet.de\/vape\/strawberry-donuts-und-waspe-12000-puffs-jetzt-den-geschmack-von-weltklasse-geniessen\/","name":"Strawberry Donuts Und WASPE 12000 Puffs Jetzt Den Geschmack Von Weltklasse Genie\u00dfen | Vapingnet.de","isPartOf":{"@id":"https:\/\/vapingnet.de\/#website"},"primaryImageOfPage":{"@id":"https:\/\/vapingnet.de\/vape\/strawberry-donuts-und-waspe-12000-puffs-jetzt-den-geschmack-von-weltklasse-geniessen\/#primaryimage"},"image":{"@id":"https:\/\/vapingnet.de\/vape\/strawberry-donuts-und-waspe-12000-puffs-jetzt-den-geschmack-von-weltklasse-geniessen\/#primaryimage"},"thumbnailUrl":"https:\/\/vapingnet.de\/wp-content\/uploads\/2025\/04\/Strawberry-Donuts.webp","datePublished":"2025-04-30T01:37:02+00:00","dateModified":"2026-04-15T08:45:51+00:00","description":"Entdecke Strawberry Donuts Und WASPE 12000 Puffs Jetzt Den Geschmack Von Weltklasse Genie\u00dfen bei vapingnet.de, \u25ba Gro\u00dfe Auswahl an Geschmacksrichtungen & super g\u00fcnstig!","breadcrumb":{"@id":"https:\/\/vapingnet.de\/vape\/strawberry-donuts-und-waspe-12000-puffs-jetzt-den-geschmack-von-weltklasse-geniessen\/#breadcrumb"},"inLanguage":"fr-FR","potentialAction":[{"@type":"ReadAction","target":["https:\/\/vapingnet.de\/vape\/strawberry-donuts-und-waspe-12000-puffs-jetzt-den-geschmack-von-weltklasse-geniessen\/"]}]},{"@type":"ImageObject","inLanguage":"fr-FR","@id":"https:\/\/vapingnet.de\/vape\/strawberry-donuts-und-waspe-12000-puffs-jetzt-den-geschmack-von-weltklasse-geniessen\/#primaryimage","url":"https:\/\/vapingnet.de\/wp-content\/uploads\/2025\/04\/Strawberry-Donuts.webp","contentUrl":"https:\/\/vapingnet.de\/wp-content\/uploads\/2025\/04\/Strawberry-Donuts.webp","width":1000,"height":1000},{"@type":"BreadcrumbList","@id":"https:\/\/vapingnet.de\/vape\/strawberry-donuts-und-waspe-12000-puffs-jetzt-den-geschmack-von-weltklasse-geniessen\/#breadcrumb","itemListElement":[{"@type":"ListItem","position":1,"name":"Home","item":"https:\/\/vapingnet.de\/"},{"@type":"ListItem","position":2,"name":"Shop","item":"https:\/\/vapingnet.de\/vape\/"},{"@type":"ListItem","position":3,"name":"Strawberry Donuts Und WASPE 12000 Puffs Jetzt Den Geschmack Von Weltklasse Genie\u00dfen"}]},{"@type":"WebSite","@id":"https:\/\/vapingnet.de\/#website","url":"https:\/\/vapingnet.de\/","name":"Vapingnet.de","description":"","publisher":{"@id":"https:\/\/vapingnet.de\/#organization"},"potentialAction":[{"@type":"SearchAction","target":{"@type":"EntryPoint","urlTemplate":"https:\/\/vapingnet.de\/?s={search_term_string}"},"query-input":{"@type":"PropertyValueSpecification","valueRequired":true,"valueName":"search_term_string"}}],"inLanguage":"fr-FR"},{"@type":"Organization","@id":"https:\/\/vapingnet.de\/#organization","name":"Vapingnet.de","url":"https:\/\/vapingnet.de\/","logo":{"@type":"ImageObject","inLanguage":"fr-FR","@id":"https:\/\/vapingnet.de\/#\/schema\/logo\/image\/","url":"https:\/\/vapingnet.de\/wp-content\/uploads\/2025\/03\/cropped-vapingnet.de_.jpg","contentUrl":"https:\/\/vapingnet.de\/wp-content\/uploads\/2025\/03\/cropped-vapingnet.de_.jpg","width":512,"height":512,"caption":"Vapingnet.de"},"image":{"@id":"https:\/\/vapingnet.de\/#\/schema\/logo\/image\/"},"sameAs":["https:\/\/www.facebook.com\/vapingnetde\/"]}]}},"tiered_pricing_type":"fixed","tiered_pricing_fixed_rules":[],"tiered_pricing_product_settings":{"layout":"default","base_unit_name":{"singular":null,"plural":null},"default_variation":null},"tiered_pricing_minimum_quantity":null,"tiered_pricing_roles_data":[],"tiered_pricing_percentage_rules":[],"_links":{"self":[{"href":"https:\/\/vapingnet.de\/fr\/wp-json\/wp\/v2\/product\/6689","targetHints":{"allow":["GET"]}}],"collection":[{"href":"https:\/\/vapingnet.de\/fr\/wp-json\/wp\/v2\/product"}],"about":[{"href":"https:\/\/vapingnet.de\/fr\/wp-json\/wp\/v2\/types\/product"}],"version-history":[{"count":3,"href":"https:\/\/vapingnet.de\/fr\/wp-json\/wp\/v2\/product\/6689\/revisions"}],"predecessor-version":[{"id":6890,"href":"https:\/\/vapingnet.de\/fr\/wp-json\/wp\/v2\/product\/6689\/revisions\/6890"}],"wp:featuredmedia":[{"embeddable":true,"href":"https:\/\/vapingnet.de\/fr\/wp-json\/wp\/v2\/media\/6658"}],"wp:attachment":[{"href":"https:\/\/vapingnet.de\/fr\/wp-json\/wp\/v2\/media?parent=6689"}],"wp:term":[{"taxonomy":"brand","embeddable":true,"href":"https:\/\/vapingnet.de\/fr\/wp-json\/wp\/v2\/etheme_brands?post=6689"},{"taxonomy":"product_brand","embeddable":true,"href":"https:\/\/vapingnet.de\/fr\/wp-json\/wp\/v2\/product_brand?post=6689"},{"taxonomy":"product_cat","embeddable":true,"href":"https:\/\/vapingnet.de\/fr\/wp-json\/wp\/v2\/product_cat?post=6689"},{"taxonomy":"product_tag","embeddable":true,"href":"https:\/\/vapingnet.de\/fr\/wp-json\/wp\/v2\/product_tag?post=6689"}],"curies":[{"name":"wp","href":"https:\/\/api.w.org\/{rel}","templated":true}]}}