{"id":6723,"date":"2025-05-05T02:25:22","date_gmt":"2025-05-05T02:25:22","guid":{"rendered":"https:\/\/vapingnet.de\/?post_type=product&#038;p=6723"},"modified":"2025-06-19T03:45:07","modified_gmt":"2025-06-19T03:45:07","slug":"der-perfekte-sommergeschmack-waspe-15000-puffs-watermelon-ice-high-quality-fuer-wenig-geld","status":"publish","type":"product","link":"https:\/\/vapingnet.de\/fr\/vape\/der-perfekte-sommergeschmack-waspe-15000-puffs-watermelon-ice-high-quality-fuer-wenig-geld\/","title":{"rendered":"Le go\u00fbt parfait de l'\u00e9t\u00e9 WASPE 15000 Puffs Watermelon Ice Haute qualit\u00e9 pour peu d'argent"},"content":{"rendered":"<h2 data-start=\"0\" data-end=\"67\">WASPE 15000 Bouff\u00e9es : Une nouvelle g\u00e9n\u00e9ration de cigarettes \u00e9lectroniques jetables<\/h2>\n<p class=\"\" data-start=\"69\" data-end=\"434\">La WASPE 15000 Bouff\u00e9es est une cigarette \u00e9lectronique jetable innovante, qui \u00e9tablit de nouvelles normes dans le monde de la vape gr\u00e2ce \u00e0 ses performances impressionnantes et \u00e0 sa multitude de fonctionnalit\u00e9s. Avec une capacit\u00e9 de 15 000 bouff\u00e9es et un grand r\u00e9servoir de liquide de 22 ml, cet appareil offre une exp\u00e9rience exceptionnelle aussi bien aux vapoteurs exp\u00e9riment\u00e9s qu'aux d\u00e9butants.<\/p>\n<h4 data-start=\"436\" data-end=\"492\">Caract\u00e9ristiques de haute qualit\u00e9 pour une exp\u00e9rience de vapotage optimale<\/h4>\n<p class=\"\" data-start=\"494\" data-end=\"1033\">La WASPE 15000 Bouff\u00e9es se distingue par une multitude d'innovations techniques qui am\u00e9liorent le confort et la convivialit\u00e9. Avec une batterie rechargeable de 850 mAh, qui se recharge via une connexion Type-C moderne, les utilisateurs peuvent \u00eatre assur\u00e9s d'avoir suffisamment d'\u00e9nergie pour de longues sessions de vapotage. La technologie de coil en mesh avec une r\u00e9sistance de 0,8\u03a9 am\u00e9liore \u00e0 la fois la production de vapeur et l'intensit\u00e9 du go\u00fbt, garantissant une exp\u00e9rience de vapotage agr\u00e9able et intense.<\/p>\n<p class=\"\" data-start=\"1035\" data-end=\"1350\">Une autre caract\u00e9ristique remarquable est l'\u00e9cran LCD, qui affiche en temps r\u00e9el des informations importantes sur l'\u00e9tat actuel de la cigarette \u00e9lectronique. Ainsi, les utilisateurs gardent un \u0153il sur le niveau de charge de la batterie et le nombre de bouff\u00e9es restantes, rendant l'utilisation encore plus confortable.<\/p>\n<h4 data-start=\"1352\" data-end=\"1393\">Exp\u00e9rience gustative et polyvalence<\/h4>\n<p class=\"\" data-start=\"1395\" data-end=\"1763\">La WASPE 15000 Bouff\u00e9es propose un large choix de concentrations de nicotine \u2013 de 0,1 % \u00e0 5 %. Cela permet aux vapoteurs de choisir le niveau de nicotine qui leur convient le mieux et de r\u00e9pondre \u00e0 leurs besoins individuels. Le go\u00fbt \u00ab Watermelon Ice \u00bb offre une exp\u00e9rience rafra\u00eechissante et fruit\u00e9e, appr\u00e9ci\u00e9e par de nombreux vapoteurs comme particuli\u00e8rement agr\u00e9able.<\/p>\n<h4 data-start=\"1765\" data-end=\"1802\">Avantages et utilisation pratique<\/h4>\n<p class=\"\" data-start=\"1804\" data-end=\"2205\">L'un des plus grands avantages de la WASPE 15000 Bouff\u00e9es r\u00e9side dans sa facilit\u00e9 d'utilisation. La cigarette \u00e9lectronique jetable ne n\u00e9cessite pas de manipulation compliqu\u00e9e, et avec une grande capacit\u00e9 de liquide de 22 ml, il n'est pas n\u00e9cessaire de la remplir fr\u00e9quemment. Son design compact, avec un poids de seulement 90 g par unit\u00e9, fait de la WASPE 15000 Bouff\u00e9es un compagnon l\u00e9ger et pratique pour la route.<\/p>\n<p class=\"\" data-start=\"2207\" data-end=\"2405\">De plus, la WASPE 15000 Bouff\u00e9es offre l'avantage d'une livraison sans taxes, ce qui la rend particuli\u00e8rement attrayante pour les acheteurs en France, o\u00f9 les taxes sur le tabac et les produits \u00e0 base de nicotine sont \u00e9lev\u00e9es.<\/p>\n<h3 data-start=\"2407\" data-end=\"2416\">Introduction \u00e0 la WASPE 15000 Bouff\u00e9es : qualit\u00e9 et innovation r\u00e9unies<\/h3>\n<p class=\"\" data-start=\"2418\" data-end=\"2895\">La WASPE 15000 Bouff\u00e9es constitue un excellent choix pour les vapoteurs qui privil\u00e9gient une longue dur\u00e9e d'utilisation, une haute qualit\u00e9 et une exp\u00e9rience gustative intense. Gr\u00e2ce \u00e0 la combinaison de technologies modernes, d'une utilisation simple et d'une multitude de fonctionnalit\u00e9s utiles, ce produit a le potentiel de devenir l'un des meilleurs appareils sur le march\u00e9. Pour plus d'informations et l'achat de la WASPE 15000 Bouff\u00e9es, visitez le site vapingnet.fr.<\/p>","protected":false},"excerpt":{"rendered":"<p>WASPE 15000 Puffs: Eine neue Generation der Einweg-E-Zigaretten Die WASPE 15000 Puffs ist eine innovative Einweg-E-Zigarette, die durch ihre beeindruckende Leistung und die Vielzahl an&#8230;<\/p>","protected":false},"featured_media":6742,"template":"","meta":[],"etheme_brands":[],"product_brand":[98],"product_cat":[53,49,61],"product_tag":[],"class_list":{"0":"post-6723","1":"product","2":"type-product","3":"status-publish","4":"has-post-thumbnail","6":"product_brand-waspe-vape","7":"product_cat-vape-15000-zuege","8":"product_cat-einweg-e-zigarette","9":"product_cat-f","11":"first","12":"instock","13":"shipping-taxable","14":"purchasable","15":"product-type-simple"},"yoast_head":"<!-- This site is optimized with the Yoast SEO plugin v26.5 - https:\/\/yoast.com\/wordpress\/plugins\/seo\/ -->\n<title>Der Perfekte Sommergeschmack WASPE 15000 Puffs Watermelon Ice High Quality F\u00fcr Wenig Geld | Vapingnet.de<\/title>\n<meta name=\"description\" content=\"Entdecke Der Perfekte Sommergeschmack WASPE 15000 Puffs Watermelon Ice High Quality F\u00fcr Wenig Geld bei vapingnet.de, \u25ba Gro\u00dfe Auswahl an Geschmacksrichtungen &amp; super g\u00fcnstig!\" \/>\n<meta name=\"robots\" content=\"index, follow, max-snippet:-1, max-image-preview:large, max-video-preview:-1\" \/>\n<link rel=\"canonical\" href=\"https:\/\/vapingnet.de\/fr\/vape\/der-perfekte-sommergeschmack-waspe-15000-puffs-watermelon-ice-high-quality-fuer-wenig-geld\/\" \/>\n<meta property=\"og:locale\" content=\"fr_FR\" \/>\n<meta property=\"og:type\" content=\"article\" \/>\n<meta property=\"og:title\" content=\"Der Perfekte Sommergeschmack WASPE 15000 Puffs Watermelon Ice High Quality F\u00fcr Wenig Geld | Vapingnet.de\" \/>\n<meta property=\"og:description\" content=\"Entdecke Der Perfekte Sommergeschmack WASPE 15000 Puffs Watermelon Ice High Quality F\u00fcr Wenig Geld bei vapingnet.de, \u25ba Gro\u00dfe Auswahl an Geschmacksrichtungen &amp; super g\u00fcnstig!\" \/>\n<meta property=\"og:url\" content=\"https:\/\/vapingnet.de\/fr\/vape\/der-perfekte-sommergeschmack-waspe-15000-puffs-watermelon-ice-high-quality-fuer-wenig-geld\/\" \/>\n<meta property=\"og:site_name\" content=\"Vapingnet.de\" \/>\n<meta property=\"article:publisher\" content=\"https:\/\/www.facebook.com\/vapingnetde\/\" \/>\n<meta property=\"article:modified_time\" content=\"2025-06-19T03:45:07+00:00\" \/>\n<meta property=\"og:image\" content=\"https:\/\/vapingnet.de\/wp-content\/uploads\/2025\/05\/Watermelon-Ice.webp\" \/>\n\t<meta property=\"og:image:width\" content=\"1000\" \/>\n\t<meta property=\"og:image:height\" content=\"1000\" \/>\n\t<meta property=\"og:image:type\" content=\"image\/webp\" \/>\n<meta name=\"twitter:card\" content=\"summary_large_image\" \/>\n<meta name=\"twitter:label1\" content=\"Dur\u00e9e de lecture estim\u00e9e\" \/>\n\t<meta name=\"twitter:data1\" content=\"3 minutes\" \/>\n<script type=\"application\/ld+json\" class=\"yoast-schema-graph\">{\"@context\":\"https:\/\/schema.org\",\"@graph\":[{\"@type\":\"WebPage\",\"@id\":\"https:\/\/vapingnet.de\/vape\/der-perfekte-sommergeschmack-waspe-15000-puffs-watermelon-ice-high-quality-fuer-wenig-geld\/\",\"url\":\"https:\/\/vapingnet.de\/vape\/der-perfekte-sommergeschmack-waspe-15000-puffs-watermelon-ice-high-quality-fuer-wenig-geld\/\",\"name\":\"Der Perfekte Sommergeschmack WASPE 15000 Puffs Watermelon Ice High Quality F\u00fcr Wenig Geld | Vapingnet.de\",\"isPartOf\":{\"@id\":\"https:\/\/vapingnet.de\/#website\"},\"primaryImageOfPage\":{\"@id\":\"https:\/\/vapingnet.de\/vape\/der-perfekte-sommergeschmack-waspe-15000-puffs-watermelon-ice-high-quality-fuer-wenig-geld\/#primaryimage\"},\"image\":{\"@id\":\"https:\/\/vapingnet.de\/vape\/der-perfekte-sommergeschmack-waspe-15000-puffs-watermelon-ice-high-quality-fuer-wenig-geld\/#primaryimage\"},\"thumbnailUrl\":\"https:\/\/vapingnet.de\/wp-content\/uploads\/2025\/05\/Watermelon-Ice.webp\",\"datePublished\":\"2025-05-05T02:25:22+00:00\",\"dateModified\":\"2025-06-19T03:45:07+00:00\",\"description\":\"Entdecke Der Perfekte Sommergeschmack WASPE 15000 Puffs Watermelon Ice High Quality F\u00fcr Wenig Geld bei vapingnet.de, \u25ba Gro\u00dfe Auswahl an Geschmacksrichtungen & super g\u00fcnstig!\",\"breadcrumb\":{\"@id\":\"https:\/\/vapingnet.de\/vape\/der-perfekte-sommergeschmack-waspe-15000-puffs-watermelon-ice-high-quality-fuer-wenig-geld\/#breadcrumb\"},\"inLanguage\":\"fr-FR\",\"potentialAction\":[{\"@type\":\"ReadAction\",\"target\":[\"https:\/\/vapingnet.de\/vape\/der-perfekte-sommergeschmack-waspe-15000-puffs-watermelon-ice-high-quality-fuer-wenig-geld\/\"]}]},{\"@type\":\"ImageObject\",\"inLanguage\":\"fr-FR\",\"@id\":\"https:\/\/vapingnet.de\/vape\/der-perfekte-sommergeschmack-waspe-15000-puffs-watermelon-ice-high-quality-fuer-wenig-geld\/#primaryimage\",\"url\":\"https:\/\/vapingnet.de\/wp-content\/uploads\/2025\/05\/Watermelon-Ice.webp\",\"contentUrl\":\"https:\/\/vapingnet.de\/wp-content\/uploads\/2025\/05\/Watermelon-Ice.webp\",\"width\":1000,\"height\":1000},{\"@type\":\"BreadcrumbList\",\"@id\":\"https:\/\/vapingnet.de\/vape\/der-perfekte-sommergeschmack-waspe-15000-puffs-watermelon-ice-high-quality-fuer-wenig-geld\/#breadcrumb\",\"itemListElement\":[{\"@type\":\"ListItem\",\"position\":1,\"name\":\"Home\",\"item\":\"https:\/\/vapingnet.de\/\"},{\"@type\":\"ListItem\",\"position\":2,\"name\":\"Shop\",\"item\":\"https:\/\/vapingnet.de\/vape\/\"},{\"@type\":\"ListItem\",\"position\":3,\"name\":\"Der Perfekte Sommergeschmack WASPE 15000 Puffs Watermelon Ice High Quality F\u00fcr Wenig Geld\"}]},{\"@type\":\"WebSite\",\"@id\":\"https:\/\/vapingnet.de\/#website\",\"url\":\"https:\/\/vapingnet.de\/\",\"name\":\"Vapingnet.de\",\"description\":\"\",\"publisher\":{\"@id\":\"https:\/\/vapingnet.de\/#organization\"},\"potentialAction\":[{\"@type\":\"SearchAction\",\"target\":{\"@type\":\"EntryPoint\",\"urlTemplate\":\"https:\/\/vapingnet.de\/?s={search_term_string}\"},\"query-input\":{\"@type\":\"PropertyValueSpecification\",\"valueRequired\":true,\"valueName\":\"search_term_string\"}}],\"inLanguage\":\"fr-FR\"},{\"@type\":\"Organization\",\"@id\":\"https:\/\/vapingnet.de\/#organization\",\"name\":\"Vapingnet.de\",\"url\":\"https:\/\/vapingnet.de\/\",\"logo\":{\"@type\":\"ImageObject\",\"inLanguage\":\"fr-FR\",\"@id\":\"https:\/\/vapingnet.de\/#\/schema\/logo\/image\/\",\"url\":\"https:\/\/vapingnet.de\/wp-content\/uploads\/2025\/03\/cropped-vapingnet.de_.jpg\",\"contentUrl\":\"https:\/\/vapingnet.de\/wp-content\/uploads\/2025\/03\/cropped-vapingnet.de_.jpg\",\"width\":512,\"height\":512,\"caption\":\"Vapingnet.de\"},\"image\":{\"@id\":\"https:\/\/vapingnet.de\/#\/schema\/logo\/image\/\"},\"sameAs\":[\"https:\/\/www.facebook.com\/vapingnetde\/\"]}]}<\/script>\n<!-- \/ Yoast SEO plugin. -->","yoast_head_json":{"title":"Der Perfekte Sommergeschmack WASPE 15000 Puffs Watermelon Ice High Quality F\u00fcr Wenig Geld | Vapingnet.de","description":"Entdecke Der Perfekte Sommergeschmack WASPE 15000 Puffs Watermelon Ice High Quality F\u00fcr Wenig Geld bei vapingnet.de, \u25ba Gro\u00dfe Auswahl an Geschmacksrichtungen & super g\u00fcnstig!","robots":{"index":"index","follow":"follow","max-snippet":"max-snippet:-1","max-image-preview":"max-image-preview:large","max-video-preview":"max-video-preview:-1"},"canonical":"https:\/\/vapingnet.de\/fr\/vape\/der-perfekte-sommergeschmack-waspe-15000-puffs-watermelon-ice-high-quality-fuer-wenig-geld\/","og_locale":"fr_FR","og_type":"article","og_title":"Der Perfekte Sommergeschmack WASPE 15000 Puffs Watermelon Ice High Quality F\u00fcr Wenig Geld | Vapingnet.de","og_description":"Entdecke Der Perfekte Sommergeschmack WASPE 15000 Puffs Watermelon Ice High Quality F\u00fcr Wenig Geld bei vapingnet.de, \u25ba Gro\u00dfe Auswahl an Geschmacksrichtungen & super g\u00fcnstig!","og_url":"https:\/\/vapingnet.de\/fr\/vape\/der-perfekte-sommergeschmack-waspe-15000-puffs-watermelon-ice-high-quality-fuer-wenig-geld\/","og_site_name":"Vapingnet.de","article_publisher":"https:\/\/www.facebook.com\/vapingnetde\/","article_modified_time":"2025-06-19T03:45:07+00:00","og_image":[{"width":1000,"height":1000,"url":"https:\/\/vapingnet.de\/wp-content\/uploads\/2025\/05\/Watermelon-Ice.webp","type":"image\/webp"}],"twitter_card":"summary_large_image","twitter_misc":{"Dur\u00e9e de lecture estim\u00e9e":"3 minutes"},"schema":{"@context":"https:\/\/schema.org","@graph":[{"@type":"WebPage","@id":"https:\/\/vapingnet.de\/vape\/der-perfekte-sommergeschmack-waspe-15000-puffs-watermelon-ice-high-quality-fuer-wenig-geld\/","url":"https:\/\/vapingnet.de\/vape\/der-perfekte-sommergeschmack-waspe-15000-puffs-watermelon-ice-high-quality-fuer-wenig-geld\/","name":"Der Perfekte Sommergeschmack WASPE 15000 Puffs Watermelon Ice High Quality F\u00fcr Wenig Geld | Vapingnet.de","isPartOf":{"@id":"https:\/\/vapingnet.de\/#website"},"primaryImageOfPage":{"@id":"https:\/\/vapingnet.de\/vape\/der-perfekte-sommergeschmack-waspe-15000-puffs-watermelon-ice-high-quality-fuer-wenig-geld\/#primaryimage"},"image":{"@id":"https:\/\/vapingnet.de\/vape\/der-perfekte-sommergeschmack-waspe-15000-puffs-watermelon-ice-high-quality-fuer-wenig-geld\/#primaryimage"},"thumbnailUrl":"https:\/\/vapingnet.de\/wp-content\/uploads\/2025\/05\/Watermelon-Ice.webp","datePublished":"2025-05-05T02:25:22+00:00","dateModified":"2025-06-19T03:45:07+00:00","description":"Entdecke Der Perfekte Sommergeschmack WASPE 15000 Puffs Watermelon Ice High Quality F\u00fcr Wenig Geld bei vapingnet.de, \u25ba Gro\u00dfe Auswahl an Geschmacksrichtungen & super g\u00fcnstig!","breadcrumb":{"@id":"https:\/\/vapingnet.de\/vape\/der-perfekte-sommergeschmack-waspe-15000-puffs-watermelon-ice-high-quality-fuer-wenig-geld\/#breadcrumb"},"inLanguage":"fr-FR","potentialAction":[{"@type":"ReadAction","target":["https:\/\/vapingnet.de\/vape\/der-perfekte-sommergeschmack-waspe-15000-puffs-watermelon-ice-high-quality-fuer-wenig-geld\/"]}]},{"@type":"ImageObject","inLanguage":"fr-FR","@id":"https:\/\/vapingnet.de\/vape\/der-perfekte-sommergeschmack-waspe-15000-puffs-watermelon-ice-high-quality-fuer-wenig-geld\/#primaryimage","url":"https:\/\/vapingnet.de\/wp-content\/uploads\/2025\/05\/Watermelon-Ice.webp","contentUrl":"https:\/\/vapingnet.de\/wp-content\/uploads\/2025\/05\/Watermelon-Ice.webp","width":1000,"height":1000},{"@type":"BreadcrumbList","@id":"https:\/\/vapingnet.de\/vape\/der-perfekte-sommergeschmack-waspe-15000-puffs-watermelon-ice-high-quality-fuer-wenig-geld\/#breadcrumb","itemListElement":[{"@type":"ListItem","position":1,"name":"Home","item":"https:\/\/vapingnet.de\/"},{"@type":"ListItem","position":2,"name":"Shop","item":"https:\/\/vapingnet.de\/vape\/"},{"@type":"ListItem","position":3,"name":"Der Perfekte Sommergeschmack WASPE 15000 Puffs Watermelon Ice High Quality F\u00fcr Wenig Geld"}]},{"@type":"WebSite","@id":"https:\/\/vapingnet.de\/#website","url":"https:\/\/vapingnet.de\/","name":"Vapingnet.de","description":"","publisher":{"@id":"https:\/\/vapingnet.de\/#organization"},"potentialAction":[{"@type":"SearchAction","target":{"@type":"EntryPoint","urlTemplate":"https:\/\/vapingnet.de\/?s={search_term_string}"},"query-input":{"@type":"PropertyValueSpecification","valueRequired":true,"valueName":"search_term_string"}}],"inLanguage":"fr-FR"},{"@type":"Organization","@id":"https:\/\/vapingnet.de\/#organization","name":"Vapingnet.de","url":"https:\/\/vapingnet.de\/","logo":{"@type":"ImageObject","inLanguage":"fr-FR","@id":"https:\/\/vapingnet.de\/#\/schema\/logo\/image\/","url":"https:\/\/vapingnet.de\/wp-content\/uploads\/2025\/03\/cropped-vapingnet.de_.jpg","contentUrl":"https:\/\/vapingnet.de\/wp-content\/uploads\/2025\/03\/cropped-vapingnet.de_.jpg","width":512,"height":512,"caption":"Vapingnet.de"},"image":{"@id":"https:\/\/vapingnet.de\/#\/schema\/logo\/image\/"},"sameAs":["https:\/\/www.facebook.com\/vapingnetde\/"]}]}},"tiered_pricing_type":"fixed","tiered_pricing_fixed_rules":{"10":"8.35","60":"7.52","110":"6.68","200":"5.85"},"tiered_pricing_product_settings":{"layout":"default","base_unit_name":{"singular":null,"plural":null},"default_variation":null},"tiered_pricing_minimum_quantity":null,"tiered_pricing_roles_data":[],"tiered_pricing_percentage_rules":[],"_links":{"self":[{"href":"https:\/\/vapingnet.de\/fr\/wp-json\/wp\/v2\/product\/6723","targetHints":{"allow":["GET"]}}],"collection":[{"href":"https:\/\/vapingnet.de\/fr\/wp-json\/wp\/v2\/product"}],"about":[{"href":"https:\/\/vapingnet.de\/fr\/wp-json\/wp\/v2\/types\/product"}],"version-history":[{"count":3,"href":"https:\/\/vapingnet.de\/fr\/wp-json\/wp\/v2\/product\/6723\/revisions"}],"predecessor-version":[{"id":6746,"href":"https:\/\/vapingnet.de\/fr\/wp-json\/wp\/v2\/product\/6723\/revisions\/6746"}],"wp:featuredmedia":[{"embeddable":true,"href":"https:\/\/vapingnet.de\/fr\/wp-json\/wp\/v2\/media\/6742"}],"wp:attachment":[{"href":"https:\/\/vapingnet.de\/fr\/wp-json\/wp\/v2\/media?parent=6723"}],"wp:term":[{"taxonomy":"brand","embeddable":true,"href":"https:\/\/vapingnet.de\/fr\/wp-json\/wp\/v2\/etheme_brands?post=6723"},{"taxonomy":"product_brand","embeddable":true,"href":"https:\/\/vapingnet.de\/fr\/wp-json\/wp\/v2\/product_brand?post=6723"},{"taxonomy":"product_cat","embeddable":true,"href":"https:\/\/vapingnet.de\/fr\/wp-json\/wp\/v2\/product_cat?post=6723"},{"taxonomy":"product_tag","embeddable":true,"href":"https:\/\/vapingnet.de\/fr\/wp-json\/wp\/v2\/product_tag?post=6723"}],"curies":[{"name":"wp","href":"https:\/\/api.w.org\/{rel}","templated":true}]}}