{"id":6728,"date":"2025-05-05T02:36:07","date_gmt":"2025-05-05T02:36:07","guid":{"rendered":"https:\/\/vapingnet.de\/?post_type=product&#038;p=6728"},"modified":"2026-04-15T08:18:47","modified_gmt":"2026-04-15T08:18:47","slug":"waspe-15000-puffs-strawberry-kiwi-hol-dir-den-bestseller-jetzt-zu-sparpreisen","status":"publish","type":"product","link":"https:\/\/vapingnet.de\/fr\/vape\/waspe-15000-puffs-strawberry-kiwi-hol-dir-den-bestseller-jetzt-zu-sparpreisen\/","title":{"rendered":"WASPE 15000 Puffs Strawberry Kiwi Obtenez le best-seller \u00e0 prix r\u00e9duit"},"content":{"rendered":"<h2 data-start=\"0\" data-end=\"62\" data-immersive-translate-walked=\"7d506604-c5bf-4417-87dd-12aa5d39430d\">WASPE 15000 Puff: Une exp\u00e9rience r\u00e9volutionnaire pour les vapoteurs<\/h2>\n<p class=\"\" data-start=\"64\" data-end=\"429\" data-immersive-translate-walked=\"7d506604-c5bf-4417-87dd-12aa5d39430d\" data-immersive-translate-paragraph=\"1\">Le monde de la vape a \u00e9volu\u00e9, et la cigarette \u00e9lectronique jetable WASPE 15000 Puff fixe de nouvelles normes pour tous les vapoteurs \u00e0 la recherche d'une exp\u00e9rience de vapotage longue et intense. Avec une multitude de caract\u00e9ristiques impressionnantes et de technologies innovantes, ce mod\u00e8le offre tout ce que l'on peut attendre d'une cigarette \u00e9lectronique haut de gamme.<\/p>\n<h4 data-start=\"431\" data-end=\"471\" data-immersive-translate-walked=\"7d506604-c5bf-4417-87dd-12aa5d39430d\">Longue dur\u00e9e de vie et grande capacit\u00e9<\/h4>\n<p class=\"\" data-start=\"473\" data-end=\"889\" data-immersive-translate-walked=\"7d506604-c5bf-4417-87dd-12aa5d39430d\" data-immersive-translate-paragraph=\"1\">Une caract\u00e9ristique remarquable de la WASPE 15000 Puff est sa capacit\u00e9 impressionnante de 15 000 bouff\u00e9es. Cela signifie que cette cigarette \u00e9lectronique jetable convient \u00e9galement pour des sessions de vapotage prolong\u00e9es, sans avoir \u00e0 chercher constamment une nouvelle e-cigarette. Avec un r\u00e9servoir de 22 ml d'e-liquide, vous pouvez profiter de vos saveurs pr\u00e9f\u00e9r\u00e9es sur une p\u00e9riode prolong\u00e9e sans avoir besoin de remplir fr\u00e9quemment.<\/p>\n<h4 data-start=\"891\" data-end=\"940\" data-immersive-translate-walked=\"7d506604-c5bf-4417-87dd-12aa5d39430d\">Options de nicotine polyvalentes pour tous les vapoteurs<\/h4>\n<p class=\"\" data-start=\"942\" data-end=\"1248\" data-immersive-translate-walked=\"7d506604-c5bf-4417-87dd-12aa5d39430d\" data-immersive-translate-paragraph=\"1\">Pour ceux qui pr\u00e9f\u00e8rent diff\u00e9rentes concentrations de nicotine, la WASPE 15000 Puff offre un choix de 0%, 2%, 3% et 5%. Cela vous permet de choisir l'intensit\u00e9 selon vos pr\u00e9f\u00e9rences et besoins \u2014 que vous souhaitiez une exp\u00e9rience plus douce ou une dose de nicotine plus forte.<\/p>\n<h4 data-start=\"1250\" data-end=\"1292\" data-immersive-translate-walked=\"7d506604-c5bf-4417-87dd-12aa5d39430d\">\u00c9cran LCD pour des informations en temps r\u00e9el<\/h4>\n<p class=\"\" data-start=\"1294\" data-end=\"1627\" data-immersive-translate-walked=\"7d506604-c5bf-4417-87dd-12aa5d39430d\" data-immersive-translate-paragraph=\"1\">L'\u00e9cran LCD int\u00e9gr\u00e9 est une autre fonctionnalit\u00e9 pratique de la WASPE 15000 Puff. Il affiche des informations importantes en temps r\u00e9el, comme l'\u00e9tat de charge de la batterie et la quantit\u00e9 restante d'e-liquide, vous permettant de savoir exactement o\u00f9 vous en \u00eates \u00e0 tout moment. Cela garantit une exp\u00e9rience de vapotage r\u00e9fl\u00e9chie et conviviale.<\/p>\n<h4 data-start=\"1629\" data-end=\"1674\" data-immersive-translate-walked=\"7d506604-c5bf-4417-87dd-12aa5d39430d\">Batterie durable avec option de charge rapide<\/h4>\n<p class=\"\" data-start=\"1676\" data-end=\"2046\" data-immersive-translate-walked=\"7d506604-c5bf-4417-87dd-12aa5d39430d\" data-immersive-translate-paragraph=\"1\">La cigarette \u00e9lectronique jetable WASPE 15000 Puff est \u00e9quip\u00e9e d'une batterie de 850mAh con\u00e7ue pour une utilisation prolong\u00e9e. La batterie peut \u00eatre facilement recharg\u00e9e via le port Type-C pratique, vous n'avez donc jamais \u00e0 vous soucier des d\u00e9charges soudaines. La vitesse de charge du port Type-C assure que votre appareil est rapidement pr\u00eat \u00e0 l'emploi.<\/p>\n<h4 data-start=\"2048\" data-end=\"2098\" data-immersive-translate-walked=\"7d506604-c5bf-4417-87dd-12aa5d39430d\">Technologie Mesh Coil pour un go\u00fbt intense<\/h4>\n<p class=\"\" data-start=\"2100\" data-end=\"2369\" data-immersive-translate-walked=\"7d506604-c5bf-4417-87dd-12aa5d39430d\" data-immersive-translate-paragraph=\"1\">Pour une exp\u00e9rience gustative particuli\u00e8rement intense, la technologie Mesh Coil 0,8\u03a9 utilis\u00e9e dans la WASPE 15000 Puff permet une meilleure production de vapeur et une sortie de saveur plus forte, rendant le vapotage encore plus agr\u00e9able.<\/p>\n<h4 data-start=\"2371\" data-end=\"2397\" data-immersive-translate-walked=\"7d506604-c5bf-4417-87dd-12aa5d39430d\">L\u00e9ger et confortable<\/h4>\n<p class=\"\" data-start=\"2399\" data-end=\"2651\" data-immersive-translate-walked=\"7d506604-c5bf-4417-87dd-12aa5d39430d\" data-immersive-translate-paragraph=\"1\">Avec un poids de seulement 90g par unit\u00e9, la WASPE 15000 Puff est incroyablement l\u00e9g\u00e8re et maniable. Que vous soyez en d\u00e9placement ou \u00e0 la maison pour vous d\u00e9tendre, son design compact vous permet de profiter de votre exp\u00e9rience de vapotage \u00e0 tout moment et en tout lieu.<\/p>\n<h4 data-start=\"2653\" data-end=\"2697\" data-immersive-translate-walked=\"7d506604-c5bf-4417-87dd-12aa5d39430d\">Strawberry Kiwi \u2013 La saveur parfaite<\/h4>\n<p class=\"\" data-start=\"2699\" data-end=\"3015\" data-immersive-translate-walked=\"7d506604-c5bf-4417-87dd-12aa5d39430d\" data-immersive-translate-paragraph=\"1\">La cigarette \u00e9lectronique jetable WASPE 15000 Puff est disponible en plusieurs saveurs, mais la saveur \u201cStrawberry Kiwi\u201d se distingue particuli\u00e8rement. La douceur et la fra\u00eecheur des fraises combin\u00e9es \u00e0 la note exotique du kiwi offrent une exp\u00e9rience rafra\u00eechissante et sucr\u00e9e \u00e0 chaque bouff\u00e9e.<\/p>\n<h3 data-start=\"3017\" data-end=\"3051\" data-immersive-translate-walked=\"7d506604-c5bf-4417-87dd-12aa5d39430d\">Avantages de la WASPE 15000 Bouff\u00e9es<\/h3>\n<p class=\"\" data-start=\"3053\" data-end=\"3350\" data-immersive-translate-walked=\"7d506604-c5bf-4417-87dd-12aa5d39430d\" data-immersive-translate-paragraph=\"1\">En plus de sa grande capacit\u00e9 et de ses fonctionnalit\u00e9s pratiques, la WASPE 15000 Puff offre un autre avantage majeur : l'exon\u00e9ration des taxes douani\u00e8res. Cela signifie que vous pouvez acqu\u00e9rir cette e-cigarette sans co\u00fbts suppl\u00e9mentaires de douane, ce qui rend le vapotage encore plus abordable.<\/p>\n<p class=\"\" data-start=\"3352\" data-end=\"3766\" data-immersive-translate-walked=\"7d506604-c5bf-4417-87dd-12aa5d39430d\" data-immersive-translate-paragraph=\"1\">La WASPE 15000 Puff n'est pas simplement un autre produit jetable, mais une v\u00e9ritable innovation dans le monde des e-cigarettes. Elle combine confort, technologie et plaisir dans un seul appareil, permettant aussi bien aux d\u00e9butants qu'aux vapoteurs exp\u00e9riment\u00e9s de vivre une exp\u00e9rience de vapotage parfaite. Visitez vapingnet.de pour en savoir plus sur ce produit impressionnant et le faire livrer facilement \u00e0 domicile.<\/p>","protected":false},"excerpt":{"rendered":"<p>WASPE 15000 Bouff\u00e9es : Une exp\u00e9rience r\u00e9volutionnaire pour les vapoteurs. Le monde de la vape a \u00e9volu\u00e9, et la WASPE 15000 Bouff\u00e9es cigarette \u00e9lectronique jetable fixe de nouvelles normes pour...<\/p>","protected":false},"featured_media":6739,"template":"","meta":[],"etheme_brands":[],"product_brand":[98],"product_cat":[53,49,61],"product_tag":[],"class_list":{"0":"post-6728","1":"product","2":"type-product","3":"status-publish","4":"has-post-thumbnail","6":"product_brand-waspe-vape","7":"product_cat-vape-15000-zuege","8":"product_cat-einweg-e-zigarette","9":"product_cat-f","11":"first","12":"instock","13":"shipping-taxable","14":"purchasable","15":"product-type-variable"},"yoast_head":"<!-- This site is optimized with the Yoast SEO plugin v26.5 - https:\/\/yoast.com\/wordpress\/plugins\/seo\/ -->\n<title>WASPE 15000 Puffs Strawberry Kiwi Hol Dir Den Bestseller Jetzt Zu Sparpreisen | Vapingnet.de<\/title>\n<meta name=\"description\" content=\"Entdecke WASPE 15000 Puffs Strawberry Kiwi Hol Dir Den Bestseller Jetzt Zu Sparpreisen bei vapingnet.de, \u25ba Gro\u00dfe Auswahl an Geschmacksrichtungen &amp; super g\u00fcnstig!\" \/>\n<meta name=\"robots\" content=\"index, follow, max-snippet:-1, max-image-preview:large, max-video-preview:-1\" \/>\n<link rel=\"canonical\" href=\"https:\/\/vapingnet.de\/fr\/vape\/waspe-15000-puffs-strawberry-kiwi-hol-dir-den-bestseller-jetzt-zu-sparpreisen\/\" \/>\n<meta property=\"og:locale\" content=\"fr_FR\" \/>\n<meta property=\"og:type\" content=\"article\" \/>\n<meta property=\"og:title\" content=\"WASPE 15000 Puffs Strawberry Kiwi Hol Dir Den Bestseller Jetzt Zu Sparpreisen | Vapingnet.de\" \/>\n<meta property=\"og:description\" content=\"Entdecke WASPE 15000 Puffs Strawberry Kiwi Hol Dir Den Bestseller Jetzt Zu Sparpreisen bei vapingnet.de, \u25ba Gro\u00dfe Auswahl an Geschmacksrichtungen &amp; super g\u00fcnstig!\" \/>\n<meta property=\"og:url\" content=\"https:\/\/vapingnet.de\/fr\/vape\/waspe-15000-puffs-strawberry-kiwi-hol-dir-den-bestseller-jetzt-zu-sparpreisen\/\" \/>\n<meta property=\"og:site_name\" content=\"Vapingnet.de\" \/>\n<meta property=\"article:publisher\" content=\"https:\/\/www.facebook.com\/vapingnetde\/\" \/>\n<meta property=\"article:modified_time\" content=\"2026-04-15T08:18:47+00:00\" \/>\n<meta property=\"og:image\" content=\"https:\/\/vapingnet.de\/wp-content\/uploads\/2025\/05\/Strawberry-Kiwi.webp\" \/>\n\t<meta property=\"og:image:width\" content=\"1000\" \/>\n\t<meta property=\"og:image:height\" content=\"1000\" \/>\n\t<meta property=\"og:image:type\" content=\"image\/webp\" \/>\n<meta name=\"twitter:card\" content=\"summary_large_image\" \/>\n<meta name=\"twitter:label1\" content=\"Dur\u00e9e de lecture estim\u00e9e\" \/>\n\t<meta name=\"twitter:data1\" content=\"4 minutes\" \/>\n<script type=\"application\/ld+json\" class=\"yoast-schema-graph\">{\"@context\":\"https:\/\/schema.org\",\"@graph\":[{\"@type\":\"WebPage\",\"@id\":\"https:\/\/vapingnet.de\/vape\/waspe-15000-puffs-strawberry-kiwi-hol-dir-den-bestseller-jetzt-zu-sparpreisen\/\",\"url\":\"https:\/\/vapingnet.de\/vape\/waspe-15000-puffs-strawberry-kiwi-hol-dir-den-bestseller-jetzt-zu-sparpreisen\/\",\"name\":\"WASPE 15000 Puffs Strawberry Kiwi Hol Dir Den Bestseller Jetzt Zu Sparpreisen | Vapingnet.de\",\"isPartOf\":{\"@id\":\"https:\/\/vapingnet.de\/#website\"},\"primaryImageOfPage\":{\"@id\":\"https:\/\/vapingnet.de\/vape\/waspe-15000-puffs-strawberry-kiwi-hol-dir-den-bestseller-jetzt-zu-sparpreisen\/#primaryimage\"},\"image\":{\"@id\":\"https:\/\/vapingnet.de\/vape\/waspe-15000-puffs-strawberry-kiwi-hol-dir-den-bestseller-jetzt-zu-sparpreisen\/#primaryimage\"},\"thumbnailUrl\":\"https:\/\/vapingnet.de\/wp-content\/uploads\/2025\/05\/Strawberry-Kiwi.webp\",\"datePublished\":\"2025-05-05T02:36:07+00:00\",\"dateModified\":\"2026-04-15T08:18:47+00:00\",\"description\":\"Entdecke WASPE 15000 Puffs Strawberry Kiwi Hol Dir Den Bestseller Jetzt Zu Sparpreisen bei vapingnet.de, \u25ba Gro\u00dfe Auswahl an Geschmacksrichtungen & super g\u00fcnstig!\",\"breadcrumb\":{\"@id\":\"https:\/\/vapingnet.de\/vape\/waspe-15000-puffs-strawberry-kiwi-hol-dir-den-bestseller-jetzt-zu-sparpreisen\/#breadcrumb\"},\"inLanguage\":\"fr-FR\",\"potentialAction\":[{\"@type\":\"ReadAction\",\"target\":[\"https:\/\/vapingnet.de\/vape\/waspe-15000-puffs-strawberry-kiwi-hol-dir-den-bestseller-jetzt-zu-sparpreisen\/\"]}]},{\"@type\":\"ImageObject\",\"inLanguage\":\"fr-FR\",\"@id\":\"https:\/\/vapingnet.de\/vape\/waspe-15000-puffs-strawberry-kiwi-hol-dir-den-bestseller-jetzt-zu-sparpreisen\/#primaryimage\",\"url\":\"https:\/\/vapingnet.de\/wp-content\/uploads\/2025\/05\/Strawberry-Kiwi.webp\",\"contentUrl\":\"https:\/\/vapingnet.de\/wp-content\/uploads\/2025\/05\/Strawberry-Kiwi.webp\",\"width\":1000,\"height\":1000},{\"@type\":\"BreadcrumbList\",\"@id\":\"https:\/\/vapingnet.de\/vape\/waspe-15000-puffs-strawberry-kiwi-hol-dir-den-bestseller-jetzt-zu-sparpreisen\/#breadcrumb\",\"itemListElement\":[{\"@type\":\"ListItem\",\"position\":1,\"name\":\"Home\",\"item\":\"https:\/\/vapingnet.de\/\"},{\"@type\":\"ListItem\",\"position\":2,\"name\":\"Shop\",\"item\":\"https:\/\/vapingnet.de\/vape\/\"},{\"@type\":\"ListItem\",\"position\":3,\"name\":\"WASPE 15000 Puffs Strawberry Kiwi Hol Dir Den Bestseller Jetzt Zu Sparpreisen\"}]},{\"@type\":\"WebSite\",\"@id\":\"https:\/\/vapingnet.de\/#website\",\"url\":\"https:\/\/vapingnet.de\/\",\"name\":\"Vapingnet.de\",\"description\":\"\",\"publisher\":{\"@id\":\"https:\/\/vapingnet.de\/#organization\"},\"potentialAction\":[{\"@type\":\"SearchAction\",\"target\":{\"@type\":\"EntryPoint\",\"urlTemplate\":\"https:\/\/vapingnet.de\/?s={search_term_string}\"},\"query-input\":{\"@type\":\"PropertyValueSpecification\",\"valueRequired\":true,\"valueName\":\"search_term_string\"}}],\"inLanguage\":\"fr-FR\"},{\"@type\":\"Organization\",\"@id\":\"https:\/\/vapingnet.de\/#organization\",\"name\":\"Vapingnet.de\",\"url\":\"https:\/\/vapingnet.de\/\",\"logo\":{\"@type\":\"ImageObject\",\"inLanguage\":\"fr-FR\",\"@id\":\"https:\/\/vapingnet.de\/#\/schema\/logo\/image\/\",\"url\":\"https:\/\/vapingnet.de\/wp-content\/uploads\/2025\/03\/cropped-vapingnet.de_.jpg\",\"contentUrl\":\"https:\/\/vapingnet.de\/wp-content\/uploads\/2025\/03\/cropped-vapingnet.de_.jpg\",\"width\":512,\"height\":512,\"caption\":\"Vapingnet.de\"},\"image\":{\"@id\":\"https:\/\/vapingnet.de\/#\/schema\/logo\/image\/\"},\"sameAs\":[\"https:\/\/www.facebook.com\/vapingnetde\/\"]}]}<\/script>\n<!-- \/ Yoast SEO plugin. -->","yoast_head_json":{"title":"WASPE 15000 Puffs Strawberry Kiwi Hol Dir Den Bestseller Jetzt Zu Sparpreisen | Vapingnet.de","description":"Entdecke WASPE 15000 Puffs Strawberry Kiwi Hol Dir Den Bestseller Jetzt Zu Sparpreisen bei vapingnet.de, \u25ba Gro\u00dfe Auswahl an Geschmacksrichtungen & super g\u00fcnstig!","robots":{"index":"index","follow":"follow","max-snippet":"max-snippet:-1","max-image-preview":"max-image-preview:large","max-video-preview":"max-video-preview:-1"},"canonical":"https:\/\/vapingnet.de\/fr\/vape\/waspe-15000-puffs-strawberry-kiwi-hol-dir-den-bestseller-jetzt-zu-sparpreisen\/","og_locale":"fr_FR","og_type":"article","og_title":"WASPE 15000 Puffs Strawberry Kiwi Hol Dir Den Bestseller Jetzt Zu Sparpreisen | Vapingnet.de","og_description":"Entdecke WASPE 15000 Puffs Strawberry Kiwi Hol Dir Den Bestseller Jetzt Zu Sparpreisen bei vapingnet.de, \u25ba Gro\u00dfe Auswahl an Geschmacksrichtungen & super g\u00fcnstig!","og_url":"https:\/\/vapingnet.de\/fr\/vape\/waspe-15000-puffs-strawberry-kiwi-hol-dir-den-bestseller-jetzt-zu-sparpreisen\/","og_site_name":"Vapingnet.de","article_publisher":"https:\/\/www.facebook.com\/vapingnetde\/","article_modified_time":"2026-04-15T08:18:47+00:00","og_image":[{"width":1000,"height":1000,"url":"https:\/\/vapingnet.de\/wp-content\/uploads\/2025\/05\/Strawberry-Kiwi.webp","type":"image\/webp"}],"twitter_card":"summary_large_image","twitter_misc":{"Dur\u00e9e de lecture estim\u00e9e":"4 minutes"},"schema":{"@context":"https:\/\/schema.org","@graph":[{"@type":"WebPage","@id":"https:\/\/vapingnet.de\/vape\/waspe-15000-puffs-strawberry-kiwi-hol-dir-den-bestseller-jetzt-zu-sparpreisen\/","url":"https:\/\/vapingnet.de\/vape\/waspe-15000-puffs-strawberry-kiwi-hol-dir-den-bestseller-jetzt-zu-sparpreisen\/","name":"WASPE 15000 Puffs Strawberry Kiwi Hol Dir Den Bestseller Jetzt Zu Sparpreisen | Vapingnet.de","isPartOf":{"@id":"https:\/\/vapingnet.de\/#website"},"primaryImageOfPage":{"@id":"https:\/\/vapingnet.de\/vape\/waspe-15000-puffs-strawberry-kiwi-hol-dir-den-bestseller-jetzt-zu-sparpreisen\/#primaryimage"},"image":{"@id":"https:\/\/vapingnet.de\/vape\/waspe-15000-puffs-strawberry-kiwi-hol-dir-den-bestseller-jetzt-zu-sparpreisen\/#primaryimage"},"thumbnailUrl":"https:\/\/vapingnet.de\/wp-content\/uploads\/2025\/05\/Strawberry-Kiwi.webp","datePublished":"2025-05-05T02:36:07+00:00","dateModified":"2026-04-15T08:18:47+00:00","description":"Entdecke WASPE 15000 Puffs Strawberry Kiwi Hol Dir Den Bestseller Jetzt Zu Sparpreisen bei vapingnet.de, \u25ba Gro\u00dfe Auswahl an Geschmacksrichtungen & super g\u00fcnstig!","breadcrumb":{"@id":"https:\/\/vapingnet.de\/vape\/waspe-15000-puffs-strawberry-kiwi-hol-dir-den-bestseller-jetzt-zu-sparpreisen\/#breadcrumb"},"inLanguage":"fr-FR","potentialAction":[{"@type":"ReadAction","target":["https:\/\/vapingnet.de\/vape\/waspe-15000-puffs-strawberry-kiwi-hol-dir-den-bestseller-jetzt-zu-sparpreisen\/"]}]},{"@type":"ImageObject","inLanguage":"fr-FR","@id":"https:\/\/vapingnet.de\/vape\/waspe-15000-puffs-strawberry-kiwi-hol-dir-den-bestseller-jetzt-zu-sparpreisen\/#primaryimage","url":"https:\/\/vapingnet.de\/wp-content\/uploads\/2025\/05\/Strawberry-Kiwi.webp","contentUrl":"https:\/\/vapingnet.de\/wp-content\/uploads\/2025\/05\/Strawberry-Kiwi.webp","width":1000,"height":1000},{"@type":"BreadcrumbList","@id":"https:\/\/vapingnet.de\/vape\/waspe-15000-puffs-strawberry-kiwi-hol-dir-den-bestseller-jetzt-zu-sparpreisen\/#breadcrumb","itemListElement":[{"@type":"ListItem","position":1,"name":"Home","item":"https:\/\/vapingnet.de\/"},{"@type":"ListItem","position":2,"name":"Shop","item":"https:\/\/vapingnet.de\/vape\/"},{"@type":"ListItem","position":3,"name":"WASPE 15000 Puffs Strawberry Kiwi Hol Dir Den Bestseller Jetzt Zu Sparpreisen"}]},{"@type":"WebSite","@id":"https:\/\/vapingnet.de\/#website","url":"https:\/\/vapingnet.de\/","name":"Vapingnet.de","description":"","publisher":{"@id":"https:\/\/vapingnet.de\/#organization"},"potentialAction":[{"@type":"SearchAction","target":{"@type":"EntryPoint","urlTemplate":"https:\/\/vapingnet.de\/?s={search_term_string}"},"query-input":{"@type":"PropertyValueSpecification","valueRequired":true,"valueName":"search_term_string"}}],"inLanguage":"fr-FR"},{"@type":"Organization","@id":"https:\/\/vapingnet.de\/#organization","name":"Vapingnet.de","url":"https:\/\/vapingnet.de\/","logo":{"@type":"ImageObject","inLanguage":"fr-FR","@id":"https:\/\/vapingnet.de\/#\/schema\/logo\/image\/","url":"https:\/\/vapingnet.de\/wp-content\/uploads\/2025\/03\/cropped-vapingnet.de_.jpg","contentUrl":"https:\/\/vapingnet.de\/wp-content\/uploads\/2025\/03\/cropped-vapingnet.de_.jpg","width":512,"height":512,"caption":"Vapingnet.de"},"image":{"@id":"https:\/\/vapingnet.de\/#\/schema\/logo\/image\/"},"sameAs":["https:\/\/www.facebook.com\/vapingnetde\/"]}]}},"tiered_pricing_type":"fixed","tiered_pricing_fixed_rules":[],"tiered_pricing_product_settings":{"layout":"default","base_unit_name":{"singular":null,"plural":null},"default_variation":null},"tiered_pricing_minimum_quantity":null,"tiered_pricing_roles_data":[],"tiered_pricing_percentage_rules":[],"_links":{"self":[{"href":"https:\/\/vapingnet.de\/fr\/wp-json\/wp\/v2\/product\/6728","targetHints":{"allow":["GET"]}}],"collection":[{"href":"https:\/\/vapingnet.de\/fr\/wp-json\/wp\/v2\/product"}],"about":[{"href":"https:\/\/vapingnet.de\/fr\/wp-json\/wp\/v2\/types\/product"}],"version-history":[{"count":2,"href":"https:\/\/vapingnet.de\/fr\/wp-json\/wp\/v2\/product\/6728\/revisions"}],"predecessor-version":[{"id":6750,"href":"https:\/\/vapingnet.de\/fr\/wp-json\/wp\/v2\/product\/6728\/revisions\/6750"}],"wp:featuredmedia":[{"embeddable":true,"href":"https:\/\/vapingnet.de\/fr\/wp-json\/wp\/v2\/media\/6739"}],"wp:attachment":[{"href":"https:\/\/vapingnet.de\/fr\/wp-json\/wp\/v2\/media?parent=6728"}],"wp:term":[{"taxonomy":"brand","embeddable":true,"href":"https:\/\/vapingnet.de\/fr\/wp-json\/wp\/v2\/etheme_brands?post=6728"},{"taxonomy":"product_brand","embeddable":true,"href":"https:\/\/vapingnet.de\/fr\/wp-json\/wp\/v2\/product_brand?post=6728"},{"taxonomy":"product_cat","embeddable":true,"href":"https:\/\/vapingnet.de\/fr\/wp-json\/wp\/v2\/product_cat?post=6728"},{"taxonomy":"product_tag","embeddable":true,"href":"https:\/\/vapingnet.de\/fr\/wp-json\/wp\/v2\/product_tag?post=6728"}],"curies":[{"name":"wp","href":"https:\/\/api.w.org\/{rel}","templated":true}]}}