{"id":6729,"date":"2025-05-05T02:36:08","date_gmt":"2025-05-05T02:36:08","guid":{"rendered":"https:\/\/vapingnet.de\/?post_type=product&#038;p=6729"},"modified":"2026-04-15T07:44:54","modified_gmt":"2026-04-15T07:44:54","slug":"sichere-dir-dein-exklusives-angebot-waspe-15000-puffs-cherry-lce-jetzt-bestellen","status":"publish","type":"product","link":"https:\/\/vapingnet.de\/fr\/vape\/sichere-dir-dein-exklusives-angebot-waspe-15000-puffs-cherry-lce-jetzt-bestellen\/","title":{"rendered":"Saisissez votre offre exclusive WASPE 15000 Puffs Cherry Ice Commandez maintenant"},"content":{"rendered":"<h2 data-start=\"0\" data-end=\"74\" data-immersive-translate-walked=\"0c9587e3-e3f3-4bff-9ca5-b9415f1b705f\">WASPE 15000 Bouff\u00e9es : Une r\u00e9volution dans le monde des cigarettes \u00e9lectroniques jetables<\/h2>\n<p class=\"\" data-start=\"76\" data-end=\"443\" data-immersive-translate-walked=\"0c9587e3-e3f3-4bff-9ca5-b9415f1b705f\" data-immersive-translate-paragraph=\"1\">La WASPE 15000 Bouff\u00e9es offre tout ce que les vapoteurs modernes attendent d'une cigarette \u00e9lectronique : une capacit\u00e9 exceptionnellement \u00e9lev\u00e9e, des forces de nicotine polyvalentes, un design innovant et une utilisation conviviale. Pour tous ceux qui recherchent une exp\u00e9rience de vapotage pratique, puissante et intens\u00e9ment savoureuse, ce mod\u00e8le est un choix parfait.<\/p>\n<h3 class=\"\" data-start=\"445\" data-end=\"487\" data-immersive-translate-walked=\"0c9587e3-e3f3-4bff-9ca5-b9415f1b705f\">Caract\u00e9ristiques principales de la WASPE 15000 Bouff\u00e9es<\/h3>\n<ul data-start=\"489\" data-end=\"1113\" data-immersive-translate-walked=\"0c9587e3-e3f3-4bff-9ca5-b9415f1b705f\">\n<li class=\"\" data-start=\"489\" data-end=\"581\" data-immersive-translate-walked=\"0c9587e3-e3f3-4bff-9ca5-b9415f1b705f\">\n<p class=\"\" data-start=\"491\" data-end=\"581\" data-immersive-translate-walked=\"0c9587e3-e3f3-4bff-9ca5-b9415f1b705f\" data-immersive-translate-paragraph=\"1\">Capacit\u00e9 de bouff\u00e9e : 15 000 inhalations, pour un plaisir continu sur une longue p\u00e9riode.<\/p>\n<\/li>\n<li class=\"\" data-start=\"582\" data-end=\"665\" data-immersive-translate-walked=\"0c9587e3-e3f3-4bff-9ca5-b9415f1b705f\">\n<p class=\"\" data-start=\"584\" data-end=\"665\" data-immersive-translate-walked=\"0c9587e3-e3f3-4bff-9ca5-b9415f1b705f\" data-immersive-translate-paragraph=\"1\">Capacit\u00e9 de liquide : 22 ml pour vapoter longtemps sans recharger fr\u00e9quemment.<\/p>\n<\/li>\n<li class=\"\" data-start=\"666\" data-end=\"760\" data-immersive-translate-walked=\"0c9587e3-e3f3-4bff-9ca5-b9415f1b705f\">\n<p class=\"\" data-start=\"668\" data-end=\"760\" data-immersive-translate-walked=\"0c9587e3-e3f3-4bff-9ca5-b9415f1b705f\" data-immersive-translate-paragraph=\"1\">\u00c9cran LCD : Fournit des informations actuelles telles que le niveau de liquide et l'\u00e9tat de la batterie.<\/p>\n<\/li>\n<li class=\"\" data-start=\"761\" data-end=\"845\" data-immersive-translate-walked=\"0c9587e3-e3f3-4bff-9ca5-b9415f1b705f\">\n<p class=\"\" data-start=\"763\" data-end=\"845\" data-immersive-translate-walked=\"0c9587e3-e3f3-4bff-9ca5-b9415f1b705f\" data-immersive-translate-paragraph=\"1\">Forces de nicotine : 0%, 2%, 3%, 5%, pour une exp\u00e9rience de vapotage personnalis\u00e9e.<\/p>\n<\/li>\n<li class=\"\" data-start=\"846\" data-end=\"915\" data-immersive-translate-walked=\"0c9587e3-e3f3-4bff-9ca5-b9415f1b705f\">\n<p class=\"\" data-start=\"848\" data-end=\"915\" data-immersive-translate-walked=\"0c9587e3-e3f3-4bff-9ca5-b9415f1b705f\" data-immersive-translate-paragraph=\"1\">Mesh-Coil : 0,8\u03a9 pour un vapeur plus intense et des inhalations savoureuses.<\/p>\n<\/li>\n<li class=\"\" data-start=\"916\" data-end=\"1035\" data-immersive-translate-walked=\"0c9587e3-e3f3-4bff-9ca5-b9415f1b705f\">\n<p class=\"\" data-start=\"918\" data-end=\"1035\" data-immersive-translate-walked=\"0c9587e3-e3f3-4bff-9ca5-b9415f1b705f\" data-immersive-translate-paragraph=\"1\">Batterie rechargeable : Batterie de 850mAh pour une utilisation prolong\u00e9e et un processus de charge rapide via le port Type-C.<\/p>\n<\/li>\n<li class=\"\" data-start=\"1036\" data-end=\"1113\" data-immersive-translate-walked=\"0c9587e3-e3f3-4bff-9ca5-b9415f1b705f\">\n<p class=\"\" data-start=\"1038\" data-end=\"1113\" data-immersive-translate-walked=\"0c9587e3-e3f3-4bff-9ca5-b9415f1b705f\" data-immersive-translate-paragraph=\"1\">Poids : 90g par appareil, l\u00e9ger et maniable pour une utilisation quotidienne.<\/p>\n<\/li>\n<\/ul>\n<h4 data-start=\"1115\" data-end=\"1170\" data-immersive-translate-walked=\"0c9587e3-e3f3-4bff-9ca5-b9415f1b705f\">Grande capacit\u00e9 pour une exp\u00e9rience durable<\/h4>\n<p class=\"\" data-start=\"1172\" data-end=\"1513\" data-immersive-translate-walked=\"0c9587e3-e3f3-4bff-9ca5-b9415f1b705f\" data-immersive-translate-paragraph=\"1\">Avec 15 000 inhalations, la WASPE 15000 Bouff\u00e9es offre une dur\u00e9e de vie remarquable par rapport aux cigarettes \u00e9lectroniques jetables classiques. La grande capacit\u00e9 de liquide de 22 ml garantit que vous n'avez pas \u00e0 vous soucier de recharges fr\u00e9quentes. Pour les vapoteurs souhaitant une exp\u00e9rience longue, c'est un avantage pr\u00e9cieux.<\/p>\n<h4 data-start=\"1515\" data-end=\"1548\" data-immersive-translate-walked=\"0c9587e3-e3f3-4bff-9ca5-b9415f1b705f\">Forces de nicotine ajustables<\/h4>\n<p class=\"\" data-start=\"1550\" data-end=\"1802\" data-immersive-translate-walked=\"0c9587e3-e3f3-4bff-9ca5-b9415f1b705f\" data-immersive-translate-paragraph=\"1\">Que vous pr\u00e9f\u00e9riez un vapotage doux ou une absorption de nicotine plus forte \u2013 la WASPE 15000 Bouff\u00e9es propose diff\u00e9rentes forces de nicotine : 0%, 2%, 3% et 5%. Cette flexibilit\u00e9 assure que chaque vapoteur trouve l'exp\u00e9rience qui lui convient.<\/p>\n<h4 data-start=\"1804\" data-end=\"1847\" data-immersive-translate-walked=\"0c9587e3-e3f3-4bff-9ca5-b9415f1b705f\">\u00c9cran LCD : Informations en temps r\u00e9el<\/h4>\n<p class=\"\" data-start=\"1849\" data-end=\"2126\" data-immersive-translate-walked=\"0c9587e3-e3f3-4bff-9ca5-b9415f1b705f\" data-immersive-translate-paragraph=\"1\">L'\u00e9cran LCD vous permet de rester inform\u00e9 \u00e0 tout moment. Il affiche non seulement le niveau de liquide restant, mais aussi l'\u00e9tat de charge de la batterie. Ainsi, vous pouvez utiliser votre cigarette \u00e9lectronique efficacement et savoir quand il est temps de recharger ou de charger la batterie.<\/p>\n<h4 data-start=\"2128\" data-end=\"2171\" data-immersive-translate-walked=\"0c9587e3-e3f3-4bff-9ca5-b9415f1b705f\">Recharge rapide gr\u00e2ce au port Type-C<\/h4>\n<p class=\"\" data-start=\"2173\" data-end=\"2406\" data-immersive-translate-walked=\"0c9587e3-e3f3-4bff-9ca5-b9415f1b705f\" data-immersive-translate-paragraph=\"1\">La WASPE 15000 Bouff\u00e9es est \u00e9quip\u00e9e d'une batterie rechargeable de 850mAh, assurant une utilisation prolong\u00e9e. Le port Type-C permet une recharge rapide, \u00e9vitant ainsi de longues attentes.<\/p>\n<h4 data-start=\"2408\" data-end=\"2452\" data-immersive-translate-walked=\"0c9587e3-e3f3-4bff-9ca5-b9415f1b705f\">Mesh-Coil pour un go\u00fbt plus intense<\/h4>\n<p class=\"\" data-start=\"2454\" data-end=\"2700\" data-immersive-translate-walked=\"0c9587e3-e3f3-4bff-9ca5-b9415f1b705f\" data-immersive-translate-paragraph=\"1\">Gr\u00e2ce \u00e0 la technologie Mesh-Coil de 0,8\u03a9, le go\u00fbt est intensifi\u00e9 \u00e0 chaque inhalation. Cette technologie avanc\u00e9e de la bobine garantit une distribution uniforme de la vapeur, produisant un go\u00fbt constant, intense et clair.<\/p>\n<h4 data-start=\"2702\" data-end=\"2746\" data-immersive-translate-walked=\"0c9587e3-e3f3-4bff-9ca5-b9415f1b705f\">Fruit\u00e9e et rafra\u00eechissante : Cherry Ice<\/h4>\n<p class=\"\" data-start=\"2748\" data-end=\"2941\" data-immersive-translate-walked=\"0c9587e3-e3f3-4bff-9ca5-b9415f1b705f\" data-immersive-translate-paragraph=\"1\">Le go\u00fbt \u00ab Cherry Ice \u00bb combine les saveurs sucr\u00e9es et fruit\u00e9es des cerises avec une fra\u00eecheur rafra\u00eechissante. Cela offre une exp\u00e9rience de vapotage rafra\u00eechissante, rendant chaque inhalation agr\u00e9able et revigorante.<\/p>\n<h4 data-start=\"2943\" data-end=\"2985\" data-immersive-translate-walked=\"0c9587e3-e3f3-4bff-9ca5-b9415f1b705f\">Livraison pratique et sans droits de douane<\/h4>\n<p class=\"\" data-start=\"2987\" data-end=\"3211\" data-immersive-translate-walked=\"0c9587e3-e3f3-4bff-9ca5-b9415f1b705f\" data-immersive-translate-paragraph=\"1\">Avec la WASPE 15000 Puffs, vous obtenez un produit de haute qualit\u00e9 que vous pouvez commander directement sur vapingnet.de sans frais de douane suppl\u00e9mentaires. La livraison rapide garantit que vous recevrez votre cigarette \u00e9lectronique rapidement.<\/p>\n<h3>Aper\u00e7u des avantages essentiels<\/h3>\n<ul data-start=\"3256\" data-end=\"3733\" data-immersive-translate-walked=\"0c9587e3-e3f3-4bff-9ca5-b9415f1b705f\">\n<li class=\"\" data-start=\"3256\" data-end=\"3345\" data-immersive-translate-walked=\"0c9587e3-e3f3-4bff-9ca5-b9415f1b705f\">\n<p class=\"\" data-start=\"3258\" data-end=\"3345\" data-immersive-translate-walked=\"0c9587e3-e3f3-4bff-9ca5-b9415f1b705f\" data-immersive-translate-paragraph=\"1\">Longue dur\u00e9e de vie : 15 000 bouff\u00e9es et capacit\u00e9 de 22 ml de liquide pour un plaisir \u00e0 long terme.<\/p>\n<\/li>\n<li class=\"\" data-start=\"3346\" data-end=\"3431\" data-immersive-translate-walked=\"0c9587e3-e3f3-4bff-9ca5-b9415f1b705f\">\n<p class=\"\" data-start=\"3348\" data-end=\"3431\" data-immersive-translate-walked=\"0c9587e3-e3f3-4bff-9ca5-b9415f1b705f\" data-immersive-translate-paragraph=\"1\">Informations en temps r\u00e9el : \u00e9cran LCD affichant le niveau de liquide et la batterie.<\/p>\n<\/li>\n<li class=\"\" data-start=\"3432\" data-end=\"3519\" data-immersive-translate-walked=\"0c9587e3-e3f3-4bff-9ca5-b9415f1b705f\">\n<p class=\"\" data-start=\"3434\" data-end=\"3519\" data-immersive-translate-walked=\"0c9587e3-e3f3-4bff-9ca5-b9415f1b705f\" data-immersive-translate-paragraph=\"1\">Diff\u00e9rentes forces de nicotine : 0%, 2%, 3%, 5% pour des exp\u00e9riences personnalisables.<\/p>\n<\/li>\n<li class=\"\" data-start=\"3520\" data-end=\"3589\" data-immersive-translate-walked=\"0c9587e3-e3f3-4bff-9ca5-b9415f1b705f\">\n<p class=\"\" data-start=\"3522\" data-end=\"3589\" data-immersive-translate-walked=\"0c9587e3-e3f3-4bff-9ca5-b9415f1b705f\" data-immersive-translate-paragraph=\"1\">Technologie de coil en mesh : offre une vapeur et une saveur plus intenses.<\/p>\n<\/li>\n<li class=\"\" data-start=\"3590\" data-end=\"3656\" data-immersive-translate-walked=\"0c9587e3-e3f3-4bff-9ca5-b9415f1b705f\">\n<p class=\"\" data-start=\"3592\" data-end=\"3656\" data-immersive-translate-walked=\"0c9587e3-e3f3-4bff-9ca5-b9415f1b705f\" data-immersive-translate-paragraph=\"1\">Recharge rapide : connecteur Type-C pour une recharge rapide.<\/p>\n<\/li>\n<li class=\"\" data-start=\"3657\" data-end=\"3733\" data-immersive-translate-walked=\"0c9587e3-e3f3-4bff-9ca5-b9415f1b705f\">\n<p class=\"\" data-start=\"3659\" data-end=\"3733\" data-immersive-translate-walked=\"0c9587e3-e3f3-4bff-9ca5-b9415f1b705f\" data-immersive-translate-paragraph=\"1\">Livraison sans droits de douane : exp\u00e9dition simple et rapide sur vapingnet.de.<\/p>\n<\/li>\n<\/ul>\n<p class=\"\" data-start=\"3735\" data-end=\"3983\" data-immersive-translate-walked=\"0c9587e3-e3f3-4bff-9ca5-b9415f1b705f\" data-immersive-translate-paragraph=\"1\">La WASPE 15000 Puffs est le choix id\u00e9al pour les vapoteurs \u00e0 la recherche d'une cigarette \u00e9lectronique durable, performante et au go\u00fbt intense. Commandez d\u00e8s maintenant sur vapingnet.de et d\u00e9couvrez une nouvelle exp\u00e9rience de vapotage.<\/p>","protected":false},"excerpt":{"rendered":"<p>WASPE 15000 Puffs: Eine Revolution in der Welt der Einweg-E-Zigaretten Die WASPE 15000 Puffs bietet alles, was moderne Dampfer von einer E-Zigarette erwarten: eine au\u00dfergew\u00f6hnlich&#8230;<\/p>","protected":false},"featured_media":6734,"template":"","meta":[],"etheme_brands":[],"product_brand":[98],"product_cat":[53,49,61],"product_tag":[],"class_list":{"0":"post-6729","1":"product","2":"type-product","3":"status-publish","4":"has-post-thumbnail","6":"product_brand-waspe-vape","7":"product_cat-vape-15000-zuege","8":"product_cat-einweg-e-zigarette","9":"product_cat-f","11":"first","12":"instock","13":"shipping-taxable","14":"purchasable","15":"product-type-variable"},"yoast_head":"<!-- This site is optimized with the Yoast SEO plugin v26.5 - https:\/\/yoast.com\/wordpress\/plugins\/seo\/ -->\n<title>Sichere Dir Dein Exklusives Angebot WASPE 15000 Puffs Cherry lce Jetzt Bestellen | Vapingnet.de<\/title>\n<meta name=\"description\" content=\"Entdecke Sichere Dir Dein Exklusives Angebot WASPE 15000 Puffs Cherry lce Jetzt Bestellen bei vapingnet.de, \u25ba Gro\u00dfe Auswahl an Geschmacksrichtungen &amp; super g\u00fcnstig!\" \/>\n<meta name=\"robots\" content=\"index, follow, max-snippet:-1, max-image-preview:large, max-video-preview:-1\" \/>\n<link rel=\"canonical\" href=\"https:\/\/vapingnet.de\/fr\/vape\/sichere-dir-dein-exklusives-angebot-waspe-15000-puffs-cherry-lce-jetzt-bestellen\/\" \/>\n<meta property=\"og:locale\" content=\"fr_FR\" \/>\n<meta property=\"og:type\" content=\"article\" \/>\n<meta property=\"og:title\" content=\"Sichere Dir Dein Exklusives Angebot WASPE 15000 Puffs Cherry lce Jetzt Bestellen | Vapingnet.de\" \/>\n<meta property=\"og:description\" content=\"Entdecke Sichere Dir Dein Exklusives Angebot WASPE 15000 Puffs Cherry lce Jetzt Bestellen bei vapingnet.de, \u25ba Gro\u00dfe Auswahl an Geschmacksrichtungen &amp; super g\u00fcnstig!\" \/>\n<meta property=\"og:url\" content=\"https:\/\/vapingnet.de\/fr\/vape\/sichere-dir-dein-exklusives-angebot-waspe-15000-puffs-cherry-lce-jetzt-bestellen\/\" \/>\n<meta property=\"og:site_name\" content=\"Vapingnet.de\" \/>\n<meta property=\"article:publisher\" content=\"https:\/\/www.facebook.com\/vapingnetde\/\" \/>\n<meta property=\"article:modified_time\" content=\"2026-04-15T07:44:54+00:00\" \/>\n<meta property=\"og:image\" content=\"https:\/\/vapingnet.de\/wp-content\/uploads\/2025\/05\/Cherry-lce.webp\" \/>\n\t<meta property=\"og:image:width\" content=\"1000\" \/>\n\t<meta property=\"og:image:height\" content=\"1000\" \/>\n\t<meta property=\"og:image:type\" content=\"image\/webp\" \/>\n<meta name=\"twitter:card\" content=\"summary_large_image\" \/>\n<meta name=\"twitter:label1\" content=\"Dur\u00e9e de lecture estim\u00e9e\" \/>\n\t<meta name=\"twitter:data1\" content=\"3 minutes\" \/>\n<script type=\"application\/ld+json\" class=\"yoast-schema-graph\">{\"@context\":\"https:\/\/schema.org\",\"@graph\":[{\"@type\":\"WebPage\",\"@id\":\"https:\/\/vapingnet.de\/vape\/sichere-dir-dein-exklusives-angebot-waspe-15000-puffs-cherry-lce-jetzt-bestellen\/\",\"url\":\"https:\/\/vapingnet.de\/vape\/sichere-dir-dein-exklusives-angebot-waspe-15000-puffs-cherry-lce-jetzt-bestellen\/\",\"name\":\"Sichere Dir Dein Exklusives Angebot WASPE 15000 Puffs Cherry lce Jetzt Bestellen | Vapingnet.de\",\"isPartOf\":{\"@id\":\"https:\/\/vapingnet.de\/#website\"},\"primaryImageOfPage\":{\"@id\":\"https:\/\/vapingnet.de\/vape\/sichere-dir-dein-exklusives-angebot-waspe-15000-puffs-cherry-lce-jetzt-bestellen\/#primaryimage\"},\"image\":{\"@id\":\"https:\/\/vapingnet.de\/vape\/sichere-dir-dein-exklusives-angebot-waspe-15000-puffs-cherry-lce-jetzt-bestellen\/#primaryimage\"},\"thumbnailUrl\":\"https:\/\/vapingnet.de\/wp-content\/uploads\/2025\/05\/Cherry-lce.webp\",\"datePublished\":\"2025-05-05T02:36:08+00:00\",\"dateModified\":\"2026-04-15T07:44:54+00:00\",\"description\":\"Entdecke Sichere Dir Dein Exklusives Angebot WASPE 15000 Puffs Cherry lce Jetzt Bestellen bei vapingnet.de, \u25ba Gro\u00dfe Auswahl an Geschmacksrichtungen & super g\u00fcnstig!\",\"breadcrumb\":{\"@id\":\"https:\/\/vapingnet.de\/vape\/sichere-dir-dein-exklusives-angebot-waspe-15000-puffs-cherry-lce-jetzt-bestellen\/#breadcrumb\"},\"inLanguage\":\"fr-FR\",\"potentialAction\":[{\"@type\":\"ReadAction\",\"target\":[\"https:\/\/vapingnet.de\/vape\/sichere-dir-dein-exklusives-angebot-waspe-15000-puffs-cherry-lce-jetzt-bestellen\/\"]}]},{\"@type\":\"ImageObject\",\"inLanguage\":\"fr-FR\",\"@id\":\"https:\/\/vapingnet.de\/vape\/sichere-dir-dein-exklusives-angebot-waspe-15000-puffs-cherry-lce-jetzt-bestellen\/#primaryimage\",\"url\":\"https:\/\/vapingnet.de\/wp-content\/uploads\/2025\/05\/Cherry-lce.webp\",\"contentUrl\":\"https:\/\/vapingnet.de\/wp-content\/uploads\/2025\/05\/Cherry-lce.webp\",\"width\":1000,\"height\":1000},{\"@type\":\"BreadcrumbList\",\"@id\":\"https:\/\/vapingnet.de\/vape\/sichere-dir-dein-exklusives-angebot-waspe-15000-puffs-cherry-lce-jetzt-bestellen\/#breadcrumb\",\"itemListElement\":[{\"@type\":\"ListItem\",\"position\":1,\"name\":\"Home\",\"item\":\"https:\/\/vapingnet.de\/\"},{\"@type\":\"ListItem\",\"position\":2,\"name\":\"Shop\",\"item\":\"https:\/\/vapingnet.de\/vape\/\"},{\"@type\":\"ListItem\",\"position\":3,\"name\":\"Sichere Dir Dein Exklusives Angebot WASPE 15000 Puffs Cherry lce Jetzt Bestellen\"}]},{\"@type\":\"WebSite\",\"@id\":\"https:\/\/vapingnet.de\/#website\",\"url\":\"https:\/\/vapingnet.de\/\",\"name\":\"Vapingnet.de\",\"description\":\"\",\"publisher\":{\"@id\":\"https:\/\/vapingnet.de\/#organization\"},\"potentialAction\":[{\"@type\":\"SearchAction\",\"target\":{\"@type\":\"EntryPoint\",\"urlTemplate\":\"https:\/\/vapingnet.de\/?s={search_term_string}\"},\"query-input\":{\"@type\":\"PropertyValueSpecification\",\"valueRequired\":true,\"valueName\":\"search_term_string\"}}],\"inLanguage\":\"fr-FR\"},{\"@type\":\"Organization\",\"@id\":\"https:\/\/vapingnet.de\/#organization\",\"name\":\"Vapingnet.de\",\"url\":\"https:\/\/vapingnet.de\/\",\"logo\":{\"@type\":\"ImageObject\",\"inLanguage\":\"fr-FR\",\"@id\":\"https:\/\/vapingnet.de\/#\/schema\/logo\/image\/\",\"url\":\"https:\/\/vapingnet.de\/wp-content\/uploads\/2025\/03\/cropped-vapingnet.de_.jpg\",\"contentUrl\":\"https:\/\/vapingnet.de\/wp-content\/uploads\/2025\/03\/cropped-vapingnet.de_.jpg\",\"width\":512,\"height\":512,\"caption\":\"Vapingnet.de\"},\"image\":{\"@id\":\"https:\/\/vapingnet.de\/#\/schema\/logo\/image\/\"},\"sameAs\":[\"https:\/\/www.facebook.com\/vapingnetde\/\"]}]}<\/script>\n<!-- \/ Yoast SEO plugin. -->","yoast_head_json":{"title":"Sichere Dir Dein Exklusives Angebot WASPE 15000 Puffs Cherry lce Jetzt Bestellen | Vapingnet.de","description":"Entdecke Sichere Dir Dein Exklusives Angebot WASPE 15000 Puffs Cherry lce Jetzt Bestellen bei vapingnet.de, \u25ba Gro\u00dfe Auswahl an Geschmacksrichtungen & super g\u00fcnstig!","robots":{"index":"index","follow":"follow","max-snippet":"max-snippet:-1","max-image-preview":"max-image-preview:large","max-video-preview":"max-video-preview:-1"},"canonical":"https:\/\/vapingnet.de\/fr\/vape\/sichere-dir-dein-exklusives-angebot-waspe-15000-puffs-cherry-lce-jetzt-bestellen\/","og_locale":"fr_FR","og_type":"article","og_title":"Sichere Dir Dein Exklusives Angebot WASPE 15000 Puffs Cherry lce Jetzt Bestellen | Vapingnet.de","og_description":"Entdecke Sichere Dir Dein Exklusives Angebot WASPE 15000 Puffs Cherry lce Jetzt Bestellen bei vapingnet.de, \u25ba Gro\u00dfe Auswahl an Geschmacksrichtungen & super g\u00fcnstig!","og_url":"https:\/\/vapingnet.de\/fr\/vape\/sichere-dir-dein-exklusives-angebot-waspe-15000-puffs-cherry-lce-jetzt-bestellen\/","og_site_name":"Vapingnet.de","article_publisher":"https:\/\/www.facebook.com\/vapingnetde\/","article_modified_time":"2026-04-15T07:44:54+00:00","og_image":[{"width":1000,"height":1000,"url":"https:\/\/vapingnet.de\/wp-content\/uploads\/2025\/05\/Cherry-lce.webp","type":"image\/webp"}],"twitter_card":"summary_large_image","twitter_misc":{"Dur\u00e9e de lecture estim\u00e9e":"3 minutes"},"schema":{"@context":"https:\/\/schema.org","@graph":[{"@type":"WebPage","@id":"https:\/\/vapingnet.de\/vape\/sichere-dir-dein-exklusives-angebot-waspe-15000-puffs-cherry-lce-jetzt-bestellen\/","url":"https:\/\/vapingnet.de\/vape\/sichere-dir-dein-exklusives-angebot-waspe-15000-puffs-cherry-lce-jetzt-bestellen\/","name":"Sichere Dir Dein Exklusives Angebot WASPE 15000 Puffs Cherry lce Jetzt Bestellen | Vapingnet.de","isPartOf":{"@id":"https:\/\/vapingnet.de\/#website"},"primaryImageOfPage":{"@id":"https:\/\/vapingnet.de\/vape\/sichere-dir-dein-exklusives-angebot-waspe-15000-puffs-cherry-lce-jetzt-bestellen\/#primaryimage"},"image":{"@id":"https:\/\/vapingnet.de\/vape\/sichere-dir-dein-exklusives-angebot-waspe-15000-puffs-cherry-lce-jetzt-bestellen\/#primaryimage"},"thumbnailUrl":"https:\/\/vapingnet.de\/wp-content\/uploads\/2025\/05\/Cherry-lce.webp","datePublished":"2025-05-05T02:36:08+00:00","dateModified":"2026-04-15T07:44:54+00:00","description":"Entdecke Sichere Dir Dein Exklusives Angebot WASPE 15000 Puffs Cherry lce Jetzt Bestellen bei vapingnet.de, \u25ba Gro\u00dfe Auswahl an Geschmacksrichtungen & super g\u00fcnstig!","breadcrumb":{"@id":"https:\/\/vapingnet.de\/vape\/sichere-dir-dein-exklusives-angebot-waspe-15000-puffs-cherry-lce-jetzt-bestellen\/#breadcrumb"},"inLanguage":"fr-FR","potentialAction":[{"@type":"ReadAction","target":["https:\/\/vapingnet.de\/vape\/sichere-dir-dein-exklusives-angebot-waspe-15000-puffs-cherry-lce-jetzt-bestellen\/"]}]},{"@type":"ImageObject","inLanguage":"fr-FR","@id":"https:\/\/vapingnet.de\/vape\/sichere-dir-dein-exklusives-angebot-waspe-15000-puffs-cherry-lce-jetzt-bestellen\/#primaryimage","url":"https:\/\/vapingnet.de\/wp-content\/uploads\/2025\/05\/Cherry-lce.webp","contentUrl":"https:\/\/vapingnet.de\/wp-content\/uploads\/2025\/05\/Cherry-lce.webp","width":1000,"height":1000},{"@type":"BreadcrumbList","@id":"https:\/\/vapingnet.de\/vape\/sichere-dir-dein-exklusives-angebot-waspe-15000-puffs-cherry-lce-jetzt-bestellen\/#breadcrumb","itemListElement":[{"@type":"ListItem","position":1,"name":"Home","item":"https:\/\/vapingnet.de\/"},{"@type":"ListItem","position":2,"name":"Shop","item":"https:\/\/vapingnet.de\/vape\/"},{"@type":"ListItem","position":3,"name":"Sichere Dir Dein Exklusives Angebot WASPE 15000 Puffs Cherry lce Jetzt Bestellen"}]},{"@type":"WebSite","@id":"https:\/\/vapingnet.de\/#website","url":"https:\/\/vapingnet.de\/","name":"Vapingnet.de","description":"","publisher":{"@id":"https:\/\/vapingnet.de\/#organization"},"potentialAction":[{"@type":"SearchAction","target":{"@type":"EntryPoint","urlTemplate":"https:\/\/vapingnet.de\/?s={search_term_string}"},"query-input":{"@type":"PropertyValueSpecification","valueRequired":true,"valueName":"search_term_string"}}],"inLanguage":"fr-FR"},{"@type":"Organization","@id":"https:\/\/vapingnet.de\/#organization","name":"Vapingnet.de","url":"https:\/\/vapingnet.de\/","logo":{"@type":"ImageObject","inLanguage":"fr-FR","@id":"https:\/\/vapingnet.de\/#\/schema\/logo\/image\/","url":"https:\/\/vapingnet.de\/wp-content\/uploads\/2025\/03\/cropped-vapingnet.de_.jpg","contentUrl":"https:\/\/vapingnet.de\/wp-content\/uploads\/2025\/03\/cropped-vapingnet.de_.jpg","width":512,"height":512,"caption":"Vapingnet.de"},"image":{"@id":"https:\/\/vapingnet.de\/#\/schema\/logo\/image\/"},"sameAs":["https:\/\/www.facebook.com\/vapingnetde\/"]}]}},"tiered_pricing_type":"fixed","tiered_pricing_fixed_rules":[],"tiered_pricing_product_settings":{"layout":"default","base_unit_name":{"singular":null,"plural":null},"default_variation":null},"tiered_pricing_minimum_quantity":null,"tiered_pricing_roles_data":[],"tiered_pricing_percentage_rules":[],"_links":{"self":[{"href":"https:\/\/vapingnet.de\/fr\/wp-json\/wp\/v2\/product\/6729","targetHints":{"allow":["GET"]}}],"collection":[{"href":"https:\/\/vapingnet.de\/fr\/wp-json\/wp\/v2\/product"}],"about":[{"href":"https:\/\/vapingnet.de\/fr\/wp-json\/wp\/v2\/types\/product"}],"version-history":[{"count":1,"href":"https:\/\/vapingnet.de\/fr\/wp-json\/wp\/v2\/product\/6729\/revisions"}],"predecessor-version":[{"id":6751,"href":"https:\/\/vapingnet.de\/fr\/wp-json\/wp\/v2\/product\/6729\/revisions\/6751"}],"wp:featuredmedia":[{"embeddable":true,"href":"https:\/\/vapingnet.de\/fr\/wp-json\/wp\/v2\/media\/6734"}],"wp:attachment":[{"href":"https:\/\/vapingnet.de\/fr\/wp-json\/wp\/v2\/media?parent=6729"}],"wp:term":[{"taxonomy":"brand","embeddable":true,"href":"https:\/\/vapingnet.de\/fr\/wp-json\/wp\/v2\/etheme_brands?post=6729"},{"taxonomy":"product_brand","embeddable":true,"href":"https:\/\/vapingnet.de\/fr\/wp-json\/wp\/v2\/product_brand?post=6729"},{"taxonomy":"product_cat","embeddable":true,"href":"https:\/\/vapingnet.de\/fr\/wp-json\/wp\/v2\/product_cat?post=6729"},{"taxonomy":"product_tag","embeddable":true,"href":"https:\/\/vapingnet.de\/fr\/wp-json\/wp\/v2\/product_tag?post=6729"}],"curies":[{"name":"wp","href":"https:\/\/api.w.org\/{rel}","templated":true}]}}