{"id":6753,"date":"2025-05-05T03:22:12","date_gmt":"2025-05-05T03:22:12","guid":{"rendered":"https:\/\/vapingnet.de\/?post_type=product&#038;p=6753"},"modified":"2026-04-15T07:43:48","modified_gmt":"2026-04-15T07:43:48","slug":"top-angebot-waspe-15000-puffs-mixed-berries-bestellen-und-sofort-geniessen","status":"publish","type":"product","link":"https:\/\/vapingnet.de\/fr\/vape\/top-angebot-waspe-15000-puffs-mixed-berries-bestellen-und-sofort-geniessen\/","title":{"rendered":"Offre exceptionnelle WASPE 15000 Puffs Mixed Berries Commandez et profitez imm\u00e9diatement"},"content":{"rendered":"<h2 data-start=\"0\" data-end=\"74\" data-immersive-translate-walked=\"48bfa72a-cc87-435c-8bc4-c1dbef65f075\">D\u00e9couvrez le WASPE 15000 Bouff\u00e9es \u2013 Une exp\u00e9rience de vapeur parfaite avec Mixed Berries<\/h2>\n<p class=\"\" data-start=\"76\" data-end=\"446\" data-immersive-translate-paragraph=\"1\" data-immersive-translate-walked=\"48bfa72a-cc87-435c-8bc4-c1dbef65f075\">Le WASPE 15000 Bouff\u00e9es marque une nouvelle \u00e8re dans le domaine des cigarettes \u00e9lectroniques jetables et impressionne par ses performances exceptionnelles. Avec un r\u00e9servoir de e-liquide de 22 ml et une capacit\u00e9 de 15 000 bouff\u00e9es, ce mod\u00e8le offre des sessions de vapotage exceptionnellement longues sans interruption. Parfait pour les longues journ\u00e9es ou une utilisation en d\u00e9placement.<\/p>\n<h4 data-start=\"448\" data-end=\"519\" data-immersive-translate-paragraph=\"1\" data-immersive-translate-walked=\"48bfa72a-cc87-435c-8bc4-c1dbef65f075\">Innovations technologiques pour une exp\u00e9rience de vapotage in\u00e9gal\u00e9e<\/h4>\n<p class=\"\" data-start=\"521\" data-end=\"879\" data-immersive-translate-paragraph=\"1\" data-immersive-translate-walked=\"48bfa72a-cc87-435c-8bc4-c1dbef65f075\">Le WASPE 15000 Bouff\u00e9es est \u00e9quip\u00e9 de la technologie innovante Mesh Coil, qui, avec une r\u00e9sistance de 0,8\u03a9, am\u00e9liore la production de vapeur et intensifie la diffusion des saveurs. Que vous soyez d\u00e9butant ou vapoteur exp\u00e9riment\u00e9 \u2013 le go\u00fbt Mixed Berries vous s\u00e9duira par sa fruit\u00e9 et sa complexit\u00e9.<\/p>\n<p class=\"\" data-start=\"881\" data-end=\"1191\" data-immersive-translate-paragraph=\"1\" data-immersive-translate-walked=\"48bfa72a-cc87-435c-8bc4-c1dbef65f075\">L'int\u00e9gration d'un \u00e9cran LCD rend le WASPE 15000 particuli\u00e8rement convivial. Il affiche toutes les informations pertinentes telles que l'\u00e9tat de la batterie et le nombre de bouff\u00e9es en temps r\u00e9el. Ainsi, vous avez toujours une vue d'ensemble du nombre de bouff\u00e9es restantes et du moment de recharger l'appareil.<\/p>\n<h4 data-start=\"1193\" data-end=\"1240\" data-immersive-translate-paragraph=\"1\" data-immersive-translate-walked=\"48bfa72a-cc87-435c-8bc4-c1dbef65f075\">Utilisation pratique et performance durable<\/h4>\n<p class=\"\" data-start=\"1242\" data-end=\"1494\" data-immersive-translate-paragraph=\"1\" data-immersive-translate-walked=\"48bfa72a-cc87-435c-8bc4-c1dbef65f075\">Le WASPE 15000 Bouff\u00e9es est livr\u00e9 avec une batterie rechargeable de 850mAh, facilement et rapidement rechargeable via le port Type-C. L'appareil reste ainsi toujours pr\u00eat \u00e0 l'emploi et garantit une performance constante pendant de nombreuses heures.<\/p>\n<p class=\"\" data-start=\"1496\" data-end=\"1793\" data-immersive-translate-paragraph=\"1\" data-immersive-translate-walked=\"48bfa72a-cc87-435c-8bc4-c1dbef65f075\">Gr\u00e2ce \u00e0 son design compact et \u00e0 son poids l\u00e9ger de seulement 90g, le WASPE 15000 Bouff\u00e9es n'est pas seulement puissant, mais aussi tr\u00e8s portable et agr\u00e9able \u00e0 manipuler. La batterie assure une longue dur\u00e9e de vie et une performance \u00e9lev\u00e9e constante tout au long de l'utilisation.<\/p>\n<h4 data-start=\"1795\" data-end=\"1827\" data-immersive-translate-paragraph=\"1\" data-immersive-translate-walked=\"48bfa72a-cc87-435c-8bc4-c1dbef65f075\">Parfait pour tous les besoins<\/h4>\n<p class=\"\" data-start=\"1829\" data-end=\"1986\" data-immersive-translate-paragraph=\"1\" data-immersive-translate-walked=\"48bfa72a-cc87-435c-8bc4-c1dbef65f075\">Le WASPE 15000 Bouff\u00e9es est disponible en quatre niveaux de nicotine \u2013 0%, 2%, 3% et 5%, vous permettant de l'adapter selon vos pr\u00e9f\u00e9rences personnelles.<\/p>\n<p class=\"\" data-start=\"1988\" data-end=\"2222\" data-immersive-translate-paragraph=\"1\" data-immersive-translate-walked=\"48bfa72a-cc87-435c-8bc4-c1dbef65f075\">Commandez le WASPE 15000 Bouff\u00e9es sur vapingnet.fr et profitez de commandes sans taxes. Une excellente fa\u00e7on de savourer des cigarettes \u00e9lectroniques de haute qualit\u00e9 sans vous soucier des co\u00fbts suppl\u00e9mentaires.<\/p>\n<h3>Plaisir in\u00e9gal\u00e9 avec le WASPE 15000 Bouff\u00e9es<\/h3>\n<p class=\"\" data-start=\"2235\" data-end=\"2481\" data-immersive-translate-paragraph=\"1\" data-immersive-translate-walked=\"48bfa72a-cc87-435c-8bc4-c1dbef65f075\">Que ce soit pour une utilisation quotidienne ou des sessions de vapotage prolong\u00e9es, le WASPE 15000 Bouff\u00e9es vous offre une exp\u00e9rience de vapotage exceptionnelle. La saveur Mixed Berries procure une sensation rafra\u00eechissante et fruit\u00e9e, qui ne devient jamais ennuyeuse.<\/p>\n<p class=\"\" data-start=\"2483\" data-end=\"2607\" data-immersive-translate-paragraph=\"1\" data-immersive-translate-walked=\"48bfa72a-cc87-435c-8bc4-c1dbef65f075\">Int\u00e9ress\u00e9 par d'autres produits ou diff\u00e9rentes saveurs ? Visitez notre site pour plus d'informations !<\/p>","protected":false},"excerpt":{"rendered":"<p>Vivez l'exp\u00e9rience WASPE 15000 Bouff\u00e9es \u2013 Plaisir de vapeur parfait avec Fruits M\u00e9lang\u00e9s, La WASPE 15000 Bouff\u00e9es marque une nouvelle \u00e8re dans le domaine des e-cigarettes jetables...<\/p>","protected":false},"featured_media":6736,"template":"","meta":[],"etheme_brands":[],"product_brand":[98],"product_cat":[53,49,61],"product_tag":[],"class_list":{"0":"post-6753","1":"product","2":"type-product","3":"status-publish","4":"has-post-thumbnail","6":"product_brand-waspe-vape","7":"product_cat-vape-15000-zuege","8":"product_cat-einweg-e-zigarette","9":"product_cat-f","11":"first","12":"instock","13":"shipping-taxable","14":"purchasable","15":"product-type-variable"},"yoast_head":"<!-- This site is optimized with the Yoast SEO plugin v26.5 - https:\/\/yoast.com\/wordpress\/plugins\/seo\/ -->\n<title>Top Angebot WASPE 15000 Puffs Mixed Berries Bestellen Und Sofort Genie\u00dfen | Vapingnet.de<\/title>\n<meta name=\"description\" content=\"Entdecke Top Angebot WASPE 15000 Puffs Mixed Berries Bestellen Und Sofort Genie\u00dfen bei vapingnet.de, \u25ba Gro\u00dfe Auswahl an Geschmacksrichtungen &amp; super g\u00fcnstig!\" \/>\n<meta name=\"robots\" content=\"index, follow, max-snippet:-1, max-image-preview:large, max-video-preview:-1\" \/>\n<link rel=\"canonical\" href=\"https:\/\/vapingnet.de\/fr\/vape\/top-angebot-waspe-15000-puffs-mixed-berries-bestellen-und-sofort-geniessen\/\" \/>\n<meta property=\"og:locale\" content=\"fr_FR\" \/>\n<meta property=\"og:type\" content=\"article\" \/>\n<meta property=\"og:title\" content=\"Top Angebot WASPE 15000 Puffs Mixed Berries Bestellen Und Sofort Genie\u00dfen | Vapingnet.de\" \/>\n<meta property=\"og:description\" content=\"Entdecke Top Angebot WASPE 15000 Puffs Mixed Berries Bestellen Und Sofort Genie\u00dfen bei vapingnet.de, \u25ba Gro\u00dfe Auswahl an Geschmacksrichtungen &amp; super g\u00fcnstig!\" \/>\n<meta property=\"og:url\" content=\"https:\/\/vapingnet.de\/fr\/vape\/top-angebot-waspe-15000-puffs-mixed-berries-bestellen-und-sofort-geniessen\/\" \/>\n<meta property=\"og:site_name\" content=\"Vapingnet.de\" \/>\n<meta property=\"article:publisher\" content=\"https:\/\/www.facebook.com\/vapingnetde\/\" \/>\n<meta property=\"article:modified_time\" content=\"2026-04-15T07:43:48+00:00\" \/>\n<meta property=\"og:image\" content=\"https:\/\/vapingnet.de\/wp-content\/uploads\/2025\/05\/Mixed-Berries.webp\" \/>\n\t<meta property=\"og:image:width\" content=\"1000\" \/>\n\t<meta property=\"og:image:height\" content=\"1000\" \/>\n\t<meta property=\"og:image:type\" content=\"image\/webp\" \/>\n<meta name=\"twitter:card\" content=\"summary_large_image\" \/>\n<meta name=\"twitter:label1\" content=\"Dur\u00e9e de lecture estim\u00e9e\" \/>\n\t<meta name=\"twitter:data1\" content=\"3 minutes\" \/>\n<script type=\"application\/ld+json\" class=\"yoast-schema-graph\">{\"@context\":\"https:\/\/schema.org\",\"@graph\":[{\"@type\":\"WebPage\",\"@id\":\"https:\/\/vapingnet.de\/vape\/top-angebot-waspe-15000-puffs-mixed-berries-bestellen-und-sofort-geniessen\/\",\"url\":\"https:\/\/vapingnet.de\/vape\/top-angebot-waspe-15000-puffs-mixed-berries-bestellen-und-sofort-geniessen\/\",\"name\":\"Top Angebot WASPE 15000 Puffs Mixed Berries Bestellen Und Sofort Genie\u00dfen | Vapingnet.de\",\"isPartOf\":{\"@id\":\"https:\/\/vapingnet.de\/#website\"},\"primaryImageOfPage\":{\"@id\":\"https:\/\/vapingnet.de\/vape\/top-angebot-waspe-15000-puffs-mixed-berries-bestellen-und-sofort-geniessen\/#primaryimage\"},\"image\":{\"@id\":\"https:\/\/vapingnet.de\/vape\/top-angebot-waspe-15000-puffs-mixed-berries-bestellen-und-sofort-geniessen\/#primaryimage\"},\"thumbnailUrl\":\"https:\/\/vapingnet.de\/wp-content\/uploads\/2025\/05\/Mixed-Berries.webp\",\"datePublished\":\"2025-05-05T03:22:12+00:00\",\"dateModified\":\"2026-04-15T07:43:48+00:00\",\"description\":\"Entdecke Top Angebot WASPE 15000 Puffs Mixed Berries Bestellen Und Sofort Genie\u00dfen bei vapingnet.de, \u25ba Gro\u00dfe Auswahl an Geschmacksrichtungen & super g\u00fcnstig!\",\"breadcrumb\":{\"@id\":\"https:\/\/vapingnet.de\/vape\/top-angebot-waspe-15000-puffs-mixed-berries-bestellen-und-sofort-geniessen\/#breadcrumb\"},\"inLanguage\":\"fr-FR\",\"potentialAction\":[{\"@type\":\"ReadAction\",\"target\":[\"https:\/\/vapingnet.de\/vape\/top-angebot-waspe-15000-puffs-mixed-berries-bestellen-und-sofort-geniessen\/\"]}]},{\"@type\":\"ImageObject\",\"inLanguage\":\"fr-FR\",\"@id\":\"https:\/\/vapingnet.de\/vape\/top-angebot-waspe-15000-puffs-mixed-berries-bestellen-und-sofort-geniessen\/#primaryimage\",\"url\":\"https:\/\/vapingnet.de\/wp-content\/uploads\/2025\/05\/Mixed-Berries.webp\",\"contentUrl\":\"https:\/\/vapingnet.de\/wp-content\/uploads\/2025\/05\/Mixed-Berries.webp\",\"width\":1000,\"height\":1000},{\"@type\":\"BreadcrumbList\",\"@id\":\"https:\/\/vapingnet.de\/vape\/top-angebot-waspe-15000-puffs-mixed-berries-bestellen-und-sofort-geniessen\/#breadcrumb\",\"itemListElement\":[{\"@type\":\"ListItem\",\"position\":1,\"name\":\"Home\",\"item\":\"https:\/\/vapingnet.de\/\"},{\"@type\":\"ListItem\",\"position\":2,\"name\":\"Shop\",\"item\":\"https:\/\/vapingnet.de\/vape\/\"},{\"@type\":\"ListItem\",\"position\":3,\"name\":\"Top Angebot WASPE 15000 Puffs Mixed Berries Bestellen Und Sofort Genie\u00dfen\"}]},{\"@type\":\"WebSite\",\"@id\":\"https:\/\/vapingnet.de\/#website\",\"url\":\"https:\/\/vapingnet.de\/\",\"name\":\"Vapingnet.de\",\"description\":\"\",\"publisher\":{\"@id\":\"https:\/\/vapingnet.de\/#organization\"},\"potentialAction\":[{\"@type\":\"SearchAction\",\"target\":{\"@type\":\"EntryPoint\",\"urlTemplate\":\"https:\/\/vapingnet.de\/?s={search_term_string}\"},\"query-input\":{\"@type\":\"PropertyValueSpecification\",\"valueRequired\":true,\"valueName\":\"search_term_string\"}}],\"inLanguage\":\"fr-FR\"},{\"@type\":\"Organization\",\"@id\":\"https:\/\/vapingnet.de\/#organization\",\"name\":\"Vapingnet.de\",\"url\":\"https:\/\/vapingnet.de\/\",\"logo\":{\"@type\":\"ImageObject\",\"inLanguage\":\"fr-FR\",\"@id\":\"https:\/\/vapingnet.de\/#\/schema\/logo\/image\/\",\"url\":\"https:\/\/vapingnet.de\/wp-content\/uploads\/2025\/03\/cropped-vapingnet.de_.jpg\",\"contentUrl\":\"https:\/\/vapingnet.de\/wp-content\/uploads\/2025\/03\/cropped-vapingnet.de_.jpg\",\"width\":512,\"height\":512,\"caption\":\"Vapingnet.de\"},\"image\":{\"@id\":\"https:\/\/vapingnet.de\/#\/schema\/logo\/image\/\"},\"sameAs\":[\"https:\/\/www.facebook.com\/vapingnetde\/\"]}]}<\/script>\n<!-- \/ Yoast SEO plugin. -->","yoast_head_json":{"title":"Top Angebot WASPE 15000 Puffs Mixed Berries Bestellen Und Sofort Genie\u00dfen | Vapingnet.de","description":"Entdecke Top Angebot WASPE 15000 Puffs Mixed Berries Bestellen Und Sofort Genie\u00dfen bei vapingnet.de, \u25ba Gro\u00dfe Auswahl an Geschmacksrichtungen & super g\u00fcnstig!","robots":{"index":"index","follow":"follow","max-snippet":"max-snippet:-1","max-image-preview":"max-image-preview:large","max-video-preview":"max-video-preview:-1"},"canonical":"https:\/\/vapingnet.de\/fr\/vape\/top-angebot-waspe-15000-puffs-mixed-berries-bestellen-und-sofort-geniessen\/","og_locale":"fr_FR","og_type":"article","og_title":"Top Angebot WASPE 15000 Puffs Mixed Berries Bestellen Und Sofort Genie\u00dfen | Vapingnet.de","og_description":"Entdecke Top Angebot WASPE 15000 Puffs Mixed Berries Bestellen Und Sofort Genie\u00dfen bei vapingnet.de, \u25ba Gro\u00dfe Auswahl an Geschmacksrichtungen & super g\u00fcnstig!","og_url":"https:\/\/vapingnet.de\/fr\/vape\/top-angebot-waspe-15000-puffs-mixed-berries-bestellen-und-sofort-geniessen\/","og_site_name":"Vapingnet.de","article_publisher":"https:\/\/www.facebook.com\/vapingnetde\/","article_modified_time":"2026-04-15T07:43:48+00:00","og_image":[{"width":1000,"height":1000,"url":"https:\/\/vapingnet.de\/wp-content\/uploads\/2025\/05\/Mixed-Berries.webp","type":"image\/webp"}],"twitter_card":"summary_large_image","twitter_misc":{"Dur\u00e9e de lecture estim\u00e9e":"3 minutes"},"schema":{"@context":"https:\/\/schema.org","@graph":[{"@type":"WebPage","@id":"https:\/\/vapingnet.de\/vape\/top-angebot-waspe-15000-puffs-mixed-berries-bestellen-und-sofort-geniessen\/","url":"https:\/\/vapingnet.de\/vape\/top-angebot-waspe-15000-puffs-mixed-berries-bestellen-und-sofort-geniessen\/","name":"Top Angebot WASPE 15000 Puffs Mixed Berries Bestellen Und Sofort Genie\u00dfen | Vapingnet.de","isPartOf":{"@id":"https:\/\/vapingnet.de\/#website"},"primaryImageOfPage":{"@id":"https:\/\/vapingnet.de\/vape\/top-angebot-waspe-15000-puffs-mixed-berries-bestellen-und-sofort-geniessen\/#primaryimage"},"image":{"@id":"https:\/\/vapingnet.de\/vape\/top-angebot-waspe-15000-puffs-mixed-berries-bestellen-und-sofort-geniessen\/#primaryimage"},"thumbnailUrl":"https:\/\/vapingnet.de\/wp-content\/uploads\/2025\/05\/Mixed-Berries.webp","datePublished":"2025-05-05T03:22:12+00:00","dateModified":"2026-04-15T07:43:48+00:00","description":"Entdecke Top Angebot WASPE 15000 Puffs Mixed Berries Bestellen Und Sofort Genie\u00dfen bei vapingnet.de, \u25ba Gro\u00dfe Auswahl an Geschmacksrichtungen & super g\u00fcnstig!","breadcrumb":{"@id":"https:\/\/vapingnet.de\/vape\/top-angebot-waspe-15000-puffs-mixed-berries-bestellen-und-sofort-geniessen\/#breadcrumb"},"inLanguage":"fr-FR","potentialAction":[{"@type":"ReadAction","target":["https:\/\/vapingnet.de\/vape\/top-angebot-waspe-15000-puffs-mixed-berries-bestellen-und-sofort-geniessen\/"]}]},{"@type":"ImageObject","inLanguage":"fr-FR","@id":"https:\/\/vapingnet.de\/vape\/top-angebot-waspe-15000-puffs-mixed-berries-bestellen-und-sofort-geniessen\/#primaryimage","url":"https:\/\/vapingnet.de\/wp-content\/uploads\/2025\/05\/Mixed-Berries.webp","contentUrl":"https:\/\/vapingnet.de\/wp-content\/uploads\/2025\/05\/Mixed-Berries.webp","width":1000,"height":1000},{"@type":"BreadcrumbList","@id":"https:\/\/vapingnet.de\/vape\/top-angebot-waspe-15000-puffs-mixed-berries-bestellen-und-sofort-geniessen\/#breadcrumb","itemListElement":[{"@type":"ListItem","position":1,"name":"Home","item":"https:\/\/vapingnet.de\/"},{"@type":"ListItem","position":2,"name":"Shop","item":"https:\/\/vapingnet.de\/vape\/"},{"@type":"ListItem","position":3,"name":"Top Angebot WASPE 15000 Puffs Mixed Berries Bestellen Und Sofort Genie\u00dfen"}]},{"@type":"WebSite","@id":"https:\/\/vapingnet.de\/#website","url":"https:\/\/vapingnet.de\/","name":"Vapingnet.de","description":"","publisher":{"@id":"https:\/\/vapingnet.de\/#organization"},"potentialAction":[{"@type":"SearchAction","target":{"@type":"EntryPoint","urlTemplate":"https:\/\/vapingnet.de\/?s={search_term_string}"},"query-input":{"@type":"PropertyValueSpecification","valueRequired":true,"valueName":"search_term_string"}}],"inLanguage":"fr-FR"},{"@type":"Organization","@id":"https:\/\/vapingnet.de\/#organization","name":"Vapingnet.de","url":"https:\/\/vapingnet.de\/","logo":{"@type":"ImageObject","inLanguage":"fr-FR","@id":"https:\/\/vapingnet.de\/#\/schema\/logo\/image\/","url":"https:\/\/vapingnet.de\/wp-content\/uploads\/2025\/03\/cropped-vapingnet.de_.jpg","contentUrl":"https:\/\/vapingnet.de\/wp-content\/uploads\/2025\/03\/cropped-vapingnet.de_.jpg","width":512,"height":512,"caption":"Vapingnet.de"},"image":{"@id":"https:\/\/vapingnet.de\/#\/schema\/logo\/image\/"},"sameAs":["https:\/\/www.facebook.com\/vapingnetde\/"]}]}},"tiered_pricing_type":"fixed","tiered_pricing_fixed_rules":[],"tiered_pricing_product_settings":{"layout":"default","base_unit_name":{"singular":null,"plural":null},"default_variation":null},"tiered_pricing_minimum_quantity":null,"tiered_pricing_roles_data":[],"tiered_pricing_percentage_rules":[],"_links":{"self":[{"href":"https:\/\/vapingnet.de\/fr\/wp-json\/wp\/v2\/product\/6753","targetHints":{"allow":["GET"]}}],"collection":[{"href":"https:\/\/vapingnet.de\/fr\/wp-json\/wp\/v2\/product"}],"about":[{"href":"https:\/\/vapingnet.de\/fr\/wp-json\/wp\/v2\/types\/product"}],"version-history":[{"count":2,"href":"https:\/\/vapingnet.de\/fr\/wp-json\/wp\/v2\/product\/6753\/revisions"}],"predecessor-version":[{"id":6764,"href":"https:\/\/vapingnet.de\/fr\/wp-json\/wp\/v2\/product\/6753\/revisions\/6764"}],"wp:featuredmedia":[{"embeddable":true,"href":"https:\/\/vapingnet.de\/fr\/wp-json\/wp\/v2\/media\/6736"}],"wp:attachment":[{"href":"https:\/\/vapingnet.de\/fr\/wp-json\/wp\/v2\/media?parent=6753"}],"wp:term":[{"taxonomy":"brand","embeddable":true,"href":"https:\/\/vapingnet.de\/fr\/wp-json\/wp\/v2\/etheme_brands?post=6753"},{"taxonomy":"product_brand","embeddable":true,"href":"https:\/\/vapingnet.de\/fr\/wp-json\/wp\/v2\/product_brand?post=6753"},{"taxonomy":"product_cat","embeddable":true,"href":"https:\/\/vapingnet.de\/fr\/wp-json\/wp\/v2\/product_cat?post=6753"},{"taxonomy":"product_tag","embeddable":true,"href":"https:\/\/vapingnet.de\/fr\/wp-json\/wp\/v2\/product_tag?post=6753"}],"curies":[{"name":"wp","href":"https:\/\/api.w.org\/{rel}","templated":true}]}}